{"id":81584,"date":"2025-06-05T09:54:15","date_gmt":"2025-06-05T07:54:15","guid":{"rendered":"https:\/\/magnetarmagnets.com\/?post_type=product&#038;p=81584"},"modified":"2026-04-04T09:03:35","modified_gmt":"2026-04-04T07:03:35","slug":"kalapuugirodi-komplekt-1-0-280-kg-easy-allround-360","status":"publish","type":"product","link":"https:\/\/magnetarmagnets.com\/et\/shop\/kalapuugirodi-komplekt-1-0-280-kg-easy-allround-360\/","title":{"rendered":"Magnetp\u00fc\u00fcgipulga komplekt 1.0 \u2013 280 kg \u2013 Easy \u2013 360\u00b0 allround"},"content":{"rendered":"<ul>\n \t<li style=\"font-weight: 400;\"><span style=\"font-weight: 400;\">Eriti pikk magnetp\u00fc\u00fcgipulk: 3 meetrit (3&#215;1 meeter)<\/span><\/li>\n \t<li style=\"font-weight: 400;\"><span style=\"font-weight: 400;\">Kiire kokkupanek\/lahtiv\u00f5tmine<\/span><\/li>\n \t<li style=\"font-weight: 400;\"><span style=\"font-weight: 400;\">T\u00e4ielikult ette valmistatud magnetp\u00fc\u00fcgiks<\/span><\/li>\n \t<li style=\"font-weight: 400;\"><span style=\"font-weight: 400;\">Alumiiniumist pulk, ei roosteta ja on eriti kerge<\/span><\/li>\n \t<li style=\"font-weight: 400;\"><span style=\"font-weight: 400;\">T\u00e4iuslik kaal: 1,3 kg \/ 2,9 lb<\/span><\/li>\n \t<li style=\"font-weight: 400;\"><span style=\"font-weight: 400;\">Lihtne transportida<\/span><\/li>\n \t<li style=\"font-weight: 400;\"><span style=\"font-weight: 400;\">Sisaldab hoiukotti<\/span><\/li>\n \t<li style=\"font-weight: 400;\"><span style=\"font-weight: 400;\">N\u00f6\u00f6ri kinnitamiseks m\u00f5eldud kinnitusvahendid on kaasas<\/span><\/li>\n \t<li style=\"font-weight: 400;\"><span style=\"font-weight: 400;\">Lisapaketi allahindlus!<\/span><\/li>\n<\/ul>\n\n<strong>Kas soovid kasutada tugevamat magnetit oma magnetp\u00fc\u00fcgipulgal? Tutvu meie pokepulga komplektiga 2!<\/strong>\n\n<span style=\"font-weight: 400;\">Kas soovid alustada magnetp\u00fc\u00fcgiga ja otsid \u00f5igeid vahendeid? Sel juhul on pokepulga komplekt ideaalne valik! Komplekt sisaldab \u2018Lange Jan\u2019 magnetp\u00fc\u00fcgipulka, Easy otsingumagnetit, vetth\u00fclgavaid kindaid, lukustusliimi ja hoiukotti. \u2018Lange Jan\u2019 abil j\u00f5uad mudasse s\u00fcgavamale kui tavap\u00e4rase n\u00f6\u00f6riga, seega on esemete leidmise t\u00f5en\u00e4osus suurem. Kas soovid veest k\u00f5ike v\u00e4lja p\u00fc\u00fcda v\u00f5i otsid mitmekesisust magnetp\u00fc\u00fcgis? Siis on see \u00f5ige valik.<\/span>\n\n<strong>Pokepulk magnetp\u00fc\u00fcgiks?<\/strong>\n\n<span style=\"font-weight: 400;\">T\u00f5en\u00e4oliselt oled tuttav magnetp\u00fc\u00fcgiga n\u00f6\u00f6ri abil, aga kas oled kuulnud magnetp\u00fc\u00fcgist pokepulga abil? See on lihtsam viis j\u00f5uda esemiteni, mis on s\u00fcgaval mudas v\u00f5i rohurohus. N\u00f6\u00f6riga magnetp\u00fc\u00fcgil ei saa sa kunagi esemeid mudasse meetri s\u00fcgavusele, kuid Magnetari pokepulgaga saad. Kas soovid, et need aardeid j\u00e4\u00e4ksid varjatuks? V\u00f5i soovid kasutada meie pokepulga ja magneti kombinatsiooni, et k\u00f5ik aarded v\u00e4lja v\u00f5tta?<\/span>\n\nKl\u00f5psa, et vaadata kasulikku <a href=\"https:\/\/www.youtube.com\/watch?v=zK9xbaohgCw\">\u00f5petusvideot magnetp\u00fc\u00fcgipulga kokkupanekuks<\/a>.\n\n<h2><b>Kaitsekate<\/b><\/h2>\n\nPaketti kuuluva kaitsekate on ideaalne aksessuaar magnetp\u00fc\u00fcdjatele, kes soovivad oma neod\u00fc\u00fcmmagneteid kasutamise ajal kaitsta. Need vastupidavad katted on spetsiaalselt disainitud, et sobida t\u00e4pselt magnetile ja pakkuda lisakihti kaitset kriimustuste, pragude ja muude kahjustuste eest. Meie kaitsekatted on vastupidavad ja taluvad ka keerukaid tingimusi. Kate on valmistatud roostevabast terasest, tagades magneti 360\u00b0 magnetilisuse s\u00e4ilimise. Meie kaitsekatetega v\u00f5id nautida magnetp\u00fc\u00fcki muretult, ilma et peaksid muretsema oma v\u00e4\u00e4rtusliku p\u00fc\u00fcgimagneti kahjustamise p\u00e4rast.\n\n(Pange t\u00e4hele, et kate ei kata magneti p\u00f5hjaosa.)","protected":false},"excerpt":{"rendered":"<p>Kas soovid magnetp\u00fc\u00fcgiga tegutseda <strong>t\u00e4psusega<\/strong>? Seda saad teha <strong>Magnetp\u00fc\u00fcgipulga komplektiga 1.0<\/strong>! <strong>\u00dchenda<\/strong> 360\u00b0 allround Easy neod\u00fc\u00fcmmagnet meie Magnetp\u00fc\u00fcgipulgaga.<\/p>\n","protected":false},"featured_media":74052,"comment_status":"open","ping_status":"closed","template":"","meta":{"_acf_changed":false,"inline_featured_image":false},"product_brand":[],"product_cat":[480,473,476,481,482],"product_tag":[],"class_list":{"0":"post-81584","1":"product","2":"type-product","3":"status-publish","4":"has-post-thumbnail","6":"product_cat-kit-per-la-pesca-magnetica","7":"product_cat-magneti-da-pesca","8":"product_cat-magneti-da-pesca-360-allround","9":"product_cat-per-avventurieri-esperti","10":"product_cat-per-principianti-e-bambini","12":"first","13":"instock","14":"sale","15":"taxable","16":"shipping-taxable","17":"purchasable","18":"product-type-simple"},"acf":[],"yoast_head":"<!-- This site is optimized with the Yoast SEO plugin v27.3 - https:\/\/yoast.com\/product\/yoast-seo-wordpress\/ -->\n<title>Magnetp\u00fc\u00fcgipulga komplekt 1.0 \u2013 280 kg \u2013 Easy \u2013 360\u00b0 allround - Magnet fishing with a Magnetar fishing magnet<\/title>\n<meta name=\"description\" content=\"Magnetp\u00fc\u00fcgipulga komplekt 1.0 \u2013 280 kg Easy \u2013 Magnetar\" \/>\n<meta name=\"robots\" content=\"index, follow, max-snippet:-1, max-image-preview:large, max-video-preview:-1\" \/>\n<link rel=\"canonical\" href=\"https:\/\/magnetarmagnets.com\/et\/shop\/kalapuugirodi-komplekt-1-0-280-kg-easy-allround-360\/\" \/>\n<meta property=\"og:locale\" content=\"et_EE\" \/>\n<meta property=\"og:type\" content=\"article\" \/>\n<meta property=\"og:title\" content=\"Magnetp\u00fc\u00fcgipulga komplekt 1.0 \u2013 280 kg \u2013 Easy \u2013 360\u00b0 allround - Magnet fishing with a Magnetar fishing magnet\" \/>\n<meta property=\"og:description\" content=\"Magnetp\u00fc\u00fcgipulga komplekt 1.0 \u2013 280 kg Easy \u2013 Magnetar\" \/>\n<meta property=\"og:url\" content=\"https:\/\/magnetarmagnets.com\/et\/shop\/kalapuugirodi-komplekt-1-0-280-kg-easy-allround-360\/\" \/>\n<meta property=\"og:site_name\" content=\"Magnet fishing with a Magnetar fishing magnet\" \/>\n<meta property=\"article:publisher\" content=\"https:\/\/www.facebook.com\/fishingmagnets\/\" \/>\n<meta property=\"article:modified_time\" content=\"2026-04-04T07:03:35+00:00\" \/>\n<meta property=\"og:image\" content=\"https:\/\/magnetarmagnets.com\/wp-content\/uploads\/2019\/06\/deep-seeker-package-1.jpg\" \/>\n\t<meta property=\"og:image:width\" content=\"1500\" \/>\n\t<meta property=\"og:image:height\" content=\"1500\" \/>\n\t<meta property=\"og:image:type\" content=\"image\/jpeg\" \/>\n<meta name=\"twitter:card\" content=\"summary_large_image\" \/>\n<meta name=\"twitter:label1\" content=\"Est. reading time\" \/>\n\t<meta name=\"twitter:data1\" content=\"2 minutit\" \/>\n<script type=\"application\/ld+json\" class=\"yoast-schema-graph\">{\"@context\":\"https:\\\/\\\/schema.org\",\"@graph\":[{\"@type\":[\"WebPage\",\"ItemPage\"],\"@id\":\"https:\\\/\\\/magnetarmagnets.com\\\/et\\\/shop\\\/kalapuugirodi-komplekt-1-0-280-kg-easy-allround-360\\\/\",\"url\":\"https:\\\/\\\/magnetarmagnets.com\\\/et\\\/shop\\\/kalapuugirodi-komplekt-1-0-280-kg-easy-allround-360\\\/\",\"name\":\"Magnetp\u00fc\u00fcgipulga komplekt 1.0 \u2013 280 kg \u2013 Easy \u2013 360\u00b0 allround - Magnet fishing with a Magnetar fishing magnet\",\"isPartOf\":{\"@id\":\"https:\\\/\\\/magnetarmagnets.com\\\/et\\\/#website\"},\"primaryImageOfPage\":{\"@id\":\"https:\\\/\\\/magnetarmagnets.com\\\/et\\\/shop\\\/kalapuugirodi-komplekt-1-0-280-kg-easy-allround-360\\\/#primaryimage\"},\"image\":{\"@id\":\"https:\\\/\\\/magnetarmagnets.com\\\/et\\\/shop\\\/kalapuugirodi-komplekt-1-0-280-kg-easy-allround-360\\\/#primaryimage\"},\"thumbnailUrl\":\"https:\\\/\\\/magnetarmagnets.com\\\/wp-content\\\/uploads\\\/2019\\\/06\\\/deep-seeker-package-1.jpg\",\"datePublished\":\"2025-06-05T07:54:15+00:00\",\"dateModified\":\"2026-04-04T07:03:35+00:00\",\"description\":\"Magnetp\u00fc\u00fcgipulga komplekt 1.0 \u2013 280 kg Easy \u2013 Magnetar\",\"breadcrumb\":{\"@id\":\"https:\\\/\\\/magnetarmagnets.com\\\/et\\\/shop\\\/kalapuugirodi-komplekt-1-0-280-kg-easy-allround-360\\\/#breadcrumb\"},\"inLanguage\":\"et\",\"potentialAction\":[{\"@type\":\"ReadAction\",\"target\":[\"https:\\\/\\\/magnetarmagnets.com\\\/et\\\/shop\\\/kalapuugirodi-komplekt-1-0-280-kg-easy-allround-360\\\/\"]}]},{\"@type\":\"ImageObject\",\"inLanguage\":\"et\",\"@id\":\"https:\\\/\\\/magnetarmagnets.com\\\/et\\\/shop\\\/kalapuugirodi-komplekt-1-0-280-kg-easy-allround-360\\\/#primaryimage\",\"url\":\"https:\\\/\\\/magnetarmagnets.com\\\/wp-content\\\/uploads\\\/2019\\\/06\\\/deep-seeker-package-1.jpg\",\"contentUrl\":\"https:\\\/\\\/magnetarmagnets.com\\\/wp-content\\\/uploads\\\/2019\\\/06\\\/deep-seeker-package-1.jpg\",\"width\":1500,\"height\":1500,\"caption\":\"The best fishing magnet set for precise magnet fishing.\"},{\"@type\":\"BreadcrumbList\",\"@id\":\"https:\\\/\\\/magnetarmagnets.com\\\/et\\\/shop\\\/kalapuugirodi-komplekt-1-0-280-kg-easy-allround-360\\\/#breadcrumb\",\"itemListElement\":[{\"@type\":\"ListItem\",\"position\":1,\"name\":\"Home\",\"item\":\"https:\\\/\\\/magnetarmagnets.com\\\/et\\\/\"},{\"@type\":\"ListItem\",\"position\":2,\"name\":\"pood\",\"item\":\"https:\\\/\\\/magnetarmagnets.com\\\/et\\\/pood\\\/\"},{\"@type\":\"ListItem\",\"position\":3,\"name\":\"Otsingumagnetid\",\"item\":\"https:\\\/\\\/magnetarmagnets.com\\\/et\\\/collections\\\/otsingumagnetid\\\/\"},{\"@type\":\"ListItem\",\"position\":4,\"name\":\"Otsingumagneti komplekt\",\"item\":\"https:\\\/\\\/magnetarmagnets.com\\\/et\\\/collections\\\/otsingumagnetid\\\/otsingumagneti-komplekt\\\/\"},{\"@type\":\"ListItem\",\"position\":5,\"name\":\"Magnetp\u00fc\u00fcgipulga komplekt 1.0 \u2013 280 kg \u2013 Easy \u2013 360\u00b0 allround\"}]},{\"@type\":\"WebSite\",\"@id\":\"https:\\\/\\\/magnetarmagnets.com\\\/et\\\/#website\",\"url\":\"https:\\\/\\\/magnetarmagnets.com\\\/et\\\/\",\"name\":\"Magnet fishing with a Magnetar fishing magnet\",\"description\":\"Tugevad magnetid magnetp\u00fc\u00fcgiks\",\"publisher\":{\"@id\":\"https:\\\/\\\/magnetarmagnets.com\\\/et\\\/#organization\"},\"potentialAction\":[{\"@type\":\"SearchAction\",\"target\":{\"@type\":\"EntryPoint\",\"urlTemplate\":\"https:\\\/\\\/magnetarmagnets.com\\\/et\\\/?s={search_term_string}\"},\"query-input\":{\"@type\":\"PropertyValueSpecification\",\"valueRequired\":true,\"valueName\":\"search_term_string\"}}],\"inLanguage\":\"et\"},{\"@type\":\"Organization\",\"@id\":\"https:\\\/\\\/magnetarmagnets.com\\\/et\\\/#organization\",\"name\":\"Magnetar\",\"url\":\"https:\\\/\\\/magnetarmagnets.com\\\/et\\\/\",\"logo\":{\"@type\":\"ImageObject\",\"inLanguage\":\"et\",\"@id\":\"https:\\\/\\\/magnetarmagnets.com\\\/et\\\/#\\\/schema\\\/logo\\\/image\\\/\",\"url\":\"https:\\\/\\\/magnetarmagnets.com\\\/wp-content\\\/uploads\\\/2025\\\/05\\\/Logo-03_PNG-Black-scaled.png\",\"contentUrl\":\"https:\\\/\\\/magnetarmagnets.com\\\/wp-content\\\/uploads\\\/2025\\\/05\\\/Logo-03_PNG-Black-scaled.png\",\"width\":2560,\"height\":1658,\"caption\":\"Magnetar\"},\"image\":{\"@id\":\"https:\\\/\\\/magnetarmagnets.com\\\/et\\\/#\\\/schema\\\/logo\\\/image\\\/\"},\"sameAs\":[\"https:\\\/\\\/www.facebook.com\\\/fishingmagnets\\\/\",\"https:\\\/\\\/www.instagram.com\\\/magnetar_magnets\\\/\",\"https:\\\/\\\/www.linkedin.com\\\/company\\\/magnetarbv\\\/?originalSubdomain=nl\",\"https:\\\/\\\/www.youtube.com\\\/c\\\/MagnetarVismagneet\"]}]}<\/script>\n<!-- \/ Yoast SEO plugin. -->","yoast_head_json":{"title":"Magnetp\u00fc\u00fcgipulga komplekt 1.0 \u2013 280 kg \u2013 Easy \u2013 360\u00b0 allround - Magnet fishing with a Magnetar fishing magnet","description":"Magnetp\u00fc\u00fcgipulga komplekt 1.0 \u2013 280 kg Easy \u2013 Magnetar","robots":{"index":"index","follow":"follow","max-snippet":"max-snippet:-1","max-image-preview":"max-image-preview:large","max-video-preview":"max-video-preview:-1"},"canonical":"https:\/\/magnetarmagnets.com\/et\/shop\/kalapuugirodi-komplekt-1-0-280-kg-easy-allround-360\/","og_locale":"et_EE","og_type":"article","og_title":"Magnetp\u00fc\u00fcgipulga komplekt 1.0 \u2013 280 kg \u2013 Easy \u2013 360\u00b0 allround - Magnet fishing with a Magnetar fishing magnet","og_description":"Magnetp\u00fc\u00fcgipulga komplekt 1.0 \u2013 280 kg Easy \u2013 Magnetar","og_url":"https:\/\/magnetarmagnets.com\/et\/shop\/kalapuugirodi-komplekt-1-0-280-kg-easy-allround-360\/","og_site_name":"Magnet fishing with a Magnetar fishing magnet","article_publisher":"https:\/\/www.facebook.com\/fishingmagnets\/","article_modified_time":"2026-04-04T07:03:35+00:00","og_image":[{"width":1500,"height":1500,"url":"https:\/\/magnetarmagnets.com\/wp-content\/uploads\/2019\/06\/deep-seeker-package-1.jpg","type":"image\/jpeg"}],"twitter_card":"summary_large_image","twitter_misc":{"Est. reading time":"2 minutit"},"schema":{"@context":"https:\/\/schema.org","@graph":[{"@type":["WebPage","ItemPage"],"@id":"https:\/\/magnetarmagnets.com\/et\/shop\/kalapuugirodi-komplekt-1-0-280-kg-easy-allround-360\/","url":"https:\/\/magnetarmagnets.com\/et\/shop\/kalapuugirodi-komplekt-1-0-280-kg-easy-allround-360\/","name":"Magnetp\u00fc\u00fcgipulga komplekt 1.0 \u2013 280 kg \u2013 Easy \u2013 360\u00b0 allround - Magnet fishing with a Magnetar fishing magnet","isPartOf":{"@id":"https:\/\/magnetarmagnets.com\/et\/#website"},"primaryImageOfPage":{"@id":"https:\/\/magnetarmagnets.com\/et\/shop\/kalapuugirodi-komplekt-1-0-280-kg-easy-allround-360\/#primaryimage"},"image":{"@id":"https:\/\/magnetarmagnets.com\/et\/shop\/kalapuugirodi-komplekt-1-0-280-kg-easy-allround-360\/#primaryimage"},"thumbnailUrl":"https:\/\/magnetarmagnets.com\/wp-content\/uploads\/2019\/06\/deep-seeker-package-1.jpg","datePublished":"2025-06-05T07:54:15+00:00","dateModified":"2026-04-04T07:03:35+00:00","description":"Magnetp\u00fc\u00fcgipulga komplekt 1.0 \u2013 280 kg Easy \u2013 Magnetar","breadcrumb":{"@id":"https:\/\/magnetarmagnets.com\/et\/shop\/kalapuugirodi-komplekt-1-0-280-kg-easy-allround-360\/#breadcrumb"},"inLanguage":"et","potentialAction":[{"@type":"ReadAction","target":["https:\/\/magnetarmagnets.com\/et\/shop\/kalapuugirodi-komplekt-1-0-280-kg-easy-allround-360\/"]}]},{"@type":"ImageObject","inLanguage":"et","@id":"https:\/\/magnetarmagnets.com\/et\/shop\/kalapuugirodi-komplekt-1-0-280-kg-easy-allround-360\/#primaryimage","url":"https:\/\/magnetarmagnets.com\/wp-content\/uploads\/2019\/06\/deep-seeker-package-1.jpg","contentUrl":"https:\/\/magnetarmagnets.com\/wp-content\/uploads\/2019\/06\/deep-seeker-package-1.jpg","width":1500,"height":1500,"caption":"The best fishing magnet set for precise magnet fishing."},{"@type":"BreadcrumbList","@id":"https:\/\/magnetarmagnets.com\/et\/shop\/kalapuugirodi-komplekt-1-0-280-kg-easy-allround-360\/#breadcrumb","itemListElement":[{"@type":"ListItem","position":1,"name":"Home","item":"https:\/\/magnetarmagnets.com\/et\/"},{"@type":"ListItem","position":2,"name":"pood","item":"https:\/\/magnetarmagnets.com\/et\/pood\/"},{"@type":"ListItem","position":3,"name":"Otsingumagnetid","item":"https:\/\/magnetarmagnets.com\/et\/collections\/otsingumagnetid\/"},{"@type":"ListItem","position":4,"name":"Otsingumagneti komplekt","item":"https:\/\/magnetarmagnets.com\/et\/collections\/otsingumagnetid\/otsingumagneti-komplekt\/"},{"@type":"ListItem","position":5,"name":"Magnetp\u00fc\u00fcgipulga komplekt 1.0 \u2013 280 kg \u2013 Easy \u2013 360\u00b0 allround"}]},{"@type":"WebSite","@id":"https:\/\/magnetarmagnets.com\/et\/#website","url":"https:\/\/magnetarmagnets.com\/et\/","name":"Magnet fishing with a Magnetar fishing magnet","description":"Tugevad magnetid magnetp\u00fc\u00fcgiks","publisher":{"@id":"https:\/\/magnetarmagnets.com\/et\/#organization"},"potentialAction":[{"@type":"SearchAction","target":{"@type":"EntryPoint","urlTemplate":"https:\/\/magnetarmagnets.com\/et\/?s={search_term_string}"},"query-input":{"@type":"PropertyValueSpecification","valueRequired":true,"valueName":"search_term_string"}}],"inLanguage":"et"},{"@type":"Organization","@id":"https:\/\/magnetarmagnets.com\/et\/#organization","name":"Magnetar","url":"https:\/\/magnetarmagnets.com\/et\/","logo":{"@type":"ImageObject","inLanguage":"et","@id":"https:\/\/magnetarmagnets.com\/et\/#\/schema\/logo\/image\/","url":"https:\/\/magnetarmagnets.com\/wp-content\/uploads\/2025\/05\/Logo-03_PNG-Black-scaled.png","contentUrl":"https:\/\/magnetarmagnets.com\/wp-content\/uploads\/2025\/05\/Logo-03_PNG-Black-scaled.png","width":2560,"height":1658,"caption":"Magnetar"},"image":{"@id":"https:\/\/magnetarmagnets.com\/et\/#\/schema\/logo\/image\/"},"sameAs":["https:\/\/www.facebook.com\/fishingmagnets\/","https:\/\/www.instagram.com\/magnetar_magnets\/","https:\/\/www.linkedin.com\/company\/magnetarbv\/?originalSubdomain=nl","https:\/\/www.youtube.com\/c\/MagnetarVismagneet"]}]}},"_links":{"self":[{"href":"https:\/\/magnetarmagnets.com\/et\/wp-json\/wp\/v2\/product\/81584","targetHints":{"allow":["GET"]}}],"collection":[{"href":"https:\/\/magnetarmagnets.com\/et\/wp-json\/wp\/v2\/product"}],"about":[{"href":"https:\/\/magnetarmagnets.com\/et\/wp-json\/wp\/v2\/types\/product"}],"replies":[{"embeddable":true,"href":"https:\/\/magnetarmagnets.com\/et\/wp-json\/wp\/v2\/comments?post=81584"}],"version-history":[{"count":1,"href":"https:\/\/magnetarmagnets.com\/et\/wp-json\/wp\/v2\/product\/81584\/revisions"}],"predecessor-version":[{"id":95354,"href":"https:\/\/magnetarmagnets.com\/et\/wp-json\/wp\/v2\/product\/81584\/revisions\/95354"}],"wp:featuredmedia":[{"embeddable":true,"href":"https:\/\/magnetarmagnets.com\/et\/wp-json\/wp\/v2\/media\/74052"}],"wp:attachment":[{"href":"https:\/\/magnetarmagnets.com\/et\/wp-json\/wp\/v2\/media?parent=81584"}],"wp:term":[{"taxonomy":"product_brand","embeddable":true,"href":"https:\/\/magnetarmagnets.com\/et\/wp-json\/wp\/v2\/product_brand?post=81584"},{"taxonomy":"product_cat","embeddable":true,"href":"https:\/\/magnetarmagnets.com\/et\/wp-json\/wp\/v2\/product_cat?post=81584"},{"taxonomy":"product_tag","embeddable":true,"href":"https:\/\/magnetarmagnets.com\/et\/wp-json\/wp\/v2\/product_tag?post=81584"}],"curies":[{"name":"wp","href":"https:\/\/api.w.org\/{rel}","templated":true}]}}