{"id":81583,"date":"2025-06-05T09:54:16","date_gmt":"2025-06-05T07:54:16","guid":{"rendered":"https:\/\/magnetarmagnets.com\/?post_type=product&#038;p=81583"},"modified":"2026-04-03T13:03:42","modified_gmt":"2026-04-03T11:03:42","slug":"haaratskonks-magnetkalapuugi-pulga-jaoks","status":"publish","type":"product","link":"https:\/\/magnetarmagnets.com\/et\/shop\/haaratskonks-magnetkalapuugi-pulga-jaoks\/","title":{"rendered":"Magnetp\u00fc\u00fcgipulga konks"},"content":{"rendered":"M\u00f5nikord v\u00f5ite vees leida eseme, mida te pelgalt p\u00fc\u00fcgimagnetiga k\u00e4tte ei saa. Mida sellises olukorras teha? Kasutage Magnetari konksu! Selle lisavarustusega saate haarata ka k\u00f5ige keerukamaid objekte kindlalt. Sellel konksul on keermega ots, mis v\u00f5imaldab teil seda kinnitada meie magnetp\u00fc\u00fcgipulga &#8220;Lange Jan&#8221; k\u00fclge.\n\n<h2>K\u00f5rgekvaliteediline konks keermega otsaga<\/h2>\n\nSee magnetp\u00fc\u00fcgikonks on valmistatud t\u00e4ielikult roostevabast terasest. See tagab, et konks ise on mittemagnetiline ja roostekindel v\u00f5i roosteb v\u00e4ga minimaalselt. Saate seda lisavarustust probleemideta kasutada koos Magnetari p\u00fc\u00fcgimagnetiga. V\u00e4ga mugav, kas pole?\n\nSee t\u00f6\u00f6riist on loodud spetsiaalselt kasutamiseks koos Lange Janiga. Lange Jan on magnetp\u00fc\u00fcgipulk, mida tavaliselt kasutatakse koos Magnetari <a href=\"https:\/\/magnetarmagnets.com\/strong-fishing-magnets\">p\u00fc\u00fcgimagnetiga<\/a>. N\u00fc\u00fcd saate Lange Janile paigaldada ka konksi, mis teeb veealuste objektide k\u00e4ttesaamise lihtsamaks kui pelgalt n\u00f6\u00f6riga.\n\n<h2>Kuidas kasutada keermega konksu?<\/h2>\n\nAlgul kasutate konksu mitte-magnetiliste esemete veealuseks k\u00e4ttesaamiseks. Kasutades proovikeppi, proovige \u00fchte haardur\u00e4\u00f6se objekti taha kinnitada. Seej\u00e4rel t\u00f5mmake ese \u00f5rnalt \u00fclespoole.\n\nM\u00f5nikord ei pruugi p\u00fc\u00fcgimagnetiga saadud haare piisav olla. Selleks p\u00e4\u00e4stab p\u00e4eva Magnetari konks. Langetage konks ettevaatlikult vette ja proovige sellega objekti taha kinni haarata. Seej\u00e4rel t\u00f5mmake samaaegselt \u00fcles nii p\u00fc\u00fcgimagnet kui ka konks.\n\n<h2>Magnetari kvaliteet<\/h2>\n\nMagnetar on v\u00e4ikese perefirma, mida juhivad t\u00f5elised magnetp\u00fc\u00fcgientusiastid. Kvaliteet on meie peamine prioriteet ja see kajastub meie toodetes. K\u00f5ik tooted on meie meeskonna kujundatud, et tagada parim vastupidavus ja t\u00f6\u00f6kindlus. Otsite usaldusv\u00e4\u00e4rset, t\u00f5husat ja kvaliteetset magnetp\u00fc\u00fcgivarustust? Siis olete \u00f5iges kohas \u2013 Magnetariga!\n\n<h2>Oluline teada!<\/h2>\n\nKeermega konksu tuleks kasutada ettevaatlikult nii magnetp\u00fc\u00fcgi ajal kui ka p\u00e4rast seda. Soovitame p\u00e4rast kasutamist konks hoolikalt puhastada, et pikendada selle eluiga. Lisaks olge t\u00e4helepanelik konksu teravate otste suhtes ja hoidke neid nii, et need ei kujutaks ohtu.","protected":false},"excerpt":{"rendered":"<p>Paigaldate selle <strong>keermega konksu<\/strong> meie magnetp\u00fc\u00fcgipulga &#8216;Lange Jan&#8217;. See v\u00f5imaldab teil <strong>konksu<\/strong> kasutada veelgi <strong>t\u00f5husamalt<\/strong>.<\/p>\n","protected":false},"featured_media":73383,"comment_status":"open","ping_status":"closed","template":"","meta":{"_acf_changed":false,"inline_featured_image":false},"product_brand":[],"product_cat":[474,484],"product_tag":[],"class_list":{"0":"post-81583","1":"product","2":"type-product","3":"status-publish","4":"has-post-thumbnail","6":"product_cat-attrezzatura","7":"product_cat-attrezzatura-per-la-pesca-magnetica","9":"first","10":"instock","11":"taxable","12":"shipping-taxable","13":"purchasable","14":"product-type-simple"},"acf":[],"yoast_head":"<!-- This site is optimized with the Yoast SEO plugin v27.3 - https:\/\/yoast.com\/product\/yoast-seo-wordpress\/ -->\n<title>Magnetp\u00fc\u00fcgipulga konks<\/title>\n<meta name=\"description\" content=\"Magnetp\u00fc\u00fcgikonks \u2013 Magnetar Essentials\" \/>\n<meta name=\"robots\" content=\"index, follow, max-snippet:-1, max-image-preview:large, max-video-preview:-1\" \/>\n<link rel=\"canonical\" href=\"https:\/\/magnetarmagnets.com\/et\/shop\/haaratskonks-magnetkalapuugi-pulga-jaoks\/\" \/>\n<meta property=\"og:locale\" content=\"et_EE\" \/>\n<meta property=\"og:type\" content=\"article\" \/>\n<meta property=\"og:title\" content=\"Magnetp\u00fc\u00fcgipulga konks\" \/>\n<meta property=\"og:description\" content=\"Magnetp\u00fc\u00fcgikonks \u2013 Magnetar Essentials\" \/>\n<meta property=\"og:url\" content=\"https:\/\/magnetarmagnets.com\/et\/shop\/haaratskonks-magnetkalapuugi-pulga-jaoks\/\" \/>\n<meta property=\"og:site_name\" content=\"Magnet fishing with a Magnetar fishing magnet\" \/>\n<meta property=\"article:publisher\" content=\"https:\/\/www.facebook.com\/fishingmagnets\/\" \/>\n<meta property=\"article:modified_time\" content=\"2026-04-03T11:03:42+00:00\" \/>\n<meta property=\"og:image\" content=\"https:\/\/magnetarmagnets.com\/wp-content\/uploads\/2023\/09\/JNF-Magnetar-Bedrijfsfotografie-01-09-2023-Foto-0172.jpg\" \/>\n\t<meta property=\"og:image:width\" content=\"1000\" \/>\n\t<meta property=\"og:image:height\" content=\"1000\" \/>\n\t<meta property=\"og:image:type\" content=\"image\/jpeg\" \/>\n<meta name=\"twitter:card\" content=\"summary_large_image\" \/>\n<meta name=\"twitter:label1\" content=\"Est. reading time\" \/>\n\t<meta name=\"twitter:data1\" content=\"2 minutit\" \/>\n<script type=\"application\/ld+json\" class=\"yoast-schema-graph\">{\"@context\":\"https:\\\/\\\/schema.org\",\"@graph\":[{\"@type\":[\"WebPage\",\"ItemPage\"],\"@id\":\"https:\\\/\\\/magnetarmagnets.com\\\/et\\\/shop\\\/haaratskonks-magnetkalapuugi-pulga-jaoks\\\/\",\"url\":\"https:\\\/\\\/magnetarmagnets.com\\\/et\\\/shop\\\/haaratskonks-magnetkalapuugi-pulga-jaoks\\\/\",\"name\":\"Magnetp\u00fc\u00fcgipulga konks\",\"isPartOf\":{\"@id\":\"https:\\\/\\\/magnetarmagnets.com\\\/et\\\/#website\"},\"primaryImageOfPage\":{\"@id\":\"https:\\\/\\\/magnetarmagnets.com\\\/et\\\/shop\\\/haaratskonks-magnetkalapuugi-pulga-jaoks\\\/#primaryimage\"},\"image\":{\"@id\":\"https:\\\/\\\/magnetarmagnets.com\\\/et\\\/shop\\\/haaratskonks-magnetkalapuugi-pulga-jaoks\\\/#primaryimage\"},\"thumbnailUrl\":\"https:\\\/\\\/magnetarmagnets.com\\\/wp-content\\\/uploads\\\/2023\\\/09\\\/JNF-Magnetar-Bedrijfsfotografie-01-09-2023-Foto-0172.jpg\",\"datePublished\":\"2025-06-05T07:54:16+00:00\",\"dateModified\":\"2026-04-03T11:03:42+00:00\",\"description\":\"Magnetp\u00fc\u00fcgikonks \u2013 Magnetar Essentials\",\"breadcrumb\":{\"@id\":\"https:\\\/\\\/magnetarmagnets.com\\\/et\\\/shop\\\/haaratskonks-magnetkalapuugi-pulga-jaoks\\\/#breadcrumb\"},\"inLanguage\":\"et\",\"potentialAction\":[{\"@type\":\"ReadAction\",\"target\":[\"https:\\\/\\\/magnetarmagnets.com\\\/et\\\/shop\\\/haaratskonks-magnetkalapuugi-pulga-jaoks\\\/\"]}]},{\"@type\":\"ImageObject\",\"inLanguage\":\"et\",\"@id\":\"https:\\\/\\\/magnetarmagnets.com\\\/et\\\/shop\\\/haaratskonks-magnetkalapuugi-pulga-jaoks\\\/#primaryimage\",\"url\":\"https:\\\/\\\/magnetarmagnets.com\\\/wp-content\\\/uploads\\\/2023\\\/09\\\/JNF-Magnetar-Bedrijfsfotografie-01-09-2023-Foto-0172.jpg\",\"contentUrl\":\"https:\\\/\\\/magnetarmagnets.com\\\/wp-content\\\/uploads\\\/2023\\\/09\\\/JNF-Magnetar-Bedrijfsfotografie-01-09-2023-Foto-0172.jpg\",\"width\":1000,\"height\":1000,\"caption\":\"The grappling hook with a thread for magnet fishing\"},{\"@type\":\"BreadcrumbList\",\"@id\":\"https:\\\/\\\/magnetarmagnets.com\\\/et\\\/shop\\\/haaratskonks-magnetkalapuugi-pulga-jaoks\\\/#breadcrumb\",\"itemListElement\":[{\"@type\":\"ListItem\",\"position\":1,\"name\":\"Home\",\"item\":\"https:\\\/\\\/magnetarmagnets.com\\\/et\\\/\"},{\"@type\":\"ListItem\",\"position\":2,\"name\":\"pood\",\"item\":\"https:\\\/\\\/magnetarmagnets.com\\\/et\\\/pood\\\/\"},{\"@type\":\"ListItem\",\"position\":3,\"name\":\"Varustus\",\"item\":\"https:\\\/\\\/magnetarmagnets.com\\\/et\\\/collections\\\/varustus\\\/\"},{\"@type\":\"ListItem\",\"position\":4,\"name\":\"Otsingumagneti varustus\",\"item\":\"https:\\\/\\\/magnetarmagnets.com\\\/et\\\/collections\\\/varustus\\\/otsingumagneti-varustus\\\/\"},{\"@type\":\"ListItem\",\"position\":5,\"name\":\"Magnetp\u00fc\u00fcgipulga konks\"}]},{\"@type\":\"WebSite\",\"@id\":\"https:\\\/\\\/magnetarmagnets.com\\\/et\\\/#website\",\"url\":\"https:\\\/\\\/magnetarmagnets.com\\\/et\\\/\",\"name\":\"Magnet fishing with a Magnetar fishing magnet\",\"description\":\"Tugevad magnetid magnetp\u00fc\u00fcgiks\",\"publisher\":{\"@id\":\"https:\\\/\\\/magnetarmagnets.com\\\/et\\\/#organization\"},\"potentialAction\":[{\"@type\":\"SearchAction\",\"target\":{\"@type\":\"EntryPoint\",\"urlTemplate\":\"https:\\\/\\\/magnetarmagnets.com\\\/et\\\/?s={search_term_string}\"},\"query-input\":{\"@type\":\"PropertyValueSpecification\",\"valueRequired\":true,\"valueName\":\"search_term_string\"}}],\"inLanguage\":\"et\"},{\"@type\":\"Organization\",\"@id\":\"https:\\\/\\\/magnetarmagnets.com\\\/et\\\/#organization\",\"name\":\"Magnetar\",\"url\":\"https:\\\/\\\/magnetarmagnets.com\\\/et\\\/\",\"logo\":{\"@type\":\"ImageObject\",\"inLanguage\":\"et\",\"@id\":\"https:\\\/\\\/magnetarmagnets.com\\\/et\\\/#\\\/schema\\\/logo\\\/image\\\/\",\"url\":\"https:\\\/\\\/magnetarmagnets.com\\\/wp-content\\\/uploads\\\/2025\\\/05\\\/Logo-03_PNG-Black-scaled.png\",\"contentUrl\":\"https:\\\/\\\/magnetarmagnets.com\\\/wp-content\\\/uploads\\\/2025\\\/05\\\/Logo-03_PNG-Black-scaled.png\",\"width\":2560,\"height\":1658,\"caption\":\"Magnetar\"},\"image\":{\"@id\":\"https:\\\/\\\/magnetarmagnets.com\\\/et\\\/#\\\/schema\\\/logo\\\/image\\\/\"},\"sameAs\":[\"https:\\\/\\\/www.facebook.com\\\/fishingmagnets\\\/\",\"https:\\\/\\\/www.instagram.com\\\/magnetar_magnets\\\/\",\"https:\\\/\\\/www.linkedin.com\\\/company\\\/magnetarbv\\\/?originalSubdomain=nl\",\"https:\\\/\\\/www.youtube.com\\\/c\\\/MagnetarVismagneet\"]}]}<\/script>\n<!-- \/ Yoast SEO plugin. -->","yoast_head_json":{"title":"Magnetp\u00fc\u00fcgipulga konks","description":"Magnetp\u00fc\u00fcgikonks \u2013 Magnetar Essentials","robots":{"index":"index","follow":"follow","max-snippet":"max-snippet:-1","max-image-preview":"max-image-preview:large","max-video-preview":"max-video-preview:-1"},"canonical":"https:\/\/magnetarmagnets.com\/et\/shop\/haaratskonks-magnetkalapuugi-pulga-jaoks\/","og_locale":"et_EE","og_type":"article","og_title":"Magnetp\u00fc\u00fcgipulga konks","og_description":"Magnetp\u00fc\u00fcgikonks \u2013 Magnetar Essentials","og_url":"https:\/\/magnetarmagnets.com\/et\/shop\/haaratskonks-magnetkalapuugi-pulga-jaoks\/","og_site_name":"Magnet fishing with a Magnetar fishing magnet","article_publisher":"https:\/\/www.facebook.com\/fishingmagnets\/","article_modified_time":"2026-04-03T11:03:42+00:00","og_image":[{"width":1000,"height":1000,"url":"https:\/\/magnetarmagnets.com\/wp-content\/uploads\/2023\/09\/JNF-Magnetar-Bedrijfsfotografie-01-09-2023-Foto-0172.jpg","type":"image\/jpeg"}],"twitter_card":"summary_large_image","twitter_misc":{"Est. reading time":"2 minutit"},"schema":{"@context":"https:\/\/schema.org","@graph":[{"@type":["WebPage","ItemPage"],"@id":"https:\/\/magnetarmagnets.com\/et\/shop\/haaratskonks-magnetkalapuugi-pulga-jaoks\/","url":"https:\/\/magnetarmagnets.com\/et\/shop\/haaratskonks-magnetkalapuugi-pulga-jaoks\/","name":"Magnetp\u00fc\u00fcgipulga konks","isPartOf":{"@id":"https:\/\/magnetarmagnets.com\/et\/#website"},"primaryImageOfPage":{"@id":"https:\/\/magnetarmagnets.com\/et\/shop\/haaratskonks-magnetkalapuugi-pulga-jaoks\/#primaryimage"},"image":{"@id":"https:\/\/magnetarmagnets.com\/et\/shop\/haaratskonks-magnetkalapuugi-pulga-jaoks\/#primaryimage"},"thumbnailUrl":"https:\/\/magnetarmagnets.com\/wp-content\/uploads\/2023\/09\/JNF-Magnetar-Bedrijfsfotografie-01-09-2023-Foto-0172.jpg","datePublished":"2025-06-05T07:54:16+00:00","dateModified":"2026-04-03T11:03:42+00:00","description":"Magnetp\u00fc\u00fcgikonks \u2013 Magnetar Essentials","breadcrumb":{"@id":"https:\/\/magnetarmagnets.com\/et\/shop\/haaratskonks-magnetkalapuugi-pulga-jaoks\/#breadcrumb"},"inLanguage":"et","potentialAction":[{"@type":"ReadAction","target":["https:\/\/magnetarmagnets.com\/et\/shop\/haaratskonks-magnetkalapuugi-pulga-jaoks\/"]}]},{"@type":"ImageObject","inLanguage":"et","@id":"https:\/\/magnetarmagnets.com\/et\/shop\/haaratskonks-magnetkalapuugi-pulga-jaoks\/#primaryimage","url":"https:\/\/magnetarmagnets.com\/wp-content\/uploads\/2023\/09\/JNF-Magnetar-Bedrijfsfotografie-01-09-2023-Foto-0172.jpg","contentUrl":"https:\/\/magnetarmagnets.com\/wp-content\/uploads\/2023\/09\/JNF-Magnetar-Bedrijfsfotografie-01-09-2023-Foto-0172.jpg","width":1000,"height":1000,"caption":"The grappling hook with a thread for magnet fishing"},{"@type":"BreadcrumbList","@id":"https:\/\/magnetarmagnets.com\/et\/shop\/haaratskonks-magnetkalapuugi-pulga-jaoks\/#breadcrumb","itemListElement":[{"@type":"ListItem","position":1,"name":"Home","item":"https:\/\/magnetarmagnets.com\/et\/"},{"@type":"ListItem","position":2,"name":"pood","item":"https:\/\/magnetarmagnets.com\/et\/pood\/"},{"@type":"ListItem","position":3,"name":"Varustus","item":"https:\/\/magnetarmagnets.com\/et\/collections\/varustus\/"},{"@type":"ListItem","position":4,"name":"Otsingumagneti varustus","item":"https:\/\/magnetarmagnets.com\/et\/collections\/varustus\/otsingumagneti-varustus\/"},{"@type":"ListItem","position":5,"name":"Magnetp\u00fc\u00fcgipulga konks"}]},{"@type":"WebSite","@id":"https:\/\/magnetarmagnets.com\/et\/#website","url":"https:\/\/magnetarmagnets.com\/et\/","name":"Magnet fishing with a Magnetar fishing magnet","description":"Tugevad magnetid magnetp\u00fc\u00fcgiks","publisher":{"@id":"https:\/\/magnetarmagnets.com\/et\/#organization"},"potentialAction":[{"@type":"SearchAction","target":{"@type":"EntryPoint","urlTemplate":"https:\/\/magnetarmagnets.com\/et\/?s={search_term_string}"},"query-input":{"@type":"PropertyValueSpecification","valueRequired":true,"valueName":"search_term_string"}}],"inLanguage":"et"},{"@type":"Organization","@id":"https:\/\/magnetarmagnets.com\/et\/#organization","name":"Magnetar","url":"https:\/\/magnetarmagnets.com\/et\/","logo":{"@type":"ImageObject","inLanguage":"et","@id":"https:\/\/magnetarmagnets.com\/et\/#\/schema\/logo\/image\/","url":"https:\/\/magnetarmagnets.com\/wp-content\/uploads\/2025\/05\/Logo-03_PNG-Black-scaled.png","contentUrl":"https:\/\/magnetarmagnets.com\/wp-content\/uploads\/2025\/05\/Logo-03_PNG-Black-scaled.png","width":2560,"height":1658,"caption":"Magnetar"},"image":{"@id":"https:\/\/magnetarmagnets.com\/et\/#\/schema\/logo\/image\/"},"sameAs":["https:\/\/www.facebook.com\/fishingmagnets\/","https:\/\/www.instagram.com\/magnetar_magnets\/","https:\/\/www.linkedin.com\/company\/magnetarbv\/?originalSubdomain=nl","https:\/\/www.youtube.com\/c\/MagnetarVismagneet"]}]}},"_links":{"self":[{"href":"https:\/\/magnetarmagnets.com\/et\/wp-json\/wp\/v2\/product\/81583","targetHints":{"allow":["GET"]}}],"collection":[{"href":"https:\/\/magnetarmagnets.com\/et\/wp-json\/wp\/v2\/product"}],"about":[{"href":"https:\/\/magnetarmagnets.com\/et\/wp-json\/wp\/v2\/types\/product"}],"replies":[{"embeddable":true,"href":"https:\/\/magnetarmagnets.com\/et\/wp-json\/wp\/v2\/comments?post=81583"}],"version-history":[{"count":0,"href":"https:\/\/magnetarmagnets.com\/et\/wp-json\/wp\/v2\/product\/81583\/revisions"}],"wp:featuredmedia":[{"embeddable":true,"href":"https:\/\/magnetarmagnets.com\/et\/wp-json\/wp\/v2\/media\/73383"}],"wp:attachment":[{"href":"https:\/\/magnetarmagnets.com\/et\/wp-json\/wp\/v2\/media?parent=81583"}],"wp:term":[{"taxonomy":"product_brand","embeddable":true,"href":"https:\/\/magnetarmagnets.com\/et\/wp-json\/wp\/v2\/product_brand?post=81583"},{"taxonomy":"product_cat","embeddable":true,"href":"https:\/\/magnetarmagnets.com\/et\/wp-json\/wp\/v2\/product_cat?post=81583"},{"taxonomy":"product_tag","embeddable":true,"href":"https:\/\/magnetarmagnets.com\/et\/wp-json\/wp\/v2\/product_tag?post=81583"}],"curies":[{"name":"wp","href":"https:\/\/api.w.org\/{rel}","templated":true}]}}