{"id":81582,"date":"2025-06-05T09:54:16","date_gmt":"2025-06-05T07:54:16","guid":{"rendered":"https:\/\/magnetarmagnets.com\/?post_type=product&#038;p=81582"},"modified":"2026-04-03T20:49:30","modified_gmt":"2026-04-03T18:49:30","slug":"magnetpulgapakett-2-0-1000-kg-terror-360-neoduummagnet","status":"publish","type":"product","link":"https:\/\/magnetarmagnets.com\/et\/shop\/magnetpulgapakett-2-0-1000-kg-terror-360-neoduummagnet\/","title":{"rendered":"Otsingumagneti komplekt 2.0 \u2013 1000 kg \u2013 Terror \u2013 Allround 360\u00b0"},"content":{"rendered":"<ul>\n  \t<li style=\"font-weight: 400;\"><span style=\"font-weight: 400;\">Eriti pikk magnetp\u00fc\u00fcgipulk: 3 meetrit (3&#215;1 m)<\/span><\/li>\n  \t<li style=\"font-weight: 400;\"><span style=\"font-weight: 400;\">Kiire kokkupanek ja lahtiv\u00f5tt<\/span><\/li>\n  \t<li style=\"font-weight: 400;\"><span style=\"font-weight: 400;\">Leiab s\u00fcgavalt peitunud esemeid<\/span><\/li>\n  \t<li style=\"font-weight: 400;\"><span style=\"font-weight: 400;\">Valmis magnetp\u00fc\u00fcgiks<\/span><\/li>\n  \t<li style=\"font-weight: 400;\"><span style=\"font-weight: 400;\">Alumiiniumist pulk, ei roosteta ja on eriti kerge<\/span><\/li>\n  \t<li style=\"font-weight: 400;\"><span style=\"font-weight: 400;\">Ideaalne kaal 1,3 kg<\/span><\/li>\n  \t<li style=\"font-weight: 400;\"><span style=\"font-weight: 400;\">Lihtne transportida<\/span><\/li>\n  \t<li style=\"font-weight: 400;\"><span style=\"font-weight: 400;\">Sisaldab hoiukotti<\/span><\/li>\n  \t<li style=\"font-weight: 400;\"><span style=\"font-weight: 400;\">Trossi kinnitused komplektis<\/span><\/li>\n  \t<li style=\"font-weight: 400;\"><span style=\"font-weight: 400;\">Lisapaki soodustus!<\/span><\/li>\n<\/ul>\n<span style=\"font-weight: 400;\"><strong>Kas tahaksid alustada magnetp\u00fc\u00fcgipulgaga ja otsid \u00f5igeid vahendeid?<\/strong> Sel juhul on see magnetp\u00fc\u00fcgipulga komplekt sinule ideaalne! Komplekt sisaldab pulka \u2018Lange Jan\u2019, Terror otsingumagnetit, veekindlaid kindaid, lukusti liimi ja pulga hoiukotti. \u2018Lange Jan\u2019 pulga abil j\u00f5uad mudasse kaugemale kui tross, seega on s\u00fcgaval muda peidus olevate esemeteni j\u00f5udmise t\u00f5en\u00e4osus suurem.<\/span>\n\n<h2><strong>Magnetp\u00fc\u00fcgipulk?<\/strong><\/h2>\n\n<span style=\"font-weight: 400;\">Sa oled t\u00f5en\u00e4oliselt tuttav magnetp\u00fc\u00fcgiga trossi abil, kuid kas oled kunagi proovinud magnetp\u00fc\u00fcki pulgaga? See on lihtsam viis esemeteni j\u00f5udmiseks, mis on muda alla s\u00fcgavale v\u00f5i roostikku vahele j\u00e4\u00e4vad. Trossiga magnetp\u00fc\u00fck ei v\u00f5imalda kunagi mudasse 1 meetri s\u00fcgavusele ulatuvate esemete k\u00e4ttesaamist, kuid Magnetar-pulga abil saad. Kas soovid, et need aarded j\u00e4\u00e4ksidki peidetuks? V\u00f5i soovid kasutada meie magnetp\u00fc\u00fcgipulka ja otsingumagnetit, et k\u00f5ik aardeid v\u00e4lja tuua?<\/span>\n\n<a href=\"https:\/\/www.youtube.com\/watch?v=zK9xbaohgCw\">Kl\u00f5psa siia juhendava video jaoks.<\/a>\n\n<h2><b>Kaitsekate<\/b><\/h2>\n\nKaitsekate, mis on sellesse komplekti lisatud, on ideaalne lisavarustus magnetp\u00fc\u00fcdjatele, kes soovivad oma neod\u00fc\u00fcmmagnetit kasutamise ajal kaitsta. Need vastupidavad katteid on spetsiaalselt disainitud magnetile t\u00e4pselt sobima ning pakuvad lisakihi kaitset kriimustuste, pragude ja muu kahjustuse eest. Meie kaitsekatted on vastupidavad ja taluvad k\u00f5ige karmimaid tingimusi. Kaitsekate on valmistatud roostevabast terasest. See tagab, et Sinu magnet s\u00e4ilitab 360\u00b0 magnetj\u00f5u. Meie kaitsekatetega saad nautida magnetp\u00fc\u00fcki, muretsedes v\u00e4hem oma v\u00e4\u00e4rtusliku magneti kahjustamise p\u00e4rast.\n\n(Palun pea meeles, et magneti p\u00f5hja kaitsekate ei kata.)","protected":false},"excerpt":{"rendered":"<p>Kas soovid magnetp\u00fc\u00fcgil olla <strong>t\u00e4pne<\/strong>? Selleks on <strong>Otsingumagneti komplekt 2.0<\/strong> ideaalne! <strong>\u00dchenda<\/strong> Allround 360\u00b0 Terror neod\u00fc\u00fcmmagnet meie magnetvarraga.<\/p>\n","protected":false},"featured_media":72556,"comment_status":"open","ping_status":"closed","template":"","meta":{"_acf_changed":false,"inline_featured_image":false},"product_brand":[],"product_cat":[494,414,1002,497,493,416],"product_tag":[],"class_list":{"0":"post-81582","1":"product","2":"type-product","3":"status-publish","4":"has-post-thumbnail","6":"product_cat-allround-360-otsingumagnetid","7":"product_cat-kogenud-seiklejatele","8":"product_cat-koik-tooted","9":"product_cat-otsingumagneti-komplekt","10":"product_cat-otsingumagnetid","11":"product_cat-professionaalidele","13":"first","14":"instock","15":"sale","16":"taxable","17":"shipping-taxable","18":"purchasable","19":"product-type-simple"},"acf":[],"yoast_head":"<!-- This site is optimized with the Yoast SEO plugin v27.4 - https:\/\/yoast.com\/product\/yoast-seo-wordpress\/ -->\n<title>Otsingumagneti komplekt 2.0 \u2013 1000 kg \u2013 Terror \u2013 Allround 360\u00b0 - Magnet fishing with a Magnetar fishing magnet<\/title>\n<meta name=\"description\" content=\"Magnetp\u00fc\u00fcgi komplekt \u2013 1000 kg Terror \u2013 Magnetar\" \/>\n<meta name=\"robots\" content=\"index, follow, max-snippet:-1, max-image-preview:large, max-video-preview:-1\" \/>\n<link rel=\"canonical\" href=\"https:\/\/magnetarmagnets.com\/et\/shop\/magnetpulgapakett-2-0-1000-kg-terror-360-neoduummagnet\/\" \/>\n<meta property=\"og:locale\" content=\"et_EE\" \/>\n<meta property=\"og:type\" content=\"article\" \/>\n<meta property=\"og:title\" content=\"Otsingumagneti komplekt 2.0 \u2013 1000 kg \u2013 Terror \u2013 Allround 360\u00b0 - Magnet fishing with a Magnetar fishing magnet\" \/>\n<meta property=\"og:description\" content=\"Magnetp\u00fc\u00fcgi komplekt \u2013 1000 kg Terror \u2013 Magnetar\" \/>\n<meta property=\"og:url\" content=\"https:\/\/magnetarmagnets.com\/et\/shop\/magnetpulgapakett-2-0-1000-kg-terror-360-neoduummagnet\/\" \/>\n<meta property=\"og:site_name\" content=\"Magnet fishing with a Magnetar fishing magnet\" \/>\n<meta property=\"article:publisher\" content=\"https:\/\/www.facebook.com\/fishingmagnets\/\" \/>\n<meta property=\"article:modified_time\" content=\"2026-04-03T18:49:30+00:00\" \/>\n<meta property=\"og:image\" content=\"https:\/\/magnetarmagnets.com\/wp-content\/uploads\/2021\/10\/MAGNETAR-DEEP-SEEKER-2.0-KIT-GOOGLE.jpg\" \/>\n\t<meta property=\"og:image:width\" content=\"1500\" \/>\n\t<meta property=\"og:image:height\" content=\"1500\" \/>\n\t<meta property=\"og:image:type\" content=\"image\/jpeg\" \/>\n<meta name=\"twitter:card\" content=\"summary_large_image\" \/>\n<meta name=\"twitter:label1\" content=\"Est. reading time\" \/>\n\t<meta name=\"twitter:data1\" content=\"2 minutit\" \/>\n<script type=\"application\/ld+json\" class=\"yoast-schema-graph\">{\"@context\":\"https:\\\/\\\/schema.org\",\"@graph\":[{\"@type\":[\"WebPage\",\"ItemPage\"],\"@id\":\"https:\\\/\\\/magnetarmagnets.com\\\/et\\\/shop\\\/magnetpulgapakett-2-0-1000-kg-terror-360-neoduummagnet\\\/\",\"url\":\"https:\\\/\\\/magnetarmagnets.com\\\/et\\\/shop\\\/magnetpulgapakett-2-0-1000-kg-terror-360-neoduummagnet\\\/\",\"name\":\"Otsingumagneti komplekt 2.0 \u2013 1000 kg \u2013 Terror \u2013 Allround 360\u00b0 - Magnet fishing with a Magnetar fishing magnet\",\"isPartOf\":{\"@id\":\"https:\\\/\\\/magnetarmagnets.com\\\/et\\\/#website\"},\"primaryImageOfPage\":{\"@id\":\"https:\\\/\\\/magnetarmagnets.com\\\/et\\\/shop\\\/magnetpulgapakett-2-0-1000-kg-terror-360-neoduummagnet\\\/#primaryimage\"},\"image\":{\"@id\":\"https:\\\/\\\/magnetarmagnets.com\\\/et\\\/shop\\\/magnetpulgapakett-2-0-1000-kg-terror-360-neoduummagnet\\\/#primaryimage\"},\"thumbnailUrl\":\"https:\\\/\\\/magnetarmagnets.com\\\/wp-content\\\/uploads\\\/2021\\\/10\\\/MAGNETAR-DEEP-SEEKER-2.0-KIT-GOOGLE.jpg\",\"datePublished\":\"2025-06-05T07:54:16+00:00\",\"dateModified\":\"2026-04-03T18:49:30+00:00\",\"description\":\"Magnetp\u00fc\u00fcgi komplekt \u2013 1000 kg Terror \u2013 Magnetar\",\"breadcrumb\":{\"@id\":\"https:\\\/\\\/magnetarmagnets.com\\\/et\\\/shop\\\/magnetpulgapakett-2-0-1000-kg-terror-360-neoduummagnet\\\/#breadcrumb\"},\"inLanguage\":\"et\",\"potentialAction\":[{\"@type\":\"ReadAction\",\"target\":[\"https:\\\/\\\/magnetarmagnets.com\\\/et\\\/shop\\\/magnetpulgapakett-2-0-1000-kg-terror-360-neoduummagnet\\\/\"]}]},{\"@type\":\"ImageObject\",\"inLanguage\":\"et\",\"@id\":\"https:\\\/\\\/magnetarmagnets.com\\\/et\\\/shop\\\/magnetpulgapakett-2-0-1000-kg-terror-360-neoduummagnet\\\/#primaryimage\",\"url\":\"https:\\\/\\\/magnetarmagnets.com\\\/wp-content\\\/uploads\\\/2021\\\/10\\\/MAGNETAR-DEEP-SEEKER-2.0-KIT-GOOGLE.jpg\",\"contentUrl\":\"https:\\\/\\\/magnetarmagnets.com\\\/wp-content\\\/uploads\\\/2021\\\/10\\\/MAGNETAR-DEEP-SEEKER-2.0-KIT-GOOGLE.jpg\",\"width\":1500,\"height\":1500,\"caption\":\"MAGNETAR-DEEP-SEEKER-2.0-KIT\"},{\"@type\":\"BreadcrumbList\",\"@id\":\"https:\\\/\\\/magnetarmagnets.com\\\/et\\\/shop\\\/magnetpulgapakett-2-0-1000-kg-terror-360-neoduummagnet\\\/#breadcrumb\",\"itemListElement\":[{\"@type\":\"ListItem\",\"position\":1,\"name\":\"Home\",\"item\":\"https:\\\/\\\/magnetarmagnets.com\\\/et\\\/\"},{\"@type\":\"ListItem\",\"position\":2,\"name\":\"pood\",\"item\":\"https:\\\/\\\/magnetarmagnets.com\\\/et\\\/pood\\\/\"},{\"@type\":\"ListItem\",\"position\":3,\"name\":\"Otsingumagnetid\",\"item\":\"https:\\\/\\\/magnetarmagnets.com\\\/et\\\/collections\\\/otsingumagnetid\\\/\"},{\"@type\":\"ListItem\",\"position\":4,\"name\":\"Otsingumagneti komplekt\",\"item\":\"https:\\\/\\\/magnetarmagnets.com\\\/et\\\/collections\\\/otsingumagnetid\\\/otsingumagneti-komplekt\\\/\"},{\"@type\":\"ListItem\",\"position\":5,\"name\":\"Otsingumagneti komplekt 2.0 \u2013 1000 kg \u2013 Terror \u2013 Allround 360\u00b0\"}]},{\"@type\":\"WebSite\",\"@id\":\"https:\\\/\\\/magnetarmagnets.com\\\/et\\\/#website\",\"url\":\"https:\\\/\\\/magnetarmagnets.com\\\/et\\\/\",\"name\":\"Magnet fishing with a Magnetar fishing magnet\",\"description\":\"Tugevad magnetid magnetp\u00fc\u00fcgiks\",\"publisher\":{\"@id\":\"https:\\\/\\\/magnetarmagnets.com\\\/et\\\/#organization\"},\"potentialAction\":[{\"@type\":\"SearchAction\",\"target\":{\"@type\":\"EntryPoint\",\"urlTemplate\":\"https:\\\/\\\/magnetarmagnets.com\\\/et\\\/?s={search_term_string}\"},\"query-input\":{\"@type\":\"PropertyValueSpecification\",\"valueRequired\":true,\"valueName\":\"search_term_string\"}}],\"inLanguage\":\"et\"},{\"@type\":\"Organization\",\"@id\":\"https:\\\/\\\/magnetarmagnets.com\\\/et\\\/#organization\",\"name\":\"Magnetar\",\"url\":\"https:\\\/\\\/magnetarmagnets.com\\\/et\\\/\",\"logo\":{\"@type\":\"ImageObject\",\"inLanguage\":\"et\",\"@id\":\"https:\\\/\\\/magnetarmagnets.com\\\/et\\\/#\\\/schema\\\/logo\\\/image\\\/\",\"url\":\"https:\\\/\\\/magnetarmagnets.com\\\/wp-content\\\/uploads\\\/2025\\\/05\\\/Logo-03_PNG-Black-scaled.png\",\"contentUrl\":\"https:\\\/\\\/magnetarmagnets.com\\\/wp-content\\\/uploads\\\/2025\\\/05\\\/Logo-03_PNG-Black-scaled.png\",\"width\":2560,\"height\":1658,\"caption\":\"Magnetar\"},\"image\":{\"@id\":\"https:\\\/\\\/magnetarmagnets.com\\\/et\\\/#\\\/schema\\\/logo\\\/image\\\/\"},\"sameAs\":[\"https:\\\/\\\/www.facebook.com\\\/fishingmagnets\\\/\",\"https:\\\/\\\/www.instagram.com\\\/magnetar_magnets\\\/\",\"https:\\\/\\\/www.linkedin.com\\\/company\\\/magnetarbv\\\/?originalSubdomain=nl\",\"https:\\\/\\\/www.youtube.com\\\/c\\\/MagnetarVismagneet\"]}]}<\/script>\n<!-- \/ Yoast SEO plugin. -->","yoast_head_json":{"title":"Otsingumagneti komplekt 2.0 \u2013 1000 kg \u2013 Terror \u2013 Allround 360\u00b0 - Magnet fishing with a Magnetar fishing magnet","description":"Magnetp\u00fc\u00fcgi komplekt \u2013 1000 kg Terror \u2013 Magnetar","robots":{"index":"index","follow":"follow","max-snippet":"max-snippet:-1","max-image-preview":"max-image-preview:large","max-video-preview":"max-video-preview:-1"},"canonical":"https:\/\/magnetarmagnets.com\/et\/shop\/magnetpulgapakett-2-0-1000-kg-terror-360-neoduummagnet\/","og_locale":"et_EE","og_type":"article","og_title":"Otsingumagneti komplekt 2.0 \u2013 1000 kg \u2013 Terror \u2013 Allround 360\u00b0 - Magnet fishing with a Magnetar fishing magnet","og_description":"Magnetp\u00fc\u00fcgi komplekt \u2013 1000 kg Terror \u2013 Magnetar","og_url":"https:\/\/magnetarmagnets.com\/et\/shop\/magnetpulgapakett-2-0-1000-kg-terror-360-neoduummagnet\/","og_site_name":"Magnet fishing with a Magnetar fishing magnet","article_publisher":"https:\/\/www.facebook.com\/fishingmagnets\/","article_modified_time":"2026-04-03T18:49:30+00:00","og_image":[{"width":1500,"height":1500,"url":"https:\/\/magnetarmagnets.com\/wp-content\/uploads\/2021\/10\/MAGNETAR-DEEP-SEEKER-2.0-KIT-GOOGLE.jpg","type":"image\/jpeg"}],"twitter_card":"summary_large_image","twitter_misc":{"Est. reading time":"2 minutit"},"schema":{"@context":"https:\/\/schema.org","@graph":[{"@type":["WebPage","ItemPage"],"@id":"https:\/\/magnetarmagnets.com\/et\/shop\/magnetpulgapakett-2-0-1000-kg-terror-360-neoduummagnet\/","url":"https:\/\/magnetarmagnets.com\/et\/shop\/magnetpulgapakett-2-0-1000-kg-terror-360-neoduummagnet\/","name":"Otsingumagneti komplekt 2.0 \u2013 1000 kg \u2013 Terror \u2013 Allround 360\u00b0 - Magnet fishing with a Magnetar fishing magnet","isPartOf":{"@id":"https:\/\/magnetarmagnets.com\/et\/#website"},"primaryImageOfPage":{"@id":"https:\/\/magnetarmagnets.com\/et\/shop\/magnetpulgapakett-2-0-1000-kg-terror-360-neoduummagnet\/#primaryimage"},"image":{"@id":"https:\/\/magnetarmagnets.com\/et\/shop\/magnetpulgapakett-2-0-1000-kg-terror-360-neoduummagnet\/#primaryimage"},"thumbnailUrl":"https:\/\/magnetarmagnets.com\/wp-content\/uploads\/2021\/10\/MAGNETAR-DEEP-SEEKER-2.0-KIT-GOOGLE.jpg","datePublished":"2025-06-05T07:54:16+00:00","dateModified":"2026-04-03T18:49:30+00:00","description":"Magnetp\u00fc\u00fcgi komplekt \u2013 1000 kg Terror \u2013 Magnetar","breadcrumb":{"@id":"https:\/\/magnetarmagnets.com\/et\/shop\/magnetpulgapakett-2-0-1000-kg-terror-360-neoduummagnet\/#breadcrumb"},"inLanguage":"et","potentialAction":[{"@type":"ReadAction","target":["https:\/\/magnetarmagnets.com\/et\/shop\/magnetpulgapakett-2-0-1000-kg-terror-360-neoduummagnet\/"]}]},{"@type":"ImageObject","inLanguage":"et","@id":"https:\/\/magnetarmagnets.com\/et\/shop\/magnetpulgapakett-2-0-1000-kg-terror-360-neoduummagnet\/#primaryimage","url":"https:\/\/magnetarmagnets.com\/wp-content\/uploads\/2021\/10\/MAGNETAR-DEEP-SEEKER-2.0-KIT-GOOGLE.jpg","contentUrl":"https:\/\/magnetarmagnets.com\/wp-content\/uploads\/2021\/10\/MAGNETAR-DEEP-SEEKER-2.0-KIT-GOOGLE.jpg","width":1500,"height":1500,"caption":"MAGNETAR-DEEP-SEEKER-2.0-KIT"},{"@type":"BreadcrumbList","@id":"https:\/\/magnetarmagnets.com\/et\/shop\/magnetpulgapakett-2-0-1000-kg-terror-360-neoduummagnet\/#breadcrumb","itemListElement":[{"@type":"ListItem","position":1,"name":"Home","item":"https:\/\/magnetarmagnets.com\/et\/"},{"@type":"ListItem","position":2,"name":"pood","item":"https:\/\/magnetarmagnets.com\/et\/pood\/"},{"@type":"ListItem","position":3,"name":"Otsingumagnetid","item":"https:\/\/magnetarmagnets.com\/et\/collections\/otsingumagnetid\/"},{"@type":"ListItem","position":4,"name":"Otsingumagneti komplekt","item":"https:\/\/magnetarmagnets.com\/et\/collections\/otsingumagnetid\/otsingumagneti-komplekt\/"},{"@type":"ListItem","position":5,"name":"Otsingumagneti komplekt 2.0 \u2013 1000 kg \u2013 Terror \u2013 Allround 360\u00b0"}]},{"@type":"WebSite","@id":"https:\/\/magnetarmagnets.com\/et\/#website","url":"https:\/\/magnetarmagnets.com\/et\/","name":"Magnet fishing with a Magnetar fishing magnet","description":"Tugevad magnetid magnetp\u00fc\u00fcgiks","publisher":{"@id":"https:\/\/magnetarmagnets.com\/et\/#organization"},"potentialAction":[{"@type":"SearchAction","target":{"@type":"EntryPoint","urlTemplate":"https:\/\/magnetarmagnets.com\/et\/?s={search_term_string}"},"query-input":{"@type":"PropertyValueSpecification","valueRequired":true,"valueName":"search_term_string"}}],"inLanguage":"et"},{"@type":"Organization","@id":"https:\/\/magnetarmagnets.com\/et\/#organization","name":"Magnetar","url":"https:\/\/magnetarmagnets.com\/et\/","logo":{"@type":"ImageObject","inLanguage":"et","@id":"https:\/\/magnetarmagnets.com\/et\/#\/schema\/logo\/image\/","url":"https:\/\/magnetarmagnets.com\/wp-content\/uploads\/2025\/05\/Logo-03_PNG-Black-scaled.png","contentUrl":"https:\/\/magnetarmagnets.com\/wp-content\/uploads\/2025\/05\/Logo-03_PNG-Black-scaled.png","width":2560,"height":1658,"caption":"Magnetar"},"image":{"@id":"https:\/\/magnetarmagnets.com\/et\/#\/schema\/logo\/image\/"},"sameAs":["https:\/\/www.facebook.com\/fishingmagnets\/","https:\/\/www.instagram.com\/magnetar_magnets\/","https:\/\/www.linkedin.com\/company\/magnetarbv\/?originalSubdomain=nl","https:\/\/www.youtube.com\/c\/MagnetarVismagneet"]}]}},"_links":{"self":[{"href":"https:\/\/magnetarmagnets.com\/et\/wp-json\/wp\/v2\/product\/81582","targetHints":{"allow":["GET"]}}],"collection":[{"href":"https:\/\/magnetarmagnets.com\/et\/wp-json\/wp\/v2\/product"}],"about":[{"href":"https:\/\/magnetarmagnets.com\/et\/wp-json\/wp\/v2\/types\/product"}],"replies":[{"embeddable":true,"href":"https:\/\/magnetarmagnets.com\/et\/wp-json\/wp\/v2\/comments?post=81582"}],"version-history":[{"count":1,"href":"https:\/\/magnetarmagnets.com\/et\/wp-json\/wp\/v2\/product\/81582\/revisions"}],"predecessor-version":[{"id":95282,"href":"https:\/\/magnetarmagnets.com\/et\/wp-json\/wp\/v2\/product\/81582\/revisions\/95282"}],"wp:featuredmedia":[{"embeddable":true,"href":"https:\/\/magnetarmagnets.com\/et\/wp-json\/wp\/v2\/media\/72556"}],"wp:attachment":[{"href":"https:\/\/magnetarmagnets.com\/et\/wp-json\/wp\/v2\/media?parent=81582"}],"wp:term":[{"taxonomy":"product_brand","embeddable":true,"href":"https:\/\/magnetarmagnets.com\/et\/wp-json\/wp\/v2\/product_brand?post=81582"},{"taxonomy":"product_cat","embeddable":true,"href":"https:\/\/magnetarmagnets.com\/et\/wp-json\/wp\/v2\/product_cat?post=81582"},{"taxonomy":"product_tag","embeddable":true,"href":"https:\/\/magnetarmagnets.com\/et\/wp-json\/wp\/v2\/product_tag?post=81582"}],"curies":[{"name":"wp","href":"https:\/\/api.w.org\/{rel}","templated":true}]}}