{"id":81581,"date":"2025-06-05T09:54:16","date_gmt":"2025-06-05T07:54:16","guid":{"rendered":"https:\/\/magnetarmagnets.com\/?post_type=product&#038;p=81581"},"modified":"2026-04-14T21:49:44","modified_gmt":"2026-04-14T19:49:44","slug":"girl-power-komplekt-600-kg-hardcore-allround-360-neoduummagnet","status":"publish","type":"product","link":"https:\/\/magnetarmagnets.com\/et\/shop\/girl-power-komplekt-600-kg-hardcore-allround-360-neoduummagnet\/","title":{"rendered":"Girl Power otsingumagneti komplekt \u2013 600 kg \u2013 Hardcore Allround 360\u00b0"},"content":{"rendered":"Oled sa naine, kes armastab <a href=\"https:\/\/magnetarmagnets.com\/\" target=\"_blank\" rel=\"noopener\">magnetp\u00fc\u00fcki<\/a>? Kas soovid saada professionaaliks? Meie Girl Power komplekt on ideaalne valik ning sisaldab k\u00f5ike, mida vajad alustamiseks (ja pakub komplektis soodustust!). See pakett sisaldab meie parimat m\u00fc\u00fcki tegevat <a href=\"https:\/\/magnetarmagnets.com\/shop\/hardcore-magnet-2\/\" target=\"_blank\" rel=\"noopener\">Hardcore<\/a> Allround 360\u00b0 otsingumagnetit. Komplektis on ka Hardcore kaitsekarp, 8 mm kindad, 10 ml liim ja roosa Magnetar m\u00fcts.\n\n<h2>Hardcore: neod\u00fc\u00fcmmagnet magnetp\u00fc\u00fcgiks<\/h2>\n\nMeie 360\u00b0 k\u00f5ikeh\u00f5lmav neod\u00fc\u00fcmmagnet on tuntud oma tohutu t\u00f5mbej\u00f5u poolest. See on \u00fcks parimaid ja taskukohasemaid p\u00fc\u00fcgimagneteid turul, ka meie enda s\u00f5nul. Magneti t\u00f5mbej\u00f5u ulatus on 14 cm, mis suurendab v\u00f5imalust leida suuremaid ja v\u00e4\u00e4rtuslikumaid aardeid.\n\nSeet\u00f5ttu on paljud magnetp\u00fc\u00fcdjad selle tootega rahul. Kas tahad teada, mida teised entusiastid Hardcore magnetist arvavad? Vaata seda videot <a href=\"https:\/\/www.youtube.com\/watch?v=1izvqgYbtd8\">YouTube&#8217;is<\/a>! Kas soovid tavalise \u00fchesuunalise otsingumagneti pealt \u00fcle minna? Sellisel juhul v\u00f5ib Hardcore olla suurep\u00e4rane valik.\n\n<h2>Kas oled valmis Hardcore&#8217;i tasemele \u00fcle minema?<\/h2>\n\nHardcore otsingumagnet teeb sinust t\u00f5elise professionaali. Magnet haarab objekte m\u00f5lemalt k\u00fcljelt, mis teeb aarde leidmise lihtsamaks. Tuleb m\u00e4rkida, et sellel tootel on mugav heidekaal, muutes selle \u00fcldjuhul sobivaks naismagnetp\u00fc\u00fcdjatele.\n\nEdasij\u00f5udnud magnetp\u00fc\u00fcdjad hindavad Hardcore magnetit, mis on saanud \u00fcheks meie edukaimaks tooteks. Magnet on valmistatud neod\u00fc\u00fcmiist, k\u00f5ige v\u00f5imsamast p\u00fcsimagneti materjalist. See suudab t\u00f5sta rohkem kui sama suurusega muud magnetmaterjalid. See avardab leiduvate objektide valikut ja t\u00f5mbej\u00f5udu k\u00f5ikides suundades.\n\n<h2>K\u00f5ige t\u00e4ielikum p\u00fc\u00fcgimagnet<\/h2>\n\nPaljud p\u00fc\u00fcgimagneteid kasutatakse vaid \u00fchelt k\u00fcljelt. Need t\u00f6\u00f6tavad paljude jaoks h\u00e4sti. Kuid t\u00f5eliste magnetp\u00fc\u00fcgi entusiastide jaoks tulime me esmakordselt turule kahepoolse magnetiga. Seej\u00e4rel l\u00f5i Magnetar 2016. aastal Allround 360\u00b0 magneti. Paljud magnetp\u00fc\u00fcdjad \u00fcle Euroopa armastavad meie 100% neod\u00fc\u00fcmmagneteid, mis teeb meist populaarseima tarnija Euroopas.\n\nEt tagada t\u00e4ielikud tooted, disainib meie tooteid v\u00e4ike magnetp\u00fc\u00fcgientusiastidest koosnev meeskond ja need valmivad k\u00f5rgeima kvaliteediga materjalidest. \u00d5nneks tulevad kliendid Magnetari juurde ikka tagasi.\n\n<h2>Tugev ja revolutsiooniline t\u00f5mbej\u00f5ud<\/h2>\n\nMeie Allround 360\u00b0 p\u00fc\u00fcgimagnetitel on tugev t\u00f5mbej\u00f5ud igas suunas. Muidugi ei saa 100% neod\u00fc\u00fcmmagneteid v\u00f5rrelda traditsiooniliste toodetega, mille \u00fcks pool on teraskuubis ja t\u00f5mbej\u00f5ud juhitakse \u00fches suunas. Selle tulemusena saavutavad need tooted k\u00f5rge t\u00f5mbej\u00f5u tasapinnalisele metallplaadile. Meie ainulaadsed Allround 360\u00b0 magnetid aga saavutavad kogu \u00fcmbritsevas piirkonnas k\u00f5rge t\u00f5mbej\u00f5u. Kas soovid teada, kuidas me seda m\u00f5\u00f5dame? Selgitame seda selles <a href=\"https:\/\/www.youtube.com\/watch?v=2McW3RURDxs\">videos<\/a>.","protected":false},"excerpt":{"rendered":"<p>Alusta oma magnetp\u00fc\u00fcgiseiklusega Girl Power komplektiga. See komplekt sisaldab <strong>600 kg Hardcore Allround 360\u00b0 neod\u00fc\u00fcmmagnetit<\/strong>, Hardcore kaitsekarpi, roosat Magnetar m\u00fctsi, 8 mm k\u00f6it, kindaid ja liimi. <strong>K\u00f5ik, mida vajad<\/strong>, et alustada oma magnetp\u00fc\u00fcki!<\/p>\n","protected":false},"featured_media":74241,"comment_status":"open","ping_status":"closed","template":"","meta":{"_acf_changed":false,"inline_featured_image":false},"product_brand":[],"product_cat":[415,494,414,1002,497,493],"product_tag":[],"class_list":{"0":"post-81581","1":"product","2":"type-product","3":"status-publish","4":"has-post-thumbnail","6":"product_cat-algajatele-ja-lastele","7":"product_cat-allround-360-otsingumagnetid","8":"product_cat-kogenud-seiklejatele","9":"product_cat-koik-tooted","10":"product_cat-otsingumagneti-komplekt","11":"product_cat-otsingumagnetid","13":"first","14":"instock","15":"sale","16":"taxable","17":"shipping-taxable","18":"purchasable","19":"product-type-simple"},"acf":[],"yoast_head":"<!-- This site is optimized with the Yoast SEO plugin v27.4 - https:\/\/yoast.com\/product\/yoast-seo-wordpress\/ -->\n<title>Girl Power komplekt \u2013 1300 lb \/ 600 kg \u2013 Hardcore Allround 360\u00b0<\/title>\n<meta name=\"description\" content=\"Magnetp\u00fc\u00fck t\u00fcdrukutele? Meie Girl Power komplekt sobib suurep\u00e4raselt naistele, kes soovivad viia oma aardejahtimise hobi j\u00e4rgmisele tasemele!\" \/>\n<meta name=\"robots\" content=\"index, follow, max-snippet:-1, max-image-preview:large, max-video-preview:-1\" \/>\n<link rel=\"canonical\" href=\"https:\/\/magnetarmagnets.com\/et\/shop\/girl-power-komplekt-600-kg-hardcore-allround-360-neoduummagnet\/\" \/>\n<meta property=\"og:locale\" content=\"et_EE\" \/>\n<meta property=\"og:type\" content=\"article\" \/>\n<meta property=\"og:title\" content=\"Girl Power komplekt \u2013 1300 lb \/ 600 kg \u2013 Hardcore Allround 360\u00b0\" \/>\n<meta property=\"og:description\" content=\"Magnetp\u00fc\u00fck t\u00fcdrukutele? Meie Girl Power komplekt sobib suurep\u00e4raselt naistele, kes soovivad viia oma aardejahtimise hobi j\u00e4rgmisele tasemele!\" \/>\n<meta property=\"og:url\" content=\"https:\/\/magnetarmagnets.com\/et\/shop\/girl-power-komplekt-600-kg-hardcore-allround-360-neoduummagnet\/\" \/>\n<meta property=\"og:site_name\" content=\"Magnet fishing with a Magnetar fishing magnet\" \/>\n<meta property=\"article:publisher\" content=\"https:\/\/www.facebook.com\/fishingmagnets\/\" \/>\n<meta property=\"article:modified_time\" content=\"2026-04-14T19:49:44+00:00\" \/>\n<meta property=\"og:image\" content=\"https:\/\/magnetarmagnets.com\/wp-content\/uploads\/2021\/10\/Kopie-van-MAGNETAR-KIT-CANVA-1.png\" \/>\n\t<meta property=\"og:image:width\" content=\"1500\" \/>\n\t<meta property=\"og:image:height\" content=\"1500\" \/>\n\t<meta property=\"og:image:type\" content=\"image\/png\" \/>\n<meta name=\"twitter:card\" content=\"summary_large_image\" \/>\n<meta name=\"twitter:label1\" content=\"Est. reading time\" \/>\n\t<meta name=\"twitter:data1\" content=\"4 minutit\" \/>\n<script type=\"application\/ld+json\" class=\"yoast-schema-graph\">{\"@context\":\"https:\\\/\\\/schema.org\",\"@graph\":[{\"@type\":[\"WebPage\",\"ItemPage\"],\"@id\":\"https:\\\/\\\/magnetarmagnets.com\\\/et\\\/shop\\\/girl-power-komplekt-600-kg-hardcore-allround-360-neoduummagnet\\\/\",\"url\":\"https:\\\/\\\/magnetarmagnets.com\\\/et\\\/shop\\\/girl-power-komplekt-600-kg-hardcore-allround-360-neoduummagnet\\\/\",\"name\":\"Girl Power komplekt \u2013 1300 lb \\\/ 600 kg \u2013 Hardcore Allround 360\u00b0\",\"isPartOf\":{\"@id\":\"https:\\\/\\\/magnetarmagnets.com\\\/et\\\/#website\"},\"primaryImageOfPage\":{\"@id\":\"https:\\\/\\\/magnetarmagnets.com\\\/et\\\/shop\\\/girl-power-komplekt-600-kg-hardcore-allround-360-neoduummagnet\\\/#primaryimage\"},\"image\":{\"@id\":\"https:\\\/\\\/magnetarmagnets.com\\\/et\\\/shop\\\/girl-power-komplekt-600-kg-hardcore-allround-360-neoduummagnet\\\/#primaryimage\"},\"thumbnailUrl\":\"https:\\\/\\\/magnetarmagnets.com\\\/wp-content\\\/uploads\\\/2021\\\/10\\\/Kopie-van-MAGNETAR-KIT-CANVA-1.png\",\"datePublished\":\"2025-06-05T07:54:16+00:00\",\"dateModified\":\"2026-04-14T19:49:44+00:00\",\"description\":\"Magnetp\u00fc\u00fck t\u00fcdrukutele? Meie Girl Power komplekt sobib suurep\u00e4raselt naistele, kes soovivad viia oma aardejahtimise hobi j\u00e4rgmisele tasemele!\",\"breadcrumb\":{\"@id\":\"https:\\\/\\\/magnetarmagnets.com\\\/et\\\/shop\\\/girl-power-komplekt-600-kg-hardcore-allround-360-neoduummagnet\\\/#breadcrumb\"},\"inLanguage\":\"et\",\"potentialAction\":[{\"@type\":\"ReadAction\",\"target\":[\"https:\\\/\\\/magnetarmagnets.com\\\/et\\\/shop\\\/girl-power-komplekt-600-kg-hardcore-allround-360-neoduummagnet\\\/\"]}]},{\"@type\":\"ImageObject\",\"inLanguage\":\"et\",\"@id\":\"https:\\\/\\\/magnetarmagnets.com\\\/et\\\/shop\\\/girl-power-komplekt-600-kg-hardcore-allround-360-neoduummagnet\\\/#primaryimage\",\"url\":\"https:\\\/\\\/magnetarmagnets.com\\\/wp-content\\\/uploads\\\/2021\\\/10\\\/Kopie-van-MAGNETAR-KIT-CANVA-1.png\",\"contentUrl\":\"https:\\\/\\\/magnetarmagnets.com\\\/wp-content\\\/uploads\\\/2021\\\/10\\\/Kopie-van-MAGNETAR-KIT-CANVA-1.png\",\"width\":1500,\"height\":1500,\"caption\":\"Girl Power Package - Hardcore Fishing Magnet\"},{\"@type\":\"BreadcrumbList\",\"@id\":\"https:\\\/\\\/magnetarmagnets.com\\\/et\\\/shop\\\/girl-power-komplekt-600-kg-hardcore-allround-360-neoduummagnet\\\/#breadcrumb\",\"itemListElement\":[{\"@type\":\"ListItem\",\"position\":1,\"name\":\"Home\",\"item\":\"https:\\\/\\\/magnetarmagnets.com\\\/et\\\/\"},{\"@type\":\"ListItem\",\"position\":2,\"name\":\"pood\",\"item\":\"https:\\\/\\\/magnetarmagnets.com\\\/et\\\/pood\\\/\"},{\"@type\":\"ListItem\",\"position\":3,\"name\":\"Otsingumagnetid\",\"item\":\"https:\\\/\\\/magnetarmagnets.com\\\/et\\\/collections\\\/otsingumagnetid\\\/\"},{\"@type\":\"ListItem\",\"position\":4,\"name\":\"Otsingumagneti komplekt\",\"item\":\"https:\\\/\\\/magnetarmagnets.com\\\/et\\\/collections\\\/otsingumagnetid\\\/otsingumagneti-komplekt\\\/\"},{\"@type\":\"ListItem\",\"position\":5,\"name\":\"Girl Power otsingumagneti komplekt \u2013 600 kg \u2013 Hardcore Allround 360\u00b0\"}]},{\"@type\":\"WebSite\",\"@id\":\"https:\\\/\\\/magnetarmagnets.com\\\/et\\\/#website\",\"url\":\"https:\\\/\\\/magnetarmagnets.com\\\/et\\\/\",\"name\":\"Magnet fishing with a Magnetar fishing magnet\",\"description\":\"Tugevad magnetid magnetp\u00fc\u00fcgiks\",\"publisher\":{\"@id\":\"https:\\\/\\\/magnetarmagnets.com\\\/et\\\/#organization\"},\"potentialAction\":[{\"@type\":\"SearchAction\",\"target\":{\"@type\":\"EntryPoint\",\"urlTemplate\":\"https:\\\/\\\/magnetarmagnets.com\\\/et\\\/?s={search_term_string}\"},\"query-input\":{\"@type\":\"PropertyValueSpecification\",\"valueRequired\":true,\"valueName\":\"search_term_string\"}}],\"inLanguage\":\"et\"},{\"@type\":\"Organization\",\"@id\":\"https:\\\/\\\/magnetarmagnets.com\\\/et\\\/#organization\",\"name\":\"Magnetar\",\"url\":\"https:\\\/\\\/magnetarmagnets.com\\\/et\\\/\",\"logo\":{\"@type\":\"ImageObject\",\"inLanguage\":\"et\",\"@id\":\"https:\\\/\\\/magnetarmagnets.com\\\/et\\\/#\\\/schema\\\/logo\\\/image\\\/\",\"url\":\"https:\\\/\\\/magnetarmagnets.com\\\/wp-content\\\/uploads\\\/2025\\\/05\\\/Logo-03_PNG-Black-scaled.png\",\"contentUrl\":\"https:\\\/\\\/magnetarmagnets.com\\\/wp-content\\\/uploads\\\/2025\\\/05\\\/Logo-03_PNG-Black-scaled.png\",\"width\":2560,\"height\":1658,\"caption\":\"Magnetar\"},\"image\":{\"@id\":\"https:\\\/\\\/magnetarmagnets.com\\\/et\\\/#\\\/schema\\\/logo\\\/image\\\/\"},\"sameAs\":[\"https:\\\/\\\/www.facebook.com\\\/fishingmagnets\\\/\",\"https:\\\/\\\/www.instagram.com\\\/magnetar_magnets\\\/\",\"https:\\\/\\\/www.linkedin.com\\\/company\\\/magnetarbv\\\/?originalSubdomain=nl\",\"https:\\\/\\\/www.youtube.com\\\/c\\\/MagnetarVismagneet\"]}]}<\/script>\n<!-- \/ Yoast SEO plugin. -->","yoast_head_json":{"title":"Girl Power komplekt \u2013 1300 lb \/ 600 kg \u2013 Hardcore Allround 360\u00b0","description":"Magnetp\u00fc\u00fck t\u00fcdrukutele? Meie Girl Power komplekt sobib suurep\u00e4raselt naistele, kes soovivad viia oma aardejahtimise hobi j\u00e4rgmisele tasemele!","robots":{"index":"index","follow":"follow","max-snippet":"max-snippet:-1","max-image-preview":"max-image-preview:large","max-video-preview":"max-video-preview:-1"},"canonical":"https:\/\/magnetarmagnets.com\/et\/shop\/girl-power-komplekt-600-kg-hardcore-allround-360-neoduummagnet\/","og_locale":"et_EE","og_type":"article","og_title":"Girl Power komplekt \u2013 1300 lb \/ 600 kg \u2013 Hardcore Allround 360\u00b0","og_description":"Magnetp\u00fc\u00fck t\u00fcdrukutele? Meie Girl Power komplekt sobib suurep\u00e4raselt naistele, kes soovivad viia oma aardejahtimise hobi j\u00e4rgmisele tasemele!","og_url":"https:\/\/magnetarmagnets.com\/et\/shop\/girl-power-komplekt-600-kg-hardcore-allround-360-neoduummagnet\/","og_site_name":"Magnet fishing with a Magnetar fishing magnet","article_publisher":"https:\/\/www.facebook.com\/fishingmagnets\/","article_modified_time":"2026-04-14T19:49:44+00:00","og_image":[{"width":1500,"height":1500,"url":"https:\/\/magnetarmagnets.com\/wp-content\/uploads\/2021\/10\/Kopie-van-MAGNETAR-KIT-CANVA-1.png","type":"image\/png"}],"twitter_card":"summary_large_image","twitter_misc":{"Est. reading time":"4 minutit"},"schema":{"@context":"https:\/\/schema.org","@graph":[{"@type":["WebPage","ItemPage"],"@id":"https:\/\/magnetarmagnets.com\/et\/shop\/girl-power-komplekt-600-kg-hardcore-allround-360-neoduummagnet\/","url":"https:\/\/magnetarmagnets.com\/et\/shop\/girl-power-komplekt-600-kg-hardcore-allround-360-neoduummagnet\/","name":"Girl Power komplekt \u2013 1300 lb \/ 600 kg \u2013 Hardcore Allround 360\u00b0","isPartOf":{"@id":"https:\/\/magnetarmagnets.com\/et\/#website"},"primaryImageOfPage":{"@id":"https:\/\/magnetarmagnets.com\/et\/shop\/girl-power-komplekt-600-kg-hardcore-allround-360-neoduummagnet\/#primaryimage"},"image":{"@id":"https:\/\/magnetarmagnets.com\/et\/shop\/girl-power-komplekt-600-kg-hardcore-allround-360-neoduummagnet\/#primaryimage"},"thumbnailUrl":"https:\/\/magnetarmagnets.com\/wp-content\/uploads\/2021\/10\/Kopie-van-MAGNETAR-KIT-CANVA-1.png","datePublished":"2025-06-05T07:54:16+00:00","dateModified":"2026-04-14T19:49:44+00:00","description":"Magnetp\u00fc\u00fck t\u00fcdrukutele? Meie Girl Power komplekt sobib suurep\u00e4raselt naistele, kes soovivad viia oma aardejahtimise hobi j\u00e4rgmisele tasemele!","breadcrumb":{"@id":"https:\/\/magnetarmagnets.com\/et\/shop\/girl-power-komplekt-600-kg-hardcore-allround-360-neoduummagnet\/#breadcrumb"},"inLanguage":"et","potentialAction":[{"@type":"ReadAction","target":["https:\/\/magnetarmagnets.com\/et\/shop\/girl-power-komplekt-600-kg-hardcore-allround-360-neoduummagnet\/"]}]},{"@type":"ImageObject","inLanguage":"et","@id":"https:\/\/magnetarmagnets.com\/et\/shop\/girl-power-komplekt-600-kg-hardcore-allround-360-neoduummagnet\/#primaryimage","url":"https:\/\/magnetarmagnets.com\/wp-content\/uploads\/2021\/10\/Kopie-van-MAGNETAR-KIT-CANVA-1.png","contentUrl":"https:\/\/magnetarmagnets.com\/wp-content\/uploads\/2021\/10\/Kopie-van-MAGNETAR-KIT-CANVA-1.png","width":1500,"height":1500,"caption":"Girl Power Package - Hardcore Fishing Magnet"},{"@type":"BreadcrumbList","@id":"https:\/\/magnetarmagnets.com\/et\/shop\/girl-power-komplekt-600-kg-hardcore-allround-360-neoduummagnet\/#breadcrumb","itemListElement":[{"@type":"ListItem","position":1,"name":"Home","item":"https:\/\/magnetarmagnets.com\/et\/"},{"@type":"ListItem","position":2,"name":"pood","item":"https:\/\/magnetarmagnets.com\/et\/pood\/"},{"@type":"ListItem","position":3,"name":"Otsingumagnetid","item":"https:\/\/magnetarmagnets.com\/et\/collections\/otsingumagnetid\/"},{"@type":"ListItem","position":4,"name":"Otsingumagneti komplekt","item":"https:\/\/magnetarmagnets.com\/et\/collections\/otsingumagnetid\/otsingumagneti-komplekt\/"},{"@type":"ListItem","position":5,"name":"Girl Power otsingumagneti komplekt \u2013 600 kg \u2013 Hardcore Allround 360\u00b0"}]},{"@type":"WebSite","@id":"https:\/\/magnetarmagnets.com\/et\/#website","url":"https:\/\/magnetarmagnets.com\/et\/","name":"Magnet fishing with a Magnetar fishing magnet","description":"Tugevad magnetid magnetp\u00fc\u00fcgiks","publisher":{"@id":"https:\/\/magnetarmagnets.com\/et\/#organization"},"potentialAction":[{"@type":"SearchAction","target":{"@type":"EntryPoint","urlTemplate":"https:\/\/magnetarmagnets.com\/et\/?s={search_term_string}"},"query-input":{"@type":"PropertyValueSpecification","valueRequired":true,"valueName":"search_term_string"}}],"inLanguage":"et"},{"@type":"Organization","@id":"https:\/\/magnetarmagnets.com\/et\/#organization","name":"Magnetar","url":"https:\/\/magnetarmagnets.com\/et\/","logo":{"@type":"ImageObject","inLanguage":"et","@id":"https:\/\/magnetarmagnets.com\/et\/#\/schema\/logo\/image\/","url":"https:\/\/magnetarmagnets.com\/wp-content\/uploads\/2025\/05\/Logo-03_PNG-Black-scaled.png","contentUrl":"https:\/\/magnetarmagnets.com\/wp-content\/uploads\/2025\/05\/Logo-03_PNG-Black-scaled.png","width":2560,"height":1658,"caption":"Magnetar"},"image":{"@id":"https:\/\/magnetarmagnets.com\/et\/#\/schema\/logo\/image\/"},"sameAs":["https:\/\/www.facebook.com\/fishingmagnets\/","https:\/\/www.instagram.com\/magnetar_magnets\/","https:\/\/www.linkedin.com\/company\/magnetarbv\/?originalSubdomain=nl","https:\/\/www.youtube.com\/c\/MagnetarVismagneet"]}]}},"_links":{"self":[{"href":"https:\/\/magnetarmagnets.com\/et\/wp-json\/wp\/v2\/product\/81581","targetHints":{"allow":["GET"]}}],"collection":[{"href":"https:\/\/magnetarmagnets.com\/et\/wp-json\/wp\/v2\/product"}],"about":[{"href":"https:\/\/magnetarmagnets.com\/et\/wp-json\/wp\/v2\/types\/product"}],"replies":[{"embeddable":true,"href":"https:\/\/magnetarmagnets.com\/et\/wp-json\/wp\/v2\/comments?post=81581"}],"version-history":[{"count":1,"href":"https:\/\/magnetarmagnets.com\/et\/wp-json\/wp\/v2\/product\/81581\/revisions"}],"predecessor-version":[{"id":95288,"href":"https:\/\/magnetarmagnets.com\/et\/wp-json\/wp\/v2\/product\/81581\/revisions\/95288"}],"wp:featuredmedia":[{"embeddable":true,"href":"https:\/\/magnetarmagnets.com\/et\/wp-json\/wp\/v2\/media\/74241"}],"wp:attachment":[{"href":"https:\/\/magnetarmagnets.com\/et\/wp-json\/wp\/v2\/media?parent=81581"}],"wp:term":[{"taxonomy":"product_brand","embeddable":true,"href":"https:\/\/magnetarmagnets.com\/et\/wp-json\/wp\/v2\/product_brand?post=81581"},{"taxonomy":"product_cat","embeddable":true,"href":"https:\/\/magnetarmagnets.com\/et\/wp-json\/wp\/v2\/product_cat?post=81581"},{"taxonomy":"product_tag","embeddable":true,"href":"https:\/\/magnetarmagnets.com\/et\/wp-json\/wp\/v2\/product_tag?post=81581"}],"curies":[{"name":"wp","href":"https:\/\/api.w.org\/{rel}","templated":true}]}}