{"id":81580,"date":"2025-06-05T09:54:15","date_gmt":"2025-06-05T07:54:15","guid":{"rendered":"https:\/\/magnetarmagnets.com\/?post_type=product&#038;p=81580"},"modified":"2026-04-03T19:19:16","modified_gmt":"2026-04-03T17:19:16","slug":"360-kaitsekate-universaalsele-kalapuugimagnetile","status":"publish","type":"product","link":"https:\/\/magnetarmagnets.com\/et\/shop\/360-kaitsekate-universaalsele-kalapuugimagnetile\/","title":{"rendered":"360\u00b0 kaitse\u00fcmbris neod\u00fc\u00fcmmagnetidele"},"content":{"rendered":"<h2><strong>Kaitse\u00fcmbrised 360\u00b0 universaalsetele neod\u00fc\u00fcmmagnetidele<\/strong><\/h2>\r\nIdeaalne lisavarustus magnetp\u00fc\u00fcgihuvilistele, kes soovivad kasutamise ajal kaitsta oma neod\u00fc\u00fcmmagneteid. Need vastupidavad \u00fcmbrised on spetsiaalselt disainitud, et sobida magnetile t\u00e4iuslikult ning pakkuda lisakaitsekihi kriimustuste, purunemise ja muu kahjustuse eest. Meie kaitse\u00fcmbrised on \u00fcles ehitatud nii, et need taluvad ka k\u00f5ige r\u00e4ngemaid tingimusi.\r\n\r\nKaitse\u00fcmbris on valmistatud roostevabast terasest. See tagab, et teie magnet s\u00e4ilitab 360\u00b0 magnetj\u00f5u (t\u00f5mbetugevus v\u00e4heneb maksimaalselt 5%). Meie kaitse\u00fcmbrisega saate nautida magnetp\u00fc\u00fcki ilma, et peaksite muretsema oma v\u00e4\u00e4rtusliku magneti kahjustuste p\u00e4rast. Tellige oma kaitse\u00fcmbris juba t\u00e4na ja kogege meelerahu, teades, et teie magnet on kaitstud.\r\n\r\n<em>Pange t\u00e4hele, et magneti p\u00f5hjaosa ei ole \u00fcmbrisega kaitstud.<\/em>\r\n\r\nMagnetar\u00ae 360\u00b0 magnetid on habrased, see ei ole tootmisdefekt, vaid toote omadus. Magnetid on valmistatud magnetilisest pulbrist (neod\u00fc\u00fcmmagnet), mis on pressitud kokku. Kui kaitsmata magnet visatakse vastu kivi, v\u00f5ivad t\u00fckid murduda. Seet\u00f5ttu kaitske magnetit sobiva kaitse\u00fcmbrisega ja pikendage magneti eluiga. Kaitse\u00fcmbris v\u00e4hendab t\u00f5mbetugevust 5% v\u00f5rra.\r\n<h2><strong>Soovitame tungivalt kasutada meie kaitse\u00fcmbriseid:<\/strong><\/h2>\r\n<span lang=\"en\">\u2022 Pikendab magneti eluiga<\/span>\r\n\r\n\u2022 <span lang=\"en\">V\u00e4hem kahjustusi kukkumisel<\/span>\r\n\r\n<span lang=\"en\">\u2022 Kaitseb purunemise eest.<\/span>\r\n\r\n&nbsp;\r\n\r\n\u00c4rge unustage vaadata k\u00f5iki <a href=\"https:\/\/magnetarmagnets.com\/\" target=\"_blank\" rel=\"noopener\">magnetp\u00fc\u00fcgitarbeid<\/a> ja meie <a href=\"https:\/\/magnetarmagnets.com\/collections\/fishing-magnets\/magnet-fishing-kit\/\" target=\"_blank\" rel=\"noopener\">magnetp\u00fc\u00fcgikomplekte<\/a>. Kaitse\u00fcmbris on lisatud 360\u00b0 magnetite komplektidele.","protected":false},"excerpt":{"rendered":"<p><span style=\"font-weight: 400;\">Soovitatav <strong>kaitsta<\/strong> oma k\u00f5iksuunalist 360\u00b0 magnetp\u00fc\u00fcgimagniti.<\/span><\/p>\n","protected":false},"featured_media":70744,"comment_status":"open","ping_status":"closed","template":"","meta":{"_acf_changed":false,"inline_featured_image":false},"product_brand":[],"product_cat":[474,484],"product_tag":[],"class_list":{"0":"post-81580","1":"product","2":"type-product","3":"status-publish","4":"has-post-thumbnail","6":"product_cat-attrezzatura","7":"product_cat-attrezzatura-per-la-pesca-magnetica","9":"first","10":"instock","11":"taxable","12":"shipping-taxable","13":"purchasable","14":"product-type-variable"},"acf":[],"yoast_head":"<!-- This site is optimized with the Yoast SEO plugin v27.3 - https:\/\/yoast.com\/product\/yoast-seo-wordpress\/ -->\n<title>360\u00b0 kaitse\u00fcmbris neod\u00fc\u00fcmmagnetidele - Magnet fishing with a Magnetar fishing magnet<\/title>\n<meta name=\"description\" content=\"Kaitse\u00fcmbrised 360\u00b0 universaalsetele magnetitele - Magnetar\" \/>\n<meta name=\"robots\" content=\"index, follow, max-snippet:-1, max-image-preview:large, max-video-preview:-1\" \/>\n<link rel=\"canonical\" href=\"https:\/\/magnetarmagnets.com\/et\/shop\/360-kaitsekate-universaalsele-kalapuugimagnetile\/\" \/>\n<meta property=\"og:locale\" content=\"et_EE\" \/>\n<meta property=\"og:type\" content=\"article\" \/>\n<meta property=\"og:title\" content=\"360\u00b0 kaitse\u00fcmbris neod\u00fc\u00fcmmagnetidele - Magnet fishing with a Magnetar fishing magnet\" \/>\n<meta property=\"og:description\" content=\"Kaitse\u00fcmbrised 360\u00b0 universaalsetele magnetitele - Magnetar\" \/>\n<meta property=\"og:url\" content=\"https:\/\/magnetarmagnets.com\/et\/shop\/360-kaitsekate-universaalsele-kalapuugimagnetile\/\" \/>\n<meta property=\"og:site_name\" content=\"Magnet fishing with a Magnetar fishing magnet\" \/>\n<meta property=\"article:publisher\" content=\"https:\/\/www.facebook.com\/fishingmagnets\/\" \/>\n<meta property=\"article:modified_time\" content=\"2026-04-03T17:19:16+00:00\" \/>\n<meta property=\"og:image\" content=\"https:\/\/magnetarmagnets.com\/wp-content\/uploads\/2018\/09\/2887.jpg\" \/>\n\t<meta property=\"og:image:width\" content=\"1000\" \/>\n\t<meta property=\"og:image:height\" content=\"1000\" \/>\n\t<meta property=\"og:image:type\" content=\"image\/jpeg\" \/>\n<meta name=\"twitter:card\" content=\"summary_large_image\" \/>\n<meta name=\"twitter:label1\" content=\"Est. reading time\" \/>\n\t<meta name=\"twitter:data1\" content=\"1 minut\" \/>\n<script type=\"application\/ld+json\" class=\"yoast-schema-graph\">{\"@context\":\"https:\\\/\\\/schema.org\",\"@graph\":[{\"@type\":[\"WebPage\",\"ItemPage\"],\"@id\":\"https:\\\/\\\/magnetarmagnets.com\\\/et\\\/shop\\\/360-kaitsekate-universaalsele-kalapuugimagnetile\\\/\",\"url\":\"https:\\\/\\\/magnetarmagnets.com\\\/et\\\/shop\\\/360-kaitsekate-universaalsele-kalapuugimagnetile\\\/\",\"name\":\"360\u00b0 kaitse\u00fcmbris neod\u00fc\u00fcmmagnetidele - Magnet fishing with a Magnetar fishing magnet\",\"isPartOf\":{\"@id\":\"https:\\\/\\\/magnetarmagnets.com\\\/et\\\/#website\"},\"primaryImageOfPage\":{\"@id\":\"https:\\\/\\\/magnetarmagnets.com\\\/et\\\/shop\\\/360-kaitsekate-universaalsele-kalapuugimagnetile\\\/#primaryimage\"},\"image\":{\"@id\":\"https:\\\/\\\/magnetarmagnets.com\\\/et\\\/shop\\\/360-kaitsekate-universaalsele-kalapuugimagnetile\\\/#primaryimage\"},\"thumbnailUrl\":\"https:\\\/\\\/magnetarmagnets.com\\\/wp-content\\\/uploads\\\/2018\\\/09\\\/2887.jpg\",\"datePublished\":\"2025-06-05T07:54:15+00:00\",\"dateModified\":\"2026-04-03T17:19:16+00:00\",\"description\":\"Kaitse\u00fcmbrised 360\u00b0 universaalsetele magnetitele - Magnetar\",\"breadcrumb\":{\"@id\":\"https:\\\/\\\/magnetarmagnets.com\\\/et\\\/shop\\\/360-kaitsekate-universaalsele-kalapuugimagnetile\\\/#breadcrumb\"},\"inLanguage\":\"et\",\"potentialAction\":[{\"@type\":\"ReadAction\",\"target\":[\"https:\\\/\\\/magnetarmagnets.com\\\/et\\\/shop\\\/360-kaitsekate-universaalsele-kalapuugimagnetile\\\/\"]}]},{\"@type\":\"ImageObject\",\"inLanguage\":\"et\",\"@id\":\"https:\\\/\\\/magnetarmagnets.com\\\/et\\\/shop\\\/360-kaitsekate-universaalsele-kalapuugimagnetile\\\/#primaryimage\",\"url\":\"https:\\\/\\\/magnetarmagnets.com\\\/wp-content\\\/uploads\\\/2018\\\/09\\\/2887.jpg\",\"contentUrl\":\"https:\\\/\\\/magnetarmagnets.com\\\/wp-content\\\/uploads\\\/2018\\\/09\\\/2887.jpg\",\"width\":1000,\"height\":1000,\"caption\":\"Protection cover fishing magnets\"},{\"@type\":\"BreadcrumbList\",\"@id\":\"https:\\\/\\\/magnetarmagnets.com\\\/et\\\/shop\\\/360-kaitsekate-universaalsele-kalapuugimagnetile\\\/#breadcrumb\",\"itemListElement\":[{\"@type\":\"ListItem\",\"position\":1,\"name\":\"Home\",\"item\":\"https:\\\/\\\/magnetarmagnets.com\\\/et\\\/\"},{\"@type\":\"ListItem\",\"position\":2,\"name\":\"pood\",\"item\":\"https:\\\/\\\/magnetarmagnets.com\\\/et\\\/pood\\\/\"},{\"@type\":\"ListItem\",\"position\":3,\"name\":\"Varustus\",\"item\":\"https:\\\/\\\/magnetarmagnets.com\\\/et\\\/collections\\\/varustus\\\/\"},{\"@type\":\"ListItem\",\"position\":4,\"name\":\"Otsingumagneti varustus\",\"item\":\"https:\\\/\\\/magnetarmagnets.com\\\/et\\\/collections\\\/varustus\\\/otsingumagneti-varustus\\\/\"},{\"@type\":\"ListItem\",\"position\":5,\"name\":\"360\u00b0 kaitse\u00fcmbris neod\u00fc\u00fcmmagnetidele\"}]},{\"@type\":\"WebSite\",\"@id\":\"https:\\\/\\\/magnetarmagnets.com\\\/et\\\/#website\",\"url\":\"https:\\\/\\\/magnetarmagnets.com\\\/et\\\/\",\"name\":\"Magnet fishing with a Magnetar fishing magnet\",\"description\":\"Tugevad magnetid magnetp\u00fc\u00fcgiks\",\"publisher\":{\"@id\":\"https:\\\/\\\/magnetarmagnets.com\\\/et\\\/#organization\"},\"potentialAction\":[{\"@type\":\"SearchAction\",\"target\":{\"@type\":\"EntryPoint\",\"urlTemplate\":\"https:\\\/\\\/magnetarmagnets.com\\\/et\\\/?s={search_term_string}\"},\"query-input\":{\"@type\":\"PropertyValueSpecification\",\"valueRequired\":true,\"valueName\":\"search_term_string\"}}],\"inLanguage\":\"et\"},{\"@type\":\"Organization\",\"@id\":\"https:\\\/\\\/magnetarmagnets.com\\\/et\\\/#organization\",\"name\":\"Magnetar\",\"url\":\"https:\\\/\\\/magnetarmagnets.com\\\/et\\\/\",\"logo\":{\"@type\":\"ImageObject\",\"inLanguage\":\"et\",\"@id\":\"https:\\\/\\\/magnetarmagnets.com\\\/et\\\/#\\\/schema\\\/logo\\\/image\\\/\",\"url\":\"https:\\\/\\\/magnetarmagnets.com\\\/wp-content\\\/uploads\\\/2025\\\/05\\\/Logo-03_PNG-Black-scaled.png\",\"contentUrl\":\"https:\\\/\\\/magnetarmagnets.com\\\/wp-content\\\/uploads\\\/2025\\\/05\\\/Logo-03_PNG-Black-scaled.png\",\"width\":2560,\"height\":1658,\"caption\":\"Magnetar\"},\"image\":{\"@id\":\"https:\\\/\\\/magnetarmagnets.com\\\/et\\\/#\\\/schema\\\/logo\\\/image\\\/\"},\"sameAs\":[\"https:\\\/\\\/www.facebook.com\\\/fishingmagnets\\\/\",\"https:\\\/\\\/www.instagram.com\\\/magnetar_magnets\\\/\",\"https:\\\/\\\/www.linkedin.com\\\/company\\\/magnetarbv\\\/?originalSubdomain=nl\",\"https:\\\/\\\/www.youtube.com\\\/c\\\/MagnetarVismagneet\"]}]}<\/script>\n<!-- \/ Yoast SEO plugin. -->","yoast_head_json":{"title":"360\u00b0 kaitse\u00fcmbris neod\u00fc\u00fcmmagnetidele - Magnet fishing with a Magnetar fishing magnet","description":"Kaitse\u00fcmbrised 360\u00b0 universaalsetele magnetitele - Magnetar","robots":{"index":"index","follow":"follow","max-snippet":"max-snippet:-1","max-image-preview":"max-image-preview:large","max-video-preview":"max-video-preview:-1"},"canonical":"https:\/\/magnetarmagnets.com\/et\/shop\/360-kaitsekate-universaalsele-kalapuugimagnetile\/","og_locale":"et_EE","og_type":"article","og_title":"360\u00b0 kaitse\u00fcmbris neod\u00fc\u00fcmmagnetidele - Magnet fishing with a Magnetar fishing magnet","og_description":"Kaitse\u00fcmbrised 360\u00b0 universaalsetele magnetitele - Magnetar","og_url":"https:\/\/magnetarmagnets.com\/et\/shop\/360-kaitsekate-universaalsele-kalapuugimagnetile\/","og_site_name":"Magnet fishing with a Magnetar fishing magnet","article_publisher":"https:\/\/www.facebook.com\/fishingmagnets\/","article_modified_time":"2026-04-03T17:19:16+00:00","og_image":[{"width":1000,"height":1000,"url":"https:\/\/magnetarmagnets.com\/wp-content\/uploads\/2018\/09\/2887.jpg","type":"image\/jpeg"}],"twitter_card":"summary_large_image","twitter_misc":{"Est. reading time":"1 minut"},"schema":{"@context":"https:\/\/schema.org","@graph":[{"@type":["WebPage","ItemPage"],"@id":"https:\/\/magnetarmagnets.com\/et\/shop\/360-kaitsekate-universaalsele-kalapuugimagnetile\/","url":"https:\/\/magnetarmagnets.com\/et\/shop\/360-kaitsekate-universaalsele-kalapuugimagnetile\/","name":"360\u00b0 kaitse\u00fcmbris neod\u00fc\u00fcmmagnetidele - Magnet fishing with a Magnetar fishing magnet","isPartOf":{"@id":"https:\/\/magnetarmagnets.com\/et\/#website"},"primaryImageOfPage":{"@id":"https:\/\/magnetarmagnets.com\/et\/shop\/360-kaitsekate-universaalsele-kalapuugimagnetile\/#primaryimage"},"image":{"@id":"https:\/\/magnetarmagnets.com\/et\/shop\/360-kaitsekate-universaalsele-kalapuugimagnetile\/#primaryimage"},"thumbnailUrl":"https:\/\/magnetarmagnets.com\/wp-content\/uploads\/2018\/09\/2887.jpg","datePublished":"2025-06-05T07:54:15+00:00","dateModified":"2026-04-03T17:19:16+00:00","description":"Kaitse\u00fcmbrised 360\u00b0 universaalsetele magnetitele - Magnetar","breadcrumb":{"@id":"https:\/\/magnetarmagnets.com\/et\/shop\/360-kaitsekate-universaalsele-kalapuugimagnetile\/#breadcrumb"},"inLanguage":"et","potentialAction":[{"@type":"ReadAction","target":["https:\/\/magnetarmagnets.com\/et\/shop\/360-kaitsekate-universaalsele-kalapuugimagnetile\/"]}]},{"@type":"ImageObject","inLanguage":"et","@id":"https:\/\/magnetarmagnets.com\/et\/shop\/360-kaitsekate-universaalsele-kalapuugimagnetile\/#primaryimage","url":"https:\/\/magnetarmagnets.com\/wp-content\/uploads\/2018\/09\/2887.jpg","contentUrl":"https:\/\/magnetarmagnets.com\/wp-content\/uploads\/2018\/09\/2887.jpg","width":1000,"height":1000,"caption":"Protection cover fishing magnets"},{"@type":"BreadcrumbList","@id":"https:\/\/magnetarmagnets.com\/et\/shop\/360-kaitsekate-universaalsele-kalapuugimagnetile\/#breadcrumb","itemListElement":[{"@type":"ListItem","position":1,"name":"Home","item":"https:\/\/magnetarmagnets.com\/et\/"},{"@type":"ListItem","position":2,"name":"pood","item":"https:\/\/magnetarmagnets.com\/et\/pood\/"},{"@type":"ListItem","position":3,"name":"Varustus","item":"https:\/\/magnetarmagnets.com\/et\/collections\/varustus\/"},{"@type":"ListItem","position":4,"name":"Otsingumagneti varustus","item":"https:\/\/magnetarmagnets.com\/et\/collections\/varustus\/otsingumagneti-varustus\/"},{"@type":"ListItem","position":5,"name":"360\u00b0 kaitse\u00fcmbris neod\u00fc\u00fcmmagnetidele"}]},{"@type":"WebSite","@id":"https:\/\/magnetarmagnets.com\/et\/#website","url":"https:\/\/magnetarmagnets.com\/et\/","name":"Magnet fishing with a Magnetar fishing magnet","description":"Tugevad magnetid magnetp\u00fc\u00fcgiks","publisher":{"@id":"https:\/\/magnetarmagnets.com\/et\/#organization"},"potentialAction":[{"@type":"SearchAction","target":{"@type":"EntryPoint","urlTemplate":"https:\/\/magnetarmagnets.com\/et\/?s={search_term_string}"},"query-input":{"@type":"PropertyValueSpecification","valueRequired":true,"valueName":"search_term_string"}}],"inLanguage":"et"},{"@type":"Organization","@id":"https:\/\/magnetarmagnets.com\/et\/#organization","name":"Magnetar","url":"https:\/\/magnetarmagnets.com\/et\/","logo":{"@type":"ImageObject","inLanguage":"et","@id":"https:\/\/magnetarmagnets.com\/et\/#\/schema\/logo\/image\/","url":"https:\/\/magnetarmagnets.com\/wp-content\/uploads\/2025\/05\/Logo-03_PNG-Black-scaled.png","contentUrl":"https:\/\/magnetarmagnets.com\/wp-content\/uploads\/2025\/05\/Logo-03_PNG-Black-scaled.png","width":2560,"height":1658,"caption":"Magnetar"},"image":{"@id":"https:\/\/magnetarmagnets.com\/et\/#\/schema\/logo\/image\/"},"sameAs":["https:\/\/www.facebook.com\/fishingmagnets\/","https:\/\/www.instagram.com\/magnetar_magnets\/","https:\/\/www.linkedin.com\/company\/magnetarbv\/?originalSubdomain=nl","https:\/\/www.youtube.com\/c\/MagnetarVismagneet"]}]}},"_links":{"self":[{"href":"https:\/\/magnetarmagnets.com\/et\/wp-json\/wp\/v2\/product\/81580","targetHints":{"allow":["GET"]}}],"collection":[{"href":"https:\/\/magnetarmagnets.com\/et\/wp-json\/wp\/v2\/product"}],"about":[{"href":"https:\/\/magnetarmagnets.com\/et\/wp-json\/wp\/v2\/types\/product"}],"replies":[{"embeddable":true,"href":"https:\/\/magnetarmagnets.com\/et\/wp-json\/wp\/v2\/comments?post=81580"}],"version-history":[{"count":1,"href":"https:\/\/magnetarmagnets.com\/et\/wp-json\/wp\/v2\/product\/81580\/revisions"}],"predecessor-version":[{"id":95238,"href":"https:\/\/magnetarmagnets.com\/et\/wp-json\/wp\/v2\/product\/81580\/revisions\/95238"}],"wp:featuredmedia":[{"embeddable":true,"href":"https:\/\/magnetarmagnets.com\/et\/wp-json\/wp\/v2\/media\/70744"}],"wp:attachment":[{"href":"https:\/\/magnetarmagnets.com\/et\/wp-json\/wp\/v2\/media?parent=81580"}],"wp:term":[{"taxonomy":"product_brand","embeddable":true,"href":"https:\/\/magnetarmagnets.com\/et\/wp-json\/wp\/v2\/product_brand?post=81580"},{"taxonomy":"product_cat","embeddable":true,"href":"https:\/\/magnetarmagnets.com\/et\/wp-json\/wp\/v2\/product_cat?post=81580"},{"taxonomy":"product_tag","embeddable":true,"href":"https:\/\/magnetarmagnets.com\/et\/wp-json\/wp\/v2\/product_tag?post=81580"}],"curies":[{"name":"wp","href":"https:\/\/api.w.org\/{rel}","templated":true}]}}