{"id":81578,"date":"2025-06-05T09:54:16","date_gmt":"2025-06-05T07:54:16","guid":{"rendered":"https:\/\/magnetarmagnets.com\/?post_type=product&#038;p=81578"},"modified":"2026-04-14T21:34:39","modified_gmt":"2026-04-14T19:34:39","slug":"beast-neoduummagnet-1400-kg-tombejoudu-360-universaalne-kalapuugimagnet","status":"publish","type":"product","link":"https:\/\/magnetarmagnets.com\/et\/shop\/beast-neoduummagnet-1400-kg-tombejoudu-360-universaalne-kalapuugimagnet\/","title":{"rendered":"Beast 360\u00b0 allround neod\u00fc\u00fcmmagnet \u2013 1400 kg t\u00f5mbej\u00f5ud"},"content":{"rendered":"<span style=\"font-weight: 400;\">* Kaitske magnetit p\u00fc\u00fcgil <a href=\"https:\/\/magnetarmagnets.com\/shop\/protection-cover-beast\/\" target=\"_blank\" rel=\"noopener\"><b>kaitsva kattega<\/b><\/a>. Ilma kattega v\u00f5ib magnet kokkup\u00f5rkel k\u00f5vade objektidega kahjustuda. Kaitsva katte komplekt ei kuulu magneti hulka.<\/span>\n\n<h2><b>Beast neod\u00fc\u00fcmmagnet magnetp\u00fc\u00fcgiks<\/b><\/h2>\n\n<span style=\"font-weight: 400;\">Positiivne tagasiside meie <a href=\"https:\/\/magnetarmagnets.com\/shop\/hardcore-magnet-2\/\" target=\"_blank\" rel=\"noopener\">Hardcore<\/a> ja <a href=\"https:\/\/magnetarmagnets.com\/shop\/exclusive-terror-magnet\/\" target=\"_blank\" rel=\"noopener\">Terror<\/a> magnetitele innustas meid looma uut supersooritust \u2013 Beasti! Beast on veelgi v\u00f5imsam kui meie Hardcore &amp; Terror magnet, see ei ole lihtsalt tugev, vaid METSILIKULT tugev. Beast magnetp\u00fc\u00fcgimagnet on tuntud Terror magneti suurem j\u00e4rglane. T\u00e4nu raskemale kaalule vajub see muda ja liiva sisse eriti s\u00fcgavale, v\u00f5imaldades j\u00f5uda veelgi s\u00fcgavamate ja raskemini leitavate esemete juurde.<\/span>\n\n\n\n<span style=\"font-weight: 400;\">360\u00b0 allround magnetp\u00fc\u00fcgimagnetina omab Beast ligikaudu 350 kg t\u00f5mbej\u00f5udu igal k\u00fcljel. Valmistatud 100% neod\u00fc\u00fcmiumist \u2013 tugevaimast p\u00fcsivast haruldmaa magnetmaterjalist, pakub Beast parimat p\u00fc\u00fcgiv\u00f5imalust nii l\u00e4hedal kui ka kaugel asuvate metallobjektide jaoks.<\/span>\n\n\n\n<b>Oled sa legendaarne magnetp\u00fc\u00fcdja?<\/b> <span style=\"font-weight: 400;\">V\u00f5i soovid saada legendiks? Meie <\/span><a href=\"https:\/\/magnetarmagnets.com\/shop\/legend-package\/\" target=\"_blank\" rel=\"noopener\"><span style=\"font-weight: 400;\">Legend-pakett<\/span><\/a><span style=\"font-weight: 400;\"> on selleks ideaalne ja sisaldab k\u00f5ike, mida vajad alustamiseks (pluss soodsad komplektisinoodid!). Komplekti kuulub Beast 360\u00b0 magnet, tugev 10 mm k\u00f6is karabiinhakaga, veekindlad kindad, Legend-kaitse\u00fcmbris, liim ning \u00fclisuur roostevabast terasest konks. Tahad veelgi v\u00f5imsamat varustust? Vaata meie <\/span><a href=\"https:\/\/magnetarmagnets.com\/shop\/warrior-package\/\" target=\"_blank\" rel=\"noopener\"><span style=\"font-weight: 400;\">Warrior-paketti<\/span><\/a><span style=\"font-weight: 400;\">!<\/span>\n\n<h2><b>Kas oled valmis proovima Beasti?<\/b><\/h2>\n\n<span style=\"font-weight: 400;\">Magneti nimi \u00fctleb juba k\u00f5ike \u2013 see on t\u00f5eline Beast! Beast magnetp\u00fc\u00fcgimagnetil on 360\u00b0 t\u00f5mbej\u00f5ud 1400 kg. Esemed t\u00f5mmatakse magneti k\u00f5ikidele k\u00fclgedele olenemata veealustest tingimustest (muda, liiv, vool, kivid) ning see ei j\u00e4\u00e4 kividesse kergesti kinni. Disainitud edasij\u00f5udnud magnetp\u00fc\u00fcdjatele, n\u00f5uab see magnet erilist hoolt ja t\u00e4helepanu.<\/span>\n\n\n\n<span style=\"font-weight: 400;\">Beast on m\u00f5eldud t\u00f5elistele magnetp\u00fc\u00fcgihuvilistele, kes teavad, mida teevad. Magnet on nii v\u00f5imas, et liigub ise vee all ja otsib esemeid. Selle raske kaal kaevab l\u00e4bi muda ja v\u00f5imaldab j\u00f5uda s\u00fcgavaimate, vanimate ja peidetud aardete juurde. Uuenda oma <a href=\"https:\/\/magnetarmagnets.com\/accessories\/\" target=\"_blank\" rel=\"noopener\">magnetp\u00fc\u00fcgi varustust<\/a>, et leida k\u00f5ige raskemaid aardeid nagu suured safid, relvad, autovaruosad, t\u00f5ukerattad, elektrit\u00f5ukerattad ja palju muud.<\/span>\n\n\n\nKui otsid t\u00e4iskomplekti, \u00e4ra unusta vaadata meie <a href=\"https:\/\/magnetarmagnets.com\/collections\/fishing-magnets\/magnet-fishing-kit\/\" target=\"_blank\" rel=\"noopener\">magnetp\u00fc\u00fcgi komplekte<\/a>.\n\n<h2><b>Magneti evolutsioon<\/b><\/h2>\n\n<span style=\"font-weight: 400;\">Paljudel magnetitel on t\u00f5mbej\u00f5ud ainult \u00fchel k\u00fcljel \u2013 klassikaline magnetp\u00fc\u00fcgimagnet. Magnetar oli esimene ettev\u00f5te, kes selle klassikalise magneti arendas kahepoolseks magnetiks. 2016. aastal tutvustas Magnetar 360\u00b0 allround magnetp\u00fc\u00fcgimagneti. P\u00e4rast seda on ELi magnetp\u00fc\u00fcdjad eelistanud meie 100% neod\u00fc\u00fcmmagneteid, mis teeb meist #1 tarnija Euroopas. Meie magnetid valmivad v\u00e4ikese kirglike magnetp\u00fc\u00fcgientusiastide tiimi poolt, kellel on k\u00f5rgeim kvaliteet, disain ja hool. Kliendid tulevad tagasi, sest nad teavad, et Magnetari magnet toob rohkem kui lihtsalt magnet \u2013 see toob aardeid.<\/span>\n\n<h2><strong>V\u00f5imas 360\u00b0 t\u00f5mbej\u00f5ud<\/strong><\/h2>\n\n<span style=\"font-weight: 400;\">Beast on \u00fcks tugevamaid magnetp\u00fc\u00fcgimagneteid meie valikus, mille t\u00f5mbej\u00f5ud ulatub kuni 1400 kg. Beasti t\u00f5mbej\u00f5ud on piisavalt j\u00f5uline, et ligi t\u00f5mmata esemeid kogu \u00fcmbrusest, erinevalt \u00fchepoolsetest teraskattega magnetitest, mis keskendavad t\u00f5mbej\u00f5u \u00fches suunas. Huvitatud meie t\u00f5mbej\u00f5u m\u00f5\u00f5tmismeetoditest? <\/span><a href=\"https:\/\/www.youtube.com\/watch?v=2McW3RURDxs\" target=\"_blank\" rel=\"noopener\"><span style=\"font-weight: 400;\">Vaata videot<\/span><\/a><span style=\"font-weight: 400;\">.<\/span>\n\n<h2><b>K\u00f5rge kvaliteet<\/b><\/h2>\n\n<span style=\"font-weight: 400;\">Meie <a href=\"https:\/\/magnetarmagnets.com\/\" target=\"_blank\" rel=\"noopener\">magnetp\u00fc\u00fcgimagnetid<\/a> on valmistatud 100% neod\u00fc\u00fcmiumist. Magnetar magnetid s\u00e4ilitavad t\u00f5mbej\u00f5u aastak\u00fcmneid, kaotades vaid 1% iga 100 aasta j\u00e4rel (\u00f5ige hoiustamise, hoolduse ja kaitse korral).<\/span>\n\n\n\n<span style=\"font-weight: 400;\">Enamik teisi magnetitarnijaid registreerib t\u00f5mbej\u00f5u languse juba m\u00f5ne n\u00e4dala jooksul. Viimastel aastatel on turule ilmunud j\u00e4rjest rohkem madala kvaliteediga magneteid: suuremaid magneteid madalama t\u00f5mbej\u00f5uga, kehva neod\u00fc\u00fcmmaterjaliga, petlikku reklaami. Kui ostad sellise magneti odavama hinna v\u00f5i suurettev\u00f5tte k\u00e4est, j\u00e4\u00e4d l\u00f5puks pettununa, isegi kui s\u00e4\u00e4stad natuke raha.<\/span>\n\n\n\n<span style=\"font-weight: 400;\">Magnetar on v\u00e4ike perefirma, mis seab k\u00f5iges esikohale kvaliteedi. Oleme magnetp\u00fc\u00fcgihuvilised ning k\u00f5ik meie magnetid on meie meeskonna poolt projekteeritud, disainitud ja valmistatud, et pakkuda parimat vastavust hinna ja kvaliteedi suhtele (v\u00f5i rohkem aardeid sinu magnetilt!). Kui soovid usaldusv\u00e4\u00e4rset, t\u00f5husat ja v\u00f5imsat magnetp\u00fc\u00fcgimagnetit, oled \u00f5iges kohas. Meie meeskond ootab sind, <a href=\"mailto:info@magnetarmagnets.com\">v\u00f5ta meiega \u00fchendust<\/a>.<\/span>\n\n<h2><b>Kaitse\u00fcmbris<\/b><\/h2>\n\n<span style=\"font-weight: 400;\">Kaitse\u00fcmbrised on ideaalne lisavarustus magnetp\u00fc\u00fcdjatele, kes soovivad kaitsta oma neod\u00fc\u00fcmmagneteid kasutamisel. Need vastupidavad \u00fcmbrised on spetsiaalselt disainitud ideaalseks sobivuseks magneti k\u00fclge ja pakuvad lisa kaitsekihi kriimustuste, murdumiste ja muude kahjustuste eest. Meie kaitse\u00fcmbrised on valmistatud roostevabast terasest ja taluvad k\u00f5ige karmimaid tingimusi. Kaitse\u00fcmbris tagab, et magnet s\u00e4ilitab 360\u00b0 magnetilise t\u00f5mbej\u00f5u. \u00dcmbrise saab sellele magnetile eraldi lisada.<\/span>\n\n\n\n(Pange t\u00e4hele, et magneti p\u00f5hi ei ole \u00fcmbrisega kaitstud)\n\n<h2><b>Kasutada ettevaatlikult<\/b><\/h2>\n\n<span style=\"font-weight: 400;\">Meie neod\u00fc\u00fcmmagnetid on v\u00e4ga v\u00f5imsad ja v\u00f5ivad l\u00e4heduses asuvaid rauaesemeid suure kiirusega ligi t\u00f5mmata. Tugevate magnetite, nagu 360\u00b0 allround magneti, puhul v\u00f5ivad s\u00f5rmed j\u00e4\u00e4da magneti ja muude objektide vahele. K\u00e4itu magnetidega ettevaatlikult ja kasuta neid omal vastutusel. Enne kasutamist lugege alati meie ohutusjuhiseid.<\/span>\n\n\n\n<span style=\"font-weight: 400;\">* Lapsed peavad magnetit kasutama t\u00e4iskasvanu j\u00e4relvalve all.<\/span>\n\n\n\n&nbsp;","protected":false},"excerpt":{"rendered":"<p><strong>\u00dclimalt tugev<\/strong>, meie 360\u00b0 allround magnetp\u00fc\u00fcgimagnet on ideaalne <strong>edasij\u00f5udnud magnetp\u00fc\u00fcdjatele<\/strong>. Beast\u2019il on <strong>uskumatu magnetiline t\u00f5mbej\u00f5ud<\/strong> ja ta t\u00f5mbab magnetilisi objekte ligi ka kaugelt, isegi kui need on \u00fcmmargused, roostes v\u00f5i vee all. See magnetp\u00fc\u00fcgimagnet on niiv\u00f5rd <strong>v\u00f5imas<\/strong>, et selle hoiustamisel, transportimisel ja kasutamisel tuleb olla eriti ettevaatlik.<\/p>\n","protected":false},"featured_media":72172,"comment_status":"open","ping_status":"closed","template":"","meta":{"_acf_changed":false,"inline_featured_image":false},"product_brand":[],"product_cat":[494,1002,493,498],"product_tag":[],"class_list":{"0":"post-81578","1":"product","2":"type-product","3":"status-publish","4":"has-post-thumbnail","6":"product_cat-allround-360-otsingumagnetid","7":"product_cat-koik-tooted","8":"product_cat-otsingumagnetid","9":"product_cat-tugevaimad-otsingumagneti","11":"first","12":"instock","13":"sale","14":"taxable","15":"shipping-taxable","16":"purchasable","17":"product-type-simple"},"acf":[],"yoast_head":"<!-- This site is optimized with the Yoast SEO plugin v27.4 - https:\/\/yoast.com\/product\/yoast-seo-wordpress\/ -->\n<title>Beast 360\u00b0 allround neod\u00fc\u00fcmmagnet \u2013 1400 kg t\u00f5mbej\u00f5ud<\/title>\n<meta name=\"description\" content=\"Beast magnetp\u00fc\u00fcgimagnet ei ole lihtsalt tugev, vaid METSILIKULT tugev \u2013 \u00f5ige hirmu\u00e4ratav! Magnetar, sinu magnetp\u00fc\u00fcgimagnetite spetsialist!\" \/>\n<meta name=\"robots\" content=\"index, follow, max-snippet:-1, max-image-preview:large, max-video-preview:-1\" \/>\n<link rel=\"canonical\" href=\"https:\/\/magnetarmagnets.com\/et\/shop\/beast-neoduummagnet-1400-kg-tombejoudu-360-universaalne-kalapuugimagnet\/\" \/>\n<meta property=\"og:locale\" content=\"et_EE\" \/>\n<meta property=\"og:type\" content=\"article\" \/>\n<meta property=\"og:title\" content=\"Beast 360\u00b0 allround neod\u00fc\u00fcmmagnet \u2013 1400 kg t\u00f5mbej\u00f5ud\" \/>\n<meta property=\"og:description\" content=\"Beast magnetp\u00fc\u00fcgimagnet ei ole lihtsalt tugev, vaid METSILIKULT tugev \u2013 \u00f5ige hirmu\u00e4ratav! Magnetar, sinu magnetp\u00fc\u00fcgimagnetite spetsialist!\" \/>\n<meta property=\"og:url\" content=\"https:\/\/magnetarmagnets.com\/et\/shop\/beast-neoduummagnet-1400-kg-tombejoudu-360-universaalne-kalapuugimagnet\/\" \/>\n<meta property=\"og:site_name\" content=\"Magnet fishing with a Magnetar fishing magnet\" \/>\n<meta property=\"article:publisher\" content=\"https:\/\/www.facebook.com\/fishingmagnets\/\" \/>\n<meta property=\"article:modified_time\" content=\"2026-04-14T19:34:39+00:00\" \/>\n<meta property=\"og:image\" content=\"https:\/\/magnetarmagnets.com\/wp-content\/uploads\/2019\/12\/Beast-magnet-360-Degrees-Neodymium.jpeg\" \/>\n\t<meta property=\"og:image:width\" content=\"1000\" \/>\n\t<meta property=\"og:image:height\" content=\"1000\" \/>\n\t<meta property=\"og:image:type\" content=\"image\/jpeg\" \/>\n<meta name=\"twitter:card\" content=\"summary_large_image\" \/>\n<meta name=\"twitter:label1\" content=\"Est. reading time\" \/>\n\t<meta name=\"twitter:data1\" content=\"5 minutit\" \/>\n<script type=\"application\/ld+json\" class=\"yoast-schema-graph\">{\"@context\":\"https:\\\/\\\/schema.org\",\"@graph\":[{\"@type\":[\"WebPage\",\"ItemPage\"],\"@id\":\"https:\\\/\\\/magnetarmagnets.com\\\/et\\\/shop\\\/beast-neoduummagnet-1400-kg-tombejoudu-360-universaalne-kalapuugimagnet\\\/\",\"url\":\"https:\\\/\\\/magnetarmagnets.com\\\/et\\\/shop\\\/beast-neoduummagnet-1400-kg-tombejoudu-360-universaalne-kalapuugimagnet\\\/\",\"name\":\"Beast 360\u00b0 allround neod\u00fc\u00fcmmagnet \u2013 1400 kg t\u00f5mbej\u00f5ud\",\"isPartOf\":{\"@id\":\"https:\\\/\\\/magnetarmagnets.com\\\/et\\\/#website\"},\"primaryImageOfPage\":{\"@id\":\"https:\\\/\\\/magnetarmagnets.com\\\/et\\\/shop\\\/beast-neoduummagnet-1400-kg-tombejoudu-360-universaalne-kalapuugimagnet\\\/#primaryimage\"},\"image\":{\"@id\":\"https:\\\/\\\/magnetarmagnets.com\\\/et\\\/shop\\\/beast-neoduummagnet-1400-kg-tombejoudu-360-universaalne-kalapuugimagnet\\\/#primaryimage\"},\"thumbnailUrl\":\"https:\\\/\\\/magnetarmagnets.com\\\/wp-content\\\/uploads\\\/2019\\\/12\\\/Beast-magnet-360-Degrees-Neodymium.jpeg\",\"datePublished\":\"2025-06-05T07:54:16+00:00\",\"dateModified\":\"2026-04-14T19:34:39+00:00\",\"description\":\"Beast magnetp\u00fc\u00fcgimagnet ei ole lihtsalt tugev, vaid METSILIKULT tugev \u2013 \u00f5ige hirmu\u00e4ratav! Magnetar, sinu magnetp\u00fc\u00fcgimagnetite spetsialist!\",\"breadcrumb\":{\"@id\":\"https:\\\/\\\/magnetarmagnets.com\\\/et\\\/shop\\\/beast-neoduummagnet-1400-kg-tombejoudu-360-universaalne-kalapuugimagnet\\\/#breadcrumb\"},\"inLanguage\":\"et\",\"potentialAction\":[{\"@type\":\"ReadAction\",\"target\":[\"https:\\\/\\\/magnetarmagnets.com\\\/et\\\/shop\\\/beast-neoduummagnet-1400-kg-tombejoudu-360-universaalne-kalapuugimagnet\\\/\"]}]},{\"@type\":\"ImageObject\",\"inLanguage\":\"et\",\"@id\":\"https:\\\/\\\/magnetarmagnets.com\\\/et\\\/shop\\\/beast-neoduummagnet-1400-kg-tombejoudu-360-universaalne-kalapuugimagnet\\\/#primaryimage\",\"url\":\"https:\\\/\\\/magnetarmagnets.com\\\/wp-content\\\/uploads\\\/2019\\\/12\\\/Beast-magnet-360-Degrees-Neodymium.jpeg\",\"contentUrl\":\"https:\\\/\\\/magnetarmagnets.com\\\/wp-content\\\/uploads\\\/2019\\\/12\\\/Beast-magnet-360-Degrees-Neodymium.jpeg\",\"width\":1000,\"height\":1000,\"caption\":\"Beast fishing magnet 360 Degree 100 procent Neodymium\"},{\"@type\":\"BreadcrumbList\",\"@id\":\"https:\\\/\\\/magnetarmagnets.com\\\/et\\\/shop\\\/beast-neoduummagnet-1400-kg-tombejoudu-360-universaalne-kalapuugimagnet\\\/#breadcrumb\",\"itemListElement\":[{\"@type\":\"ListItem\",\"position\":1,\"name\":\"Home\",\"item\":\"https:\\\/\\\/magnetarmagnets.com\\\/et\\\/\"},{\"@type\":\"ListItem\",\"position\":2,\"name\":\"pood\",\"item\":\"https:\\\/\\\/magnetarmagnets.com\\\/et\\\/pood\\\/\"},{\"@type\":\"ListItem\",\"position\":3,\"name\":\"K\u00f5ik tooted\",\"item\":\"https:\\\/\\\/magnetarmagnets.com\\\/et\\\/collections\\\/koik-tooted\\\/\"},{\"@type\":\"ListItem\",\"position\":4,\"name\":\"Beast 360\u00b0 allround neod\u00fc\u00fcmmagnet \u2013 1400 kg t\u00f5mbej\u00f5ud\"}]},{\"@type\":\"WebSite\",\"@id\":\"https:\\\/\\\/magnetarmagnets.com\\\/et\\\/#website\",\"url\":\"https:\\\/\\\/magnetarmagnets.com\\\/et\\\/\",\"name\":\"Magnet fishing with a Magnetar fishing magnet\",\"description\":\"Tugevad magnetid magnetp\u00fc\u00fcgiks\",\"publisher\":{\"@id\":\"https:\\\/\\\/magnetarmagnets.com\\\/et\\\/#organization\"},\"potentialAction\":[{\"@type\":\"SearchAction\",\"target\":{\"@type\":\"EntryPoint\",\"urlTemplate\":\"https:\\\/\\\/magnetarmagnets.com\\\/et\\\/?s={search_term_string}\"},\"query-input\":{\"@type\":\"PropertyValueSpecification\",\"valueRequired\":true,\"valueName\":\"search_term_string\"}}],\"inLanguage\":\"et\"},{\"@type\":\"Organization\",\"@id\":\"https:\\\/\\\/magnetarmagnets.com\\\/et\\\/#organization\",\"name\":\"Magnetar\",\"url\":\"https:\\\/\\\/magnetarmagnets.com\\\/et\\\/\",\"logo\":{\"@type\":\"ImageObject\",\"inLanguage\":\"et\",\"@id\":\"https:\\\/\\\/magnetarmagnets.com\\\/et\\\/#\\\/schema\\\/logo\\\/image\\\/\",\"url\":\"https:\\\/\\\/magnetarmagnets.com\\\/wp-content\\\/uploads\\\/2025\\\/05\\\/Logo-03_PNG-Black-scaled.png\",\"contentUrl\":\"https:\\\/\\\/magnetarmagnets.com\\\/wp-content\\\/uploads\\\/2025\\\/05\\\/Logo-03_PNG-Black-scaled.png\",\"width\":2560,\"height\":1658,\"caption\":\"Magnetar\"},\"image\":{\"@id\":\"https:\\\/\\\/magnetarmagnets.com\\\/et\\\/#\\\/schema\\\/logo\\\/image\\\/\"},\"sameAs\":[\"https:\\\/\\\/www.facebook.com\\\/fishingmagnets\\\/\",\"https:\\\/\\\/www.instagram.com\\\/magnetar_magnets\\\/\",\"https:\\\/\\\/www.linkedin.com\\\/company\\\/magnetarbv\\\/?originalSubdomain=nl\",\"https:\\\/\\\/www.youtube.com\\\/c\\\/MagnetarVismagneet\"]}]}<\/script>\n<!-- \/ Yoast SEO plugin. -->","yoast_head_json":{"title":"Beast 360\u00b0 allround neod\u00fc\u00fcmmagnet \u2013 1400 kg t\u00f5mbej\u00f5ud","description":"Beast magnetp\u00fc\u00fcgimagnet ei ole lihtsalt tugev, vaid METSILIKULT tugev \u2013 \u00f5ige hirmu\u00e4ratav! Magnetar, sinu magnetp\u00fc\u00fcgimagnetite spetsialist!","robots":{"index":"index","follow":"follow","max-snippet":"max-snippet:-1","max-image-preview":"max-image-preview:large","max-video-preview":"max-video-preview:-1"},"canonical":"https:\/\/magnetarmagnets.com\/et\/shop\/beast-neoduummagnet-1400-kg-tombejoudu-360-universaalne-kalapuugimagnet\/","og_locale":"et_EE","og_type":"article","og_title":"Beast 360\u00b0 allround neod\u00fc\u00fcmmagnet \u2013 1400 kg t\u00f5mbej\u00f5ud","og_description":"Beast magnetp\u00fc\u00fcgimagnet ei ole lihtsalt tugev, vaid METSILIKULT tugev \u2013 \u00f5ige hirmu\u00e4ratav! Magnetar, sinu magnetp\u00fc\u00fcgimagnetite spetsialist!","og_url":"https:\/\/magnetarmagnets.com\/et\/shop\/beast-neoduummagnet-1400-kg-tombejoudu-360-universaalne-kalapuugimagnet\/","og_site_name":"Magnet fishing with a Magnetar fishing magnet","article_publisher":"https:\/\/www.facebook.com\/fishingmagnets\/","article_modified_time":"2026-04-14T19:34:39+00:00","og_image":[{"width":1000,"height":1000,"url":"https:\/\/magnetarmagnets.com\/wp-content\/uploads\/2019\/12\/Beast-magnet-360-Degrees-Neodymium.jpeg","type":"image\/jpeg"}],"twitter_card":"summary_large_image","twitter_misc":{"Est. reading time":"5 minutit"},"schema":{"@context":"https:\/\/schema.org","@graph":[{"@type":["WebPage","ItemPage"],"@id":"https:\/\/magnetarmagnets.com\/et\/shop\/beast-neoduummagnet-1400-kg-tombejoudu-360-universaalne-kalapuugimagnet\/","url":"https:\/\/magnetarmagnets.com\/et\/shop\/beast-neoduummagnet-1400-kg-tombejoudu-360-universaalne-kalapuugimagnet\/","name":"Beast 360\u00b0 allround neod\u00fc\u00fcmmagnet \u2013 1400 kg t\u00f5mbej\u00f5ud","isPartOf":{"@id":"https:\/\/magnetarmagnets.com\/et\/#website"},"primaryImageOfPage":{"@id":"https:\/\/magnetarmagnets.com\/et\/shop\/beast-neoduummagnet-1400-kg-tombejoudu-360-universaalne-kalapuugimagnet\/#primaryimage"},"image":{"@id":"https:\/\/magnetarmagnets.com\/et\/shop\/beast-neoduummagnet-1400-kg-tombejoudu-360-universaalne-kalapuugimagnet\/#primaryimage"},"thumbnailUrl":"https:\/\/magnetarmagnets.com\/wp-content\/uploads\/2019\/12\/Beast-magnet-360-Degrees-Neodymium.jpeg","datePublished":"2025-06-05T07:54:16+00:00","dateModified":"2026-04-14T19:34:39+00:00","description":"Beast magnetp\u00fc\u00fcgimagnet ei ole lihtsalt tugev, vaid METSILIKULT tugev \u2013 \u00f5ige hirmu\u00e4ratav! Magnetar, sinu magnetp\u00fc\u00fcgimagnetite spetsialist!","breadcrumb":{"@id":"https:\/\/magnetarmagnets.com\/et\/shop\/beast-neoduummagnet-1400-kg-tombejoudu-360-universaalne-kalapuugimagnet\/#breadcrumb"},"inLanguage":"et","potentialAction":[{"@type":"ReadAction","target":["https:\/\/magnetarmagnets.com\/et\/shop\/beast-neoduummagnet-1400-kg-tombejoudu-360-universaalne-kalapuugimagnet\/"]}]},{"@type":"ImageObject","inLanguage":"et","@id":"https:\/\/magnetarmagnets.com\/et\/shop\/beast-neoduummagnet-1400-kg-tombejoudu-360-universaalne-kalapuugimagnet\/#primaryimage","url":"https:\/\/magnetarmagnets.com\/wp-content\/uploads\/2019\/12\/Beast-magnet-360-Degrees-Neodymium.jpeg","contentUrl":"https:\/\/magnetarmagnets.com\/wp-content\/uploads\/2019\/12\/Beast-magnet-360-Degrees-Neodymium.jpeg","width":1000,"height":1000,"caption":"Beast fishing magnet 360 Degree 100 procent Neodymium"},{"@type":"BreadcrumbList","@id":"https:\/\/magnetarmagnets.com\/et\/shop\/beast-neoduummagnet-1400-kg-tombejoudu-360-universaalne-kalapuugimagnet\/#breadcrumb","itemListElement":[{"@type":"ListItem","position":1,"name":"Home","item":"https:\/\/magnetarmagnets.com\/et\/"},{"@type":"ListItem","position":2,"name":"pood","item":"https:\/\/magnetarmagnets.com\/et\/pood\/"},{"@type":"ListItem","position":3,"name":"K\u00f5ik tooted","item":"https:\/\/magnetarmagnets.com\/et\/collections\/koik-tooted\/"},{"@type":"ListItem","position":4,"name":"Beast 360\u00b0 allround neod\u00fc\u00fcmmagnet \u2013 1400 kg t\u00f5mbej\u00f5ud"}]},{"@type":"WebSite","@id":"https:\/\/magnetarmagnets.com\/et\/#website","url":"https:\/\/magnetarmagnets.com\/et\/","name":"Magnet fishing with a Magnetar fishing magnet","description":"Tugevad magnetid magnetp\u00fc\u00fcgiks","publisher":{"@id":"https:\/\/magnetarmagnets.com\/et\/#organization"},"potentialAction":[{"@type":"SearchAction","target":{"@type":"EntryPoint","urlTemplate":"https:\/\/magnetarmagnets.com\/et\/?s={search_term_string}"},"query-input":{"@type":"PropertyValueSpecification","valueRequired":true,"valueName":"search_term_string"}}],"inLanguage":"et"},{"@type":"Organization","@id":"https:\/\/magnetarmagnets.com\/et\/#organization","name":"Magnetar","url":"https:\/\/magnetarmagnets.com\/et\/","logo":{"@type":"ImageObject","inLanguage":"et","@id":"https:\/\/magnetarmagnets.com\/et\/#\/schema\/logo\/image\/","url":"https:\/\/magnetarmagnets.com\/wp-content\/uploads\/2025\/05\/Logo-03_PNG-Black-scaled.png","contentUrl":"https:\/\/magnetarmagnets.com\/wp-content\/uploads\/2025\/05\/Logo-03_PNG-Black-scaled.png","width":2560,"height":1658,"caption":"Magnetar"},"image":{"@id":"https:\/\/magnetarmagnets.com\/et\/#\/schema\/logo\/image\/"},"sameAs":["https:\/\/www.facebook.com\/fishingmagnets\/","https:\/\/www.instagram.com\/magnetar_magnets\/","https:\/\/www.linkedin.com\/company\/magnetarbv\/?originalSubdomain=nl","https:\/\/www.youtube.com\/c\/MagnetarVismagneet"]}]}},"_links":{"self":[{"href":"https:\/\/magnetarmagnets.com\/et\/wp-json\/wp\/v2\/product\/81578","targetHints":{"allow":["GET"]}}],"collection":[{"href":"https:\/\/magnetarmagnets.com\/et\/wp-json\/wp\/v2\/product"}],"about":[{"href":"https:\/\/magnetarmagnets.com\/et\/wp-json\/wp\/v2\/types\/product"}],"replies":[{"embeddable":true,"href":"https:\/\/magnetarmagnets.com\/et\/wp-json\/wp\/v2\/comments?post=81578"}],"version-history":[{"count":1,"href":"https:\/\/magnetarmagnets.com\/et\/wp-json\/wp\/v2\/product\/81578\/revisions"}],"predecessor-version":[{"id":94513,"href":"https:\/\/magnetarmagnets.com\/et\/wp-json\/wp\/v2\/product\/81578\/revisions\/94513"}],"wp:featuredmedia":[{"embeddable":true,"href":"https:\/\/magnetarmagnets.com\/et\/wp-json\/wp\/v2\/media\/72172"}],"wp:attachment":[{"href":"https:\/\/magnetarmagnets.com\/et\/wp-json\/wp\/v2\/media?parent=81578"}],"wp:term":[{"taxonomy":"product_brand","embeddable":true,"href":"https:\/\/magnetarmagnets.com\/et\/wp-json\/wp\/v2\/product_brand?post=81578"},{"taxonomy":"product_cat","embeddable":true,"href":"https:\/\/magnetarmagnets.com\/et\/wp-json\/wp\/v2\/product_cat?post=81578"},{"taxonomy":"product_tag","embeddable":true,"href":"https:\/\/magnetarmagnets.com\/et\/wp-json\/wp\/v2\/product_tag?post=81578"}],"curies":[{"name":"wp","href":"https:\/\/api.w.org\/{rel}","templated":true}]}}