{"id":81577,"date":"2025-06-05T09:54:17","date_gmt":"2025-06-05T07:54:17","guid":{"rendered":"https:\/\/magnetarmagnets.com\/?post_type=product&#038;p=81577"},"modified":"2026-04-27T20:53:26","modified_gmt":"2026-04-27T18:53:26","slug":"barbarian-neoduummagnet-1600-kg-koiksuunaline-360","status":"publish","type":"product","link":"https:\/\/magnetarmagnets.com\/et\/shop\/barbarian-neoduummagnet-1600-kg-koiksuunaline-360\/","title":{"rendered":"Barbarian neod\u00fc\u00fcmmagnet \u2013 1600 kg \u2013 360\u00b0 Allround"},"content":{"rendered":"* Kaitske magnetit <a href=\"https:\/\/magnetarmagnets.com\/shop\/the-barbarian-protection\/\" target=\"_blank\" rel=\"noopener\"><b>kaitsekatte<\/b><\/a> abil kalap\u00fc\u00fcgil. Ilma kaitsekatteta v\u00f5ib magnet l\u00f6\u00f6gist k\u00f5vade objektidega kannatada. Kaitsekatet ei kaasne magnetiga.\n\n\n\n<span style=\"font-weight: 400;\">Positiivne tagasiside meie <\/span><a href=\"https:\/\/magnetarmagnets.com\/shop\/hardcore-magnet-2\/\" target=\"_blank\" rel=\"noopener\"><b>Hardcore,<\/b><\/a> <a href=\"https:\/\/magnetarmagnets.com\/shop\/exclusive-terror-magnet\/\" target=\"_blank\" rel=\"noopener\"><b>Terror<\/b><\/a><span style=\"font-weight: 400;\"> ja <\/span><a href=\"https:\/\/magnetarmagnets.com\/shop\/beast-magnet\/\" target=\"_blank\" rel=\"noopener\"><b>Beast<\/b><\/a><span style=\"font-weight: 400;\"> magnetide kohta inspireeris meid looma uut superv\u00f5imet, BARBARIAN! See 100% neod\u00fc\u00fcmmagnet on loodud k\u00f5ige arenenumatele ja professionaalsetele magnetp\u00fc\u00fcdjatele. Suurem j\u00e4reltulija tuntud Beast magnetile, Barbarian omab eriti suurt diameetrit ja kombineeritud t\u00f5mbej\u00f5udu kuni 3500 lbs\/1600 kg. T\u00e4nu oma raskusele vajub see muda\/lodakihi alla eriti s\u00fcgavale, et j\u00f5uda k\u00f5ige peidetumate aardeideni.<\/span>\n\n\n\n<span style=\"font-weight: 400;\">Hoiatus \u2013 see pole laste m\u00e4ng! See kalap\u00fc\u00fcgimagnet on nii v\u00f5imas, et sellega tuleb \u00fcmber k\u00e4ia teadlikult. See ei sobi lastele! Magnetil on uskumatult tugev magnetiline t\u00f5mme ja see meelitab esemeid kaugele. Barbarian magnet ei karda \u00fcmarad, roostes v\u00f5i osaliselt sumbunud esemeid. Mitme tugeva magneti ostmisel soovitame hoida neid piisava vahemaa tagant ja hoiustada eraldi.<\/span>\n\n\n\n<h2><b>Kas oled valmis Barbarian magnetiga?<\/b><\/h2>\n\n<span style=\"font-weight: 400;\">Barbarian kalap\u00fc\u00fcgimagnetil on 360\u00b0 t\u00f5mbej\u00f5ud 3500 lbs \/ 1600 kg. Esemed t\u00f5mmatakse magneti igalt k\u00fcljelt igas veealuses olukorras (mud, lode, vool, kivine) ja see ei j\u00e4\u00e4 kividele kinni. Kujundatud k\u00f5ige arenenumatele magnetp\u00fc\u00fcdjatele, n\u00f5uab see magnet \u00e4\u00e4rmist ettevaatust ja hoolt.<\/span>\n\n\n\n<span style=\"font-weight: 400;\">See raskekaalliline magnet sobib ainult professionaalsetele magnetp\u00fc\u00fcdjatele. Oma kaalut\u00f5usu t\u00f5ttu ei saa seda kaugele visata, kuid see korvab kauguse suutlikkuse k\u00f5igil maastikel, s\u00fcgavustes, veeteedel ja aarete otsimisel. See on suurim ja tugevam kalap\u00fc\u00fcgimagnet turul. See suudab \u00fche viskega k\u00e4tte saada igasugused aarded: seifid, relvad, autovaruosad, t\u00f5ukerattad, elektrijalgrattad ja palju muud.<\/span>\n\n<h2><b>Magneedi areng<\/b><\/h2>\n\n<span style=\"font-weight: 400;\">Paljud magnetid t\u00f5mbavad esemeid ainult \u00fchest k\u00fcljest. See \u00fchepoolne magnet on klassikaline kalap\u00fc\u00fcgimagnet. Magnetar oli esimene ettev\u00f5te, kes arendas selle \u00fcmber <a href=\"https:\/\/magnetarmagnets.com\/double-sided-fishing-magnet\/\" target=\"_blank\" rel=\"noopener\">kaksikpoolseks magnetiks<\/a>. 2016. aastal l\u00f5ime 360\u00b0 k\u00f5ikeh\u00f5lmava magnetp\u00fc\u00fcgimagneti. Magnetp\u00fc\u00fcdjad kogu ELis eelistavad meie 100% neod\u00fc\u00fcmmagneteid, tehes meist Euroopa #1 tarnija. Meie magnetid on kujundatud ja valmistatud v\u00e4ikese meeskonna poolt, kes on ise magnetp\u00fc\u00fcgi entusiastid. Kliendid tulevad tagasi, sest Magnetar pakub rohkem kui lihtsalt magneti \u2013 see toob aardeid.<\/span>\n\n<h2><b>V\u00f5imas 360\u00b0 t\u00f5mbej\u00f5ud<\/b><\/h2>\n\n<span style=\"font-weight: 400;\">Barbarian magnet on tugevaim, mida me pakume, t\u00f5mbej\u00f5ud kuni 3500 lbs\/1600 kg. Selle j\u00f5uline t\u00f5mme meelitab esemeid kogu \u00fcmbritsevast piirkonnast, erinevalt \u00fchepoolsetest teraskatetega magnetitest, mis suunavad t\u00f5mbej\u00f5u vaid \u00fchte suunda. Huvitatud meie m\u00f5\u00f5tmismetoodikast? <a href=\"https:\/\/www.youtube.com\/watch?v=2McW3RURDxs\" target=\"_blank\" rel=\"noopener\">Vaadake videot<\/a>.<\/span>\n\n<h2><b>K\u00f5rge kvaliteet<\/b><\/h2>\n\n<span style=\"font-weight: 400;\">Meie kalap\u00fc\u00fcgimagnetid on valmistatud neod\u00fc\u00fcmiast. Magnetar\u2019i magnetid s\u00e4ilitavad oma t\u00f5mbej\u00f5udu aastak\u00fcmneid, kaotades vaid 1% iga 100 aasta j\u00e4rel (\u00f5ige hoiustamise, hoolduse ja kaitse korral).<\/span>\n\n\n\n<span style=\"font-weight: 400;\">Enamik teisi magnetitarnijaid n\u00e4itab t\u00f5mbej\u00f5u kadu juba m\u00f5ne n\u00e4dala j\u00e4rel. Viimastel aastatel on turule ilmunud \u00fcha enam madala kvaliteediga magneteid: suuremad magnetid madalama t\u00f5mbej\u00f5uga, kehv neod\u00fc\u00fcmmaterjal, eksitav reklaam. Odavamate v\u00f5i suurte kontsernitarnijate magnetite ostmisel v\u00f5ite l\u00f5puks pettuda, kuigi s\u00e4\u00e4stsite natuke raha.<\/span>\n\n\n\n<span style=\"font-weight: 400;\">Magnetar on v\u00e4ike pereettev\u00f5te, kes seab kvaliteedi esikohale. Oleme magnetp\u00fc\u00fcgi entusiastid ja k\u00f5ik meie magnetid on meie meeskonna disaini ja tootmise tulemus, et tagada teile parim tulemus ja v\u00e4\u00e4rtus. Kui soovite usaldusv\u00e4\u00e4rset, t\u00f5husat ja v\u00f5imsat magnetit, olete \u00f5iges kohas. Meie meeskond ootab teie k\u00fcsimusi, <a href=\"mailto:info@magnetarmagnets.com\" target=\"_blank\" rel=\"noopener\">v\u00f5tke meiega \u00fchendust siin<\/a>.<\/span>\n\n\n\n\u00c4rge unustage tutvuda meie <a href=\"https:\/\/magnetarmagnets.com\/magnet-fishing-kit\/\" target=\"_blank\" rel=\"noopener\">magnetp\u00fc\u00fcgikomplektidega<\/a> v\u00f5i meie <a href=\"https:\/\/magnetarmagnets.com\/accessories\/\" target=\"_blank\" rel=\"noopener\">magnetp\u00fc\u00fcgitarvikutega<\/a>.\n\n<h2><b>Kaitsekate<\/b><\/h2>\n\n<span style=\"font-weight: 400;\">Kaitsekatted on ideaalne lisavarustus magnetp\u00fc\u00fcdjatele, kes soovivad oma neod\u00fc\u00fcmmagneteid kasutamisel kaitsta. Need vastupidavad katted on spetsiaalselt disainitud magnetile ideaalselt sobima ning pakuvad lisakihi kriimustuste, murdumiste ja muude kahjustuste eest. Meie kaitsekatted on vastupidavad ja taluvad k\u00f5ige karmimaid tingimusi. Katted on valmistatud roostevabast terasest, tagades magneti 360\u00b0 magnetilisuse s\u00e4ilimise. Kaitsekate on v\u00f5imalik osta eraldi lisavarustusena.\n\n\n\n<span style=\"font-weight: 400;\">(Pange t\u00e4hele, et magneti p\u00f5hja ei kata kaitsekate)<\/span>\n\n<h2><b>Kasutage Barbariani ettevaatlikult<\/b><\/h2>\n\n<span style=\"font-weight: 400;\">Meie neod\u00fc\u00fcmmagnetid on v\u00e4ga v\u00f5imsad ja l\u00e4hevad l\u00e4hedal asuvatele rauaesemetele suurel kiirusel ligi. Tugevamate magnetide, nagu 360\u00b0 Allround, puhul v\u00f5ib s\u00f5rmed j\u00e4\u00e4da magneti ja teiste esemete vahele. K\u00e4itlege magneteid ettevaatlikult ja kasutate omal vastutusel. Enne kasutamist tutvuge alati meie ohutusjuhistega.<\/span>\n\n\n\n<span style=\"font-weight: 400;\">* Lapsed peavad magnetit kasutama t\u00e4iskasvanu j\u00e4relevalve all.<\/span>","protected":false},"excerpt":{"rendered":"<p><span style=\"font-weight: 400;\">Barbarian magnet on erakordselt suur magnetp\u00fc\u00fcgimagnet, mis on spetsiaalselt loodud professionaalsetele ja kogenud magnetp\u00fc\u00fcdjatele. <\/span><\/p>\n<p><span style=\"font-weight: 400;\">See on maailma v\u00f5imsaim <strong>360\u00b0 k\u00f5ikeh\u00f5lmav magnet<\/strong> t\u00f5mbej\u00f5uga <strong>1600 kg<\/strong>! Valmistatud 100% puhtast neod\u00fc\u00fcmiast k\u00f5rgeima kvaliteediga, on see magnet veelgi \u00e4\u00e4rmuslikum kui meie tuntud Beast magnet. <\/span><\/p>\n<p><span style=\"font-weight: 400;\">Sellel magnetil on t\u00e4iendavad ohud. K\u00e4itlege ja hoidke seda magnetit \u00e4\u00e4rmise ettevaatlikkusega. Hoidke lastele k\u00e4ttesaamatus kohas.<\/span><\/p>\n","protected":false},"featured_media":72176,"comment_status":"open","ping_status":"closed","template":"","meta":{"_acf_changed":false,"inline_featured_image":false},"product_brand":[],"product_cat":[607,1002,602,616,604],"product_tag":[],"class_list":{"0":"post-81577","1":"product","2":"type-product","3":"status-publish","4":"has-post-thumbnail","6":"product_cat-allround-fiskemagneter-360","7":"product_cat-koik-tooted","8":"product_cat-fiskemagneter","9":"product_cat-profesjonelle","10":"product_cat-sterkeste-fiskemagneter","12":"first","13":"instock","14":"taxable","15":"shipping-taxable","16":"purchasable","17":"product-type-simple"},"acf":[],"yoast_head":"<!-- This site is optimized with the Yoast SEO plugin v27.4 - https:\/\/yoast.com\/product\/yoast-seo-wordpress\/ -->\n<title>Barbarian neod\u00fc\u00fcmmagnet \u2013 1600 kg \u2013 360\u00b0 Allround<\/title>\n<meta name=\"description\" content=\"Barbarian kalap\u00fc\u00fcgimagnet: Euroopa k\u00f5ige \u00e4\u00e4rmuslikum magnetp\u00fc\u00fcgimagnet! Tellige parimad magnetid oma magnetp\u00fc\u00fcgispetsialistilt: Magnetar!\" \/>\n<meta name=\"robots\" content=\"index, follow, max-snippet:-1, max-image-preview:large, max-video-preview:-1\" \/>\n<link rel=\"canonical\" href=\"https:\/\/magnetarmagnets.com\/et\/shop\/barbarian-neoduummagnet-1600-kg-koiksuunaline-360\/\" \/>\n<meta property=\"og:locale\" content=\"et_EE\" \/>\n<meta property=\"og:type\" content=\"article\" \/>\n<meta property=\"og:title\" content=\"Barbarian neod\u00fc\u00fcmmagnet \u2013 1600 kg \u2013 360\u00b0 Allround\" \/>\n<meta property=\"og:description\" content=\"Barbarian kalap\u00fc\u00fcgimagnet: Euroopa k\u00f5ige \u00e4\u00e4rmuslikum magnetp\u00fc\u00fcgimagnet! Tellige parimad magnetid oma magnetp\u00fc\u00fcgispetsialistilt: Magnetar!\" \/>\n<meta property=\"og:url\" content=\"https:\/\/magnetarmagnets.com\/et\/shop\/barbarian-neoduummagnet-1600-kg-koiksuunaline-360\/\" \/>\n<meta property=\"og:site_name\" content=\"Magnet fishing with a Magnetar fishing magnet\" \/>\n<meta property=\"article:publisher\" content=\"https:\/\/www.facebook.com\/fishingmagnets\/\" \/>\n<meta property=\"article:modified_time\" content=\"2026-04-27T18:53:26+00:00\" \/>\n<meta property=\"og:image\" content=\"https:\/\/magnetarmagnets.com\/wp-content\/uploads\/2020\/06\/Barbarian-magnet-360-Degrees-Neodymium.jpeg\" \/>\n\t<meta property=\"og:image:width\" content=\"1000\" \/>\n\t<meta property=\"og:image:height\" content=\"1000\" \/>\n\t<meta property=\"og:image:type\" content=\"image\/jpeg\" \/>\n<meta name=\"twitter:card\" content=\"summary_large_image\" \/>\n<meta name=\"twitter:label1\" content=\"Est. reading time\" \/>\n\t<meta name=\"twitter:data1\" content=\"5 minutit\" \/>\n<script type=\"application\/ld+json\" class=\"yoast-schema-graph\">{\"@context\":\"https:\\\/\\\/schema.org\",\"@graph\":[{\"@type\":[\"WebPage\",\"ItemPage\"],\"@id\":\"https:\\\/\\\/magnetarmagnets.com\\\/et\\\/shop\\\/barbarian-neoduummagnet-1600-kg-koiksuunaline-360\\\/\",\"url\":\"https:\\\/\\\/magnetarmagnets.com\\\/et\\\/shop\\\/barbarian-neoduummagnet-1600-kg-koiksuunaline-360\\\/\",\"name\":\"Barbarian neod\u00fc\u00fcmmagnet \u2013 1600 kg \u2013 360\u00b0 Allround\",\"isPartOf\":{\"@id\":\"https:\\\/\\\/magnetarmagnets.com\\\/et\\\/#website\"},\"primaryImageOfPage\":{\"@id\":\"https:\\\/\\\/magnetarmagnets.com\\\/et\\\/shop\\\/barbarian-neoduummagnet-1600-kg-koiksuunaline-360\\\/#primaryimage\"},\"image\":{\"@id\":\"https:\\\/\\\/magnetarmagnets.com\\\/et\\\/shop\\\/barbarian-neoduummagnet-1600-kg-koiksuunaline-360\\\/#primaryimage\"},\"thumbnailUrl\":\"https:\\\/\\\/magnetarmagnets.com\\\/wp-content\\\/uploads\\\/2020\\\/06\\\/Barbarian-magnet-360-Degrees-Neodymium.jpeg\",\"datePublished\":\"2025-06-05T07:54:17+00:00\",\"dateModified\":\"2026-04-27T18:53:26+00:00\",\"description\":\"Barbarian kalap\u00fc\u00fcgimagnet: Euroopa k\u00f5ige \u00e4\u00e4rmuslikum magnetp\u00fc\u00fcgimagnet! Tellige parimad magnetid oma magnetp\u00fc\u00fcgispetsialistilt: Magnetar!\",\"breadcrumb\":{\"@id\":\"https:\\\/\\\/magnetarmagnets.com\\\/et\\\/shop\\\/barbarian-neoduummagnet-1600-kg-koiksuunaline-360\\\/#breadcrumb\"},\"inLanguage\":\"et\",\"potentialAction\":[{\"@type\":\"ReadAction\",\"target\":[\"https:\\\/\\\/magnetarmagnets.com\\\/et\\\/shop\\\/barbarian-neoduummagnet-1600-kg-koiksuunaline-360\\\/\"]}]},{\"@type\":\"ImageObject\",\"inLanguage\":\"et\",\"@id\":\"https:\\\/\\\/magnetarmagnets.com\\\/et\\\/shop\\\/barbarian-neoduummagnet-1600-kg-koiksuunaline-360\\\/#primaryimage\",\"url\":\"https:\\\/\\\/magnetarmagnets.com\\\/wp-content\\\/uploads\\\/2020\\\/06\\\/Barbarian-magnet-360-Degrees-Neodymium.jpeg\",\"contentUrl\":\"https:\\\/\\\/magnetarmagnets.com\\\/wp-content\\\/uploads\\\/2020\\\/06\\\/Barbarian-magnet-360-Degrees-Neodymium.jpeg\",\"width\":1000,\"height\":1000,\"caption\":\"Barbarian for magnet fishing with 360 Degrees Neodymium power\"},{\"@type\":\"BreadcrumbList\",\"@id\":\"https:\\\/\\\/magnetarmagnets.com\\\/et\\\/shop\\\/barbarian-neoduummagnet-1600-kg-koiksuunaline-360\\\/#breadcrumb\",\"itemListElement\":[{\"@type\":\"ListItem\",\"position\":1,\"name\":\"Home\",\"item\":\"https:\\\/\\\/magnetarmagnets.com\\\/et\\\/\"},{\"@type\":\"ListItem\",\"position\":2,\"name\":\"pood\",\"item\":\"https:\\\/\\\/magnetarmagnets.com\\\/et\\\/pood\\\/\"},{\"@type\":\"ListItem\",\"position\":3,\"name\":\"K\u00f5ik tooted\",\"item\":\"https:\\\/\\\/magnetarmagnets.com\\\/et\\\/collections\\\/koik-tooted\\\/\"},{\"@type\":\"ListItem\",\"position\":4,\"name\":\"Barbarian neod\u00fc\u00fcmmagnet \u2013 1600 kg \u2013 360\u00b0 Allround\"}]},{\"@type\":\"WebSite\",\"@id\":\"https:\\\/\\\/magnetarmagnets.com\\\/et\\\/#website\",\"url\":\"https:\\\/\\\/magnetarmagnets.com\\\/et\\\/\",\"name\":\"Magnet fishing with a Magnetar fishing magnet\",\"description\":\"Tugevad magnetid magnetp\u00fc\u00fcgiks\",\"publisher\":{\"@id\":\"https:\\\/\\\/magnetarmagnets.com\\\/et\\\/#organization\"},\"potentialAction\":[{\"@type\":\"SearchAction\",\"target\":{\"@type\":\"EntryPoint\",\"urlTemplate\":\"https:\\\/\\\/magnetarmagnets.com\\\/et\\\/?s={search_term_string}\"},\"query-input\":{\"@type\":\"PropertyValueSpecification\",\"valueRequired\":true,\"valueName\":\"search_term_string\"}}],\"inLanguage\":\"et\"},{\"@type\":\"Organization\",\"@id\":\"https:\\\/\\\/magnetarmagnets.com\\\/et\\\/#organization\",\"name\":\"Magnetar\",\"url\":\"https:\\\/\\\/magnetarmagnets.com\\\/et\\\/\",\"logo\":{\"@type\":\"ImageObject\",\"inLanguage\":\"et\",\"@id\":\"https:\\\/\\\/magnetarmagnets.com\\\/et\\\/#\\\/schema\\\/logo\\\/image\\\/\",\"url\":\"https:\\\/\\\/magnetarmagnets.com\\\/wp-content\\\/uploads\\\/2025\\\/05\\\/Logo-03_PNG-Black-scaled.png\",\"contentUrl\":\"https:\\\/\\\/magnetarmagnets.com\\\/wp-content\\\/uploads\\\/2025\\\/05\\\/Logo-03_PNG-Black-scaled.png\",\"width\":2560,\"height\":1658,\"caption\":\"Magnetar\"},\"image\":{\"@id\":\"https:\\\/\\\/magnetarmagnets.com\\\/et\\\/#\\\/schema\\\/logo\\\/image\\\/\"},\"sameAs\":[\"https:\\\/\\\/www.facebook.com\\\/fishingmagnets\\\/\",\"https:\\\/\\\/www.instagram.com\\\/magnetar_magnets\\\/\",\"https:\\\/\\\/www.linkedin.com\\\/company\\\/magnetarbv\\\/?originalSubdomain=nl\",\"https:\\\/\\\/www.youtube.com\\\/c\\\/MagnetarVismagneet\"]}]}<\/script>\n<!-- \/ Yoast SEO plugin. -->","yoast_head_json":{"title":"Barbarian neod\u00fc\u00fcmmagnet \u2013 1600 kg \u2013 360\u00b0 Allround","description":"Barbarian kalap\u00fc\u00fcgimagnet: Euroopa k\u00f5ige \u00e4\u00e4rmuslikum magnetp\u00fc\u00fcgimagnet! Tellige parimad magnetid oma magnetp\u00fc\u00fcgispetsialistilt: Magnetar!","robots":{"index":"index","follow":"follow","max-snippet":"max-snippet:-1","max-image-preview":"max-image-preview:large","max-video-preview":"max-video-preview:-1"},"canonical":"https:\/\/magnetarmagnets.com\/et\/shop\/barbarian-neoduummagnet-1600-kg-koiksuunaline-360\/","og_locale":"et_EE","og_type":"article","og_title":"Barbarian neod\u00fc\u00fcmmagnet \u2013 1600 kg \u2013 360\u00b0 Allround","og_description":"Barbarian kalap\u00fc\u00fcgimagnet: Euroopa k\u00f5ige \u00e4\u00e4rmuslikum magnetp\u00fc\u00fcgimagnet! Tellige parimad magnetid oma magnetp\u00fc\u00fcgispetsialistilt: Magnetar!","og_url":"https:\/\/magnetarmagnets.com\/et\/shop\/barbarian-neoduummagnet-1600-kg-koiksuunaline-360\/","og_site_name":"Magnet fishing with a Magnetar fishing magnet","article_publisher":"https:\/\/www.facebook.com\/fishingmagnets\/","article_modified_time":"2026-04-27T18:53:26+00:00","og_image":[{"width":1000,"height":1000,"url":"https:\/\/magnetarmagnets.com\/wp-content\/uploads\/2020\/06\/Barbarian-magnet-360-Degrees-Neodymium.jpeg","type":"image\/jpeg"}],"twitter_card":"summary_large_image","twitter_misc":{"Est. reading time":"5 minutit"},"schema":{"@context":"https:\/\/schema.org","@graph":[{"@type":["WebPage","ItemPage"],"@id":"https:\/\/magnetarmagnets.com\/et\/shop\/barbarian-neoduummagnet-1600-kg-koiksuunaline-360\/","url":"https:\/\/magnetarmagnets.com\/et\/shop\/barbarian-neoduummagnet-1600-kg-koiksuunaline-360\/","name":"Barbarian neod\u00fc\u00fcmmagnet \u2013 1600 kg \u2013 360\u00b0 Allround","isPartOf":{"@id":"https:\/\/magnetarmagnets.com\/et\/#website"},"primaryImageOfPage":{"@id":"https:\/\/magnetarmagnets.com\/et\/shop\/barbarian-neoduummagnet-1600-kg-koiksuunaline-360\/#primaryimage"},"image":{"@id":"https:\/\/magnetarmagnets.com\/et\/shop\/barbarian-neoduummagnet-1600-kg-koiksuunaline-360\/#primaryimage"},"thumbnailUrl":"https:\/\/magnetarmagnets.com\/wp-content\/uploads\/2020\/06\/Barbarian-magnet-360-Degrees-Neodymium.jpeg","datePublished":"2025-06-05T07:54:17+00:00","dateModified":"2026-04-27T18:53:26+00:00","description":"Barbarian kalap\u00fc\u00fcgimagnet: Euroopa k\u00f5ige \u00e4\u00e4rmuslikum magnetp\u00fc\u00fcgimagnet! Tellige parimad magnetid oma magnetp\u00fc\u00fcgispetsialistilt: Magnetar!","breadcrumb":{"@id":"https:\/\/magnetarmagnets.com\/et\/shop\/barbarian-neoduummagnet-1600-kg-koiksuunaline-360\/#breadcrumb"},"inLanguage":"et","potentialAction":[{"@type":"ReadAction","target":["https:\/\/magnetarmagnets.com\/et\/shop\/barbarian-neoduummagnet-1600-kg-koiksuunaline-360\/"]}]},{"@type":"ImageObject","inLanguage":"et","@id":"https:\/\/magnetarmagnets.com\/et\/shop\/barbarian-neoduummagnet-1600-kg-koiksuunaline-360\/#primaryimage","url":"https:\/\/magnetarmagnets.com\/wp-content\/uploads\/2020\/06\/Barbarian-magnet-360-Degrees-Neodymium.jpeg","contentUrl":"https:\/\/magnetarmagnets.com\/wp-content\/uploads\/2020\/06\/Barbarian-magnet-360-Degrees-Neodymium.jpeg","width":1000,"height":1000,"caption":"Barbarian for magnet fishing with 360 Degrees Neodymium power"},{"@type":"BreadcrumbList","@id":"https:\/\/magnetarmagnets.com\/et\/shop\/barbarian-neoduummagnet-1600-kg-koiksuunaline-360\/#breadcrumb","itemListElement":[{"@type":"ListItem","position":1,"name":"Home","item":"https:\/\/magnetarmagnets.com\/et\/"},{"@type":"ListItem","position":2,"name":"pood","item":"https:\/\/magnetarmagnets.com\/et\/pood\/"},{"@type":"ListItem","position":3,"name":"K\u00f5ik tooted","item":"https:\/\/magnetarmagnets.com\/et\/collections\/koik-tooted\/"},{"@type":"ListItem","position":4,"name":"Barbarian neod\u00fc\u00fcmmagnet \u2013 1600 kg \u2013 360\u00b0 Allround"}]},{"@type":"WebSite","@id":"https:\/\/magnetarmagnets.com\/et\/#website","url":"https:\/\/magnetarmagnets.com\/et\/","name":"Magnet fishing with a Magnetar fishing magnet","description":"Tugevad magnetid magnetp\u00fc\u00fcgiks","publisher":{"@id":"https:\/\/magnetarmagnets.com\/et\/#organization"},"potentialAction":[{"@type":"SearchAction","target":{"@type":"EntryPoint","urlTemplate":"https:\/\/magnetarmagnets.com\/et\/?s={search_term_string}"},"query-input":{"@type":"PropertyValueSpecification","valueRequired":true,"valueName":"search_term_string"}}],"inLanguage":"et"},{"@type":"Organization","@id":"https:\/\/magnetarmagnets.com\/et\/#organization","name":"Magnetar","url":"https:\/\/magnetarmagnets.com\/et\/","logo":{"@type":"ImageObject","inLanguage":"et","@id":"https:\/\/magnetarmagnets.com\/et\/#\/schema\/logo\/image\/","url":"https:\/\/magnetarmagnets.com\/wp-content\/uploads\/2025\/05\/Logo-03_PNG-Black-scaled.png","contentUrl":"https:\/\/magnetarmagnets.com\/wp-content\/uploads\/2025\/05\/Logo-03_PNG-Black-scaled.png","width":2560,"height":1658,"caption":"Magnetar"},"image":{"@id":"https:\/\/magnetarmagnets.com\/et\/#\/schema\/logo\/image\/"},"sameAs":["https:\/\/www.facebook.com\/fishingmagnets\/","https:\/\/www.instagram.com\/magnetar_magnets\/","https:\/\/www.linkedin.com\/company\/magnetarbv\/?originalSubdomain=nl","https:\/\/www.youtube.com\/c\/MagnetarVismagneet"]}]}},"_links":{"self":[{"href":"https:\/\/magnetarmagnets.com\/et\/wp-json\/wp\/v2\/product\/81577","targetHints":{"allow":["GET"]}}],"collection":[{"href":"https:\/\/magnetarmagnets.com\/et\/wp-json\/wp\/v2\/product"}],"about":[{"href":"https:\/\/magnetarmagnets.com\/et\/wp-json\/wp\/v2\/types\/product"}],"replies":[{"embeddable":true,"href":"https:\/\/magnetarmagnets.com\/et\/wp-json\/wp\/v2\/comments?post=81577"}],"version-history":[{"count":1,"href":"https:\/\/magnetarmagnets.com\/et\/wp-json\/wp\/v2\/product\/81577\/revisions"}],"predecessor-version":[{"id":94601,"href":"https:\/\/magnetarmagnets.com\/et\/wp-json\/wp\/v2\/product\/81577\/revisions\/94601"}],"wp:featuredmedia":[{"embeddable":true,"href":"https:\/\/magnetarmagnets.com\/et\/wp-json\/wp\/v2\/media\/72176"}],"wp:attachment":[{"href":"https:\/\/magnetarmagnets.com\/et\/wp-json\/wp\/v2\/media?parent=81577"}],"wp:term":[{"taxonomy":"product_brand","embeddable":true,"href":"https:\/\/magnetarmagnets.com\/et\/wp-json\/wp\/v2\/product_brand?post=81577"},{"taxonomy":"product_cat","embeddable":true,"href":"https:\/\/magnetarmagnets.com\/et\/wp-json\/wp\/v2\/product_cat?post=81577"},{"taxonomy":"product_tag","embeddable":true,"href":"https:\/\/magnetarmagnets.com\/et\/wp-json\/wp\/v2\/product_tag?post=81577"}],"curies":[{"name":"wp","href":"https:\/\/api.w.org\/{rel}","templated":true}]}}