{"id":81575,"date":"2025-06-05T09:54:38","date_gmt":"2025-06-05T07:54:38","guid":{"rendered":"https:\/\/magnetarmagnets.com\/?post_type=product&#038;p=81575"},"modified":"2026-04-03T18:36:20","modified_gmt":"2026-04-03T16:36:20","slug":"magneetide-hoiukast","status":"publish","type":"product","link":"https:\/\/magnetarmagnets.com\/et\/shop\/magneetide-hoiukast\/","title":{"rendered":"Magneetide hoiukast"},"content":{"rendered":"<h2>Magneetide hoiukast &#8211; SUUR<\/h2>\nSelles suures ja luksuslikus magnetkalap\u00fc\u00fcgi hoiukastis saad h\u00f5lpsasti transportida oma magneete autos, rolleris v\u00f5i jalgrattal. Nii on su magnetid h\u00e4sti kaitstud ja neid on lihtne viia uude magnetkalap\u00fc\u00fcgi kohta. See karp suurendab magnetkalap\u00fc\u00fcgi l\u00f5bu ja on iga magnetkalap\u00fc\u00fcdja jaoks asendamatu! K\u00f5ik varustus \u00fches kohas. See on tugev ja kvaliteetne hoiukast.\n\nL 16\u2019\u2019 x B 14.5\u2019\u2019 x H 6.25\u2019\u2019\n\nSee kaitsekast on robustne ja lihtne avada ning sulgeda. Sellesse plastkasti saad hoiustada nii magneteid kui ka t\u00f6\u00f6riistu v\u00f5i muid esemeid. See mugav Magnetari karp on ideaalne kogu magnetkalap\u00fc\u00fcgi komplekti hoiustamiseks. T\u00e4iuslik magneti ja k\u00f5igi tarvikute turvaliseks ning lihtsaks hoiustamiseks. V\u00f5ta kaasa oma t\u00e4iskomplekt ja suundu seiklusele. P\u00e4rast <a href=\"https:\/\/magnetarmagnets.com\/\" target=\"_blank\" rel=\"noopener\">magnetkalap\u00fc\u00fcki<\/a> saad k\u00f5ik j\u00e4lle korralikult \u00e4ra paigutada. Nipp: kuivata k\u00f5ik esmalt enne, kui paned need kasti.\n\n\u00c4ra unusta sirvida <a href=\"https:\/\/magnetarmagnets.com\/collections\/fishing-magnets\/magnet-fishing-kit\/\" target=\"_blank\" rel=\"noopener\">parimaid magnetkalap\u00fc\u00fcgi komplekte<\/a> v\u00f5i meie <a href=\"https:\/\/magnetarmagnets.com\/accessories\/\" target=\"_blank\" rel=\"noopener\">magnetkalap\u00fc\u00fcgivarustust<\/a>.","protected":false},"excerpt":{"rendered":"<p>Magnetar\u00ae karp on loodud <strong>vastupidavaks kaitseks<\/strong> taskukohase hinnaga. See magnetkalap\u00fc\u00fcgi hoiukast mahutab h\u00f5lpsasti <strong>magneti ja mitmeid tarvikuid<\/strong>.<\/p>\n<p>Sobib k\u00f5igile <strong><a href=\"https:\/\/magnetarmagnets.com\/shop\/magnet-fishing-rope\/\">k\u00f6itele<\/a><\/strong>, <strong><a href=\"https:\/\/magnetarmagnets.com\/shop\/magnet-fishing-glove\/\">kindastele<\/a><\/strong> ja <strong><a href=\"https:\/\/magnetarmagnets.com\/collections\/fishing-magnets\/\">magnetidele<\/a><\/strong> Magnetar&#8217;i valikust.<\/p>\n","protected":false},"featured_media":74727,"comment_status":"open","ping_status":"closed","template":"","meta":{"_acf_changed":false,"inline_featured_image":false},"product_brand":[],"product_cat":[419,500,422],"product_tag":[],"class_list":{"0":"post-81575","1":"product","2":"type-product","3":"status-publish","4":"has-post-thumbnail","6":"product_cat-merchandise-et","7":"product_cat-otsingumagneti-varustus","8":"product_cat-varustus","10":"first","11":"instock","12":"taxable","13":"shipping-taxable","14":"purchasable","15":"product-type-simple"},"acf":[],"yoast_head":"<!-- This site is optimized with the Yoast SEO plugin v27.3 - https:\/\/yoast.com\/product\/yoast-seo-wordpress\/ -->\n<title>Magneetide hoiukast - Magnet fishing with a Magnetar fishing magnet<\/title>\n<meta name=\"description\" content=\"Magneetide hoiukast - kaitse oma Magnetar varustust\" \/>\n<meta name=\"robots\" content=\"index, follow, max-snippet:-1, max-image-preview:large, max-video-preview:-1\" \/>\n<link rel=\"canonical\" href=\"https:\/\/magnetarmagnets.com\/et\/shop\/magneetide-hoiukast\/\" \/>\n<meta property=\"og:locale\" content=\"et_EE\" \/>\n<meta property=\"og:type\" content=\"article\" \/>\n<meta property=\"og:title\" content=\"Magneetide hoiukast - Magnet fishing with a Magnetar fishing magnet\" \/>\n<meta property=\"og:description\" content=\"Magneetide hoiukast - kaitse oma Magnetar varustust\" \/>\n<meta property=\"og:url\" content=\"https:\/\/magnetarmagnets.com\/et\/shop\/magneetide-hoiukast\/\" \/>\n<meta property=\"og:site_name\" content=\"Magnet fishing with a Magnetar fishing magnet\" \/>\n<meta property=\"article:publisher\" content=\"https:\/\/www.facebook.com\/fishingmagnets\/\" \/>\n<meta property=\"article:modified_time\" content=\"2026-04-03T16:36:20+00:00\" \/>\n<meta property=\"og:image\" content=\"https:\/\/magnetarmagnets.com\/wp-content\/uploads\/2021\/11\/JNF-Magnetar-B.V.-Productfotografie-07-04-2024-Foto-0357-scaled.jpg\" \/>\n\t<meta property=\"og:image:width\" content=\"2560\" \/>\n\t<meta property=\"og:image:height\" content=\"2560\" \/>\n\t<meta property=\"og:image:type\" content=\"image\/jpeg\" \/>\n<meta name=\"twitter:card\" content=\"summary_large_image\" \/>\n<meta name=\"twitter:label1\" content=\"Est. reading time\" \/>\n\t<meta name=\"twitter:data1\" content=\"1 minut\" \/>\n<script type=\"application\/ld+json\" class=\"yoast-schema-graph\">{\"@context\":\"https:\\\/\\\/schema.org\",\"@graph\":[{\"@type\":[\"WebPage\",\"ItemPage\"],\"@id\":\"https:\\\/\\\/magnetarmagnets.com\\\/et\\\/shop\\\/magneetide-hoiukast\\\/\",\"url\":\"https:\\\/\\\/magnetarmagnets.com\\\/et\\\/shop\\\/magneetide-hoiukast\\\/\",\"name\":\"Magneetide hoiukast - Magnet fishing with a Magnetar fishing magnet\",\"isPartOf\":{\"@id\":\"https:\\\/\\\/magnetarmagnets.com\\\/et\\\/#website\"},\"primaryImageOfPage\":{\"@id\":\"https:\\\/\\\/magnetarmagnets.com\\\/et\\\/shop\\\/magneetide-hoiukast\\\/#primaryimage\"},\"image\":{\"@id\":\"https:\\\/\\\/magnetarmagnets.com\\\/et\\\/shop\\\/magneetide-hoiukast\\\/#primaryimage\"},\"thumbnailUrl\":\"https:\\\/\\\/magnetarmagnets.com\\\/wp-content\\\/uploads\\\/2021\\\/11\\\/JNF-Magnetar-B.V.-Productfotografie-07-04-2024-Foto-0357-scaled.jpg\",\"datePublished\":\"2025-06-05T07:54:38+00:00\",\"dateModified\":\"2026-04-03T16:36:20+00:00\",\"description\":\"Magneetide hoiukast - kaitse oma Magnetar varustust\",\"breadcrumb\":{\"@id\":\"https:\\\/\\\/magnetarmagnets.com\\\/et\\\/shop\\\/magneetide-hoiukast\\\/#breadcrumb\"},\"inLanguage\":\"et\",\"potentialAction\":[{\"@type\":\"ReadAction\",\"target\":[\"https:\\\/\\\/magnetarmagnets.com\\\/et\\\/shop\\\/magneetide-hoiukast\\\/\"]}]},{\"@type\":\"ImageObject\",\"inLanguage\":\"et\",\"@id\":\"https:\\\/\\\/magnetarmagnets.com\\\/et\\\/shop\\\/magneetide-hoiukast\\\/#primaryimage\",\"url\":\"https:\\\/\\\/magnetarmagnets.com\\\/wp-content\\\/uploads\\\/2021\\\/11\\\/JNF-Magnetar-B.V.-Productfotografie-07-04-2024-Foto-0357-scaled.jpg\",\"contentUrl\":\"https:\\\/\\\/magnetarmagnets.com\\\/wp-content\\\/uploads\\\/2021\\\/11\\\/JNF-Magnetar-B.V.-Productfotografie-07-04-2024-Foto-0357-scaled.jpg\",\"width\":2560,\"height\":2560,\"caption\":\"Magnetar Fishing Magnet Case\"},{\"@type\":\"BreadcrumbList\",\"@id\":\"https:\\\/\\\/magnetarmagnets.com\\\/et\\\/shop\\\/magneetide-hoiukast\\\/#breadcrumb\",\"itemListElement\":[{\"@type\":\"ListItem\",\"position\":1,\"name\":\"Home\",\"item\":\"https:\\\/\\\/magnetarmagnets.com\\\/et\\\/\"},{\"@type\":\"ListItem\",\"position\":2,\"name\":\"pood\",\"item\":\"https:\\\/\\\/magnetarmagnets.com\\\/et\\\/pood\\\/\"},{\"@type\":\"ListItem\",\"position\":3,\"name\":\"Varustus\",\"item\":\"https:\\\/\\\/magnetarmagnets.com\\\/et\\\/collections\\\/varustus\\\/\"},{\"@type\":\"ListItem\",\"position\":4,\"name\":\"Merchandise\",\"item\":\"https:\\\/\\\/magnetarmagnets.com\\\/et\\\/collections\\\/varustus\\\/merchandise-et\\\/\"},{\"@type\":\"ListItem\",\"position\":5,\"name\":\"Magneetide hoiukast\"}]},{\"@type\":\"WebSite\",\"@id\":\"https:\\\/\\\/magnetarmagnets.com\\\/et\\\/#website\",\"url\":\"https:\\\/\\\/magnetarmagnets.com\\\/et\\\/\",\"name\":\"Magnet fishing with a Magnetar fishing magnet\",\"description\":\"Tugevad magnetid magnetp\u00fc\u00fcgiks\",\"publisher\":{\"@id\":\"https:\\\/\\\/magnetarmagnets.com\\\/et\\\/#organization\"},\"potentialAction\":[{\"@type\":\"SearchAction\",\"target\":{\"@type\":\"EntryPoint\",\"urlTemplate\":\"https:\\\/\\\/magnetarmagnets.com\\\/et\\\/?s={search_term_string}\"},\"query-input\":{\"@type\":\"PropertyValueSpecification\",\"valueRequired\":true,\"valueName\":\"search_term_string\"}}],\"inLanguage\":\"et\"},{\"@type\":\"Organization\",\"@id\":\"https:\\\/\\\/magnetarmagnets.com\\\/et\\\/#organization\",\"name\":\"Magnetar\",\"url\":\"https:\\\/\\\/magnetarmagnets.com\\\/et\\\/\",\"logo\":{\"@type\":\"ImageObject\",\"inLanguage\":\"et\",\"@id\":\"https:\\\/\\\/magnetarmagnets.com\\\/et\\\/#\\\/schema\\\/logo\\\/image\\\/\",\"url\":\"https:\\\/\\\/magnetarmagnets.com\\\/wp-content\\\/uploads\\\/2025\\\/05\\\/Logo-03_PNG-Black-scaled.png\",\"contentUrl\":\"https:\\\/\\\/magnetarmagnets.com\\\/wp-content\\\/uploads\\\/2025\\\/05\\\/Logo-03_PNG-Black-scaled.png\",\"width\":2560,\"height\":1658,\"caption\":\"Magnetar\"},\"image\":{\"@id\":\"https:\\\/\\\/magnetarmagnets.com\\\/et\\\/#\\\/schema\\\/logo\\\/image\\\/\"},\"sameAs\":[\"https:\\\/\\\/www.facebook.com\\\/fishingmagnets\\\/\",\"https:\\\/\\\/www.instagram.com\\\/magnetar_magnets\\\/\",\"https:\\\/\\\/www.linkedin.com\\\/company\\\/magnetarbv\\\/?originalSubdomain=nl\",\"https:\\\/\\\/www.youtube.com\\\/c\\\/MagnetarVismagneet\"]}]}<\/script>\n<!-- \/ Yoast SEO plugin. -->","yoast_head_json":{"title":"Magneetide hoiukast - Magnet fishing with a Magnetar fishing magnet","description":"Magneetide hoiukast - kaitse oma Magnetar varustust","robots":{"index":"index","follow":"follow","max-snippet":"max-snippet:-1","max-image-preview":"max-image-preview:large","max-video-preview":"max-video-preview:-1"},"canonical":"https:\/\/magnetarmagnets.com\/et\/shop\/magneetide-hoiukast\/","og_locale":"et_EE","og_type":"article","og_title":"Magneetide hoiukast - Magnet fishing with a Magnetar fishing magnet","og_description":"Magneetide hoiukast - kaitse oma Magnetar varustust","og_url":"https:\/\/magnetarmagnets.com\/et\/shop\/magneetide-hoiukast\/","og_site_name":"Magnet fishing with a Magnetar fishing magnet","article_publisher":"https:\/\/www.facebook.com\/fishingmagnets\/","article_modified_time":"2026-04-03T16:36:20+00:00","og_image":[{"width":2560,"height":2560,"url":"https:\/\/magnetarmagnets.com\/wp-content\/uploads\/2021\/11\/JNF-Magnetar-B.V.-Productfotografie-07-04-2024-Foto-0357-scaled.jpg","type":"image\/jpeg"}],"twitter_card":"summary_large_image","twitter_misc":{"Est. reading time":"1 minut"},"schema":{"@context":"https:\/\/schema.org","@graph":[{"@type":["WebPage","ItemPage"],"@id":"https:\/\/magnetarmagnets.com\/et\/shop\/magneetide-hoiukast\/","url":"https:\/\/magnetarmagnets.com\/et\/shop\/magneetide-hoiukast\/","name":"Magneetide hoiukast - Magnet fishing with a Magnetar fishing magnet","isPartOf":{"@id":"https:\/\/magnetarmagnets.com\/et\/#website"},"primaryImageOfPage":{"@id":"https:\/\/magnetarmagnets.com\/et\/shop\/magneetide-hoiukast\/#primaryimage"},"image":{"@id":"https:\/\/magnetarmagnets.com\/et\/shop\/magneetide-hoiukast\/#primaryimage"},"thumbnailUrl":"https:\/\/magnetarmagnets.com\/wp-content\/uploads\/2021\/11\/JNF-Magnetar-B.V.-Productfotografie-07-04-2024-Foto-0357-scaled.jpg","datePublished":"2025-06-05T07:54:38+00:00","dateModified":"2026-04-03T16:36:20+00:00","description":"Magneetide hoiukast - kaitse oma Magnetar varustust","breadcrumb":{"@id":"https:\/\/magnetarmagnets.com\/et\/shop\/magneetide-hoiukast\/#breadcrumb"},"inLanguage":"et","potentialAction":[{"@type":"ReadAction","target":["https:\/\/magnetarmagnets.com\/et\/shop\/magneetide-hoiukast\/"]}]},{"@type":"ImageObject","inLanguage":"et","@id":"https:\/\/magnetarmagnets.com\/et\/shop\/magneetide-hoiukast\/#primaryimage","url":"https:\/\/magnetarmagnets.com\/wp-content\/uploads\/2021\/11\/JNF-Magnetar-B.V.-Productfotografie-07-04-2024-Foto-0357-scaled.jpg","contentUrl":"https:\/\/magnetarmagnets.com\/wp-content\/uploads\/2021\/11\/JNF-Magnetar-B.V.-Productfotografie-07-04-2024-Foto-0357-scaled.jpg","width":2560,"height":2560,"caption":"Magnetar Fishing Magnet Case"},{"@type":"BreadcrumbList","@id":"https:\/\/magnetarmagnets.com\/et\/shop\/magneetide-hoiukast\/#breadcrumb","itemListElement":[{"@type":"ListItem","position":1,"name":"Home","item":"https:\/\/magnetarmagnets.com\/et\/"},{"@type":"ListItem","position":2,"name":"pood","item":"https:\/\/magnetarmagnets.com\/et\/pood\/"},{"@type":"ListItem","position":3,"name":"Varustus","item":"https:\/\/magnetarmagnets.com\/et\/collections\/varustus\/"},{"@type":"ListItem","position":4,"name":"Merchandise","item":"https:\/\/magnetarmagnets.com\/et\/collections\/varustus\/merchandise-et\/"},{"@type":"ListItem","position":5,"name":"Magneetide hoiukast"}]},{"@type":"WebSite","@id":"https:\/\/magnetarmagnets.com\/et\/#website","url":"https:\/\/magnetarmagnets.com\/et\/","name":"Magnet fishing with a Magnetar fishing magnet","description":"Tugevad magnetid magnetp\u00fc\u00fcgiks","publisher":{"@id":"https:\/\/magnetarmagnets.com\/et\/#organization"},"potentialAction":[{"@type":"SearchAction","target":{"@type":"EntryPoint","urlTemplate":"https:\/\/magnetarmagnets.com\/et\/?s={search_term_string}"},"query-input":{"@type":"PropertyValueSpecification","valueRequired":true,"valueName":"search_term_string"}}],"inLanguage":"et"},{"@type":"Organization","@id":"https:\/\/magnetarmagnets.com\/et\/#organization","name":"Magnetar","url":"https:\/\/magnetarmagnets.com\/et\/","logo":{"@type":"ImageObject","inLanguage":"et","@id":"https:\/\/magnetarmagnets.com\/et\/#\/schema\/logo\/image\/","url":"https:\/\/magnetarmagnets.com\/wp-content\/uploads\/2025\/05\/Logo-03_PNG-Black-scaled.png","contentUrl":"https:\/\/magnetarmagnets.com\/wp-content\/uploads\/2025\/05\/Logo-03_PNG-Black-scaled.png","width":2560,"height":1658,"caption":"Magnetar"},"image":{"@id":"https:\/\/magnetarmagnets.com\/et\/#\/schema\/logo\/image\/"},"sameAs":["https:\/\/www.facebook.com\/fishingmagnets\/","https:\/\/www.instagram.com\/magnetar_magnets\/","https:\/\/www.linkedin.com\/company\/magnetarbv\/?originalSubdomain=nl","https:\/\/www.youtube.com\/c\/MagnetarVismagneet"]}]}},"_links":{"self":[{"href":"https:\/\/magnetarmagnets.com\/et\/wp-json\/wp\/v2\/product\/81575","targetHints":{"allow":["GET"]}}],"collection":[{"href":"https:\/\/magnetarmagnets.com\/et\/wp-json\/wp\/v2\/product"}],"about":[{"href":"https:\/\/magnetarmagnets.com\/et\/wp-json\/wp\/v2\/types\/product"}],"replies":[{"embeddable":true,"href":"https:\/\/magnetarmagnets.com\/et\/wp-json\/wp\/v2\/comments?post=81575"}],"version-history":[{"count":1,"href":"https:\/\/magnetarmagnets.com\/et\/wp-json\/wp\/v2\/product\/81575\/revisions"}],"predecessor-version":[{"id":95185,"href":"https:\/\/magnetarmagnets.com\/et\/wp-json\/wp\/v2\/product\/81575\/revisions\/95185"}],"wp:featuredmedia":[{"embeddable":true,"href":"https:\/\/magnetarmagnets.com\/et\/wp-json\/wp\/v2\/media\/74727"}],"wp:attachment":[{"href":"https:\/\/magnetarmagnets.com\/et\/wp-json\/wp\/v2\/media?parent=81575"}],"wp:term":[{"taxonomy":"product_brand","embeddable":true,"href":"https:\/\/magnetarmagnets.com\/et\/wp-json\/wp\/v2\/product_brand?post=81575"},{"taxonomy":"product_cat","embeddable":true,"href":"https:\/\/magnetarmagnets.com\/et\/wp-json\/wp\/v2\/product_cat?post=81575"},{"taxonomy":"product_tag","embeddable":true,"href":"https:\/\/magnetarmagnets.com\/et\/wp-json\/wp\/v2\/product_tag?post=81575"}],"curies":[{"name":"wp","href":"https:\/\/api.w.org\/{rel}","templated":true}]}}