{"id":81574,"date":"2025-06-05T09:54:17","date_gmt":"2025-06-05T07:54:17","guid":{"rendered":"https:\/\/magnetarmagnets.com\/?post_type=product&#038;p=81574"},"modified":"2026-04-18T00:41:14","modified_gmt":"2026-04-17T22:41:14","slug":"legend-pakett-beast-allround-360-neoduummagnet-1400-kg","status":"publish","type":"product","link":"https:\/\/magnetarmagnets.com\/et\/shop\/legend-pakett-beast-allround-360-neoduummagnet-1400-kg\/","title":{"rendered":"Magnetar Legendipakett \u2013 Beast Allround 360\u00b0 neod\u00fc\u00fcmmagneti otsingumagneti komplekt (1400 kg)"},"content":{"rendered":"<b>Kas oled legendaarne magnetp\u00fc\u00fcdja?<\/b> V\u00f5i soovid saada legendiks? Meie <a href=\"https:\/\/magnetarmagnets.com\/et\/shop\/legend-pakett-beast-allround-360-neoduummagnet-1400-kg\/\" target=\"_blank\" rel=\"noopener\">Legendipakett<\/a> on ideaalne valik ja sisaldab k\u00f5ike, mida vajad alustamiseks (ja et saada komplekts\u00e4\u00e4stu!). Pakett sisaldab meie Beast Allround 360\u00b0 neod\u00fc\u00fcmmagnetit. Lisaks on kaasas tugev 10 mm diameetriga k\u00f6is karabiinkonksuga, veekindlate kinnaste paar, Legend-kaitssekate, liim ja \u00fclisuur roostevabast terasest konks. Tahad veelgi v\u00f5imsamat lahendust? Vaata meie <a href=\"https:\/\/magnetarmagnets.com\/et\/shop\/warrior-pakett-kaks-neoduummagnetit-terror-ja-beast-360-koiksuunaline\/\" target=\"_blank\" rel=\"noopener\">Warrior-paketti<\/a>!\r\n<h2><b>Beast neod\u00fc\u00fcmmagneti otsingumagnet<\/b><\/h2>\r\nPositiivsed tagasisided meie <a href=\"https:\/\/magnetarmagnets.com\/et\/shop\/hardcore-neoduummagnet-600-kg-tombejoud-360-koiksuunaline\/\" target=\"_blank\" rel=\"noopener\">Hardcore<\/a> ja <a href=\"https:\/\/magnetarmagnets.com\/et\/shop\/terror-neoduummagnet-60-kg-allround-360b0-kalapfcygimagnet\/\" target=\"_blank\" rel=\"noopener\">Terror<\/a> magnetite osas ajendasid meid looma uut superv\u00f5imet \u2013 Beasti! Beast on veelgi v\u00f5imsam kui meie Hardcore ja Terror magnetid, see pole lihtsalt tugev, see on BEASTLIKULT tugev. Beast-otsingumagnet on tuntud Terror-magneti suurem j\u00e4reltulija. Kuna magnet on raskem, vajub see muda ja setete sisse s\u00fcgavamale, v\u00f5imaldades j\u00f5uda s\u00fcgavamatesse ja raskemini leitavatesse esemetesse.\r\n\r\nK\u00f5ikjal kasutatavaks otsingumagnetiks on Beast varustatud ligikaudu 770 lb \/ 350 kg t\u00f5mbetugevusega igal k\u00fcljel. Valmistatud 100% neod\u00fc\u00fcmiummaterjalist \u2013 tugevaimast p\u00fcsivast haruldmaamagnest \u2013, tagab Beast optimaalse v\u00f5imaluse l\u00e4hedal ja kaugel asuvate metallesemete p\u00fc\u00fcdmiseks.\r\n<h2><b>Kas oled valmis Beasti proovima?<\/b><\/h2>\r\nMagneti nimi \u00fctleb juba k\u00f5ik \u2013 see magnet on Beasti tasemel! Beast-otsingumagnetil on 360\u00b0 t\u00f5mbetugevus 3100 lb \/ 1400 kg, tehes sellest \u00fche parima <a href=\"https:\/\/magnetarmagnets.com\/et\/\" target=\"_blank\" rel=\"noopener\">magnetp\u00fc\u00fcgimagneti<\/a>, mida me pakume. Esemed t\u00f5mmatakse magneti k\u00f5igile k\u00fclgedele olenemata veealustest tingimustest (mud, setted, hoovus, kaljud), ning see ei j\u00e4\u00e4 kergesti kividele kinni. Kujundatud edasij\u00f5udnud magnetp\u00fc\u00fcdja jaoks, n\u00f5uab see magnet eriti t\u00e4helepanelikku k\u00e4sitlemist.\r\n\r\nBeast on m\u00f5eldud t\u00f5elistele magnetp\u00fc\u00fcgibeesidele, kes teavad, mida nad teevad. Magnet on nii v\u00f5imas, et liigub vee all ja otsib ise esemeid. Kuna magnet on v\u00e4ga raske, puurib see muda l\u00e4bi ja suudab j\u00f5uda s\u00fcgavatesse, vanadesse ja peidetud objektidesse. T\u00e4ienda oma varustust, et leida raskaimaid aardeid, nagu suured safid, relvad, autoratarid, t\u00f5ukerattad, elektrijalgrattad ja palju muud.\r\n<h2><b>Magneti evolutsioon<\/b><\/h2>\r\nPaljudel magnetitel on t\u00f5mbej\u00f5ud vaid \u00fchel k\u00fcljel. See \u00fchepoolne magnet on klassikaline otsingumagnet. Magnetar oli esimene ettev\u00f5te, kes t\u00f6\u00f6tas selle klassikalise magneti \u00fcmber kahepoolseks magnetiks. 2016. aastal arendas Magnetar seej\u00e4rel v\u00e4lja Allround-otsingumagneti, mille t\u00f5mbej\u00f5ud toimib k\u00f5igis 360\u00b0 suunas. Magnetp\u00fc\u00fcdjad \u00fcle kogu EL-i on juba aastaid eelistanud meie 100% neod\u00fc\u00fcmiummagneteid, muutes meid Euroopa #1 tarnijaks. Meie magnetid valmivad k\u00f5rgeima kvaliteedi, disaini ja hooldusega v\u00e4ikese entusiastide tiimi k\u00e4e all. Kliendid tulevad tagasi, sest nad teavad, et Magnetari magnetidega ei saa nad ainult magneti, vaid t\u00f5elisi aardeid.\r\n<h2><strong>V\u00f5imas 360\u00b0 t\u00f5mbetugevus<\/strong><\/h2>\r\nBeast-magnet on \u00fcks tugevamaid magneteid, mida me pakume, ulatudes t\u00f5mbetugevuseni kuni 3100 lb \/ 1400 kg. Beasti t\u00f5mbej\u00f5ud on nii j\u00f5uline, et suudab ligi t\u00f5mmata esemeid kogu \u00fcmbritsevast alast, erinevalt \u00fchepoolse teraskattega magnetist, mis suunab t\u00f5mbej\u00f5u vaid \u00fchte suunda. Huvi meie t\u00f5mbej\u00f5u m\u00f5\u00f5tmiste vastu? <a href=\"https:\/\/www.youtube.com\/watch?v=2McW3RURDxs\" target=\"_blank\" rel=\"noopener\">Vaata meie videot t\u00f5mbej\u00f5u m\u00f5\u00f5tmistest<\/a>.","protected":false},"excerpt":{"rendered":"<p><span style=\"font-weight: 400;\"><strong>Ekstreemne<\/strong> ja <strong>t\u00e4ielik<\/strong> veepiiril koos <strong>Beast Allround 360\u00b0 neod\u00fc\u00fcmmagneti otsingumagnetiga<\/strong> ja tarvikutega t\u00f5elistele legendidele!<\/span><\/p>\n","protected":false},"featured_media":72572,"comment_status":"open","ping_status":"closed","template":"","meta":{"_acf_changed":false,"inline_featured_image":false},"product_brand":[],"product_cat":[494,1002,497,493,416],"product_tag":[],"class_list":{"0":"post-81574","1":"product","2":"type-product","3":"status-publish","4":"has-post-thumbnail","6":"product_cat-allround-360-otsingumagnetid","7":"product_cat-koik-tooted","8":"product_cat-otsingumagneti-komplekt","9":"product_cat-otsingumagnetid","10":"product_cat-professionaalidele","12":"first","13":"instock","14":"sale","15":"taxable","16":"shipping-taxable","17":"purchasable","18":"product-type-simple"},"acf":[],"yoast_head":"<!-- This site is optimized with the Yoast SEO plugin v27.4 - https:\/\/yoast.com\/product\/yoast-seo-wordpress\/ -->\n<title>Magnetar Legendipakett \u2013 Beast Allround 360\u00b0 neod\u00fc\u00fcmmagneti otsingumagneti komplekt (1400 kg) - Magnet fishing with a Magnetar fishing magnet<\/title>\n<meta name=\"description\" content=\"Legendipakett \u2013 3100 lb\/1400 kg Beast \u2013 Magnetp\u00fc\u00fck Magnetar\" \/>\n<meta name=\"robots\" content=\"index, follow, max-snippet:-1, max-image-preview:large, max-video-preview:-1\" \/>\n<link rel=\"canonical\" href=\"https:\/\/magnetarmagnets.com\/et\/shop\/legend-pakett-beast-allround-360-neoduummagnet-1400-kg\/\" \/>\n<meta property=\"og:locale\" content=\"et_EE\" \/>\n<meta property=\"og:type\" content=\"article\" \/>\n<meta property=\"og:title\" content=\"Magnetar Legendipakett \u2013 Beast Allround 360\u00b0 neod\u00fc\u00fcmmagneti otsingumagneti komplekt (1400 kg) - Magnet fishing with a Magnetar fishing magnet\" \/>\n<meta property=\"og:description\" content=\"Legendipakett \u2013 3100 lb\/1400 kg Beast \u2013 Magnetp\u00fc\u00fck Magnetar\" \/>\n<meta property=\"og:url\" content=\"https:\/\/magnetarmagnets.com\/et\/shop\/legend-pakett-beast-allround-360-neoduummagnet-1400-kg\/\" \/>\n<meta property=\"og:site_name\" content=\"Magnet fishing with a Magnetar fishing magnet\" \/>\n<meta property=\"article:publisher\" content=\"https:\/\/www.facebook.com\/fishingmagnets\/\" \/>\n<meta property=\"article:modified_time\" content=\"2026-04-17T22:41:14+00:00\" \/>\n<meta property=\"og:image\" content=\"https:\/\/magnetarmagnets.com\/wp-content\/uploads\/2021\/10\/MAGNETAR-LEGEND-KIT-GOOGLE.jpg\" \/>\n\t<meta property=\"og:image:width\" content=\"1500\" \/>\n\t<meta property=\"og:image:height\" content=\"1500\" \/>\n\t<meta property=\"og:image:type\" content=\"image\/jpeg\" \/>\n<meta name=\"twitter:card\" content=\"summary_large_image\" \/>\n<meta name=\"twitter:label1\" content=\"Est. reading time\" \/>\n\t<meta name=\"twitter:data1\" content=\"3 minutit\" \/>\n<script type=\"application\/ld+json\" class=\"yoast-schema-graph\">{\"@context\":\"https:\\\/\\\/schema.org\",\"@graph\":[{\"@type\":[\"WebPage\",\"ItemPage\"],\"@id\":\"https:\\\/\\\/magnetarmagnets.com\\\/et\\\/shop\\\/legend-pakett-beast-allround-360-neoduummagnet-1400-kg\\\/\",\"url\":\"https:\\\/\\\/magnetarmagnets.com\\\/et\\\/shop\\\/legend-pakett-beast-allround-360-neoduummagnet-1400-kg\\\/\",\"name\":\"Magnetar Legendipakett \u2013 Beast Allround 360\u00b0 neod\u00fc\u00fcmmagneti otsingumagneti komplekt (1400 kg) - Magnet fishing with a Magnetar fishing magnet\",\"isPartOf\":{\"@id\":\"https:\\\/\\\/magnetarmagnets.com\\\/et\\\/#website\"},\"primaryImageOfPage\":{\"@id\":\"https:\\\/\\\/magnetarmagnets.com\\\/et\\\/shop\\\/legend-pakett-beast-allround-360-neoduummagnet-1400-kg\\\/#primaryimage\"},\"image\":{\"@id\":\"https:\\\/\\\/magnetarmagnets.com\\\/et\\\/shop\\\/legend-pakett-beast-allround-360-neoduummagnet-1400-kg\\\/#primaryimage\"},\"thumbnailUrl\":\"https:\\\/\\\/magnetarmagnets.com\\\/wp-content\\\/uploads\\\/2021\\\/10\\\/MAGNETAR-LEGEND-KIT-GOOGLE.jpg\",\"datePublished\":\"2025-06-05T07:54:17+00:00\",\"dateModified\":\"2026-04-17T22:41:14+00:00\",\"description\":\"Legendipakett \u2013 3100 lb\\\/1400 kg Beast \u2013 Magnetp\u00fc\u00fck Magnetar\",\"breadcrumb\":{\"@id\":\"https:\\\/\\\/magnetarmagnets.com\\\/et\\\/shop\\\/legend-pakett-beast-allround-360-neoduummagnet-1400-kg\\\/#breadcrumb\"},\"inLanguage\":\"et\",\"potentialAction\":[{\"@type\":\"ReadAction\",\"target\":[\"https:\\\/\\\/magnetarmagnets.com\\\/et\\\/shop\\\/legend-pakett-beast-allround-360-neoduummagnet-1400-kg\\\/\"]}]},{\"@type\":\"ImageObject\",\"inLanguage\":\"et\",\"@id\":\"https:\\\/\\\/magnetarmagnets.com\\\/et\\\/shop\\\/legend-pakett-beast-allround-360-neoduummagnet-1400-kg\\\/#primaryimage\",\"url\":\"https:\\\/\\\/magnetarmagnets.com\\\/wp-content\\\/uploads\\\/2021\\\/10\\\/MAGNETAR-LEGEND-KIT-GOOGLE.jpg\",\"contentUrl\":\"https:\\\/\\\/magnetarmagnets.com\\\/wp-content\\\/uploads\\\/2021\\\/10\\\/MAGNETAR-LEGEND-KIT-GOOGLE.jpg\",\"width\":1500,\"height\":1500,\"caption\":\"MAGNETAR-LEGEND-KIT\"},{\"@type\":\"BreadcrumbList\",\"@id\":\"https:\\\/\\\/magnetarmagnets.com\\\/et\\\/shop\\\/legend-pakett-beast-allround-360-neoduummagnet-1400-kg\\\/#breadcrumb\",\"itemListElement\":[{\"@type\":\"ListItem\",\"position\":1,\"name\":\"Home\",\"item\":\"https:\\\/\\\/magnetarmagnets.com\\\/et\\\/\"},{\"@type\":\"ListItem\",\"position\":2,\"name\":\"pood\",\"item\":\"https:\\\/\\\/magnetarmagnets.com\\\/et\\\/pood\\\/\"},{\"@type\":\"ListItem\",\"position\":3,\"name\":\"Otsingumagnetid\",\"item\":\"https:\\\/\\\/magnetarmagnets.com\\\/et\\\/collections\\\/otsingumagnetid\\\/\"},{\"@type\":\"ListItem\",\"position\":4,\"name\":\"Allround 360 otsingumagnetid\",\"item\":\"https:\\\/\\\/magnetarmagnets.com\\\/et\\\/collections\\\/otsingumagnetid\\\/allround-360-otsingumagnetid\\\/\"},{\"@type\":\"ListItem\",\"position\":5,\"name\":\"Magnetar Legendipakett \u2013 Beast Allround 360\u00b0 neod\u00fc\u00fcmmagneti otsingumagneti komplekt (1400 kg)\"}]},{\"@type\":\"WebSite\",\"@id\":\"https:\\\/\\\/magnetarmagnets.com\\\/et\\\/#website\",\"url\":\"https:\\\/\\\/magnetarmagnets.com\\\/et\\\/\",\"name\":\"Magnet fishing with a Magnetar fishing magnet\",\"description\":\"Tugevad magnetid magnetp\u00fc\u00fcgiks\",\"publisher\":{\"@id\":\"https:\\\/\\\/magnetarmagnets.com\\\/et\\\/#organization\"},\"potentialAction\":[{\"@type\":\"SearchAction\",\"target\":{\"@type\":\"EntryPoint\",\"urlTemplate\":\"https:\\\/\\\/magnetarmagnets.com\\\/et\\\/?s={search_term_string}\"},\"query-input\":{\"@type\":\"PropertyValueSpecification\",\"valueRequired\":true,\"valueName\":\"search_term_string\"}}],\"inLanguage\":\"et\"},{\"@type\":\"Organization\",\"@id\":\"https:\\\/\\\/magnetarmagnets.com\\\/et\\\/#organization\",\"name\":\"Magnetar\",\"url\":\"https:\\\/\\\/magnetarmagnets.com\\\/et\\\/\",\"logo\":{\"@type\":\"ImageObject\",\"inLanguage\":\"et\",\"@id\":\"https:\\\/\\\/magnetarmagnets.com\\\/et\\\/#\\\/schema\\\/logo\\\/image\\\/\",\"url\":\"https:\\\/\\\/magnetarmagnets.com\\\/wp-content\\\/uploads\\\/2025\\\/05\\\/Logo-03_PNG-Black-scaled.png\",\"contentUrl\":\"https:\\\/\\\/magnetarmagnets.com\\\/wp-content\\\/uploads\\\/2025\\\/05\\\/Logo-03_PNG-Black-scaled.png\",\"width\":2560,\"height\":1658,\"caption\":\"Magnetar\"},\"image\":{\"@id\":\"https:\\\/\\\/magnetarmagnets.com\\\/et\\\/#\\\/schema\\\/logo\\\/image\\\/\"},\"sameAs\":[\"https:\\\/\\\/www.facebook.com\\\/fishingmagnets\\\/\",\"https:\\\/\\\/www.instagram.com\\\/magnetar_magnets\\\/\",\"https:\\\/\\\/www.linkedin.com\\\/company\\\/magnetarbv\\\/?originalSubdomain=nl\",\"https:\\\/\\\/www.youtube.com\\\/c\\\/MagnetarVismagneet\"]}]}<\/script>\n<!-- \/ Yoast SEO plugin. -->","yoast_head_json":{"title":"Magnetar Legendipakett \u2013 Beast Allround 360\u00b0 neod\u00fc\u00fcmmagneti otsingumagneti komplekt (1400 kg) - Magnet fishing with a Magnetar fishing magnet","description":"Legendipakett \u2013 3100 lb\/1400 kg Beast \u2013 Magnetp\u00fc\u00fck Magnetar","robots":{"index":"index","follow":"follow","max-snippet":"max-snippet:-1","max-image-preview":"max-image-preview:large","max-video-preview":"max-video-preview:-1"},"canonical":"https:\/\/magnetarmagnets.com\/et\/shop\/legend-pakett-beast-allround-360-neoduummagnet-1400-kg\/","og_locale":"et_EE","og_type":"article","og_title":"Magnetar Legendipakett \u2013 Beast Allround 360\u00b0 neod\u00fc\u00fcmmagneti otsingumagneti komplekt (1400 kg) - Magnet fishing with a Magnetar fishing magnet","og_description":"Legendipakett \u2013 3100 lb\/1400 kg Beast \u2013 Magnetp\u00fc\u00fck Magnetar","og_url":"https:\/\/magnetarmagnets.com\/et\/shop\/legend-pakett-beast-allround-360-neoduummagnet-1400-kg\/","og_site_name":"Magnet fishing with a Magnetar fishing magnet","article_publisher":"https:\/\/www.facebook.com\/fishingmagnets\/","article_modified_time":"2026-04-17T22:41:14+00:00","og_image":[{"width":1500,"height":1500,"url":"https:\/\/magnetarmagnets.com\/wp-content\/uploads\/2021\/10\/MAGNETAR-LEGEND-KIT-GOOGLE.jpg","type":"image\/jpeg"}],"twitter_card":"summary_large_image","twitter_misc":{"Est. reading time":"3 minutit"},"schema":{"@context":"https:\/\/schema.org","@graph":[{"@type":["WebPage","ItemPage"],"@id":"https:\/\/magnetarmagnets.com\/et\/shop\/legend-pakett-beast-allround-360-neoduummagnet-1400-kg\/","url":"https:\/\/magnetarmagnets.com\/et\/shop\/legend-pakett-beast-allround-360-neoduummagnet-1400-kg\/","name":"Magnetar Legendipakett \u2013 Beast Allround 360\u00b0 neod\u00fc\u00fcmmagneti otsingumagneti komplekt (1400 kg) - Magnet fishing with a Magnetar fishing magnet","isPartOf":{"@id":"https:\/\/magnetarmagnets.com\/et\/#website"},"primaryImageOfPage":{"@id":"https:\/\/magnetarmagnets.com\/et\/shop\/legend-pakett-beast-allround-360-neoduummagnet-1400-kg\/#primaryimage"},"image":{"@id":"https:\/\/magnetarmagnets.com\/et\/shop\/legend-pakett-beast-allround-360-neoduummagnet-1400-kg\/#primaryimage"},"thumbnailUrl":"https:\/\/magnetarmagnets.com\/wp-content\/uploads\/2021\/10\/MAGNETAR-LEGEND-KIT-GOOGLE.jpg","datePublished":"2025-06-05T07:54:17+00:00","dateModified":"2026-04-17T22:41:14+00:00","description":"Legendipakett \u2013 3100 lb\/1400 kg Beast \u2013 Magnetp\u00fc\u00fck Magnetar","breadcrumb":{"@id":"https:\/\/magnetarmagnets.com\/et\/shop\/legend-pakett-beast-allround-360-neoduummagnet-1400-kg\/#breadcrumb"},"inLanguage":"et","potentialAction":[{"@type":"ReadAction","target":["https:\/\/magnetarmagnets.com\/et\/shop\/legend-pakett-beast-allround-360-neoduummagnet-1400-kg\/"]}]},{"@type":"ImageObject","inLanguage":"et","@id":"https:\/\/magnetarmagnets.com\/et\/shop\/legend-pakett-beast-allround-360-neoduummagnet-1400-kg\/#primaryimage","url":"https:\/\/magnetarmagnets.com\/wp-content\/uploads\/2021\/10\/MAGNETAR-LEGEND-KIT-GOOGLE.jpg","contentUrl":"https:\/\/magnetarmagnets.com\/wp-content\/uploads\/2021\/10\/MAGNETAR-LEGEND-KIT-GOOGLE.jpg","width":1500,"height":1500,"caption":"MAGNETAR-LEGEND-KIT"},{"@type":"BreadcrumbList","@id":"https:\/\/magnetarmagnets.com\/et\/shop\/legend-pakett-beast-allround-360-neoduummagnet-1400-kg\/#breadcrumb","itemListElement":[{"@type":"ListItem","position":1,"name":"Home","item":"https:\/\/magnetarmagnets.com\/et\/"},{"@type":"ListItem","position":2,"name":"pood","item":"https:\/\/magnetarmagnets.com\/et\/pood\/"},{"@type":"ListItem","position":3,"name":"Otsingumagnetid","item":"https:\/\/magnetarmagnets.com\/et\/collections\/otsingumagnetid\/"},{"@type":"ListItem","position":4,"name":"Allround 360 otsingumagnetid","item":"https:\/\/magnetarmagnets.com\/et\/collections\/otsingumagnetid\/allround-360-otsingumagnetid\/"},{"@type":"ListItem","position":5,"name":"Magnetar Legendipakett \u2013 Beast Allround 360\u00b0 neod\u00fc\u00fcmmagneti otsingumagneti komplekt (1400 kg)"}]},{"@type":"WebSite","@id":"https:\/\/magnetarmagnets.com\/et\/#website","url":"https:\/\/magnetarmagnets.com\/et\/","name":"Magnet fishing with a Magnetar fishing magnet","description":"Tugevad magnetid magnetp\u00fc\u00fcgiks","publisher":{"@id":"https:\/\/magnetarmagnets.com\/et\/#organization"},"potentialAction":[{"@type":"SearchAction","target":{"@type":"EntryPoint","urlTemplate":"https:\/\/magnetarmagnets.com\/et\/?s={search_term_string}"},"query-input":{"@type":"PropertyValueSpecification","valueRequired":true,"valueName":"search_term_string"}}],"inLanguage":"et"},{"@type":"Organization","@id":"https:\/\/magnetarmagnets.com\/et\/#organization","name":"Magnetar","url":"https:\/\/magnetarmagnets.com\/et\/","logo":{"@type":"ImageObject","inLanguage":"et","@id":"https:\/\/magnetarmagnets.com\/et\/#\/schema\/logo\/image\/","url":"https:\/\/magnetarmagnets.com\/wp-content\/uploads\/2025\/05\/Logo-03_PNG-Black-scaled.png","contentUrl":"https:\/\/magnetarmagnets.com\/wp-content\/uploads\/2025\/05\/Logo-03_PNG-Black-scaled.png","width":2560,"height":1658,"caption":"Magnetar"},"image":{"@id":"https:\/\/magnetarmagnets.com\/et\/#\/schema\/logo\/image\/"},"sameAs":["https:\/\/www.facebook.com\/fishingmagnets\/","https:\/\/www.instagram.com\/magnetar_magnets\/","https:\/\/www.linkedin.com\/company\/magnetarbv\/?originalSubdomain=nl","https:\/\/www.youtube.com\/c\/MagnetarVismagneet"]}]}},"_links":{"self":[{"href":"https:\/\/magnetarmagnets.com\/et\/wp-json\/wp\/v2\/product\/81574","targetHints":{"allow":["GET"]}}],"collection":[{"href":"https:\/\/magnetarmagnets.com\/et\/wp-json\/wp\/v2\/product"}],"about":[{"href":"https:\/\/magnetarmagnets.com\/et\/wp-json\/wp\/v2\/types\/product"}],"replies":[{"embeddable":true,"href":"https:\/\/magnetarmagnets.com\/et\/wp-json\/wp\/v2\/comments?post=81574"}],"version-history":[{"count":1,"href":"https:\/\/magnetarmagnets.com\/et\/wp-json\/wp\/v2\/product\/81574\/revisions"}],"predecessor-version":[{"id":94517,"href":"https:\/\/magnetarmagnets.com\/et\/wp-json\/wp\/v2\/product\/81574\/revisions\/94517"}],"wp:featuredmedia":[{"embeddable":true,"href":"https:\/\/magnetarmagnets.com\/et\/wp-json\/wp\/v2\/media\/72572"}],"wp:attachment":[{"href":"https:\/\/magnetarmagnets.com\/et\/wp-json\/wp\/v2\/media?parent=81574"}],"wp:term":[{"taxonomy":"product_brand","embeddable":true,"href":"https:\/\/magnetarmagnets.com\/et\/wp-json\/wp\/v2\/product_brand?post=81574"},{"taxonomy":"product_cat","embeddable":true,"href":"https:\/\/magnetarmagnets.com\/et\/wp-json\/wp\/v2\/product_cat?post=81574"},{"taxonomy":"product_tag","embeddable":true,"href":"https:\/\/magnetarmagnets.com\/et\/wp-json\/wp\/v2\/product_tag?post=81574"}],"curies":[{"name":"wp","href":"https:\/\/api.w.org\/{rel}","templated":true}]}}