{"id":81572,"date":"2025-06-05T09:54:38","date_gmt":"2025-06-05T07:54:38","guid":{"rendered":"https:\/\/magnetarmagnets.com\/?post_type=product&#038;p=81572"},"modified":"2026-04-03T15:47:16","modified_gmt":"2026-04-03T13:47:16","slug":"pro-pakk-600-kg-hardcore-allround-360-neoduummagnet","status":"publish","type":"product","link":"https:\/\/magnetarmagnets.com\/et\/shop\/pro-pakk-600-kg-hardcore-allround-360-neoduummagnet\/","title":{"rendered":"Pro-pakett \u2013 Hardcore Allround 360\u00b0 neod\u00fc\u00fcmmagnet (600 kg)"},"content":{"rendered":"<b>Kas oled professionaalne magnetp\u00fc\u00fcdja?<\/b> V\u00f5i soovid selleks saada? Meie Pro-pakett on parim valik ja sisaldab k\u00f5ike, mida vajad alustamiseks (ja komplektisoodustuse saamiseks!). Pakett sisaldab meie populaarseimat Hardcore Allround 360\u00b0 neod\u00fc\u00fcmmagnetit. Lisaks on komplektis tugev 8 mm (\u2153&#8221;) diameetriga n\u00f6\u00f6r koos karabiiniga, paar veekindlaid kindaid, Hardcore kaitsekate, liim ja ekstra suur roostevabast terasest <a href=\"https:\/\/magnetarmagnets.com\/shop\/stainless-steel-hook-for-magnet-fishing\/\" target=\"_blank\" rel=\"noopener\">magnetp\u00fc\u00fcgi konks<\/a>. Tahad veelgi edasi liikuda? Tutvu meie <a href=\"https:\/\/magnetarmagnets.com\/shop\/expert-package\/\" target=\"_blank\" rel=\"noopener\">Expert-paketiga!<\/a>\n\n<h2><b>Hardcore neod\u00fc\u00fcmmagnet magnetp\u00fc\u00fcgiks<\/b><\/h2>\n\n<span style=\"font-weight: 400;\">Meie 360\u00b0 t\u00e4isringi neod\u00fc\u00fcmmagnetil on tohutu t\u00f5mbej\u00f5ud! See on \u00fcks tugevamaid ja hinnalt konkurentsiv\u00f5imelisemaid magnetp\u00fc\u00fcgi neod\u00fc\u00fcmmagneteid turul. <\/span><b>Magneti \u00fcmber 14 cm t\u00f5mbej\u00f5ud<\/b><span style=\"font-weight: 400;\"> annab pika vahemaa haarde ja suurendab v\u00f5imalust leida suuremaid ja v\u00e4\u00e4rtuslikumaid aardeid. Paljud magnetp\u00fc\u00fcgi entusiastid kiidavad Allround Hardcore magneti efektiivseid saagileidmisv\u00f5imalusi \u2013 vaata, mida professionaalid \u00fctlevad <\/span><a href=\"https:\/\/www.youtube.com\/watch?v=1izvqgYbtd8\" target=\"_blank\" rel=\"noopener\"><span style=\"font-weight: 400;\">YouTube\u2019is<\/span><\/a><span style=\"font-weight: 400;\">! Allround Hardcore magnet sobib ideaalselt neile, kes soovivad uuendada oma <a href=\"https:\/\/magnetarmagnets.com\/collections\/fishing-magnets\/single-sided-classic\/\" target=\"_blank\" rel=\"noopener\">\u00fchepoolset magnetp\u00fc\u00fcgimagnetit<\/a> v\u00f5i kahepoolset magnetit veelgi suurema t\u00f5mbej\u00f5uga.<\/span>\n\n<h2><b>Oled valmis Hardcore-re\u017eiimiks?<\/b><\/h2>\n\n<span style=\"font-weight: 400;\">Saavuta Hardcore magnetp\u00fc\u00fcgi tase! Nimi \u00fctleb juba k\u00f5ike \u2013 see magnet on \u00fclitugev! Hardcore magnet haakub igalt poolt, ka muda kaudu, ning ei j\u00e4\u00e4 kergesti kivi k\u00fclge kinni. Mitte liiga raske ega liiga kerge \u2013 seda magnetit saad tunde visata ilma probleemideta.<\/span>\n\n<span style=\"font-weight: 400;\">Hardcore magnet on saanud \u00fcheks meie m\u00fc\u00fcdavaimaks tooteks ja on eriti populaarne kogenud magnetp\u00fc\u00fcdjate seas. Magnet on valmistatud 100% puhtast neod\u00fc\u00fcmiummaterjalist \u2013 k\u00f5ige v\u00f5imsamast p\u00fcsivast magnetist, mis samas suuruses teisest materjalist tugevamalt t\u00f5mbab. See suurendab \u00fcldist t\u00f5mbej\u00f5udu igas suunas ja v\u00f5imaldab leida mitmesuguseid esemeid.<\/span>\n\n<h2><b>Magneti areng<\/b><\/h2>\n\n<span style=\"font-weight: 400;\">Paljud <a href=\"https:\/\/magnetarmagnets.com\/\" target=\"_blank\" rel=\"noopener\">magnetp\u00fc\u00fcgimagnetid<\/a> toimivad ainult \u00fchelt k\u00fcljelt. See \u00fchepoolne magnet on klassikaline magnetp\u00fc\u00fcgimagnet. Magnetar oli esimene, kes arendas selle klassikalise magneti \u00fcmber <a href=\"https:\/\/magnetarmagnets.com\/double-sided-fishing-magnet\/\" target=\"_blank\" rel=\"noopener\">kahepoolseks magnetiks<\/a>. 2016. aastal tutvustas Magnetar Allround 360\u00b0 magneti. P\u00e4rast seda on kogu Euroopa magnetp\u00fc\u00fcdjad eelistanud meie 100% neod\u00fc\u00fcmmagneteid, tehes meist Euroopa #1 tarnija. Meie magnetid on disainitud ja toodetud v\u00e4ikese magnetp\u00fc\u00fcgi entusiastide meeskonna poolt k\u00f5rgeimal tasemel. Kliendid tulevad tagasi, sest koos Magnetariga saad rohkem kui lihtsalt magneti \u2013 saad aardeid.<\/span>\n\n<h2><strong>V\u00f5imas 360\u00b0 t\u00f5mbej\u00f5ud<\/strong><\/h2>\n\n<span style=\"font-weight: 400;\">Hardcore magnet on \u00fcks tugevamaid magnetit\u00fc\u00fcpe, mida me pakume. \u00dchepoolse magneti t\u00f5mbej\u00f5udu ei saa v\u00f5rrelda 360\u00b0 neod\u00fc\u00fcmmagnetiga nagu Hardcore magnet. \u00dchepoolse magneti teraskest m\u00f5jutab t\u00f5mbej\u00f5udu, suunates selle \u00fches suunas. See annab k\u00f5rgeid t\u00f5mbej\u00f5ude tasastel metallplaatidel \u00fchetasandiliselt, kuid meie eksklusiivne Allround 360\u00b0 magnet t\u00f5mbab esemeid k\u00f5igist suundadest, sest magnetv\u00e4li ulatub kogu \u00fcmbruse alale. Huvitab, kuidas me t\u00f5mbej\u00f5udu m\u00f5\u00f5dame? <\/span><a href=\"https:\/\/www.youtube.com\/watch?v=2McW3RURDxs\" target=\"_blank\" rel=\"noopener\"><span style=\"font-weight: 400;\">Vaata videot t\u00f5mbej\u00f5u m\u00f5\u00f5tmisest<\/span><\/a><span style=\"font-weight: 400;\">.<\/span>","protected":false},"excerpt":{"rendered":"<p><span style=\"font-weight: 400;\">Alusta t\u00e4ielikult koos <strong>komplektisoodustusega<\/strong> ja <strong>originaalse 360\u00b0 Hardcore magnetp\u00fc\u00fcgiks m\u00f5eldud neod\u00fc\u00fcmmagnetiga<\/strong>.<\/span><\/p>\n","protected":false},"featured_media":74017,"comment_status":"open","ping_status":"closed","template":"","meta":{"_acf_changed":false,"inline_featured_image":false},"product_brand":[],"product_cat":[415,494,414,497,493],"product_tag":[],"class_list":{"0":"post-81572","1":"product","2":"type-product","3":"status-publish","4":"has-post-thumbnail","6":"product_cat-algajatele-ja-lastele","7":"product_cat-allround-360-otsingumagnetid","8":"product_cat-kogenud-seiklejatele","9":"product_cat-otsingumagneti-komplekt","10":"product_cat-otsingumagnetid","12":"first","13":"instock","14":"sale","15":"taxable","16":"shipping-taxable","17":"purchasable","18":"product-type-simple"},"acf":[],"yoast_head":"<!-- This site is optimized with the Yoast SEO plugin v27.3 - https:\/\/yoast.com\/product\/yoast-seo-wordpress\/ -->\n<title>Pro-pakett \u2013 Hardcore Allround 360\u00b0 neod\u00fc\u00fcmmagnet (600 kg) - Magnet fishing with a Magnetar fishing magnet<\/title>\n<meta name=\"description\" content=\"Pro-pakett \u2013 600 kg Hardcore \u2013 Magnetar\" \/>\n<meta name=\"robots\" content=\"index, follow, max-snippet:-1, max-image-preview:large, max-video-preview:-1\" \/>\n<link rel=\"canonical\" href=\"https:\/\/magnetarmagnets.com\/et\/shop\/pro-pakk-600-kg-hardcore-allround-360-neoduummagnet\/\" \/>\n<meta property=\"og:locale\" content=\"et_EE\" \/>\n<meta property=\"og:type\" content=\"article\" \/>\n<meta property=\"og:title\" content=\"Pro-pakett \u2013 Hardcore Allround 360\u00b0 neod\u00fc\u00fcmmagnet (600 kg) - Magnet fishing with a Magnetar fishing magnet\" \/>\n<meta property=\"og:description\" content=\"Pro-pakett \u2013 600 kg Hardcore \u2013 Magnetar\" \/>\n<meta property=\"og:url\" content=\"https:\/\/magnetarmagnets.com\/et\/shop\/pro-pakk-600-kg-hardcore-allround-360-neoduummagnet\/\" \/>\n<meta property=\"og:site_name\" content=\"Magnet fishing with a Magnetar fishing magnet\" \/>\n<meta property=\"article:publisher\" content=\"https:\/\/www.facebook.com\/fishingmagnets\/\" \/>\n<meta property=\"article:modified_time\" content=\"2026-04-03T13:47:16+00:00\" \/>\n<meta property=\"og:image\" content=\"https:\/\/magnetarmagnets.com\/wp-content\/uploads\/2019\/11\/pro-pakket.jpg\" \/>\n\t<meta property=\"og:image:width\" content=\"1500\" \/>\n\t<meta property=\"og:image:height\" content=\"1500\" \/>\n\t<meta property=\"og:image:type\" content=\"image\/jpeg\" \/>\n<meta name=\"twitter:card\" content=\"summary_large_image\" \/>\n<meta name=\"twitter:label1\" content=\"Est. reading time\" \/>\n\t<meta name=\"twitter:data1\" content=\"5 minutit\" \/>\n<script type=\"application\/ld+json\" class=\"yoast-schema-graph\">{\"@context\":\"https:\\\/\\\/schema.org\",\"@graph\":[{\"@type\":[\"WebPage\",\"ItemPage\"],\"@id\":\"https:\\\/\\\/magnetarmagnets.com\\\/et\\\/shop\\\/pro-pakk-600-kg-hardcore-allround-360-neoduummagnet\\\/\",\"url\":\"https:\\\/\\\/magnetarmagnets.com\\\/et\\\/shop\\\/pro-pakk-600-kg-hardcore-allround-360-neoduummagnet\\\/\",\"name\":\"Pro-pakett \u2013 Hardcore Allround 360\u00b0 neod\u00fc\u00fcmmagnet (600 kg) - Magnet fishing with a Magnetar fishing magnet\",\"isPartOf\":{\"@id\":\"https:\\\/\\\/magnetarmagnets.com\\\/et\\\/#website\"},\"primaryImageOfPage\":{\"@id\":\"https:\\\/\\\/magnetarmagnets.com\\\/et\\\/shop\\\/pro-pakk-600-kg-hardcore-allround-360-neoduummagnet\\\/#primaryimage\"},\"image\":{\"@id\":\"https:\\\/\\\/magnetarmagnets.com\\\/et\\\/shop\\\/pro-pakk-600-kg-hardcore-allround-360-neoduummagnet\\\/#primaryimage\"},\"thumbnailUrl\":\"https:\\\/\\\/magnetarmagnets.com\\\/wp-content\\\/uploads\\\/2019\\\/11\\\/pro-pakket.jpg\",\"datePublished\":\"2025-06-05T07:54:38+00:00\",\"dateModified\":\"2026-04-03T13:47:16+00:00\",\"description\":\"Pro-pakett \u2013 600 kg Hardcore \u2013 Magnetar\",\"breadcrumb\":{\"@id\":\"https:\\\/\\\/magnetarmagnets.com\\\/et\\\/shop\\\/pro-pakk-600-kg-hardcore-allround-360-neoduummagnet\\\/#breadcrumb\"},\"inLanguage\":\"et\",\"potentialAction\":[{\"@type\":\"ReadAction\",\"target\":[\"https:\\\/\\\/magnetarmagnets.com\\\/et\\\/shop\\\/pro-pakk-600-kg-hardcore-allround-360-neoduummagnet\\\/\"]}]},{\"@type\":\"ImageObject\",\"inLanguage\":\"et\",\"@id\":\"https:\\\/\\\/magnetarmagnets.com\\\/et\\\/shop\\\/pro-pakk-600-kg-hardcore-allround-360-neoduummagnet\\\/#primaryimage\",\"url\":\"https:\\\/\\\/magnetarmagnets.com\\\/wp-content\\\/uploads\\\/2019\\\/11\\\/pro-pakket.jpg\",\"contentUrl\":\"https:\\\/\\\/magnetarmagnets.com\\\/wp-content\\\/uploads\\\/2019\\\/11\\\/pro-pakket.jpg\",\"width\":1500,\"height\":1500,\"caption\":\"Pro Package for magnet fishing\"},{\"@type\":\"BreadcrumbList\",\"@id\":\"https:\\\/\\\/magnetarmagnets.com\\\/et\\\/shop\\\/pro-pakk-600-kg-hardcore-allround-360-neoduummagnet\\\/#breadcrumb\",\"itemListElement\":[{\"@type\":\"ListItem\",\"position\":1,\"name\":\"Home\",\"item\":\"https:\\\/\\\/magnetarmagnets.com\\\/et\\\/\"},{\"@type\":\"ListItem\",\"position\":2,\"name\":\"pood\",\"item\":\"https:\\\/\\\/magnetarmagnets.com\\\/et\\\/pood\\\/\"},{\"@type\":\"ListItem\",\"position\":3,\"name\":\"All products\",\"item\":\"https:\\\/\\\/magnetarmagnets.com\\\/collections\\\/all-products\\\/\"},{\"@type\":\"ListItem\",\"position\":4,\"name\":\"Pro-pakett \u2013 Hardcore Allround 360\u00b0 neod\u00fc\u00fcmmagnet (600 kg)\"}]},{\"@type\":\"WebSite\",\"@id\":\"https:\\\/\\\/magnetarmagnets.com\\\/et\\\/#website\",\"url\":\"https:\\\/\\\/magnetarmagnets.com\\\/et\\\/\",\"name\":\"Magnet fishing with a Magnetar fishing magnet\",\"description\":\"Tugevad magnetid magnetp\u00fc\u00fcgiks\",\"publisher\":{\"@id\":\"https:\\\/\\\/magnetarmagnets.com\\\/et\\\/#organization\"},\"potentialAction\":[{\"@type\":\"SearchAction\",\"target\":{\"@type\":\"EntryPoint\",\"urlTemplate\":\"https:\\\/\\\/magnetarmagnets.com\\\/et\\\/?s={search_term_string}\"},\"query-input\":{\"@type\":\"PropertyValueSpecification\",\"valueRequired\":true,\"valueName\":\"search_term_string\"}}],\"inLanguage\":\"et\"},{\"@type\":\"Organization\",\"@id\":\"https:\\\/\\\/magnetarmagnets.com\\\/et\\\/#organization\",\"name\":\"Magnetar\",\"url\":\"https:\\\/\\\/magnetarmagnets.com\\\/et\\\/\",\"logo\":{\"@type\":\"ImageObject\",\"inLanguage\":\"et\",\"@id\":\"https:\\\/\\\/magnetarmagnets.com\\\/et\\\/#\\\/schema\\\/logo\\\/image\\\/\",\"url\":\"https:\\\/\\\/magnetarmagnets.com\\\/wp-content\\\/uploads\\\/2025\\\/05\\\/Logo-03_PNG-Black-scaled.png\",\"contentUrl\":\"https:\\\/\\\/magnetarmagnets.com\\\/wp-content\\\/uploads\\\/2025\\\/05\\\/Logo-03_PNG-Black-scaled.png\",\"width\":2560,\"height\":1658,\"caption\":\"Magnetar\"},\"image\":{\"@id\":\"https:\\\/\\\/magnetarmagnets.com\\\/et\\\/#\\\/schema\\\/logo\\\/image\\\/\"},\"sameAs\":[\"https:\\\/\\\/www.facebook.com\\\/fishingmagnets\\\/\",\"https:\\\/\\\/www.instagram.com\\\/magnetar_magnets\\\/\",\"https:\\\/\\\/www.linkedin.com\\\/company\\\/magnetarbv\\\/?originalSubdomain=nl\",\"https:\\\/\\\/www.youtube.com\\\/c\\\/MagnetarVismagneet\"]}]}<\/script>\n<!-- \/ Yoast SEO plugin. -->","yoast_head_json":{"title":"Pro-pakett \u2013 Hardcore Allround 360\u00b0 neod\u00fc\u00fcmmagnet (600 kg) - Magnet fishing with a Magnetar fishing magnet","description":"Pro-pakett \u2013 600 kg Hardcore \u2013 Magnetar","robots":{"index":"index","follow":"follow","max-snippet":"max-snippet:-1","max-image-preview":"max-image-preview:large","max-video-preview":"max-video-preview:-1"},"canonical":"https:\/\/magnetarmagnets.com\/et\/shop\/pro-pakk-600-kg-hardcore-allround-360-neoduummagnet\/","og_locale":"et_EE","og_type":"article","og_title":"Pro-pakett \u2013 Hardcore Allround 360\u00b0 neod\u00fc\u00fcmmagnet (600 kg) - Magnet fishing with a Magnetar fishing magnet","og_description":"Pro-pakett \u2013 600 kg Hardcore \u2013 Magnetar","og_url":"https:\/\/magnetarmagnets.com\/et\/shop\/pro-pakk-600-kg-hardcore-allround-360-neoduummagnet\/","og_site_name":"Magnet fishing with a Magnetar fishing magnet","article_publisher":"https:\/\/www.facebook.com\/fishingmagnets\/","article_modified_time":"2026-04-03T13:47:16+00:00","og_image":[{"width":1500,"height":1500,"url":"https:\/\/magnetarmagnets.com\/wp-content\/uploads\/2019\/11\/pro-pakket.jpg","type":"image\/jpeg"}],"twitter_card":"summary_large_image","twitter_misc":{"Est. reading time":"5 minutit"},"schema":{"@context":"https:\/\/schema.org","@graph":[{"@type":["WebPage","ItemPage"],"@id":"https:\/\/magnetarmagnets.com\/et\/shop\/pro-pakk-600-kg-hardcore-allround-360-neoduummagnet\/","url":"https:\/\/magnetarmagnets.com\/et\/shop\/pro-pakk-600-kg-hardcore-allround-360-neoduummagnet\/","name":"Pro-pakett \u2013 Hardcore Allround 360\u00b0 neod\u00fc\u00fcmmagnet (600 kg) - Magnet fishing with a Magnetar fishing magnet","isPartOf":{"@id":"https:\/\/magnetarmagnets.com\/et\/#website"},"primaryImageOfPage":{"@id":"https:\/\/magnetarmagnets.com\/et\/shop\/pro-pakk-600-kg-hardcore-allround-360-neoduummagnet\/#primaryimage"},"image":{"@id":"https:\/\/magnetarmagnets.com\/et\/shop\/pro-pakk-600-kg-hardcore-allround-360-neoduummagnet\/#primaryimage"},"thumbnailUrl":"https:\/\/magnetarmagnets.com\/wp-content\/uploads\/2019\/11\/pro-pakket.jpg","datePublished":"2025-06-05T07:54:38+00:00","dateModified":"2026-04-03T13:47:16+00:00","description":"Pro-pakett \u2013 600 kg Hardcore \u2013 Magnetar","breadcrumb":{"@id":"https:\/\/magnetarmagnets.com\/et\/shop\/pro-pakk-600-kg-hardcore-allround-360-neoduummagnet\/#breadcrumb"},"inLanguage":"et","potentialAction":[{"@type":"ReadAction","target":["https:\/\/magnetarmagnets.com\/et\/shop\/pro-pakk-600-kg-hardcore-allround-360-neoduummagnet\/"]}]},{"@type":"ImageObject","inLanguage":"et","@id":"https:\/\/magnetarmagnets.com\/et\/shop\/pro-pakk-600-kg-hardcore-allround-360-neoduummagnet\/#primaryimage","url":"https:\/\/magnetarmagnets.com\/wp-content\/uploads\/2019\/11\/pro-pakket.jpg","contentUrl":"https:\/\/magnetarmagnets.com\/wp-content\/uploads\/2019\/11\/pro-pakket.jpg","width":1500,"height":1500,"caption":"Pro Package for magnet fishing"},{"@type":"BreadcrumbList","@id":"https:\/\/magnetarmagnets.com\/et\/shop\/pro-pakk-600-kg-hardcore-allround-360-neoduummagnet\/#breadcrumb","itemListElement":[{"@type":"ListItem","position":1,"name":"Home","item":"https:\/\/magnetarmagnets.com\/et\/"},{"@type":"ListItem","position":2,"name":"pood","item":"https:\/\/magnetarmagnets.com\/et\/pood\/"},{"@type":"ListItem","position":3,"name":"All products","item":"https:\/\/magnetarmagnets.com\/collections\/all-products\/"},{"@type":"ListItem","position":4,"name":"Pro-pakett \u2013 Hardcore Allround 360\u00b0 neod\u00fc\u00fcmmagnet (600 kg)"}]},{"@type":"WebSite","@id":"https:\/\/magnetarmagnets.com\/et\/#website","url":"https:\/\/magnetarmagnets.com\/et\/","name":"Magnet fishing with a Magnetar fishing magnet","description":"Tugevad magnetid magnetp\u00fc\u00fcgiks","publisher":{"@id":"https:\/\/magnetarmagnets.com\/et\/#organization"},"potentialAction":[{"@type":"SearchAction","target":{"@type":"EntryPoint","urlTemplate":"https:\/\/magnetarmagnets.com\/et\/?s={search_term_string}"},"query-input":{"@type":"PropertyValueSpecification","valueRequired":true,"valueName":"search_term_string"}}],"inLanguage":"et"},{"@type":"Organization","@id":"https:\/\/magnetarmagnets.com\/et\/#organization","name":"Magnetar","url":"https:\/\/magnetarmagnets.com\/et\/","logo":{"@type":"ImageObject","inLanguage":"et","@id":"https:\/\/magnetarmagnets.com\/et\/#\/schema\/logo\/image\/","url":"https:\/\/magnetarmagnets.com\/wp-content\/uploads\/2025\/05\/Logo-03_PNG-Black-scaled.png","contentUrl":"https:\/\/magnetarmagnets.com\/wp-content\/uploads\/2025\/05\/Logo-03_PNG-Black-scaled.png","width":2560,"height":1658,"caption":"Magnetar"},"image":{"@id":"https:\/\/magnetarmagnets.com\/et\/#\/schema\/logo\/image\/"},"sameAs":["https:\/\/www.facebook.com\/fishingmagnets\/","https:\/\/www.instagram.com\/magnetar_magnets\/","https:\/\/www.linkedin.com\/company\/magnetarbv\/?originalSubdomain=nl","https:\/\/www.youtube.com\/c\/MagnetarVismagneet"]}]}},"_links":{"self":[{"href":"https:\/\/magnetarmagnets.com\/et\/wp-json\/wp\/v2\/product\/81572","targetHints":{"allow":["GET"]}}],"collection":[{"href":"https:\/\/magnetarmagnets.com\/et\/wp-json\/wp\/v2\/product"}],"about":[{"href":"https:\/\/magnetarmagnets.com\/et\/wp-json\/wp\/v2\/types\/product"}],"replies":[{"embeddable":true,"href":"https:\/\/magnetarmagnets.com\/et\/wp-json\/wp\/v2\/comments?post=81572"}],"version-history":[{"count":0,"href":"https:\/\/magnetarmagnets.com\/et\/wp-json\/wp\/v2\/product\/81572\/revisions"}],"wp:featuredmedia":[{"embeddable":true,"href":"https:\/\/magnetarmagnets.com\/et\/wp-json\/wp\/v2\/media\/74017"}],"wp:attachment":[{"href":"https:\/\/magnetarmagnets.com\/et\/wp-json\/wp\/v2\/media?parent=81572"}],"wp:term":[{"taxonomy":"product_brand","embeddable":true,"href":"https:\/\/magnetarmagnets.com\/et\/wp-json\/wp\/v2\/product_brand?post=81572"},{"taxonomy":"product_cat","embeddable":true,"href":"https:\/\/magnetarmagnets.com\/et\/wp-json\/wp\/v2\/product_cat?post=81572"},{"taxonomy":"product_tag","embeddable":true,"href":"https:\/\/magnetarmagnets.com\/et\/wp-json\/wp\/v2\/product_tag?post=81572"}],"curies":[{"name":"wp","href":"https:\/\/api.w.org\/{rel}","templated":true}]}}