{"id":81571,"date":"2025-06-05T09:54:38","date_gmt":"2025-06-05T07:54:38","guid":{"rendered":"https:\/\/magnetarmagnets.com\/?post_type=product&#038;p=81571"},"modified":"2026-04-22T06:18:40","modified_gmt":"2026-04-22T04:18:40","slug":"ekspertkomplekt-1000-kg-terror-360-kalapuugimagnetiga","status":"publish","type":"product","link":"https:\/\/magnetarmagnets.com\/et\/shop\/ekspertkomplekt-1000-kg-terror-360-kalapuugimagnetiga\/","title":{"rendered":"Eksperdikomplekt \u2013 Terror 360\u00b0 Allround neod\u00fc\u00fcmmagnet \u2013 1000 kg"},"content":{"rendered":"<p>Kas oled edasij\u00f5udnud magnetp\u00fc\u00fcdja? V\u00f5i otsid algajana ideaalset varustust? Otsingumagneti komplekt on parim valik. See komplekt sisaldab Terrori 360\u00b0 allround neod\u00fc\u00fcmmagnetit. Lisaks on komplektis tugev \u2153&#8221; l\u00e4bim\u00f5\u00f5duga \/ 8 mm k\u00f6is koos karabiiniga, veekindlate kinnaste paar, Terrori kaitsekate, liim ja eriti suur roostevabast terasest konks. Tahad t\u00f5elist j\u00f5umasinat? Selle komplektiga oled magnetp\u00fc\u00fcgil t\u00e4ielikult varustatud! Tahad j\u00e4rgmisele tasemele liikuda? Vaata meie <a href=\"https:\/\/magnetarmagnets.com\/shop\/legend-package\/\" target=\"_blank\" rel=\"noopener\">Legendikomplekti!<\/a><\/p>\n\n<h2><b>Terrori neod\u00fc\u00fcmmagnet<\/b><\/h2>\n\n<p>Arendasime Terrori magneti p\u00e4rast meie Hardcore-magneti edu. Terrori magnet pakub veelgi rohkem p\u00fc\u00fcgiv\u00f5imalusi kui Hardcore-magnet, t\u00e4nu \u00e4\u00e4rmiselt kaugeleulatuvale t\u00f5mbej\u00f5ule kuni 2200 lbs\/1000 kg. See suurendab oluliselt v\u00f5imalust p\u00fc\u00fcda suuremaid ja v\u00e4\u00e4rtuslikumaid aardeid. Magnet on ka raskem, mis v\u00f5imaldab tal mudas s\u00fcgavamale vajuda ja j\u00f5uda peidetud, uppunud esemete juurde. Nagu k\u00f5ik meie magnetid, on Terror 100% neod\u00fc\u00fcmmagnet, millel on v\u00f5imas t\u00f5mbej\u00f5ud k\u00f5igilt k\u00fclgedelt.<\/p>\n\n<h2><b>Kas oled Terroriks valmis?<\/b><\/h2>\n\n<p>Nimi r\u00e4\u00e4gib enda eest \u2013 see magnet on \u00fclimalt tugev! Terrori neod\u00fc\u00fcmmagnet haarab k\u00f5iki esemeid igast k\u00fcljest, l\u00e4bi muda ega takerdu kividesse. Piisavalt raske, et vajuda mudasse v\u00f5i luti, piisavalt kerge, et visata vette, saad seda magnetit tunde j\u00e4rjest visata ilma probleemideta. Keskmises kaaluklassis on see visatav ja suudab j\u00f5uda muda t\u00e4is kanalite ja j\u00f5gede p\u00f5hjani hoolimata veevoolust.<\/p>\n\n<p>Terror on m\u00f5eldud kogenud magnetp\u00fc\u00fcdjatele, kes soovivad oma magnetinvesteeringult kasu teenida. See sobib ideaalselt nii kergete kui ka raskete aarete, nagu turvakapid, suuremad relvad, autoosad, t\u00f5ukerattad ja elektrijalgrattad, toomiseks.<\/p>\n\n<h2><b>Magnetite evolutsioon<\/b><\/h2>\n\n<p>Paljud <a href=\"https:\/\/magnetarmagnets.com\/\" target=\"_blank\" rel=\"noopener\">magnetp\u00fc\u00fcgimagnetid<\/a> omavad t\u00f5mbej\u00f5udu vaid \u00fchel magneti k\u00fcljel. See \u00fchek\u00fclgne lahendus on klassikaline magnetp\u00fc\u00fcgimagnet. Magnetar oli esimene ettev\u00f5te, kes selle klassikalise magneti \u00fcmestas kahepoolseks magnetiks. 2016. aastal arendas Magnetar edasi universaalset 360\u00b0 magnetp\u00fc\u00fcgimagnetit. Euroopa magnetp\u00fc\u00fcdjad on sellest ajast alates meie 100% neod\u00fc\u00fcmmagnetite poole t\u00f5mbunud, tehes meist Euroopa #1 tarnija. Meie magnetid on valmistatud k\u00f5rgeima kvaliteedi, disaini ja hoolimatusega v\u00e4ikese magnetp\u00fc\u00fcgi entusiastide meeskonna poolt. Meie kliendid tulevad tagasi, sest teavad, et Magnetariga saavad nad rohkem kui magneti \u2013 nad saavad aardeid.<\/p>\n\n<h2><b>V\u00f5imas 360\u00b0 t\u00f5mbej\u00f5ud<\/b><\/h2>\n\n<p>Terrori magnet on \u00fcks meie tugevamaid magneteid, mille t\u00f5mbej\u00f5ud on kuni 2200 lbs\/1000 kg. Selle t\u00f5mbej\u00f5ud on piisavalt tugev, et t\u00f5mmata esemeid kogu \u00fcmbritsevast piirkonnast, erinevalt \u00fchek\u00fcljelistest magnetitest teraskattega, mis suunavad t\u00f5mbej\u00f5u vaid \u00fches suunas. Kas huvitab meie t\u00f5mbej\u00f5u m\u00f5\u00f5tmine? <a href=\"https:\/\/www.youtube.com\/watch?v=2McW3RURDxs\" target=\"_blank\" rel=\"noopener\">Vaata videot t\u00f5mbej\u00f5u m\u00f5\u00f5tmise kohta<\/a>.<\/p>","protected":false},"excerpt":{"rendered":"<p><span style=\"font-weight: 400;\">Ole t\u00e4ielikult varustatud 360\u00b0 Terror neod\u00fc\u00fcmmagneti ja tarvikutega. <strong>T\u00f5estatud tulemused<\/strong>!<\/span><\/p>\n","protected":false},"featured_media":72560,"comment_status":"open","ping_status":"closed","template":"","meta":{"_acf_changed":false,"inline_featured_image":false},"product_brand":[],"product_cat":[494,414,1002,497,493,416],"product_tag":[],"class_list":{"0":"post-81571","1":"product","2":"type-product","3":"status-publish","4":"has-post-thumbnail","6":"product_cat-allround-360-otsingumagnetid","7":"product_cat-kogenud-seiklejatele","8":"product_cat-koik-tooted","9":"product_cat-otsingumagneti-komplekt","10":"product_cat-otsingumagnetid","11":"product_cat-professionaalidele","13":"first","14":"instock","15":"sale","16":"taxable","17":"shipping-taxable","18":"purchasable","19":"product-type-simple"},"acf":[],"yoast_head":"<!-- This site is optimized with the Yoast SEO plugin v27.4 - https:\/\/yoast.com\/product\/yoast-seo-wordpress\/ -->\n<title>Eksperdikomplekt \u2013 Terror 360\u00b0 Allround neod\u00fc\u00fcmmagnet \u2013 1000 kg - Magnet fishing with a Magnetar fishing magnet<\/title>\n<meta name=\"description\" content=\"Eksperdikomplekt \u2013 1000 kg Terror \u2013 Magnetar\" \/>\n<meta name=\"robots\" content=\"index, follow, max-snippet:-1, max-image-preview:large, max-video-preview:-1\" \/>\n<link rel=\"canonical\" href=\"https:\/\/magnetarmagnets.com\/et\/shop\/ekspertkomplekt-1000-kg-terror-360-kalapuugimagnetiga\/\" \/>\n<meta property=\"og:locale\" content=\"et_EE\" \/>\n<meta property=\"og:type\" content=\"article\" \/>\n<meta property=\"og:title\" content=\"Eksperdikomplekt \u2013 Terror 360\u00b0 Allround neod\u00fc\u00fcmmagnet \u2013 1000 kg - Magnet fishing with a Magnetar fishing magnet\" \/>\n<meta property=\"og:description\" content=\"Eksperdikomplekt \u2013 1000 kg Terror \u2013 Magnetar\" \/>\n<meta property=\"og:url\" content=\"https:\/\/magnetarmagnets.com\/et\/shop\/ekspertkomplekt-1000-kg-terror-360-kalapuugimagnetiga\/\" \/>\n<meta property=\"og:site_name\" content=\"Magnet fishing with a Magnetar fishing magnet\" \/>\n<meta property=\"article:publisher\" content=\"https:\/\/www.facebook.com\/fishingmagnets\/\" \/>\n<meta property=\"article:modified_time\" content=\"2026-04-22T04:18:40+00:00\" \/>\n<meta property=\"og:image\" content=\"https:\/\/magnetarmagnets.com\/wp-content\/uploads\/2021\/10\/MAGNETAR-EXPERT-KIT-GOOGLE.jpg\" \/>\n\t<meta property=\"og:image:width\" content=\"1500\" \/>\n\t<meta property=\"og:image:height\" content=\"1500\" \/>\n\t<meta property=\"og:image:type\" content=\"image\/jpeg\" \/>\n<meta name=\"twitter:card\" content=\"summary_large_image\" \/>\n<meta name=\"twitter:label1\" content=\"Est. reading time\" \/>\n\t<meta name=\"twitter:data1\" content=\"5 minutit\" \/>\n<script type=\"application\/ld+json\" class=\"yoast-schema-graph\">{\"@context\":\"https:\\\/\\\/schema.org\",\"@graph\":[{\"@type\":[\"WebPage\",\"ItemPage\"],\"@id\":\"https:\\\/\\\/magnetarmagnets.com\\\/et\\\/shop\\\/ekspertkomplekt-1000-kg-terror-360-kalapuugimagnetiga\\\/\",\"url\":\"https:\\\/\\\/magnetarmagnets.com\\\/et\\\/shop\\\/ekspertkomplekt-1000-kg-terror-360-kalapuugimagnetiga\\\/\",\"name\":\"Eksperdikomplekt \u2013 Terror 360\u00b0 Allround neod\u00fc\u00fcmmagnet \u2013 1000 kg - Magnet fishing with a Magnetar fishing magnet\",\"isPartOf\":{\"@id\":\"https:\\\/\\\/magnetarmagnets.com\\\/et\\\/#website\"},\"primaryImageOfPage\":{\"@id\":\"https:\\\/\\\/magnetarmagnets.com\\\/et\\\/shop\\\/ekspertkomplekt-1000-kg-terror-360-kalapuugimagnetiga\\\/#primaryimage\"},\"image\":{\"@id\":\"https:\\\/\\\/magnetarmagnets.com\\\/et\\\/shop\\\/ekspertkomplekt-1000-kg-terror-360-kalapuugimagnetiga\\\/#primaryimage\"},\"thumbnailUrl\":\"https:\\\/\\\/magnetarmagnets.com\\\/wp-content\\\/uploads\\\/2021\\\/10\\\/MAGNETAR-EXPERT-KIT-GOOGLE.jpg\",\"datePublished\":\"2025-06-05T07:54:38+00:00\",\"dateModified\":\"2026-04-22T04:18:40+00:00\",\"description\":\"Eksperdikomplekt \u2013 1000 kg Terror \u2013 Magnetar\",\"breadcrumb\":{\"@id\":\"https:\\\/\\\/magnetarmagnets.com\\\/et\\\/shop\\\/ekspertkomplekt-1000-kg-terror-360-kalapuugimagnetiga\\\/#breadcrumb\"},\"inLanguage\":\"et\",\"potentialAction\":[{\"@type\":\"ReadAction\",\"target\":[\"https:\\\/\\\/magnetarmagnets.com\\\/et\\\/shop\\\/ekspertkomplekt-1000-kg-terror-360-kalapuugimagnetiga\\\/\"]}]},{\"@type\":\"ImageObject\",\"inLanguage\":\"et\",\"@id\":\"https:\\\/\\\/magnetarmagnets.com\\\/et\\\/shop\\\/ekspertkomplekt-1000-kg-terror-360-kalapuugimagnetiga\\\/#primaryimage\",\"url\":\"https:\\\/\\\/magnetarmagnets.com\\\/wp-content\\\/uploads\\\/2021\\\/10\\\/MAGNETAR-EXPERT-KIT-GOOGLE.jpg\",\"contentUrl\":\"https:\\\/\\\/magnetarmagnets.com\\\/wp-content\\\/uploads\\\/2021\\\/10\\\/MAGNETAR-EXPERT-KIT-GOOGLE.jpg\",\"width\":1500,\"height\":1500,\"caption\":\"MAGNETAR-EXPERT-KIT\"},{\"@type\":\"BreadcrumbList\",\"@id\":\"https:\\\/\\\/magnetarmagnets.com\\\/et\\\/shop\\\/ekspertkomplekt-1000-kg-terror-360-kalapuugimagnetiga\\\/#breadcrumb\",\"itemListElement\":[{\"@type\":\"ListItem\",\"position\":1,\"name\":\"Home\",\"item\":\"https:\\\/\\\/magnetarmagnets.com\\\/et\\\/\"},{\"@type\":\"ListItem\",\"position\":2,\"name\":\"pood\",\"item\":\"https:\\\/\\\/magnetarmagnets.com\\\/et\\\/pood\\\/\"},{\"@type\":\"ListItem\",\"position\":3,\"name\":\"Otsingumagnetid\",\"item\":\"https:\\\/\\\/magnetarmagnets.com\\\/et\\\/collections\\\/otsingumagnetid\\\/\"},{\"@type\":\"ListItem\",\"position\":4,\"name\":\"Allround 360 otsingumagnetid\",\"item\":\"https:\\\/\\\/magnetarmagnets.com\\\/et\\\/collections\\\/otsingumagnetid\\\/allround-360-otsingumagnetid\\\/\"},{\"@type\":\"ListItem\",\"position\":5,\"name\":\"Eksperdikomplekt \u2013 Terror 360\u00b0 Allround neod\u00fc\u00fcmmagnet \u2013 1000 kg\"}]},{\"@type\":\"WebSite\",\"@id\":\"https:\\\/\\\/magnetarmagnets.com\\\/et\\\/#website\",\"url\":\"https:\\\/\\\/magnetarmagnets.com\\\/et\\\/\",\"name\":\"Magnet fishing with a Magnetar fishing magnet\",\"description\":\"Tugevad magnetid magnetp\u00fc\u00fcgiks\",\"publisher\":{\"@id\":\"https:\\\/\\\/magnetarmagnets.com\\\/et\\\/#organization\"},\"potentialAction\":[{\"@type\":\"SearchAction\",\"target\":{\"@type\":\"EntryPoint\",\"urlTemplate\":\"https:\\\/\\\/magnetarmagnets.com\\\/et\\\/?s={search_term_string}\"},\"query-input\":{\"@type\":\"PropertyValueSpecification\",\"valueRequired\":true,\"valueName\":\"search_term_string\"}}],\"inLanguage\":\"et\"},{\"@type\":\"Organization\",\"@id\":\"https:\\\/\\\/magnetarmagnets.com\\\/et\\\/#organization\",\"name\":\"Magnetar\",\"url\":\"https:\\\/\\\/magnetarmagnets.com\\\/et\\\/\",\"logo\":{\"@type\":\"ImageObject\",\"inLanguage\":\"et\",\"@id\":\"https:\\\/\\\/magnetarmagnets.com\\\/et\\\/#\\\/schema\\\/logo\\\/image\\\/\",\"url\":\"https:\\\/\\\/magnetarmagnets.com\\\/wp-content\\\/uploads\\\/2025\\\/05\\\/Logo-03_PNG-Black-scaled.png\",\"contentUrl\":\"https:\\\/\\\/magnetarmagnets.com\\\/wp-content\\\/uploads\\\/2025\\\/05\\\/Logo-03_PNG-Black-scaled.png\",\"width\":2560,\"height\":1658,\"caption\":\"Magnetar\"},\"image\":{\"@id\":\"https:\\\/\\\/magnetarmagnets.com\\\/et\\\/#\\\/schema\\\/logo\\\/image\\\/\"},\"sameAs\":[\"https:\\\/\\\/www.facebook.com\\\/fishingmagnets\\\/\",\"https:\\\/\\\/www.instagram.com\\\/magnetar_magnets\\\/\",\"https:\\\/\\\/www.linkedin.com\\\/company\\\/magnetarbv\\\/?originalSubdomain=nl\",\"https:\\\/\\\/www.youtube.com\\\/c\\\/MagnetarVismagneet\"]}]}<\/script>\n<!-- \/ Yoast SEO plugin. -->","yoast_head_json":{"title":"Eksperdikomplekt \u2013 Terror 360\u00b0 Allround neod\u00fc\u00fcmmagnet \u2013 1000 kg - Magnet fishing with a Magnetar fishing magnet","description":"Eksperdikomplekt \u2013 1000 kg Terror \u2013 Magnetar","robots":{"index":"index","follow":"follow","max-snippet":"max-snippet:-1","max-image-preview":"max-image-preview:large","max-video-preview":"max-video-preview:-1"},"canonical":"https:\/\/magnetarmagnets.com\/et\/shop\/ekspertkomplekt-1000-kg-terror-360-kalapuugimagnetiga\/","og_locale":"et_EE","og_type":"article","og_title":"Eksperdikomplekt \u2013 Terror 360\u00b0 Allround neod\u00fc\u00fcmmagnet \u2013 1000 kg - Magnet fishing with a Magnetar fishing magnet","og_description":"Eksperdikomplekt \u2013 1000 kg Terror \u2013 Magnetar","og_url":"https:\/\/magnetarmagnets.com\/et\/shop\/ekspertkomplekt-1000-kg-terror-360-kalapuugimagnetiga\/","og_site_name":"Magnet fishing with a Magnetar fishing magnet","article_publisher":"https:\/\/www.facebook.com\/fishingmagnets\/","article_modified_time":"2026-04-22T04:18:40+00:00","og_image":[{"width":1500,"height":1500,"url":"https:\/\/magnetarmagnets.com\/wp-content\/uploads\/2021\/10\/MAGNETAR-EXPERT-KIT-GOOGLE.jpg","type":"image\/jpeg"}],"twitter_card":"summary_large_image","twitter_misc":{"Est. reading time":"5 minutit"},"schema":{"@context":"https:\/\/schema.org","@graph":[{"@type":["WebPage","ItemPage"],"@id":"https:\/\/magnetarmagnets.com\/et\/shop\/ekspertkomplekt-1000-kg-terror-360-kalapuugimagnetiga\/","url":"https:\/\/magnetarmagnets.com\/et\/shop\/ekspertkomplekt-1000-kg-terror-360-kalapuugimagnetiga\/","name":"Eksperdikomplekt \u2013 Terror 360\u00b0 Allround neod\u00fc\u00fcmmagnet \u2013 1000 kg - Magnet fishing with a Magnetar fishing magnet","isPartOf":{"@id":"https:\/\/magnetarmagnets.com\/et\/#website"},"primaryImageOfPage":{"@id":"https:\/\/magnetarmagnets.com\/et\/shop\/ekspertkomplekt-1000-kg-terror-360-kalapuugimagnetiga\/#primaryimage"},"image":{"@id":"https:\/\/magnetarmagnets.com\/et\/shop\/ekspertkomplekt-1000-kg-terror-360-kalapuugimagnetiga\/#primaryimage"},"thumbnailUrl":"https:\/\/magnetarmagnets.com\/wp-content\/uploads\/2021\/10\/MAGNETAR-EXPERT-KIT-GOOGLE.jpg","datePublished":"2025-06-05T07:54:38+00:00","dateModified":"2026-04-22T04:18:40+00:00","description":"Eksperdikomplekt \u2013 1000 kg Terror \u2013 Magnetar","breadcrumb":{"@id":"https:\/\/magnetarmagnets.com\/et\/shop\/ekspertkomplekt-1000-kg-terror-360-kalapuugimagnetiga\/#breadcrumb"},"inLanguage":"et","potentialAction":[{"@type":"ReadAction","target":["https:\/\/magnetarmagnets.com\/et\/shop\/ekspertkomplekt-1000-kg-terror-360-kalapuugimagnetiga\/"]}]},{"@type":"ImageObject","inLanguage":"et","@id":"https:\/\/magnetarmagnets.com\/et\/shop\/ekspertkomplekt-1000-kg-terror-360-kalapuugimagnetiga\/#primaryimage","url":"https:\/\/magnetarmagnets.com\/wp-content\/uploads\/2021\/10\/MAGNETAR-EXPERT-KIT-GOOGLE.jpg","contentUrl":"https:\/\/magnetarmagnets.com\/wp-content\/uploads\/2021\/10\/MAGNETAR-EXPERT-KIT-GOOGLE.jpg","width":1500,"height":1500,"caption":"MAGNETAR-EXPERT-KIT"},{"@type":"BreadcrumbList","@id":"https:\/\/magnetarmagnets.com\/et\/shop\/ekspertkomplekt-1000-kg-terror-360-kalapuugimagnetiga\/#breadcrumb","itemListElement":[{"@type":"ListItem","position":1,"name":"Home","item":"https:\/\/magnetarmagnets.com\/et\/"},{"@type":"ListItem","position":2,"name":"pood","item":"https:\/\/magnetarmagnets.com\/et\/pood\/"},{"@type":"ListItem","position":3,"name":"Otsingumagnetid","item":"https:\/\/magnetarmagnets.com\/et\/collections\/otsingumagnetid\/"},{"@type":"ListItem","position":4,"name":"Allround 360 otsingumagnetid","item":"https:\/\/magnetarmagnets.com\/et\/collections\/otsingumagnetid\/allround-360-otsingumagnetid\/"},{"@type":"ListItem","position":5,"name":"Eksperdikomplekt \u2013 Terror 360\u00b0 Allround neod\u00fc\u00fcmmagnet \u2013 1000 kg"}]},{"@type":"WebSite","@id":"https:\/\/magnetarmagnets.com\/et\/#website","url":"https:\/\/magnetarmagnets.com\/et\/","name":"Magnet fishing with a Magnetar fishing magnet","description":"Tugevad magnetid magnetp\u00fc\u00fcgiks","publisher":{"@id":"https:\/\/magnetarmagnets.com\/et\/#organization"},"potentialAction":[{"@type":"SearchAction","target":{"@type":"EntryPoint","urlTemplate":"https:\/\/magnetarmagnets.com\/et\/?s={search_term_string}"},"query-input":{"@type":"PropertyValueSpecification","valueRequired":true,"valueName":"search_term_string"}}],"inLanguage":"et"},{"@type":"Organization","@id":"https:\/\/magnetarmagnets.com\/et\/#organization","name":"Magnetar","url":"https:\/\/magnetarmagnets.com\/et\/","logo":{"@type":"ImageObject","inLanguage":"et","@id":"https:\/\/magnetarmagnets.com\/et\/#\/schema\/logo\/image\/","url":"https:\/\/magnetarmagnets.com\/wp-content\/uploads\/2025\/05\/Logo-03_PNG-Black-scaled.png","contentUrl":"https:\/\/magnetarmagnets.com\/wp-content\/uploads\/2025\/05\/Logo-03_PNG-Black-scaled.png","width":2560,"height":1658,"caption":"Magnetar"},"image":{"@id":"https:\/\/magnetarmagnets.com\/et\/#\/schema\/logo\/image\/"},"sameAs":["https:\/\/www.facebook.com\/fishingmagnets\/","https:\/\/www.instagram.com\/magnetar_magnets\/","https:\/\/www.linkedin.com\/company\/magnetarbv\/?originalSubdomain=nl","https:\/\/www.youtube.com\/c\/MagnetarVismagneet"]}]}},"_links":{"self":[{"href":"https:\/\/magnetarmagnets.com\/et\/wp-json\/wp\/v2\/product\/81571","targetHints":{"allow":["GET"]}}],"collection":[{"href":"https:\/\/magnetarmagnets.com\/et\/wp-json\/wp\/v2\/product"}],"about":[{"href":"https:\/\/magnetarmagnets.com\/et\/wp-json\/wp\/v2\/types\/product"}],"replies":[{"embeddable":true,"href":"https:\/\/magnetarmagnets.com\/et\/wp-json\/wp\/v2\/comments?post=81571"}],"version-history":[{"count":0,"href":"https:\/\/magnetarmagnets.com\/et\/wp-json\/wp\/v2\/product\/81571\/revisions"}],"wp:featuredmedia":[{"embeddable":true,"href":"https:\/\/magnetarmagnets.com\/et\/wp-json\/wp\/v2\/media\/72560"}],"wp:attachment":[{"href":"https:\/\/magnetarmagnets.com\/et\/wp-json\/wp\/v2\/media?parent=81571"}],"wp:term":[{"taxonomy":"product_brand","embeddable":true,"href":"https:\/\/magnetarmagnets.com\/et\/wp-json\/wp\/v2\/product_brand?post=81571"},{"taxonomy":"product_cat","embeddable":true,"href":"https:\/\/magnetarmagnets.com\/et\/wp-json\/wp\/v2\/product_cat?post=81571"},{"taxonomy":"product_tag","embeddable":true,"href":"https:\/\/magnetarmagnets.com\/et\/wp-json\/wp\/v2\/product_tag?post=81571"}],"curies":[{"name":"wp","href":"https:\/\/api.w.org\/{rel}","templated":true}]}}