{"id":81570,"date":"2025-06-05T09:54:39","date_gmt":"2025-06-05T07:54:39","guid":{"rendered":"https:\/\/magnetarmagnets.com\/?post_type=product&#038;p=81570"},"modified":"2026-04-03T12:28:48","modified_gmt":"2026-04-03T10:28:48","slug":"algajate-komplekt-200-kg-uhepoolne-neoduummagnet","status":"publish","type":"product","link":"https:\/\/magnetarmagnets.com\/et\/shop\/algajate-komplekt-200-kg-uhepoolne-neoduummagnet\/","title":{"rendered":"Otsingumagneti komplekt \u2013 200 kg \u00fchesuunaline neod\u00fc\u00fcmmagnet"},"content":{"rendered":"Kuidas alustada magnetp\u00fc\u00fcgiga? Magnetari otsingumagneti komplektiga \u2013 450 lb (200 kg) \u00fchesuunaline neod\u00fc\u00fcmmagnet \u2013 saad parima stardi. See komplekt sisaldab meie Classic 200 \u00fchesuunalist magnetit ning k\u00fchvlihaaki, magnetp\u00fc\u00fcgiv\u00f6\u00f6d ja metalliliimi, et setti t\u00e4iustada. Nii oled veekogu \u00e4\u00e4res peaaegu iga leiu jaoks valmis.\n\n<h2>Otsingumagneti komplekt \u2013 450 lb (200 kg) \u00fchesuunaline<\/h2>\n\nSee <a href=\"https:\/\/magnetarmagnets.com\/shop\/classic-fishing-magnet-440lb-200kg\/\"><strong>Classic Fishing Magnet 440 lb (200 kg)<\/strong><\/a> on ideaalne magnetp\u00fc\u00fcgientusiastidele, eriti algajatele ja lastele. Terashaasis on magnet kaitstud kukkumise ja l\u00f6\u00f6kide eest, et kindlustada turvalisust. See \u00fchesuunaline magnet t\u00f5mbab ainult \u00fchest k\u00fcljest, keskendades kogu magnetj\u00f5u \u00fchte suunda ja muutes selle ideaalses olukorras \u00e4\u00e4rmiselt v\u00f5imsaks.\n\n\n\n450 lb (200 kg) t\u00f5mbej\u00f5ud saavutatakse vaid ideaalsetel tingimustel \u2013 kui magnet puutub kokku 2 cm paksuse roostevaba metallit\u00fckiga. Magnetp\u00fc\u00fcgil see harva juhtub. Kas soovid teada, kuidas magnetp\u00fc\u00fcgimagneti t\u00f5mbej\u00f5udu m\u00e4\u00e4ratakse? Vaata meie videot <a href=\"https:\/\/www.youtube.com\/watch?v=2McW3RURDxs&amp;t=14s\"><strong>magnett\u00f5mbe testi<\/strong><\/a> kohta.\n\n\n\nKomplektiga kaasas olev n\u00f6\u00f6r on spetsiaalselt magnetp\u00fc\u00fcgiks. N\u00f6\u00f6ril on eelkinnitatud silmus ja karabiin, mis v\u00e4listavad keerulised s\u00f5lmed \u2013 ideaalne algajatele ja lastele! Lisaks sisaldab komplekt k\u00fchvlihaaki mitte-magnetiliste ja raskemate objektide veest v\u00e4lja tirimiseks. L\u00f5puks on pakendis metalliliim, millega kinnitad silmusmutrid magneti k\u00fclge turvaliselt.\n\n\n\nKas otsid hoopis teistsugust komplekti tugevama \u00fchesuunalise magnetiga? Vaata meie <a href=\"https:\/\/magnetarmagnets.com\/shop\/advanced-package\/\"><strong>Advanced Package<\/strong><\/a>. V\u00f5i ehk soovid 360\u00b0 k\u00f5ikeh\u00f5lmavat magnetit? Meie <a href=\"https:\/\/magnetarmagnets.com\/shop\/fishmagnet-package-pro\/\"><strong>Pro Package<\/strong><\/a> koos <a href=\"https:\/\/magnetarmagnets.com\/shop\/hardcore-magnet-2\/\"><strong>Hardcore<\/strong><\/a>-magnetiga v\u00f5ib olla just see, mida vajad.\n\n<h2>K\u00f5rge kvaliteet<\/h2>\n\nK\u00f5ik Magnetari magnetp\u00fc\u00fcgimagnetid on valmistatud neod\u00fc\u00fcmmagnetitest. See materjal tagab pikaajalise magnetj\u00f5u \u2013 korraliku kasutamise ja hoiustamise korral kaotavad magnetid 100 aasta jooksul vaid \u00fche protsendi oma j\u00f5ust. Seet\u00f5ttu oleme kindlad, et pakume turu parima kvaliteediga <a href=\"https:\/\/magnetarmagnets.com\/collections\/fishing-magnets\/\"><strong>magnetp\u00fc\u00fcgimagneteid<\/strong><\/a>.\n\n\n\nViimastel aastatel on turg \u00fcle ujutatud madala kvaliteediga toodetega. Paljud teiste m\u00fc\u00fcjate magnetp\u00fc\u00fcgimagnetid kaotavad j\u00f5u n\u00e4dala jooksul. Tihti on need suuremad, kuid madalama kvaliteediga neod\u00fc\u00fcmmagnetid, mida turustatakse eksitava reklaamiga. Alguses v\u00f5ivad need tunduda soodsad, kuid pikas perspektiivis toovad pettumuse.\n\n\n\nMagnetar on v\u00e4ike pereettev\u00f5te, mida juhivad t\u00f5elised magnetp\u00fc\u00fcgi entusiastid. Meie prioriteet on kvaliteet, mis peegeldub meie toodetes. K\u00f5iki meie magnetp\u00fc\u00fcgimagneteid disainitakse kodus, et tagada k\u00f5rgtasemel tooted. Otsid usaldusv\u00e4\u00e4rset, t\u00f5husat ja kvaliteetset magnetp\u00fc\u00fcgimagnetit? Vali Magnetar!\n\n\n\n<h2>Hoiatus:<\/h2>\n\nMeie neod\u00fc\u00fcmmagnetid on v\u00e4ga v\u00f5imsad. Need v\u00f5ivad t\u00f5mmata teisi esemeid suure kiirusega magneti poole, mis v\u00f5ib viia ohtlike olukordadeni, kui s\u00f5rmed j\u00e4\u00e4vad magneti ja objekti vahele. Soovitame magnetitega alati ettevaatlikult \u00fcmber k\u00e4ia ning r\u00f5hutame, et teed seda omal vastutusel. Enne kasutamist loe meie ohutusjuhiseid.","protected":false},"excerpt":{"rendered":"<p><span style=\"font-weight: 400;\"><strong>Alusta magnetp\u00fc\u00fcki<\/strong> veekogu \u00e4\u00e4res selle <strong>taskukohase<\/strong> otsingumagneti komplektiga <strong>algajatele<\/strong>.<\/span><\/p>\n","protected":false},"featured_media":73158,"comment_status":"open","ping_status":"closed","template":"","meta":{"_acf_changed":false,"inline_featured_image":false},"product_brand":[],"product_cat":[415,497,493,499],"product_tag":[238],"class_list":{"0":"post-81570","1":"product","2":"type-product","3":"status-publish","4":"has-post-thumbnail","6":"product_cat-algajatele-ja-lastele","7":"product_cat-otsingumagneti-komplekt","8":"product_cat-otsingumagnetid","9":"product_cat-uhepoolse-tombega-otsingumagneti","10":"product_tag-free-shipping-2","12":"first","13":"instock","14":"sale","15":"taxable","16":"shipping-taxable","17":"purchasable","18":"product-type-simple"},"acf":[],"yoast_head":"<!-- This site is optimized with the Yoast SEO plugin v27.3 - https:\/\/yoast.com\/product\/yoast-seo-wordpress\/ -->\n<title>Otsingumagneti komplekt \u2013 200 kg \u00fchesuunaline neod\u00fc\u00fcmmagnet - Magnet fishing with a Magnetar fishing magnet<\/title>\n<meta name=\"description\" content=\"Alguskomplekt \u2013 200 kg \u00fchesuunaline \u2013 Magnetar\" \/>\n<meta name=\"robots\" content=\"index, follow, max-snippet:-1, max-image-preview:large, max-video-preview:-1\" \/>\n<link rel=\"canonical\" href=\"https:\/\/magnetarmagnets.com\/et\/shop\/algajate-komplekt-200-kg-uhepoolne-neoduummagnet\/\" \/>\n<meta property=\"og:locale\" content=\"et_EE\" \/>\n<meta property=\"og:type\" content=\"article\" \/>\n<meta property=\"og:title\" content=\"Otsingumagneti komplekt \u2013 200 kg \u00fchesuunaline neod\u00fc\u00fcmmagnet - Magnet fishing with a Magnetar fishing magnet\" \/>\n<meta property=\"og:description\" content=\"Alguskomplekt \u2013 200 kg \u00fchesuunaline \u2013 Magnetar\" \/>\n<meta property=\"og:url\" content=\"https:\/\/magnetarmagnets.com\/et\/shop\/algajate-komplekt-200-kg-uhepoolne-neoduummagnet\/\" \/>\n<meta property=\"og:site_name\" content=\"Magnet fishing with a Magnetar fishing magnet\" \/>\n<meta property=\"article:publisher\" content=\"https:\/\/www.facebook.com\/fishingmagnets\/\" \/>\n<meta property=\"article:modified_time\" content=\"2026-04-03T10:28:48+00:00\" \/>\n<meta property=\"og:image\" content=\"https:\/\/magnetarmagnets.com\/wp-content\/uploads\/2018\/05\/MAGNETAR-STARTER-SET-GOOGLE.jpg\" \/>\n\t<meta property=\"og:image:width\" content=\"1500\" \/>\n\t<meta property=\"og:image:height\" content=\"1500\" \/>\n\t<meta property=\"og:image:type\" content=\"image\/jpeg\" \/>\n<meta name=\"twitter:card\" content=\"summary_large_image\" \/>\n<meta name=\"twitter:label1\" content=\"Est. reading time\" \/>\n\t<meta name=\"twitter:data1\" content=\"3 minutit\" \/>\n<script type=\"application\/ld+json\" class=\"yoast-schema-graph\">{\"@context\":\"https:\\\/\\\/schema.org\",\"@graph\":[{\"@type\":[\"WebPage\",\"ItemPage\"],\"@id\":\"https:\\\/\\\/magnetarmagnets.com\\\/et\\\/shop\\\/algajate-komplekt-200-kg-uhepoolne-neoduummagnet\\\/\",\"url\":\"https:\\\/\\\/magnetarmagnets.com\\\/et\\\/shop\\\/algajate-komplekt-200-kg-uhepoolne-neoduummagnet\\\/\",\"name\":\"Otsingumagneti komplekt \u2013 200 kg \u00fchesuunaline neod\u00fc\u00fcmmagnet - Magnet fishing with a Magnetar fishing magnet\",\"isPartOf\":{\"@id\":\"https:\\\/\\\/magnetarmagnets.com\\\/et\\\/#website\"},\"primaryImageOfPage\":{\"@id\":\"https:\\\/\\\/magnetarmagnets.com\\\/et\\\/shop\\\/algajate-komplekt-200-kg-uhepoolne-neoduummagnet\\\/#primaryimage\"},\"image\":{\"@id\":\"https:\\\/\\\/magnetarmagnets.com\\\/et\\\/shop\\\/algajate-komplekt-200-kg-uhepoolne-neoduummagnet\\\/#primaryimage\"},\"thumbnailUrl\":\"https:\\\/\\\/magnetarmagnets.com\\\/wp-content\\\/uploads\\\/2018\\\/05\\\/MAGNETAR-STARTER-SET-GOOGLE.jpg\",\"datePublished\":\"2025-06-05T07:54:39+00:00\",\"dateModified\":\"2026-04-03T10:28:48+00:00\",\"description\":\"Alguskomplekt \u2013 200 kg \u00fchesuunaline \u2013 Magnetar\",\"breadcrumb\":{\"@id\":\"https:\\\/\\\/magnetarmagnets.com\\\/et\\\/shop\\\/algajate-komplekt-200-kg-uhepoolne-neoduummagnet\\\/#breadcrumb\"},\"inLanguage\":\"et\",\"potentialAction\":[{\"@type\":\"ReadAction\",\"target\":[\"https:\\\/\\\/magnetarmagnets.com\\\/et\\\/shop\\\/algajate-komplekt-200-kg-uhepoolne-neoduummagnet\\\/\"]}]},{\"@type\":\"ImageObject\",\"inLanguage\":\"et\",\"@id\":\"https:\\\/\\\/magnetarmagnets.com\\\/et\\\/shop\\\/algajate-komplekt-200-kg-uhepoolne-neoduummagnet\\\/#primaryimage\",\"url\":\"https:\\\/\\\/magnetarmagnets.com\\\/wp-content\\\/uploads\\\/2018\\\/05\\\/MAGNETAR-STARTER-SET-GOOGLE.jpg\",\"contentUrl\":\"https:\\\/\\\/magnetarmagnets.com\\\/wp-content\\\/uploads\\\/2018\\\/05\\\/MAGNETAR-STARTER-SET-GOOGLE.jpg\",\"width\":1500,\"height\":1500},{\"@type\":\"BreadcrumbList\",\"@id\":\"https:\\\/\\\/magnetarmagnets.com\\\/et\\\/shop\\\/algajate-komplekt-200-kg-uhepoolne-neoduummagnet\\\/#breadcrumb\",\"itemListElement\":[{\"@type\":\"ListItem\",\"position\":1,\"name\":\"Home\",\"item\":\"https:\\\/\\\/magnetarmagnets.com\\\/et\\\/\"},{\"@type\":\"ListItem\",\"position\":2,\"name\":\"pood\",\"item\":\"https:\\\/\\\/magnetarmagnets.com\\\/et\\\/pood\\\/\"},{\"@type\":\"ListItem\",\"position\":3,\"name\":\"Otsingumagnetid\",\"item\":\"https:\\\/\\\/magnetarmagnets.com\\\/et\\\/collections\\\/otsingumagnetid\\\/\"},{\"@type\":\"ListItem\",\"position\":4,\"name\":\"\u00dchepoolse t\u00f5mbega otsingumagneti\",\"item\":\"https:\\\/\\\/magnetarmagnets.com\\\/et\\\/collections\\\/otsingumagnetid\\\/uhepoolse-tombega-otsingumagneti\\\/\"},{\"@type\":\"ListItem\",\"position\":5,\"name\":\"Otsingumagneti komplekt \u2013 200 kg \u00fchesuunaline neod\u00fc\u00fcmmagnet\"}]},{\"@type\":\"WebSite\",\"@id\":\"https:\\\/\\\/magnetarmagnets.com\\\/et\\\/#website\",\"url\":\"https:\\\/\\\/magnetarmagnets.com\\\/et\\\/\",\"name\":\"Magnet fishing with a Magnetar fishing magnet\",\"description\":\"Tugevad magnetid magnetp\u00fc\u00fcgiks\",\"publisher\":{\"@id\":\"https:\\\/\\\/magnetarmagnets.com\\\/et\\\/#organization\"},\"potentialAction\":[{\"@type\":\"SearchAction\",\"target\":{\"@type\":\"EntryPoint\",\"urlTemplate\":\"https:\\\/\\\/magnetarmagnets.com\\\/et\\\/?s={search_term_string}\"},\"query-input\":{\"@type\":\"PropertyValueSpecification\",\"valueRequired\":true,\"valueName\":\"search_term_string\"}}],\"inLanguage\":\"et\"},{\"@type\":\"Organization\",\"@id\":\"https:\\\/\\\/magnetarmagnets.com\\\/et\\\/#organization\",\"name\":\"Magnetar\",\"url\":\"https:\\\/\\\/magnetarmagnets.com\\\/et\\\/\",\"logo\":{\"@type\":\"ImageObject\",\"inLanguage\":\"et\",\"@id\":\"https:\\\/\\\/magnetarmagnets.com\\\/et\\\/#\\\/schema\\\/logo\\\/image\\\/\",\"url\":\"https:\\\/\\\/magnetarmagnets.com\\\/wp-content\\\/uploads\\\/2025\\\/05\\\/Logo-03_PNG-Black-scaled.png\",\"contentUrl\":\"https:\\\/\\\/magnetarmagnets.com\\\/wp-content\\\/uploads\\\/2025\\\/05\\\/Logo-03_PNG-Black-scaled.png\",\"width\":2560,\"height\":1658,\"caption\":\"Magnetar\"},\"image\":{\"@id\":\"https:\\\/\\\/magnetarmagnets.com\\\/et\\\/#\\\/schema\\\/logo\\\/image\\\/\"},\"sameAs\":[\"https:\\\/\\\/www.facebook.com\\\/fishingmagnets\\\/\",\"https:\\\/\\\/www.instagram.com\\\/magnetar_magnets\\\/\",\"https:\\\/\\\/www.linkedin.com\\\/company\\\/magnetarbv\\\/?originalSubdomain=nl\",\"https:\\\/\\\/www.youtube.com\\\/c\\\/MagnetarVismagneet\"]}]}<\/script>\n<!-- \/ Yoast SEO plugin. -->","yoast_head_json":{"title":"Otsingumagneti komplekt \u2013 200 kg \u00fchesuunaline neod\u00fc\u00fcmmagnet - Magnet fishing with a Magnetar fishing magnet","description":"Alguskomplekt \u2013 200 kg \u00fchesuunaline \u2013 Magnetar","robots":{"index":"index","follow":"follow","max-snippet":"max-snippet:-1","max-image-preview":"max-image-preview:large","max-video-preview":"max-video-preview:-1"},"canonical":"https:\/\/magnetarmagnets.com\/et\/shop\/algajate-komplekt-200-kg-uhepoolne-neoduummagnet\/","og_locale":"et_EE","og_type":"article","og_title":"Otsingumagneti komplekt \u2013 200 kg \u00fchesuunaline neod\u00fc\u00fcmmagnet - Magnet fishing with a Magnetar fishing magnet","og_description":"Alguskomplekt \u2013 200 kg \u00fchesuunaline \u2013 Magnetar","og_url":"https:\/\/magnetarmagnets.com\/et\/shop\/algajate-komplekt-200-kg-uhepoolne-neoduummagnet\/","og_site_name":"Magnet fishing with a Magnetar fishing magnet","article_publisher":"https:\/\/www.facebook.com\/fishingmagnets\/","article_modified_time":"2026-04-03T10:28:48+00:00","og_image":[{"width":1500,"height":1500,"url":"https:\/\/magnetarmagnets.com\/wp-content\/uploads\/2018\/05\/MAGNETAR-STARTER-SET-GOOGLE.jpg","type":"image\/jpeg"}],"twitter_card":"summary_large_image","twitter_misc":{"Est. reading time":"3 minutit"},"schema":{"@context":"https:\/\/schema.org","@graph":[{"@type":["WebPage","ItemPage"],"@id":"https:\/\/magnetarmagnets.com\/et\/shop\/algajate-komplekt-200-kg-uhepoolne-neoduummagnet\/","url":"https:\/\/magnetarmagnets.com\/et\/shop\/algajate-komplekt-200-kg-uhepoolne-neoduummagnet\/","name":"Otsingumagneti komplekt \u2013 200 kg \u00fchesuunaline neod\u00fc\u00fcmmagnet - Magnet fishing with a Magnetar fishing magnet","isPartOf":{"@id":"https:\/\/magnetarmagnets.com\/et\/#website"},"primaryImageOfPage":{"@id":"https:\/\/magnetarmagnets.com\/et\/shop\/algajate-komplekt-200-kg-uhepoolne-neoduummagnet\/#primaryimage"},"image":{"@id":"https:\/\/magnetarmagnets.com\/et\/shop\/algajate-komplekt-200-kg-uhepoolne-neoduummagnet\/#primaryimage"},"thumbnailUrl":"https:\/\/magnetarmagnets.com\/wp-content\/uploads\/2018\/05\/MAGNETAR-STARTER-SET-GOOGLE.jpg","datePublished":"2025-06-05T07:54:39+00:00","dateModified":"2026-04-03T10:28:48+00:00","description":"Alguskomplekt \u2013 200 kg \u00fchesuunaline \u2013 Magnetar","breadcrumb":{"@id":"https:\/\/magnetarmagnets.com\/et\/shop\/algajate-komplekt-200-kg-uhepoolne-neoduummagnet\/#breadcrumb"},"inLanguage":"et","potentialAction":[{"@type":"ReadAction","target":["https:\/\/magnetarmagnets.com\/et\/shop\/algajate-komplekt-200-kg-uhepoolne-neoduummagnet\/"]}]},{"@type":"ImageObject","inLanguage":"et","@id":"https:\/\/magnetarmagnets.com\/et\/shop\/algajate-komplekt-200-kg-uhepoolne-neoduummagnet\/#primaryimage","url":"https:\/\/magnetarmagnets.com\/wp-content\/uploads\/2018\/05\/MAGNETAR-STARTER-SET-GOOGLE.jpg","contentUrl":"https:\/\/magnetarmagnets.com\/wp-content\/uploads\/2018\/05\/MAGNETAR-STARTER-SET-GOOGLE.jpg","width":1500,"height":1500},{"@type":"BreadcrumbList","@id":"https:\/\/magnetarmagnets.com\/et\/shop\/algajate-komplekt-200-kg-uhepoolne-neoduummagnet\/#breadcrumb","itemListElement":[{"@type":"ListItem","position":1,"name":"Home","item":"https:\/\/magnetarmagnets.com\/et\/"},{"@type":"ListItem","position":2,"name":"pood","item":"https:\/\/magnetarmagnets.com\/et\/pood\/"},{"@type":"ListItem","position":3,"name":"Otsingumagnetid","item":"https:\/\/magnetarmagnets.com\/et\/collections\/otsingumagnetid\/"},{"@type":"ListItem","position":4,"name":"\u00dchepoolse t\u00f5mbega otsingumagneti","item":"https:\/\/magnetarmagnets.com\/et\/collections\/otsingumagnetid\/uhepoolse-tombega-otsingumagneti\/"},{"@type":"ListItem","position":5,"name":"Otsingumagneti komplekt \u2013 200 kg \u00fchesuunaline neod\u00fc\u00fcmmagnet"}]},{"@type":"WebSite","@id":"https:\/\/magnetarmagnets.com\/et\/#website","url":"https:\/\/magnetarmagnets.com\/et\/","name":"Magnet fishing with a Magnetar fishing magnet","description":"Tugevad magnetid magnetp\u00fc\u00fcgiks","publisher":{"@id":"https:\/\/magnetarmagnets.com\/et\/#organization"},"potentialAction":[{"@type":"SearchAction","target":{"@type":"EntryPoint","urlTemplate":"https:\/\/magnetarmagnets.com\/et\/?s={search_term_string}"},"query-input":{"@type":"PropertyValueSpecification","valueRequired":true,"valueName":"search_term_string"}}],"inLanguage":"et"},{"@type":"Organization","@id":"https:\/\/magnetarmagnets.com\/et\/#organization","name":"Magnetar","url":"https:\/\/magnetarmagnets.com\/et\/","logo":{"@type":"ImageObject","inLanguage":"et","@id":"https:\/\/magnetarmagnets.com\/et\/#\/schema\/logo\/image\/","url":"https:\/\/magnetarmagnets.com\/wp-content\/uploads\/2025\/05\/Logo-03_PNG-Black-scaled.png","contentUrl":"https:\/\/magnetarmagnets.com\/wp-content\/uploads\/2025\/05\/Logo-03_PNG-Black-scaled.png","width":2560,"height":1658,"caption":"Magnetar"},"image":{"@id":"https:\/\/magnetarmagnets.com\/et\/#\/schema\/logo\/image\/"},"sameAs":["https:\/\/www.facebook.com\/fishingmagnets\/","https:\/\/www.instagram.com\/magnetar_magnets\/","https:\/\/www.linkedin.com\/company\/magnetarbv\/?originalSubdomain=nl","https:\/\/www.youtube.com\/c\/MagnetarVismagneet"]}]}},"_links":{"self":[{"href":"https:\/\/magnetarmagnets.com\/et\/wp-json\/wp\/v2\/product\/81570","targetHints":{"allow":["GET"]}}],"collection":[{"href":"https:\/\/magnetarmagnets.com\/et\/wp-json\/wp\/v2\/product"}],"about":[{"href":"https:\/\/magnetarmagnets.com\/et\/wp-json\/wp\/v2\/types\/product"}],"replies":[{"embeddable":true,"href":"https:\/\/magnetarmagnets.com\/et\/wp-json\/wp\/v2\/comments?post=81570"}],"version-history":[{"count":0,"href":"https:\/\/magnetarmagnets.com\/et\/wp-json\/wp\/v2\/product\/81570\/revisions"}],"wp:featuredmedia":[{"embeddable":true,"href":"https:\/\/magnetarmagnets.com\/et\/wp-json\/wp\/v2\/media\/73158"}],"wp:attachment":[{"href":"https:\/\/magnetarmagnets.com\/et\/wp-json\/wp\/v2\/media?parent=81570"}],"wp:term":[{"taxonomy":"product_brand","embeddable":true,"href":"https:\/\/magnetarmagnets.com\/et\/wp-json\/wp\/v2\/product_brand?post=81570"},{"taxonomy":"product_cat","embeddable":true,"href":"https:\/\/magnetarmagnets.com\/et\/wp-json\/wp\/v2\/product_cat?post=81570"},{"taxonomy":"product_tag","embeddable":true,"href":"https:\/\/magnetarmagnets.com\/et\/wp-json\/wp\/v2\/product_tag?post=81570"}],"curies":[{"name":"wp","href":"https:\/\/api.w.org\/{rel}","templated":true}]}}