{"id":81569,"date":"2025-06-05T09:54:39","date_gmt":"2025-06-05T07:54:39","guid":{"rendered":"https:\/\/magnetarmagnets.com\/?post_type=product&#038;p=81569"},"modified":"2026-04-03T10:13:32","modified_gmt":"2026-04-03T08:13:32","slug":"terror-neoduummagnet-60-kg-allround-360b0-kalapfcygimagnet","status":"publish","type":"product","link":"https:\/\/magnetarmagnets.com\/et\/shop\/terror-neoduummagnet-60-kg-allround-360b0-kalapfcygimagnet\/","title":{"rendered":"Terror neod\u00fc\u00fcmmagnet magnetp\u00fc\u00fcgiks \u2013 1000 kg \u2013 Allround 360\u00b0"},"content":{"rendered":"<span style=\"font-weight: 400;\">* Kaitske magnetit <a href=\"https:\/\/magnetarmagnets.com\/shop\/protection-cover-terror\/\" target=\"_blank\" rel=\"noopener\"><b>kaitse\u00fcmbrisega<\/b><\/a> p\u00fc\u00fcgikorral. Ilma kaitse\u00fcmbriseta v\u00f5ib magnet raskete objektidega kokku p\u00f5rates kahjustuda. Kaitse\u00fcmbris ei kuulu komplekti.<\/span>\n\n<h2><b>Terrori neod\u00fc\u00fcmmagnet magnetp\u00fc\u00fcgiks<\/b><\/h2>\n\n<span style=\"font-weight: 400;\">Arendasime Terrori magneti p\u00e4rast meie Hardcore magneti edu. Terror magnet pakub veelgi rohkem p\u00fc\u00fcgiv\u00f5imalusi kui Hardcore magnet, saavutades \u00e4\u00e4rmiselt kaugele ulatuva t\u00f5mbej\u00f5u kuni 1000 kg. See suurendab oluliselt v\u00f5imalust leida suuremaid ja v\u00e4\u00e4rtuslikumaid aardeid. Magnet on ka raskem, mis v\u00f5imaldab sul s\u00fcgavamalt muda ja setteid l\u00e4bida, tabades peidetud objektid. Nagu k\u00f5ik meie magnetid, on Terror 100% neod\u00fc\u00fcmmagnet, millel on v\u00f5imas t\u00f5mbej\u00f5ud k\u00f5igilt k\u00fclgedelt.<\/span>\n\n\n\n<span style=\"font-weight: 400;\"><\/span><b>Kas oled kogenud magnetp\u00fc\u00fcdja?<\/b><span style=\"font-weight: 400;\"> V\u00f5i soovid selleks saada? Meie <\/span><a href=\"https:\/\/magnetarmagnets.com\/shop\/expert-package\/\" target=\"_blank\" rel=\"noopener\"><span style=\"font-weight: 400;\">Expert Package<\/span><\/a><span style=\"font-weight: 400;\"> on ideaalne lahendus ja sisaldab k\u00f5ike, mida vajad alustamiseks (ja komplekts\u00e4\u00e4stuks!). Selle paketi hulka kuulub meie Terror allround 360\u00b0 magnet, tugev 8 mm n\u00f6\u00f6r koos karabiinhaagiga, veekindlad kindad, ekspertkaitse\u00fcmbris, liim ja \u00fclisuure roostevabast terasest haaknael. Tahad veelgi v\u00f5imsamat komplekti? Vaata meie <\/span><a href=\"https:\/\/magnetarmagnets.com\/shop\/legend-package\/\" target=\"_blank\" rel=\"noopener\"><span style=\"font-weight: 400;\">Legend Package<\/span><\/a><span style=\"font-weight: 400;\">!<\/span>\n\n<h2><b>Kas oled Terroriks valmis?<\/b><\/h2>\n\n<span style=\"font-weight: 400;\">Nimi \u00fctleb k\u00f5ike \u2013 see magnet on uskumatult tugev! Terror magnet haarab objekte igast k\u00fcljest, ka l\u00e4bi muda, ega takerdu kergesti kividele. Raskus on piisav, et vajuda muda ja sette p\u00f5hjadesse, samas kerge loopimiseks \u2013 saad tunde j\u00e4rjest visata ilma v\u00e4simuseta. Keskmises kaaluklassis visatav magnet j\u00f5uab mudaste kanalite ja j\u00f5gede p\u00f5hjani hoolimata veehoovusest.<\/span>\n\n\n\n<span style=\"font-weight: 400;\">Terror sobib neile, kes omavad magnetp\u00fc\u00fcgi kogemust ja soovivad magneti investeeringult rohkem kasu saada. Ideaalne nii kergete kui raskete aarete, nagu seifid, suuremad relvad, autoosad, t\u00f5ukerattad ja elektrijalgrattad, k\u00e4ttesaamiseks.<\/span>\n\n<h2><b>Magneti areng<\/b><\/h2>\n\n<span style=\"font-weight: 400;\">Paljud magnetid avaldavad t\u00f5mbej\u00f5udu vaid \u00fchelt k\u00fcljelt \u2013 klassikaline p\u00fc\u00fcgimagnet. Magnetar oli esimene, kes arendas selle kahepoolselt toimivaks magnetiks. 2016. aastal t\u00f6\u00f6tas Magnetar v\u00e4lja allround 360\u00b0 p\u00fc\u00fcgimagneti. Sellest ajast alates on Euroopa magnetp\u00fc\u00fcgihuvilised meie 100% neod\u00fc\u00fcmmagnetidele truuks j\u00e4\u00e4nud, muutes meid Euroopa juhtivaks tarnijaks. Meie magnetid on valmistatud k\u00f5rgeima kvaliteedi, disaini ja hoolega v\u00e4ikese entusiastide meeskonna poolt. Kliendid tulevad tagasi, sest nad teavad, et Magnetariga saad rohkem kui lihtsalt magneti \u2013 saad aardeid.<\/span>\n\n<h2><b>V\u00f5imas 360\u00b0 t\u00f5mbej\u00f5ud<\/b><\/h2>\n\n<span style=\"font-weight: 400;\">Terror magnet on \u00fcks tugevamaid magnetid, mida pakume, saavutades t\u00f5mbej\u00f5u kuni 1000 kg. Selle t\u00f5mbej\u00f5ud suunatakse k\u00f5ikjalt \u00fcmbrusest, erinevalt \u00fchek\u00fcljelisest terasekestas magnetist, mis suunab j\u00f5u vaid \u00fchte suunda. Huvitab, kuidas me j\u00f5udu m\u00f5\u00f5dame? <\/span><a href=\"https:\/\/www.youtube.com\/watch?v=2McW3RURDxs\" target=\"_blank\" rel=\"noopener\"><span style=\"font-weight: 400;\">Vaata videot<\/span><\/a><span style=\"font-weight: 400;\">.<\/span>\n\n<h2><b>K\u00f5rge kvaliteet<\/b><\/h2>\n\n<span style=\"font-weight: 400;\">Meie <a href=\"https:\/\/magnetarmagnets.com\/\">magnetp\u00fc\u00fcgimagnetid<\/a> on valmistatud 100% neod\u00fc\u00fcmmagnetist. Magnetar magnetid s\u00e4ilitavad oma magnetj\u00f5u aastak\u00fcmneid, kaotades vaid 1% iga 100 aasta tagant (\u00f5ige hoiustamise, hoolduse ja kaitseksinkindlusega).<\/span>\n\n\n\n<span style=\"font-weight: 400;\">Enamik teisi magnetitootjaid kaotab t\u00f5mbej\u00f5u juba m\u00f5ne n\u00e4dala jooksul. Viimastel aastatel on turule ilmunud \u00fcha enam madala kvaliteediga magneteid: suuremad magnetid madalama t\u00f5mbej\u00f5uga, n\u00f5rga neod\u00fc\u00fcmi v\u00f5i vale reklaamiga. Kui ostad sellise odava magneti suurettev\u00f5ttelt, v\u00f5id l\u00f5ppkokkuv\u00f5ttes pettuda, kuigi alguses s\u00e4\u00e4stad natuke raha.<\/span>\n\n\n\n<span style=\"font-weight: 400;\">Magnetar on v\u00e4ike pereettev\u00f5te, kus kvaliteet on alati esmat\u00e4htis. Oleme magnetp\u00fc\u00fcgihuvilised ja k\u00f5ik meie magnetid on meie meeskonna poolt disainitud, valmistatud ja viimistletud, et saaksid oma rahale (v\u00f5i aaretele) maksimaalse v\u00e4\u00e4rtuse. Kui soovid usaldusv\u00e4\u00e4rset, t\u00f5husat ja v\u00f5imsat p\u00fc\u00fcgimagnetit, oled \u00f5iges kohas. V\u00f5ta meiega \u00fchendust: <a href=\"mailto:info@magnetarmagnets.com\">info@magnetarmagnets.com<\/a>.<\/span>\n\n<h2><b>Kaitse\u00fcmbris<\/b><\/h2>\n\n<span style=\"font-weight: 400;\">Kaitse\u00fcmbrised on ideaalsed tarvikud magnetp\u00fc\u00fcgihuvilistele, kes soovivad oma neod\u00fc\u00fcmmagnetit kasutada ilma kahjustusteta. Need vastupidavad \u00fcmbritsed sobivad magnetile ideaalselt ja pakuvad t\u00e4iendava kaitsekihi kriimustuste, purunemiste ja muude kahjustuste vastu. Meie kaitse\u00fcmbrised on vastupidavad ja taluvad k\u00f5ige karmimaid tingimusi. Kaitse\u00fcmbris on valmistatud roostevabast terasest, mis tagab magneti 360\u00b0 magnetilisuse s\u00e4ilimise. Selle magneti juurde saab kaitse\u00fcmbrise eraldi osta.<\/span>\n\n\n\n<span style=\"font-weight: 400;\">(Palun pange t\u00e4hele, et magneti alumine k\u00fclg ei ole kaitse\u00fcmbriga kaetud.)<\/span>\n\n<h2><b>Kasutage ettevaatlikult<\/b><\/h2>\n\n<span style=\"font-weight: 400;\">Meie neod\u00fc\u00fcmmagnetid on v\u00e4ga v\u00f5imsad ja v\u00f5ivad l\u00e4heduses olles rauaesemetega suure kiirusega kokku t\u00f5mbuda. Tugevamate magnetite, n\u00e4iteks 360\u00b0 allround, puhul v\u00f5ib s\u00f5rmed j\u00e4\u00e4da magneti ja objekti vahele. K\u00e4itu magnetitega ettevaatlikult ja kasuta neid omal vastutusel. Enne kasutamist loe alati meie ohutusjuhiseid.<\/span>\n\nMuide, meie <a href=\"https:\/\/magnetarmagnets.com\/magnet-fishing-kit\/\" target=\"_blank\" rel=\"noopener\">magnetp\u00fc\u00fcgikomplektidega<\/a> saad k\u00f5ik vajaliku!\n\n<span style=\"font-weight: 400;\">* Lapsed peavad magnetiga magnetp\u00fc\u00fcgil olema vanema j\u00e4relvalve all.<\/span>","protected":false},"excerpt":{"rendered":"<p><span style=\"font-weight: 400;\">Meie Terror-magnet on m\u00f5eldud edasij\u00f5udnutele ja vapratele magnetp\u00fc\u00fcgihuvilistele, kes soovivad p\u00fc\u00fcda seda, mida \u00fckski magnetp\u00fc\u00fcgihuviline varem pole suutnud. T\u00e4nu 360\u00b0 magnetv\u00e4ljale on see puhas neod\u00fc\u00fcmmagnet \u00e4\u00e4rmiselt v\u00f5imas, t\u00f5mbej\u00f5ud kuni 1000 kg. Hoiduge: see magnet ei sobi n\u00f5rgan\u00e4rvilistele!<\/span><\/p>\n","protected":false},"featured_media":72168,"comment_status":"open","ping_status":"closed","template":"","meta":{"_acf_changed":false,"inline_featured_image":false},"product_brand":[],"product_cat":[494,493],"product_tag":[],"class_list":{"0":"post-81569","1":"product","2":"type-product","3":"status-publish","4":"has-post-thumbnail","6":"product_cat-allround-360-otsingumagnetid","7":"product_cat-otsingumagnetid","9":"first","10":"instock","11":"taxable","12":"shipping-taxable","13":"purchasable","14":"product-type-simple"},"acf":[],"yoast_head":"<!-- This site is optimized with the Yoast SEO plugin v27.4 - https:\/\/yoast.com\/product\/yoast-seo-wordpress\/ -->\n<title>Terror neod\u00fc\u00fcmmagnet magnetp\u00fc\u00fcgiks \u2013 1000 kg \u2013 Allround 360\u00b0<\/title>\n<meta name=\"description\" content=\"Magnetari Terror magnetp\u00fc\u00fcgimagnet. 360\u00b0 1000 kg t\u00f5mbej\u00f5ud, nagu n\u00e4htud YouTube\u2019is! Telli enne kella 23:00 \u2013 kohaletoimetamine juba homme!\" \/>\n<meta name=\"robots\" content=\"index, follow, max-snippet:-1, max-image-preview:large, max-video-preview:-1\" \/>\n<link rel=\"canonical\" href=\"https:\/\/magnetarmagnets.com\/et\/shop\/terror-neoduummagnet-60-kg-allround-360b0-kalapfcygimagnet\/\" \/>\n<meta property=\"og:locale\" content=\"et_EE\" \/>\n<meta property=\"og:type\" content=\"article\" \/>\n<meta property=\"og:title\" content=\"Terror neod\u00fc\u00fcmmagnet magnetp\u00fc\u00fcgiks \u2013 1000 kg \u2013 Allround 360\u00b0\" \/>\n<meta property=\"og:description\" content=\"Magnetari Terror magnetp\u00fc\u00fcgimagnet. 360\u00b0 1000 kg t\u00f5mbej\u00f5ud, nagu n\u00e4htud YouTube\u2019is! Telli enne kella 23:00 \u2013 kohaletoimetamine juba homme!\" \/>\n<meta property=\"og:url\" content=\"https:\/\/magnetarmagnets.com\/et\/shop\/terror-neoduummagnet-60-kg-allround-360b0-kalapfcygimagnet\/\" \/>\n<meta property=\"og:site_name\" content=\"Magnet fishing with a Magnetar fishing magnet\" \/>\n<meta property=\"article:publisher\" content=\"https:\/\/www.facebook.com\/fishingmagnets\/\" \/>\n<meta property=\"article:modified_time\" content=\"2026-04-03T08:13:32+00:00\" \/>\n<meta property=\"og:image\" content=\"https:\/\/magnetarmagnets.com\/wp-content\/uploads\/2018\/08\/Terror-magnet-360-Degrees-Neodymium.jpeg\" \/>\n\t<meta property=\"og:image:width\" content=\"1000\" \/>\n\t<meta property=\"og:image:height\" content=\"1000\" \/>\n\t<meta property=\"og:image:type\" content=\"image\/jpeg\" \/>\n<meta name=\"twitter:card\" content=\"summary_large_image\" \/>\n<meta name=\"twitter:label1\" content=\"Est. reading time\" \/>\n\t<meta name=\"twitter:data1\" content=\"5 minutit\" \/>\n<script type=\"application\/ld+json\" class=\"yoast-schema-graph\">{\"@context\":\"https:\\\/\\\/schema.org\",\"@graph\":[{\"@type\":[\"WebPage\",\"ItemPage\"],\"@id\":\"https:\\\/\\\/magnetarmagnets.com\\\/et\\\/shop\\\/terror-neoduummagnet-60-kg-allround-360b0-kalapfcygimagnet\\\/\",\"url\":\"https:\\\/\\\/magnetarmagnets.com\\\/et\\\/shop\\\/terror-neoduummagnet-60-kg-allround-360b0-kalapfcygimagnet\\\/\",\"name\":\"Terror neod\u00fc\u00fcmmagnet magnetp\u00fc\u00fcgiks \u2013 1000 kg \u2013 Allround 360\u00b0\",\"isPartOf\":{\"@id\":\"https:\\\/\\\/magnetarmagnets.com\\\/et\\\/#website\"},\"primaryImageOfPage\":{\"@id\":\"https:\\\/\\\/magnetarmagnets.com\\\/et\\\/shop\\\/terror-neoduummagnet-60-kg-allround-360b0-kalapfcygimagnet\\\/#primaryimage\"},\"image\":{\"@id\":\"https:\\\/\\\/magnetarmagnets.com\\\/et\\\/shop\\\/terror-neoduummagnet-60-kg-allround-360b0-kalapfcygimagnet\\\/#primaryimage\"},\"thumbnailUrl\":\"https:\\\/\\\/magnetarmagnets.com\\\/wp-content\\\/uploads\\\/2018\\\/08\\\/Terror-magnet-360-Degrees-Neodymium.jpeg\",\"datePublished\":\"2025-06-05T07:54:39+00:00\",\"dateModified\":\"2026-04-03T08:13:32+00:00\",\"description\":\"Magnetari Terror magnetp\u00fc\u00fcgimagnet. 360\u00b0 1000 kg t\u00f5mbej\u00f5ud, nagu n\u00e4htud YouTube\u2019is! Telli enne kella 23:00 \u2013 kohaletoimetamine juba homme!\",\"breadcrumb\":{\"@id\":\"https:\\\/\\\/magnetarmagnets.com\\\/et\\\/shop\\\/terror-neoduummagnet-60-kg-allround-360b0-kalapfcygimagnet\\\/#breadcrumb\"},\"inLanguage\":\"et\",\"potentialAction\":[{\"@type\":\"ReadAction\",\"target\":[\"https:\\\/\\\/magnetarmagnets.com\\\/et\\\/shop\\\/terror-neoduummagnet-60-kg-allround-360b0-kalapfcygimagnet\\\/\"]}]},{\"@type\":\"ImageObject\",\"inLanguage\":\"et\",\"@id\":\"https:\\\/\\\/magnetarmagnets.com\\\/et\\\/shop\\\/terror-neoduummagnet-60-kg-allround-360b0-kalapfcygimagnet\\\/#primaryimage\",\"url\":\"https:\\\/\\\/magnetarmagnets.com\\\/wp-content\\\/uploads\\\/2018\\\/08\\\/Terror-magnet-360-Degrees-Neodymium.jpeg\",\"contentUrl\":\"https:\\\/\\\/magnetarmagnets.com\\\/wp-content\\\/uploads\\\/2018\\\/08\\\/Terror-magnet-360-Degrees-Neodymium.jpeg\",\"width\":1000,\"height\":1000,\"caption\":\"Terror magnet for magnet fishing with 360 Degree Neodymium pull power\"},{\"@type\":\"BreadcrumbList\",\"@id\":\"https:\\\/\\\/magnetarmagnets.com\\\/et\\\/shop\\\/terror-neoduummagnet-60-kg-allround-360b0-kalapfcygimagnet\\\/#breadcrumb\",\"itemListElement\":[{\"@type\":\"ListItem\",\"position\":1,\"name\":\"Home\",\"item\":\"https:\\\/\\\/magnetarmagnets.com\\\/et\\\/\"},{\"@type\":\"ListItem\",\"position\":2,\"name\":\"pood\",\"item\":\"https:\\\/\\\/magnetarmagnets.com\\\/et\\\/pood\\\/\"},{\"@type\":\"ListItem\",\"position\":3,\"name\":\"Otsingumagnetid\",\"item\":\"https:\\\/\\\/magnetarmagnets.com\\\/et\\\/collections\\\/otsingumagnetid\\\/\"},{\"@type\":\"ListItem\",\"position\":4,\"name\":\"Allround 360 otsingumagnetid\",\"item\":\"https:\\\/\\\/magnetarmagnets.com\\\/et\\\/collections\\\/otsingumagnetid\\\/allround-360-otsingumagnetid\\\/\"},{\"@type\":\"ListItem\",\"position\":5,\"name\":\"Terror neod\u00fc\u00fcmmagnet magnetp\u00fc\u00fcgiks \u2013 1000 kg \u2013 Allround 360\u00b0\"}]},{\"@type\":\"WebSite\",\"@id\":\"https:\\\/\\\/magnetarmagnets.com\\\/et\\\/#website\",\"url\":\"https:\\\/\\\/magnetarmagnets.com\\\/et\\\/\",\"name\":\"Magnet fishing with a Magnetar fishing magnet\",\"description\":\"Tugevad magnetid magnetp\u00fc\u00fcgiks\",\"publisher\":{\"@id\":\"https:\\\/\\\/magnetarmagnets.com\\\/et\\\/#organization\"},\"potentialAction\":[{\"@type\":\"SearchAction\",\"target\":{\"@type\":\"EntryPoint\",\"urlTemplate\":\"https:\\\/\\\/magnetarmagnets.com\\\/et\\\/?s={search_term_string}\"},\"query-input\":{\"@type\":\"PropertyValueSpecification\",\"valueRequired\":true,\"valueName\":\"search_term_string\"}}],\"inLanguage\":\"et\"},{\"@type\":\"Organization\",\"@id\":\"https:\\\/\\\/magnetarmagnets.com\\\/et\\\/#organization\",\"name\":\"Magnetar\",\"url\":\"https:\\\/\\\/magnetarmagnets.com\\\/et\\\/\",\"logo\":{\"@type\":\"ImageObject\",\"inLanguage\":\"et\",\"@id\":\"https:\\\/\\\/magnetarmagnets.com\\\/et\\\/#\\\/schema\\\/logo\\\/image\\\/\",\"url\":\"https:\\\/\\\/magnetarmagnets.com\\\/wp-content\\\/uploads\\\/2025\\\/05\\\/Logo-03_PNG-Black-scaled.png\",\"contentUrl\":\"https:\\\/\\\/magnetarmagnets.com\\\/wp-content\\\/uploads\\\/2025\\\/05\\\/Logo-03_PNG-Black-scaled.png\",\"width\":2560,\"height\":1658,\"caption\":\"Magnetar\"},\"image\":{\"@id\":\"https:\\\/\\\/magnetarmagnets.com\\\/et\\\/#\\\/schema\\\/logo\\\/image\\\/\"},\"sameAs\":[\"https:\\\/\\\/www.facebook.com\\\/fishingmagnets\\\/\",\"https:\\\/\\\/www.instagram.com\\\/magnetar_magnets\\\/\",\"https:\\\/\\\/www.linkedin.com\\\/company\\\/magnetarbv\\\/?originalSubdomain=nl\",\"https:\\\/\\\/www.youtube.com\\\/c\\\/MagnetarVismagneet\"]}]}<\/script>\n<!-- \/ Yoast SEO plugin. -->","yoast_head_json":{"title":"Terror neod\u00fc\u00fcmmagnet magnetp\u00fc\u00fcgiks \u2013 1000 kg \u2013 Allround 360\u00b0","description":"Magnetari Terror magnetp\u00fc\u00fcgimagnet. 360\u00b0 1000 kg t\u00f5mbej\u00f5ud, nagu n\u00e4htud YouTube\u2019is! Telli enne kella 23:00 \u2013 kohaletoimetamine juba homme!","robots":{"index":"index","follow":"follow","max-snippet":"max-snippet:-1","max-image-preview":"max-image-preview:large","max-video-preview":"max-video-preview:-1"},"canonical":"https:\/\/magnetarmagnets.com\/et\/shop\/terror-neoduummagnet-60-kg-allround-360b0-kalapfcygimagnet\/","og_locale":"et_EE","og_type":"article","og_title":"Terror neod\u00fc\u00fcmmagnet magnetp\u00fc\u00fcgiks \u2013 1000 kg \u2013 Allround 360\u00b0","og_description":"Magnetari Terror magnetp\u00fc\u00fcgimagnet. 360\u00b0 1000 kg t\u00f5mbej\u00f5ud, nagu n\u00e4htud YouTube\u2019is! Telli enne kella 23:00 \u2013 kohaletoimetamine juba homme!","og_url":"https:\/\/magnetarmagnets.com\/et\/shop\/terror-neoduummagnet-60-kg-allround-360b0-kalapfcygimagnet\/","og_site_name":"Magnet fishing with a Magnetar fishing magnet","article_publisher":"https:\/\/www.facebook.com\/fishingmagnets\/","article_modified_time":"2026-04-03T08:13:32+00:00","og_image":[{"width":1000,"height":1000,"url":"https:\/\/magnetarmagnets.com\/wp-content\/uploads\/2018\/08\/Terror-magnet-360-Degrees-Neodymium.jpeg","type":"image\/jpeg"}],"twitter_card":"summary_large_image","twitter_misc":{"Est. reading time":"5 minutit"},"schema":{"@context":"https:\/\/schema.org","@graph":[{"@type":["WebPage","ItemPage"],"@id":"https:\/\/magnetarmagnets.com\/et\/shop\/terror-neoduummagnet-60-kg-allround-360b0-kalapfcygimagnet\/","url":"https:\/\/magnetarmagnets.com\/et\/shop\/terror-neoduummagnet-60-kg-allround-360b0-kalapfcygimagnet\/","name":"Terror neod\u00fc\u00fcmmagnet magnetp\u00fc\u00fcgiks \u2013 1000 kg \u2013 Allround 360\u00b0","isPartOf":{"@id":"https:\/\/magnetarmagnets.com\/et\/#website"},"primaryImageOfPage":{"@id":"https:\/\/magnetarmagnets.com\/et\/shop\/terror-neoduummagnet-60-kg-allround-360b0-kalapfcygimagnet\/#primaryimage"},"image":{"@id":"https:\/\/magnetarmagnets.com\/et\/shop\/terror-neoduummagnet-60-kg-allround-360b0-kalapfcygimagnet\/#primaryimage"},"thumbnailUrl":"https:\/\/magnetarmagnets.com\/wp-content\/uploads\/2018\/08\/Terror-magnet-360-Degrees-Neodymium.jpeg","datePublished":"2025-06-05T07:54:39+00:00","dateModified":"2026-04-03T08:13:32+00:00","description":"Magnetari Terror magnetp\u00fc\u00fcgimagnet. 360\u00b0 1000 kg t\u00f5mbej\u00f5ud, nagu n\u00e4htud YouTube\u2019is! Telli enne kella 23:00 \u2013 kohaletoimetamine juba homme!","breadcrumb":{"@id":"https:\/\/magnetarmagnets.com\/et\/shop\/terror-neoduummagnet-60-kg-allround-360b0-kalapfcygimagnet\/#breadcrumb"},"inLanguage":"et","potentialAction":[{"@type":"ReadAction","target":["https:\/\/magnetarmagnets.com\/et\/shop\/terror-neoduummagnet-60-kg-allround-360b0-kalapfcygimagnet\/"]}]},{"@type":"ImageObject","inLanguage":"et","@id":"https:\/\/magnetarmagnets.com\/et\/shop\/terror-neoduummagnet-60-kg-allround-360b0-kalapfcygimagnet\/#primaryimage","url":"https:\/\/magnetarmagnets.com\/wp-content\/uploads\/2018\/08\/Terror-magnet-360-Degrees-Neodymium.jpeg","contentUrl":"https:\/\/magnetarmagnets.com\/wp-content\/uploads\/2018\/08\/Terror-magnet-360-Degrees-Neodymium.jpeg","width":1000,"height":1000,"caption":"Terror magnet for magnet fishing with 360 Degree Neodymium pull power"},{"@type":"BreadcrumbList","@id":"https:\/\/magnetarmagnets.com\/et\/shop\/terror-neoduummagnet-60-kg-allround-360b0-kalapfcygimagnet\/#breadcrumb","itemListElement":[{"@type":"ListItem","position":1,"name":"Home","item":"https:\/\/magnetarmagnets.com\/et\/"},{"@type":"ListItem","position":2,"name":"pood","item":"https:\/\/magnetarmagnets.com\/et\/pood\/"},{"@type":"ListItem","position":3,"name":"Otsingumagnetid","item":"https:\/\/magnetarmagnets.com\/et\/collections\/otsingumagnetid\/"},{"@type":"ListItem","position":4,"name":"Allround 360 otsingumagnetid","item":"https:\/\/magnetarmagnets.com\/et\/collections\/otsingumagnetid\/allround-360-otsingumagnetid\/"},{"@type":"ListItem","position":5,"name":"Terror neod\u00fc\u00fcmmagnet magnetp\u00fc\u00fcgiks \u2013 1000 kg \u2013 Allround 360\u00b0"}]},{"@type":"WebSite","@id":"https:\/\/magnetarmagnets.com\/et\/#website","url":"https:\/\/magnetarmagnets.com\/et\/","name":"Magnet fishing with a Magnetar fishing magnet","description":"Tugevad magnetid magnetp\u00fc\u00fcgiks","publisher":{"@id":"https:\/\/magnetarmagnets.com\/et\/#organization"},"potentialAction":[{"@type":"SearchAction","target":{"@type":"EntryPoint","urlTemplate":"https:\/\/magnetarmagnets.com\/et\/?s={search_term_string}"},"query-input":{"@type":"PropertyValueSpecification","valueRequired":true,"valueName":"search_term_string"}}],"inLanguage":"et"},{"@type":"Organization","@id":"https:\/\/magnetarmagnets.com\/et\/#organization","name":"Magnetar","url":"https:\/\/magnetarmagnets.com\/et\/","logo":{"@type":"ImageObject","inLanguage":"et","@id":"https:\/\/magnetarmagnets.com\/et\/#\/schema\/logo\/image\/","url":"https:\/\/magnetarmagnets.com\/wp-content\/uploads\/2025\/05\/Logo-03_PNG-Black-scaled.png","contentUrl":"https:\/\/magnetarmagnets.com\/wp-content\/uploads\/2025\/05\/Logo-03_PNG-Black-scaled.png","width":2560,"height":1658,"caption":"Magnetar"},"image":{"@id":"https:\/\/magnetarmagnets.com\/et\/#\/schema\/logo\/image\/"},"sameAs":["https:\/\/www.facebook.com\/fishingmagnets\/","https:\/\/www.instagram.com\/magnetar_magnets\/","https:\/\/www.linkedin.com\/company\/magnetarbv\/?originalSubdomain=nl","https:\/\/www.youtube.com\/c\/MagnetarVismagneet"]}]}},"_links":{"self":[{"href":"https:\/\/magnetarmagnets.com\/et\/wp-json\/wp\/v2\/product\/81569","targetHints":{"allow":["GET"]}}],"collection":[{"href":"https:\/\/magnetarmagnets.com\/et\/wp-json\/wp\/v2\/product"}],"about":[{"href":"https:\/\/magnetarmagnets.com\/et\/wp-json\/wp\/v2\/types\/product"}],"replies":[{"embeddable":true,"href":"https:\/\/magnetarmagnets.com\/et\/wp-json\/wp\/v2\/comments?post=81569"}],"version-history":[{"count":1,"href":"https:\/\/magnetarmagnets.com\/et\/wp-json\/wp\/v2\/product\/81569\/revisions"}],"predecessor-version":[{"id":94585,"href":"https:\/\/magnetarmagnets.com\/et\/wp-json\/wp\/v2\/product\/81569\/revisions\/94585"}],"wp:featuredmedia":[{"embeddable":true,"href":"https:\/\/magnetarmagnets.com\/et\/wp-json\/wp\/v2\/media\/72168"}],"wp:attachment":[{"href":"https:\/\/magnetarmagnets.com\/et\/wp-json\/wp\/v2\/media?parent=81569"}],"wp:term":[{"taxonomy":"product_brand","embeddable":true,"href":"https:\/\/magnetarmagnets.com\/et\/wp-json\/wp\/v2\/product_brand?post=81569"},{"taxonomy":"product_cat","embeddable":true,"href":"https:\/\/magnetarmagnets.com\/et\/wp-json\/wp\/v2\/product_cat?post=81569"},{"taxonomy":"product_tag","embeddable":true,"href":"https:\/\/magnetarmagnets.com\/et\/wp-json\/wp\/v2\/product_tag?post=81569"}],"curies":[{"name":"wp","href":"https:\/\/api.w.org\/{rel}","templated":true}]}}