{"id":81568,"date":"2025-06-05T09:54:39","date_gmt":"2025-06-05T07:54:39","guid":{"rendered":"https:\/\/magnetarmagnets.com\/?post_type=product&#038;p=81568"},"modified":"2026-04-04T07:33:27","modified_gmt":"2026-04-04T05:33:27","slug":"roostevabast-terasest-nugadehoidik-pusimagnetitega","status":"publish","type":"product","link":"https:\/\/magnetarmagnets.com\/et\/shop\/roostevabast-terasest-nugadehoidik-pusimagnetitega\/","title":{"rendered":"Roostevabast terasest magnetnugade hoidja"},"content":{"rendered":"<h2><strong>V\u00e4ga stiilne nugade hoidja<\/strong><\/h2>\n\n<span style=\"font-weight: 400;\">\u00c4ra peida oma noasid: riputa need h\u00fcgieeniliselt, lihtsalt ja kiirelt magnetnugade hoidja k\u00fclge!<\/span><span style=\"font-weight: 400;\">Magnetar magnetnugaderiba abil saad noad mugavalt riputada. Noad \u201ckleepuvad\u201d magnetribale turvaliselt ja v\u00e4ga stiilselt. <strong>Saadaval puidust ja roostevabast terasest<\/strong>!<\/span>\n\n<h2><strong>Professionaalide nugade hoidja<\/strong><\/h2>\n\n<span style=\"font-weight: 400;\">Saad hoida noad k\u00f5rgel, nii et lapsed ei ulatu neile j\u00e4rele. K\u00f6\u00f6gikapi v\u00f5i -sahtli kahjustused on minevik, ning noad teenivad sind kauem. Need ripuvad k\u00f6\u00f6gis stiilselt ja n\u00e4htavalt. Ole uhke oma nugade \u00fcle ja l\u00f5peta nende peitmine bloki v\u00f5i sahtlisse!<\/span>\n\n<h2><span style=\"font-weight: 400;\">Teave ja paigaldamine<\/span><\/h2>\n\n<span style=\"font-weight: 400;\">Magnetnugade hoidja on valmistatud roostevabast terasest, mis n\u00e4eb k\u00f6\u00f6gis suurep\u00e4rane v\u00e4lja. Pakume nii puidust kui ka roostevabast terasest versiooni. Paigaldamine ei v\u00f5ta palju aega ja on v\u00e4ga lihtne. Iga\u00fcks, kes on hoidnud puurvintsi, suudab selle hoidja \u00fcles panna. Kaasas on kaks kruvi ja kaks t\u00fc\u00fcblit, seega ei pea neid eraldi ostma.<\/span>\n\n<h2><strong>Tehnilised andmed<\/strong><\/h2>\n\n<span style=\"font-weight: 400;\">Nugatala on 4,7 cm lai, mis t\u00e4hendab, et nii v\u00e4ikesed kui ka suured noad hoiavad kindlalt kinni. Saad riputada palju noasid, mille maksimaalne pikkus on 36 cm.<\/span>\n\n<img fetchpriority=\"high\" decoding=\"async\" class=\"alignleft size-medium wp-image-38098\" src=\"https:\/\/magnetarmagnets.com\/wp-content\/uploads\/2018\/03\/IMG_2101-300x200.jpg\" alt=\"roostevabast terasest magnetnugade hoidja\" width=\"300\" height=\"200\"\/><img decoding=\"async\" class=\"alignright size-medium wp-image-38100\" src=\"https:\/\/magnetarmagnets.com\/wp-content\/uploads\/2018\/03\/IMG_2108-300x200.jpg\" alt=\"roostevabast terasest magnetnugade hoidja tagak\u00fclg\" width=\"300\" height=\"200\" srcset=\"https:\/\/magnetarmagnets.com\/wp-content\/uploads\/2018\/03\/IMG_2108-300x200.jpg 300w, https:\/\/magnetarmagnets.com\/wp-content\/uploads\/2018\/03\/IMG_2108-scaled-800x533.jpg 800w, https:\/\/magnetarmagnets.com\/wp-content\/uploads\/2018\/03\/IMG_2108-768x512.jpg 768w, https:\/\/magnetarmagnets.com\/wp-content\/uploads\/2018\/03\/IMG_2108-1024x683.jpg 1024w, https:\/\/magnetarmagnets.com\/wp-content\/uploads\/2018\/03\/IMG_2108-scaled-600x400.jpg 600w\" sizes=\"(max-width: 300px) 100vw, 300px\" \/>","protected":false},"excerpt":{"rendered":"<p><span style=\"font-weight: 400;\">Magnett\u00f6\u00f6riistade riba on valmistatud <strong>roostevabast terasest<\/strong>, mis n\u00e4eb k\u00f6\u00f6gis <strong>v\u00e4ga stiilne<\/strong> v\u00e4lja ja on <strong>v\u00e4ga lihtne paigaldada<\/strong>.<\/span><\/p>\n","protected":false},"featured_media":73699,"comment_status":"open","ping_status":"closed","template":"","meta":{"_acf_changed":false,"inline_featured_image":false},"product_brand":[],"product_cat":[485,474],"product_tag":[],"class_list":{"0":"post-81568","1":"product","2":"type-product","3":"status-publish","4":"has-post-thumbnail","6":"product_cat-accessori-magnetici","7":"product_cat-attrezzatura","9":"first","10":"instock","11":"taxable","12":"shipping-taxable","13":"purchasable","14":"product-type-simple"},"acf":[],"yoast_head":"<!-- This site is optimized with the Yoast SEO plugin v27.3 - https:\/\/yoast.com\/product\/yoast-seo-wordpress\/ -->\n<title>Roostevabast terasest magnetnugade hoidja - Magnet fishing with a Magnetar fishing magnet<\/title>\n<meta name=\"description\" content=\"Magnetnugade hoidja roostevabast terasest Magnetari poolt\" \/>\n<meta name=\"robots\" content=\"index, follow, max-snippet:-1, max-image-preview:large, max-video-preview:-1\" \/>\n<link rel=\"canonical\" href=\"https:\/\/magnetarmagnets.com\/et\/shop\/roostevabast-terasest-nugadehoidik-pusimagnetitega\/\" \/>\n<meta property=\"og:locale\" content=\"et_EE\" \/>\n<meta property=\"og:type\" content=\"article\" \/>\n<meta property=\"og:title\" content=\"Roostevabast terasest magnetnugade hoidja - Magnet fishing with a Magnetar fishing magnet\" \/>\n<meta property=\"og:description\" content=\"Magnetnugade hoidja roostevabast terasest Magnetari poolt\" \/>\n<meta property=\"og:url\" content=\"https:\/\/magnetarmagnets.com\/et\/shop\/roostevabast-terasest-nugadehoidik-pusimagnetitega\/\" \/>\n<meta property=\"og:site_name\" content=\"Magnet fishing with a Magnetar fishing magnet\" \/>\n<meta property=\"article:publisher\" content=\"https:\/\/www.facebook.com\/fishingmagnets\/\" \/>\n<meta property=\"article:modified_time\" content=\"2026-04-04T05:33:27+00:00\" \/>\n<meta property=\"og:image\" content=\"https:\/\/magnetarmagnets.com\/wp-content\/uploads\/2018\/03\/550x506.jpg\" \/>\n\t<meta property=\"og:image:width\" content=\"550\" \/>\n\t<meta property=\"og:image:height\" content=\"506\" \/>\n\t<meta property=\"og:image:type\" content=\"image\/jpeg\" \/>\n<meta name=\"twitter:card\" content=\"summary_large_image\" \/>\n<meta name=\"twitter:label1\" content=\"Est. reading time\" \/>\n\t<meta name=\"twitter:data1\" content=\"2 minutit\" \/>\n<script type=\"application\/ld+json\" class=\"yoast-schema-graph\">{\"@context\":\"https:\\\/\\\/schema.org\",\"@graph\":[{\"@type\":[\"WebPage\",\"ItemPage\"],\"@id\":\"https:\\\/\\\/magnetarmagnets.com\\\/et\\\/shop\\\/roostevabast-terasest-nugadehoidik-pusimagnetitega\\\/\",\"url\":\"https:\\\/\\\/magnetarmagnets.com\\\/et\\\/shop\\\/roostevabast-terasest-nugadehoidik-pusimagnetitega\\\/\",\"name\":\"Roostevabast terasest magnetnugade hoidja - Magnet fishing with a Magnetar fishing magnet\",\"isPartOf\":{\"@id\":\"https:\\\/\\\/magnetarmagnets.com\\\/et\\\/#website\"},\"primaryImageOfPage\":{\"@id\":\"https:\\\/\\\/magnetarmagnets.com\\\/et\\\/shop\\\/roostevabast-terasest-nugadehoidik-pusimagnetitega\\\/#primaryimage\"},\"image\":{\"@id\":\"https:\\\/\\\/magnetarmagnets.com\\\/et\\\/shop\\\/roostevabast-terasest-nugadehoidik-pusimagnetitega\\\/#primaryimage\"},\"thumbnailUrl\":\"https:\\\/\\\/magnetarmagnets.com\\\/wp-content\\\/uploads\\\/2018\\\/03\\\/550x506.jpg\",\"datePublished\":\"2025-06-05T07:54:39+00:00\",\"dateModified\":\"2026-04-04T05:33:27+00:00\",\"description\":\"Magnetnugade hoidja roostevabast terasest Magnetari poolt\",\"breadcrumb\":{\"@id\":\"https:\\\/\\\/magnetarmagnets.com\\\/et\\\/shop\\\/roostevabast-terasest-nugadehoidik-pusimagnetitega\\\/#breadcrumb\"},\"inLanguage\":\"et\",\"potentialAction\":[{\"@type\":\"ReadAction\",\"target\":[\"https:\\\/\\\/magnetarmagnets.com\\\/et\\\/shop\\\/roostevabast-terasest-nugadehoidik-pusimagnetitega\\\/\"]}]},{\"@type\":\"ImageObject\",\"inLanguage\":\"et\",\"@id\":\"https:\\\/\\\/magnetarmagnets.com\\\/et\\\/shop\\\/roostevabast-terasest-nugadehoidik-pusimagnetitega\\\/#primaryimage\",\"url\":\"https:\\\/\\\/magnetarmagnets.com\\\/wp-content\\\/uploads\\\/2018\\\/03\\\/550x506.jpg\",\"contentUrl\":\"https:\\\/\\\/magnetarmagnets.com\\\/wp-content\\\/uploads\\\/2018\\\/03\\\/550x506.jpg\",\"width\":550,\"height\":506,\"caption\":\"Stainless Steel knife holder\"},{\"@type\":\"BreadcrumbList\",\"@id\":\"https:\\\/\\\/magnetarmagnets.com\\\/et\\\/shop\\\/roostevabast-terasest-nugadehoidik-pusimagnetitega\\\/#breadcrumb\",\"itemListElement\":[{\"@type\":\"ListItem\",\"position\":1,\"name\":\"Home\",\"item\":\"https:\\\/\\\/magnetarmagnets.com\\\/et\\\/\"},{\"@type\":\"ListItem\",\"position\":2,\"name\":\"pood\",\"item\":\"https:\\\/\\\/magnetarmagnets.com\\\/et\\\/pood\\\/\"},{\"@type\":\"ListItem\",\"position\":3,\"name\":\"Varustus\",\"item\":\"https:\\\/\\\/magnetarmagnets.com\\\/et\\\/collections\\\/varustus\\\/\"},{\"@type\":\"ListItem\",\"position\":4,\"name\":\"Magnetilised tarvikud\",\"item\":\"https:\\\/\\\/magnetarmagnets.com\\\/et\\\/collections\\\/varustus\\\/magnetilised-tarvikud\\\/\"},{\"@type\":\"ListItem\",\"position\":5,\"name\":\"Roostevabast terasest magnetnugade hoidja\"}]},{\"@type\":\"WebSite\",\"@id\":\"https:\\\/\\\/magnetarmagnets.com\\\/et\\\/#website\",\"url\":\"https:\\\/\\\/magnetarmagnets.com\\\/et\\\/\",\"name\":\"Magnet fishing with a Magnetar fishing magnet\",\"description\":\"Tugevad magnetid magnetp\u00fc\u00fcgiks\",\"publisher\":{\"@id\":\"https:\\\/\\\/magnetarmagnets.com\\\/et\\\/#organization\"},\"potentialAction\":[{\"@type\":\"SearchAction\",\"target\":{\"@type\":\"EntryPoint\",\"urlTemplate\":\"https:\\\/\\\/magnetarmagnets.com\\\/et\\\/?s={search_term_string}\"},\"query-input\":{\"@type\":\"PropertyValueSpecification\",\"valueRequired\":true,\"valueName\":\"search_term_string\"}}],\"inLanguage\":\"et\"},{\"@type\":\"Organization\",\"@id\":\"https:\\\/\\\/magnetarmagnets.com\\\/et\\\/#organization\",\"name\":\"Magnetar\",\"url\":\"https:\\\/\\\/magnetarmagnets.com\\\/et\\\/\",\"logo\":{\"@type\":\"ImageObject\",\"inLanguage\":\"et\",\"@id\":\"https:\\\/\\\/magnetarmagnets.com\\\/et\\\/#\\\/schema\\\/logo\\\/image\\\/\",\"url\":\"https:\\\/\\\/magnetarmagnets.com\\\/wp-content\\\/uploads\\\/2025\\\/05\\\/Logo-03_PNG-Black-scaled.png\",\"contentUrl\":\"https:\\\/\\\/magnetarmagnets.com\\\/wp-content\\\/uploads\\\/2025\\\/05\\\/Logo-03_PNG-Black-scaled.png\",\"width\":2560,\"height\":1658,\"caption\":\"Magnetar\"},\"image\":{\"@id\":\"https:\\\/\\\/magnetarmagnets.com\\\/et\\\/#\\\/schema\\\/logo\\\/image\\\/\"},\"sameAs\":[\"https:\\\/\\\/www.facebook.com\\\/fishingmagnets\\\/\",\"https:\\\/\\\/www.instagram.com\\\/magnetar_magnets\\\/\",\"https:\\\/\\\/www.linkedin.com\\\/company\\\/magnetarbv\\\/?originalSubdomain=nl\",\"https:\\\/\\\/www.youtube.com\\\/c\\\/MagnetarVismagneet\"]}]}<\/script>\n<!-- \/ Yoast SEO plugin. -->","yoast_head_json":{"title":"Roostevabast terasest magnetnugade hoidja - Magnet fishing with a Magnetar fishing magnet","description":"Magnetnugade hoidja roostevabast terasest Magnetari poolt","robots":{"index":"index","follow":"follow","max-snippet":"max-snippet:-1","max-image-preview":"max-image-preview:large","max-video-preview":"max-video-preview:-1"},"canonical":"https:\/\/magnetarmagnets.com\/et\/shop\/roostevabast-terasest-nugadehoidik-pusimagnetitega\/","og_locale":"et_EE","og_type":"article","og_title":"Roostevabast terasest magnetnugade hoidja - Magnet fishing with a Magnetar fishing magnet","og_description":"Magnetnugade hoidja roostevabast terasest Magnetari poolt","og_url":"https:\/\/magnetarmagnets.com\/et\/shop\/roostevabast-terasest-nugadehoidik-pusimagnetitega\/","og_site_name":"Magnet fishing with a Magnetar fishing magnet","article_publisher":"https:\/\/www.facebook.com\/fishingmagnets\/","article_modified_time":"2026-04-04T05:33:27+00:00","og_image":[{"width":550,"height":506,"url":"https:\/\/magnetarmagnets.com\/wp-content\/uploads\/2018\/03\/550x506.jpg","type":"image\/jpeg"}],"twitter_card":"summary_large_image","twitter_misc":{"Est. reading time":"2 minutit"},"schema":{"@context":"https:\/\/schema.org","@graph":[{"@type":["WebPage","ItemPage"],"@id":"https:\/\/magnetarmagnets.com\/et\/shop\/roostevabast-terasest-nugadehoidik-pusimagnetitega\/","url":"https:\/\/magnetarmagnets.com\/et\/shop\/roostevabast-terasest-nugadehoidik-pusimagnetitega\/","name":"Roostevabast terasest magnetnugade hoidja - Magnet fishing with a Magnetar fishing magnet","isPartOf":{"@id":"https:\/\/magnetarmagnets.com\/et\/#website"},"primaryImageOfPage":{"@id":"https:\/\/magnetarmagnets.com\/et\/shop\/roostevabast-terasest-nugadehoidik-pusimagnetitega\/#primaryimage"},"image":{"@id":"https:\/\/magnetarmagnets.com\/et\/shop\/roostevabast-terasest-nugadehoidik-pusimagnetitega\/#primaryimage"},"thumbnailUrl":"https:\/\/magnetarmagnets.com\/wp-content\/uploads\/2018\/03\/550x506.jpg","datePublished":"2025-06-05T07:54:39+00:00","dateModified":"2026-04-04T05:33:27+00:00","description":"Magnetnugade hoidja roostevabast terasest Magnetari poolt","breadcrumb":{"@id":"https:\/\/magnetarmagnets.com\/et\/shop\/roostevabast-terasest-nugadehoidik-pusimagnetitega\/#breadcrumb"},"inLanguage":"et","potentialAction":[{"@type":"ReadAction","target":["https:\/\/magnetarmagnets.com\/et\/shop\/roostevabast-terasest-nugadehoidik-pusimagnetitega\/"]}]},{"@type":"ImageObject","inLanguage":"et","@id":"https:\/\/magnetarmagnets.com\/et\/shop\/roostevabast-terasest-nugadehoidik-pusimagnetitega\/#primaryimage","url":"https:\/\/magnetarmagnets.com\/wp-content\/uploads\/2018\/03\/550x506.jpg","contentUrl":"https:\/\/magnetarmagnets.com\/wp-content\/uploads\/2018\/03\/550x506.jpg","width":550,"height":506,"caption":"Stainless Steel knife holder"},{"@type":"BreadcrumbList","@id":"https:\/\/magnetarmagnets.com\/et\/shop\/roostevabast-terasest-nugadehoidik-pusimagnetitega\/#breadcrumb","itemListElement":[{"@type":"ListItem","position":1,"name":"Home","item":"https:\/\/magnetarmagnets.com\/et\/"},{"@type":"ListItem","position":2,"name":"pood","item":"https:\/\/magnetarmagnets.com\/et\/pood\/"},{"@type":"ListItem","position":3,"name":"Varustus","item":"https:\/\/magnetarmagnets.com\/et\/collections\/varustus\/"},{"@type":"ListItem","position":4,"name":"Magnetilised tarvikud","item":"https:\/\/magnetarmagnets.com\/et\/collections\/varustus\/magnetilised-tarvikud\/"},{"@type":"ListItem","position":5,"name":"Roostevabast terasest magnetnugade hoidja"}]},{"@type":"WebSite","@id":"https:\/\/magnetarmagnets.com\/et\/#website","url":"https:\/\/magnetarmagnets.com\/et\/","name":"Magnet fishing with a Magnetar fishing magnet","description":"Tugevad magnetid magnetp\u00fc\u00fcgiks","publisher":{"@id":"https:\/\/magnetarmagnets.com\/et\/#organization"},"potentialAction":[{"@type":"SearchAction","target":{"@type":"EntryPoint","urlTemplate":"https:\/\/magnetarmagnets.com\/et\/?s={search_term_string}"},"query-input":{"@type":"PropertyValueSpecification","valueRequired":true,"valueName":"search_term_string"}}],"inLanguage":"et"},{"@type":"Organization","@id":"https:\/\/magnetarmagnets.com\/et\/#organization","name":"Magnetar","url":"https:\/\/magnetarmagnets.com\/et\/","logo":{"@type":"ImageObject","inLanguage":"et","@id":"https:\/\/magnetarmagnets.com\/et\/#\/schema\/logo\/image\/","url":"https:\/\/magnetarmagnets.com\/wp-content\/uploads\/2025\/05\/Logo-03_PNG-Black-scaled.png","contentUrl":"https:\/\/magnetarmagnets.com\/wp-content\/uploads\/2025\/05\/Logo-03_PNG-Black-scaled.png","width":2560,"height":1658,"caption":"Magnetar"},"image":{"@id":"https:\/\/magnetarmagnets.com\/et\/#\/schema\/logo\/image\/"},"sameAs":["https:\/\/www.facebook.com\/fishingmagnets\/","https:\/\/www.instagram.com\/magnetar_magnets\/","https:\/\/www.linkedin.com\/company\/magnetarbv\/?originalSubdomain=nl","https:\/\/www.youtube.com\/c\/MagnetarVismagneet"]}]}},"_links":{"self":[{"href":"https:\/\/magnetarmagnets.com\/et\/wp-json\/wp\/v2\/product\/81568","targetHints":{"allow":["GET"]}}],"collection":[{"href":"https:\/\/magnetarmagnets.com\/et\/wp-json\/wp\/v2\/product"}],"about":[{"href":"https:\/\/magnetarmagnets.com\/et\/wp-json\/wp\/v2\/types\/product"}],"replies":[{"embeddable":true,"href":"https:\/\/magnetarmagnets.com\/et\/wp-json\/wp\/v2\/comments?post=81568"}],"version-history":[{"count":0,"href":"https:\/\/magnetarmagnets.com\/et\/wp-json\/wp\/v2\/product\/81568\/revisions"}],"wp:featuredmedia":[{"embeddable":true,"href":"https:\/\/magnetarmagnets.com\/et\/wp-json\/wp\/v2\/media\/73699"}],"wp:attachment":[{"href":"https:\/\/magnetarmagnets.com\/et\/wp-json\/wp\/v2\/media?parent=81568"}],"wp:term":[{"taxonomy":"product_brand","embeddable":true,"href":"https:\/\/magnetarmagnets.com\/et\/wp-json\/wp\/v2\/product_brand?post=81568"},{"taxonomy":"product_cat","embeddable":true,"href":"https:\/\/magnetarmagnets.com\/et\/wp-json\/wp\/v2\/product_cat?post=81568"},{"taxonomy":"product_tag","embeddable":true,"href":"https:\/\/magnetarmagnets.com\/et\/wp-json\/wp\/v2\/product_tag?post=81568"}],"curies":[{"name":"wp","href":"https:\/\/api.w.org\/{rel}","templated":true}]}}