{"id":81567,"date":"2025-06-05T09:54:39","date_gmt":"2025-06-05T07:54:39","guid":{"rendered":"https:\/\/magnetarmagnets.com\/?post_type=product&#038;p=81567"},"modified":"2026-04-04T07:29:26","modified_gmt":"2026-04-04T05:29:26","slug":"magnetnugahoidik","status":"publish","type":"product","link":"https:\/\/magnetarmagnets.com\/et\/shop\/magnetnugahoidik\/","title":{"rendered":"Magnetnugade hoidik"},"content":{"rendered":"<h2><strong>Nugamagnet<\/strong><\/h2>\n\n<ul>\n\n \t<li style=\"font-weight: 400;\"><span style=\"font-weight: 400;\">1 x puidust nugade hoidik<\/span><\/li>\n\n \t<li style=\"font-weight: 400;\"><span style=\"font-weight: 400;\">2 x kruvi<\/span><\/li>\n\n \t<li style=\"font-weight: 400;\"><span style=\"font-weight: 400;\">2 x t\u00fc\u00fcblit<\/span><\/li>\n\n \t<li style=\"font-weight: 400;\"><span style=\"font-weight: 400;\">lihtne paigaldusjuhend<\/span><\/li>\n\n<\/ul>\n\n<span style=\"font-weight: 400;\">\u00c4ra peida oma noasid: riputa need h\u00fcgieeniliselt, lihtsalt ja kiiresti magnetnugade hoidikule!<\/span>\n\n\n\n<span style=\"font-weight: 400;\">Riputa oma noad h\u00f5lpsalt Magnetari magnetribale. Noad \u201ekleepuvad\u201d magnetribale turvaliselt ja v\u00e4ga stiilselt.<\/span>\n\n<h2><strong>Magnetnugade hoidiku eelised<\/strong><\/h2>\n\n<span style=\"font-weight: 400;\">Saad hoida noad k\u00f5rgel, et lapsed ei saaks neile ligi. K\u00f6\u00f6gisahtli v\u00f5i kapikinnituse kahjustusi enam ei teki ja su noad p\u00fcsivad kauem teravad. Su noad ripuvad k\u00f6\u00f6gis lahedalt ja elegantse viisi. Saad olla oma nugade \u00fcle uhke ja l\u00f5petada nende peitmise nugadeploki v\u00f5i k\u00f6\u00f6gisahtli sisse!<\/span>\n\n<h2><strong>Teave ja paigaldus<\/strong><\/h2>\n\n<span style=\"font-weight: 400;\">Magnetnugade hoidik on valmistatud naturaalpuust, mis n\u00e4eb k\u00f6\u00f6gis suurep\u00e4rane v\u00e4lja. Pakume RVS-magnetriba versiooni. Paigaldamine ei v\u00f5ta kaua aega ja on v\u00e4ga lihtne. Iga\u00fcks, kes on puurpingi k\u00e4es hoidnud, suudab selle magnetnugade hoidiku paigaldada. Komplekt sisaldab kahte kruvi ja kaht t\u00fc\u00fcblit, nii et neid ei pea eraldi ostma.<\/span>\n\n<h2><strong>Nugamagneti spetsifikatsioonid<\/strong><\/h2>\n\n<span style=\"font-weight: 400;\">Magnetriba laius on 6,3 cm, mis tagab nii v\u00e4ikeste kui ka suurte nugade kindla kinnitumise. 40 cm pikk koosseis mahutab palju noasid.<\/span>","protected":false},"excerpt":{"rendered":"<p><span style=\"font-weight: 400;\">Magnetriba on valmistatud <strong>loomulikust puidust<\/strong>, mis n\u00e4eb teie k\u00f6\u00f6gis v\u00e4ga <strong>stiilne<\/strong> v\u00e4lja ja on <strong>v\u00e4ga lihtne paigaldada<\/strong>.<\/span><\/p>\n","protected":false},"featured_media":73700,"comment_status":"open","ping_status":"closed","template":"","meta":{"_acf_changed":false,"inline_featured_image":false},"product_brand":[],"product_cat":[485,474],"product_tag":[],"class_list":{"0":"post-81567","1":"product","2":"type-product","3":"status-publish","4":"has-post-thumbnail","6":"product_cat-accessori-magnetici","7":"product_cat-attrezzatura","9":"first","10":"instock","11":"taxable","12":"shipping-taxable","13":"purchasable","14":"product-type-simple"},"acf":[],"yoast_head":"<!-- This site is optimized with the Yoast SEO plugin v27.4 - https:\/\/yoast.com\/product\/yoast-seo-wordpress\/ -->\n<title>\u00c4ra peida oma noasid: riputa need h\u00fcgieeniliselt, lihtsalt ja kiiresti magnetnugade hoidikule!<\/title>\n<meta name=\"description\" content=\"Magnetnugade hoidik - lihtne ja h\u00fcgieeniline hoiulahendus\" \/>\n<meta name=\"robots\" content=\"index, follow, max-snippet:-1, max-image-preview:large, max-video-preview:-1\" \/>\n<link rel=\"canonical\" href=\"https:\/\/magnetarmagnets.com\/et\/shop\/magnetnugahoidik\/\" \/>\n<meta property=\"og:locale\" content=\"et_EE\" \/>\n<meta property=\"og:type\" content=\"article\" \/>\n<meta property=\"og:title\" content=\"\u00c4ra peida oma noasid: riputa need h\u00fcgieeniliselt, lihtsalt ja kiiresti magnetnugade hoidikule!\" \/>\n<meta property=\"og:description\" content=\"Magnetnugade hoidik - lihtne ja h\u00fcgieeniline hoiulahendus\" \/>\n<meta property=\"og:url\" content=\"https:\/\/magnetarmagnets.com\/et\/shop\/magnetnugahoidik\/\" \/>\n<meta property=\"og:site_name\" content=\"Magnet fishing with a Magnetar fishing magnet\" \/>\n<meta property=\"article:publisher\" content=\"https:\/\/www.facebook.com\/fishingmagnets\/\" \/>\n<meta property=\"article:modified_time\" content=\"2026-04-04T05:29:26+00:00\" \/>\n<meta property=\"og:image\" content=\"https:\/\/magnetarmagnets.com\/wp-content\/uploads\/2018\/03\/1200x1155.jpg\" \/>\n\t<meta property=\"og:image:width\" content=\"1200\" \/>\n\t<meta property=\"og:image:height\" content=\"1155\" \/>\n\t<meta property=\"og:image:type\" content=\"image\/jpeg\" \/>\n<meta name=\"twitter:card\" content=\"summary_large_image\" \/>\n<meta name=\"twitter:label1\" content=\"Est. reading time\" \/>\n\t<meta name=\"twitter:data1\" content=\"2 minutit\" \/>\n<script type=\"application\/ld+json\" class=\"yoast-schema-graph\">{\"@context\":\"https:\\\/\\\/schema.org\",\"@graph\":[{\"@type\":[\"WebPage\",\"ItemPage\"],\"@id\":\"https:\\\/\\\/magnetarmagnets.com\\\/et\\\/shop\\\/magnetnugahoidik\\\/\",\"url\":\"https:\\\/\\\/magnetarmagnets.com\\\/et\\\/shop\\\/magnetnugahoidik\\\/\",\"name\":\"\u00c4ra peida oma noasid: riputa need h\u00fcgieeniliselt, lihtsalt ja kiiresti magnetnugade hoidikule!\",\"isPartOf\":{\"@id\":\"https:\\\/\\\/magnetarmagnets.com\\\/et\\\/#website\"},\"primaryImageOfPage\":{\"@id\":\"https:\\\/\\\/magnetarmagnets.com\\\/et\\\/shop\\\/magnetnugahoidik\\\/#primaryimage\"},\"image\":{\"@id\":\"https:\\\/\\\/magnetarmagnets.com\\\/et\\\/shop\\\/magnetnugahoidik\\\/#primaryimage\"},\"thumbnailUrl\":\"https:\\\/\\\/magnetarmagnets.com\\\/wp-content\\\/uploads\\\/2018\\\/03\\\/1200x1155.jpg\",\"datePublished\":\"2025-06-05T07:54:39+00:00\",\"dateModified\":\"2026-04-04T05:29:26+00:00\",\"description\":\"Magnetnugade hoidik - lihtne ja h\u00fcgieeniline hoiulahendus\",\"breadcrumb\":{\"@id\":\"https:\\\/\\\/magnetarmagnets.com\\\/et\\\/shop\\\/magnetnugahoidik\\\/#breadcrumb\"},\"inLanguage\":\"et\",\"potentialAction\":[{\"@type\":\"ReadAction\",\"target\":[\"https:\\\/\\\/magnetarmagnets.com\\\/et\\\/shop\\\/magnetnugahoidik\\\/\"]}]},{\"@type\":\"ImageObject\",\"inLanguage\":\"et\",\"@id\":\"https:\\\/\\\/magnetarmagnets.com\\\/et\\\/shop\\\/magnetnugahoidik\\\/#primaryimage\",\"url\":\"https:\\\/\\\/magnetarmagnets.com\\\/wp-content\\\/uploads\\\/2018\\\/03\\\/1200x1155.jpg\",\"contentUrl\":\"https:\\\/\\\/magnetarmagnets.com\\\/wp-content\\\/uploads\\\/2018\\\/03\\\/1200x1155.jpg\",\"width\":1200,\"height\":1155,\"caption\":\"Wood Knife Holder\"},{\"@type\":\"BreadcrumbList\",\"@id\":\"https:\\\/\\\/magnetarmagnets.com\\\/et\\\/shop\\\/magnetnugahoidik\\\/#breadcrumb\",\"itemListElement\":[{\"@type\":\"ListItem\",\"position\":1,\"name\":\"Home\",\"item\":\"https:\\\/\\\/magnetarmagnets.com\\\/et\\\/\"},{\"@type\":\"ListItem\",\"position\":2,\"name\":\"pood\",\"item\":\"https:\\\/\\\/magnetarmagnets.com\\\/et\\\/pood\\\/\"},{\"@type\":\"ListItem\",\"position\":3,\"name\":\"Varustus\",\"item\":\"https:\\\/\\\/magnetarmagnets.com\\\/et\\\/collections\\\/varustus\\\/\"},{\"@type\":\"ListItem\",\"position\":4,\"name\":\"Magnetilised tarvikud\",\"item\":\"https:\\\/\\\/magnetarmagnets.com\\\/et\\\/collections\\\/varustus\\\/magnetilised-tarvikud\\\/\"},{\"@type\":\"ListItem\",\"position\":5,\"name\":\"Magnetnugade hoidik\"}]},{\"@type\":\"WebSite\",\"@id\":\"https:\\\/\\\/magnetarmagnets.com\\\/et\\\/#website\",\"url\":\"https:\\\/\\\/magnetarmagnets.com\\\/et\\\/\",\"name\":\"Magnet fishing with a Magnetar fishing magnet\",\"description\":\"Tugevad magnetid magnetp\u00fc\u00fcgiks\",\"publisher\":{\"@id\":\"https:\\\/\\\/magnetarmagnets.com\\\/et\\\/#organization\"},\"potentialAction\":[{\"@type\":\"SearchAction\",\"target\":{\"@type\":\"EntryPoint\",\"urlTemplate\":\"https:\\\/\\\/magnetarmagnets.com\\\/et\\\/?s={search_term_string}\"},\"query-input\":{\"@type\":\"PropertyValueSpecification\",\"valueRequired\":true,\"valueName\":\"search_term_string\"}}],\"inLanguage\":\"et\"},{\"@type\":\"Organization\",\"@id\":\"https:\\\/\\\/magnetarmagnets.com\\\/et\\\/#organization\",\"name\":\"Magnetar\",\"url\":\"https:\\\/\\\/magnetarmagnets.com\\\/et\\\/\",\"logo\":{\"@type\":\"ImageObject\",\"inLanguage\":\"et\",\"@id\":\"https:\\\/\\\/magnetarmagnets.com\\\/et\\\/#\\\/schema\\\/logo\\\/image\\\/\",\"url\":\"https:\\\/\\\/magnetarmagnets.com\\\/wp-content\\\/uploads\\\/2025\\\/05\\\/Logo-03_PNG-Black-scaled.png\",\"contentUrl\":\"https:\\\/\\\/magnetarmagnets.com\\\/wp-content\\\/uploads\\\/2025\\\/05\\\/Logo-03_PNG-Black-scaled.png\",\"width\":2560,\"height\":1658,\"caption\":\"Magnetar\"},\"image\":{\"@id\":\"https:\\\/\\\/magnetarmagnets.com\\\/et\\\/#\\\/schema\\\/logo\\\/image\\\/\"},\"sameAs\":[\"https:\\\/\\\/www.facebook.com\\\/fishingmagnets\\\/\",\"https:\\\/\\\/www.instagram.com\\\/magnetar_magnets\\\/\",\"https:\\\/\\\/www.linkedin.com\\\/company\\\/magnetarbv\\\/?originalSubdomain=nl\",\"https:\\\/\\\/www.youtube.com\\\/c\\\/MagnetarVismagneet\"]}]}<\/script>\n<!-- \/ Yoast SEO plugin. -->","yoast_head_json":{"title":"\u00c4ra peida oma noasid: riputa need h\u00fcgieeniliselt, lihtsalt ja kiiresti magnetnugade hoidikule!","description":"Magnetnugade hoidik - lihtne ja h\u00fcgieeniline hoiulahendus","robots":{"index":"index","follow":"follow","max-snippet":"max-snippet:-1","max-image-preview":"max-image-preview:large","max-video-preview":"max-video-preview:-1"},"canonical":"https:\/\/magnetarmagnets.com\/et\/shop\/magnetnugahoidik\/","og_locale":"et_EE","og_type":"article","og_title":"\u00c4ra peida oma noasid: riputa need h\u00fcgieeniliselt, lihtsalt ja kiiresti magnetnugade hoidikule!","og_description":"Magnetnugade hoidik - lihtne ja h\u00fcgieeniline hoiulahendus","og_url":"https:\/\/magnetarmagnets.com\/et\/shop\/magnetnugahoidik\/","og_site_name":"Magnet fishing with a Magnetar fishing magnet","article_publisher":"https:\/\/www.facebook.com\/fishingmagnets\/","article_modified_time":"2026-04-04T05:29:26+00:00","og_image":[{"width":1200,"height":1155,"url":"https:\/\/magnetarmagnets.com\/wp-content\/uploads\/2018\/03\/1200x1155.jpg","type":"image\/jpeg"}],"twitter_card":"summary_large_image","twitter_misc":{"Est. reading time":"2 minutit"},"schema":{"@context":"https:\/\/schema.org","@graph":[{"@type":["WebPage","ItemPage"],"@id":"https:\/\/magnetarmagnets.com\/et\/shop\/magnetnugahoidik\/","url":"https:\/\/magnetarmagnets.com\/et\/shop\/magnetnugahoidik\/","name":"\u00c4ra peida oma noasid: riputa need h\u00fcgieeniliselt, lihtsalt ja kiiresti magnetnugade hoidikule!","isPartOf":{"@id":"https:\/\/magnetarmagnets.com\/et\/#website"},"primaryImageOfPage":{"@id":"https:\/\/magnetarmagnets.com\/et\/shop\/magnetnugahoidik\/#primaryimage"},"image":{"@id":"https:\/\/magnetarmagnets.com\/et\/shop\/magnetnugahoidik\/#primaryimage"},"thumbnailUrl":"https:\/\/magnetarmagnets.com\/wp-content\/uploads\/2018\/03\/1200x1155.jpg","datePublished":"2025-06-05T07:54:39+00:00","dateModified":"2026-04-04T05:29:26+00:00","description":"Magnetnugade hoidik - lihtne ja h\u00fcgieeniline hoiulahendus","breadcrumb":{"@id":"https:\/\/magnetarmagnets.com\/et\/shop\/magnetnugahoidik\/#breadcrumb"},"inLanguage":"et","potentialAction":[{"@type":"ReadAction","target":["https:\/\/magnetarmagnets.com\/et\/shop\/magnetnugahoidik\/"]}]},{"@type":"ImageObject","inLanguage":"et","@id":"https:\/\/magnetarmagnets.com\/et\/shop\/magnetnugahoidik\/#primaryimage","url":"https:\/\/magnetarmagnets.com\/wp-content\/uploads\/2018\/03\/1200x1155.jpg","contentUrl":"https:\/\/magnetarmagnets.com\/wp-content\/uploads\/2018\/03\/1200x1155.jpg","width":1200,"height":1155,"caption":"Wood Knife Holder"},{"@type":"BreadcrumbList","@id":"https:\/\/magnetarmagnets.com\/et\/shop\/magnetnugahoidik\/#breadcrumb","itemListElement":[{"@type":"ListItem","position":1,"name":"Home","item":"https:\/\/magnetarmagnets.com\/et\/"},{"@type":"ListItem","position":2,"name":"pood","item":"https:\/\/magnetarmagnets.com\/et\/pood\/"},{"@type":"ListItem","position":3,"name":"Varustus","item":"https:\/\/magnetarmagnets.com\/et\/collections\/varustus\/"},{"@type":"ListItem","position":4,"name":"Magnetilised tarvikud","item":"https:\/\/magnetarmagnets.com\/et\/collections\/varustus\/magnetilised-tarvikud\/"},{"@type":"ListItem","position":5,"name":"Magnetnugade hoidik"}]},{"@type":"WebSite","@id":"https:\/\/magnetarmagnets.com\/et\/#website","url":"https:\/\/magnetarmagnets.com\/et\/","name":"Magnet fishing with a Magnetar fishing magnet","description":"Tugevad magnetid magnetp\u00fc\u00fcgiks","publisher":{"@id":"https:\/\/magnetarmagnets.com\/et\/#organization"},"potentialAction":[{"@type":"SearchAction","target":{"@type":"EntryPoint","urlTemplate":"https:\/\/magnetarmagnets.com\/et\/?s={search_term_string}"},"query-input":{"@type":"PropertyValueSpecification","valueRequired":true,"valueName":"search_term_string"}}],"inLanguage":"et"},{"@type":"Organization","@id":"https:\/\/magnetarmagnets.com\/et\/#organization","name":"Magnetar","url":"https:\/\/magnetarmagnets.com\/et\/","logo":{"@type":"ImageObject","inLanguage":"et","@id":"https:\/\/magnetarmagnets.com\/et\/#\/schema\/logo\/image\/","url":"https:\/\/magnetarmagnets.com\/wp-content\/uploads\/2025\/05\/Logo-03_PNG-Black-scaled.png","contentUrl":"https:\/\/magnetarmagnets.com\/wp-content\/uploads\/2025\/05\/Logo-03_PNG-Black-scaled.png","width":2560,"height":1658,"caption":"Magnetar"},"image":{"@id":"https:\/\/magnetarmagnets.com\/et\/#\/schema\/logo\/image\/"},"sameAs":["https:\/\/www.facebook.com\/fishingmagnets\/","https:\/\/www.instagram.com\/magnetar_magnets\/","https:\/\/www.linkedin.com\/company\/magnetarbv\/?originalSubdomain=nl","https:\/\/www.youtube.com\/c\/MagnetarVismagneet"]}]}},"_links":{"self":[{"href":"https:\/\/magnetarmagnets.com\/et\/wp-json\/wp\/v2\/product\/81567","targetHints":{"allow":["GET"]}}],"collection":[{"href":"https:\/\/magnetarmagnets.com\/et\/wp-json\/wp\/v2\/product"}],"about":[{"href":"https:\/\/magnetarmagnets.com\/et\/wp-json\/wp\/v2\/types\/product"}],"replies":[{"embeddable":true,"href":"https:\/\/magnetarmagnets.com\/et\/wp-json\/wp\/v2\/comments?post=81567"}],"version-history":[{"count":0,"href":"https:\/\/magnetarmagnets.com\/et\/wp-json\/wp\/v2\/product\/81567\/revisions"}],"wp:featuredmedia":[{"embeddable":true,"href":"https:\/\/magnetarmagnets.com\/et\/wp-json\/wp\/v2\/media\/73700"}],"wp:attachment":[{"href":"https:\/\/magnetarmagnets.com\/et\/wp-json\/wp\/v2\/media?parent=81567"}],"wp:term":[{"taxonomy":"product_brand","embeddable":true,"href":"https:\/\/magnetarmagnets.com\/et\/wp-json\/wp\/v2\/product_brand?post=81567"},{"taxonomy":"product_cat","embeddable":true,"href":"https:\/\/magnetarmagnets.com\/et\/wp-json\/wp\/v2\/product_cat?post=81567"},{"taxonomy":"product_tag","embeddable":true,"href":"https:\/\/magnetarmagnets.com\/et\/wp-json\/wp\/v2\/product_tag?post=81567"}],"curies":[{"name":"wp","href":"https:\/\/api.w.org\/{rel}","templated":true}]}}