{"id":81566,"date":"2025-06-05T09:54:40","date_gmt":"2025-06-05T07:54:40","guid":{"rendered":"https:\/\/magnetarmagnets.com\/?post_type=product&#038;p=81566"},"modified":"2026-04-17T00:29:05","modified_gmt":"2026-04-16T22:29:05","slug":"classic-neoduummagnet-110-kg-uhekulgne-kalapuugimagnet","status":"publish","type":"product","link":"https:\/\/magnetarmagnets.com\/et\/shop\/classic-neoduummagnet-110-kg-uhekulgne-kalapuugimagnet\/","title":{"rendered":"Klassikaline 110 kg \u00fchesuunaline neod\u00fc\u00fcmmagnet magnetp\u00fc\u00fcgiks"},"content":{"rendered":"Klassikaline 110 magnetp\u00fc\u00fcgimagnet <span style=\"font-weight: 400;\">on \u00fchesuunaline neod\u00fc\u00fcmmagnet magnetp\u00fc\u00fcgiks ja selle maksimaalne t\u00f5mbej\u00f5ud on 110 kg. Soovitame meie klassikalist 110 magnetp\u00fc\u00fcgi neod\u00fc\u00fcmmagnetit lastele v\u00f5i inimestele, kes vajavad magnetit vaid \u00fcks v\u00f5i paar korda, n\u00e4iteks v\u00f5tmete veest k\u00e4tte toomiseks. Neile, kes tahavad magnetp\u00fc\u00fcki t\u00f5siselt harrastada, soovitame v\u00f5imsamat magnetit.<\/span>\n\n<h2>Klassikaline 110 magnetp\u00fc\u00fcgimagnet 110 kg<\/h2>\n\n<span style=\"font-weight: 400;\">Otsite v\u00e4ikest magnetp\u00fc\u00fcgimagnetit oma lapsele v\u00f5i kukkus teile midagi vette, mida vajate tagasi? Klassikaline 110 magnetp\u00fc\u00fcgimagnet on parim valik! 110 kg k\u00f5lab nagu suur t\u00f5mbej\u00f5ud, kuid t\u00e4it t\u00f5mbej\u00f5udu j\u00f5uab vaid ideaaltingimustes: sile metallpind paksusega 2 cm, ilma roosteta ja ilma vahekihita magneti ja metalli vahel. Nendel tingimustel saate t\u00f5mmata 110 kg otse \u00fcles.<\/span>\n\n<span style=\"font-weight: 400;\">Eelk\u00f5ige saab selle magnetiga k\u00e4tte m\u00fcnte, v\u00f5tmeid ja v\u00e4ikseid aardeid. Raskemaid objekte sellest magnetist v\u00e4lja ei saa. Usume, et 110 kg on liiga v\u00e4he, et t\u00f5siselt magnetp\u00fc\u00fcki harrastada. Klassikalise 110 plussiks on soodne hind ja v\u00f5imalus lastel proovida, kas magnetp\u00fc\u00fck on nende jaoks meelep\u00e4rane hobi. Kui soovite magnetp\u00fc\u00fcki harrastada ilma pinnase aardeid kaotamata, soovitame \u00fchte meie v\u00f5imsamatest magnetitest.<\/span>\n\nSoovite magnetp\u00fc\u00fcki t\u00f5siselt v\u00f5tta? Soovitame meie tugevamaid magneteid. <a href=\"https:\/\/magnetarmagnets.com\/shop\/classic-fishing-magnet-660lb-300kg\">Classic 300<\/a> ja k\u00f5iksuunalised 360\u00b0 magnetid <a href=\"https:\/\/magnetarmagnets.com\/shop\/easy-magnet\">Easy<\/a> ja <a href=\"https:\/\/magnetarmagnets.com\/shop\/hardcore-magnet-2\">Hardcore<\/a> on suurep\u00e4rased valikud algajale magnetp\u00fc\u00fcdjale, kes soovib tabada mitmesuguseid esemeid.","protected":false},"excerpt":{"rendered":"<p><span style=\"font-weight: 400;\"><strong>Ohutu lastele<\/strong>, v\u00e4ltimatu veespordi harrastajatele, et <strong>tuua pinnale kaotatud esemeid<\/strong>.<\/span><\/p>\n","protected":false},"featured_media":70481,"comment_status":"open","ping_status":"closed","template":"","meta":{"_acf_changed":false,"inline_featured_image":false},"product_brand":[],"product_cat":[415,493,499],"product_tag":[],"class_list":{"0":"post-81566","1":"product","2":"type-product","3":"status-publish","4":"has-post-thumbnail","6":"product_cat-algajatele-ja-lastele","7":"product_cat-otsingumagnetid","8":"product_cat-uhepoolse-tombega-otsingumagneti","10":"first","11":"instock","12":"sale","13":"taxable","14":"shipping-taxable","15":"purchasable","16":"product-type-simple"},"acf":[],"yoast_head":"<!-- This site is optimized with the Yoast SEO plugin v27.4 - https:\/\/yoast.com\/product\/yoast-seo-wordpress\/ -->\n<title>Magnetp\u00fc\u00fcgimagnet lastele - 110 kg erimudel<\/title>\n<meta name=\"description\" content=\"Magnetp\u00fc\u00fcgimagnet lastele - 110 kg - Magnetar\" \/>\n<meta name=\"robots\" content=\"index, follow, max-snippet:-1, max-image-preview:large, max-video-preview:-1\" \/>\n<link rel=\"canonical\" href=\"https:\/\/magnetarmagnets.com\/et\/shop\/classic-neoduummagnet-110-kg-uhekulgne-kalapuugimagnet\/\" \/>\n<meta property=\"og:locale\" content=\"et_EE\" \/>\n<meta property=\"og:type\" content=\"article\" \/>\n<meta property=\"og:title\" content=\"Magnetp\u00fc\u00fcgimagnet lastele - 110 kg erimudel\" \/>\n<meta property=\"og:description\" content=\"Magnetp\u00fc\u00fcgimagnet lastele - 110 kg - Magnetar\" \/>\n<meta property=\"og:url\" content=\"https:\/\/magnetarmagnets.com\/et\/shop\/classic-neoduummagnet-110-kg-uhekulgne-kalapuugimagnet\/\" \/>\n<meta property=\"og:site_name\" content=\"Magnet fishing with a Magnetar fishing magnet\" \/>\n<meta property=\"article:publisher\" content=\"https:\/\/www.facebook.com\/fishingmagnets\/\" \/>\n<meta property=\"article:modified_time\" content=\"2026-04-16T22:29:05+00:00\" \/>\n<meta property=\"og:image\" content=\"https:\/\/magnetarmagnets.com\/wp-content\/uploads\/2018\/02\/FOTO1499-1.jpg\" \/>\n\t<meta property=\"og:image:width\" content=\"1000\" \/>\n\t<meta property=\"og:image:height\" content=\"1000\" \/>\n\t<meta property=\"og:image:type\" content=\"image\/jpeg\" \/>\n<meta name=\"twitter:card\" content=\"summary_large_image\" \/>\n<meta name=\"twitter:label1\" content=\"Est. reading time\" \/>\n\t<meta name=\"twitter:data1\" content=\"3 minutit\" \/>\n<script type=\"application\/ld+json\" class=\"yoast-schema-graph\">{\"@context\":\"https:\\\/\\\/schema.org\",\"@graph\":[{\"@type\":[\"WebPage\",\"ItemPage\"],\"@id\":\"https:\\\/\\\/magnetarmagnets.com\\\/et\\\/shop\\\/classic-neoduummagnet-110-kg-uhekulgne-kalapuugimagnet\\\/\",\"url\":\"https:\\\/\\\/magnetarmagnets.com\\\/et\\\/shop\\\/classic-neoduummagnet-110-kg-uhekulgne-kalapuugimagnet\\\/\",\"name\":\"Magnetp\u00fc\u00fcgimagnet lastele - 110 kg erimudel\",\"isPartOf\":{\"@id\":\"https:\\\/\\\/magnetarmagnets.com\\\/et\\\/#website\"},\"primaryImageOfPage\":{\"@id\":\"https:\\\/\\\/magnetarmagnets.com\\\/et\\\/shop\\\/classic-neoduummagnet-110-kg-uhekulgne-kalapuugimagnet\\\/#primaryimage\"},\"image\":{\"@id\":\"https:\\\/\\\/magnetarmagnets.com\\\/et\\\/shop\\\/classic-neoduummagnet-110-kg-uhekulgne-kalapuugimagnet\\\/#primaryimage\"},\"thumbnailUrl\":\"https:\\\/\\\/magnetarmagnets.com\\\/wp-content\\\/uploads\\\/2018\\\/02\\\/FOTO1499-1.jpg\",\"datePublished\":\"2025-06-05T07:54:40+00:00\",\"dateModified\":\"2026-04-16T22:29:05+00:00\",\"description\":\"Magnetp\u00fc\u00fcgimagnet lastele - 110 kg - Magnetar\",\"breadcrumb\":{\"@id\":\"https:\\\/\\\/magnetarmagnets.com\\\/et\\\/shop\\\/classic-neoduummagnet-110-kg-uhekulgne-kalapuugimagnet\\\/#breadcrumb\"},\"inLanguage\":\"et\",\"potentialAction\":[{\"@type\":\"ReadAction\",\"target\":[\"https:\\\/\\\/magnetarmagnets.com\\\/et\\\/shop\\\/classic-neoduummagnet-110-kg-uhekulgne-kalapuugimagnet\\\/\"]}]},{\"@type\":\"ImageObject\",\"inLanguage\":\"et\",\"@id\":\"https:\\\/\\\/magnetarmagnets.com\\\/et\\\/shop\\\/classic-neoduummagnet-110-kg-uhekulgne-kalapuugimagnet\\\/#primaryimage\",\"url\":\"https:\\\/\\\/magnetarmagnets.com\\\/wp-content\\\/uploads\\\/2018\\\/02\\\/FOTO1499-1.jpg\",\"contentUrl\":\"https:\\\/\\\/magnetarmagnets.com\\\/wp-content\\\/uploads\\\/2018\\\/02\\\/FOTO1499-1.jpg\",\"width\":1000,\"height\":1000,\"caption\":\"Classic 80\"},{\"@type\":\"BreadcrumbList\",\"@id\":\"https:\\\/\\\/magnetarmagnets.com\\\/et\\\/shop\\\/classic-neoduummagnet-110-kg-uhekulgne-kalapuugimagnet\\\/#breadcrumb\",\"itemListElement\":[{\"@type\":\"ListItem\",\"position\":1,\"name\":\"Home\",\"item\":\"https:\\\/\\\/magnetarmagnets.com\\\/et\\\/\"},{\"@type\":\"ListItem\",\"position\":2,\"name\":\"pood\",\"item\":\"https:\\\/\\\/magnetarmagnets.com\\\/et\\\/pood\\\/\"},{\"@type\":\"ListItem\",\"position\":3,\"name\":\"Algajatele ja lastele\",\"item\":\"https:\\\/\\\/magnetarmagnets.com\\\/et\\\/collections\\\/algajatele-ja-lastele\\\/\"},{\"@type\":\"ListItem\",\"position\":4,\"name\":\"Klassikaline 110 kg \u00fchesuunaline neod\u00fc\u00fcmmagnet magnetp\u00fc\u00fcgiks\"}]},{\"@type\":\"WebSite\",\"@id\":\"https:\\\/\\\/magnetarmagnets.com\\\/et\\\/#website\",\"url\":\"https:\\\/\\\/magnetarmagnets.com\\\/et\\\/\",\"name\":\"Magnet fishing with a Magnetar fishing magnet\",\"description\":\"Tugevad magnetid magnetp\u00fc\u00fcgiks\",\"publisher\":{\"@id\":\"https:\\\/\\\/magnetarmagnets.com\\\/et\\\/#organization\"},\"potentialAction\":[{\"@type\":\"SearchAction\",\"target\":{\"@type\":\"EntryPoint\",\"urlTemplate\":\"https:\\\/\\\/magnetarmagnets.com\\\/et\\\/?s={search_term_string}\"},\"query-input\":{\"@type\":\"PropertyValueSpecification\",\"valueRequired\":true,\"valueName\":\"search_term_string\"}}],\"inLanguage\":\"et\"},{\"@type\":\"Organization\",\"@id\":\"https:\\\/\\\/magnetarmagnets.com\\\/et\\\/#organization\",\"name\":\"Magnetar\",\"url\":\"https:\\\/\\\/magnetarmagnets.com\\\/et\\\/\",\"logo\":{\"@type\":\"ImageObject\",\"inLanguage\":\"et\",\"@id\":\"https:\\\/\\\/magnetarmagnets.com\\\/et\\\/#\\\/schema\\\/logo\\\/image\\\/\",\"url\":\"https:\\\/\\\/magnetarmagnets.com\\\/wp-content\\\/uploads\\\/2025\\\/05\\\/Logo-03_PNG-Black-scaled.png\",\"contentUrl\":\"https:\\\/\\\/magnetarmagnets.com\\\/wp-content\\\/uploads\\\/2025\\\/05\\\/Logo-03_PNG-Black-scaled.png\",\"width\":2560,\"height\":1658,\"caption\":\"Magnetar\"},\"image\":{\"@id\":\"https:\\\/\\\/magnetarmagnets.com\\\/et\\\/#\\\/schema\\\/logo\\\/image\\\/\"},\"sameAs\":[\"https:\\\/\\\/www.facebook.com\\\/fishingmagnets\\\/\",\"https:\\\/\\\/www.instagram.com\\\/magnetar_magnets\\\/\",\"https:\\\/\\\/www.linkedin.com\\\/company\\\/magnetarbv\\\/?originalSubdomain=nl\",\"https:\\\/\\\/www.youtube.com\\\/c\\\/MagnetarVismagneet\"]}]}<\/script>\n<!-- \/ Yoast SEO plugin. -->","yoast_head_json":{"title":"Magnetp\u00fc\u00fcgimagnet lastele - 110 kg erimudel","description":"Magnetp\u00fc\u00fcgimagnet lastele - 110 kg - Magnetar","robots":{"index":"index","follow":"follow","max-snippet":"max-snippet:-1","max-image-preview":"max-image-preview:large","max-video-preview":"max-video-preview:-1"},"canonical":"https:\/\/magnetarmagnets.com\/et\/shop\/classic-neoduummagnet-110-kg-uhekulgne-kalapuugimagnet\/","og_locale":"et_EE","og_type":"article","og_title":"Magnetp\u00fc\u00fcgimagnet lastele - 110 kg erimudel","og_description":"Magnetp\u00fc\u00fcgimagnet lastele - 110 kg - Magnetar","og_url":"https:\/\/magnetarmagnets.com\/et\/shop\/classic-neoduummagnet-110-kg-uhekulgne-kalapuugimagnet\/","og_site_name":"Magnet fishing with a Magnetar fishing magnet","article_publisher":"https:\/\/www.facebook.com\/fishingmagnets\/","article_modified_time":"2026-04-16T22:29:05+00:00","og_image":[{"width":1000,"height":1000,"url":"https:\/\/magnetarmagnets.com\/wp-content\/uploads\/2018\/02\/FOTO1499-1.jpg","type":"image\/jpeg"}],"twitter_card":"summary_large_image","twitter_misc":{"Est. reading time":"3 minutit"},"schema":{"@context":"https:\/\/schema.org","@graph":[{"@type":["WebPage","ItemPage"],"@id":"https:\/\/magnetarmagnets.com\/et\/shop\/classic-neoduummagnet-110-kg-uhekulgne-kalapuugimagnet\/","url":"https:\/\/magnetarmagnets.com\/et\/shop\/classic-neoduummagnet-110-kg-uhekulgne-kalapuugimagnet\/","name":"Magnetp\u00fc\u00fcgimagnet lastele - 110 kg erimudel","isPartOf":{"@id":"https:\/\/magnetarmagnets.com\/et\/#website"},"primaryImageOfPage":{"@id":"https:\/\/magnetarmagnets.com\/et\/shop\/classic-neoduummagnet-110-kg-uhekulgne-kalapuugimagnet\/#primaryimage"},"image":{"@id":"https:\/\/magnetarmagnets.com\/et\/shop\/classic-neoduummagnet-110-kg-uhekulgne-kalapuugimagnet\/#primaryimage"},"thumbnailUrl":"https:\/\/magnetarmagnets.com\/wp-content\/uploads\/2018\/02\/FOTO1499-1.jpg","datePublished":"2025-06-05T07:54:40+00:00","dateModified":"2026-04-16T22:29:05+00:00","description":"Magnetp\u00fc\u00fcgimagnet lastele - 110 kg - Magnetar","breadcrumb":{"@id":"https:\/\/magnetarmagnets.com\/et\/shop\/classic-neoduummagnet-110-kg-uhekulgne-kalapuugimagnet\/#breadcrumb"},"inLanguage":"et","potentialAction":[{"@type":"ReadAction","target":["https:\/\/magnetarmagnets.com\/et\/shop\/classic-neoduummagnet-110-kg-uhekulgne-kalapuugimagnet\/"]}]},{"@type":"ImageObject","inLanguage":"et","@id":"https:\/\/magnetarmagnets.com\/et\/shop\/classic-neoduummagnet-110-kg-uhekulgne-kalapuugimagnet\/#primaryimage","url":"https:\/\/magnetarmagnets.com\/wp-content\/uploads\/2018\/02\/FOTO1499-1.jpg","contentUrl":"https:\/\/magnetarmagnets.com\/wp-content\/uploads\/2018\/02\/FOTO1499-1.jpg","width":1000,"height":1000,"caption":"Classic 80"},{"@type":"BreadcrumbList","@id":"https:\/\/magnetarmagnets.com\/et\/shop\/classic-neoduummagnet-110-kg-uhekulgne-kalapuugimagnet\/#breadcrumb","itemListElement":[{"@type":"ListItem","position":1,"name":"Home","item":"https:\/\/magnetarmagnets.com\/et\/"},{"@type":"ListItem","position":2,"name":"pood","item":"https:\/\/magnetarmagnets.com\/et\/pood\/"},{"@type":"ListItem","position":3,"name":"Algajatele ja lastele","item":"https:\/\/magnetarmagnets.com\/et\/collections\/algajatele-ja-lastele\/"},{"@type":"ListItem","position":4,"name":"Klassikaline 110 kg \u00fchesuunaline neod\u00fc\u00fcmmagnet magnetp\u00fc\u00fcgiks"}]},{"@type":"WebSite","@id":"https:\/\/magnetarmagnets.com\/et\/#website","url":"https:\/\/magnetarmagnets.com\/et\/","name":"Magnet fishing with a Magnetar fishing magnet","description":"Tugevad magnetid magnetp\u00fc\u00fcgiks","publisher":{"@id":"https:\/\/magnetarmagnets.com\/et\/#organization"},"potentialAction":[{"@type":"SearchAction","target":{"@type":"EntryPoint","urlTemplate":"https:\/\/magnetarmagnets.com\/et\/?s={search_term_string}"},"query-input":{"@type":"PropertyValueSpecification","valueRequired":true,"valueName":"search_term_string"}}],"inLanguage":"et"},{"@type":"Organization","@id":"https:\/\/magnetarmagnets.com\/et\/#organization","name":"Magnetar","url":"https:\/\/magnetarmagnets.com\/et\/","logo":{"@type":"ImageObject","inLanguage":"et","@id":"https:\/\/magnetarmagnets.com\/et\/#\/schema\/logo\/image\/","url":"https:\/\/magnetarmagnets.com\/wp-content\/uploads\/2025\/05\/Logo-03_PNG-Black-scaled.png","contentUrl":"https:\/\/magnetarmagnets.com\/wp-content\/uploads\/2025\/05\/Logo-03_PNG-Black-scaled.png","width":2560,"height":1658,"caption":"Magnetar"},"image":{"@id":"https:\/\/magnetarmagnets.com\/et\/#\/schema\/logo\/image\/"},"sameAs":["https:\/\/www.facebook.com\/fishingmagnets\/","https:\/\/www.instagram.com\/magnetar_magnets\/","https:\/\/www.linkedin.com\/company\/magnetarbv\/?originalSubdomain=nl","https:\/\/www.youtube.com\/c\/MagnetarVismagneet"]}]}},"_links":{"self":[{"href":"https:\/\/magnetarmagnets.com\/et\/wp-json\/wp\/v2\/product\/81566","targetHints":{"allow":["GET"]}}],"collection":[{"href":"https:\/\/magnetarmagnets.com\/et\/wp-json\/wp\/v2\/product"}],"about":[{"href":"https:\/\/magnetarmagnets.com\/et\/wp-json\/wp\/v2\/types\/product"}],"replies":[{"embeddable":true,"href":"https:\/\/magnetarmagnets.com\/et\/wp-json\/wp\/v2\/comments?post=81566"}],"version-history":[{"count":1,"href":"https:\/\/magnetarmagnets.com\/et\/wp-json\/wp\/v2\/product\/81566\/revisions"}],"predecessor-version":[{"id":95670,"href":"https:\/\/magnetarmagnets.com\/et\/wp-json\/wp\/v2\/product\/81566\/revisions\/95670"}],"wp:featuredmedia":[{"embeddable":true,"href":"https:\/\/magnetarmagnets.com\/et\/wp-json\/wp\/v2\/media\/70481"}],"wp:attachment":[{"href":"https:\/\/magnetarmagnets.com\/et\/wp-json\/wp\/v2\/media?parent=81566"}],"wp:term":[{"taxonomy":"product_brand","embeddable":true,"href":"https:\/\/magnetarmagnets.com\/et\/wp-json\/wp\/v2\/product_brand?post=81566"},{"taxonomy":"product_cat","embeddable":true,"href":"https:\/\/magnetarmagnets.com\/et\/wp-json\/wp\/v2\/product_cat?post=81566"},{"taxonomy":"product_tag","embeddable":true,"href":"https:\/\/magnetarmagnets.com\/et\/wp-json\/wp\/v2\/product_tag?post=81566"}],"curies":[{"name":"wp","href":"https:\/\/api.w.org\/{rel}","templated":true}]}}