{"id":81565,"date":"2025-06-05T09:54:40","date_gmt":"2025-06-05T07:54:40","guid":{"rendered":"https:\/\/magnetarmagnets.com\/?post_type=product&#038;p=81565"},"modified":"2026-04-03T18:59:02","modified_gmt":"2026-04-03T16:59:02","slug":"kalapuugimagneti-karp","status":"publish","type":"product","link":"https:\/\/magnetarmagnets.com\/et\/shop\/kalapuugimagneti-karp\/","title":{"rendered":"Magnetp\u00fc\u00fcgimagnetite karp"},"content":{"rendered":"<div>Selles luksuslikus magnetp\u00fc\u00fcgimagnetite karbis saad oma magnetid kergesti transportida. Nii m\u00f5jutavad l\u00f5hnad sind v\u00e4hem, su <a href=\"https:\/\/magnetarmagnets.com\/\" target=\"_blank\" rel=\"noopener\">magnetp\u00fc\u00fcgimagnetid<\/a> on h\u00e4sti kaitstud ja saad oma magnetid h\u00f5lpsasti viia uude magnetp\u00fc\u00fcgikohta. See karp t\u00f5stab sinu magnetp\u00fc\u00fcgir\u00f5\u00f5mu ja on iga magnetp\u00fc\u00fcgihuvilise jaoks asendamatu!<\/div>","protected":false},"excerpt":{"rendered":"<p><span style=\"font-weight: 400;\">V\u00f5ta oma magnetid mugavalt kaasa k\u00f5ikjale, kuhu l\u00e4hed. Nii ei pea muretsema l\u00f5hnade p\u00e4rast ja sinu magnetid on <strong>h\u00e4sti kaitstud<\/strong>.<\/span><\/p>\n<p>Sobib:<\/p>\n<p><strong><a href=\"https:\/\/magnetarmagnets.com\/shop\/magnet-fishing-rope\/\">N\u00f6\u00f6r<\/a>:<\/strong> 6&nbsp;mm (1\/4&#8221;) ja 8&nbsp;mm (1\/3&#8221;)<\/p>\n<p><strong><a href=\"https:\/\/magnetarmagnets.com\/shop\/magnet-fishing-glove\/\">Kindad<\/a>:<\/strong> K\u00f5ik Magnetar kindad<\/p>\n<p><strong><a href=\"https:\/\/magnetarmagnets.com\/collections\/fishing-magnets\/single-sided-classic\/\">\u00dchepoolsed magnetid<\/a>:<\/strong> Classic&nbsp;110, Classic&nbsp;200 ja Classic&nbsp;300<\/p>\n<p><strong><a href=\"https:\/\/magnetarmagnets.com\/collections\/fishing-magnets\/allround-magnets-360\/\">Allround 360\u00b0 magnetid<\/a>:<\/strong> Easy, Hardcore, Terror<\/p>\n<p><strong><a href=\"https:\/\/magnetarmagnets.com\/double-sided-fishing-magnet\/\">Kahepoolsed magnetid<\/a>:<\/strong> Bulldog&nbsp;500<\/p>\n","protected":false},"featured_media":70397,"comment_status":"open","ping_status":"closed","template":"","meta":{"_acf_changed":false,"inline_featured_image":false},"product_brand":[],"product_cat":[1002,419,500,422],"product_tag":[],"class_list":{"0":"post-81565","1":"product","2":"type-product","3":"status-publish","4":"has-post-thumbnail","6":"product_cat-koik-tooted","7":"product_cat-merchandise-et","8":"product_cat-otsingumagneti-varustus","9":"product_cat-varustus","11":"first","12":"instock","13":"taxable","14":"shipping-taxable","15":"purchasable","16":"product-type-simple"},"acf":[],"yoast_head":"<!-- This site is optimized with the Yoast SEO plugin v27.4 - https:\/\/yoast.com\/product\/yoast-seo-wordpress\/ -->\n<title>Magnetp\u00fc\u00fcgimagnetite karp - Magnet fishing with a Magnetar fishing magnet<\/title>\n<meta name=\"description\" content=\"Magnetp\u00fc\u00fcgimagnetite karp \u2013 hoiusta ja kaitse koos Magnetariga\" \/>\n<meta name=\"robots\" content=\"index, follow, max-snippet:-1, max-image-preview:large, max-video-preview:-1\" \/>\n<link rel=\"canonical\" href=\"https:\/\/magnetarmagnets.com\/et\/shop\/kalapuugimagneti-karp\/\" \/>\n<meta property=\"og:locale\" content=\"et_EE\" \/>\n<meta property=\"og:type\" content=\"article\" \/>\n<meta property=\"og:title\" content=\"Magnetp\u00fc\u00fcgimagnetite karp - Magnet fishing with a Magnetar fishing magnet\" \/>\n<meta property=\"og:description\" content=\"Magnetp\u00fc\u00fcgimagnetite karp \u2013 hoiusta ja kaitse koos Magnetariga\" \/>\n<meta property=\"og:url\" content=\"https:\/\/magnetarmagnets.com\/et\/shop\/kalapuugimagneti-karp\/\" \/>\n<meta property=\"og:site_name\" content=\"Magnet fishing with a Magnetar fishing magnet\" \/>\n<meta property=\"article:publisher\" content=\"https:\/\/www.facebook.com\/fishingmagnets\/\" \/>\n<meta property=\"article:modified_time\" content=\"2026-04-03T16:59:02+00:00\" \/>\n<meta property=\"og:image\" content=\"https:\/\/magnetarmagnets.com\/wp-content\/uploads\/2019\/07\/vismagneet-koffer.jpg\" \/>\n\t<meta property=\"og:image:width\" content=\"1000\" \/>\n\t<meta property=\"og:image:height\" content=\"1000\" \/>\n\t<meta property=\"og:image:type\" content=\"image\/jpeg\" \/>\n<meta name=\"twitter:card\" content=\"summary_large_image\" \/>\n<meta name=\"twitter:label1\" content=\"Est. reading time\" \/>\n\t<meta name=\"twitter:data1\" content=\"1 minut\" \/>\n<script type=\"application\/ld+json\" class=\"yoast-schema-graph\">{\"@context\":\"https:\\\/\\\/schema.org\",\"@graph\":[{\"@type\":[\"WebPage\",\"ItemPage\"],\"@id\":\"https:\\\/\\\/magnetarmagnets.com\\\/et\\\/shop\\\/kalapuugimagneti-karp\\\/\",\"url\":\"https:\\\/\\\/magnetarmagnets.com\\\/et\\\/shop\\\/kalapuugimagneti-karp\\\/\",\"name\":\"Magnetp\u00fc\u00fcgimagnetite karp - Magnet fishing with a Magnetar fishing magnet\",\"isPartOf\":{\"@id\":\"https:\\\/\\\/magnetarmagnets.com\\\/et\\\/#website\"},\"primaryImageOfPage\":{\"@id\":\"https:\\\/\\\/magnetarmagnets.com\\\/et\\\/shop\\\/kalapuugimagneti-karp\\\/#primaryimage\"},\"image\":{\"@id\":\"https:\\\/\\\/magnetarmagnets.com\\\/et\\\/shop\\\/kalapuugimagneti-karp\\\/#primaryimage\"},\"thumbnailUrl\":\"https:\\\/\\\/magnetarmagnets.com\\\/wp-content\\\/uploads\\\/2019\\\/07\\\/vismagneet-koffer.jpg\",\"datePublished\":\"2025-06-05T07:54:40+00:00\",\"dateModified\":\"2026-04-03T16:59:02+00:00\",\"description\":\"Magnetp\u00fc\u00fcgimagnetite karp \u2013 hoiusta ja kaitse koos Magnetariga\",\"breadcrumb\":{\"@id\":\"https:\\\/\\\/magnetarmagnets.com\\\/et\\\/shop\\\/kalapuugimagneti-karp\\\/#breadcrumb\"},\"inLanguage\":\"et\",\"potentialAction\":[{\"@type\":\"ReadAction\",\"target\":[\"https:\\\/\\\/magnetarmagnets.com\\\/et\\\/shop\\\/kalapuugimagneti-karp\\\/\"]}]},{\"@type\":\"ImageObject\",\"inLanguage\":\"et\",\"@id\":\"https:\\\/\\\/magnetarmagnets.com\\\/et\\\/shop\\\/kalapuugimagneti-karp\\\/#primaryimage\",\"url\":\"https:\\\/\\\/magnetarmagnets.com\\\/wp-content\\\/uploads\\\/2019\\\/07\\\/vismagneet-koffer.jpg\",\"contentUrl\":\"https:\\\/\\\/magnetarmagnets.com\\\/wp-content\\\/uploads\\\/2019\\\/07\\\/vismagneet-koffer.jpg\",\"width\":1000,\"height\":1000,\"caption\":\"vismagneet koffer\"},{\"@type\":\"BreadcrumbList\",\"@id\":\"https:\\\/\\\/magnetarmagnets.com\\\/et\\\/shop\\\/kalapuugimagneti-karp\\\/#breadcrumb\",\"itemListElement\":[{\"@type\":\"ListItem\",\"position\":1,\"name\":\"Home\",\"item\":\"https:\\\/\\\/magnetarmagnets.com\\\/et\\\/\"},{\"@type\":\"ListItem\",\"position\":2,\"name\":\"pood\",\"item\":\"https:\\\/\\\/magnetarmagnets.com\\\/et\\\/pood\\\/\"},{\"@type\":\"ListItem\",\"position\":3,\"name\":\"Varustus\",\"item\":\"https:\\\/\\\/magnetarmagnets.com\\\/et\\\/collections\\\/varustus\\\/\"},{\"@type\":\"ListItem\",\"position\":4,\"name\":\"Merchandise\",\"item\":\"https:\\\/\\\/magnetarmagnets.com\\\/et\\\/collections\\\/varustus\\\/merchandise-et\\\/\"},{\"@type\":\"ListItem\",\"position\":5,\"name\":\"Magnetp\u00fc\u00fcgimagnetite karp\"}]},{\"@type\":\"WebSite\",\"@id\":\"https:\\\/\\\/magnetarmagnets.com\\\/et\\\/#website\",\"url\":\"https:\\\/\\\/magnetarmagnets.com\\\/et\\\/\",\"name\":\"Magnet fishing with a Magnetar fishing magnet\",\"description\":\"Tugevad magnetid magnetp\u00fc\u00fcgiks\",\"publisher\":{\"@id\":\"https:\\\/\\\/magnetarmagnets.com\\\/et\\\/#organization\"},\"potentialAction\":[{\"@type\":\"SearchAction\",\"target\":{\"@type\":\"EntryPoint\",\"urlTemplate\":\"https:\\\/\\\/magnetarmagnets.com\\\/et\\\/?s={search_term_string}\"},\"query-input\":{\"@type\":\"PropertyValueSpecification\",\"valueRequired\":true,\"valueName\":\"search_term_string\"}}],\"inLanguage\":\"et\"},{\"@type\":\"Organization\",\"@id\":\"https:\\\/\\\/magnetarmagnets.com\\\/et\\\/#organization\",\"name\":\"Magnetar\",\"url\":\"https:\\\/\\\/magnetarmagnets.com\\\/et\\\/\",\"logo\":{\"@type\":\"ImageObject\",\"inLanguage\":\"et\",\"@id\":\"https:\\\/\\\/magnetarmagnets.com\\\/et\\\/#\\\/schema\\\/logo\\\/image\\\/\",\"url\":\"https:\\\/\\\/magnetarmagnets.com\\\/wp-content\\\/uploads\\\/2025\\\/05\\\/Logo-03_PNG-Black-scaled.png\",\"contentUrl\":\"https:\\\/\\\/magnetarmagnets.com\\\/wp-content\\\/uploads\\\/2025\\\/05\\\/Logo-03_PNG-Black-scaled.png\",\"width\":2560,\"height\":1658,\"caption\":\"Magnetar\"},\"image\":{\"@id\":\"https:\\\/\\\/magnetarmagnets.com\\\/et\\\/#\\\/schema\\\/logo\\\/image\\\/\"},\"sameAs\":[\"https:\\\/\\\/www.facebook.com\\\/fishingmagnets\\\/\",\"https:\\\/\\\/www.instagram.com\\\/magnetar_magnets\\\/\",\"https:\\\/\\\/www.linkedin.com\\\/company\\\/magnetarbv\\\/?originalSubdomain=nl\",\"https:\\\/\\\/www.youtube.com\\\/c\\\/MagnetarVismagneet\"]}]}<\/script>\n<!-- \/ Yoast SEO plugin. -->","yoast_head_json":{"title":"Magnetp\u00fc\u00fcgimagnetite karp - Magnet fishing with a Magnetar fishing magnet","description":"Magnetp\u00fc\u00fcgimagnetite karp \u2013 hoiusta ja kaitse koos Magnetariga","robots":{"index":"index","follow":"follow","max-snippet":"max-snippet:-1","max-image-preview":"max-image-preview:large","max-video-preview":"max-video-preview:-1"},"canonical":"https:\/\/magnetarmagnets.com\/et\/shop\/kalapuugimagneti-karp\/","og_locale":"et_EE","og_type":"article","og_title":"Magnetp\u00fc\u00fcgimagnetite karp - Magnet fishing with a Magnetar fishing magnet","og_description":"Magnetp\u00fc\u00fcgimagnetite karp \u2013 hoiusta ja kaitse koos Magnetariga","og_url":"https:\/\/magnetarmagnets.com\/et\/shop\/kalapuugimagneti-karp\/","og_site_name":"Magnet fishing with a Magnetar fishing magnet","article_publisher":"https:\/\/www.facebook.com\/fishingmagnets\/","article_modified_time":"2026-04-03T16:59:02+00:00","og_image":[{"width":1000,"height":1000,"url":"https:\/\/magnetarmagnets.com\/wp-content\/uploads\/2019\/07\/vismagneet-koffer.jpg","type":"image\/jpeg"}],"twitter_card":"summary_large_image","twitter_misc":{"Est. reading time":"1 minut"},"schema":{"@context":"https:\/\/schema.org","@graph":[{"@type":["WebPage","ItemPage"],"@id":"https:\/\/magnetarmagnets.com\/et\/shop\/kalapuugimagneti-karp\/","url":"https:\/\/magnetarmagnets.com\/et\/shop\/kalapuugimagneti-karp\/","name":"Magnetp\u00fc\u00fcgimagnetite karp - Magnet fishing with a Magnetar fishing magnet","isPartOf":{"@id":"https:\/\/magnetarmagnets.com\/et\/#website"},"primaryImageOfPage":{"@id":"https:\/\/magnetarmagnets.com\/et\/shop\/kalapuugimagneti-karp\/#primaryimage"},"image":{"@id":"https:\/\/magnetarmagnets.com\/et\/shop\/kalapuugimagneti-karp\/#primaryimage"},"thumbnailUrl":"https:\/\/magnetarmagnets.com\/wp-content\/uploads\/2019\/07\/vismagneet-koffer.jpg","datePublished":"2025-06-05T07:54:40+00:00","dateModified":"2026-04-03T16:59:02+00:00","description":"Magnetp\u00fc\u00fcgimagnetite karp \u2013 hoiusta ja kaitse koos Magnetariga","breadcrumb":{"@id":"https:\/\/magnetarmagnets.com\/et\/shop\/kalapuugimagneti-karp\/#breadcrumb"},"inLanguage":"et","potentialAction":[{"@type":"ReadAction","target":["https:\/\/magnetarmagnets.com\/et\/shop\/kalapuugimagneti-karp\/"]}]},{"@type":"ImageObject","inLanguage":"et","@id":"https:\/\/magnetarmagnets.com\/et\/shop\/kalapuugimagneti-karp\/#primaryimage","url":"https:\/\/magnetarmagnets.com\/wp-content\/uploads\/2019\/07\/vismagneet-koffer.jpg","contentUrl":"https:\/\/magnetarmagnets.com\/wp-content\/uploads\/2019\/07\/vismagneet-koffer.jpg","width":1000,"height":1000,"caption":"vismagneet koffer"},{"@type":"BreadcrumbList","@id":"https:\/\/magnetarmagnets.com\/et\/shop\/kalapuugimagneti-karp\/#breadcrumb","itemListElement":[{"@type":"ListItem","position":1,"name":"Home","item":"https:\/\/magnetarmagnets.com\/et\/"},{"@type":"ListItem","position":2,"name":"pood","item":"https:\/\/magnetarmagnets.com\/et\/pood\/"},{"@type":"ListItem","position":3,"name":"Varustus","item":"https:\/\/magnetarmagnets.com\/et\/collections\/varustus\/"},{"@type":"ListItem","position":4,"name":"Merchandise","item":"https:\/\/magnetarmagnets.com\/et\/collections\/varustus\/merchandise-et\/"},{"@type":"ListItem","position":5,"name":"Magnetp\u00fc\u00fcgimagnetite karp"}]},{"@type":"WebSite","@id":"https:\/\/magnetarmagnets.com\/et\/#website","url":"https:\/\/magnetarmagnets.com\/et\/","name":"Magnet fishing with a Magnetar fishing magnet","description":"Tugevad magnetid magnetp\u00fc\u00fcgiks","publisher":{"@id":"https:\/\/magnetarmagnets.com\/et\/#organization"},"potentialAction":[{"@type":"SearchAction","target":{"@type":"EntryPoint","urlTemplate":"https:\/\/magnetarmagnets.com\/et\/?s={search_term_string}"},"query-input":{"@type":"PropertyValueSpecification","valueRequired":true,"valueName":"search_term_string"}}],"inLanguage":"et"},{"@type":"Organization","@id":"https:\/\/magnetarmagnets.com\/et\/#organization","name":"Magnetar","url":"https:\/\/magnetarmagnets.com\/et\/","logo":{"@type":"ImageObject","inLanguage":"et","@id":"https:\/\/magnetarmagnets.com\/et\/#\/schema\/logo\/image\/","url":"https:\/\/magnetarmagnets.com\/wp-content\/uploads\/2025\/05\/Logo-03_PNG-Black-scaled.png","contentUrl":"https:\/\/magnetarmagnets.com\/wp-content\/uploads\/2025\/05\/Logo-03_PNG-Black-scaled.png","width":2560,"height":1658,"caption":"Magnetar"},"image":{"@id":"https:\/\/magnetarmagnets.com\/et\/#\/schema\/logo\/image\/"},"sameAs":["https:\/\/www.facebook.com\/fishingmagnets\/","https:\/\/www.instagram.com\/magnetar_magnets\/","https:\/\/www.linkedin.com\/company\/magnetarbv\/?originalSubdomain=nl","https:\/\/www.youtube.com\/c\/MagnetarVismagneet"]}]}},"_links":{"self":[{"href":"https:\/\/magnetarmagnets.com\/et\/wp-json\/wp\/v2\/product\/81565","targetHints":{"allow":["GET"]}}],"collection":[{"href":"https:\/\/magnetarmagnets.com\/et\/wp-json\/wp\/v2\/product"}],"about":[{"href":"https:\/\/magnetarmagnets.com\/et\/wp-json\/wp\/v2\/types\/product"}],"replies":[{"embeddable":true,"href":"https:\/\/magnetarmagnets.com\/et\/wp-json\/wp\/v2\/comments?post=81565"}],"version-history":[{"count":0,"href":"https:\/\/magnetarmagnets.com\/et\/wp-json\/wp\/v2\/product\/81565\/revisions"}],"wp:featuredmedia":[{"embeddable":true,"href":"https:\/\/magnetarmagnets.com\/et\/wp-json\/wp\/v2\/media\/70397"}],"wp:attachment":[{"href":"https:\/\/magnetarmagnets.com\/et\/wp-json\/wp\/v2\/media?parent=81565"}],"wp:term":[{"taxonomy":"product_brand","embeddable":true,"href":"https:\/\/magnetarmagnets.com\/et\/wp-json\/wp\/v2\/product_brand?post=81565"},{"taxonomy":"product_cat","embeddable":true,"href":"https:\/\/magnetarmagnets.com\/et\/wp-json\/wp\/v2\/product_cat?post=81565"},{"taxonomy":"product_tag","embeddable":true,"href":"https:\/\/magnetarmagnets.com\/et\/wp-json\/wp\/v2\/product_tag?post=81565"}],"curies":[{"name":"wp","href":"https:\/\/api.w.org\/{rel}","templated":true}]}}