{"id":81564,"date":"2025-06-05T09:54:40","date_gmt":"2025-06-05T07:54:40","guid":{"rendered":"https:\/\/magnetarmagnets.com\/?post_type=product&#038;p=81564"},"modified":"2026-04-09T09:40:06","modified_gmt":"2026-04-09T07:40:06","slug":"easy-magnet-280-kg-tombejoud-360-universaalne-neoduummagnet","status":"publish","type":"product","link":"https:\/\/magnetarmagnets.com\/et\/shop\/easy-magnet-280-kg-tombejoud-360-universaalne-neoduummagnet\/","title":{"rendered":"Easy 360\u00b0 neod\u00fc\u00fcmmagnet \u2013 280 kg universaalne otsingumagnet"},"content":{"rendered":"* Kaitske otsingumagneti p\u00fc\u00fcgitegevuse ajal <a href=\"https:\/\/magnetarmagnets.com\/shop\/protection-cover-easy\/\" target=\"_blank\" rel=\"noopener\"><b>kaitsekattega<\/b><\/a>. Ilma kaitsekatteta v\u00f5ib magnet l\u00f6\u00f6gik\u00f5vade objektidega kokkupuutel kahjustuda. Kate ei kuulu komplekti.\n<h2><b>Easy neod\u00fc\u00fcmmagneti otsingumagnet<\/b><\/h2>\n<span style=\"font-weight: 400;\">Kas otsite oma esimest <a href=\"https:\/\/magnetarmagnets.com\/\" target=\"_blank\" rel=\"noopener\">otsingumagnetit<\/a>, et sellest hobi peale j\u00e4\u00e4da? Easy magnet on teile ideaalne! T\u00e4nu kergele viskekaalule pakub see suurep\u00e4raseid p\u00fc\u00fcgiv\u00f5imalusi soodsa tutvushinnaga. See sobib ideaalselt algajatele magnetp\u00fc\u00fcdjatele, kes tahavad enne v\u00f5imsama magneti ostmist kindlaks teha, kas magnetp\u00fc\u00fck on nende jaoks. Easy magnet sobib m\u00fcntide, raudkingade, kuulide, p\u00fcstolite, nugade ja teiste v\u00e4iksemate esemete leidmiseks.<\/span>\n\n<span style=\"font-weight: 400;\">Easy magnet on universaalne otsingumagnet, mis t\u00f5mbab magnetv\u00e4lja k\u00f5igist k\u00fclgedest ning mille t\u00f5mbej\u00f5ud on 600 lbs (150 lbs \u00d7 4 k\u00fclge). Easy magnet on meie Exclusive-seeria v\u00e4ikseim variant ja sobib magnetp\u00fc\u00fcdjatele, kes soovivad madala hinnaga head saagiv\u00f5imalust. Easy magnet on meie <a href=\"https:\/\/magnetarmagnets.com\/shop\/hardcore-magnet-2\/\" target=\"_blank\" rel=\"noopener\"><span style=\"font-weight: 400;\">Hardcore<\/span><\/a> p\u00fc\u00fcgimagneti v\u00e4iksem vend, kuid on otsingutulemustes sama t\u00f5hus.<\/span>\n<h2><b>Otsite oma esimest 360\u00b0 otsingumagnetit?<\/b><\/h2>\n<span style=\"font-weight: 400;\">Easy magnet on universaalse otsingumagneti v\u00e4ikseim versioon. Selle magneti l\u00f5ime algajatele magnetp\u00fc\u00fcdjatele, kes soovivad j\u00f5uda v\u00f5imsaimasse magnetide valikusse v\u00f5imalikult soodsa hinnaga. Kas soovite tugevamat universaalset otsingumagnetit? Vaadake siis meie Hardcore, Terror v\u00f5i The Beast magneteid. Kui olete magnetp\u00fc\u00fcgil uus, kaaluge <a href=\"https:\/\/magnetarmagnets.com\/collections\/fishing-magnets\/magnet-fishing-kit\/\" target=\"_blank\" rel=\"noopener\">magnetp\u00fc\u00fcgi komplektide<\/a> ostmist.<\/span>\n<h2><b>Magneti areng<\/b><\/h2>\n<span style=\"font-weight: 400;\">Paljud magnetid t\u00f5mbuvad ainult \u00fchelt k\u00fcljelt. See \u00fchesuunaline magnet on klassikaline p\u00fc\u00fcgimagent. Magnetar oli esimene ettev\u00f5te, kes arendas klassikalise magneti kahepoolseks. 2016. aastal l\u00f5ime universaalse 360\u00b0 p\u00fc\u00fcgimagneti. EU magnetp\u00fc\u00fcdjad on meie 100% neod\u00fc\u00fcmmagnetide poole t\u00f5mbunud alates sellest ajast, muutes meid Euroopa suurimaks tarnijaks. Meie magnetid on valmistatud k\u00f5rgeima kvaliteedi, disaini ja hoolega v\u00e4ikese magnetp\u00fc\u00fcgi entusiastide tiimi poolt. Kliendid naasevad meieni, sest teavad, et Magnetarist saavad nad rohkem kui magneti \u2013 nad leiavad aarded.<\/span>\n<h2><b>V\u00f5imas 360\u00b0 t\u00f5mbej\u00f5ud<\/b><\/h2>\n<span style=\"font-weight: 400;\">Easy magnet on \u00fcks tugevamaid magneteid, mida pakume. \u00dchesuunalise magneti t\u00f5mbej\u00f5ud ei v\u00f5rdle puhta neod\u00fc\u00fcmmagneti 360\u00b0 magneti omadustega. \u00dchesuunalise magneti terasest kest m\u00f5jutab j\u00f5udu ja suunab selle \u00fches suunas. See v\u00f5imaldab saavutada k\u00f5rge t\u00f5mbej\u00f5u \u00fchelt k\u00fcljelt, kuid meie eksklusiivne universaalne 360\u00b0 magnet t\u00f5mbab esemeid <em>k\u00f5ikjalt<\/em>, kuna magnetv\u00e4li katab kogu \u00fcmbritseva ala. Lisateabe saamiseks <a href=\"https:\/\/www.youtube.com\/watch?v=2McW3RURDxs\">vaadake meie t\u00f5mbej\u00f5u m\u00f5\u00f5tmist<\/a>.<\/span>\n<h2><b>K\u00f5rge kvaliteet<\/b><\/h2>\n<span style=\"font-weight: 400;\">Meie p\u00fc\u00fcgimagnetid on valmistatud neod\u00fc\u00fcmiumi baasil. Magnetar magnetid s\u00e4ilitavad oma magnetj\u00f5u aastak\u00fcmneid, kaotades vaid 1% iga 100 aasta j\u00e4rel (\u00f5ige hoiustamise, hoolduse ja kaitse korral).<\/span>\n\n<span style=\"font-weight: 400;\">Enamik teisi magnetitarnijaid n\u00e4itab t\u00f5mbej\u00f5u n\u00f5rgenemist juba m\u00f5ne n\u00e4dala p\u00e4rast. Viimastel aastatel on turule tekkinud \u00fcha enam madala kvaliteediga magneteid: suuremad magnetid madalama t\u00f5mbej\u00f5uga, kehva neod\u00fc\u00fcmi ja vale reklaam. Odavama hinna v\u00f5i suure kontserni poolt pakutava magneti ostmisel v\u00f5ite pettuda, isegi kui s\u00e4\u00e4stsite natuke raha.<\/span>\n\n<span style=\"font-weight: 400;\">Magnetar on v\u00e4ike pereettev\u00f5te, mis seab kvaliteedi esikohale. Oleme magnetp\u00fc\u00fcgientusiastide meeskond ja k\u00f5ik meie magnetid on projekteeritud ja valmistatud meie tiimi poolt, et tagada parim saagikus. Kui soovite usaldusv\u00e4\u00e4rset, t\u00f5husat ja v\u00f5imsat p\u00fc\u00fcgimagnetit, olete \u00f5iges kohas. Meie meeskond ootab teie p\u00f6\u00f6rdumist, <a href=\"mailto:info@magnetarmagnets.com\">v\u00f5tke meiega \u00fchendust<\/a>.<\/span>\n<h2><b>Kaitsekate<\/b><\/h2>\n<span style=\"font-weight: 400;\">Kaitsekatted on suurep\u00e4rane lisa neod\u00fc\u00fcmmagnetide kaitsmiseks nende kasutamisel. Need vastupidavad katted on spetsiaalselt loodud t\u00e4pselt magnetile sobima ning pakuvad t\u00e4iendavat kaitsekihi kriimustuste, purunemiste ja muude kahjustuste eest. Meie kaitsekatted on vastupidavad ja taluvad k\u00f5ige raskemaid tingimusi. Kate on valmistatud roostevabast terasest, mis tagab magneti 360\u00b0 magnetv\u00e4lja s\u00e4ilimise. Kaitsekatte abil saate nautida magnetp\u00fc\u00fcki, ilma et peaksite muretsema magneti kahjustamise p\u00e4rast. Kate on saadaval eraldi.<\/span>\n\n<p>(Pange t\u00e4hele, et magneti p\u00f5hja kate ei kaitse.)<\/p>\n<h2><b>Kasutage ettevaatlikult<\/b><\/h2>\n<span style=\"font-weight: 400;\">Meie neod\u00fc\u00fcmmagnetid on v\u00e4ga v\u00f5imsad ja v\u00f5ivad l\u00e4hedalasuvate rauaesemeteni kiiresti t\u00f5mbuda. Tugevamate magnetide, nagu universaalne 360\u00b0, puhul v\u00f5ib teie s\u00f5rmed j\u00e4\u00e4da magneti ja esemete vahele. K\u00e4ituge magnetitega ettevaatlikult ja kasutage neid omal vastutusel. Enne kasutamist lugege alati meie ohutusjuhiseid.<\/span>\n\n<span style=\"font-weight: 400;\">* Lapsed peavad magnetit kasutama t\u00e4iskasvanu j\u00e4relevalve all.<\/span>","protected":false},"excerpt":{"rendered":"<p><span style=\"font-weight: 400;\">Revolutsiooniline 360\u00b0 laste magnet <strong>ulatusliku universaalse t\u00f5mbej\u00f5uga<\/strong>. Magnetari disainitud <strong>puhtast neod\u00fc\u00fcmmagnetist<\/strong> magnetiga on t\u00f5mbej\u00f5ud kuni 280 kg ning see sobib suurep\u00e4raselt <strong>v\u00e4ikestele lastele, kellel on suured magnetp\u00fc\u00fcgi unistused<\/strong>. J\u00e4rgmisel korral, kui viid lapse seiklema, leiate kindlasti <strong>p\u00f5nevaid aardeid<\/strong> ning loote <strong>eluks ajaks kestvaid m\u00e4lestusi<\/strong>.<\/span><\/p>\n","protected":false},"featured_media":73985,"comment_status":"open","ping_status":"closed","template":"","meta":{"_acf_changed":false,"inline_featured_image":false},"product_brand":[],"product_cat":[415,494,1002,493],"product_tag":[],"class_list":{"0":"post-81564","1":"product","2":"type-product","3":"status-publish","4":"has-post-thumbnail","6":"product_cat-algajatele-ja-lastele","7":"product_cat-allround-360-otsingumagnetid","8":"product_cat-koik-tooted","9":"product_cat-otsingumagnetid","11":"first","12":"instock","13":"sale","14":"taxable","15":"shipping-taxable","16":"purchasable","17":"product-type-simple"},"acf":[],"yoast_head":"<!-- This site is optimized with the Yoast SEO plugin v27.4 - https:\/\/yoast.com\/product\/yoast-seo-wordpress\/ -->\n<title>Easy 360\u00b0 neod\u00fc\u00fcmmagnet \u2013 280 kg universaalne otsingumagnet<\/title>\n<meta name=\"description\" content=\"Eksoklusivne Easy otsingumagnet: v\u00e4ikseim universaalne 360\u00b0 magnet! \u00c4ra alahinda seda pisikest \u2013 v\u00e4ga tugev ja suurep\u00e4rane saagim\u00e4\u00e4r!\" \/>\n<meta name=\"robots\" content=\"index, follow, max-snippet:-1, max-image-preview:large, max-video-preview:-1\" \/>\n<link rel=\"canonical\" href=\"https:\/\/magnetarmagnets.com\/et\/shop\/easy-magnet-280-kg-tombejoud-360-universaalne-neoduummagnet\/\" \/>\n<meta property=\"og:locale\" content=\"et_EE\" \/>\n<meta property=\"og:type\" content=\"article\" \/>\n<meta property=\"og:title\" content=\"Easy 360\u00b0 neod\u00fc\u00fcmmagnet \u2013 280 kg universaalne otsingumagnet\" \/>\n<meta property=\"og:description\" content=\"Eksoklusivne Easy otsingumagnet: v\u00e4ikseim universaalne 360\u00b0 magnet! \u00c4ra alahinda seda pisikest \u2013 v\u00e4ga tugev ja suurep\u00e4rane saagim\u00e4\u00e4r!\" \/>\n<meta property=\"og:url\" content=\"https:\/\/magnetarmagnets.com\/et\/shop\/easy-magnet-280-kg-tombejoud-360-universaalne-neoduummagnet\/\" \/>\n<meta property=\"og:site_name\" content=\"Magnet fishing with a Magnetar fishing magnet\" \/>\n<meta property=\"article:publisher\" content=\"https:\/\/www.facebook.com\/fishingmagnets\/\" \/>\n<meta property=\"article:modified_time\" content=\"2026-04-09T07:40:06+00:00\" \/>\n<meta property=\"og:image\" content=\"https:\/\/magnetarmagnets.com\/wp-content\/uploads\/2023\/12\/The_Easy_Bergemagnet_fur_magnetfischen.jpeg.jpg\" \/>\n\t<meta property=\"og:image:width\" content=\"1000\" \/>\n\t<meta property=\"og:image:height\" content=\"1000\" \/>\n\t<meta property=\"og:image:type\" content=\"image\/jpeg\" \/>\n<meta name=\"twitter:card\" content=\"summary_large_image\" \/>\n<meta name=\"twitter:label1\" content=\"Est. reading time\" \/>\n\t<meta name=\"twitter:data1\" content=\"4 minutit\" \/>\n<script type=\"application\/ld+json\" class=\"yoast-schema-graph\">{\"@context\":\"https:\\\/\\\/schema.org\",\"@graph\":[{\"@type\":[\"WebPage\",\"ItemPage\"],\"@id\":\"https:\\\/\\\/magnetarmagnets.com\\\/et\\\/shop\\\/easy-magnet-280-kg-tombejoud-360-universaalne-neoduummagnet\\\/\",\"url\":\"https:\\\/\\\/magnetarmagnets.com\\\/et\\\/shop\\\/easy-magnet-280-kg-tombejoud-360-universaalne-neoduummagnet\\\/\",\"name\":\"Easy 360\u00b0 neod\u00fc\u00fcmmagnet \u2013 280 kg universaalne otsingumagnet\",\"isPartOf\":{\"@id\":\"https:\\\/\\\/magnetarmagnets.com\\\/et\\\/#website\"},\"primaryImageOfPage\":{\"@id\":\"https:\\\/\\\/magnetarmagnets.com\\\/et\\\/shop\\\/easy-magnet-280-kg-tombejoud-360-universaalne-neoduummagnet\\\/#primaryimage\"},\"image\":{\"@id\":\"https:\\\/\\\/magnetarmagnets.com\\\/et\\\/shop\\\/easy-magnet-280-kg-tombejoud-360-universaalne-neoduummagnet\\\/#primaryimage\"},\"thumbnailUrl\":\"https:\\\/\\\/magnetarmagnets.com\\\/wp-content\\\/uploads\\\/2023\\\/12\\\/The_Easy_Bergemagnet_fur_magnetfischen.jpeg.jpg\",\"datePublished\":\"2025-06-05T07:54:40+00:00\",\"dateModified\":\"2026-04-09T07:40:06+00:00\",\"description\":\"Eksoklusivne Easy otsingumagnet: v\u00e4ikseim universaalne 360\u00b0 magnet! \u00c4ra alahinda seda pisikest \u2013 v\u00e4ga tugev ja suurep\u00e4rane saagim\u00e4\u00e4r!\",\"breadcrumb\":{\"@id\":\"https:\\\/\\\/magnetarmagnets.com\\\/et\\\/shop\\\/easy-magnet-280-kg-tombejoud-360-universaalne-neoduummagnet\\\/#breadcrumb\"},\"inLanguage\":\"et\",\"potentialAction\":[{\"@type\":\"ReadAction\",\"target\":[\"https:\\\/\\\/magnetarmagnets.com\\\/et\\\/shop\\\/easy-magnet-280-kg-tombejoud-360-universaalne-neoduummagnet\\\/\"]}]},{\"@type\":\"ImageObject\",\"inLanguage\":\"et\",\"@id\":\"https:\\\/\\\/magnetarmagnets.com\\\/et\\\/shop\\\/easy-magnet-280-kg-tombejoud-360-universaalne-neoduummagnet\\\/#primaryimage\",\"url\":\"https:\\\/\\\/magnetarmagnets.com\\\/wp-content\\\/uploads\\\/2023\\\/12\\\/The_Easy_Bergemagnet_fur_magnetfischen.jpeg.jpg\",\"contentUrl\":\"https:\\\/\\\/magnetarmagnets.com\\\/wp-content\\\/uploads\\\/2023\\\/12\\\/The_Easy_Bergemagnet_fur_magnetfischen.jpeg.jpg\",\"width\":1000,\"height\":1000,\"caption\":\"The Easy fishing magnet for magnet fishing\"},{\"@type\":\"BreadcrumbList\",\"@id\":\"https:\\\/\\\/magnetarmagnets.com\\\/et\\\/shop\\\/easy-magnet-280-kg-tombejoud-360-universaalne-neoduummagnet\\\/#breadcrumb\",\"itemListElement\":[{\"@type\":\"ListItem\",\"position\":1,\"name\":\"Home\",\"item\":\"https:\\\/\\\/magnetarmagnets.com\\\/et\\\/\"},{\"@type\":\"ListItem\",\"position\":2,\"name\":\"pood\",\"item\":\"https:\\\/\\\/magnetarmagnets.com\\\/et\\\/pood\\\/\"},{\"@type\":\"ListItem\",\"position\":3,\"name\":\"Otsingumagnetid\",\"item\":\"https:\\\/\\\/magnetarmagnets.com\\\/et\\\/collections\\\/otsingumagnetid\\\/\"},{\"@type\":\"ListItem\",\"position\":4,\"name\":\"Allround 360 otsingumagnetid\",\"item\":\"https:\\\/\\\/magnetarmagnets.com\\\/et\\\/collections\\\/otsingumagnetid\\\/allround-360-otsingumagnetid\\\/\"},{\"@type\":\"ListItem\",\"position\":5,\"name\":\"Easy 360\u00b0 neod\u00fc\u00fcmmagnet \u2013 280 kg universaalne otsingumagnet\"}]},{\"@type\":\"WebSite\",\"@id\":\"https:\\\/\\\/magnetarmagnets.com\\\/et\\\/#website\",\"url\":\"https:\\\/\\\/magnetarmagnets.com\\\/et\\\/\",\"name\":\"Magnet fishing with a Magnetar fishing magnet\",\"description\":\"Tugevad magnetid magnetp\u00fc\u00fcgiks\",\"publisher\":{\"@id\":\"https:\\\/\\\/magnetarmagnets.com\\\/et\\\/#organization\"},\"potentialAction\":[{\"@type\":\"SearchAction\",\"target\":{\"@type\":\"EntryPoint\",\"urlTemplate\":\"https:\\\/\\\/magnetarmagnets.com\\\/et\\\/?s={search_term_string}\"},\"query-input\":{\"@type\":\"PropertyValueSpecification\",\"valueRequired\":true,\"valueName\":\"search_term_string\"}}],\"inLanguage\":\"et\"},{\"@type\":\"Organization\",\"@id\":\"https:\\\/\\\/magnetarmagnets.com\\\/et\\\/#organization\",\"name\":\"Magnetar\",\"url\":\"https:\\\/\\\/magnetarmagnets.com\\\/et\\\/\",\"logo\":{\"@type\":\"ImageObject\",\"inLanguage\":\"et\",\"@id\":\"https:\\\/\\\/magnetarmagnets.com\\\/et\\\/#\\\/schema\\\/logo\\\/image\\\/\",\"url\":\"https:\\\/\\\/magnetarmagnets.com\\\/wp-content\\\/uploads\\\/2025\\\/05\\\/Logo-03_PNG-Black-scaled.png\",\"contentUrl\":\"https:\\\/\\\/magnetarmagnets.com\\\/wp-content\\\/uploads\\\/2025\\\/05\\\/Logo-03_PNG-Black-scaled.png\",\"width\":2560,\"height\":1658,\"caption\":\"Magnetar\"},\"image\":{\"@id\":\"https:\\\/\\\/magnetarmagnets.com\\\/et\\\/#\\\/schema\\\/logo\\\/image\\\/\"},\"sameAs\":[\"https:\\\/\\\/www.facebook.com\\\/fishingmagnets\\\/\",\"https:\\\/\\\/www.instagram.com\\\/magnetar_magnets\\\/\",\"https:\\\/\\\/www.linkedin.com\\\/company\\\/magnetarbv\\\/?originalSubdomain=nl\",\"https:\\\/\\\/www.youtube.com\\\/c\\\/MagnetarVismagneet\"]}]}<\/script>\n<!-- \/ Yoast SEO plugin. -->","yoast_head_json":{"title":"Easy 360\u00b0 neod\u00fc\u00fcmmagnet \u2013 280 kg universaalne otsingumagnet","description":"Eksoklusivne Easy otsingumagnet: v\u00e4ikseim universaalne 360\u00b0 magnet! \u00c4ra alahinda seda pisikest \u2013 v\u00e4ga tugev ja suurep\u00e4rane saagim\u00e4\u00e4r!","robots":{"index":"index","follow":"follow","max-snippet":"max-snippet:-1","max-image-preview":"max-image-preview:large","max-video-preview":"max-video-preview:-1"},"canonical":"https:\/\/magnetarmagnets.com\/et\/shop\/easy-magnet-280-kg-tombejoud-360-universaalne-neoduummagnet\/","og_locale":"et_EE","og_type":"article","og_title":"Easy 360\u00b0 neod\u00fc\u00fcmmagnet \u2013 280 kg universaalne otsingumagnet","og_description":"Eksoklusivne Easy otsingumagnet: v\u00e4ikseim universaalne 360\u00b0 magnet! \u00c4ra alahinda seda pisikest \u2013 v\u00e4ga tugev ja suurep\u00e4rane saagim\u00e4\u00e4r!","og_url":"https:\/\/magnetarmagnets.com\/et\/shop\/easy-magnet-280-kg-tombejoud-360-universaalne-neoduummagnet\/","og_site_name":"Magnet fishing with a Magnetar fishing magnet","article_publisher":"https:\/\/www.facebook.com\/fishingmagnets\/","article_modified_time":"2026-04-09T07:40:06+00:00","og_image":[{"width":1000,"height":1000,"url":"https:\/\/magnetarmagnets.com\/wp-content\/uploads\/2023\/12\/The_Easy_Bergemagnet_fur_magnetfischen.jpeg.jpg","type":"image\/jpeg"}],"twitter_card":"summary_large_image","twitter_misc":{"Est. reading time":"4 minutit"},"schema":{"@context":"https:\/\/schema.org","@graph":[{"@type":["WebPage","ItemPage"],"@id":"https:\/\/magnetarmagnets.com\/et\/shop\/easy-magnet-280-kg-tombejoud-360-universaalne-neoduummagnet\/","url":"https:\/\/magnetarmagnets.com\/et\/shop\/easy-magnet-280-kg-tombejoud-360-universaalne-neoduummagnet\/","name":"Easy 360\u00b0 neod\u00fc\u00fcmmagnet \u2013 280 kg universaalne otsingumagnet","isPartOf":{"@id":"https:\/\/magnetarmagnets.com\/et\/#website"},"primaryImageOfPage":{"@id":"https:\/\/magnetarmagnets.com\/et\/shop\/easy-magnet-280-kg-tombejoud-360-universaalne-neoduummagnet\/#primaryimage"},"image":{"@id":"https:\/\/magnetarmagnets.com\/et\/shop\/easy-magnet-280-kg-tombejoud-360-universaalne-neoduummagnet\/#primaryimage"},"thumbnailUrl":"https:\/\/magnetarmagnets.com\/wp-content\/uploads\/2023\/12\/The_Easy_Bergemagnet_fur_magnetfischen.jpeg.jpg","datePublished":"2025-06-05T07:54:40+00:00","dateModified":"2026-04-09T07:40:06+00:00","description":"Eksoklusivne Easy otsingumagnet: v\u00e4ikseim universaalne 360\u00b0 magnet! \u00c4ra alahinda seda pisikest \u2013 v\u00e4ga tugev ja suurep\u00e4rane saagim\u00e4\u00e4r!","breadcrumb":{"@id":"https:\/\/magnetarmagnets.com\/et\/shop\/easy-magnet-280-kg-tombejoud-360-universaalne-neoduummagnet\/#breadcrumb"},"inLanguage":"et","potentialAction":[{"@type":"ReadAction","target":["https:\/\/magnetarmagnets.com\/et\/shop\/easy-magnet-280-kg-tombejoud-360-universaalne-neoduummagnet\/"]}]},{"@type":"ImageObject","inLanguage":"et","@id":"https:\/\/magnetarmagnets.com\/et\/shop\/easy-magnet-280-kg-tombejoud-360-universaalne-neoduummagnet\/#primaryimage","url":"https:\/\/magnetarmagnets.com\/wp-content\/uploads\/2023\/12\/The_Easy_Bergemagnet_fur_magnetfischen.jpeg.jpg","contentUrl":"https:\/\/magnetarmagnets.com\/wp-content\/uploads\/2023\/12\/The_Easy_Bergemagnet_fur_magnetfischen.jpeg.jpg","width":1000,"height":1000,"caption":"The Easy fishing magnet for magnet fishing"},{"@type":"BreadcrumbList","@id":"https:\/\/magnetarmagnets.com\/et\/shop\/easy-magnet-280-kg-tombejoud-360-universaalne-neoduummagnet\/#breadcrumb","itemListElement":[{"@type":"ListItem","position":1,"name":"Home","item":"https:\/\/magnetarmagnets.com\/et\/"},{"@type":"ListItem","position":2,"name":"pood","item":"https:\/\/magnetarmagnets.com\/et\/pood\/"},{"@type":"ListItem","position":3,"name":"Otsingumagnetid","item":"https:\/\/magnetarmagnets.com\/et\/collections\/otsingumagnetid\/"},{"@type":"ListItem","position":4,"name":"Allround 360 otsingumagnetid","item":"https:\/\/magnetarmagnets.com\/et\/collections\/otsingumagnetid\/allround-360-otsingumagnetid\/"},{"@type":"ListItem","position":5,"name":"Easy 360\u00b0 neod\u00fc\u00fcmmagnet \u2013 280 kg universaalne otsingumagnet"}]},{"@type":"WebSite","@id":"https:\/\/magnetarmagnets.com\/et\/#website","url":"https:\/\/magnetarmagnets.com\/et\/","name":"Magnet fishing with a Magnetar fishing magnet","description":"Tugevad magnetid magnetp\u00fc\u00fcgiks","publisher":{"@id":"https:\/\/magnetarmagnets.com\/et\/#organization"},"potentialAction":[{"@type":"SearchAction","target":{"@type":"EntryPoint","urlTemplate":"https:\/\/magnetarmagnets.com\/et\/?s={search_term_string}"},"query-input":{"@type":"PropertyValueSpecification","valueRequired":true,"valueName":"search_term_string"}}],"inLanguage":"et"},{"@type":"Organization","@id":"https:\/\/magnetarmagnets.com\/et\/#organization","name":"Magnetar","url":"https:\/\/magnetarmagnets.com\/et\/","logo":{"@type":"ImageObject","inLanguage":"et","@id":"https:\/\/magnetarmagnets.com\/et\/#\/schema\/logo\/image\/","url":"https:\/\/magnetarmagnets.com\/wp-content\/uploads\/2025\/05\/Logo-03_PNG-Black-scaled.png","contentUrl":"https:\/\/magnetarmagnets.com\/wp-content\/uploads\/2025\/05\/Logo-03_PNG-Black-scaled.png","width":2560,"height":1658,"caption":"Magnetar"},"image":{"@id":"https:\/\/magnetarmagnets.com\/et\/#\/schema\/logo\/image\/"},"sameAs":["https:\/\/www.facebook.com\/fishingmagnets\/","https:\/\/www.instagram.com\/magnetar_magnets\/","https:\/\/www.linkedin.com\/company\/magnetarbv\/?originalSubdomain=nl","https:\/\/www.youtube.com\/c\/MagnetarVismagneet"]}]}},"_links":{"self":[{"href":"https:\/\/magnetarmagnets.com\/et\/wp-json\/wp\/v2\/product\/81564","targetHints":{"allow":["GET"]}}],"collection":[{"href":"https:\/\/magnetarmagnets.com\/et\/wp-json\/wp\/v2\/product"}],"about":[{"href":"https:\/\/magnetarmagnets.com\/et\/wp-json\/wp\/v2\/types\/product"}],"replies":[{"embeddable":true,"href":"https:\/\/magnetarmagnets.com\/et\/wp-json\/wp\/v2\/comments?post=81564"}],"version-history":[{"count":1,"href":"https:\/\/magnetarmagnets.com\/et\/wp-json\/wp\/v2\/product\/81564\/revisions"}],"predecessor-version":[{"id":94598,"href":"https:\/\/magnetarmagnets.com\/et\/wp-json\/wp\/v2\/product\/81564\/revisions\/94598"}],"wp:featuredmedia":[{"embeddable":true,"href":"https:\/\/magnetarmagnets.com\/et\/wp-json\/wp\/v2\/media\/73985"}],"wp:attachment":[{"href":"https:\/\/magnetarmagnets.com\/et\/wp-json\/wp\/v2\/media?parent=81564"}],"wp:term":[{"taxonomy":"product_brand","embeddable":true,"href":"https:\/\/magnetarmagnets.com\/et\/wp-json\/wp\/v2\/product_brand?post=81564"},{"taxonomy":"product_cat","embeddable":true,"href":"https:\/\/magnetarmagnets.com\/et\/wp-json\/wp\/v2\/product_cat?post=81564"},{"taxonomy":"product_tag","embeddable":true,"href":"https:\/\/magnetarmagnets.com\/et\/wp-json\/wp\/v2\/product_tag?post=81564"}],"curies":[{"name":"wp","href":"https:\/\/api.w.org\/{rel}","templated":true}]}}