{"id":81563,"date":"2025-06-05T09:54:40","date_gmt":"2025-06-05T07:54:40","guid":{"rendered":"https:\/\/magnetarmagnets.com\/?post_type=product&#038;p=81563"},"modified":"2026-04-07T18:23:47","modified_gmt":"2026-04-07T16:23:47","slug":"classic-300-neoduummagnet-300-kg-kalapuugimagnet-uhekulgne","status":"publish","type":"product","link":"https:\/\/magnetarmagnets.com\/et\/shop\/classic-300-neoduummagnet-300-kg-kalapuugimagnet-uhekulgne\/","title":{"rendered":"Classic neod\u00fc\u00fcmmagnet magnetp\u00fc\u00fcgiks \u2013 300 kg \u2013 \u00fchepoolne"},"content":{"rendered":"Classic 300 kalap\u00fc\u00fcgimagneet on \u00fchepoolne neod\u00fc\u00fcmmagnet. Selle t\u00f5mbej\u00f5ud on kuni 660 LB \/ 300 KG. Classic 300 kalap\u00fc\u00fcgimagneeti soovitatakse algajatele, kes soovivad veest v\u00e4lja t\u00f5mmata suuremaid esemeid. See magnet on l\u00f6\u00f6gikindel. See on kaetud teraskestaliga, mis kaitseb seda p\u00f5rutuste eest. Kui otsite taskukohase hinnaga magnetit, mida saab kasutada terve perega, on see just \u00f5ige valik.\n\n<h2><strong>V\u00f5imas \u00fchepoolne kalap\u00fc\u00fcgimagneet 660LB\/300KG<\/strong><\/h2>\n\nMagnet on varustatud korpusega, mis kaitseb l\u00f6\u00f6kide ja kukkumise eest. Sellest tulenevalt on magnet magnetiline ainult alumisel k\u00fcljel. K\u00f5ik t\u00f5mbej\u00f5ud on suunatud allapoole, muutes magneti \u00e4\u00e4rmiselt tugevaks. <span style=\"font-weight: 400;\">Kui otsite universaalset magnetit suurema potentsiaaliga, vaadake meie <a href=\"https:\/\/magnetarmagnets.com\/shop\/easy-magnet\">Easy<\/a> ja <a href=\"https:\/\/magnetarmagnets.com\/shop\/hardcore-magnet-2\/\" target=\"_blank\" rel=\"noopener noreferrer\">Hardcore<\/a> magneteid siin.<\/span>\n\n<h2>Kas see pole liiga suur t\u00f5mbej\u00f5ud?<\/h2>\n\n\u00c4rge muretsege!! Lubatud 660 LB\/300 KG t\u00f5mbej\u00f5ud saavutatakse ainult ideaalses olukorras: tasasel metallil paksusega 0,78 tolli \/ 2 cm, ilma rooste ja mustuseta magneti ja metalli vahel. V\u00f5imalus leida vee alt puhas metallplaat on v\u00e4ike \u2013 enamasti on rauaesemetel rooste.\n\n<h2><b>K\u00f5rge kvaliteet<\/b><\/h2>\n\nMeie kalap\u00fc\u00fcgimagneedid on valmistatud neod\u00fc\u00fcmist. Magnetar-magnetid s\u00e4ilitavad oma magnett\u00f5mbej\u00f5u aastak\u00fcmneid, kaotades vaid 1% iga 100 aasta j\u00e4rel (\u00f5ige ladustamise, hoolduse ja kaitse korral). Just sellep\u00e4rast m\u00fc\u00fcme \u00fchte <a href=\"https:\/\/magnetarmagnets.com\/\" target=\"_blank\" rel=\"noopener\">turul parimat kalap\u00fc\u00fcgimagneeti<\/a>.\n\nEnamik teisi magnetitootjaid n\u00e4itab t\u00f5mbev\u00f5ime v\u00e4henemist juba m\u00f5ne n\u00e4dala p\u00e4rast. Viimastel aastatel oleme m\u00e4rganud \u00fcha rohkem madala kvaliteediga magneete turul: suuremaid magneteid madalama t\u00f5mbej\u00f5uga, madala kvaliteediga neod\u00fc\u00fcmi ja v\u00e4\u00e4rreklaami t\u00f5ttu. Kui ostate sellise magneti odavamalt v\u00f5i suure korporatsiooni k\u00e4est, v\u00f5ite l\u00f5puks pettuda, kuigi s\u00e4\u00e4stsite veidi raha.\n\nMagnetar on v\u00e4ike pereettev\u00f5te, kes seab kvaliteedi alati esikohale. Oleme magnetp\u00fc\u00fcgi entusiastid ning k\u00f5ik meie magnetid on meie meeskonna poolt kavandatud, projekteeritud ja toodetud, et tagada parim tulemus teie investeeringult (v\u00f5i magnetiga leitud aarete puhul). Kui soovite usaldusv\u00e4\u00e4rset, t\u00f5husat ja v\u00f5imsat kalap\u00fc\u00fcgimagnetit, olete j\u00f5udnud \u00f5igesse kohta. Meie meeskond oleks r\u00f5\u00f5mus, kui <a href=\"mailto:info@magnetarmagnets.nl\">v\u00f5taksite meiega \u00fchendust siin<\/a>.\n\n<h2><b>Kasutage ettevaatlikult<\/b><\/h2>\n\nMeie neod\u00fc\u00fcmmagnetid on v\u00e4ga v\u00f5imsad ning v\u00f5ivad l\u00e4hedal asetsevate rauaesemeteni lennata suure kiirusega. Tugevamate kalap\u00fc\u00fcgimagnetite, nagu 360\u00b0 allround, kasutamisel v\u00f5ivad teie s\u00f5rmed j\u00e4\u00e4da magneti ja objekti vahele. K\u00e4ituge magnetitega ettevaatlikult ja kasutage neid omal vastutusel. Lugege enne kasutamist alati meie ohutusjuhiseid.\n\n* Lapsed peavad magneti kasutamisel olema vanemate j\u00e4relvalve all.\n\n\u00c4rge unustage vaadata meie <a href=\"https:\/\/magnetarmagnets.com\/magnet-fishing-kit\/\" target=\"_blank\" rel=\"noopener\">magnetp\u00fc\u00fcgi komplekte<\/a> ja meie <a href=\"https:\/\/magnetarmagnets.com\/accessories\/\" target=\"_blank\" rel=\"noopener\">magnetp\u00fc\u00fcgi t\u00f6\u00f6riistu<\/a>.","protected":false},"excerpt":{"rendered":"<p>Alusta oma j\u00e4rgmist seiklust selle <strong>\u00fchepoolse neod\u00fc\u00fcmmagnetiga kalap\u00fc\u00fcgimagneediga<\/strong>. See magnet on <strong>l\u00f6\u00f6gikindel<\/strong>, sobib kogu perele ja on <strong>lihtne kasutada<\/strong>. Classic 300 kalap\u00fc\u00fcgimagneet on osutunud <strong>usaldusv\u00e4\u00e4rseks magnetp\u00fc\u00fcgimagneediks<\/strong>.<\/p>\n","protected":false},"featured_media":74139,"comment_status":"open","ping_status":"closed","template":"","meta":{"_acf_changed":false,"inline_featured_image":false},"product_brand":[],"product_cat":[415,414,1002,493,499],"product_tag":[],"class_list":{"0":"post-81563","1":"product","2":"type-product","3":"status-publish","4":"has-post-thumbnail","6":"product_cat-algajatele-ja-lastele","7":"product_cat-kogenud-seiklejatele","8":"product_cat-koik-tooted","9":"product_cat-otsingumagnetid","10":"product_cat-uhepoolse-tombega-otsingumagneti","12":"first","13":"instock","14":"taxable","15":"shipping-taxable","16":"purchasable","17":"product-type-simple"},"acf":[],"yoast_head":"<!-- This site is optimized with the Yoast SEO plugin v27.4 - https:\/\/yoast.com\/product\/yoast-seo-wordpress\/ -->\n<title>Magnetar kalap\u00fc\u00fcgimagnet 300 kg, v\u00e4ga tugev! Parim kvaliteet!<\/title>\n<meta name=\"description\" content=\"Magnetar kalap\u00fc\u00fcgimagnet 300 kg magnetp\u00fc\u00fcgiks, v\u00e4ga tugev! Parim kvaliteet! Lai tootevalik! Tutvu meie poega\" \/>\n<meta name=\"robots\" content=\"index, follow, max-snippet:-1, max-image-preview:large, max-video-preview:-1\" \/>\n<link rel=\"canonical\" href=\"https:\/\/magnetarmagnets.com\/et\/shop\/classic-300-neoduummagnet-300-kg-kalapuugimagnet-uhekulgne\/\" \/>\n<meta property=\"og:locale\" content=\"et_EE\" \/>\n<meta property=\"og:type\" content=\"article\" \/>\n<meta property=\"og:title\" content=\"Magnetar kalap\u00fc\u00fcgimagnet 300 kg, v\u00e4ga tugev! Parim kvaliteet!\" \/>\n<meta property=\"og:description\" content=\"Magnetar kalap\u00fc\u00fcgimagnet 300 kg magnetp\u00fc\u00fcgiks, v\u00e4ga tugev! Parim kvaliteet! Lai tootevalik! Tutvu meie poega\" \/>\n<meta property=\"og:url\" content=\"https:\/\/magnetarmagnets.com\/et\/shop\/classic-300-neoduummagnet-300-kg-kalapuugimagnet-uhekulgne\/\" \/>\n<meta property=\"og:site_name\" content=\"Magnet fishing with a Magnetar fishing magnet\" \/>\n<meta property=\"article:publisher\" content=\"https:\/\/www.facebook.com\/fishingmagnets\/\" \/>\n<meta property=\"article:modified_time\" content=\"2026-04-07T16:23:47+00:00\" \/>\n<meta property=\"og:image\" content=\"https:\/\/magnetarmagnets.com\/wp-content\/uploads\/2020\/05\/Classic-250.jpg\" \/>\n\t<meta property=\"og:image:width\" content=\"1000\" \/>\n\t<meta property=\"og:image:height\" content=\"1000\" \/>\n\t<meta property=\"og:image:type\" content=\"image\/jpeg\" \/>\n<meta name=\"twitter:card\" content=\"summary_large_image\" \/>\n<meta name=\"twitter:label1\" content=\"Est. reading time\" \/>\n\t<meta name=\"twitter:data1\" content=\"3 minutit\" \/>\n<script type=\"application\/ld+json\" class=\"yoast-schema-graph\">{\"@context\":\"https:\\\/\\\/schema.org\",\"@graph\":[{\"@type\":[\"WebPage\",\"ItemPage\"],\"@id\":\"https:\\\/\\\/magnetarmagnets.com\\\/et\\\/shop\\\/classic-300-neoduummagnet-300-kg-kalapuugimagnet-uhekulgne\\\/\",\"url\":\"https:\\\/\\\/magnetarmagnets.com\\\/et\\\/shop\\\/classic-300-neoduummagnet-300-kg-kalapuugimagnet-uhekulgne\\\/\",\"name\":\"Magnetar kalap\u00fc\u00fcgimagnet 300 kg, v\u00e4ga tugev! Parim kvaliteet!\",\"isPartOf\":{\"@id\":\"https:\\\/\\\/magnetarmagnets.com\\\/et\\\/#website\"},\"primaryImageOfPage\":{\"@id\":\"https:\\\/\\\/magnetarmagnets.com\\\/et\\\/shop\\\/classic-300-neoduummagnet-300-kg-kalapuugimagnet-uhekulgne\\\/#primaryimage\"},\"image\":{\"@id\":\"https:\\\/\\\/magnetarmagnets.com\\\/et\\\/shop\\\/classic-300-neoduummagnet-300-kg-kalapuugimagnet-uhekulgne\\\/#primaryimage\"},\"thumbnailUrl\":\"https:\\\/\\\/magnetarmagnets.com\\\/wp-content\\\/uploads\\\/2020\\\/05\\\/Classic-250.jpg\",\"datePublished\":\"2025-06-05T07:54:40+00:00\",\"dateModified\":\"2026-04-07T16:23:47+00:00\",\"description\":\"Magnetar kalap\u00fc\u00fcgimagnet 300 kg magnetp\u00fc\u00fcgiks, v\u00e4ga tugev! Parim kvaliteet! Lai tootevalik! Tutvu meie poega\",\"breadcrumb\":{\"@id\":\"https:\\\/\\\/magnetarmagnets.com\\\/et\\\/shop\\\/classic-300-neoduummagnet-300-kg-kalapuugimagnet-uhekulgne\\\/#breadcrumb\"},\"inLanguage\":\"et\",\"potentialAction\":[{\"@type\":\"ReadAction\",\"target\":[\"https:\\\/\\\/magnetarmagnets.com\\\/et\\\/shop\\\/classic-300-neoduummagnet-300-kg-kalapuugimagnet-uhekulgne\\\/\"]}]},{\"@type\":\"ImageObject\",\"inLanguage\":\"et\",\"@id\":\"https:\\\/\\\/magnetarmagnets.com\\\/et\\\/shop\\\/classic-300-neoduummagnet-300-kg-kalapuugimagnet-uhekulgne\\\/#primaryimage\",\"url\":\"https:\\\/\\\/magnetarmagnets.com\\\/wp-content\\\/uploads\\\/2020\\\/05\\\/Classic-250.jpg\",\"contentUrl\":\"https:\\\/\\\/magnetarmagnets.com\\\/wp-content\\\/uploads\\\/2020\\\/05\\\/Classic-250.jpg\",\"width\":1000,\"height\":1000,\"caption\":\"Classic 300 fishing magnet\"},{\"@type\":\"BreadcrumbList\",\"@id\":\"https:\\\/\\\/magnetarmagnets.com\\\/et\\\/shop\\\/classic-300-neoduummagnet-300-kg-kalapuugimagnet-uhekulgne\\\/#breadcrumb\",\"itemListElement\":[{\"@type\":\"ListItem\",\"position\":1,\"name\":\"Home\",\"item\":\"https:\\\/\\\/magnetarmagnets.com\\\/et\\\/\"},{\"@type\":\"ListItem\",\"position\":2,\"name\":\"pood\",\"item\":\"https:\\\/\\\/magnetarmagnets.com\\\/et\\\/pood\\\/\"},{\"@type\":\"ListItem\",\"position\":3,\"name\":\"Otsingumagnetid\",\"item\":\"https:\\\/\\\/magnetarmagnets.com\\\/et\\\/collections\\\/otsingumagnetid\\\/\"},{\"@type\":\"ListItem\",\"position\":4,\"name\":\"\u00dchepoolse t\u00f5mbega otsingumagneti\",\"item\":\"https:\\\/\\\/magnetarmagnets.com\\\/et\\\/collections\\\/otsingumagnetid\\\/uhepoolse-tombega-otsingumagneti\\\/\"},{\"@type\":\"ListItem\",\"position\":5,\"name\":\"Classic neod\u00fc\u00fcmmagnet magnetp\u00fc\u00fcgiks \u2013 300 kg \u2013 \u00fchepoolne\"}]},{\"@type\":\"WebSite\",\"@id\":\"https:\\\/\\\/magnetarmagnets.com\\\/et\\\/#website\",\"url\":\"https:\\\/\\\/magnetarmagnets.com\\\/et\\\/\",\"name\":\"Magnet fishing with a Magnetar fishing magnet\",\"description\":\"Tugevad magnetid magnetp\u00fc\u00fcgiks\",\"publisher\":{\"@id\":\"https:\\\/\\\/magnetarmagnets.com\\\/et\\\/#organization\"},\"potentialAction\":[{\"@type\":\"SearchAction\",\"target\":{\"@type\":\"EntryPoint\",\"urlTemplate\":\"https:\\\/\\\/magnetarmagnets.com\\\/et\\\/?s={search_term_string}\"},\"query-input\":{\"@type\":\"PropertyValueSpecification\",\"valueRequired\":true,\"valueName\":\"search_term_string\"}}],\"inLanguage\":\"et\"},{\"@type\":\"Organization\",\"@id\":\"https:\\\/\\\/magnetarmagnets.com\\\/et\\\/#organization\",\"name\":\"Magnetar\",\"url\":\"https:\\\/\\\/magnetarmagnets.com\\\/et\\\/\",\"logo\":{\"@type\":\"ImageObject\",\"inLanguage\":\"et\",\"@id\":\"https:\\\/\\\/magnetarmagnets.com\\\/et\\\/#\\\/schema\\\/logo\\\/image\\\/\",\"url\":\"https:\\\/\\\/magnetarmagnets.com\\\/wp-content\\\/uploads\\\/2025\\\/05\\\/Logo-03_PNG-Black-scaled.png\",\"contentUrl\":\"https:\\\/\\\/magnetarmagnets.com\\\/wp-content\\\/uploads\\\/2025\\\/05\\\/Logo-03_PNG-Black-scaled.png\",\"width\":2560,\"height\":1658,\"caption\":\"Magnetar\"},\"image\":{\"@id\":\"https:\\\/\\\/magnetarmagnets.com\\\/et\\\/#\\\/schema\\\/logo\\\/image\\\/\"},\"sameAs\":[\"https:\\\/\\\/www.facebook.com\\\/fishingmagnets\\\/\",\"https:\\\/\\\/www.instagram.com\\\/magnetar_magnets\\\/\",\"https:\\\/\\\/www.linkedin.com\\\/company\\\/magnetarbv\\\/?originalSubdomain=nl\",\"https:\\\/\\\/www.youtube.com\\\/c\\\/MagnetarVismagneet\"]}]}<\/script>\n<!-- \/ Yoast SEO plugin. -->","yoast_head_json":{"title":"Magnetar kalap\u00fc\u00fcgimagnet 300 kg, v\u00e4ga tugev! Parim kvaliteet!","description":"Magnetar kalap\u00fc\u00fcgimagnet 300 kg magnetp\u00fc\u00fcgiks, v\u00e4ga tugev! Parim kvaliteet! Lai tootevalik! Tutvu meie poega","robots":{"index":"index","follow":"follow","max-snippet":"max-snippet:-1","max-image-preview":"max-image-preview:large","max-video-preview":"max-video-preview:-1"},"canonical":"https:\/\/magnetarmagnets.com\/et\/shop\/classic-300-neoduummagnet-300-kg-kalapuugimagnet-uhekulgne\/","og_locale":"et_EE","og_type":"article","og_title":"Magnetar kalap\u00fc\u00fcgimagnet 300 kg, v\u00e4ga tugev! Parim kvaliteet!","og_description":"Magnetar kalap\u00fc\u00fcgimagnet 300 kg magnetp\u00fc\u00fcgiks, v\u00e4ga tugev! Parim kvaliteet! Lai tootevalik! Tutvu meie poega","og_url":"https:\/\/magnetarmagnets.com\/et\/shop\/classic-300-neoduummagnet-300-kg-kalapuugimagnet-uhekulgne\/","og_site_name":"Magnet fishing with a Magnetar fishing magnet","article_publisher":"https:\/\/www.facebook.com\/fishingmagnets\/","article_modified_time":"2026-04-07T16:23:47+00:00","og_image":[{"width":1000,"height":1000,"url":"https:\/\/magnetarmagnets.com\/wp-content\/uploads\/2020\/05\/Classic-250.jpg","type":"image\/jpeg"}],"twitter_card":"summary_large_image","twitter_misc":{"Est. reading time":"3 minutit"},"schema":{"@context":"https:\/\/schema.org","@graph":[{"@type":["WebPage","ItemPage"],"@id":"https:\/\/magnetarmagnets.com\/et\/shop\/classic-300-neoduummagnet-300-kg-kalapuugimagnet-uhekulgne\/","url":"https:\/\/magnetarmagnets.com\/et\/shop\/classic-300-neoduummagnet-300-kg-kalapuugimagnet-uhekulgne\/","name":"Magnetar kalap\u00fc\u00fcgimagnet 300 kg, v\u00e4ga tugev! Parim kvaliteet!","isPartOf":{"@id":"https:\/\/magnetarmagnets.com\/et\/#website"},"primaryImageOfPage":{"@id":"https:\/\/magnetarmagnets.com\/et\/shop\/classic-300-neoduummagnet-300-kg-kalapuugimagnet-uhekulgne\/#primaryimage"},"image":{"@id":"https:\/\/magnetarmagnets.com\/et\/shop\/classic-300-neoduummagnet-300-kg-kalapuugimagnet-uhekulgne\/#primaryimage"},"thumbnailUrl":"https:\/\/magnetarmagnets.com\/wp-content\/uploads\/2020\/05\/Classic-250.jpg","datePublished":"2025-06-05T07:54:40+00:00","dateModified":"2026-04-07T16:23:47+00:00","description":"Magnetar kalap\u00fc\u00fcgimagnet 300 kg magnetp\u00fc\u00fcgiks, v\u00e4ga tugev! Parim kvaliteet! Lai tootevalik! Tutvu meie poega","breadcrumb":{"@id":"https:\/\/magnetarmagnets.com\/et\/shop\/classic-300-neoduummagnet-300-kg-kalapuugimagnet-uhekulgne\/#breadcrumb"},"inLanguage":"et","potentialAction":[{"@type":"ReadAction","target":["https:\/\/magnetarmagnets.com\/et\/shop\/classic-300-neoduummagnet-300-kg-kalapuugimagnet-uhekulgne\/"]}]},{"@type":"ImageObject","inLanguage":"et","@id":"https:\/\/magnetarmagnets.com\/et\/shop\/classic-300-neoduummagnet-300-kg-kalapuugimagnet-uhekulgne\/#primaryimage","url":"https:\/\/magnetarmagnets.com\/wp-content\/uploads\/2020\/05\/Classic-250.jpg","contentUrl":"https:\/\/magnetarmagnets.com\/wp-content\/uploads\/2020\/05\/Classic-250.jpg","width":1000,"height":1000,"caption":"Classic 300 fishing magnet"},{"@type":"BreadcrumbList","@id":"https:\/\/magnetarmagnets.com\/et\/shop\/classic-300-neoduummagnet-300-kg-kalapuugimagnet-uhekulgne\/#breadcrumb","itemListElement":[{"@type":"ListItem","position":1,"name":"Home","item":"https:\/\/magnetarmagnets.com\/et\/"},{"@type":"ListItem","position":2,"name":"pood","item":"https:\/\/magnetarmagnets.com\/et\/pood\/"},{"@type":"ListItem","position":3,"name":"Otsingumagnetid","item":"https:\/\/magnetarmagnets.com\/et\/collections\/otsingumagnetid\/"},{"@type":"ListItem","position":4,"name":"\u00dchepoolse t\u00f5mbega otsingumagneti","item":"https:\/\/magnetarmagnets.com\/et\/collections\/otsingumagnetid\/uhepoolse-tombega-otsingumagneti\/"},{"@type":"ListItem","position":5,"name":"Classic neod\u00fc\u00fcmmagnet magnetp\u00fc\u00fcgiks \u2013 300 kg \u2013 \u00fchepoolne"}]},{"@type":"WebSite","@id":"https:\/\/magnetarmagnets.com\/et\/#website","url":"https:\/\/magnetarmagnets.com\/et\/","name":"Magnet fishing with a Magnetar fishing magnet","description":"Tugevad magnetid magnetp\u00fc\u00fcgiks","publisher":{"@id":"https:\/\/magnetarmagnets.com\/et\/#organization"},"potentialAction":[{"@type":"SearchAction","target":{"@type":"EntryPoint","urlTemplate":"https:\/\/magnetarmagnets.com\/et\/?s={search_term_string}"},"query-input":{"@type":"PropertyValueSpecification","valueRequired":true,"valueName":"search_term_string"}}],"inLanguage":"et"},{"@type":"Organization","@id":"https:\/\/magnetarmagnets.com\/et\/#organization","name":"Magnetar","url":"https:\/\/magnetarmagnets.com\/et\/","logo":{"@type":"ImageObject","inLanguage":"et","@id":"https:\/\/magnetarmagnets.com\/et\/#\/schema\/logo\/image\/","url":"https:\/\/magnetarmagnets.com\/wp-content\/uploads\/2025\/05\/Logo-03_PNG-Black-scaled.png","contentUrl":"https:\/\/magnetarmagnets.com\/wp-content\/uploads\/2025\/05\/Logo-03_PNG-Black-scaled.png","width":2560,"height":1658,"caption":"Magnetar"},"image":{"@id":"https:\/\/magnetarmagnets.com\/et\/#\/schema\/logo\/image\/"},"sameAs":["https:\/\/www.facebook.com\/fishingmagnets\/","https:\/\/www.instagram.com\/magnetar_magnets\/","https:\/\/www.linkedin.com\/company\/magnetarbv\/?originalSubdomain=nl","https:\/\/www.youtube.com\/c\/MagnetarVismagneet"]}]}},"_links":{"self":[{"href":"https:\/\/magnetarmagnets.com\/et\/wp-json\/wp\/v2\/product\/81563","targetHints":{"allow":["GET"]}}],"collection":[{"href":"https:\/\/magnetarmagnets.com\/et\/wp-json\/wp\/v2\/product"}],"about":[{"href":"https:\/\/magnetarmagnets.com\/et\/wp-json\/wp\/v2\/types\/product"}],"replies":[{"embeddable":true,"href":"https:\/\/magnetarmagnets.com\/et\/wp-json\/wp\/v2\/comments?post=81563"}],"version-history":[{"count":1,"href":"https:\/\/magnetarmagnets.com\/et\/wp-json\/wp\/v2\/product\/81563\/revisions"}],"predecessor-version":[{"id":95661,"href":"https:\/\/magnetarmagnets.com\/et\/wp-json\/wp\/v2\/product\/81563\/revisions\/95661"}],"wp:featuredmedia":[{"embeddable":true,"href":"https:\/\/magnetarmagnets.com\/et\/wp-json\/wp\/v2\/media\/74139"}],"wp:attachment":[{"href":"https:\/\/magnetarmagnets.com\/et\/wp-json\/wp\/v2\/media?parent=81563"}],"wp:term":[{"taxonomy":"product_brand","embeddable":true,"href":"https:\/\/magnetarmagnets.com\/et\/wp-json\/wp\/v2\/product_brand?post=81563"},{"taxonomy":"product_cat","embeddable":true,"href":"https:\/\/magnetarmagnets.com\/et\/wp-json\/wp\/v2\/product_cat?post=81563"},{"taxonomy":"product_tag","embeddable":true,"href":"https:\/\/magnetarmagnets.com\/et\/wp-json\/wp\/v2\/product_tag?post=81563"}],"curies":[{"name":"wp","href":"https:\/\/api.w.org\/{rel}","templated":true}]}}