{"id":81562,"date":"2025-06-05T09:54:41","date_gmt":"2025-06-05T07:54:41","guid":{"rendered":"https:\/\/magnetarmagnets.com\/?post_type=product&#038;p=81562"},"modified":"2026-04-07T18:39:22","modified_gmt":"2026-04-07T16:39:22","slug":"classic-200-kg-uhepoolne-kalapuugimagnet","status":"publish","type":"product","link":"https:\/\/magnetarmagnets.com\/et\/shop\/classic-200-kg-uhepoolne-kalapuugimagnet\/","title":{"rendered":"Klassikaline neod\u00fc\u00fcmmagnet magnetp\u00fc\u00fcgiks 200 KG \u2013 \u00fchepoolne"},"content":{"rendered":"<span style=\"font-weight: 400;\">Klassikaline 200 magnetp\u00fc\u00fcgimagnet on \u00fchepoolne neod\u00fc\u00fcmmagnet, mille maksimaalne t\u00f5mbej\u00f5ud on 200 kg. Klassikalist 200 magnetp\u00fc\u00fcgimagnetit soovitatakse algajatele, kes soovivad proovida magnetp\u00fc\u00fcki ja avastada, kas see v\u00f5iks olla nende uus hobi. Kui soovid magnetp\u00fc\u00fcgieksperdiks saada, soovitame osta tugevama magneti, n\u00e4iteks m\u00f5ne meie eksklusiivsetest toodetest.<\/span>\n\n<h2><strong>Klassikaline 200 magnetp\u00fc\u00fcgimagnet 200 kg \/ 440 lb<\/strong><\/h2>\n\n<span style=\"font-weight: 400;\">Kas otsid suurep\u00e4rast kingitust lapsele? V\u00f5i tahad ise magnetp\u00fc\u00fcgiga alustada? Siis tutvu klassikalise 200-ga! Magnetar Klassikaline 200 on neod\u00fc\u00fcmmagnet maksimaalse t\u00f5mbej\u00f5uga 200 kg. See on \u00fcks meie tootevaliku kergemaid magnetp\u00fc\u00fcgimagneteid. Magnet sobib suurep\u00e4raselt algajatele, kes soovivad veest v\u00e4lja t\u00f5mmata v\u00e4iksemaid esemeid.<\/span>\n\n<span style=\"font-weight: 400;\">Magneti alumine osa on t\u00e4ielikult magnetiline ja kaitstud metallkestaga. Kest hoiab \u00e4ra l\u00f6\u00f6k- ja kukkumiskahjustused. Meie soovitus magnetp\u00fc\u00fcgil on kasutada v\u00e4hemalt 200 kg t\u00f5mbej\u00f5uga magnetit. 200 kg tundub palju, kuid t\u00e4ispotentsiaal saavutatakse alles ideaalses olukorras: sile metall, 2 cm paksune, ilma roosteta ja prahita magneti ja metalli vahel. Sellistes tingimustes saad t\u00f5mmata 200 kg otse \u00fcles.<\/span><span style=\"font-weight: 400;\">200 kg on minimaalne t\u00f5mbej\u00f5ud, et veest v\u00e4lja t\u00f5mmata suuremaid esemeid. Otsid taskukohast universaalset magnetit? Vaata meie eksklusiivset <a href=\"https:\/\/magnetarmagnets.com\/shop\/easy-magnet\">Easy fishing magnet<\/a>i siin.<\/span>\n\n<h2>K\u00f5rge kvaliteet<\/h2>\nMeie magnetid on valmistatud parimast neod\u00fc\u00fcmmaterjalist. See tagab, et Magnetar&#8217;i magnetid s\u00e4ilitavad oma t\u00f5mbej\u00f5u ja kaotavad sellest vaid 1% 100 aasta jooksul! Enamik teisi tarnijaid m\u00fc\u00fcb magneteid, mis kaotavad sama protsendi juba m\u00f5ne n\u00e4dalaga. Viimasel ajal on j\u00e4rjest rohkem selliseid madala kvaliteediga magneteid, mis sisaldavad madala kvaliteediga neod\u00fc\u00fcmi. Nii alandatakse hinda ja magnet n\u00e4ib suurem. Sellise magneti ostmine on raha raiskamine.\n\nK\u00f5ik meie magnetid on isiklikult kujundatud nii, et saaksite magnetp\u00fc\u00fcgikogemusest maksimaalselt kasu. Testime magneteid professionaalse varustusega, et teie lubatud t\u00f5mbej\u00f5ud oleks t\u00e4pne. T\u00e4nu meie kogemustele magnetp\u00fc\u00fcgiga teame t\u00e4pselt, kuidas magneti konstruktsioon on k\u00f5ige t\u00f5husam. Saate veenduda ise meie k\u00f5rgekvaliteediliste, v\u00f5imsate ja t\u00f6\u00f6kindlate magnetp\u00fc\u00fcgimagnetite abil. Kas huvitab, kuidas me t\u00f5mbej\u00f5u m\u00f5\u00f5tmist testime? Vaadake meie <a href=\"https:\/\/www.youtube.com\/watch?v=2McW3RURDxs\">videot t\u00f5mbej\u00f5u m\u00f5\u00f5tmisest<\/a>.\n\n<h2>Hoiatus!<\/h2>\nMeie neod\u00fc\u00fcmmagnetid on \u00e4\u00e4rmiselt tugevad ja v\u00f5ivad l\u00e4henevate metallobjektide k\u00fclge suure kiirusega klammerduda. \u00c4ra kindlasti pista s\u00f5rmi magneti ja metalli vahele. M\u00f5ne meie v\u00f5imsama magnetiga v\u00f5ib s\u00f5rmed puruneda, murduda v\u00f5i saada villiseid, kui need j\u00e4\u00e4vad magneti ja metalli vahele. Ole alati ettevaatlik magnetitega t\u00f6\u00f6tades. Hoiatus: magnetite kasutamine toimub sinu omal vastutusel. Loe enne kasutamist alati meie <a href=\"https:\/\/magnetarmagnets.com\/how-do-you-use-fishing-magnets-in-a-safe-way?v=796834e7a283\">ohutusjuhiseid<\/a>.","protected":false},"excerpt":{"rendered":"<p><span style=\"font-weight: 400;\">T\u00f5eline klassika, <strong>l\u00f6\u00f6gikindel<\/strong> ja <strong>turvaline<\/strong> magnetp\u00fc\u00fcgimagnet. N\u00fc\u00fcd eriti <strong>taskukohane<\/strong>!<\/span><\/p>\n","protected":false},"featured_media":74143,"comment_status":"open","ping_status":"closed","template":"","meta":{"_acf_changed":false,"inline_featured_image":false},"product_brand":[],"product_cat":[415,1002,493,499],"product_tag":[],"class_list":{"0":"post-81562","1":"product","2":"type-product","3":"status-publish","4":"has-post-thumbnail","6":"product_cat-algajatele-ja-lastele","7":"product_cat-koik-tooted","8":"product_cat-otsingumagnetid","9":"product_cat-uhepoolse-tombega-otsingumagneti","11":"first","12":"instock","13":"taxable","14":"shipping-taxable","15":"purchasable","16":"product-type-simple"},"acf":[],"yoast_head":"<!-- This site is optimized with the Yoast SEO plugin v27.4 - https:\/\/yoast.com\/product\/yoast-seo-wordpress\/ -->\n<title>Klassikaline neod\u00fc\u00fcmmagnet magnetp\u00fc\u00fcgiks 200 KG \u2013 \u00fchepoolne - Magnet fishing with a Magnetar fishing magnet<\/title>\n<meta name=\"description\" content=\"Klassikaline magnetp\u00fc\u00fcgimagnet 200 Kg \u2013 Magnetar\" \/>\n<meta name=\"robots\" content=\"index, follow, max-snippet:-1, max-image-preview:large, max-video-preview:-1\" \/>\n<link rel=\"canonical\" href=\"https:\/\/magnetarmagnets.com\/et\/shop\/classic-200-kg-uhepoolne-kalapuugimagnet\/\" \/>\n<meta property=\"og:locale\" content=\"et_EE\" \/>\n<meta property=\"og:type\" content=\"article\" \/>\n<meta property=\"og:title\" content=\"Klassikaline neod\u00fc\u00fcmmagnet magnetp\u00fc\u00fcgiks 200 KG \u2013 \u00fchepoolne - Magnet fishing with a Magnetar fishing magnet\" \/>\n<meta property=\"og:description\" content=\"Klassikaline magnetp\u00fc\u00fcgimagnet 200 Kg \u2013 Magnetar\" \/>\n<meta property=\"og:url\" content=\"https:\/\/magnetarmagnets.com\/et\/shop\/classic-200-kg-uhepoolne-kalapuugimagnet\/\" \/>\n<meta property=\"og:site_name\" content=\"Magnet fishing with a Magnetar fishing magnet\" \/>\n<meta property=\"article:publisher\" content=\"https:\/\/www.facebook.com\/fishingmagnets\/\" \/>\n<meta property=\"article:modified_time\" content=\"2026-04-07T16:39:22+00:00\" \/>\n<meta property=\"og:image\" content=\"https:\/\/magnetarmagnets.com\/wp-content\/uploads\/2020\/05\/hoofdafbeelding-classic-200.jpg\" \/>\n\t<meta property=\"og:image:width\" content=\"1000\" \/>\n\t<meta property=\"og:image:height\" content=\"1000\" \/>\n\t<meta property=\"og:image:type\" content=\"image\/jpeg\" \/>\n<meta name=\"twitter:card\" content=\"summary_large_image\" \/>\n<meta name=\"twitter:label1\" content=\"Est. reading time\" \/>\n\t<meta name=\"twitter:data1\" content=\"3 minutit\" \/>\n<script type=\"application\/ld+json\" class=\"yoast-schema-graph\">{\"@context\":\"https:\\\/\\\/schema.org\",\"@graph\":[{\"@type\":[\"WebPage\",\"ItemPage\"],\"@id\":\"https:\\\/\\\/magnetarmagnets.com\\\/et\\\/shop\\\/classic-200-kg-uhepoolne-kalapuugimagnet\\\/\",\"url\":\"https:\\\/\\\/magnetarmagnets.com\\\/et\\\/shop\\\/classic-200-kg-uhepoolne-kalapuugimagnet\\\/\",\"name\":\"Klassikaline neod\u00fc\u00fcmmagnet magnetp\u00fc\u00fcgiks 200 KG \u2013 \u00fchepoolne - Magnet fishing with a Magnetar fishing magnet\",\"isPartOf\":{\"@id\":\"https:\\\/\\\/magnetarmagnets.com\\\/et\\\/#website\"},\"primaryImageOfPage\":{\"@id\":\"https:\\\/\\\/magnetarmagnets.com\\\/et\\\/shop\\\/classic-200-kg-uhepoolne-kalapuugimagnet\\\/#primaryimage\"},\"image\":{\"@id\":\"https:\\\/\\\/magnetarmagnets.com\\\/et\\\/shop\\\/classic-200-kg-uhepoolne-kalapuugimagnet\\\/#primaryimage\"},\"thumbnailUrl\":\"https:\\\/\\\/magnetarmagnets.com\\\/wp-content\\\/uploads\\\/2020\\\/05\\\/hoofdafbeelding-classic-200.jpg\",\"datePublished\":\"2025-06-05T07:54:41+00:00\",\"dateModified\":\"2026-04-07T16:39:22+00:00\",\"description\":\"Klassikaline magnetp\u00fc\u00fcgimagnet 200 Kg \u2013 Magnetar\",\"breadcrumb\":{\"@id\":\"https:\\\/\\\/magnetarmagnets.com\\\/et\\\/shop\\\/classic-200-kg-uhepoolne-kalapuugimagnet\\\/#breadcrumb\"},\"inLanguage\":\"et\",\"potentialAction\":[{\"@type\":\"ReadAction\",\"target\":[\"https:\\\/\\\/magnetarmagnets.com\\\/et\\\/shop\\\/classic-200-kg-uhepoolne-kalapuugimagnet\\\/\"]}]},{\"@type\":\"ImageObject\",\"inLanguage\":\"et\",\"@id\":\"https:\\\/\\\/magnetarmagnets.com\\\/et\\\/shop\\\/classic-200-kg-uhepoolne-kalapuugimagnet\\\/#primaryimage\",\"url\":\"https:\\\/\\\/magnetarmagnets.com\\\/wp-content\\\/uploads\\\/2020\\\/05\\\/hoofdafbeelding-classic-200.jpg\",\"contentUrl\":\"https:\\\/\\\/magnetarmagnets.com\\\/wp-content\\\/uploads\\\/2020\\\/05\\\/hoofdafbeelding-classic-200.jpg\",\"width\":1000,\"height\":1000,\"caption\":\"Classic 200 fishing magnet\"},{\"@type\":\"BreadcrumbList\",\"@id\":\"https:\\\/\\\/magnetarmagnets.com\\\/et\\\/shop\\\/classic-200-kg-uhepoolne-kalapuugimagnet\\\/#breadcrumb\",\"itemListElement\":[{\"@type\":\"ListItem\",\"position\":1,\"name\":\"Home\",\"item\":\"https:\\\/\\\/magnetarmagnets.com\\\/et\\\/\"},{\"@type\":\"ListItem\",\"position\":2,\"name\":\"pood\",\"item\":\"https:\\\/\\\/magnetarmagnets.com\\\/et\\\/pood\\\/\"},{\"@type\":\"ListItem\",\"position\":3,\"name\":\"Otsingumagnetid\",\"item\":\"https:\\\/\\\/magnetarmagnets.com\\\/et\\\/collections\\\/otsingumagnetid\\\/\"},{\"@type\":\"ListItem\",\"position\":4,\"name\":\"\u00dchepoolse t\u00f5mbega otsingumagneti\",\"item\":\"https:\\\/\\\/magnetarmagnets.com\\\/et\\\/collections\\\/otsingumagnetid\\\/uhepoolse-tombega-otsingumagneti\\\/\"},{\"@type\":\"ListItem\",\"position\":5,\"name\":\"Klassikaline neod\u00fc\u00fcmmagnet magnetp\u00fc\u00fcgiks 200 KG \u2013 \u00fchepoolne\"}]},{\"@type\":\"WebSite\",\"@id\":\"https:\\\/\\\/magnetarmagnets.com\\\/et\\\/#website\",\"url\":\"https:\\\/\\\/magnetarmagnets.com\\\/et\\\/\",\"name\":\"Magnet fishing with a Magnetar fishing magnet\",\"description\":\"Tugevad magnetid magnetp\u00fc\u00fcgiks\",\"publisher\":{\"@id\":\"https:\\\/\\\/magnetarmagnets.com\\\/et\\\/#organization\"},\"potentialAction\":[{\"@type\":\"SearchAction\",\"target\":{\"@type\":\"EntryPoint\",\"urlTemplate\":\"https:\\\/\\\/magnetarmagnets.com\\\/et\\\/?s={search_term_string}\"},\"query-input\":{\"@type\":\"PropertyValueSpecification\",\"valueRequired\":true,\"valueName\":\"search_term_string\"}}],\"inLanguage\":\"et\"},{\"@type\":\"Organization\",\"@id\":\"https:\\\/\\\/magnetarmagnets.com\\\/et\\\/#organization\",\"name\":\"Magnetar\",\"url\":\"https:\\\/\\\/magnetarmagnets.com\\\/et\\\/\",\"logo\":{\"@type\":\"ImageObject\",\"inLanguage\":\"et\",\"@id\":\"https:\\\/\\\/magnetarmagnets.com\\\/et\\\/#\\\/schema\\\/logo\\\/image\\\/\",\"url\":\"https:\\\/\\\/magnetarmagnets.com\\\/wp-content\\\/uploads\\\/2025\\\/05\\\/Logo-03_PNG-Black-scaled.png\",\"contentUrl\":\"https:\\\/\\\/magnetarmagnets.com\\\/wp-content\\\/uploads\\\/2025\\\/05\\\/Logo-03_PNG-Black-scaled.png\",\"width\":2560,\"height\":1658,\"caption\":\"Magnetar\"},\"image\":{\"@id\":\"https:\\\/\\\/magnetarmagnets.com\\\/et\\\/#\\\/schema\\\/logo\\\/image\\\/\"},\"sameAs\":[\"https:\\\/\\\/www.facebook.com\\\/fishingmagnets\\\/\",\"https:\\\/\\\/www.instagram.com\\\/magnetar_magnets\\\/\",\"https:\\\/\\\/www.linkedin.com\\\/company\\\/magnetarbv\\\/?originalSubdomain=nl\",\"https:\\\/\\\/www.youtube.com\\\/c\\\/MagnetarVismagneet\"]}]}<\/script>\n<!-- \/ Yoast SEO plugin. -->","yoast_head_json":{"title":"Klassikaline neod\u00fc\u00fcmmagnet magnetp\u00fc\u00fcgiks 200 KG \u2013 \u00fchepoolne - Magnet fishing with a Magnetar fishing magnet","description":"Klassikaline magnetp\u00fc\u00fcgimagnet 200 Kg \u2013 Magnetar","robots":{"index":"index","follow":"follow","max-snippet":"max-snippet:-1","max-image-preview":"max-image-preview:large","max-video-preview":"max-video-preview:-1"},"canonical":"https:\/\/magnetarmagnets.com\/et\/shop\/classic-200-kg-uhepoolne-kalapuugimagnet\/","og_locale":"et_EE","og_type":"article","og_title":"Klassikaline neod\u00fc\u00fcmmagnet magnetp\u00fc\u00fcgiks 200 KG \u2013 \u00fchepoolne - Magnet fishing with a Magnetar fishing magnet","og_description":"Klassikaline magnetp\u00fc\u00fcgimagnet 200 Kg \u2013 Magnetar","og_url":"https:\/\/magnetarmagnets.com\/et\/shop\/classic-200-kg-uhepoolne-kalapuugimagnet\/","og_site_name":"Magnet fishing with a Magnetar fishing magnet","article_publisher":"https:\/\/www.facebook.com\/fishingmagnets\/","article_modified_time":"2026-04-07T16:39:22+00:00","og_image":[{"width":1000,"height":1000,"url":"https:\/\/magnetarmagnets.com\/wp-content\/uploads\/2020\/05\/hoofdafbeelding-classic-200.jpg","type":"image\/jpeg"}],"twitter_card":"summary_large_image","twitter_misc":{"Est. reading time":"3 minutit"},"schema":{"@context":"https:\/\/schema.org","@graph":[{"@type":["WebPage","ItemPage"],"@id":"https:\/\/magnetarmagnets.com\/et\/shop\/classic-200-kg-uhepoolne-kalapuugimagnet\/","url":"https:\/\/magnetarmagnets.com\/et\/shop\/classic-200-kg-uhepoolne-kalapuugimagnet\/","name":"Klassikaline neod\u00fc\u00fcmmagnet magnetp\u00fc\u00fcgiks 200 KG \u2013 \u00fchepoolne - Magnet fishing with a Magnetar fishing magnet","isPartOf":{"@id":"https:\/\/magnetarmagnets.com\/et\/#website"},"primaryImageOfPage":{"@id":"https:\/\/magnetarmagnets.com\/et\/shop\/classic-200-kg-uhepoolne-kalapuugimagnet\/#primaryimage"},"image":{"@id":"https:\/\/magnetarmagnets.com\/et\/shop\/classic-200-kg-uhepoolne-kalapuugimagnet\/#primaryimage"},"thumbnailUrl":"https:\/\/magnetarmagnets.com\/wp-content\/uploads\/2020\/05\/hoofdafbeelding-classic-200.jpg","datePublished":"2025-06-05T07:54:41+00:00","dateModified":"2026-04-07T16:39:22+00:00","description":"Klassikaline magnetp\u00fc\u00fcgimagnet 200 Kg \u2013 Magnetar","breadcrumb":{"@id":"https:\/\/magnetarmagnets.com\/et\/shop\/classic-200-kg-uhepoolne-kalapuugimagnet\/#breadcrumb"},"inLanguage":"et","potentialAction":[{"@type":"ReadAction","target":["https:\/\/magnetarmagnets.com\/et\/shop\/classic-200-kg-uhepoolne-kalapuugimagnet\/"]}]},{"@type":"ImageObject","inLanguage":"et","@id":"https:\/\/magnetarmagnets.com\/et\/shop\/classic-200-kg-uhepoolne-kalapuugimagnet\/#primaryimage","url":"https:\/\/magnetarmagnets.com\/wp-content\/uploads\/2020\/05\/hoofdafbeelding-classic-200.jpg","contentUrl":"https:\/\/magnetarmagnets.com\/wp-content\/uploads\/2020\/05\/hoofdafbeelding-classic-200.jpg","width":1000,"height":1000,"caption":"Classic 200 fishing magnet"},{"@type":"BreadcrumbList","@id":"https:\/\/magnetarmagnets.com\/et\/shop\/classic-200-kg-uhepoolne-kalapuugimagnet\/#breadcrumb","itemListElement":[{"@type":"ListItem","position":1,"name":"Home","item":"https:\/\/magnetarmagnets.com\/et\/"},{"@type":"ListItem","position":2,"name":"pood","item":"https:\/\/magnetarmagnets.com\/et\/pood\/"},{"@type":"ListItem","position":3,"name":"Otsingumagnetid","item":"https:\/\/magnetarmagnets.com\/et\/collections\/otsingumagnetid\/"},{"@type":"ListItem","position":4,"name":"\u00dchepoolse t\u00f5mbega otsingumagneti","item":"https:\/\/magnetarmagnets.com\/et\/collections\/otsingumagnetid\/uhepoolse-tombega-otsingumagneti\/"},{"@type":"ListItem","position":5,"name":"Klassikaline neod\u00fc\u00fcmmagnet magnetp\u00fc\u00fcgiks 200 KG \u2013 \u00fchepoolne"}]},{"@type":"WebSite","@id":"https:\/\/magnetarmagnets.com\/et\/#website","url":"https:\/\/magnetarmagnets.com\/et\/","name":"Magnet fishing with a Magnetar fishing magnet","description":"Tugevad magnetid magnetp\u00fc\u00fcgiks","publisher":{"@id":"https:\/\/magnetarmagnets.com\/et\/#organization"},"potentialAction":[{"@type":"SearchAction","target":{"@type":"EntryPoint","urlTemplate":"https:\/\/magnetarmagnets.com\/et\/?s={search_term_string}"},"query-input":{"@type":"PropertyValueSpecification","valueRequired":true,"valueName":"search_term_string"}}],"inLanguage":"et"},{"@type":"Organization","@id":"https:\/\/magnetarmagnets.com\/et\/#organization","name":"Magnetar","url":"https:\/\/magnetarmagnets.com\/et\/","logo":{"@type":"ImageObject","inLanguage":"et","@id":"https:\/\/magnetarmagnets.com\/et\/#\/schema\/logo\/image\/","url":"https:\/\/magnetarmagnets.com\/wp-content\/uploads\/2025\/05\/Logo-03_PNG-Black-scaled.png","contentUrl":"https:\/\/magnetarmagnets.com\/wp-content\/uploads\/2025\/05\/Logo-03_PNG-Black-scaled.png","width":2560,"height":1658,"caption":"Magnetar"},"image":{"@id":"https:\/\/magnetarmagnets.com\/et\/#\/schema\/logo\/image\/"},"sameAs":["https:\/\/www.facebook.com\/fishingmagnets\/","https:\/\/www.instagram.com\/magnetar_magnets\/","https:\/\/www.linkedin.com\/company\/magnetarbv\/?originalSubdomain=nl","https:\/\/www.youtube.com\/c\/MagnetarVismagneet"]}]}},"_links":{"self":[{"href":"https:\/\/magnetarmagnets.com\/et\/wp-json\/wp\/v2\/product\/81562","targetHints":{"allow":["GET"]}}],"collection":[{"href":"https:\/\/magnetarmagnets.com\/et\/wp-json\/wp\/v2\/product"}],"about":[{"href":"https:\/\/magnetarmagnets.com\/et\/wp-json\/wp\/v2\/types\/product"}],"replies":[{"embeddable":true,"href":"https:\/\/magnetarmagnets.com\/et\/wp-json\/wp\/v2\/comments?post=81562"}],"version-history":[{"count":0,"href":"https:\/\/magnetarmagnets.com\/et\/wp-json\/wp\/v2\/product\/81562\/revisions"}],"wp:featuredmedia":[{"embeddable":true,"href":"https:\/\/magnetarmagnets.com\/et\/wp-json\/wp\/v2\/media\/74143"}],"wp:attachment":[{"href":"https:\/\/magnetarmagnets.com\/et\/wp-json\/wp\/v2\/media?parent=81562"}],"wp:term":[{"taxonomy":"product_brand","embeddable":true,"href":"https:\/\/magnetarmagnets.com\/et\/wp-json\/wp\/v2\/product_brand?post=81562"},{"taxonomy":"product_cat","embeddable":true,"href":"https:\/\/magnetarmagnets.com\/et\/wp-json\/wp\/v2\/product_cat?post=81562"},{"taxonomy":"product_tag","embeddable":true,"href":"https:\/\/magnetarmagnets.com\/et\/wp-json\/wp\/v2\/product_tag?post=81562"}],"curies":[{"name":"wp","href":"https:\/\/api.w.org\/{rel}","templated":true}]}}