{"id":81561,"date":"2025-06-05T09:54:41","date_gmt":"2025-06-05T07:54:41","guid":{"rendered":"https:\/\/magnetarmagnets.com\/?post_type=product&#038;p=81561"},"modified":"2026-04-04T21:50:31","modified_gmt":"2026-04-04T19:50:31","slug":"classic-uhepoolne-kalapuugimagnet-400-kg-neoduummagnet","status":"publish","type":"product","link":"https:\/\/magnetarmagnets.com\/et\/shop\/classic-uhepoolne-kalapuugimagnet-400-kg-neoduummagnet\/","title":{"rendered":"Klassikaline \u00fchepoolne neod\u00fc\u00fcmmagnet magnetp\u00fc\u00fcgiks \u2013 400 KG"},"content":{"rendered":"The Classic 400 magnetp\u00fc\u00fcgimagnet <span style=\"font-weight: 400;\">on \u00fchepoolne neod\u00fc\u00fcmmagnet magnetp\u00fc\u00fcgiks ja selle maksimaalne t\u00f5mbej\u00f5ud on 400 KG. Classic 400 magnetp\u00fc\u00fcgimagnet on soovitatav nii algajatele, kes soovivad alustada t\u00e4ielikult varustatuna, kui ka edasij\u00f5udnud magnetp\u00fc\u00fcdjatele, kes ihkavad v\u00f5imsat ja kaitstud magnetit. Lisapaks magnet on paigutatud tugeva metallkesta sisse. See tagab, et magnet suudab saavutada tohutu t\u00f5mbej\u00f5u p\u00f5hjast. See magnet kuulub meie \u00fchepoolsete magnetp\u00fc\u00fcgimagnetite valiku v\u00f5imsamate mudelite hulka.<\/span>\n\n\u00c4rge unustage tutvuda meie <a href=\"https:\/\/magnetarmagnets.com\/magnet-fishing-kit\/\">magnetp\u00fc\u00fcgi komplektidega<\/a> &amp; <a href=\"https:\/\/magnetarmagnets.com\/accessories\/\">magnetp\u00fc\u00fcgi tarvikutega<\/a>.\n\n<h2><span style=\"font-weight: 400;\"><strong style=\"font-size: 24px;\">V\u00f5imas \u00fchepoolne magnetp\u00fc\u00fcgimagnet \u2013 400 KG<\/strong><\/span><\/h2>\n\nClassic 400 on Magnetari \u00fchepoolsete magnetp\u00fc\u00fcgimagnetite v\u00f5imsaimate mudelite seas. See erakordne toode on kaitstud vastupidava kestaga, mis tagab kaitse l\u00f6\u00f6kide ja juhuslike kahjustuste eest. Kuna magnet on \u00fchepoolne, koondub magnetj\u00f5ud t\u00e4ielikult magnetp\u00fc\u00fcgimagneti alumisele k\u00fcljele, muutes selle \u00fclimalt tugevaks. Selline j\u00f5ud v\u00f5ib objektide vabastamisel magneti haardest veidi keerukust lisada. Siiski on selle magnetiga vee alt raskeid, lameda pinnaga esemeid nagu seifid, auto osad ja terastalad imelihtne v\u00e4lja v\u00f5tta. Samuti sobib see h\u00e4sti erinevate v\u00e4iksemate ajalooliste artefaktide p\u00fc\u00fcdmiseks.\n\nClassic Fish Magnet 400 KG kasutatakse tavaliselt 8 mm v\u00f5i 10 mm k\u00f6iega. Kas soovite uurida s\u00fcgavamaid veekogusid ja mudaseid setteid? Sellisel juhul saab seda magnetp\u00fc\u00fcgimagnetit kasutada koos meie magnetp\u00fc\u00fcgi piigiga, mis ulatub kuni kolme meetrini ja laiendab magnetp\u00fc\u00fcgi v\u00f5imalusi.\n\nKui otsite magnetp\u00fc\u00fcgimagnetit, millel on magnetj\u00f5ud k\u00f5igil k\u00fclgedel ja sarnase t\u00f5mbej\u00f5uga, kutsume teid tutvuma meie <a href=\"https:\/\/magnetarmagnets.com\/shop\/easy-magnet\">Easy<\/a>, <a href=\"https:\/\/magnetarmagnets.com\/shop\/hardcore-magnet-2\/?v=796834e7a283\">Hardcore<\/a> ja <a href=\"https:\/\/magnetarmagnets.com\/shop\/exclusive-terror-magnet\/?v=796834e7a283\">Terror<\/a> 360\u00b0 magnetp\u00fc\u00fcgimagnetitega.\n\n<h2>Kas see pole liialt palju t\u00f5mbej\u00f5udu?<\/h2>\n\n<span style=\"font-weight: 400;\">\u00c4rge muretsege! Toodetud 400 KG t\u00f5mbej\u00f5ud saavutatakse vaid ideaalsetes tingimustes. Need tingimused on: sile metall 2 cm paksusega, puuduv rooste ja puhas kontakt magneti ja metalli vahel. Veekogus t\u00e4iesti puhta metallplaadiga kohtumise t\u00f5en\u00e4osus on v\u00e4ike. Enamasti on rauaesemetel vees rooste.<\/span>\n\n<h2><b>K\u00f5rge kvaliteet<\/b><\/h2>\n\nMeie magnetp\u00fc\u00fcgimagnetid on valmistatud neod\u00fc\u00fcmist. Magnetari magnetid s\u00e4ilitavad oma magnetj\u00f5u aastak\u00fcmneid, kaotades vaid 1% iga 100 aasta j\u00e4rel (\u00f5ige hoiustamise, hoolduse ja kaitse korral). Seet\u00f5ttu pakume \u00fcht <a href=\"https:\/\/magnetarmagnets.com\/\" target=\"_blank\" rel=\"noopener\">parimat magnetp\u00fc\u00fcgimagnetit<\/a> turul.\n\nEnamik teisi magnetitootjaid n\u00e4itab t\u00f5mbej\u00f5u kadu juba m\u00f5ne n\u00e4dala p\u00e4rast. Viimastel aastatel on turule ilmunud j\u00e4rjest rohkem madala kvaliteediga magneteid: suuremad magnetid madalama t\u00f5mbej\u00f5uga, madala kvaliteediga neod\u00fc\u00fcm ja eksitavad reklaamitaktikad. Kui ostate sellise magneti odavama hinna v\u00f5i suurfirma k\u00e4est, v\u00f5ite pettuda, isegi kui alguses tundub, et olete raha s\u00e4\u00e4stnud.\n\nMagnetar on v\u00e4ike perefirma, kus kvaliteet on alati esikohal. Oleme magnetp\u00fc\u00fcgi entusiastid ja k\u00f5ik meie magnetid on meie meeskonna joonistatud, projekteeritud ja valmistatud, et tagada maksimaalne tulemus. Kui soovite usaldusv\u00e4\u00e4rset, t\u00f5husat ja v\u00f5imsat magnetp\u00fc\u00fcgimagnetit, olete \u00f5iges kohas. Meie meeskond ootab teid hea meelega, <a href=\"mailto:info@magnetarmagnets.nl\">v\u00f5tke meiega \u00fchendust<\/a>.\n\n<h2><b>Kasutage ettevaatlikult<\/b><\/h2>\n\nMeie neod\u00fc\u00fcmmagnetid on v\u00e4ga v\u00f5imsad ja v\u00f5ivad l\u00e4heduses viibivate rauaesemete poole tugevalt t\u00f5mbuda. Tugevamate magnetp\u00fc\u00fcgimagnetite, n\u00e4iteks 360\u00b0 mudelitega, v\u00f5ib teie s\u00f5rmed magneti ja rauaeseme vahele kinni j\u00e4\u00e4da. K\u00e4ituge magnetitega ettevaatlikult ja kasutate neid omal vastutusel. Enne kasutamist lugege alati meie ohutusjuhiseid.\n\n* Lapsed peavad magneti kasutamiseks olema vanema j\u00e4relevalve all.","protected":false},"excerpt":{"rendered":"<p><span style=\"font-weight: 400;\">See <strong>v\u00f5imas kaitstud magnetp\u00fc\u00fcgimagnet<\/strong> t\u00e4idab t\u00f5husalt oma \u00fclesannet. Raskemad esemed t\u00f5mmatakse magneti p\u00f5hjast v\u00e4lja <strong>tohutult suure t\u00f5mbej\u00f5uga<\/strong>. Seda <strong>magnetp\u00fc\u00fcgimagnetit armastavad nii algajad kui edasij\u00f5udnud magnetp\u00fc\u00fcgi entusiastid<\/strong>.<\/span><\/p>\n","protected":false},"featured_media":70325,"comment_status":"open","ping_status":"closed","template":"","meta":{"_acf_changed":false,"inline_featured_image":false},"product_brand":[],"product_cat":[414,493,499],"product_tag":[],"class_list":{"0":"post-81561","1":"product","2":"type-product","3":"status-publish","4":"has-post-thumbnail","6":"product_cat-kogenud-seiklejatele","7":"product_cat-otsingumagnetid","8":"product_cat-uhepoolse-tombega-otsingumagneti","10":"first","11":"instock","12":"sale","13":"taxable","14":"shipping-taxable","15":"purchasable","16":"product-type-simple"},"acf":[],"yoast_head":"<!-- This site is optimized with the Yoast SEO plugin v27.4 - https:\/\/yoast.com\/product\/yoast-seo-wordpress\/ -->\n<title>Klassikaline \u00fchepoolne neod\u00fc\u00fcmmagnet magnetp\u00fc\u00fcgiks \u2013 400 KG - Magnet fishing with a Magnetar fishing magnet<\/title>\n<meta name=\"description\" content=\"\u00dchepoolne magnetp\u00fc\u00fcgimagnet \u2013 400 KG \u2013 Magnetar\" \/>\n<meta name=\"robots\" content=\"index, follow, max-snippet:-1, max-image-preview:large, max-video-preview:-1\" \/>\n<link rel=\"canonical\" href=\"https:\/\/magnetarmagnets.com\/et\/shop\/classic-uhepoolne-kalapuugimagnet-400-kg-neoduummagnet\/\" \/>\n<meta property=\"og:locale\" content=\"et_EE\" \/>\n<meta property=\"og:type\" content=\"article\" \/>\n<meta property=\"og:title\" content=\"Klassikaline \u00fchepoolne neod\u00fc\u00fcmmagnet magnetp\u00fc\u00fcgiks \u2013 400 KG - Magnet fishing with a Magnetar fishing magnet\" \/>\n<meta property=\"og:description\" content=\"\u00dchepoolne magnetp\u00fc\u00fcgimagnet \u2013 400 KG \u2013 Magnetar\" \/>\n<meta property=\"og:url\" content=\"https:\/\/magnetarmagnets.com\/et\/shop\/classic-uhepoolne-kalapuugimagnet-400-kg-neoduummagnet\/\" \/>\n<meta property=\"og:site_name\" content=\"Magnet fishing with a Magnetar fishing magnet\" \/>\n<meta property=\"article:publisher\" content=\"https:\/\/www.facebook.com\/fishingmagnets\/\" \/>\n<meta property=\"article:modified_time\" content=\"2026-04-04T19:50:31+00:00\" \/>\n<meta property=\"og:image\" content=\"https:\/\/magnetarmagnets.com\/wp-content\/uploads\/2017\/07\/vismagneet-350-met-gereedschap.png\" \/>\n\t<meta property=\"og:image:width\" content=\"1000\" \/>\n\t<meta property=\"og:image:height\" content=\"1000\" \/>\n\t<meta property=\"og:image:type\" content=\"image\/png\" \/>\n<meta name=\"twitter:card\" content=\"summary_large_image\" \/>\n<meta name=\"twitter:label1\" content=\"Est. reading time\" \/>\n\t<meta name=\"twitter:data1\" content=\"3 minutit\" \/>\n<script type=\"application\/ld+json\" class=\"yoast-schema-graph\">{\"@context\":\"https:\\\/\\\/schema.org\",\"@graph\":[{\"@type\":[\"WebPage\",\"ItemPage\"],\"@id\":\"https:\\\/\\\/magnetarmagnets.com\\\/et\\\/shop\\\/classic-uhepoolne-kalapuugimagnet-400-kg-neoduummagnet\\\/\",\"url\":\"https:\\\/\\\/magnetarmagnets.com\\\/et\\\/shop\\\/classic-uhepoolne-kalapuugimagnet-400-kg-neoduummagnet\\\/\",\"name\":\"Klassikaline \u00fchepoolne neod\u00fc\u00fcmmagnet magnetp\u00fc\u00fcgiks \u2013 400 KG - Magnet fishing with a Magnetar fishing magnet\",\"isPartOf\":{\"@id\":\"https:\\\/\\\/magnetarmagnets.com\\\/et\\\/#website\"},\"primaryImageOfPage\":{\"@id\":\"https:\\\/\\\/magnetarmagnets.com\\\/et\\\/shop\\\/classic-uhepoolne-kalapuugimagnet-400-kg-neoduummagnet\\\/#primaryimage\"},\"image\":{\"@id\":\"https:\\\/\\\/magnetarmagnets.com\\\/et\\\/shop\\\/classic-uhepoolne-kalapuugimagnet-400-kg-neoduummagnet\\\/#primaryimage\"},\"thumbnailUrl\":\"https:\\\/\\\/magnetarmagnets.com\\\/wp-content\\\/uploads\\\/2017\\\/07\\\/vismagneet-350-met-gereedschap.png\",\"datePublished\":\"2025-06-05T07:54:41+00:00\",\"dateModified\":\"2026-04-04T19:50:31+00:00\",\"description\":\"\u00dchepoolne magnetp\u00fc\u00fcgimagnet \u2013 400 KG \u2013 Magnetar\",\"breadcrumb\":{\"@id\":\"https:\\\/\\\/magnetarmagnets.com\\\/et\\\/shop\\\/classic-uhepoolne-kalapuugimagnet-400-kg-neoduummagnet\\\/#breadcrumb\"},\"inLanguage\":\"et\",\"potentialAction\":[{\"@type\":\"ReadAction\",\"target\":[\"https:\\\/\\\/magnetarmagnets.com\\\/et\\\/shop\\\/classic-uhepoolne-kalapuugimagnet-400-kg-neoduummagnet\\\/\"]}]},{\"@type\":\"ImageObject\",\"inLanguage\":\"et\",\"@id\":\"https:\\\/\\\/magnetarmagnets.com\\\/et\\\/shop\\\/classic-uhepoolne-kalapuugimagnet-400-kg-neoduummagnet\\\/#primaryimage\",\"url\":\"https:\\\/\\\/magnetarmagnets.com\\\/wp-content\\\/uploads\\\/2017\\\/07\\\/vismagneet-350-met-gereedschap.png\",\"contentUrl\":\"https:\\\/\\\/magnetarmagnets.com\\\/wp-content\\\/uploads\\\/2017\\\/07\\\/vismagneet-350-met-gereedschap.png\",\"width\":1000,\"height\":1000,\"caption\":\"vismagneet 350 met gereedschap\"},{\"@type\":\"BreadcrumbList\",\"@id\":\"https:\\\/\\\/magnetarmagnets.com\\\/et\\\/shop\\\/classic-uhepoolne-kalapuugimagnet-400-kg-neoduummagnet\\\/#breadcrumb\",\"itemListElement\":[{\"@type\":\"ListItem\",\"position\":1,\"name\":\"Home\",\"item\":\"https:\\\/\\\/magnetarmagnets.com\\\/et\\\/\"},{\"@type\":\"ListItem\",\"position\":2,\"name\":\"pood\",\"item\":\"https:\\\/\\\/magnetarmagnets.com\\\/et\\\/pood\\\/\"},{\"@type\":\"ListItem\",\"position\":3,\"name\":\"Otsingumagnetid\",\"item\":\"https:\\\/\\\/magnetarmagnets.com\\\/et\\\/collections\\\/otsingumagnetid\\\/\"},{\"@type\":\"ListItem\",\"position\":4,\"name\":\"\u00dchepoolse t\u00f5mbega otsingumagneti\",\"item\":\"https:\\\/\\\/magnetarmagnets.com\\\/et\\\/collections\\\/otsingumagnetid\\\/uhepoolse-tombega-otsingumagneti\\\/\"},{\"@type\":\"ListItem\",\"position\":5,\"name\":\"Klassikaline \u00fchepoolne neod\u00fc\u00fcmmagnet magnetp\u00fc\u00fcgiks \u2013 400 KG\"}]},{\"@type\":\"WebSite\",\"@id\":\"https:\\\/\\\/magnetarmagnets.com\\\/et\\\/#website\",\"url\":\"https:\\\/\\\/magnetarmagnets.com\\\/et\\\/\",\"name\":\"Magnet fishing with a Magnetar fishing magnet\",\"description\":\"Tugevad magnetid magnetp\u00fc\u00fcgiks\",\"publisher\":{\"@id\":\"https:\\\/\\\/magnetarmagnets.com\\\/et\\\/#organization\"},\"potentialAction\":[{\"@type\":\"SearchAction\",\"target\":{\"@type\":\"EntryPoint\",\"urlTemplate\":\"https:\\\/\\\/magnetarmagnets.com\\\/et\\\/?s={search_term_string}\"},\"query-input\":{\"@type\":\"PropertyValueSpecification\",\"valueRequired\":true,\"valueName\":\"search_term_string\"}}],\"inLanguage\":\"et\"},{\"@type\":\"Organization\",\"@id\":\"https:\\\/\\\/magnetarmagnets.com\\\/et\\\/#organization\",\"name\":\"Magnetar\",\"url\":\"https:\\\/\\\/magnetarmagnets.com\\\/et\\\/\",\"logo\":{\"@type\":\"ImageObject\",\"inLanguage\":\"et\",\"@id\":\"https:\\\/\\\/magnetarmagnets.com\\\/et\\\/#\\\/schema\\\/logo\\\/image\\\/\",\"url\":\"https:\\\/\\\/magnetarmagnets.com\\\/wp-content\\\/uploads\\\/2025\\\/05\\\/Logo-03_PNG-Black-scaled.png\",\"contentUrl\":\"https:\\\/\\\/magnetarmagnets.com\\\/wp-content\\\/uploads\\\/2025\\\/05\\\/Logo-03_PNG-Black-scaled.png\",\"width\":2560,\"height\":1658,\"caption\":\"Magnetar\"},\"image\":{\"@id\":\"https:\\\/\\\/magnetarmagnets.com\\\/et\\\/#\\\/schema\\\/logo\\\/image\\\/\"},\"sameAs\":[\"https:\\\/\\\/www.facebook.com\\\/fishingmagnets\\\/\",\"https:\\\/\\\/www.instagram.com\\\/magnetar_magnets\\\/\",\"https:\\\/\\\/www.linkedin.com\\\/company\\\/magnetarbv\\\/?originalSubdomain=nl\",\"https:\\\/\\\/www.youtube.com\\\/c\\\/MagnetarVismagneet\"]}]}<\/script>\n<!-- \/ Yoast SEO plugin. -->","yoast_head_json":{"title":"Klassikaline \u00fchepoolne neod\u00fc\u00fcmmagnet magnetp\u00fc\u00fcgiks \u2013 400 KG - Magnet fishing with a Magnetar fishing magnet","description":"\u00dchepoolne magnetp\u00fc\u00fcgimagnet \u2013 400 KG \u2013 Magnetar","robots":{"index":"index","follow":"follow","max-snippet":"max-snippet:-1","max-image-preview":"max-image-preview:large","max-video-preview":"max-video-preview:-1"},"canonical":"https:\/\/magnetarmagnets.com\/et\/shop\/classic-uhepoolne-kalapuugimagnet-400-kg-neoduummagnet\/","og_locale":"et_EE","og_type":"article","og_title":"Klassikaline \u00fchepoolne neod\u00fc\u00fcmmagnet magnetp\u00fc\u00fcgiks \u2013 400 KG - Magnet fishing with a Magnetar fishing magnet","og_description":"\u00dchepoolne magnetp\u00fc\u00fcgimagnet \u2013 400 KG \u2013 Magnetar","og_url":"https:\/\/magnetarmagnets.com\/et\/shop\/classic-uhepoolne-kalapuugimagnet-400-kg-neoduummagnet\/","og_site_name":"Magnet fishing with a Magnetar fishing magnet","article_publisher":"https:\/\/www.facebook.com\/fishingmagnets\/","article_modified_time":"2026-04-04T19:50:31+00:00","og_image":[{"width":1000,"height":1000,"url":"https:\/\/magnetarmagnets.com\/wp-content\/uploads\/2017\/07\/vismagneet-350-met-gereedschap.png","type":"image\/png"}],"twitter_card":"summary_large_image","twitter_misc":{"Est. reading time":"3 minutit"},"schema":{"@context":"https:\/\/schema.org","@graph":[{"@type":["WebPage","ItemPage"],"@id":"https:\/\/magnetarmagnets.com\/et\/shop\/classic-uhepoolne-kalapuugimagnet-400-kg-neoduummagnet\/","url":"https:\/\/magnetarmagnets.com\/et\/shop\/classic-uhepoolne-kalapuugimagnet-400-kg-neoduummagnet\/","name":"Klassikaline \u00fchepoolne neod\u00fc\u00fcmmagnet magnetp\u00fc\u00fcgiks \u2013 400 KG - Magnet fishing with a Magnetar fishing magnet","isPartOf":{"@id":"https:\/\/magnetarmagnets.com\/et\/#website"},"primaryImageOfPage":{"@id":"https:\/\/magnetarmagnets.com\/et\/shop\/classic-uhepoolne-kalapuugimagnet-400-kg-neoduummagnet\/#primaryimage"},"image":{"@id":"https:\/\/magnetarmagnets.com\/et\/shop\/classic-uhepoolne-kalapuugimagnet-400-kg-neoduummagnet\/#primaryimage"},"thumbnailUrl":"https:\/\/magnetarmagnets.com\/wp-content\/uploads\/2017\/07\/vismagneet-350-met-gereedschap.png","datePublished":"2025-06-05T07:54:41+00:00","dateModified":"2026-04-04T19:50:31+00:00","description":"\u00dchepoolne magnetp\u00fc\u00fcgimagnet \u2013 400 KG \u2013 Magnetar","breadcrumb":{"@id":"https:\/\/magnetarmagnets.com\/et\/shop\/classic-uhepoolne-kalapuugimagnet-400-kg-neoduummagnet\/#breadcrumb"},"inLanguage":"et","potentialAction":[{"@type":"ReadAction","target":["https:\/\/magnetarmagnets.com\/et\/shop\/classic-uhepoolne-kalapuugimagnet-400-kg-neoduummagnet\/"]}]},{"@type":"ImageObject","inLanguage":"et","@id":"https:\/\/magnetarmagnets.com\/et\/shop\/classic-uhepoolne-kalapuugimagnet-400-kg-neoduummagnet\/#primaryimage","url":"https:\/\/magnetarmagnets.com\/wp-content\/uploads\/2017\/07\/vismagneet-350-met-gereedschap.png","contentUrl":"https:\/\/magnetarmagnets.com\/wp-content\/uploads\/2017\/07\/vismagneet-350-met-gereedschap.png","width":1000,"height":1000,"caption":"vismagneet 350 met gereedschap"},{"@type":"BreadcrumbList","@id":"https:\/\/magnetarmagnets.com\/et\/shop\/classic-uhepoolne-kalapuugimagnet-400-kg-neoduummagnet\/#breadcrumb","itemListElement":[{"@type":"ListItem","position":1,"name":"Home","item":"https:\/\/magnetarmagnets.com\/et\/"},{"@type":"ListItem","position":2,"name":"pood","item":"https:\/\/magnetarmagnets.com\/et\/pood\/"},{"@type":"ListItem","position":3,"name":"Otsingumagnetid","item":"https:\/\/magnetarmagnets.com\/et\/collections\/otsingumagnetid\/"},{"@type":"ListItem","position":4,"name":"\u00dchepoolse t\u00f5mbega otsingumagneti","item":"https:\/\/magnetarmagnets.com\/et\/collections\/otsingumagnetid\/uhepoolse-tombega-otsingumagneti\/"},{"@type":"ListItem","position":5,"name":"Klassikaline \u00fchepoolne neod\u00fc\u00fcmmagnet magnetp\u00fc\u00fcgiks \u2013 400 KG"}]},{"@type":"WebSite","@id":"https:\/\/magnetarmagnets.com\/et\/#website","url":"https:\/\/magnetarmagnets.com\/et\/","name":"Magnet fishing with a Magnetar fishing magnet","description":"Tugevad magnetid magnetp\u00fc\u00fcgiks","publisher":{"@id":"https:\/\/magnetarmagnets.com\/et\/#organization"},"potentialAction":[{"@type":"SearchAction","target":{"@type":"EntryPoint","urlTemplate":"https:\/\/magnetarmagnets.com\/et\/?s={search_term_string}"},"query-input":{"@type":"PropertyValueSpecification","valueRequired":true,"valueName":"search_term_string"}}],"inLanguage":"et"},{"@type":"Organization","@id":"https:\/\/magnetarmagnets.com\/et\/#organization","name":"Magnetar","url":"https:\/\/magnetarmagnets.com\/et\/","logo":{"@type":"ImageObject","inLanguage":"et","@id":"https:\/\/magnetarmagnets.com\/et\/#\/schema\/logo\/image\/","url":"https:\/\/magnetarmagnets.com\/wp-content\/uploads\/2025\/05\/Logo-03_PNG-Black-scaled.png","contentUrl":"https:\/\/magnetarmagnets.com\/wp-content\/uploads\/2025\/05\/Logo-03_PNG-Black-scaled.png","width":2560,"height":1658,"caption":"Magnetar"},"image":{"@id":"https:\/\/magnetarmagnets.com\/et\/#\/schema\/logo\/image\/"},"sameAs":["https:\/\/www.facebook.com\/fishingmagnets\/","https:\/\/www.instagram.com\/magnetar_magnets\/","https:\/\/www.linkedin.com\/company\/magnetarbv\/?originalSubdomain=nl","https:\/\/www.youtube.com\/c\/MagnetarVismagneet"]}]}},"_links":{"self":[{"href":"https:\/\/magnetarmagnets.com\/et\/wp-json\/wp\/v2\/product\/81561","targetHints":{"allow":["GET"]}}],"collection":[{"href":"https:\/\/magnetarmagnets.com\/et\/wp-json\/wp\/v2\/product"}],"about":[{"href":"https:\/\/magnetarmagnets.com\/et\/wp-json\/wp\/v2\/types\/product"}],"replies":[{"embeddable":true,"href":"https:\/\/magnetarmagnets.com\/et\/wp-json\/wp\/v2\/comments?post=81561"}],"version-history":[{"count":0,"href":"https:\/\/magnetarmagnets.com\/et\/wp-json\/wp\/v2\/product\/81561\/revisions"}],"wp:featuredmedia":[{"embeddable":true,"href":"https:\/\/magnetarmagnets.com\/et\/wp-json\/wp\/v2\/media\/70325"}],"wp:attachment":[{"href":"https:\/\/magnetarmagnets.com\/et\/wp-json\/wp\/v2\/media?parent=81561"}],"wp:term":[{"taxonomy":"product_brand","embeddable":true,"href":"https:\/\/magnetarmagnets.com\/et\/wp-json\/wp\/v2\/product_brand?post=81561"},{"taxonomy":"product_cat","embeddable":true,"href":"https:\/\/magnetarmagnets.com\/et\/wp-json\/wp\/v2\/product_cat?post=81561"},{"taxonomy":"product_tag","embeddable":true,"href":"https:\/\/magnetarmagnets.com\/et\/wp-json\/wp\/v2\/product_tag?post=81561"}],"curies":[{"name":"wp","href":"https:\/\/api.w.org\/{rel}","templated":true}]}}