{"id":81559,"date":"2025-06-05T09:54:40","date_gmt":"2025-06-05T07:54:40","guid":{"rendered":"https:\/\/magnetarmagnets.com\/?post_type=product&#038;p=81559"},"modified":"2026-04-03T11:47:29","modified_gmt":"2026-04-03T09:47:29","slug":"hardcore-neoduummagnet-600-kg-tombejoud-360-koiksuunaline","status":"publish","type":"product","link":"https:\/\/magnetarmagnets.com\/et\/shop\/hardcore-neoduummagnet-600-kg-tombejoud-360-koiksuunaline\/","title":{"rendered":"Hardcore Neod\u00fc\u00fcmmagnet\u00ae \u2013 600 kg \u2013 Allround 360\u00b0"},"content":{"rendered":"<span style=\"font-weight: 400\">* Kaitske magneti <\/span><a href=\"https:\/\/magnetarmagnets.com\/shop\/protection-cover-hardcore\/\" target=\"_blank\" rel=\"noopener\"><b>kaitsekilega<\/b><\/a><span style=\"font-weight: 400\"> p\u00fc\u00fcgikorral. Ilma kaitsekilega v\u00f5ib magnet tugeva objekti kokkup\u00f5rkel kahjustuda. Kaitsekate ei kuulu komplekti.<\/span>\n\n<h2><b>Hardcore neod\u00fc\u00fcmmagnet magnetp\u00fc\u00fcgiks<\/b><\/h2>\n\n<span style=\"font-weight: 400\">Meie universaalne 360\u00b0 neod\u00fc\u00fcmmagnet omab tohutut magnetilist t\u00f5mbej\u00f5udu! See on \u00fcks <a href=\"https:\/\/magnetarmagnets.com\/strong-fishing-magnets\/\" target=\"_blank\" rel=\"noopener\">tugevamaid magnetp\u00fc\u00fcgimagneteid<\/a> ja parima hinnaga magnetp\u00fc\u00fcgimagneteid turul. <\/span><b>Magneti \u00fcmber ulatuv t\u00f5mbej\u00f5ud 14 cm (5,5&#8243;)<\/b><span style=\"font-weight: 400\"> annab teile suure v\u00f5imaluse leida suuremaid ja v\u00e4\u00e4rtuslikumaid aardeid. Paljud magnetp\u00fc\u00fcgihuvilised kiidavad universaalset Hardcore magnetit selle t\u00f5husate saagisaavutuste p\u00e4rast \u2013 vaata, mida professionaalid on <\/span><a href=\"https:\/\/www.youtube.com\/watch?v=1izvqgYbtd8\" target=\"_blank\" rel=\"noopener\"><span style=\"font-weight: 400\">YouTube\u2019is<\/span><\/a><span style=\"font-weight: 400\">! Universaalne Hardcore magnetp\u00fc\u00fcgimagnet on ideaalne magnetp\u00fc\u00fcdjatele, kes soovivad oma \u00fchepoolset v\u00f5i kahepoolselt magnetit veelgi suurema kogut\u00f5mbej\u00f5uga t\u00e4iustada.<\/span>\n\n<h2><b>Kas oled valmis Hardcore\u2019i tasemele t\u00f5usma?<\/b><\/h2>\n\n<span style=\"font-weight: 400\">Saabu Hardcore magnetp\u00fc\u00fcdjaks! Nimi r\u00e4\u00e4gib enda eest \u2013 see magnet on v\u00e4ga tugev! Hardcore magnet haarab k\u00f5iki objekte igast suunast, l\u00e4bi muda ega takerdu kergesti kividele. Ei ole liiga raske ega liiga kerge \u2013 seda magnetit saab tunde visata ilma probleemideta.<\/span>","protected":false},"excerpt":{"rendered":"<p>Proovi meie <strong>enimm\u00fc\u00fcdud magnetp\u00fc\u00fcgimagnetit<\/strong> 360\u00b0 magnetv\u00e4lja funktsiooniga. Magnetari poolt disainitud see <strong>puhas neod\u00fc\u00fcmmagnet<\/strong> on <strong>erakordselt v\u00f5imas<\/strong>, t\u00f5mbej\u00f5ud kuni 600 kg.<\/p>\n","protected":false},"featured_media":73997,"comment_status":"open","ping_status":"closed","template":"","meta":{"_acf_changed":false,"inline_featured_image":false},"product_brand":[],"product_cat":[415,494,414,493],"product_tag":[],"class_list":{"0":"post-81559","1":"product","2":"type-product","3":"status-publish","4":"has-post-thumbnail","6":"product_cat-algajatele-ja-lastele","7":"product_cat-allround-360-otsingumagnetid","8":"product_cat-kogenud-seiklejatele","9":"product_cat-otsingumagnetid","11":"first","12":"instock","13":"sale","14":"taxable","15":"shipping-taxable","16":"purchasable","17":"product-type-simple"},"acf":[],"yoast_head":"<!-- This site is optimized with the Yoast SEO plugin v27.4 - https:\/\/yoast.com\/product\/yoast-seo-wordpress\/ -->\n<title>Hardcore Neod\u00fc\u00fcmmagnet\u00ae \u2013 600 kg \u2013 Allround 360\u00b0<\/title>\n<meta name=\"description\" content=\"Hardcore magnetp\u00fc\u00fcgimagnet on kuulsaim universaalne magnet. V\u00e4ga tugev, suurep\u00e4rase kvaliteediga, ideaalne viskamiseks ja 360\u00b0 magnett\u00f5mbega.\" \/>\n<meta name=\"robots\" content=\"index, follow, max-snippet:-1, max-image-preview:large, max-video-preview:-1\" \/>\n<link rel=\"canonical\" href=\"https:\/\/magnetarmagnets.com\/et\/shop\/hardcore-neoduummagnet-600-kg-tombejoud-360-koiksuunaline\/\" \/>\n<meta property=\"og:locale\" content=\"et_EE\" \/>\n<meta property=\"og:type\" content=\"article\" \/>\n<meta property=\"og:title\" content=\"Hardcore Neod\u00fc\u00fcmmagnet\u00ae \u2013 600 kg \u2013 Allround 360\u00b0\" \/>\n<meta property=\"og:description\" content=\"Hardcore magnetp\u00fc\u00fcgimagnet on kuulsaim universaalne magnet. V\u00e4ga tugev, suurep\u00e4rase kvaliteediga, ideaalne viskamiseks ja 360\u00b0 magnett\u00f5mbega.\" \/>\n<meta property=\"og:url\" content=\"https:\/\/magnetarmagnets.com\/et\/shop\/hardcore-neoduummagnet-600-kg-tombejoud-360-koiksuunaline\/\" \/>\n<meta property=\"og:site_name\" content=\"Magnet fishing with a Magnetar fishing magnet\" \/>\n<meta property=\"article:publisher\" content=\"https:\/\/www.facebook.com\/fishingmagnets\/\" \/>\n<meta property=\"article:modified_time\" content=\"2026-04-03T09:47:29+00:00\" \/>\n<meta property=\"og:image\" content=\"https:\/\/magnetarmagnets.com\/wp-content\/uploads\/2023\/12\/The_Hardcore_fishing_magnet_Triangle.jpeg.jpg\" \/>\n\t<meta property=\"og:image:width\" content=\"1000\" \/>\n\t<meta property=\"og:image:height\" content=\"1000\" \/>\n\t<meta property=\"og:image:type\" content=\"image\/jpeg\" \/>\n<meta name=\"twitter:card\" content=\"summary_large_image\" \/>\n<meta name=\"twitter:label1\" content=\"Est. reading time\" \/>\n\t<meta name=\"twitter:data1\" content=\"5 minutit\" \/>\n<script type=\"application\/ld+json\" class=\"yoast-schema-graph\">{\"@context\":\"https:\\\/\\\/schema.org\",\"@graph\":[{\"@type\":[\"WebPage\",\"ItemPage\"],\"@id\":\"https:\\\/\\\/magnetarmagnets.com\\\/et\\\/shop\\\/hardcore-neoduummagnet-600-kg-tombejoud-360-koiksuunaline\\\/\",\"url\":\"https:\\\/\\\/magnetarmagnets.com\\\/et\\\/shop\\\/hardcore-neoduummagnet-600-kg-tombejoud-360-koiksuunaline\\\/\",\"name\":\"Hardcore Neod\u00fc\u00fcmmagnet\u00ae \u2013 600 kg \u2013 Allround 360\u00b0\",\"isPartOf\":{\"@id\":\"https:\\\/\\\/magnetarmagnets.com\\\/et\\\/#website\"},\"primaryImageOfPage\":{\"@id\":\"https:\\\/\\\/magnetarmagnets.com\\\/et\\\/shop\\\/hardcore-neoduummagnet-600-kg-tombejoud-360-koiksuunaline\\\/#primaryimage\"},\"image\":{\"@id\":\"https:\\\/\\\/magnetarmagnets.com\\\/et\\\/shop\\\/hardcore-neoduummagnet-600-kg-tombejoud-360-koiksuunaline\\\/#primaryimage\"},\"thumbnailUrl\":\"https:\\\/\\\/magnetarmagnets.com\\\/wp-content\\\/uploads\\\/2023\\\/12\\\/The_Hardcore_fishing_magnet_Triangle.jpeg.jpg\",\"datePublished\":\"2025-06-05T07:54:40+00:00\",\"dateModified\":\"2026-04-03T09:47:29+00:00\",\"description\":\"Hardcore magnetp\u00fc\u00fcgimagnet on kuulsaim universaalne magnet. V\u00e4ga tugev, suurep\u00e4rase kvaliteediga, ideaalne viskamiseks ja 360\u00b0 magnett\u00f5mbega.\",\"breadcrumb\":{\"@id\":\"https:\\\/\\\/magnetarmagnets.com\\\/et\\\/shop\\\/hardcore-neoduummagnet-600-kg-tombejoud-360-koiksuunaline\\\/#breadcrumb\"},\"inLanguage\":\"et\",\"potentialAction\":[{\"@type\":\"ReadAction\",\"target\":[\"https:\\\/\\\/magnetarmagnets.com\\\/et\\\/shop\\\/hardcore-neoduummagnet-600-kg-tombejoud-360-koiksuunaline\\\/\"]}]},{\"@type\":\"ImageObject\",\"inLanguage\":\"et\",\"@id\":\"https:\\\/\\\/magnetarmagnets.com\\\/et\\\/shop\\\/hardcore-neoduummagnet-600-kg-tombejoud-360-koiksuunaline\\\/#primaryimage\",\"url\":\"https:\\\/\\\/magnetarmagnets.com\\\/wp-content\\\/uploads\\\/2023\\\/12\\\/The_Hardcore_fishing_magnet_Triangle.jpeg.jpg\",\"contentUrl\":\"https:\\\/\\\/magnetarmagnets.com\\\/wp-content\\\/uploads\\\/2023\\\/12\\\/The_Hardcore_fishing_magnet_Triangle.jpeg.jpg\",\"width\":1000,\"height\":1000,\"caption\":\"The Hardcore fishing magnet for magnet fishing\"},{\"@type\":\"BreadcrumbList\",\"@id\":\"https:\\\/\\\/magnetarmagnets.com\\\/et\\\/shop\\\/hardcore-neoduummagnet-600-kg-tombejoud-360-koiksuunaline\\\/#breadcrumb\",\"itemListElement\":[{\"@type\":\"ListItem\",\"position\":1,\"name\":\"Home\",\"item\":\"https:\\\/\\\/magnetarmagnets.com\\\/et\\\/\"},{\"@type\":\"ListItem\",\"position\":2,\"name\":\"pood\",\"item\":\"https:\\\/\\\/magnetarmagnets.com\\\/et\\\/pood\\\/\"},{\"@type\":\"ListItem\",\"position\":3,\"name\":\"Otsingumagnetid\",\"item\":\"https:\\\/\\\/magnetarmagnets.com\\\/et\\\/collections\\\/otsingumagnetid\\\/\"},{\"@type\":\"ListItem\",\"position\":4,\"name\":\"Allround 360 otsingumagnetid\",\"item\":\"https:\\\/\\\/magnetarmagnets.com\\\/et\\\/collections\\\/otsingumagnetid\\\/allround-360-otsingumagnetid\\\/\"},{\"@type\":\"ListItem\",\"position\":5,\"name\":\"Hardcore Neod\u00fc\u00fcmmagnet\u00ae \u2013 600 kg \u2013 Allround 360\u00b0\"}]},{\"@type\":\"WebSite\",\"@id\":\"https:\\\/\\\/magnetarmagnets.com\\\/et\\\/#website\",\"url\":\"https:\\\/\\\/magnetarmagnets.com\\\/et\\\/\",\"name\":\"Magnet fishing with a Magnetar fishing magnet\",\"description\":\"Tugevad magnetid magnetp\u00fc\u00fcgiks\",\"publisher\":{\"@id\":\"https:\\\/\\\/magnetarmagnets.com\\\/et\\\/#organization\"},\"potentialAction\":[{\"@type\":\"SearchAction\",\"target\":{\"@type\":\"EntryPoint\",\"urlTemplate\":\"https:\\\/\\\/magnetarmagnets.com\\\/et\\\/?s={search_term_string}\"},\"query-input\":{\"@type\":\"PropertyValueSpecification\",\"valueRequired\":true,\"valueName\":\"search_term_string\"}}],\"inLanguage\":\"et\"},{\"@type\":\"Organization\",\"@id\":\"https:\\\/\\\/magnetarmagnets.com\\\/et\\\/#organization\",\"name\":\"Magnetar\",\"url\":\"https:\\\/\\\/magnetarmagnets.com\\\/et\\\/\",\"logo\":{\"@type\":\"ImageObject\",\"inLanguage\":\"et\",\"@id\":\"https:\\\/\\\/magnetarmagnets.com\\\/et\\\/#\\\/schema\\\/logo\\\/image\\\/\",\"url\":\"https:\\\/\\\/magnetarmagnets.com\\\/wp-content\\\/uploads\\\/2025\\\/05\\\/Logo-03_PNG-Black-scaled.png\",\"contentUrl\":\"https:\\\/\\\/magnetarmagnets.com\\\/wp-content\\\/uploads\\\/2025\\\/05\\\/Logo-03_PNG-Black-scaled.png\",\"width\":2560,\"height\":1658,\"caption\":\"Magnetar\"},\"image\":{\"@id\":\"https:\\\/\\\/magnetarmagnets.com\\\/et\\\/#\\\/schema\\\/logo\\\/image\\\/\"},\"sameAs\":[\"https:\\\/\\\/www.facebook.com\\\/fishingmagnets\\\/\",\"https:\\\/\\\/www.instagram.com\\\/magnetar_magnets\\\/\",\"https:\\\/\\\/www.linkedin.com\\\/company\\\/magnetarbv\\\/?originalSubdomain=nl\",\"https:\\\/\\\/www.youtube.com\\\/c\\\/MagnetarVismagneet\"]}]}<\/script>\n<!-- \/ Yoast SEO plugin. -->","yoast_head_json":{"title":"Hardcore Neod\u00fc\u00fcmmagnet\u00ae \u2013 600 kg \u2013 Allround 360\u00b0","description":"Hardcore magnetp\u00fc\u00fcgimagnet on kuulsaim universaalne magnet. V\u00e4ga tugev, suurep\u00e4rase kvaliteediga, ideaalne viskamiseks ja 360\u00b0 magnett\u00f5mbega.","robots":{"index":"index","follow":"follow","max-snippet":"max-snippet:-1","max-image-preview":"max-image-preview:large","max-video-preview":"max-video-preview:-1"},"canonical":"https:\/\/magnetarmagnets.com\/et\/shop\/hardcore-neoduummagnet-600-kg-tombejoud-360-koiksuunaline\/","og_locale":"et_EE","og_type":"article","og_title":"Hardcore Neod\u00fc\u00fcmmagnet\u00ae \u2013 600 kg \u2013 Allround 360\u00b0","og_description":"Hardcore magnetp\u00fc\u00fcgimagnet on kuulsaim universaalne magnet. V\u00e4ga tugev, suurep\u00e4rase kvaliteediga, ideaalne viskamiseks ja 360\u00b0 magnett\u00f5mbega.","og_url":"https:\/\/magnetarmagnets.com\/et\/shop\/hardcore-neoduummagnet-600-kg-tombejoud-360-koiksuunaline\/","og_site_name":"Magnet fishing with a Magnetar fishing magnet","article_publisher":"https:\/\/www.facebook.com\/fishingmagnets\/","article_modified_time":"2026-04-03T09:47:29+00:00","og_image":[{"width":1000,"height":1000,"url":"https:\/\/magnetarmagnets.com\/wp-content\/uploads\/2023\/12\/The_Hardcore_fishing_magnet_Triangle.jpeg.jpg","type":"image\/jpeg"}],"twitter_card":"summary_large_image","twitter_misc":{"Est. reading time":"5 minutit"},"schema":{"@context":"https:\/\/schema.org","@graph":[{"@type":["WebPage","ItemPage"],"@id":"https:\/\/magnetarmagnets.com\/et\/shop\/hardcore-neoduummagnet-600-kg-tombejoud-360-koiksuunaline\/","url":"https:\/\/magnetarmagnets.com\/et\/shop\/hardcore-neoduummagnet-600-kg-tombejoud-360-koiksuunaline\/","name":"Hardcore Neod\u00fc\u00fcmmagnet\u00ae \u2013 600 kg \u2013 Allround 360\u00b0","isPartOf":{"@id":"https:\/\/magnetarmagnets.com\/et\/#website"},"primaryImageOfPage":{"@id":"https:\/\/magnetarmagnets.com\/et\/shop\/hardcore-neoduummagnet-600-kg-tombejoud-360-koiksuunaline\/#primaryimage"},"image":{"@id":"https:\/\/magnetarmagnets.com\/et\/shop\/hardcore-neoduummagnet-600-kg-tombejoud-360-koiksuunaline\/#primaryimage"},"thumbnailUrl":"https:\/\/magnetarmagnets.com\/wp-content\/uploads\/2023\/12\/The_Hardcore_fishing_magnet_Triangle.jpeg.jpg","datePublished":"2025-06-05T07:54:40+00:00","dateModified":"2026-04-03T09:47:29+00:00","description":"Hardcore magnetp\u00fc\u00fcgimagnet on kuulsaim universaalne magnet. V\u00e4ga tugev, suurep\u00e4rase kvaliteediga, ideaalne viskamiseks ja 360\u00b0 magnett\u00f5mbega.","breadcrumb":{"@id":"https:\/\/magnetarmagnets.com\/et\/shop\/hardcore-neoduummagnet-600-kg-tombejoud-360-koiksuunaline\/#breadcrumb"},"inLanguage":"et","potentialAction":[{"@type":"ReadAction","target":["https:\/\/magnetarmagnets.com\/et\/shop\/hardcore-neoduummagnet-600-kg-tombejoud-360-koiksuunaline\/"]}]},{"@type":"ImageObject","inLanguage":"et","@id":"https:\/\/magnetarmagnets.com\/et\/shop\/hardcore-neoduummagnet-600-kg-tombejoud-360-koiksuunaline\/#primaryimage","url":"https:\/\/magnetarmagnets.com\/wp-content\/uploads\/2023\/12\/The_Hardcore_fishing_magnet_Triangle.jpeg.jpg","contentUrl":"https:\/\/magnetarmagnets.com\/wp-content\/uploads\/2023\/12\/The_Hardcore_fishing_magnet_Triangle.jpeg.jpg","width":1000,"height":1000,"caption":"The Hardcore fishing magnet for magnet fishing"},{"@type":"BreadcrumbList","@id":"https:\/\/magnetarmagnets.com\/et\/shop\/hardcore-neoduummagnet-600-kg-tombejoud-360-koiksuunaline\/#breadcrumb","itemListElement":[{"@type":"ListItem","position":1,"name":"Home","item":"https:\/\/magnetarmagnets.com\/et\/"},{"@type":"ListItem","position":2,"name":"pood","item":"https:\/\/magnetarmagnets.com\/et\/pood\/"},{"@type":"ListItem","position":3,"name":"Otsingumagnetid","item":"https:\/\/magnetarmagnets.com\/et\/collections\/otsingumagnetid\/"},{"@type":"ListItem","position":4,"name":"Allround 360 otsingumagnetid","item":"https:\/\/magnetarmagnets.com\/et\/collections\/otsingumagnetid\/allround-360-otsingumagnetid\/"},{"@type":"ListItem","position":5,"name":"Hardcore Neod\u00fc\u00fcmmagnet\u00ae \u2013 600 kg \u2013 Allround 360\u00b0"}]},{"@type":"WebSite","@id":"https:\/\/magnetarmagnets.com\/et\/#website","url":"https:\/\/magnetarmagnets.com\/et\/","name":"Magnet fishing with a Magnetar fishing magnet","description":"Tugevad magnetid magnetp\u00fc\u00fcgiks","publisher":{"@id":"https:\/\/magnetarmagnets.com\/et\/#organization"},"potentialAction":[{"@type":"SearchAction","target":{"@type":"EntryPoint","urlTemplate":"https:\/\/magnetarmagnets.com\/et\/?s={search_term_string}"},"query-input":{"@type":"PropertyValueSpecification","valueRequired":true,"valueName":"search_term_string"}}],"inLanguage":"et"},{"@type":"Organization","@id":"https:\/\/magnetarmagnets.com\/et\/#organization","name":"Magnetar","url":"https:\/\/magnetarmagnets.com\/et\/","logo":{"@type":"ImageObject","inLanguage":"et","@id":"https:\/\/magnetarmagnets.com\/et\/#\/schema\/logo\/image\/","url":"https:\/\/magnetarmagnets.com\/wp-content\/uploads\/2025\/05\/Logo-03_PNG-Black-scaled.png","contentUrl":"https:\/\/magnetarmagnets.com\/wp-content\/uploads\/2025\/05\/Logo-03_PNG-Black-scaled.png","width":2560,"height":1658,"caption":"Magnetar"},"image":{"@id":"https:\/\/magnetarmagnets.com\/et\/#\/schema\/logo\/image\/"},"sameAs":["https:\/\/www.facebook.com\/fishingmagnets\/","https:\/\/www.instagram.com\/magnetar_magnets\/","https:\/\/www.linkedin.com\/company\/magnetarbv\/?originalSubdomain=nl","https:\/\/www.youtube.com\/c\/MagnetarVismagneet"]}]}},"_links":{"self":[{"href":"https:\/\/magnetarmagnets.com\/et\/wp-json\/wp\/v2\/product\/81559","targetHints":{"allow":["GET"]}}],"collection":[{"href":"https:\/\/magnetarmagnets.com\/et\/wp-json\/wp\/v2\/product"}],"about":[{"href":"https:\/\/magnetarmagnets.com\/et\/wp-json\/wp\/v2\/types\/product"}],"replies":[{"embeddable":true,"href":"https:\/\/magnetarmagnets.com\/et\/wp-json\/wp\/v2\/comments?post=81559"}],"version-history":[{"count":1,"href":"https:\/\/magnetarmagnets.com\/et\/wp-json\/wp\/v2\/product\/81559\/revisions"}],"predecessor-version":[{"id":94594,"href":"https:\/\/magnetarmagnets.com\/et\/wp-json\/wp\/v2\/product\/81559\/revisions\/94594"}],"wp:featuredmedia":[{"embeddable":true,"href":"https:\/\/magnetarmagnets.com\/et\/wp-json\/wp\/v2\/media\/73997"}],"wp:attachment":[{"href":"https:\/\/magnetarmagnets.com\/et\/wp-json\/wp\/v2\/media?parent=81559"}],"wp:term":[{"taxonomy":"product_brand","embeddable":true,"href":"https:\/\/magnetarmagnets.com\/et\/wp-json\/wp\/v2\/product_brand?post=81559"},{"taxonomy":"product_cat","embeddable":true,"href":"https:\/\/magnetarmagnets.com\/et\/wp-json\/wp\/v2\/product_cat?post=81559"},{"taxonomy":"product_tag","embeddable":true,"href":"https:\/\/magnetarmagnets.com\/et\/wp-json\/wp\/v2\/product_tag?post=81559"}],"curies":[{"name":"wp","href":"https:\/\/api.w.org\/{rel}","templated":true}]}}