{"id":81557,"date":"2025-06-05T09:54:42","date_gmt":"2025-06-05T07:54:42","guid":{"rendered":"https:\/\/magnetarmagnets.com\/?post_type=product&#038;p=81557"},"modified":"2026-04-22T13:09:49","modified_gmt":"2026-04-22T11:09:49","slug":"classic-kalapuugimagnet-500-kg-uhekulgne","status":"publish","type":"product","link":"https:\/\/magnetarmagnets.com\/et\/shop\/classic-kalapuugimagnet-500-kg-uhekulgne\/","title":{"rendered":"Classic neod\u00fc\u00fcmmagnet 500 kg \u2013 \u00fchepoolne magnetp\u00fc\u00fcgimagnet"},"content":{"rendered":"Classic 500 magnetp\u00fc\u00fcgimagnet <span style=\"font-weight: 400;\">on \u00fchepoolne neod\u00fc\u00fcmmagnet, mille maksimaalne t\u00f5mbej\u00f5ud on 1100 lb\/500 kg. Classic 500 magnetp\u00fc\u00fcgimagnet on Classic tootesarja j\u00f5ujaam. See on selles valikus teise tugevuselt viimane magnet. <\/span><span style=\"font-weight: 400;\">Soovitame Classic 500 magnetp\u00fc\u00fcdjatele, kes suudavad veest v\u00e4lja t\u00f5mmata seifid ja muud rasked esemed ilma probleemideta. Otsid ikka v\u00e4iksemat v\u00f5i suuremat magnetit? Vaata <a href=\"https:\/\/magnetarmagnets.com\/shop\/classic-fishing-magnet-660lb-300kg\">Classic 300<\/a><\/span><span style=\"font-weight: 400;\"> v\u00f5i <a href=\"https:\/\/magnetarmagnets.com\/shop\/exclusive-terror-magnet\">Terror<\/a>, universaalset magnetp\u00fc\u00fcgimagnetit.<\/span>\n\n<h2><strong>Classic 500 magnetp\u00fc\u00fcgimagnet 500 kg\/1100 lb<\/strong><\/h2>\n\n<span style=\"font-weight: 400;\">Kas otsid t\u00f5elist j\u00f5ujaama? Kas soovid veest v\u00e4lja kalastada suuremaid ja raskemaid esemeid? Siis v\u00f5ib Classic 500 olla sinu jaoks ideaalne magnet! Magnetar Classic 500 on neod\u00fc\u00fcmmagnet maksimaalse t\u00f5mbej\u00f5uga 500 kg\/1100 lb. Suur magnetiline j\u00f5ud teeb sellest magnetist t\u00f5elise j\u00f5ujaama. <\/span>\n\n<span style=\"font-weight: 400;\">See magnet on spetsiaalselt loodud, et suurendada eseme p\u00fc\u00fctavust veest. Hoides magneti diameetri v\u00f5imalikult v\u00e4iksena, libiseb see esemetel sujuvamalt ja v\u00f5imaldab nende kogumist palju kiiremini. See magnet sobib nii kogenud magnetp\u00fc\u00fcdjatele kui ka julgetele algajatele, kes soovivad alustada v\u00e4ga v\u00f5imsa magnetiga.<\/span>\n\n<span style=\"font-weight: 400;\">Magnetil on tugev metallkorpus, mis kaitseb seda p\u00f5rutuste ja kukkumiste eest. Lubatud 500 kg t\u00f5mbej\u00f5ud saavutatakse vaid ideaalses keskkonnas: sile metallpind paksusega 2 cm, ilma roosteta ja puhta vaheta magneti ja metalli vahel. Nendes tingimustes saab t\u00f5sta 500 kg otse \u00fcles. Otsid universaalset v\u00f5imast magnetit, mis haarab kergesti ka \u00fcmaraid ja isegi roostes esemeid? <\/span><span style=\"font-weight: 400;\"><a href=\"https:\/\/magnetarmagnets.com\/shop\/beast-magnet\">Beast<\/a> magnetp\u00fc\u00fcgimagnetit ja <a href=\"https:\/\/magnetarmagnets.com\/shop\/protection-covers-all-round-magnets\/\">kaitsekatteid<\/a>.<\/span>","protected":false},"excerpt":{"rendered":"<p><span style=\"font-weight: 400;\">T\u00f5eline <strong>j\u00f5ujaam<\/strong>, see <strong>l\u00f6\u00f6gikindel<\/strong> magnetp\u00fc\u00fcgimagnet raskete esemete jaoks.<\/span><\/p>\n","protected":false},"featured_media":70581,"comment_status":"open","ping_status":"closed","template":"","meta":{"_acf_changed":false,"inline_featured_image":false},"product_brand":[],"product_cat":[1002,493,498,499],"product_tag":[],"class_list":{"0":"post-81557","1":"product","2":"type-product","3":"status-publish","4":"has-post-thumbnail","6":"product_cat-koik-tooted","7":"product_cat-otsingumagnetid","8":"product_cat-tugevaimad-otsingumagneti","9":"product_cat-uhepoolse-tombega-otsingumagneti","11":"first","12":"instock","13":"taxable","14":"shipping-taxable","15":"purchasable","16":"product-type-simple"},"acf":[],"yoast_head":"<!-- This site is optimized with the Yoast SEO plugin v27.4 - https:\/\/yoast.com\/product\/yoast-seo-wordpress\/ -->\n<title>Classic neod\u00fc\u00fcmmagnet 500 kg \u2013 \u00fchepoolne magnetp\u00fc\u00fcgimagnet - Magnet fishing with a Magnetar fishing magnet<\/title>\n<meta name=\"description\" content=\"Classic magnetp\u00fc\u00fcgimagnet 500 kg \u2013 Magnetar\" \/>\n<meta name=\"robots\" content=\"index, follow, max-snippet:-1, max-image-preview:large, max-video-preview:-1\" \/>\n<link rel=\"canonical\" href=\"https:\/\/magnetarmagnets.com\/et\/shop\/classic-kalapuugimagnet-500-kg-uhekulgne\/\" \/>\n<meta property=\"og:locale\" content=\"et_EE\" \/>\n<meta property=\"og:type\" content=\"article\" \/>\n<meta property=\"og:title\" content=\"Classic neod\u00fc\u00fcmmagnet 500 kg \u2013 \u00fchepoolne magnetp\u00fc\u00fcgimagnet - Magnet fishing with a Magnetar fishing magnet\" \/>\n<meta property=\"og:description\" content=\"Classic magnetp\u00fc\u00fcgimagnet 500 kg \u2013 Magnetar\" \/>\n<meta property=\"og:url\" content=\"https:\/\/magnetarmagnets.com\/et\/shop\/classic-kalapuugimagnet-500-kg-uhekulgne\/\" \/>\n<meta property=\"og:site_name\" content=\"Magnet fishing with a Magnetar fishing magnet\" \/>\n<meta property=\"article:publisher\" content=\"https:\/\/www.facebook.com\/fishingmagnets\/\" \/>\n<meta property=\"article:modified_time\" content=\"2026-04-22T11:09:49+00:00\" \/>\n<meta property=\"og:image\" content=\"https:\/\/magnetarmagnets.com\/wp-content\/uploads\/2016\/12\/FOTO1483.jpg\" \/>\n\t<meta property=\"og:image:width\" content=\"1000\" \/>\n\t<meta property=\"og:image:height\" content=\"1000\" \/>\n\t<meta property=\"og:image:type\" content=\"image\/jpeg\" \/>\n<meta name=\"twitter:card\" content=\"summary_large_image\" \/>\n<meta name=\"twitter:label1\" content=\"Est. reading time\" \/>\n\t<meta name=\"twitter:data1\" content=\"3 minutit\" \/>\n<script type=\"application\/ld+json\" class=\"yoast-schema-graph\">{\"@context\":\"https:\\\/\\\/schema.org\",\"@graph\":[{\"@type\":[\"WebPage\",\"ItemPage\"],\"@id\":\"https:\\\/\\\/magnetarmagnets.com\\\/et\\\/shop\\\/classic-kalapuugimagnet-500-kg-uhekulgne\\\/\",\"url\":\"https:\\\/\\\/magnetarmagnets.com\\\/et\\\/shop\\\/classic-kalapuugimagnet-500-kg-uhekulgne\\\/\",\"name\":\"Classic neod\u00fc\u00fcmmagnet 500 kg \u2013 \u00fchepoolne magnetp\u00fc\u00fcgimagnet - Magnet fishing with a Magnetar fishing magnet\",\"isPartOf\":{\"@id\":\"https:\\\/\\\/magnetarmagnets.com\\\/et\\\/#website\"},\"primaryImageOfPage\":{\"@id\":\"https:\\\/\\\/magnetarmagnets.com\\\/et\\\/shop\\\/classic-kalapuugimagnet-500-kg-uhekulgne\\\/#primaryimage\"},\"image\":{\"@id\":\"https:\\\/\\\/magnetarmagnets.com\\\/et\\\/shop\\\/classic-kalapuugimagnet-500-kg-uhekulgne\\\/#primaryimage\"},\"thumbnailUrl\":\"https:\\\/\\\/magnetarmagnets.com\\\/wp-content\\\/uploads\\\/2016\\\/12\\\/FOTO1483.jpg\",\"datePublished\":\"2025-06-05T07:54:42+00:00\",\"dateModified\":\"2026-04-22T11:09:49+00:00\",\"description\":\"Classic magnetp\u00fc\u00fcgimagnet 500 kg \u2013 Magnetar\",\"breadcrumb\":{\"@id\":\"https:\\\/\\\/magnetarmagnets.com\\\/et\\\/shop\\\/classic-kalapuugimagnet-500-kg-uhekulgne\\\/#breadcrumb\"},\"inLanguage\":\"et\",\"potentialAction\":[{\"@type\":\"ReadAction\",\"target\":[\"https:\\\/\\\/magnetarmagnets.com\\\/et\\\/shop\\\/classic-kalapuugimagnet-500-kg-uhekulgne\\\/\"]}]},{\"@type\":\"ImageObject\",\"inLanguage\":\"et\",\"@id\":\"https:\\\/\\\/magnetarmagnets.com\\\/et\\\/shop\\\/classic-kalapuugimagnet-500-kg-uhekulgne\\\/#primaryimage\",\"url\":\"https:\\\/\\\/magnetarmagnets.com\\\/wp-content\\\/uploads\\\/2016\\\/12\\\/FOTO1483.jpg\",\"contentUrl\":\"https:\\\/\\\/magnetarmagnets.com\\\/wp-content\\\/uploads\\\/2016\\\/12\\\/FOTO1483.jpg\",\"width\":1000,\"height\":1000,\"caption\":\"Classic 550\"},{\"@type\":\"BreadcrumbList\",\"@id\":\"https:\\\/\\\/magnetarmagnets.com\\\/et\\\/shop\\\/classic-kalapuugimagnet-500-kg-uhekulgne\\\/#breadcrumb\",\"itemListElement\":[{\"@type\":\"ListItem\",\"position\":1,\"name\":\"Home\",\"item\":\"https:\\\/\\\/magnetarmagnets.com\\\/et\\\/\"},{\"@type\":\"ListItem\",\"position\":2,\"name\":\"pood\",\"item\":\"https:\\\/\\\/magnetarmagnets.com\\\/et\\\/pood\\\/\"},{\"@type\":\"ListItem\",\"position\":3,\"name\":\"Otsingumagnetid\",\"item\":\"https:\\\/\\\/magnetarmagnets.com\\\/et\\\/collections\\\/otsingumagnetid\\\/\"},{\"@type\":\"ListItem\",\"position\":4,\"name\":\"\u00dchepoolse t\u00f5mbega otsingumagneti\",\"item\":\"https:\\\/\\\/magnetarmagnets.com\\\/et\\\/collections\\\/otsingumagnetid\\\/uhepoolse-tombega-otsingumagneti\\\/\"},{\"@type\":\"ListItem\",\"position\":5,\"name\":\"Classic neod\u00fc\u00fcmmagnet 500 kg \u2013 \u00fchepoolne magnetp\u00fc\u00fcgimagnet\"}]},{\"@type\":\"WebSite\",\"@id\":\"https:\\\/\\\/magnetarmagnets.com\\\/et\\\/#website\",\"url\":\"https:\\\/\\\/magnetarmagnets.com\\\/et\\\/\",\"name\":\"Magnet fishing with a Magnetar fishing magnet\",\"description\":\"Tugevad magnetid magnetp\u00fc\u00fcgiks\",\"publisher\":{\"@id\":\"https:\\\/\\\/magnetarmagnets.com\\\/et\\\/#organization\"},\"potentialAction\":[{\"@type\":\"SearchAction\",\"target\":{\"@type\":\"EntryPoint\",\"urlTemplate\":\"https:\\\/\\\/magnetarmagnets.com\\\/et\\\/?s={search_term_string}\"},\"query-input\":{\"@type\":\"PropertyValueSpecification\",\"valueRequired\":true,\"valueName\":\"search_term_string\"}}],\"inLanguage\":\"et\"},{\"@type\":\"Organization\",\"@id\":\"https:\\\/\\\/magnetarmagnets.com\\\/et\\\/#organization\",\"name\":\"Magnetar\",\"url\":\"https:\\\/\\\/magnetarmagnets.com\\\/et\\\/\",\"logo\":{\"@type\":\"ImageObject\",\"inLanguage\":\"et\",\"@id\":\"https:\\\/\\\/magnetarmagnets.com\\\/et\\\/#\\\/schema\\\/logo\\\/image\\\/\",\"url\":\"https:\\\/\\\/magnetarmagnets.com\\\/wp-content\\\/uploads\\\/2025\\\/05\\\/Logo-03_PNG-Black-scaled.png\",\"contentUrl\":\"https:\\\/\\\/magnetarmagnets.com\\\/wp-content\\\/uploads\\\/2025\\\/05\\\/Logo-03_PNG-Black-scaled.png\",\"width\":2560,\"height\":1658,\"caption\":\"Magnetar\"},\"image\":{\"@id\":\"https:\\\/\\\/magnetarmagnets.com\\\/et\\\/#\\\/schema\\\/logo\\\/image\\\/\"},\"sameAs\":[\"https:\\\/\\\/www.facebook.com\\\/fishingmagnets\\\/\",\"https:\\\/\\\/www.instagram.com\\\/magnetar_magnets\\\/\",\"https:\\\/\\\/www.linkedin.com\\\/company\\\/magnetarbv\\\/?originalSubdomain=nl\",\"https:\\\/\\\/www.youtube.com\\\/c\\\/MagnetarVismagneet\"]}]}<\/script>\n<!-- \/ Yoast SEO plugin. -->","yoast_head_json":{"title":"Classic neod\u00fc\u00fcmmagnet 500 kg \u2013 \u00fchepoolne magnetp\u00fc\u00fcgimagnet - Magnet fishing with a Magnetar fishing magnet","description":"Classic magnetp\u00fc\u00fcgimagnet 500 kg \u2013 Magnetar","robots":{"index":"index","follow":"follow","max-snippet":"max-snippet:-1","max-image-preview":"max-image-preview:large","max-video-preview":"max-video-preview:-1"},"canonical":"https:\/\/magnetarmagnets.com\/et\/shop\/classic-kalapuugimagnet-500-kg-uhekulgne\/","og_locale":"et_EE","og_type":"article","og_title":"Classic neod\u00fc\u00fcmmagnet 500 kg \u2013 \u00fchepoolne magnetp\u00fc\u00fcgimagnet - Magnet fishing with a Magnetar fishing magnet","og_description":"Classic magnetp\u00fc\u00fcgimagnet 500 kg \u2013 Magnetar","og_url":"https:\/\/magnetarmagnets.com\/et\/shop\/classic-kalapuugimagnet-500-kg-uhekulgne\/","og_site_name":"Magnet fishing with a Magnetar fishing magnet","article_publisher":"https:\/\/www.facebook.com\/fishingmagnets\/","article_modified_time":"2026-04-22T11:09:49+00:00","og_image":[{"width":1000,"height":1000,"url":"https:\/\/magnetarmagnets.com\/wp-content\/uploads\/2016\/12\/FOTO1483.jpg","type":"image\/jpeg"}],"twitter_card":"summary_large_image","twitter_misc":{"Est. reading time":"3 minutit"},"schema":{"@context":"https:\/\/schema.org","@graph":[{"@type":["WebPage","ItemPage"],"@id":"https:\/\/magnetarmagnets.com\/et\/shop\/classic-kalapuugimagnet-500-kg-uhekulgne\/","url":"https:\/\/magnetarmagnets.com\/et\/shop\/classic-kalapuugimagnet-500-kg-uhekulgne\/","name":"Classic neod\u00fc\u00fcmmagnet 500 kg \u2013 \u00fchepoolne magnetp\u00fc\u00fcgimagnet - Magnet fishing with a Magnetar fishing magnet","isPartOf":{"@id":"https:\/\/magnetarmagnets.com\/et\/#website"},"primaryImageOfPage":{"@id":"https:\/\/magnetarmagnets.com\/et\/shop\/classic-kalapuugimagnet-500-kg-uhekulgne\/#primaryimage"},"image":{"@id":"https:\/\/magnetarmagnets.com\/et\/shop\/classic-kalapuugimagnet-500-kg-uhekulgne\/#primaryimage"},"thumbnailUrl":"https:\/\/magnetarmagnets.com\/wp-content\/uploads\/2016\/12\/FOTO1483.jpg","datePublished":"2025-06-05T07:54:42+00:00","dateModified":"2026-04-22T11:09:49+00:00","description":"Classic magnetp\u00fc\u00fcgimagnet 500 kg \u2013 Magnetar","breadcrumb":{"@id":"https:\/\/magnetarmagnets.com\/et\/shop\/classic-kalapuugimagnet-500-kg-uhekulgne\/#breadcrumb"},"inLanguage":"et","potentialAction":[{"@type":"ReadAction","target":["https:\/\/magnetarmagnets.com\/et\/shop\/classic-kalapuugimagnet-500-kg-uhekulgne\/"]}]},{"@type":"ImageObject","inLanguage":"et","@id":"https:\/\/magnetarmagnets.com\/et\/shop\/classic-kalapuugimagnet-500-kg-uhekulgne\/#primaryimage","url":"https:\/\/magnetarmagnets.com\/wp-content\/uploads\/2016\/12\/FOTO1483.jpg","contentUrl":"https:\/\/magnetarmagnets.com\/wp-content\/uploads\/2016\/12\/FOTO1483.jpg","width":1000,"height":1000,"caption":"Classic 550"},{"@type":"BreadcrumbList","@id":"https:\/\/magnetarmagnets.com\/et\/shop\/classic-kalapuugimagnet-500-kg-uhekulgne\/#breadcrumb","itemListElement":[{"@type":"ListItem","position":1,"name":"Home","item":"https:\/\/magnetarmagnets.com\/et\/"},{"@type":"ListItem","position":2,"name":"pood","item":"https:\/\/magnetarmagnets.com\/et\/pood\/"},{"@type":"ListItem","position":3,"name":"Otsingumagnetid","item":"https:\/\/magnetarmagnets.com\/et\/collections\/otsingumagnetid\/"},{"@type":"ListItem","position":4,"name":"\u00dchepoolse t\u00f5mbega otsingumagneti","item":"https:\/\/magnetarmagnets.com\/et\/collections\/otsingumagnetid\/uhepoolse-tombega-otsingumagneti\/"},{"@type":"ListItem","position":5,"name":"Classic neod\u00fc\u00fcmmagnet 500 kg \u2013 \u00fchepoolne magnetp\u00fc\u00fcgimagnet"}]},{"@type":"WebSite","@id":"https:\/\/magnetarmagnets.com\/et\/#website","url":"https:\/\/magnetarmagnets.com\/et\/","name":"Magnet fishing with a Magnetar fishing magnet","description":"Tugevad magnetid magnetp\u00fc\u00fcgiks","publisher":{"@id":"https:\/\/magnetarmagnets.com\/et\/#organization"},"potentialAction":[{"@type":"SearchAction","target":{"@type":"EntryPoint","urlTemplate":"https:\/\/magnetarmagnets.com\/et\/?s={search_term_string}"},"query-input":{"@type":"PropertyValueSpecification","valueRequired":true,"valueName":"search_term_string"}}],"inLanguage":"et"},{"@type":"Organization","@id":"https:\/\/magnetarmagnets.com\/et\/#organization","name":"Magnetar","url":"https:\/\/magnetarmagnets.com\/et\/","logo":{"@type":"ImageObject","inLanguage":"et","@id":"https:\/\/magnetarmagnets.com\/et\/#\/schema\/logo\/image\/","url":"https:\/\/magnetarmagnets.com\/wp-content\/uploads\/2025\/05\/Logo-03_PNG-Black-scaled.png","contentUrl":"https:\/\/magnetarmagnets.com\/wp-content\/uploads\/2025\/05\/Logo-03_PNG-Black-scaled.png","width":2560,"height":1658,"caption":"Magnetar"},"image":{"@id":"https:\/\/magnetarmagnets.com\/et\/#\/schema\/logo\/image\/"},"sameAs":["https:\/\/www.facebook.com\/fishingmagnets\/","https:\/\/www.instagram.com\/magnetar_magnets\/","https:\/\/www.linkedin.com\/company\/magnetarbv\/?originalSubdomain=nl","https:\/\/www.youtube.com\/c\/MagnetarVismagneet"]}]}},"_links":{"self":[{"href":"https:\/\/magnetarmagnets.com\/et\/wp-json\/wp\/v2\/product\/81557","targetHints":{"allow":["GET"]}}],"collection":[{"href":"https:\/\/magnetarmagnets.com\/et\/wp-json\/wp\/v2\/product"}],"about":[{"href":"https:\/\/magnetarmagnets.com\/et\/wp-json\/wp\/v2\/types\/product"}],"replies":[{"embeddable":true,"href":"https:\/\/magnetarmagnets.com\/et\/wp-json\/wp\/v2\/comments?post=81557"}],"version-history":[{"count":0,"href":"https:\/\/magnetarmagnets.com\/et\/wp-json\/wp\/v2\/product\/81557\/revisions"}],"wp:featuredmedia":[{"embeddable":true,"href":"https:\/\/magnetarmagnets.com\/et\/wp-json\/wp\/v2\/media\/70581"}],"wp:attachment":[{"href":"https:\/\/magnetarmagnets.com\/et\/wp-json\/wp\/v2\/media?parent=81557"}],"wp:term":[{"taxonomy":"product_brand","embeddable":true,"href":"https:\/\/magnetarmagnets.com\/et\/wp-json\/wp\/v2\/product_brand?post=81557"},{"taxonomy":"product_cat","embeddable":true,"href":"https:\/\/magnetarmagnets.com\/et\/wp-json\/wp\/v2\/product_cat?post=81557"},{"taxonomy":"product_tag","embeddable":true,"href":"https:\/\/magnetarmagnets.com\/et\/wp-json\/wp\/v2\/product_tag?post=81557"}],"curies":[{"name":"wp","href":"https:\/\/api.w.org\/{rel}","templated":true}]}}