{"id":81556,"date":"2025-06-05T09:54:41","date_gmt":"2025-06-05T07:54:41","guid":{"rendered":"https:\/\/magnetarmagnets.com\/?post_type=product&#038;p=81556"},"modified":"2026-04-22T06:18:27","modified_gmt":"2026-04-22T04:18:27","slug":"edasijoudnute-pakett-400-kg-uhepoolne","status":"publish","type":"product","link":"https:\/\/magnetarmagnets.com\/et\/shop\/edasijoudnute-pakett-400-kg-uhepoolne\/","title":{"rendered":"Edasij\u00f5udnute otsingumagneti komplekt \u2013 400 kg \u2013 \u00fchesuunaline"},"content":{"rendered":"Otsid k\u00f5ikeh\u00f5lmavat magnetp\u00fc\u00fcgikomplekti? Edasij\u00f5udnutele m\u00f5eldud 880 lb (400 kg) \u00fchesuunaline komplekt sisaldab k\u00f5ike, mida veekogul vaja l\u00e4heb. See <strong>otsingumagneti komplekt<\/strong> koosneb Classic 400 p\u00fc\u00fcgimagnetist, paarist magnetp\u00fc\u00fcgikinnast, unikaalse disainiga n\u00f6\u00f6rist, t\u00f5mbenagist ja magnetliimist, et valmistada sind ette t\u00f5epoolest k\u00f5igeks.\n\n<h2>Edasij\u00f5udnute 880 lb (400 kg) &#8211; sisu<\/h2>\n\n<a href=\"https:\/\/magnetarmagnets.com\/shop\/classic-fishing-magnet-880lb-400kg\/\"><strong>Classic<\/strong><\/a><a href=\"https:\/\/magnetarmagnets.com\/shop\/classic-fishing-magnet-880lb-400kg\/\"><strong>P\u00fc\u00fcgimagnet<\/strong><\/a><a href=\"https:\/\/magnetarmagnets.com\/shop\/classic-fishing-magnet-880lb-400kg\/\"><strong>400 kg<\/strong><\/a> on \u00fcks Magnetari tugevamaid \u00fchesuunalisi p\u00fc\u00fcgimagneteid. Toode on varustatud kaitsekattega, mis hoiab \u00e4ra kukkumisest v\u00f5i l\u00f6\u00f6kidest tingitud kahjustused. Kanne koondab kogu magnetj\u00f5u magneti p\u00f5hja. J\u00f5u koondamine \u00fchele k\u00fcljele teeb selle magneti erakordselt v\u00f5imsaks \u2013 nii v\u00f5imsaks, et objektide eemaldamine magnetilt v\u00f5ib osutuda keeruliseks. Selle magnetiga saab kergesti veest v\u00e4lja t\u00f5mmata rasked, siledapinnalised esemed, nagu seifid, autovara ja metallkandev\u00f5rud. Lisaks ei j\u00e4\u00e4 selle p\u00fc\u00fcgimagneti vastu ellu ka v\u00e4iksemad ajaloolised esemed.\n\nT\u00f5mbej\u00f5ud 880 lb (400 kg) saavutatakse vaid ideaalsel juhul, kui magnet puutub kokku 2 cm paksuse oks\u00fcdatsioonivaba metallplaadiga. Magnetp\u00fc\u00fcgiga see tavaliselt nii ei isa. Kas soovid teada, kuidas p\u00fc\u00fcgimagneti t\u00f5mbej\u00f5udu m\u00e4\u00e4ratakse? Vaata meie videot kasutatava <a href=\"https:\/\/www.youtube.com\/watch?v=2McW3RURDxs&amp;t=14s\"><strong>magnetj\u00f5u testi<\/strong><\/a> kohta.\n\nKomplektis olev n\u00f6\u00f6r on spetsiaalselt magnetp\u00fc\u00fcgi jaoks m\u00f5eldud. N\u00f6\u00f6ril on eelnevalt kinnitatud aas ja karabiinhakk, nii et keerukate s\u00f5lmede sidumine ei ole vajalik. Lisaks on pakendis ka t\u00f5mbenagi, millega saab veest v\u00e4lja t\u00f5mmata mittenimagneetilisi ja raskemaid esemeid. Komplekti kuulub ka magnetliimi pudel, mis tagab silmuste ja silmusekruvide kindla \u00fchenduse magnetiga. L\u00f5puks, kasuta alati komplektis olevaid kindaid, et hoida k\u00e4ed magnetp\u00fc\u00fcgil kaitstuna.\n\nOtsid lapse- ja algajas\u00f5bralikumat magnetp\u00fc\u00fcgikomplekti? Tutvu meie <a href=\"https:\/\/magnetarmagnets.com\/shop\/starterpackage\/\"><strong>Algaja <\/strong><\/a><a href=\"https:\/\/magnetarmagnets.com\/shop\/starterpackage\/\"><strong>p<\/strong><\/a><a href=\"https:\/\/magnetarmagnets.com\/shop\/starterpackage\/\"><strong>akett<\/strong><\/a>. Huvi pakub 360\u00b0 universaalne magnet? Meie <a href=\"https:\/\/magnetarmagnets.com\/shop\/fishmagnet-package-pro\/\"><strong>Pro Package<\/strong><\/a> <a href=\"https:\/\/magnetarmagnets.com\/shop\/hardcore-magnet-2\/\"><strong>Hardcore<\/strong><\/a> magnetiga v\u00f5ib olla just see, mida vajad. \u00c4ra unusta tutvuda ka meie <a href=\"https:\/\/magnetarmagnets.com\/magnet-fishing-kit\/\" target=\"_blank\" rel=\"noopener\">parimate magnetp\u00fc\u00fcgikomplektide<\/a> ja <a href=\"https:\/\/magnetarmagnets.com\/accessories\/\" target=\"_blank\" rel=\"noopener\">magnetp\u00fc\u00fcgitarvikutega<\/a>.","protected":false},"excerpt":{"rendered":"<p>See komplekt sobib <strong>iga magnetp\u00fc\u00fcgihuvilise<\/strong> jaoks. Alusta oma seiklust selle <strong>t\u00e4ispaketiga<\/strong>, mis <strong>katab k\u00f5ik su vajadused<\/strong>.<\/p>\n","protected":false},"featured_media":72540,"comment_status":"open","ping_status":"closed","template":"","meta":{"_acf_changed":false,"inline_featured_image":false},"product_brand":[],"product_cat":[414,497,493,499],"product_tag":[],"class_list":{"0":"post-81556","1":"product","2":"type-product","3":"status-publish","4":"has-post-thumbnail","6":"product_cat-kogenud-seiklejatele","7":"product_cat-otsingumagneti-komplekt","8":"product_cat-otsingumagnetid","9":"product_cat-uhepoolse-tombega-otsingumagneti","11":"first","12":"instock","13":"sale","14":"taxable","15":"shipping-taxable","16":"purchasable","17":"product-type-simple"},"acf":[],"yoast_head":"<!-- This site is optimized with the Yoast SEO plugin v27.4 - https:\/\/yoast.com\/product\/yoast-seo-wordpress\/ -->\n<title>Edasij\u00f5udnute otsingumagneti komplekt \u2013 400 kg \u2013 \u00fchesuunaline - Magnet fishing with a Magnetar fishing magnet<\/title>\n<meta name=\"description\" content=\"Edasij\u00f5udnute komplekt \u2013 400 kg p\u00fc\u00fcgimagnet \u2013 Magnetar\" \/>\n<meta name=\"robots\" content=\"index, follow, max-snippet:-1, max-image-preview:large, max-video-preview:-1\" \/>\n<link rel=\"canonical\" href=\"https:\/\/magnetarmagnets.com\/et\/shop\/edasijoudnute-pakett-400-kg-uhepoolne\/\" \/>\n<meta property=\"og:locale\" content=\"et_EE\" \/>\n<meta property=\"og:type\" content=\"article\" \/>\n<meta property=\"og:title\" content=\"Edasij\u00f5udnute otsingumagneti komplekt \u2013 400 kg \u2013 \u00fchesuunaline - Magnet fishing with a Magnetar fishing magnet\" \/>\n<meta property=\"og:description\" content=\"Edasij\u00f5udnute komplekt \u2013 400 kg p\u00fc\u00fcgimagnet \u2013 Magnetar\" \/>\n<meta property=\"og:url\" content=\"https:\/\/magnetarmagnets.com\/et\/shop\/edasijoudnute-pakett-400-kg-uhepoolne\/\" \/>\n<meta property=\"og:site_name\" content=\"Magnet fishing with a Magnetar fishing magnet\" \/>\n<meta property=\"article:publisher\" content=\"https:\/\/www.facebook.com\/fishingmagnets\/\" \/>\n<meta property=\"article:modified_time\" content=\"2026-04-22T04:18:27+00:00\" \/>\n<meta property=\"og:image\" content=\"https:\/\/magnetarmagnets.com\/wp-content\/uploads\/2021\/10\/MAGNETAR-ADVANCED-KIT-GOOGLE.jpg\" \/>\n\t<meta property=\"og:image:width\" content=\"1500\" \/>\n\t<meta property=\"og:image:height\" content=\"1500\" \/>\n\t<meta property=\"og:image:type\" content=\"image\/jpeg\" \/>\n<meta name=\"twitter:card\" content=\"summary_large_image\" \/>\n<meta name=\"twitter:label1\" content=\"Est. reading time\" \/>\n\t<meta name=\"twitter:data1\" content=\"3 minutit\" \/>\n<script type=\"application\/ld+json\" class=\"yoast-schema-graph\">{\"@context\":\"https:\\\/\\\/schema.org\",\"@graph\":[{\"@type\":[\"WebPage\",\"ItemPage\"],\"@id\":\"https:\\\/\\\/magnetarmagnets.com\\\/et\\\/shop\\\/edasijoudnute-pakett-400-kg-uhepoolne\\\/\",\"url\":\"https:\\\/\\\/magnetarmagnets.com\\\/et\\\/shop\\\/edasijoudnute-pakett-400-kg-uhepoolne\\\/\",\"name\":\"Edasij\u00f5udnute otsingumagneti komplekt \u2013 400 kg \u2013 \u00fchesuunaline - Magnet fishing with a Magnetar fishing magnet\",\"isPartOf\":{\"@id\":\"https:\\\/\\\/magnetarmagnets.com\\\/et\\\/#website\"},\"primaryImageOfPage\":{\"@id\":\"https:\\\/\\\/magnetarmagnets.com\\\/et\\\/shop\\\/edasijoudnute-pakett-400-kg-uhepoolne\\\/#primaryimage\"},\"image\":{\"@id\":\"https:\\\/\\\/magnetarmagnets.com\\\/et\\\/shop\\\/edasijoudnute-pakett-400-kg-uhepoolne\\\/#primaryimage\"},\"thumbnailUrl\":\"https:\\\/\\\/magnetarmagnets.com\\\/wp-content\\\/uploads\\\/2021\\\/10\\\/MAGNETAR-ADVANCED-KIT-GOOGLE.jpg\",\"datePublished\":\"2025-06-05T07:54:41+00:00\",\"dateModified\":\"2026-04-22T04:18:27+00:00\",\"description\":\"Edasij\u00f5udnute komplekt \u2013 400 kg p\u00fc\u00fcgimagnet \u2013 Magnetar\",\"breadcrumb\":{\"@id\":\"https:\\\/\\\/magnetarmagnets.com\\\/et\\\/shop\\\/edasijoudnute-pakett-400-kg-uhepoolne\\\/#breadcrumb\"},\"inLanguage\":\"et\",\"potentialAction\":[{\"@type\":\"ReadAction\",\"target\":[\"https:\\\/\\\/magnetarmagnets.com\\\/et\\\/shop\\\/edasijoudnute-pakett-400-kg-uhepoolne\\\/\"]}]},{\"@type\":\"ImageObject\",\"inLanguage\":\"et\",\"@id\":\"https:\\\/\\\/magnetarmagnets.com\\\/et\\\/shop\\\/edasijoudnute-pakett-400-kg-uhepoolne\\\/#primaryimage\",\"url\":\"https:\\\/\\\/magnetarmagnets.com\\\/wp-content\\\/uploads\\\/2021\\\/10\\\/MAGNETAR-ADVANCED-KIT-GOOGLE.jpg\",\"contentUrl\":\"https:\\\/\\\/magnetarmagnets.com\\\/wp-content\\\/uploads\\\/2021\\\/10\\\/MAGNETAR-ADVANCED-KIT-GOOGLE.jpg\",\"width\":1500,\"height\":1500,\"caption\":\"MAGNETAR-ADVANCED-KIT\"},{\"@type\":\"BreadcrumbList\",\"@id\":\"https:\\\/\\\/magnetarmagnets.com\\\/et\\\/shop\\\/edasijoudnute-pakett-400-kg-uhepoolne\\\/#breadcrumb\",\"itemListElement\":[{\"@type\":\"ListItem\",\"position\":1,\"name\":\"Home\",\"item\":\"https:\\\/\\\/magnetarmagnets.com\\\/et\\\/\"},{\"@type\":\"ListItem\",\"position\":2,\"name\":\"pood\",\"item\":\"https:\\\/\\\/magnetarmagnets.com\\\/et\\\/pood\\\/\"},{\"@type\":\"ListItem\",\"position\":3,\"name\":\"Otsingumagnetid\",\"item\":\"https:\\\/\\\/magnetarmagnets.com\\\/et\\\/collections\\\/otsingumagnetid\\\/\"},{\"@type\":\"ListItem\",\"position\":4,\"name\":\"Otsingumagneti komplekt\",\"item\":\"https:\\\/\\\/magnetarmagnets.com\\\/et\\\/collections\\\/otsingumagnetid\\\/otsingumagneti-komplekt\\\/\"},{\"@type\":\"ListItem\",\"position\":5,\"name\":\"Edasij\u00f5udnute otsingumagneti komplekt \u2013 400 kg \u2013 \u00fchesuunaline\"}]},{\"@type\":\"WebSite\",\"@id\":\"https:\\\/\\\/magnetarmagnets.com\\\/et\\\/#website\",\"url\":\"https:\\\/\\\/magnetarmagnets.com\\\/et\\\/\",\"name\":\"Magnet fishing with a Magnetar fishing magnet\",\"description\":\"Tugevad magnetid magnetp\u00fc\u00fcgiks\",\"publisher\":{\"@id\":\"https:\\\/\\\/magnetarmagnets.com\\\/et\\\/#organization\"},\"potentialAction\":[{\"@type\":\"SearchAction\",\"target\":{\"@type\":\"EntryPoint\",\"urlTemplate\":\"https:\\\/\\\/magnetarmagnets.com\\\/et\\\/?s={search_term_string}\"},\"query-input\":{\"@type\":\"PropertyValueSpecification\",\"valueRequired\":true,\"valueName\":\"search_term_string\"}}],\"inLanguage\":\"et\"},{\"@type\":\"Organization\",\"@id\":\"https:\\\/\\\/magnetarmagnets.com\\\/et\\\/#organization\",\"name\":\"Magnetar\",\"url\":\"https:\\\/\\\/magnetarmagnets.com\\\/et\\\/\",\"logo\":{\"@type\":\"ImageObject\",\"inLanguage\":\"et\",\"@id\":\"https:\\\/\\\/magnetarmagnets.com\\\/et\\\/#\\\/schema\\\/logo\\\/image\\\/\",\"url\":\"https:\\\/\\\/magnetarmagnets.com\\\/wp-content\\\/uploads\\\/2025\\\/05\\\/Logo-03_PNG-Black-scaled.png\",\"contentUrl\":\"https:\\\/\\\/magnetarmagnets.com\\\/wp-content\\\/uploads\\\/2025\\\/05\\\/Logo-03_PNG-Black-scaled.png\",\"width\":2560,\"height\":1658,\"caption\":\"Magnetar\"},\"image\":{\"@id\":\"https:\\\/\\\/magnetarmagnets.com\\\/et\\\/#\\\/schema\\\/logo\\\/image\\\/\"},\"sameAs\":[\"https:\\\/\\\/www.facebook.com\\\/fishingmagnets\\\/\",\"https:\\\/\\\/www.instagram.com\\\/magnetar_magnets\\\/\",\"https:\\\/\\\/www.linkedin.com\\\/company\\\/magnetarbv\\\/?originalSubdomain=nl\",\"https:\\\/\\\/www.youtube.com\\\/c\\\/MagnetarVismagneet\"]}]}<\/script>\n<!-- \/ Yoast SEO plugin. -->","yoast_head_json":{"title":"Edasij\u00f5udnute otsingumagneti komplekt \u2013 400 kg \u2013 \u00fchesuunaline - Magnet fishing with a Magnetar fishing magnet","description":"Edasij\u00f5udnute komplekt \u2013 400 kg p\u00fc\u00fcgimagnet \u2013 Magnetar","robots":{"index":"index","follow":"follow","max-snippet":"max-snippet:-1","max-image-preview":"max-image-preview:large","max-video-preview":"max-video-preview:-1"},"canonical":"https:\/\/magnetarmagnets.com\/et\/shop\/edasijoudnute-pakett-400-kg-uhepoolne\/","og_locale":"et_EE","og_type":"article","og_title":"Edasij\u00f5udnute otsingumagneti komplekt \u2013 400 kg \u2013 \u00fchesuunaline - Magnet fishing with a Magnetar fishing magnet","og_description":"Edasij\u00f5udnute komplekt \u2013 400 kg p\u00fc\u00fcgimagnet \u2013 Magnetar","og_url":"https:\/\/magnetarmagnets.com\/et\/shop\/edasijoudnute-pakett-400-kg-uhepoolne\/","og_site_name":"Magnet fishing with a Magnetar fishing magnet","article_publisher":"https:\/\/www.facebook.com\/fishingmagnets\/","article_modified_time":"2026-04-22T04:18:27+00:00","og_image":[{"width":1500,"height":1500,"url":"https:\/\/magnetarmagnets.com\/wp-content\/uploads\/2021\/10\/MAGNETAR-ADVANCED-KIT-GOOGLE.jpg","type":"image\/jpeg"}],"twitter_card":"summary_large_image","twitter_misc":{"Est. reading time":"3 minutit"},"schema":{"@context":"https:\/\/schema.org","@graph":[{"@type":["WebPage","ItemPage"],"@id":"https:\/\/magnetarmagnets.com\/et\/shop\/edasijoudnute-pakett-400-kg-uhepoolne\/","url":"https:\/\/magnetarmagnets.com\/et\/shop\/edasijoudnute-pakett-400-kg-uhepoolne\/","name":"Edasij\u00f5udnute otsingumagneti komplekt \u2013 400 kg \u2013 \u00fchesuunaline - Magnet fishing with a Magnetar fishing magnet","isPartOf":{"@id":"https:\/\/magnetarmagnets.com\/et\/#website"},"primaryImageOfPage":{"@id":"https:\/\/magnetarmagnets.com\/et\/shop\/edasijoudnute-pakett-400-kg-uhepoolne\/#primaryimage"},"image":{"@id":"https:\/\/magnetarmagnets.com\/et\/shop\/edasijoudnute-pakett-400-kg-uhepoolne\/#primaryimage"},"thumbnailUrl":"https:\/\/magnetarmagnets.com\/wp-content\/uploads\/2021\/10\/MAGNETAR-ADVANCED-KIT-GOOGLE.jpg","datePublished":"2025-06-05T07:54:41+00:00","dateModified":"2026-04-22T04:18:27+00:00","description":"Edasij\u00f5udnute komplekt \u2013 400 kg p\u00fc\u00fcgimagnet \u2013 Magnetar","breadcrumb":{"@id":"https:\/\/magnetarmagnets.com\/et\/shop\/edasijoudnute-pakett-400-kg-uhepoolne\/#breadcrumb"},"inLanguage":"et","potentialAction":[{"@type":"ReadAction","target":["https:\/\/magnetarmagnets.com\/et\/shop\/edasijoudnute-pakett-400-kg-uhepoolne\/"]}]},{"@type":"ImageObject","inLanguage":"et","@id":"https:\/\/magnetarmagnets.com\/et\/shop\/edasijoudnute-pakett-400-kg-uhepoolne\/#primaryimage","url":"https:\/\/magnetarmagnets.com\/wp-content\/uploads\/2021\/10\/MAGNETAR-ADVANCED-KIT-GOOGLE.jpg","contentUrl":"https:\/\/magnetarmagnets.com\/wp-content\/uploads\/2021\/10\/MAGNETAR-ADVANCED-KIT-GOOGLE.jpg","width":1500,"height":1500,"caption":"MAGNETAR-ADVANCED-KIT"},{"@type":"BreadcrumbList","@id":"https:\/\/magnetarmagnets.com\/et\/shop\/edasijoudnute-pakett-400-kg-uhepoolne\/#breadcrumb","itemListElement":[{"@type":"ListItem","position":1,"name":"Home","item":"https:\/\/magnetarmagnets.com\/et\/"},{"@type":"ListItem","position":2,"name":"pood","item":"https:\/\/magnetarmagnets.com\/et\/pood\/"},{"@type":"ListItem","position":3,"name":"Otsingumagnetid","item":"https:\/\/magnetarmagnets.com\/et\/collections\/otsingumagnetid\/"},{"@type":"ListItem","position":4,"name":"Otsingumagneti komplekt","item":"https:\/\/magnetarmagnets.com\/et\/collections\/otsingumagnetid\/otsingumagneti-komplekt\/"},{"@type":"ListItem","position":5,"name":"Edasij\u00f5udnute otsingumagneti komplekt \u2013 400 kg \u2013 \u00fchesuunaline"}]},{"@type":"WebSite","@id":"https:\/\/magnetarmagnets.com\/et\/#website","url":"https:\/\/magnetarmagnets.com\/et\/","name":"Magnet fishing with a Magnetar fishing magnet","description":"Tugevad magnetid magnetp\u00fc\u00fcgiks","publisher":{"@id":"https:\/\/magnetarmagnets.com\/et\/#organization"},"potentialAction":[{"@type":"SearchAction","target":{"@type":"EntryPoint","urlTemplate":"https:\/\/magnetarmagnets.com\/et\/?s={search_term_string}"},"query-input":{"@type":"PropertyValueSpecification","valueRequired":true,"valueName":"search_term_string"}}],"inLanguage":"et"},{"@type":"Organization","@id":"https:\/\/magnetarmagnets.com\/et\/#organization","name":"Magnetar","url":"https:\/\/magnetarmagnets.com\/et\/","logo":{"@type":"ImageObject","inLanguage":"et","@id":"https:\/\/magnetarmagnets.com\/et\/#\/schema\/logo\/image\/","url":"https:\/\/magnetarmagnets.com\/wp-content\/uploads\/2025\/05\/Logo-03_PNG-Black-scaled.png","contentUrl":"https:\/\/magnetarmagnets.com\/wp-content\/uploads\/2025\/05\/Logo-03_PNG-Black-scaled.png","width":2560,"height":1658,"caption":"Magnetar"},"image":{"@id":"https:\/\/magnetarmagnets.com\/et\/#\/schema\/logo\/image\/"},"sameAs":["https:\/\/www.facebook.com\/fishingmagnets\/","https:\/\/www.instagram.com\/magnetar_magnets\/","https:\/\/www.linkedin.com\/company\/magnetarbv\/?originalSubdomain=nl","https:\/\/www.youtube.com\/c\/MagnetarVismagneet"]}]}},"_links":{"self":[{"href":"https:\/\/magnetarmagnets.com\/et\/wp-json\/wp\/v2\/product\/81556","targetHints":{"allow":["GET"]}}],"collection":[{"href":"https:\/\/magnetarmagnets.com\/et\/wp-json\/wp\/v2\/product"}],"about":[{"href":"https:\/\/magnetarmagnets.com\/et\/wp-json\/wp\/v2\/types\/product"}],"replies":[{"embeddable":true,"href":"https:\/\/magnetarmagnets.com\/et\/wp-json\/wp\/v2\/comments?post=81556"}],"version-history":[{"count":1,"href":"https:\/\/magnetarmagnets.com\/et\/wp-json\/wp\/v2\/product\/81556\/revisions"}],"predecessor-version":[{"id":95397,"href":"https:\/\/magnetarmagnets.com\/et\/wp-json\/wp\/v2\/product\/81556\/revisions\/95397"}],"wp:featuredmedia":[{"embeddable":true,"href":"https:\/\/magnetarmagnets.com\/et\/wp-json\/wp\/v2\/media\/72540"}],"wp:attachment":[{"href":"https:\/\/magnetarmagnets.com\/et\/wp-json\/wp\/v2\/media?parent=81556"}],"wp:term":[{"taxonomy":"product_brand","embeddable":true,"href":"https:\/\/magnetarmagnets.com\/et\/wp-json\/wp\/v2\/product_brand?post=81556"},{"taxonomy":"product_cat","embeddable":true,"href":"https:\/\/magnetarmagnets.com\/et\/wp-json\/wp\/v2\/product_cat?post=81556"},{"taxonomy":"product_tag","embeddable":true,"href":"https:\/\/magnetarmagnets.com\/et\/wp-json\/wp\/v2\/product_tag?post=81556"}],"curies":[{"name":"wp","href":"https:\/\/api.w.org\/{rel}","templated":true}]}}