{"id":81554,"date":"2025-06-05T09:54:42","date_gmt":"2025-06-05T07:54:42","guid":{"rendered":"https:\/\/magnetarmagnets.com\/?post_type=product&#038;p=81554"},"modified":"2026-04-22T06:19:24","modified_gmt":"2026-04-22T04:19:24","slug":"parim-ankurkonks-magnetkalapuugiks","status":"publish","type":"product","link":"https:\/\/magnetarmagnets.com\/et\/shop\/parim-ankurkonks-magnetkalapuugiks\/","title":{"rendered":"Parim haakkonks magnetp\u00fc\u00fcgiks"},"content":{"rendered":"<h2><strong>Mis on haakkonksud?<\/strong><\/h2>\n\n<span style=\"font-weight: 400;\">See on seadeldis, mis kinnitatakse k\u00f6iele ja visatakse v\u00f5i lastakse vee alla, et haarata, hoida, p\u00fc\u00fcda ja veest ese v\u00e4lja lohistada. Erinevaid haakkonksusid kasutatakse puu ronimiseks, kuid me soovitame seda seiklust\u00f6\u00f6riista raskeveokite magnetp\u00fc\u00fcgihuvilistele.<\/span>\n\n\n\n<span style=\"font-weight: 400;\">Neid saab kasutada <span style=\"font-weight: 400;\">neod\u00fc\u00fcmmagneti<\/span><span style=\"font-weight: 400;\"> k\u00f5rval v\u00f5i selle asemel veealuse aardejahtimise ajal. Kui soovid p\u00fc\u00fcda suureformaadilisi, mitte-magnetilisi, raskeid v\u00f5i erikujuste esemeid, aitab haakkonks need pinnale tuua.<\/span>\n\n<h2><strong>Kas mul on juba magnet olemas, kas vajan haaki?<\/strong><\/h2>\n\n<span style=\"font-weight: 400;\">Pole tingimata, kuid see on v\u00e4ga soovitatav.<\/span>\n\n\n\n<span style=\"font-weight: 400;\">Enamik magnetp\u00fc\u00fcgihuvilisi \u00fctleb, et magnetp\u00fc\u00fcgi haakkonks on h\u00e4davajalik. Meie <\/span><span style=\"font-weight: 400;\">neod\u00fc\u00fcmmagnetid<\/span><span style=\"font-weight: 400;\"> on ideaalsed magnetiliste metallobjektide p\u00fc\u00fcdmiseks erinevates suurustes, kujudes ja tihedusega. Kuid m\u00f5nikord on vaja haagi teravaid servasid, et ese kivi alt v\u00e4lja saada v\u00f5i pinnale tuua.<\/span>\n\n\n\n<span style=\"font-weight: 400;\">Nagu k\u00f5igi t\u00f6\u00f6riistadega \u2013 erinevates tingimustes vajate \u00fclesande t\u00e4itmiseks \u00f5igeid vahendeid. T\u00e4iendavad t\u00f6\u00f6riistad, nagu meie roostevabast terasest haakkonks, aitavad suurendada leidude valikut ja mitmek\u00fclgsust. Nii haakkonks kui ka magnet toimivad ka iseseisvalt, kuid koos on nad tugevamad.<\/span>\n\n<h2><strong>Millised materjalid on mitte-magnetilised?<\/strong><\/h2>\n\n<span style=\"font-weight: 400;\">Magnetid aitavad p\u00fc\u00fcda magnetilisi materjale. Kuigi k\u00f5ik magnetilised materjalid on metallid, ei ole k\u00f5ik metallid magnetilised. J\u00e4rgmine tabel annab \u00fclevaate materjalidest ja esemetest, mida saad oma magnetiga ligi meelitada v\u00f5i haagiga p\u00fc\u00fcda:<\/span>\n\n<table>\n\n<tbody>\n\n<tr>\n\n<td><b>Magnetilised<\/b><\/td>\n\n<td><b>Mitte-magnetilised<\/b><\/td>\n\n<\/tr>\n\n<tr>\n\n<td><span style=\"font-weight: 400;\">Raud (potid, pannid)<\/span><\/td>\n\n<td><span style=\"font-weight: 400;\">Alumiinium (purgid, n\u00f5ud)<\/span><\/td>\n\n<\/tr>\n\n<tr>\n\n<td><span style=\"font-weight: 400;\">Nikkel (m\u00fcndid)<\/span><\/td>\n\n<td><span style=\"font-weight: 400;\">Vask (m\u00fcndid)<\/span><\/td>\n\n<\/tr>\n\n<tr>\n\n<td><span style=\"font-weight: 400;\">Koobalt (kruvid, poldid, t\u00f6\u00f6riistad)<\/span><\/td>\n\n<td><span style=\"font-weight: 400;\">Tina (akud, kaalukivid)<\/span><\/td>\n\n<\/tr>\n\n<tr>\n\n<td><span style=\"font-weight: 400;\">Terase (torud, raudtee, autod)<\/span><\/td>\n\n<td><span style=\"font-weight: 400;\">Messing (muusikariistad)<\/span><\/td>\n\n<\/tr>\n\n<\/tbody>\n\n<\/table>\n\n ","protected":false},"excerpt":{"rendered":"<p><span style=\"font-weight: 400;\">Meie <strong>tipptasemel haakkonks<\/strong> sobib suurep\u00e4raselt vee alt esemete k\u00e4ttesaamiseks, mis on <strong>mitte-magnetilised, suureformaadilised, rasked, osaliselt magnetilised v\u00f5i ebatavaliselt kujulised<\/strong>. Rannal v\u00f5i paadist kasutades aitab see sul leida mitmeid huvitavaid esemeid. <\/span><\/p>\n<p><span style=\"font-weight: 400;\">Meie kogemuse p\u00f5hjal on see k\u00f5ige kasulikum <strong>lisatarvikuna su <\/strong><\/span><strong><a href=\"https:\/\/magnetarmagnets.com\/\" target=\"_blank\" rel=\"noopener\">neod\u00fc\u00fcmmagneti<\/a><\/strong><span style=\"font-weight: 400;\"> juures. Pole midagi pettumustvalvamat, kui magnet j\u00e4\u00e4b kinnitunud ja sa ei saa eset veest v\u00e4lja t\u00f5mmata. Haaki kasutades <strong>suurendad magneti kasutusv\u00f5imalusi ja t\u00f5mbej\u00f5udu<\/strong>, et <strong>leida veelgi suuremaid, paremaid ja meeldej\u00e4\u00e4vamaid aardeid<\/strong>. <\/span><\/p>\n","protected":false},"featured_media":69667,"comment_status":"open","ping_status":"closed","template":"","meta":{"_acf_changed":false,"inline_featured_image":false},"product_brand":[],"product_cat":[1021,500,422],"product_tag":[],"class_list":{"0":"post-81554","1":"product","2":"type-product","3":"status-publish","4":"has-post-thumbnail","6":"product_cat-kategooriata","7":"product_cat-otsingumagneti-varustus","8":"product_cat-varustus","10":"first","11":"instock","12":"sale","13":"taxable","14":"shipping-taxable","15":"purchasable","16":"product-type-simple"},"acf":[],"yoast_head":"<!-- This site is optimized with the Yoast SEO plugin v27.4 - https:\/\/yoast.com\/product\/yoast-seo-wordpress\/ -->\n<title>Magnetp\u00fc\u00fcgi haakkonks - Magnetar \u00ae [OSTA N\u00dc\u00dcD]<\/title>\n<meta name=\"description\" content=\"Osta parim magnetp\u00fc\u00fcgi haakkonks \u27a4 Magnetar \u00ae. K\u00f5ik magnetp\u00fc\u00fcgiks vajalikud varustused. Saadetakse samal p\u00e4eval!\" \/>\n<meta name=\"robots\" content=\"index, follow, max-snippet:-1, max-image-preview:large, max-video-preview:-1\" \/>\n<link rel=\"canonical\" href=\"https:\/\/magnetarmagnets.com\/et\/shop\/parim-ankurkonks-magnetkalapuugiks\/\" \/>\n<meta property=\"og:locale\" content=\"et_EE\" \/>\n<meta property=\"og:type\" content=\"article\" \/>\n<meta property=\"og:title\" content=\"Magnetp\u00fc\u00fcgi haakkonks - Magnetar \u00ae [OSTA N\u00dc\u00dcD]\" \/>\n<meta property=\"og:description\" content=\"Osta parim magnetp\u00fc\u00fcgi haakkonks \u27a4 Magnetar \u00ae. K\u00f5ik magnetp\u00fc\u00fcgiks vajalikud varustused. Saadetakse samal p\u00e4eval!\" \/>\n<meta property=\"og:url\" content=\"https:\/\/magnetarmagnets.com\/et\/shop\/parim-ankurkonks-magnetkalapuugiks\/\" \/>\n<meta property=\"og:site_name\" content=\"Magnet fishing with a Magnetar fishing magnet\" \/>\n<meta property=\"article:publisher\" content=\"https:\/\/www.facebook.com\/fishingmagnets\/\" \/>\n<meta property=\"article:modified_time\" content=\"2026-04-22T04:19:24+00:00\" \/>\n<meta property=\"og:image\" content=\"https:\/\/magnetarmagnets.com\/wp-content\/uploads\/2015\/09\/wurfanker.jpg\" \/>\n\t<meta property=\"og:image:width\" content=\"1570\" \/>\n\t<meta property=\"og:image:height\" content=\"1570\" \/>\n\t<meta property=\"og:image:type\" content=\"image\/jpeg\" \/>\n<meta name=\"twitter:card\" content=\"summary_large_image\" \/>\n<meta name=\"twitter:label1\" content=\"Est. reading time\" \/>\n\t<meta name=\"twitter:data1\" content=\"6 minutit\" \/>\n<script type=\"application\/ld+json\" class=\"yoast-schema-graph\">{\"@context\":\"https:\\\/\\\/schema.org\",\"@graph\":[{\"@type\":[\"WebPage\",\"ItemPage\"],\"@id\":\"https:\\\/\\\/magnetarmagnets.com\\\/et\\\/shop\\\/parim-ankurkonks-magnetkalapuugiks\\\/\",\"url\":\"https:\\\/\\\/magnetarmagnets.com\\\/et\\\/shop\\\/parim-ankurkonks-magnetkalapuugiks\\\/\",\"name\":\"Magnetp\u00fc\u00fcgi haakkonks - Magnetar \u00ae [OSTA N\u00dc\u00dcD]\",\"isPartOf\":{\"@id\":\"https:\\\/\\\/magnetarmagnets.com\\\/et\\\/#website\"},\"primaryImageOfPage\":{\"@id\":\"https:\\\/\\\/magnetarmagnets.com\\\/et\\\/shop\\\/parim-ankurkonks-magnetkalapuugiks\\\/#primaryimage\"},\"image\":{\"@id\":\"https:\\\/\\\/magnetarmagnets.com\\\/et\\\/shop\\\/parim-ankurkonks-magnetkalapuugiks\\\/#primaryimage\"},\"thumbnailUrl\":\"https:\\\/\\\/magnetarmagnets.com\\\/wp-content\\\/uploads\\\/2015\\\/09\\\/wurfanker.jpg\",\"datePublished\":\"2025-06-05T07:54:42+00:00\",\"dateModified\":\"2026-04-22T04:19:24+00:00\",\"description\":\"Osta parim magnetp\u00fc\u00fcgi haakkonks \u27a4 Magnetar \u00ae. K\u00f5ik magnetp\u00fc\u00fcgiks vajalikud varustused. Saadetakse samal p\u00e4eval!\",\"breadcrumb\":{\"@id\":\"https:\\\/\\\/magnetarmagnets.com\\\/et\\\/shop\\\/parim-ankurkonks-magnetkalapuugiks\\\/#breadcrumb\"},\"inLanguage\":\"et\",\"potentialAction\":[{\"@type\":\"ReadAction\",\"target\":[\"https:\\\/\\\/magnetarmagnets.com\\\/et\\\/shop\\\/parim-ankurkonks-magnetkalapuugiks\\\/\"]}]},{\"@type\":\"ImageObject\",\"inLanguage\":\"et\",\"@id\":\"https:\\\/\\\/magnetarmagnets.com\\\/et\\\/shop\\\/parim-ankurkonks-magnetkalapuugiks\\\/#primaryimage\",\"url\":\"https:\\\/\\\/magnetarmagnets.com\\\/wp-content\\\/uploads\\\/2015\\\/09\\\/wurfanker.jpg\",\"contentUrl\":\"https:\\\/\\\/magnetarmagnets.com\\\/wp-content\\\/uploads\\\/2015\\\/09\\\/wurfanker.jpg\",\"width\":1570,\"height\":1570,\"caption\":\"magnet-fishing-grappling-hook\"},{\"@type\":\"BreadcrumbList\",\"@id\":\"https:\\\/\\\/magnetarmagnets.com\\\/et\\\/shop\\\/parim-ankurkonks-magnetkalapuugiks\\\/#breadcrumb\",\"itemListElement\":[{\"@type\":\"ListItem\",\"position\":1,\"name\":\"Home\",\"item\":\"https:\\\/\\\/magnetarmagnets.com\\\/et\\\/\"},{\"@type\":\"ListItem\",\"position\":2,\"name\":\"pood\",\"item\":\"https:\\\/\\\/magnetarmagnets.com\\\/et\\\/pood\\\/\"},{\"@type\":\"ListItem\",\"position\":3,\"name\":\"Varustus\",\"item\":\"https:\\\/\\\/magnetarmagnets.com\\\/et\\\/collections\\\/varustus\\\/\"},{\"@type\":\"ListItem\",\"position\":4,\"name\":\"Otsingumagneti varustus\",\"item\":\"https:\\\/\\\/magnetarmagnets.com\\\/et\\\/collections\\\/varustus\\\/otsingumagneti-varustus\\\/\"},{\"@type\":\"ListItem\",\"position\":5,\"name\":\"Parim haakkonks magnetp\u00fc\u00fcgiks\"}]},{\"@type\":\"WebSite\",\"@id\":\"https:\\\/\\\/magnetarmagnets.com\\\/et\\\/#website\",\"url\":\"https:\\\/\\\/magnetarmagnets.com\\\/et\\\/\",\"name\":\"Magnet fishing with a Magnetar fishing magnet\",\"description\":\"Tugevad magnetid magnetp\u00fc\u00fcgiks\",\"publisher\":{\"@id\":\"https:\\\/\\\/magnetarmagnets.com\\\/et\\\/#organization\"},\"potentialAction\":[{\"@type\":\"SearchAction\",\"target\":{\"@type\":\"EntryPoint\",\"urlTemplate\":\"https:\\\/\\\/magnetarmagnets.com\\\/et\\\/?s={search_term_string}\"},\"query-input\":{\"@type\":\"PropertyValueSpecification\",\"valueRequired\":true,\"valueName\":\"search_term_string\"}}],\"inLanguage\":\"et\"},{\"@type\":\"Organization\",\"@id\":\"https:\\\/\\\/magnetarmagnets.com\\\/et\\\/#organization\",\"name\":\"Magnetar\",\"url\":\"https:\\\/\\\/magnetarmagnets.com\\\/et\\\/\",\"logo\":{\"@type\":\"ImageObject\",\"inLanguage\":\"et\",\"@id\":\"https:\\\/\\\/magnetarmagnets.com\\\/et\\\/#\\\/schema\\\/logo\\\/image\\\/\",\"url\":\"https:\\\/\\\/magnetarmagnets.com\\\/wp-content\\\/uploads\\\/2025\\\/05\\\/Logo-03_PNG-Black-scaled.png\",\"contentUrl\":\"https:\\\/\\\/magnetarmagnets.com\\\/wp-content\\\/uploads\\\/2025\\\/05\\\/Logo-03_PNG-Black-scaled.png\",\"width\":2560,\"height\":1658,\"caption\":\"Magnetar\"},\"image\":{\"@id\":\"https:\\\/\\\/magnetarmagnets.com\\\/et\\\/#\\\/schema\\\/logo\\\/image\\\/\"},\"sameAs\":[\"https:\\\/\\\/www.facebook.com\\\/fishingmagnets\\\/\",\"https:\\\/\\\/www.instagram.com\\\/magnetar_magnets\\\/\",\"https:\\\/\\\/www.linkedin.com\\\/company\\\/magnetarbv\\\/?originalSubdomain=nl\",\"https:\\\/\\\/www.youtube.com\\\/c\\\/MagnetarVismagneet\"]}]}<\/script>\n<!-- \/ Yoast SEO plugin. -->","yoast_head_json":{"title":"Magnetp\u00fc\u00fcgi haakkonks - Magnetar \u00ae [OSTA N\u00dc\u00dcD]","description":"Osta parim magnetp\u00fc\u00fcgi haakkonks \u27a4 Magnetar \u00ae. K\u00f5ik magnetp\u00fc\u00fcgiks vajalikud varustused. Saadetakse samal p\u00e4eval!","robots":{"index":"index","follow":"follow","max-snippet":"max-snippet:-1","max-image-preview":"max-image-preview:large","max-video-preview":"max-video-preview:-1"},"canonical":"https:\/\/magnetarmagnets.com\/et\/shop\/parim-ankurkonks-magnetkalapuugiks\/","og_locale":"et_EE","og_type":"article","og_title":"Magnetp\u00fc\u00fcgi haakkonks - Magnetar \u00ae [OSTA N\u00dc\u00dcD]","og_description":"Osta parim magnetp\u00fc\u00fcgi haakkonks \u27a4 Magnetar \u00ae. K\u00f5ik magnetp\u00fc\u00fcgiks vajalikud varustused. Saadetakse samal p\u00e4eval!","og_url":"https:\/\/magnetarmagnets.com\/et\/shop\/parim-ankurkonks-magnetkalapuugiks\/","og_site_name":"Magnet fishing with a Magnetar fishing magnet","article_publisher":"https:\/\/www.facebook.com\/fishingmagnets\/","article_modified_time":"2026-04-22T04:19:24+00:00","og_image":[{"width":1570,"height":1570,"url":"https:\/\/magnetarmagnets.com\/wp-content\/uploads\/2015\/09\/wurfanker.jpg","type":"image\/jpeg"}],"twitter_card":"summary_large_image","twitter_misc":{"Est. reading time":"6 minutit"},"schema":{"@context":"https:\/\/schema.org","@graph":[{"@type":["WebPage","ItemPage"],"@id":"https:\/\/magnetarmagnets.com\/et\/shop\/parim-ankurkonks-magnetkalapuugiks\/","url":"https:\/\/magnetarmagnets.com\/et\/shop\/parim-ankurkonks-magnetkalapuugiks\/","name":"Magnetp\u00fc\u00fcgi haakkonks - Magnetar \u00ae [OSTA N\u00dc\u00dcD]","isPartOf":{"@id":"https:\/\/magnetarmagnets.com\/et\/#website"},"primaryImageOfPage":{"@id":"https:\/\/magnetarmagnets.com\/et\/shop\/parim-ankurkonks-magnetkalapuugiks\/#primaryimage"},"image":{"@id":"https:\/\/magnetarmagnets.com\/et\/shop\/parim-ankurkonks-magnetkalapuugiks\/#primaryimage"},"thumbnailUrl":"https:\/\/magnetarmagnets.com\/wp-content\/uploads\/2015\/09\/wurfanker.jpg","datePublished":"2025-06-05T07:54:42+00:00","dateModified":"2026-04-22T04:19:24+00:00","description":"Osta parim magnetp\u00fc\u00fcgi haakkonks \u27a4 Magnetar \u00ae. K\u00f5ik magnetp\u00fc\u00fcgiks vajalikud varustused. Saadetakse samal p\u00e4eval!","breadcrumb":{"@id":"https:\/\/magnetarmagnets.com\/et\/shop\/parim-ankurkonks-magnetkalapuugiks\/#breadcrumb"},"inLanguage":"et","potentialAction":[{"@type":"ReadAction","target":["https:\/\/magnetarmagnets.com\/et\/shop\/parim-ankurkonks-magnetkalapuugiks\/"]}]},{"@type":"ImageObject","inLanguage":"et","@id":"https:\/\/magnetarmagnets.com\/et\/shop\/parim-ankurkonks-magnetkalapuugiks\/#primaryimage","url":"https:\/\/magnetarmagnets.com\/wp-content\/uploads\/2015\/09\/wurfanker.jpg","contentUrl":"https:\/\/magnetarmagnets.com\/wp-content\/uploads\/2015\/09\/wurfanker.jpg","width":1570,"height":1570,"caption":"magnet-fishing-grappling-hook"},{"@type":"BreadcrumbList","@id":"https:\/\/magnetarmagnets.com\/et\/shop\/parim-ankurkonks-magnetkalapuugiks\/#breadcrumb","itemListElement":[{"@type":"ListItem","position":1,"name":"Home","item":"https:\/\/magnetarmagnets.com\/et\/"},{"@type":"ListItem","position":2,"name":"pood","item":"https:\/\/magnetarmagnets.com\/et\/pood\/"},{"@type":"ListItem","position":3,"name":"Varustus","item":"https:\/\/magnetarmagnets.com\/et\/collections\/varustus\/"},{"@type":"ListItem","position":4,"name":"Otsingumagneti varustus","item":"https:\/\/magnetarmagnets.com\/et\/collections\/varustus\/otsingumagneti-varustus\/"},{"@type":"ListItem","position":5,"name":"Parim haakkonks magnetp\u00fc\u00fcgiks"}]},{"@type":"WebSite","@id":"https:\/\/magnetarmagnets.com\/et\/#website","url":"https:\/\/magnetarmagnets.com\/et\/","name":"Magnet fishing with a Magnetar fishing magnet","description":"Tugevad magnetid magnetp\u00fc\u00fcgiks","publisher":{"@id":"https:\/\/magnetarmagnets.com\/et\/#organization"},"potentialAction":[{"@type":"SearchAction","target":{"@type":"EntryPoint","urlTemplate":"https:\/\/magnetarmagnets.com\/et\/?s={search_term_string}"},"query-input":{"@type":"PropertyValueSpecification","valueRequired":true,"valueName":"search_term_string"}}],"inLanguage":"et"},{"@type":"Organization","@id":"https:\/\/magnetarmagnets.com\/et\/#organization","name":"Magnetar","url":"https:\/\/magnetarmagnets.com\/et\/","logo":{"@type":"ImageObject","inLanguage":"et","@id":"https:\/\/magnetarmagnets.com\/et\/#\/schema\/logo\/image\/","url":"https:\/\/magnetarmagnets.com\/wp-content\/uploads\/2025\/05\/Logo-03_PNG-Black-scaled.png","contentUrl":"https:\/\/magnetarmagnets.com\/wp-content\/uploads\/2025\/05\/Logo-03_PNG-Black-scaled.png","width":2560,"height":1658,"caption":"Magnetar"},"image":{"@id":"https:\/\/magnetarmagnets.com\/et\/#\/schema\/logo\/image\/"},"sameAs":["https:\/\/www.facebook.com\/fishingmagnets\/","https:\/\/www.instagram.com\/magnetar_magnets\/","https:\/\/www.linkedin.com\/company\/magnetarbv\/?originalSubdomain=nl","https:\/\/www.youtube.com\/c\/MagnetarVismagneet"]}]}},"_links":{"self":[{"href":"https:\/\/magnetarmagnets.com\/et\/wp-json\/wp\/v2\/product\/81554","targetHints":{"allow":["GET"]}}],"collection":[{"href":"https:\/\/magnetarmagnets.com\/et\/wp-json\/wp\/v2\/product"}],"about":[{"href":"https:\/\/magnetarmagnets.com\/et\/wp-json\/wp\/v2\/types\/product"}],"replies":[{"embeddable":true,"href":"https:\/\/magnetarmagnets.com\/et\/wp-json\/wp\/v2\/comments?post=81554"}],"version-history":[{"count":0,"href":"https:\/\/magnetarmagnets.com\/et\/wp-json\/wp\/v2\/product\/81554\/revisions"}],"wp:featuredmedia":[{"embeddable":true,"href":"https:\/\/magnetarmagnets.com\/et\/wp-json\/wp\/v2\/media\/69667"}],"wp:attachment":[{"href":"https:\/\/magnetarmagnets.com\/et\/wp-json\/wp\/v2\/media?parent=81554"}],"wp:term":[{"taxonomy":"product_brand","embeddable":true,"href":"https:\/\/magnetarmagnets.com\/et\/wp-json\/wp\/v2\/product_brand?post=81554"},{"taxonomy":"product_cat","embeddable":true,"href":"https:\/\/magnetarmagnets.com\/et\/wp-json\/wp\/v2\/product_cat?post=81554"},{"taxonomy":"product_tag","embeddable":true,"href":"https:\/\/magnetarmagnets.com\/et\/wp-json\/wp\/v2\/product_tag?post=81554"}],"curies":[{"name":"wp","href":"https:\/\/api.w.org\/{rel}","templated":true}]}}