{"id":68766,"date":"2014-04-08T22:22:39","date_gmt":"2014-04-08T20:22:39","guid":{"rendered":"https:\/\/magnetarmagnets.com\/?page_id=68766"},"modified":"2025-06-30T13:41:43","modified_gmt":"2025-06-30T11:41:43","slug":"tingimused","status":"publish","type":"page","link":"https:\/\/magnetarmagnets.com\/et\/tingimused\/","title":{"rendered":"Tingimused"},"content":{"rendered":"\n<p><strong>Artikkel 1. \u00dclds\u00e4tted<\/strong><br>1.1. Korrespondentsi- ja k\u00fclastusaadress: Eeuwlandseweg 9d, (8181 LM) Heerde, Holland (Tel: +31 6 51681066; E-post: <a>info@magnetarmagnets.com<\/a>).<br>1.2. \u00dcldtingimused on registreeritud kaubanduskojas ja k\u00e4ttesaadavad aadressil <a class=\"\" href=\"http:\/\/www.magnetarmagnets.com\">www.magnetarmagnets.com<\/a>.<\/p>\n\n\n\n<p><strong>Artikkel 2. M\u00f5isted ja kohaldatavus<\/strong><br>2.1. Nendes \u00fcldtingimustes kehtivad j\u00e4rgmised m\u00e4\u00e4ratlused:<br>a. \u00dcldtingimused: k\u00e4esolevad \u00fcldtingimused.<br>b. Taganemisperiood: periood, mille jooksul tarbijal on \u00f5igus lepingust taganeda.<br>c. Tarbija: f\u00fc\u00fcsiline isik, kes ei tegutse ametialaselt ega \u00e4ritegevuses ja kes s\u00f5lmib Magnetariga kaugm\u00fc\u00fcgilepingu.<br>d. P\u00fcsiv andmekandja: mis tahes vahend, mis v\u00f5imaldab salvestada isiklikult adresseeritud teavet viisil, mis tagab selle hilisema k\u00e4ttesaadavuse ja muutmata kujul taasesitamise.<br>e. Taganemis\u00f5igus: tarbija v\u00f5imalus taganeda kaugm\u00fc\u00fcgilepingust taganemisperioodi jooksul.<br>f. Magnetar: Magnetar, asukohaga Eeuwlandseweg 9d, (8181 LM) Heerde, Holland; registreeritud kaubanduskojas numbri 76761851 all; KMKR: NL 860787357 B01.<br>g. N\u00e4idistaganemisvorm: Magnetari pakutud vorm, mida tarbija v\u00f5ib kasutada oma taganemis\u00f5iguse teostamiseks.<br>h. Kaugm\u00fc\u00fcgileping: leping, mis on s\u00f5lmitud Magnetari ja tarbija vahel s\u00fcsteemi raames, mis on korraldatud kaugsidevahendite abil m\u00fc\u00fcgiks.<br>i. Kirjalikult: k\u00e4esolevate tingimuste kohaselt h\u00f5lmab see ka e-kirju aadressile <a>info@magnetarmagnets.com<\/a>.<br>j. Kaugsidevahend: vahend, millega saab lepingut s\u00f5lmida ilma f\u00fc\u00fcsilise kohalolekuta.<br>k. Veebisait: <a class=\"\" href=\"http:\/\/www.magnetarmagnets.com\">www.magnetarmagnets.com<\/a>.<br>l. Kaubad: k\u00f5ik kaubad, mille tarnimise eest Magnetar vastutab.<\/p>\n\n\n\n<p>2.2. K\u00e4esolevad \u00fcldtingimused kehtivad k\u00f5ikidele hinnapakkumistele, tellimustele ja kaugm\u00fc\u00fcgilepingutele Magnetari ja tarbija vahel.<br>2.3. Tarbija enda tingimuste kohaldamine on selges\u00f5naliselt v\u00e4listatud.<br>2.4. Enne lepingu s\u00f5lmimist tehakse \u00fcldtingimused tarbijale k\u00e4ttesaadavaks. Kui see ei ole m\u00f5istlikult v\u00f5imalik, siis teavitatakse sellest eelnevalt ja tingimused saadetakse soovi korral tasuta.<br>2.5. Kui leping s\u00f5lmitakse elektrooniliselt, v\u00f5ib \u00fcldtingimused teha tarbijale k\u00e4ttesaadavaks elektrooniliselt p\u00fcsival andmekandjal.<br>2.6. Kui kehtivad ka toote v\u00f5i teenuse eritingimused, kehtivad need koos \u00fcldtingimustega ning vastuolu korral v\u00f5ib tarbija tugineda soodsamale s\u00e4ttele.<br>2.7. K\u00f5rvalekalded \u00fcldtingimustest kehtivad ainult juhul, kui need on kirjalikult kokku lepitud.<br>2.8. Juhtudel, mida ei ole lepingus v\u00f5i tingimustes reguleeritud, teeb Magnetar m\u00f5istliku otsuse.<br>2.9. Kui m\u00f5ni s\u00e4te osutub kehtetuks, ei m\u00f5juta see teiste s\u00e4tete kehtivust. Vajadusel asendatakse see kehtiva ja kavatsusele vastava s\u00e4ttega.<br>2.10. Tingimuste t\u00f5lgendamisel l\u00e4htutakse nende m\u00f5ttest ja eesm\u00e4rgist.<\/p>\n\n\n\n<p><strong>Artikkel 3. Pakkumised ja hinnapakkumised<\/strong><br>3.1. Magnetari pakkumised ja hinnapakkumised ei ole siduvad. Magnetar j\u00e4tab endale \u00f5iguse neid muuta. Kui pakkumine on piiratud t\u00e4htajaga v\u00f5i seotud tingimustega, m\u00e4rgitakse see selgelt.<br>3.2. Iga pakkumine sisaldab piisavat teavet, et tarbija m\u00f5istaks oma \u00f5igusi ja kohustusi, sealhulgas:<br>(i) Kauba hind koos k\u00e4ibemaksuga;<br>(ii) Saatmiskulud;<br>(iii) Lepingus\u00f5lmimise protsess ja sammud;<br>(iv) Taganemis\u00f5iguse kohaldatavus;<br>(v) Makse-, tarne- ja t\u00e4itmisviisid;<br>(vi) Pakkumise kehtivusaeg v\u00f5i hinna kehtivuse tagatis;<br>(vii) Sidekulud, kui need \u00fcletavad tavahinda;<br>(viii) Lepingu arhiveerimine ja sellele ligip\u00e4\u00e4s;<br>(ix) Andmete kontrollimise ja parandamise viis enne lepingu s\u00f5lmimist;<br>(x) Lepingukeelte valikud lisaks hollandi keelele;<br>(xi) Magnetari j\u00e4rgitud k\u00e4itumiskoodeksid ja ligip\u00e4\u00e4s nendele.<\/p>\n\n\n\n<p>3.3. Magnetari toodete kujutised vastavad tegelikkusele.<br>3.4. Ilmsed vead v\u00f5i vead pakkumises ei seo Magnetarit.<br>3.5. Leping s\u00f5lmitakse hetkel, mil tarbija pakkumise aktsepteerib ja t\u00e4idab tingimused.<br>3.6. Elektroonilise aktsepteerimise korral kinnitab Magnetar selle koheselt elektrooniliselt. Tarbijal on kuni kinnituse saamiseni \u00f5igus lepingust taganeda. Tellimuse kinnitust loetakse k\u00e4ttesaaduks selle saatmise hetkel. Eba\u00f5ige e-posti aadressi korral vastutab tarbija.<br>3.7. Magnetar tagab sobivad tehnilised ja korralduslikud meetmed andmete turvaliseks edastamiseks ning ohutu veebikeskkonna.<br>3.8. Magnetaril on \u00f5igus kontrollida tarbija maksev\u00f5imet. Vajadusel v\u00f5ib Magnetar keelduda tellimusest v\u00f5i seada sellele tingimusi.<br>3.9. Tellimusega saadetakse tarbijale kirjalikult v\u00f5i p\u00fcsival andmekandjal j\u00e4rgmine teave:<br>(i) Magnetari aadress kaebuste esitamiseks;<br>(ii) Taganemis\u00f5iguse tingimused v\u00f5i selle v\u00e4listamise selgitus;<br>(iii) Teave garantiide ja j\u00e4relteenuste kohta;<br>(iv) Artiklis 3.2 nimetatud teave, kui seda ei ole juba esitatud.<br>3.10. Leping s\u00f5lmitakse tingimusel, et kaup on piisavalt saadaval.<\/p>\n\n\n\n<p><strong>Artikkel 4. Taganemis\u00f5igus<\/strong><br>4.1. Kaupade ostmisel on tarbijal \u00f5igus lepingust taganeda ilma p\u00f5hjust esitamata kolmek\u00fcmne (30) p\u00e4eva jooksul. Taganemist\u00e4htaeg algab p\u00e4eval, mil tarbija v\u00f5i tema m\u00e4\u00e4ratud kolmas isik on kauba k\u00e4tte saanud. Magnetar v\u00f5ib k\u00fcsida taganemise p\u00f5hjust, kuid tarbija ei ole kohustatud seda esitama.<br>4.2. Taganemisperioodil peab tarbija kaupu ja pakendit k\u00e4sitlema hoolikalt. Kaupu v\u00f5ib avada v\u00f5i kasutada \u00fcksnes m\u00e4\u00e4ral, mis on vajalik selleks, et teha kindlaks kauba olemus, omadused ja toimimine \u2013 nagu f\u00fc\u00fcsilises poes.<br>4.3. Tarbija vastutab ainult kauba v\u00e4\u00e4rtuse v\u00e4henemise eest, mis on p\u00f5hjustatud k\u00e4sitsemisest, mis \u00fcletab artiklis 4.2 lubatu.<br>4.4. Kui Magnetar ei ole tarbijale taganemis\u00f5igust puudutavat teavet lepingus v\u00f5i selle s\u00f5lmimisel esitanud, ei vastuta tarbija v\u00e4\u00e4rtuse v\u00e4henemise eest.<br>4.5. Taganemis\u00f5iguse kasutamiseks peab tarbija Magnetarit teavitama kirjalikult 30 p\u00e4eva jooksul alates kauba k\u00e4ttesaamisest. P\u00e4rast teavitamist tuleb kaup tagastada 14 p\u00e4eva jooksul. Tarbija peab esitama t\u00f5endi kauba tagastamise kohta (nt postikviitung). Magnetar kinnitab lepingust taganemise e-kirjaga.<br>4.6. Tarbija peab tagastama kaubad kahjustamata, koos k\u00f5igi tarvikutega, originaalseisundis ja originaalpakendis ning vastavalt Magnetari juhistele.<br>4.7. Kui kaupa on k\u00e4sitletud viisil, mis on p\u00f5hjustanud v\u00e4\u00e4rtuse v\u00e4henemise, on Magnetaril \u00f5igus see v\u00e4\u00e4rtuse kadu tasaarvestada tagasimaksega. N\u00e4iteks kui magnetid on t\u00f5mmanud ligi rauat\u00fckke v\u00f5i said kahjustada.<br>4.8. Kui tarbija teavitab taganemisest kirjalikult, saadab Magnetar kinnituse viivitamatult.<br>4.9. Magnetar tagastab k\u00f5ik saadud maksed, arvestades v\u00f5imaliku v\u00e4\u00e4rtuse v\u00e4henemisega, hiljemalt 14 p\u00e4eva jooksul alates taganemise kinnitamisest ja kauba k\u00e4ttesaamisest v\u00f5i tagastust\u00f5endi saamisest.<br>4.10. Tagasimakse tehakse samal viisil nagu makse laekus, kui ei ole kokku lepitud teisiti. Tagasimakse on tasuta.<br>4.11. Kui tarbija kasutab taganemis\u00f5igust, l\u00f5ppevad k\u00f5ik seotud kaugm\u00fc\u00fcgilepingud automaatselt.<\/p>\n\n\n\n<p><strong>Artikkel 5. Kulud taganemise korral<\/strong><br>5.1. Kui tarbija kasutab taganemis\u00f5igust, kannab ta kauba tagastamise kulud ise.<br>5.2. Kui tarbija on juba makse teinud, tagastab Magnetar selle nii kiiresti kui v\u00f5imalik, kuid hiljemalt neljateistk\u00fcmne (14) p\u00e4eva jooksul alates taganemisest, tingimusel, et kaup on k\u00e4tte saadud v\u00f5i tagastamine on t\u00f5endatud.<\/p>\n\n\n\n<p><strong>Artikkel 6. Taganemis\u00f5iguse v\u00e4listamine<\/strong><br>6.1. Magnetar v\u00f5ib tarbija taganemis\u00f5iguse v\u00e4listada artiklis 6.2 nimetatud kaupade puhul, kui see on selgelt m\u00e4rgitud pakkumises v\u00f5i enne lepingu s\u00f5lmimist.<br>6.2. Taganemis\u00f5iguse v\u00e4listamine on v\u00f5imalik ainult j\u00e4rgmiste kaupade puhul:<br>(i) Kaubad, mis on valmistatud tarbija spetsifikatsioonide alusel;<br>(ii) Kaubad, mis on selgelt isikup\u00e4rased;<br>(iii) Kaubad, mida nende olemuse t\u00f5ttu ei saa tagastada;<br>(iv) Kaubad, mis riknevad v\u00f5i vananevad kiiresti.<\/p>\n\n\n\n<p><strong>Artikkel 7. Hind ja maksmine<\/strong><br>7.1. Pakkumises m\u00e4rgitud kehtivusaja jooksul ei t\u00f5steta kaupade hindu, v\u00e4lja arvatud k\u00e4ibemaksum\u00e4\u00e4rade muutumise korral.<br>7.2. Kui ei ole kokku lepitud teisiti, ei v\u00f5ta Magnetar tarbijalt saatmiskulusid.<br>7.3. Hinnat\u00f5usud kolme (3) kuu jooksul p\u00e4rast lepingu s\u00f5lmimist on lubatud ainult seadusest tulenevatel alustel.<br>7.4. Hinnat\u00f5usud p\u00e4rast kolme (3) kuud on lubatud, kui:<br>(i) need tulenevad seadusest v\u00f5i m\u00e4\u00e4rustest v\u00f5i<br>(ii) tarbijal on \u00f5igus leping \u00fcles \u00f6elda hinnat\u00f5usu j\u00f5ustumise kuup\u00e4evast.<br>7.5. Pakkumises toodud hinnad sisaldavad k\u00e4ibemaksu.<br>7.6. Kui ei ole kokku lepitud teisiti, peab tarbija tasuma 14 p\u00e4eva jooksul alates taganemisperioodi algusest (vt artikkel 4.1).<br>7.7. Makse toimub Magnetari pakutud maksemeetodite kaudu. Ettemakse korral algab tellimuse t\u00f6\u00f6tlemine alles p\u00e4rast makse laekumist.<br>7.8. Tarbija on kohustatud teatama koheselt k\u00f5ikidest makseandmete vigadest.<br>7.9. Kui tarbija ei t\u00e4ida oma maksekohustusi \u00f5igeaegselt, on Magnetaril \u00f5igus n\u00f5uda eelnevalt teada antud m\u00f5istlikke kulusid.<br>7.10. Kui tarbija viivitab maksmisega ja ei tasu ka 14-p\u00e4evase j\u00e4relperioodi jooksul, lisandub seadusj\u00e4rgne viivis ja Magnetaril on \u00f5igus n\u00f5uda kohtuv\u00e4liseid sissen\u00f5udmiskulusid. Need on maksimaalselt:<br>\u2013 15% v\u00f5lasummast kuni \u20ac2.500;<br>\u2013 10% j\u00e4rgmise \u20ac2.500 pealt;<br>\u2013 5% j\u00e4rgmise \u20ac5.000 pealt;<br>miinimumtasuga \u20ac40.<\/p>\n\n\n\n<p><strong>Artikkel 8. Vastavus ja garantii<\/strong><br>8.1. Magnetar tagab, et kaubad vastavad lepingule, pakkumises toodud kirjeldustele, kasutusk\u00f5lblikkusele ning kehtivatele seadustele ja m\u00e4\u00e4rustele. Kui on kokkulepitud, tagatakse ka kauba sobivus erikasutuseks.<br>8.2. Garantii, mille annab Magnetar, tootja v\u00f5i importija, ei m\u00f5juta tarbija seaduslikke \u00f5igusi.<br>8.3. Vead v\u00f5i valesti tarnitud kaubad tuleb tarbijal teatada Magnetarile kirjalikult nelja (4) n\u00e4dala jooksul alates k\u00e4ttetoimetamisest.<br>8.4. Magnetari garantii kehtivusaeg vastab tootjapoolsele garantiile. Magnetar ei vastuta kauba sobivuse eest konkreetseks kasutuseks ega kasutussoovituste eest.<br>8.5. Garantii ei kehti, kui defekt tuleneb v\u00e4listest p\u00f5hjustest v\u00f5i valest kasutamisest, n\u00e4iteks kahjustamisest, valest k\u00e4sitsemisest, juhiste eiramisest v\u00f5i loata parandustest.<\/p>\n\n\n\n<p><strong>Artikkel 9. Privaatsus<\/strong><br>9.1. Magnetar j\u00e4rgib isikuandmete t\u00f6\u00f6tlemisel Euroopa Liidu isikuandmete kaitse \u00fcldm\u00e4\u00e4rust (GDPR).<\/p>\n\n\n\n<p><strong>Artikkel 10. Lepingu t\u00e4itmine<\/strong><br>10.1. Magnetar k\u00e4sitleb tellimuste vastuv\u00f5ttu ja t\u00e4itmist maksimaalse hoolsusega.<br>10.2. Tarnet teostatakse tarbija poolt Magnetarile edastatud aadressile. Kui tarnet ei ole eraldi aadressile m\u00e4\u00e4ratud, kehtib arveaadress. Kui on kokku lepitud, et kaubad saab k\u00e4tte Magnetari asukohast, toimub \u00fcleandmine ainult kokkulepitud ajal ja kirjaliku kinnitusega.<br>10.3. Kui tarne hilineb tarbija s\u00fc\u00fcl (nt vajaliku info viivitus), v\u00f5ib Magnetar pikendada t\u00e4htaega ja n\u00f5uda lisakulusid.<br>10.4. Magnetar t\u00e4idab tellimused m\u00f5istliku aja jooksul, hiljemalt 30 p\u00e4eva jooksul, v\u00e4lja arvatud juhul kui on kokku lepitud pikem t\u00e4htaeg. Kui tarnes on viivitus, teavitatakse tarbijat sellest 30 p\u00e4eva jooksul. Tarbijal on seej\u00e4rel \u00f5igus leping l\u00f5petada ja v\u00f5imalusel kahjutasu n\u00f5uda.<br>10.5. K\u00f5ik tarneajad on indikatiivsed ega anna tarbijale \u00f5igust h\u00fcvitisele.<br>10.6. L\u00f5petamise korral (vastavalt artikkel 10.4) tagastab Magnetar k\u00f5ik saadud maksed 14 p\u00e4eva jooksul.<br>10.7. Kui tellitud kauba tarnimine ei ole v\u00f5imalik, pakub Magnetar asenduskaupa. Sellest teavitatakse tarbijat enne tarnet. Asendustootel kehtib samuti taganemis\u00f5igus. Tagastamiskulud kannab tarbija.<br>10.8. Kauba kahjustumise v\u00f5i kadumise risk j\u00e4\u00e4b Magnetarile kuni tarnehetkeni tarbijale v\u00f5i tema m\u00e4\u00e4ratud isikule, kui pole kokku lepitud teisiti.<br>10.9. Magnetar v\u00f5ib tooted tarnida osade kaupa. Tarbija taganemis\u00f5igus kehtib kuni viimase osa k\u00e4ttesaamiseni.<br>10.10. Tarbija on kohustatud kauba vastu v\u00f5tma selle k\u00e4ttesaadavaks tegemisel. Kui ta keeldub v\u00f5i ei anna vajalikku teavet, vastutab ta hinna, ladustamiskulude ja v\u00f5imalike utiliseerimiskulude eest.<\/p>\n\n\n\n<p><strong>Artikkel 11. T\u00e4htajalised ja t\u00e4htajatud lepingud<\/strong><br>11.1. Tarbijal on \u00f5igus l\u00f5petada t\u00e4htajatu leping, mis sisaldab regulaarset kaubatarnelepingut, etteteatamisega kuni \u00fcks (1) kuu.<br>11.2. Tarbijal on \u00f5igus l\u00f5petada t\u00e4htajaline leping kehtivusaja l\u00f5pus etteteatamisega kuni \u00fcks (1) kuu.<br>11.3. L\u00f5petamise puhul v\u00f5ib tarbija:<br>(i) L\u00f5petada igal ajal, mitte ainult teatud kuup\u00e4eval v\u00f5i ajaperioodil,<br>(ii) L\u00f5petada samal viisil, nagu leping s\u00f5lmiti,<br>(iii) L\u00f5petada sama etteteatamisega, nagu Magnetar endale on kehtestanud.<br>11.4. T\u00e4htajalist lepingut ei pikendata automaatselt.<br>11.5. Kui leping kestab \u00fcle \u00fche (1) aasta, v\u00f5ib tarbija selle igal ajal p\u00e4rast \u00fchte aastat l\u00f5petada etteteatamisega kuni \u00fcks (1) kuu, kui see pole vastuolus hea usu ja m\u00f5istlikkuse p\u00f5him\u00f5tetega.<\/p>\n\n\n\n<p><strong>Artikkel 12. V\u00e4\u00e4ramatu j\u00f5ud (Force majeure)<\/strong><br>12.1. V\u00e4\u00e4ramatuks j\u00f5uks loetakse k\u00f5iki etten\u00e4htavaid ja etten\u00e4gematuid asjaolusid, mis ei allu Magnetari kontrollile, kuid m\u00f5jutavad lepinguj\u00e4rgset t\u00e4itmist.<br>12.2. V\u00e4\u00e4ramatu j\u00f5u juhtumiteks on (sh kuid mitte ainult): s\u00f5da, terrorism, rahutused, valitsuse meetmed, streigid, rahanduslikud muutused, tulekahjud, loodusn\u00e4htused, transpordi- ja IT-rikked, \u00f5nnetused jne.<br>12.3. V\u00e4\u00e4ramatu j\u00f5u korral peatub Magnetari ja tarbija kohustuste t\u00e4itmine.<br>12.4. Kui lepingut ei ole v\u00f5imalik v\u00e4\u00e4ramatu j\u00f5u t\u00f5ttu enam t\u00e4ita, v\u00f5ivad m\u00f5lemad pooled selle kohe l\u00f5petada.<\/p>\n\n\n\n<p><strong>Artikkel 13. Kaebused<\/strong><br>13.1. Magnetaril on avalikult k\u00e4ttesaadav kaebuste menetlemise kord ning ta k\u00e4sitleb kaebusi selle korra alusel.<br>13.2. Kaebused kaupade kohta tuleb esitada Magnetarile kirjalikult viie (5) p\u00e4eva jooksul p\u00e4rast kauba defekti avastamist, koos selge ja \u00fcksikasjaliku kirjeldusega.<br>13.3. Magnetar vastab kaebusele neljateistk\u00fcmne (14) p\u00e4eva jooksul alates selle k\u00e4ttesaamisest. Kui kaebuse lahendamine n\u00f5uab rohkem aega, saadetakse vastus koos viitega, millal tarbija v\u00f5ib oodata \u00fcksikasjalikumat vastust.<br>13.4. Tarbija peab andma Magnetarile v\u00e4hemalt neli (4) n\u00e4dalat, et j\u00f5uda kaebuse osas kokkuleppele. Kui seda ei saavutata, tekib vaidlus, millele kohaldatakse vaidluste lahendamise korda.<br>13.5. Kui Magnetar leiab kaebuse olevat p\u00f5hjendatud, v\u00f5ib ta omal \u00e4ran\u00e4gemisel toote kas tasuta v\u00e4lja vahetada v\u00f5i parandada.<\/p>\n\n\n\n<p><strong>Artikkel 14. Kohaldatav \u00f5igus ja kohtualluvus<\/strong><br>14.1. K\u00f5igile kaugm\u00fc\u00fcgilepingutele kohaldatakse \u00fcksnes Hollandi \u00f5igust, ka juhul kui tarbija elukoht asub v\u00e4lismaal.<br>14.2. \u00dcRO rahvusvaheliste kaupade m\u00fc\u00fcgilepingu konventsiooni (CISG) kohaldamine on v\u00e4listatud.<\/p>\n\n\n\n<p><strong>Artikkel 15. T\u00e4iendavad v\u00f5i erinevad s\u00e4tted<\/strong><br>15.1. K\u00f5ik t\u00e4iendavad v\u00f5i \u00fcldtingimustest erinevad s\u00e4tted ei tohi olla tarbijale ebasoodsad ning need tuleb dokumenteerida kirjalikult v\u00f5i viisil, mis v\u00f5imaldab tarbijal neid salvestada p\u00fcsival andmekandjal.<\/p>\n","protected":false},"excerpt":{"rendered":"<p>Artikkel 1. \u00dclds\u00e4tted1.1. Korrespondentsi- ja k\u00fclastusaadress: Eeuwlandseweg 9d, (8181 LM) Heerde, Holland (Tel: +31 6 51681066; E-post: info@magnetarmagnets.com).1.2. \u00dcldtingimused on registreeritud kaubanduskojas ja k\u00e4ttesaadavad aadressil www.magnetarmagnets.com. Artikkel 2. M\u00f5isted ja kohaldatavus2.1. Nendes \u00fcldtingimustes kehtivad j\u00e4rgmised m\u00e4\u00e4ratlused:a. \u00dcldtingimused: k\u00e4esolevad \u00fcldtingimused.b. Taganemisperiood: periood, mille jooksul tarbijal on \u00f5igus lepingust taganeda.c. Tarbija: f\u00fc\u00fcsiline isik, kes ei tegutse ametialaselt [&hellip;]<\/p>\n","protected":false},"author":1,"featured_media":0,"parent":0,"menu_order":0,"comment_status":"open","ping_status":"open","template":"","meta":{"_acf_changed":false,"inline_featured_image":false,"footnotes":""},"class_list":["post-68766","page","type-page","status-publish","hentry"],"acf":[],"yoast_head":"<!-- This site is optimized with the Yoast SEO plugin v27.3 - https:\/\/yoast.com\/product\/yoast-seo-wordpress\/ -->\n<title>Tingimused - Magnet fishing with a Magnetar fishing magnet<\/title>\n<meta name=\"robots\" content=\"noindex, nofollow\" \/>\n<meta property=\"og:locale\" content=\"et_EE\" \/>\n<meta property=\"og:type\" content=\"article\" \/>\n<meta property=\"og:title\" content=\"Tingimused - Magnet fishing with a Magnetar fishing magnet\" \/>\n<meta property=\"og:description\" content=\"Artikkel 1. \u00dclds\u00e4tted1.1. Korrespondentsi- ja k\u00fclastusaadress: Eeuwlandseweg 9d, (8181 LM) Heerde, Holland (Tel: +31 6 51681066; E-post: info@magnetarmagnets.com).1.2. \u00dcldtingimused on registreeritud kaubanduskojas ja k\u00e4ttesaadavad aadressil www.magnetarmagnets.com. Artikkel 2. M\u00f5isted ja kohaldatavus2.1. Nendes \u00fcldtingimustes kehtivad j\u00e4rgmised m\u00e4\u00e4ratlused:a. \u00dcldtingimused: k\u00e4esolevad \u00fcldtingimused.b. Taganemisperiood: periood, mille jooksul tarbijal on \u00f5igus lepingust taganeda.c. Tarbija: f\u00fc\u00fcsiline isik, kes ei tegutse ametialaselt [&hellip;]\" \/>\n<meta property=\"og:url\" content=\"https:\/\/magnetarmagnets.com\/et\/tingimused\/\" \/>\n<meta property=\"og:site_name\" content=\"Magnet fishing with a Magnetar fishing magnet\" \/>\n<meta property=\"article:publisher\" content=\"https:\/\/www.facebook.com\/fishingmagnets\/\" \/>\n<meta property=\"article:modified_time\" content=\"2025-06-30T11:41:43+00:00\" \/>\n<meta property=\"og:image\" content=\"https:\/\/magnetarmagnets.com\/wp-content\/uploads\/2025\/05\/Logo-03_PNG-Black-scaled.png\" \/>\n\t<meta property=\"og:image:width\" content=\"2560\" \/>\n\t<meta property=\"og:image:height\" content=\"1658\" \/>\n\t<meta property=\"og:image:type\" content=\"image\/png\" \/>\n<meta name=\"twitter:card\" content=\"summary_large_image\" \/>\n<meta name=\"twitter:label1\" content=\"Est. reading time\" \/>\n\t<meta name=\"twitter:data1\" content=\"8 minutit\" \/>\n<script type=\"application\/ld+json\" class=\"yoast-schema-graph\">{\"@context\":\"https:\\\/\\\/schema.org\",\"@graph\":[{\"@type\":\"WebPage\",\"@id\":\"https:\\\/\\\/magnetarmagnets.com\\\/et\\\/tingimused\\\/\",\"url\":\"https:\\\/\\\/magnetarmagnets.com\\\/et\\\/tingimused\\\/\",\"name\":\"Tingimused - Magnet fishing with a Magnetar fishing magnet\",\"isPartOf\":{\"@id\":\"https:\\\/\\\/magnetarmagnets.com\\\/et\\\/#website\"},\"datePublished\":\"2014-04-08T20:22:39+00:00\",\"dateModified\":\"2025-06-30T11:41:43+00:00\",\"breadcrumb\":{\"@id\":\"https:\\\/\\\/magnetarmagnets.com\\\/et\\\/tingimused\\\/#breadcrumb\"},\"inLanguage\":\"et\",\"potentialAction\":[{\"@type\":\"ReadAction\",\"target\":[\"https:\\\/\\\/magnetarmagnets.com\\\/et\\\/tingimused\\\/\"]}]},{\"@type\":\"BreadcrumbList\",\"@id\":\"https:\\\/\\\/magnetarmagnets.com\\\/et\\\/tingimused\\\/#breadcrumb\",\"itemListElement\":[{\"@type\":\"ListItem\",\"position\":1,\"name\":\"Home\",\"item\":\"https:\\\/\\\/magnetarmagnets.com\\\/et\\\/\"},{\"@type\":\"ListItem\",\"position\":2,\"name\":\"Tingimused\"}]},{\"@type\":\"WebSite\",\"@id\":\"https:\\\/\\\/magnetarmagnets.com\\\/et\\\/#website\",\"url\":\"https:\\\/\\\/magnetarmagnets.com\\\/et\\\/\",\"name\":\"Magnet fishing with a Magnetar fishing magnet\",\"description\":\"Tugevad magnetid magnetp\u00fc\u00fcgiks\",\"publisher\":{\"@id\":\"https:\\\/\\\/magnetarmagnets.com\\\/et\\\/#organization\"},\"potentialAction\":[{\"@type\":\"SearchAction\",\"target\":{\"@type\":\"EntryPoint\",\"urlTemplate\":\"https:\\\/\\\/magnetarmagnets.com\\\/et\\\/?s={search_term_string}\"},\"query-input\":{\"@type\":\"PropertyValueSpecification\",\"valueRequired\":true,\"valueName\":\"search_term_string\"}}],\"inLanguage\":\"et\"},{\"@type\":\"Organization\",\"@id\":\"https:\\\/\\\/magnetarmagnets.com\\\/et\\\/#organization\",\"name\":\"Magnetar\",\"url\":\"https:\\\/\\\/magnetarmagnets.com\\\/et\\\/\",\"logo\":{\"@type\":\"ImageObject\",\"inLanguage\":\"et\",\"@id\":\"https:\\\/\\\/magnetarmagnets.com\\\/et\\\/#\\\/schema\\\/logo\\\/image\\\/\",\"url\":\"https:\\\/\\\/magnetarmagnets.com\\\/wp-content\\\/uploads\\\/2025\\\/05\\\/Logo-03_PNG-Black-scaled.png\",\"contentUrl\":\"https:\\\/\\\/magnetarmagnets.com\\\/wp-content\\\/uploads\\\/2025\\\/05\\\/Logo-03_PNG-Black-scaled.png\",\"width\":2560,\"height\":1658,\"caption\":\"Magnetar\"},\"image\":{\"@id\":\"https:\\\/\\\/magnetarmagnets.com\\\/et\\\/#\\\/schema\\\/logo\\\/image\\\/\"},\"sameAs\":[\"https:\\\/\\\/www.facebook.com\\\/fishingmagnets\\\/\",\"https:\\\/\\\/www.instagram.com\\\/magnetar_magnets\\\/\",\"https:\\\/\\\/www.linkedin.com\\\/company\\\/magnetarbv\\\/?originalSubdomain=nl\",\"https:\\\/\\\/www.youtube.com\\\/c\\\/MagnetarVismagneet\"]}]}<\/script>\n<!-- \/ Yoast SEO plugin. -->","yoast_head_json":{"title":"Tingimused - Magnet fishing with a Magnetar fishing magnet","robots":{"index":"noindex","follow":"nofollow"},"og_locale":"et_EE","og_type":"article","og_title":"Tingimused - Magnet fishing with a Magnetar fishing magnet","og_description":"Artikkel 1. \u00dclds\u00e4tted1.1. Korrespondentsi- ja k\u00fclastusaadress: Eeuwlandseweg 9d, (8181 LM) Heerde, Holland (Tel: +31 6 51681066; E-post: info@magnetarmagnets.com).1.2. \u00dcldtingimused on registreeritud kaubanduskojas ja k\u00e4ttesaadavad aadressil www.magnetarmagnets.com. Artikkel 2. M\u00f5isted ja kohaldatavus2.1. Nendes \u00fcldtingimustes kehtivad j\u00e4rgmised m\u00e4\u00e4ratlused:a. \u00dcldtingimused: k\u00e4esolevad \u00fcldtingimused.b. Taganemisperiood: periood, mille jooksul tarbijal on \u00f5igus lepingust taganeda.c. Tarbija: f\u00fc\u00fcsiline isik, kes ei tegutse ametialaselt [&hellip;]","og_url":"https:\/\/magnetarmagnets.com\/et\/tingimused\/","og_site_name":"Magnet fishing with a Magnetar fishing magnet","article_publisher":"https:\/\/www.facebook.com\/fishingmagnets\/","article_modified_time":"2025-06-30T11:41:43+00:00","og_image":[{"width":2560,"height":1658,"url":"https:\/\/magnetarmagnets.com\/wp-content\/uploads\/2025\/05\/Logo-03_PNG-Black-scaled.png","type":"image\/png"}],"twitter_card":"summary_large_image","twitter_misc":{"Est. reading time":"8 minutit"},"schema":{"@context":"https:\/\/schema.org","@graph":[{"@type":"WebPage","@id":"https:\/\/magnetarmagnets.com\/et\/tingimused\/","url":"https:\/\/magnetarmagnets.com\/et\/tingimused\/","name":"Tingimused - Magnet fishing with a Magnetar fishing magnet","isPartOf":{"@id":"https:\/\/magnetarmagnets.com\/et\/#website"},"datePublished":"2014-04-08T20:22:39+00:00","dateModified":"2025-06-30T11:41:43+00:00","breadcrumb":{"@id":"https:\/\/magnetarmagnets.com\/et\/tingimused\/#breadcrumb"},"inLanguage":"et","potentialAction":[{"@type":"ReadAction","target":["https:\/\/magnetarmagnets.com\/et\/tingimused\/"]}]},{"@type":"BreadcrumbList","@id":"https:\/\/magnetarmagnets.com\/et\/tingimused\/#breadcrumb","itemListElement":[{"@type":"ListItem","position":1,"name":"Home","item":"https:\/\/magnetarmagnets.com\/et\/"},{"@type":"ListItem","position":2,"name":"Tingimused"}]},{"@type":"WebSite","@id":"https:\/\/magnetarmagnets.com\/et\/#website","url":"https:\/\/magnetarmagnets.com\/et\/","name":"Magnet fishing with a Magnetar fishing magnet","description":"Tugevad magnetid magnetp\u00fc\u00fcgiks","publisher":{"@id":"https:\/\/magnetarmagnets.com\/et\/#organization"},"potentialAction":[{"@type":"SearchAction","target":{"@type":"EntryPoint","urlTemplate":"https:\/\/magnetarmagnets.com\/et\/?s={search_term_string}"},"query-input":{"@type":"PropertyValueSpecification","valueRequired":true,"valueName":"search_term_string"}}],"inLanguage":"et"},{"@type":"Organization","@id":"https:\/\/magnetarmagnets.com\/et\/#organization","name":"Magnetar","url":"https:\/\/magnetarmagnets.com\/et\/","logo":{"@type":"ImageObject","inLanguage":"et","@id":"https:\/\/magnetarmagnets.com\/et\/#\/schema\/logo\/image\/","url":"https:\/\/magnetarmagnets.com\/wp-content\/uploads\/2025\/05\/Logo-03_PNG-Black-scaled.png","contentUrl":"https:\/\/magnetarmagnets.com\/wp-content\/uploads\/2025\/05\/Logo-03_PNG-Black-scaled.png","width":2560,"height":1658,"caption":"Magnetar"},"image":{"@id":"https:\/\/magnetarmagnets.com\/et\/#\/schema\/logo\/image\/"},"sameAs":["https:\/\/www.facebook.com\/fishingmagnets\/","https:\/\/www.instagram.com\/magnetar_magnets\/","https:\/\/www.linkedin.com\/company\/magnetarbv\/?originalSubdomain=nl","https:\/\/www.youtube.com\/c\/MagnetarVismagneet"]}]}},"_links":{"self":[{"href":"https:\/\/magnetarmagnets.com\/et\/wp-json\/wp\/v2\/pages\/68766","targetHints":{"allow":["GET"]}}],"collection":[{"href":"https:\/\/magnetarmagnets.com\/et\/wp-json\/wp\/v2\/pages"}],"about":[{"href":"https:\/\/magnetarmagnets.com\/et\/wp-json\/wp\/v2\/types\/page"}],"author":[{"embeddable":true,"href":"https:\/\/magnetarmagnets.com\/et\/wp-json\/wp\/v2\/users\/1"}],"replies":[{"embeddable":true,"href":"https:\/\/magnetarmagnets.com\/et\/wp-json\/wp\/v2\/comments?post=68766"}],"version-history":[{"count":0,"href":"https:\/\/magnetarmagnets.com\/et\/wp-json\/wp\/v2\/pages\/68766\/revisions"}],"wp:attachment":[{"href":"https:\/\/magnetarmagnets.com\/et\/wp-json\/wp\/v2\/media?parent=68766"}],"curies":[{"name":"wp","href":"https:\/\/api.w.org\/{rel}","templated":true}]}}