{"id":67917,"date":"2023-03-08T09:45:04","date_gmt":"2023-03-08T08:45:04","guid":{"rendered":"https:\/\/magnetarmagnets.com\/juhendid\/"},"modified":"2025-07-29T12:46:18","modified_gmt":"2025-07-29T10:46:18","slug":"juhendid","status":"publish","type":"page","link":"https:\/\/magnetarmagnets.com\/et\/juhendid\/","title":{"rendered":"Juhendid"},"content":{"rendered":"\n<p>Kas paned kokku otsingumagnet? Allpool olevates kasutusjuhendites pakume sulle samm-sammult juhiseid Magnetar otsingumagnetid kokkupanekuks. Loodame, et need juhised aitavad sul seda kaunist hobi v\u00f5imalikult kiiresti alustada.<\/p>\n\n\n\n<p><a href=\"https:\/\/magnetarmagnets.com\/wp-content\/uploads\/2023\/07\/Handleiding-allround-zonder-beschermhoes-ENG2.pdf\" target=\"_blank\" rel=\"noreferrer noopener\">Laadi alla juhend \u2013 Allround 360\u00b0 otsingumagnetid<\/a><\/p>\n\n\n\n<p><a href=\"https:\/\/magnetarmagnets.com\/wp-content\/uploads\/2023\/07\/Handleiding-allround-inclusief-beschermhoes-ENG2.pdf\" target=\"_blank\" rel=\"noreferrer noopener\">Laadi alla juhend \u2013 Allround 360\u00b0 otsingumagnetid kaitsekestaga<\/a><\/p>\n\n\n\n<p><a href=\"https:\/\/magnetarmagnets.com\/wp-content\/uploads\/2023\/07\/Handleiding-Classic-vismagneten-ENG2.pdf\" target=\"_blank\" rel=\"noreferrer noopener\">Laadi alla juhend \u2013 \u00dchepoolsed Classic otsingumagnetid<\/a><\/p>\n\n\n\n<p><a href=\"https:\/\/magnetarmagnets.com\/wp-content\/uploads\/2023\/07\/Handleiding-dubbelzijdige-vismagneten-ENG2.pdf\" target=\"_blank\" rel=\"noreferrer noopener\">Laadi alla juhend \u2013 Kahepoolsed Bulldog otsingumagnetid<\/a><\/p>\n\n\n\n<p><a href=\"https:\/\/magnetarmagnets.com\/wp-content\/uploads\/2023\/07\/Handleiding-vismagneet-touw-ENG2.pdf\" target=\"_blank\" rel=\"noreferrer noopener\">Laadi alla juhend \u2013 Magnetari magnetp\u00fc\u00fck k\u00f6is<\/a><\/p>\n\n\n\n<p><\/p>\n","protected":false},"excerpt":{"rendered":"<p>Kas paned kokku otsingumagnet? Allpool olevates kasutusjuhendites pakume sulle samm-sammult juhiseid Magnetar otsingumagnetid kokkupanekuks. Loodame, et need juhised aitavad sul seda kaunist hobi v\u00f5imalikult kiiresti alustada. Laadi alla juhend \u2013 Allround 360\u00b0 otsingumagnetid Laadi alla juhend \u2013 Allround 360\u00b0 otsingumagnetid kaitsekestaga Laadi alla juhend \u2013 \u00dchepoolsed Classic otsingumagnetid Laadi alla juhend \u2013 Kahepoolsed Bulldog otsingumagnetid [&hellip;]<\/p>\n","protected":false},"author":1,"featured_media":0,"parent":0,"menu_order":0,"comment_status":"closed","ping_status":"closed","template":"","meta":{"_acf_changed":false,"inline_featured_image":false,"footnotes":""},"class_list":["post-67917","page","type-page","status-publish","hentry"],"acf":[],"yoast_head":"<!-- This site is optimized with the Yoast SEO plugin v27.3 - https:\/\/yoast.com\/product\/yoast-seo-wordpress\/ -->\n<title>Juhendid - Magnet fishing with a Magnetar fishing magnet<\/title>\n<meta name=\"robots\" content=\"index, follow, max-snippet:-1, max-image-preview:large, max-video-preview:-1\" \/>\n<link rel=\"canonical\" href=\"https:\/\/magnetarmagnets.com\/et\/juhendid\/\" \/>\n<meta property=\"og:locale\" content=\"et_EE\" \/>\n<meta property=\"og:type\" content=\"article\" \/>\n<meta property=\"og:title\" content=\"Juhendid - Magnet fishing with a Magnetar fishing magnet\" \/>\n<meta property=\"og:description\" content=\"Kas paned kokku otsingumagnet? Allpool olevates kasutusjuhendites pakume sulle samm-sammult juhiseid Magnetar otsingumagnetid kokkupanekuks. Loodame, et need juhised aitavad sul seda kaunist hobi v\u00f5imalikult kiiresti alustada. Laadi alla juhend \u2013 Allround 360\u00b0 otsingumagnetid Laadi alla juhend \u2013 Allround 360\u00b0 otsingumagnetid kaitsekestaga Laadi alla juhend \u2013 \u00dchepoolsed Classic otsingumagnetid Laadi alla juhend \u2013 Kahepoolsed Bulldog otsingumagnetid [&hellip;]\" \/>\n<meta property=\"og:url\" content=\"https:\/\/magnetarmagnets.com\/et\/juhendid\/\" \/>\n<meta property=\"og:site_name\" content=\"Magnet fishing with a Magnetar fishing magnet\" \/>\n<meta property=\"article:publisher\" content=\"https:\/\/www.facebook.com\/fishingmagnets\/\" \/>\n<meta property=\"article:modified_time\" content=\"2025-07-29T10:46:18+00:00\" \/>\n<meta property=\"og:image\" content=\"https:\/\/magnetarmagnets.com\/wp-content\/uploads\/2025\/05\/Logo-03_PNG-Black-scaled.png\" \/>\n\t<meta property=\"og:image:width\" content=\"2560\" \/>\n\t<meta property=\"og:image:height\" content=\"1658\" \/>\n\t<meta property=\"og:image:type\" content=\"image\/png\" \/>\n<meta name=\"twitter:card\" content=\"summary_large_image\" \/>\n<meta name=\"twitter:label1\" content=\"Est. reading time\" \/>\n\t<meta name=\"twitter:data1\" content=\"1 minut\" \/>\n<script type=\"application\/ld+json\" class=\"yoast-schema-graph\">{\"@context\":\"https:\\\/\\\/schema.org\",\"@graph\":[{\"@type\":\"WebPage\",\"@id\":\"https:\\\/\\\/magnetarmagnets.com\\\/et\\\/juhendid\\\/\",\"url\":\"https:\\\/\\\/magnetarmagnets.com\\\/et\\\/juhendid\\\/\",\"name\":\"Juhendid - Magnet fishing with a Magnetar fishing magnet\",\"isPartOf\":{\"@id\":\"https:\\\/\\\/magnetarmagnets.com\\\/et\\\/#website\"},\"datePublished\":\"2023-03-08T08:45:04+00:00\",\"dateModified\":\"2025-07-29T10:46:18+00:00\",\"breadcrumb\":{\"@id\":\"https:\\\/\\\/magnetarmagnets.com\\\/et\\\/juhendid\\\/#breadcrumb\"},\"inLanguage\":\"et\",\"potentialAction\":[{\"@type\":\"ReadAction\",\"target\":[\"https:\\\/\\\/magnetarmagnets.com\\\/et\\\/juhendid\\\/\"]}]},{\"@type\":\"BreadcrumbList\",\"@id\":\"https:\\\/\\\/magnetarmagnets.com\\\/et\\\/juhendid\\\/#breadcrumb\",\"itemListElement\":[{\"@type\":\"ListItem\",\"position\":1,\"name\":\"Home\",\"item\":\"https:\\\/\\\/magnetarmagnets.com\\\/et\\\/\"},{\"@type\":\"ListItem\",\"position\":2,\"name\":\"Juhendid\"}]},{\"@type\":\"WebSite\",\"@id\":\"https:\\\/\\\/magnetarmagnets.com\\\/et\\\/#website\",\"url\":\"https:\\\/\\\/magnetarmagnets.com\\\/et\\\/\",\"name\":\"Magnet fishing with a Magnetar fishing magnet\",\"description\":\"Tugevad magnetid magnetp\u00fc\u00fcgiks\",\"publisher\":{\"@id\":\"https:\\\/\\\/magnetarmagnets.com\\\/et\\\/#organization\"},\"potentialAction\":[{\"@type\":\"SearchAction\",\"target\":{\"@type\":\"EntryPoint\",\"urlTemplate\":\"https:\\\/\\\/magnetarmagnets.com\\\/et\\\/?s={search_term_string}\"},\"query-input\":{\"@type\":\"PropertyValueSpecification\",\"valueRequired\":true,\"valueName\":\"search_term_string\"}}],\"inLanguage\":\"et\"},{\"@type\":\"Organization\",\"@id\":\"https:\\\/\\\/magnetarmagnets.com\\\/et\\\/#organization\",\"name\":\"Magnetar\",\"url\":\"https:\\\/\\\/magnetarmagnets.com\\\/et\\\/\",\"logo\":{\"@type\":\"ImageObject\",\"inLanguage\":\"et\",\"@id\":\"https:\\\/\\\/magnetarmagnets.com\\\/et\\\/#\\\/schema\\\/logo\\\/image\\\/\",\"url\":\"https:\\\/\\\/magnetarmagnets.com\\\/wp-content\\\/uploads\\\/2025\\\/05\\\/Logo-03_PNG-Black-scaled.png\",\"contentUrl\":\"https:\\\/\\\/magnetarmagnets.com\\\/wp-content\\\/uploads\\\/2025\\\/05\\\/Logo-03_PNG-Black-scaled.png\",\"width\":2560,\"height\":1658,\"caption\":\"Magnetar\"},\"image\":{\"@id\":\"https:\\\/\\\/magnetarmagnets.com\\\/et\\\/#\\\/schema\\\/logo\\\/image\\\/\"},\"sameAs\":[\"https:\\\/\\\/www.facebook.com\\\/fishingmagnets\\\/\",\"https:\\\/\\\/www.instagram.com\\\/magnetar_magnets\\\/\",\"https:\\\/\\\/www.linkedin.com\\\/company\\\/magnetarbv\\\/?originalSubdomain=nl\",\"https:\\\/\\\/www.youtube.com\\\/c\\\/MagnetarVismagneet\"]}]}<\/script>\n<!-- \/ Yoast SEO plugin. -->","yoast_head_json":{"title":"Juhendid - Magnet fishing with a Magnetar fishing magnet","robots":{"index":"index","follow":"follow","max-snippet":"max-snippet:-1","max-image-preview":"max-image-preview:large","max-video-preview":"max-video-preview:-1"},"canonical":"https:\/\/magnetarmagnets.com\/et\/juhendid\/","og_locale":"et_EE","og_type":"article","og_title":"Juhendid - Magnet fishing with a Magnetar fishing magnet","og_description":"Kas paned kokku otsingumagnet? Allpool olevates kasutusjuhendites pakume sulle samm-sammult juhiseid Magnetar otsingumagnetid kokkupanekuks. Loodame, et need juhised aitavad sul seda kaunist hobi v\u00f5imalikult kiiresti alustada. Laadi alla juhend \u2013 Allround 360\u00b0 otsingumagnetid Laadi alla juhend \u2013 Allround 360\u00b0 otsingumagnetid kaitsekestaga Laadi alla juhend \u2013 \u00dchepoolsed Classic otsingumagnetid Laadi alla juhend \u2013 Kahepoolsed Bulldog otsingumagnetid [&hellip;]","og_url":"https:\/\/magnetarmagnets.com\/et\/juhendid\/","og_site_name":"Magnet fishing with a Magnetar fishing magnet","article_publisher":"https:\/\/www.facebook.com\/fishingmagnets\/","article_modified_time":"2025-07-29T10:46:18+00:00","og_image":[{"width":2560,"height":1658,"url":"https:\/\/magnetarmagnets.com\/wp-content\/uploads\/2025\/05\/Logo-03_PNG-Black-scaled.png","type":"image\/png"}],"twitter_card":"summary_large_image","twitter_misc":{"Est. reading time":"1 minut"},"schema":{"@context":"https:\/\/schema.org","@graph":[{"@type":"WebPage","@id":"https:\/\/magnetarmagnets.com\/et\/juhendid\/","url":"https:\/\/magnetarmagnets.com\/et\/juhendid\/","name":"Juhendid - Magnet fishing with a Magnetar fishing magnet","isPartOf":{"@id":"https:\/\/magnetarmagnets.com\/et\/#website"},"datePublished":"2023-03-08T08:45:04+00:00","dateModified":"2025-07-29T10:46:18+00:00","breadcrumb":{"@id":"https:\/\/magnetarmagnets.com\/et\/juhendid\/#breadcrumb"},"inLanguage":"et","potentialAction":[{"@type":"ReadAction","target":["https:\/\/magnetarmagnets.com\/et\/juhendid\/"]}]},{"@type":"BreadcrumbList","@id":"https:\/\/magnetarmagnets.com\/et\/juhendid\/#breadcrumb","itemListElement":[{"@type":"ListItem","position":1,"name":"Home","item":"https:\/\/magnetarmagnets.com\/et\/"},{"@type":"ListItem","position":2,"name":"Juhendid"}]},{"@type":"WebSite","@id":"https:\/\/magnetarmagnets.com\/et\/#website","url":"https:\/\/magnetarmagnets.com\/et\/","name":"Magnet fishing with a Magnetar fishing magnet","description":"Tugevad magnetid magnetp\u00fc\u00fcgiks","publisher":{"@id":"https:\/\/magnetarmagnets.com\/et\/#organization"},"potentialAction":[{"@type":"SearchAction","target":{"@type":"EntryPoint","urlTemplate":"https:\/\/magnetarmagnets.com\/et\/?s={search_term_string}"},"query-input":{"@type":"PropertyValueSpecification","valueRequired":true,"valueName":"search_term_string"}}],"inLanguage":"et"},{"@type":"Organization","@id":"https:\/\/magnetarmagnets.com\/et\/#organization","name":"Magnetar","url":"https:\/\/magnetarmagnets.com\/et\/","logo":{"@type":"ImageObject","inLanguage":"et","@id":"https:\/\/magnetarmagnets.com\/et\/#\/schema\/logo\/image\/","url":"https:\/\/magnetarmagnets.com\/wp-content\/uploads\/2025\/05\/Logo-03_PNG-Black-scaled.png","contentUrl":"https:\/\/magnetarmagnets.com\/wp-content\/uploads\/2025\/05\/Logo-03_PNG-Black-scaled.png","width":2560,"height":1658,"caption":"Magnetar"},"image":{"@id":"https:\/\/magnetarmagnets.com\/et\/#\/schema\/logo\/image\/"},"sameAs":["https:\/\/www.facebook.com\/fishingmagnets\/","https:\/\/www.instagram.com\/magnetar_magnets\/","https:\/\/www.linkedin.com\/company\/magnetarbv\/?originalSubdomain=nl","https:\/\/www.youtube.com\/c\/MagnetarVismagneet"]}]}},"_links":{"self":[{"href":"https:\/\/magnetarmagnets.com\/et\/wp-json\/wp\/v2\/pages\/67917","targetHints":{"allow":["GET"]}}],"collection":[{"href":"https:\/\/magnetarmagnets.com\/et\/wp-json\/wp\/v2\/pages"}],"about":[{"href":"https:\/\/magnetarmagnets.com\/et\/wp-json\/wp\/v2\/types\/page"}],"author":[{"embeddable":true,"href":"https:\/\/magnetarmagnets.com\/et\/wp-json\/wp\/v2\/users\/1"}],"replies":[{"embeddable":true,"href":"https:\/\/magnetarmagnets.com\/et\/wp-json\/wp\/v2\/comments?post=67917"}],"version-history":[{"count":0,"href":"https:\/\/magnetarmagnets.com\/et\/wp-json\/wp\/v2\/pages\/67917\/revisions"}],"wp:attachment":[{"href":"https:\/\/magnetarmagnets.com\/et\/wp-json\/wp\/v2\/media?parent=67917"}],"curies":[{"name":"wp","href":"https:\/\/api.w.org\/{rel}","templated":true}]}}