{"id":67915,"date":"2018-02-15T19:59:07","date_gmt":"2018-02-15T18:59:07","guid":{"rendered":"https:\/\/magnetarmagnets.com\/meist\/"},"modified":"2025-08-27T09:40:00","modified_gmt":"2025-08-27T07:40:00","slug":"meist","status":"publish","type":"page","link":"https:\/\/magnetarmagnets.com\/et\/meist\/","title":{"rendered":"Meist"},"content":{"rendered":"\n<p>Juba \u00fcle 10 aasta on meie pereettev\u00f5te m\u00fc\u00fcnud otsingumagnetid inimestele, kes armastavad seda hobit sama palju kui meie.<\/p>\n\n\n<div class=\"wp-block-image\">\n<figure class=\"aligncenter size-large\"><img fetchpriority=\"high\" decoding=\"async\" width=\"1024\" height=\"576\" src=\"https:\/\/magnetarmagnets.com\/wp-content\/uploads\/2023\/10\/magnetar-team-1024x576.jpg\" alt=\"\" class=\"wp-image-58869\" srcset=\"https:\/\/magnetarmagnets.com\/wp-content\/uploads\/2023\/10\/magnetar-team-1024x576.jpg 1024w, https:\/\/magnetarmagnets.com\/wp-content\/uploads\/2023\/10\/magnetar-team-300x169.jpg 300w, https:\/\/magnetarmagnets.com\/wp-content\/uploads\/2023\/10\/magnetar-team-768x432.jpg 768w, https:\/\/magnetarmagnets.com\/wp-content\/uploads\/2023\/10\/magnetar-team-800x450.jpg 800w, https:\/\/magnetarmagnets.com\/wp-content\/uploads\/2023\/10\/magnetar-team.jpg 1280w\" sizes=\"(max-width: 1024px) 100vw, 1024px\" \/><\/figure>\n<\/div>\n\n\n<p>Meie asutaja Reinout Volkers on armastanud otsingumagnetid juba alates 16. eluaastast. \u00d5pingute ajal v\u00e4ikeettev\u00f5tluse ja jaem\u00fc\u00fcgi juhtimises alustas ta Magnetarit oma vanemate kuuris, unistades muuta oma kirg elukutseks. Pakkudes magnetp\u00fc\u00fcgi harrastajatele parimaid ja t\u00f5husamaid tooteid turul, on tema ettev\u00f5te m\u00fc\u00fcnud \u00fcle 20 000 magneti enam kui 50 riigis koos kohalike edasim\u00fc\u00fcjatega \u00fcle maailma. Magnetar on juhtiv otsingumagnetite tarnija Euroopas ja saadab n\u00fc\u00fcd ka P\u00f5hja-Ameerikasse!<\/p>\n\n\n\n<p>Me teame, et saatmine v\u00f5ib kaasa tuua ootamatuid kulusid. Pakume tasuta saatmist valitud riikidesse ning k\u00f5igile meie klientidele 30-p\u00e4evast tagastamis\u00f5igust. Olgu sul k\u00fcsimus meie toodete, teenuste v\u00f5i kohaletoimetamise kohta, oleme alati valmis aitama! Lisainfo saamiseks v\u00f5i oma leidude jagamiseks v\u00f5ta meiega \u00fchendust aadressil info@magnetarmagnets.com.   <\/p>\n\n\n\n<h2 class=\"wp-block-heading\">Meie meeskond<\/h2>\n\n\n\n<p>Magnetar alustas eesm\u00e4rgiga pakkuda kirglikele magnetp\u00fc\u00fcgi harrastajatele k\u00f5rgeima kvaliteediga otsingumagneteid, tarvikuid ja teenust. Soovime, et sul oleks meie toodetega parim kogemus, seep\u00e4rast oleme aastaid innovatsiooni, disaini ja tugeva 360\u00ba neod\u00fc\u00fcmmagneti tootmisega tegelenud. Oleme viiseliikmeline p\u00fchendunud ja kirglik meeskond, kes armastab magnetp\u00fc\u00fcki, ja loodetavasti armastab seda ka Reinouti ja Anneliese vasts\u00fcndinu Jurre! Ootame p\u00f5nevusega oma klientidelt tagasisidet selle kohta, mida nad Magnetari magnetitega leiavad.<\/p>\n\n\n\n<div id=\"text-image-block_a670c97d4626d88dbfe9e53b07db4d7f\" class=\"block text-image\">\n\t\t\n\n\t<section class=\"text_image align_left bgr_nobgr\" >\n\t\t<div class=\"container-fluid\">\n\t\t\t<div class=\"row\">\n\t\t\t\t<div class=\"col-md-6 col_content\">\n\t\t\t\t\t\t\t\t\t\t\t<div class=\"small_top_title\">\n\t\t\t\t\t\t\tMaurice\t\t\t\t\t\t<\/div>\n\t\t\t\t\t\t\t\t\t\t\t\t\t\t\t\t\t\t\t\t\t<div class=\"text\" style=\"color:#000000\">\n\t\t\t\t\t\t\t<p style=\"text-align: left\">Ma pakin ja kontrollin su tellimuse. Nii saad t\u00e4pselt selle, mida tellisid, ja \u00f5igeks ajaks. Tagatubades olen ma alati valmis kliente aitama ning teen seda suure uhkusega! Kas ma n\u00e4en sinu tellimust varsti?   <\/p>\n\t\t\t\t\t\t<\/div>\n\t\t\t\t\t\t\n\t\t\t\t\t\t\t\t\t\n\t\t\t\t<\/div>\n\t\t\t\t\t\t\t\t\t\t\t\t\t\t\t<div class=\"col-md-6 col_image image_not_bgr\" >\n\t\t\t\t\t\t\t<div class=\"text_image_wrap\">\t\t\t\t\t\t\n\t\t\t\t\t\t\t\t<img decoding=\"async\" src=\"https:\/\/magnetarmagnets.com\/wp-content\/uploads\/2023\/10\/magnetar-team-maurice.jpg\" alt=\"\" \/>\n\t\t\t\t\t\t\t<\/div>\n\t\t\t\t\t\t<\/div>\n\t\t\t\t\t\t\t\t\t\t\t\t<\/div>\n\t\t<\/div>\n\t<\/section>\n<\/div>\n\n\n<div id=\"text-image-block_2cd3ec544bcc1eadec2d4c4f06d60dab\" class=\"block text-image\">\n\t\t\n\n\t<section class=\"text_image align_right bgr_nobgr\" >\n\t\t<div class=\"container-fluid\">\n\t\t\t<div class=\"row\">\n\t\t\t\t<div class=\"col-md-6 col_content\">\n\t\t\t\t\t\t\t\t\t\t\t<div class=\"small_top_title\">\n\t\t\t\t\t\t\tDennis\t\t\t\t\t\t<\/div>\n\t\t\t\t\t\t\t\t\t\t\t\t\t\t\t\t\t\t\t\t\t<div class=\"text\" style=\"color:#000000\">\n\t\t\t\t\t\t\t<p style=\"text-align: left\">Magnetar m\u00fc\u00fcb tooteid \u00fcle kogu maailma, ning mina keskendun spetsiaalselt Ameerika \u00dchendriikidele ja Kanadale. Kui oled huvitatud Magnetari tutvustamisest professionaalina Ameerika \u00dchendriikides, palun v\u00f5ta minuga \u00fchendust, et arutada v\u00f5imalusi! Saad mulle kirjutada aadressile <a href=\"mailto:dennis@magnetarmagnets.com\" target=\"_new\">dennis@magnetarmagnets.com<\/a>.  <\/p>\n\t\t\t\t\t\t<\/div>\n\t\t\t\t\t\t\n\t\t\t\t\t\t\t\t\t\n\t\t\t\t<\/div>\n\t\t\t\t\t\t\t\t\t\t\t\t\t\t\t<div class=\"col-md-6 col_image image_not_bgr\" >\n\t\t\t\t\t\t\t<div class=\"text_image_wrap\">\t\t\t\t\t\t\n\t\t\t\t\t\t\t\t<img decoding=\"async\" src=\"https:\/\/magnetarmagnets.com\/wp-content\/uploads\/2023\/10\/magnetar-team-dennis.jpg\" alt=\"\" \/>\n\t\t\t\t\t\t\t<\/div>\n\t\t\t\t\t\t<\/div>\n\t\t\t\t\t\t\t\t\t\t\t\t<\/div>\n\t\t<\/div>\n\t<\/section>\n<\/div>\n\n\n<div id=\"text-image-block_dc13a778ed27d21478df77fb47a56730\" class=\"block text-image\">\n\t\t\n\n\t<section class=\"text_image align_left bgr_nobgr\" >\n\t\t<div class=\"container-fluid\">\n\t\t\t<div class=\"row\">\n\t\t\t\t<div class=\"col-md-6 col_content\">\n\t\t\t\t\t\t\t\t\t\t\t<div class=\"small_top_title\">\n\t\t\t\t\t\t\tAnnelies\t\t\t\t\t\t<\/div>\n\t\t\t\t\t\t\t\t\t\t\t\t\t\t\t\t\t\t\t\t\t<div class=\"text\" style=\"color:#000000\">\n\t\t\t\t\t\t\t<p>Olen mitu aastat Magnetaris aktiivne olnud. Kui saad informatiivse e-kirja v\u00f5i n\u00e4ed lahedat postitust sotsiaalmeedias, siis t\u00f5en\u00e4oliselt olen selle taga mina. Kas oled ise leidnud m\u00f5ne p\u00f5neva aarde? Anna teada ja kirjuta aadressile <a href=\"mailto:info@magnetar.com\" target=\"_new\">info@magnetarmagnets.com<\/a>.   <\/p>\n\t\t\t\t\t\t<\/div>\n\t\t\t\t\t\t\n\t\t\t\t\t\t\t\t\t\n\t\t\t\t<\/div>\n\t\t\t\t\t\t\t\t\t\t\t\t\t\t\t<div class=\"col-md-6 col_image image_not_bgr\" >\n\t\t\t\t\t\t\t<div class=\"text_image_wrap\">\t\t\t\t\t\t\n\t\t\t\t\t\t\t\t<img decoding=\"async\" src=\"https:\/\/magnetarmagnets.com\/wp-content\/uploads\/2023\/10\/magnetar-team-annelies.jpg\" alt=\"\" \/>\n\t\t\t\t\t\t\t<\/div>\n\t\t\t\t\t\t<\/div>\n\t\t\t\t\t\t\t\t\t\t\t\t<\/div>\n\t\t<\/div>\n\t<\/section>\n<\/div>\n\n\n<div id=\"text-image-block_565b43969932332b4788d5c2f6b7d767\" class=\"block text-image\">\n\t\t\n\n\t<section class=\"text_image align_right bgr_nobgr\" >\n\t\t<div class=\"container-fluid\">\n\t\t\t<div class=\"row\">\n\t\t\t\t<div class=\"col-md-6 col_content\">\n\t\t\t\t\t\t\t\t\t\t\t<div class=\"small_top_title\">\n\t\t\t\t\t\t\tReinout\t\t\t\t\t\t<\/div>\n\t\t\t\t\t\t\t\t\t\t\t\t\t\t\t\t\t\t\t\t\t<div class=\"text\" style=\"color:#000000\">\n\t\t\t\t\t\t\t<p>Uhkusest alustasin Magnetarit mitu aastat tagasi. Iga hommik \u00e4rkan endiselt suure r\u00f5\u00f5muga, et sind teenindada ja pakkuda parimaid magnetp\u00fc\u00fcgi magneteid ja tarvikuid. Kirg magnetp\u00fc\u00fcgi hobi ja k\u00f5igi klientide vastu! Kas sul on mulle k\u00fcsimus v\u00f5i soovid koost\u00f6\u00f6d teha? Kirjuta aadressile <a href=\"reinout@magnetarmagnets.com\" target=\"_new\">reinout@magnetarmagnets.com<\/a>.<\/p>\n\t\t\t\t\t\t<\/div>\n\t\t\t\t\t\t\n\t\t\t\t\t\t\t\t\t\n\t\t\t\t<\/div>\n\t\t\t\t\t\t\t\t\t\t\t\t\t\t\t<div class=\"col-md-6 col_image image_not_bgr\" >\n\t\t\t\t\t\t\t<div class=\"text_image_wrap\">\t\t\t\t\t\t\n\t\t\t\t\t\t\t\t<img decoding=\"async\" src=\"https:\/\/magnetarmagnets.com\/wp-content\/uploads\/2023\/10\/magnetar-team-reinout.jpg\" alt=\"\" \/>\n\t\t\t\t\t\t\t<\/div>\n\t\t\t\t\t\t<\/div>\n\t\t\t\t\t\t\t\t\t\t\t\t<\/div>\n\t\t<\/div>\n\t<\/section>\n<\/div>\n\n\n<p><\/p>\n\n\n\n<p>Kas sul on k\u00fcsimusi magnetp\u00fc\u00fcgi v\u00f5i oma tellimuse kohta? Meie kolleeg Rutger on siin, et aidata! Saad oma k\u00fcsimused saata aadressile <a href=\"mailto:info@magnetarmagnets.com\">info@magnetarmagnets.com<\/a> ning ta vastab sulle nii kiiresti kui v\u00f5imalik.<\/p>\n\n\n\n<h2 class=\"wp-block-heading\">Meie kliendid<\/h2>\n\n\n\n<figure class=\"wp-block-pullquote\"><blockquote><p>Marc (36): \u201eAlguses ostsin odavamaid magneteid mujalt. Hiljem ostsin Magnetari magneti\u2026 milline suur vahe! Palju rohkem saake! Olen magneti juba mitu korda tagasi teeninud oma rauaj\u00e4\u00e4tmete ja erilise saagi kaudu. Imeline kvaliteet!\u201c    <\/p><\/blockquote><\/figure>\n\n\n\n<figure class=\"wp-block-pullquote\"><blockquote><p>Fred: \u201eSuurep\u00e4rane kraam, kiire tarne ja tippklassi teenindus! Lihtsalt \u00fctlen: ilma hea varustuseta ei saa midagi tehtud!\u201c<\/p><\/blockquote><\/figure>\n\n\n\n<figure class=\"wp-block-pullquote\"><blockquote><p>Gerard: \u201eMilline suurep\u00e4rane teenindus! Parim abi ja selge selgitus! Keegi, kes on oma t\u00f6\u00f6\/hobi suhtes t\u00f5sine. Me kindlasti tuleme tagasi.\u201c<\/p><\/blockquote><\/figure>\n","protected":false},"excerpt":{"rendered":"<p>Juba \u00fcle 10 aasta on meie pereettev\u00f5te m\u00fc\u00fcnud otsingumagnetid inimestele, kes armastavad seda hobit sama palju kui meie. Meie asutaja Reinout Volkers on armastanud otsingumagnetid juba alates 16. eluaastast. \u00d5pingute ajal v\u00e4ikeettev\u00f5tluse ja jaem\u00fc\u00fcgi juhtimises alustas ta Magnetarit oma vanemate kuuris, unistades muuta oma kirg elukutseks. Pakkudes magnetp\u00fc\u00fcgi harrastajatele parimaid ja t\u00f5husamaid tooteid turul, on [&hellip;]<\/p>\n","protected":false},"author":1,"featured_media":0,"parent":0,"menu_order":0,"comment_status":"open","ping_status":"open","template":"","meta":{"_acf_changed":false,"inline_featured_image":false,"footnotes":""},"class_list":["post-67915","page","type-page","status-publish","hentry"],"acf":[],"yoast_head":"<!-- This site is optimized with the Yoast SEO plugin v27.4 - https:\/\/yoast.com\/product\/yoast-seo-wordpress\/ -->\n<title>Meist | Magnetari pere<\/title>\n<meta name=\"robots\" content=\"index, follow, max-snippet:-1, max-image-preview:large, max-video-preview:-1\" \/>\n<link rel=\"canonical\" href=\"https:\/\/magnetarmagnets.com\/et\/meist\/\" \/>\n<meta property=\"og:locale\" content=\"et_EE\" \/>\n<meta property=\"og:type\" content=\"article\" \/>\n<meta property=\"og:title\" content=\"Meist | Magnetari pere\" \/>\n<meta property=\"og:description\" content=\"Juba \u00fcle 10 aasta on meie pereettev\u00f5te m\u00fc\u00fcnud otsingumagnetid inimestele, kes armastavad seda hobit sama palju kui meie. Meie asutaja Reinout Volkers on armastanud otsingumagnetid juba alates 16. eluaastast. \u00d5pingute ajal v\u00e4ikeettev\u00f5tluse ja jaem\u00fc\u00fcgi juhtimises alustas ta Magnetarit oma vanemate kuuris, unistades muuta oma kirg elukutseks. Pakkudes magnetp\u00fc\u00fcgi harrastajatele parimaid ja t\u00f5husamaid tooteid turul, on [&hellip;]\" \/>\n<meta property=\"og:url\" content=\"https:\/\/magnetarmagnets.com\/et\/meist\/\" \/>\n<meta property=\"og:site_name\" content=\"Magnet fishing with a Magnetar fishing magnet\" \/>\n<meta property=\"article:publisher\" content=\"https:\/\/www.facebook.com\/fishingmagnets\/\" \/>\n<meta property=\"article:modified_time\" content=\"2025-08-27T07:40:00+00:00\" \/>\n<meta property=\"og:image\" content=\"https:\/\/magnetarmagnets.com\/wp-content\/uploads\/2023\/10\/magnetar-team.jpg\" \/>\n\t<meta property=\"og:image:width\" content=\"1280\" \/>\n\t<meta property=\"og:image:height\" content=\"720\" \/>\n\t<meta property=\"og:image:type\" content=\"image\/jpeg\" \/>\n<meta name=\"twitter:card\" content=\"summary_large_image\" \/>\n<meta name=\"twitter:label1\" content=\"Est. reading time\" \/>\n\t<meta name=\"twitter:data1\" content=\"2 minutit\" \/>\n<script type=\"application\/ld+json\" class=\"yoast-schema-graph\">{\"@context\":\"https:\\\/\\\/schema.org\",\"@graph\":[{\"@type\":\"WebPage\",\"@id\":\"https:\\\/\\\/magnetarmagnets.com\\\/et\\\/meist\\\/\",\"url\":\"https:\\\/\\\/magnetarmagnets.com\\\/et\\\/meist\\\/\",\"name\":\"Meist | Magnetari pere\",\"isPartOf\":{\"@id\":\"https:\\\/\\\/magnetarmagnets.com\\\/et\\\/#website\"},\"primaryImageOfPage\":{\"@id\":\"https:\\\/\\\/magnetarmagnets.com\\\/et\\\/meist\\\/#primaryimage\"},\"image\":{\"@id\":\"https:\\\/\\\/magnetarmagnets.com\\\/et\\\/meist\\\/#primaryimage\"},\"thumbnailUrl\":\"https:\\\/\\\/magnetarmagnets.com\\\/wp-content\\\/uploads\\\/2023\\\/10\\\/magnetar-team-1024x576.jpg\",\"datePublished\":\"2018-02-15T18:59:07+00:00\",\"dateModified\":\"2025-08-27T07:40:00+00:00\",\"breadcrumb\":{\"@id\":\"https:\\\/\\\/magnetarmagnets.com\\\/et\\\/meist\\\/#breadcrumb\"},\"inLanguage\":\"et\",\"potentialAction\":[{\"@type\":\"ReadAction\",\"target\":[\"https:\\\/\\\/magnetarmagnets.com\\\/et\\\/meist\\\/\"]}]},{\"@type\":\"ImageObject\",\"inLanguage\":\"et\",\"@id\":\"https:\\\/\\\/magnetarmagnets.com\\\/et\\\/meist\\\/#primaryimage\",\"url\":\"https:\\\/\\\/magnetarmagnets.com\\\/wp-content\\\/uploads\\\/2023\\\/10\\\/magnetar-team-1024x576.jpg\",\"contentUrl\":\"https:\\\/\\\/magnetarmagnets.com\\\/wp-content\\\/uploads\\\/2023\\\/10\\\/magnetar-team-1024x576.jpg\"},{\"@type\":\"BreadcrumbList\",\"@id\":\"https:\\\/\\\/magnetarmagnets.com\\\/et\\\/meist\\\/#breadcrumb\",\"itemListElement\":[{\"@type\":\"ListItem\",\"position\":1,\"name\":\"Home\",\"item\":\"https:\\\/\\\/magnetarmagnets.com\\\/et\\\/\"},{\"@type\":\"ListItem\",\"position\":2,\"name\":\"Meist\"}]},{\"@type\":\"WebSite\",\"@id\":\"https:\\\/\\\/magnetarmagnets.com\\\/et\\\/#website\",\"url\":\"https:\\\/\\\/magnetarmagnets.com\\\/et\\\/\",\"name\":\"Magnet fishing with a Magnetar fishing magnet\",\"description\":\"Tugevad magnetid magnetp\u00fc\u00fcgiks\",\"publisher\":{\"@id\":\"https:\\\/\\\/magnetarmagnets.com\\\/et\\\/#organization\"},\"potentialAction\":[{\"@type\":\"SearchAction\",\"target\":{\"@type\":\"EntryPoint\",\"urlTemplate\":\"https:\\\/\\\/magnetarmagnets.com\\\/et\\\/?s={search_term_string}\"},\"query-input\":{\"@type\":\"PropertyValueSpecification\",\"valueRequired\":true,\"valueName\":\"search_term_string\"}}],\"inLanguage\":\"et\"},{\"@type\":\"Organization\",\"@id\":\"https:\\\/\\\/magnetarmagnets.com\\\/et\\\/#organization\",\"name\":\"Magnetar\",\"url\":\"https:\\\/\\\/magnetarmagnets.com\\\/et\\\/\",\"logo\":{\"@type\":\"ImageObject\",\"inLanguage\":\"et\",\"@id\":\"https:\\\/\\\/magnetarmagnets.com\\\/et\\\/#\\\/schema\\\/logo\\\/image\\\/\",\"url\":\"https:\\\/\\\/magnetarmagnets.com\\\/wp-content\\\/uploads\\\/2025\\\/05\\\/Logo-03_PNG-Black-scaled.png\",\"contentUrl\":\"https:\\\/\\\/magnetarmagnets.com\\\/wp-content\\\/uploads\\\/2025\\\/05\\\/Logo-03_PNG-Black-scaled.png\",\"width\":2560,\"height\":1658,\"caption\":\"Magnetar\"},\"image\":{\"@id\":\"https:\\\/\\\/magnetarmagnets.com\\\/et\\\/#\\\/schema\\\/logo\\\/image\\\/\"},\"sameAs\":[\"https:\\\/\\\/www.facebook.com\\\/fishingmagnets\\\/\",\"https:\\\/\\\/www.instagram.com\\\/magnetar_magnets\\\/\",\"https:\\\/\\\/www.linkedin.com\\\/company\\\/magnetarbv\\\/?originalSubdomain=nl\",\"https:\\\/\\\/www.youtube.com\\\/c\\\/MagnetarVismagneet\"]}]}<\/script>\n<!-- \/ Yoast SEO plugin. -->","yoast_head_json":{"title":"Meist | Magnetari pere","robots":{"index":"index","follow":"follow","max-snippet":"max-snippet:-1","max-image-preview":"max-image-preview:large","max-video-preview":"max-video-preview:-1"},"canonical":"https:\/\/magnetarmagnets.com\/et\/meist\/","og_locale":"et_EE","og_type":"article","og_title":"Meist | Magnetari pere","og_description":"Juba \u00fcle 10 aasta on meie pereettev\u00f5te m\u00fc\u00fcnud otsingumagnetid inimestele, kes armastavad seda hobit sama palju kui meie. Meie asutaja Reinout Volkers on armastanud otsingumagnetid juba alates 16. eluaastast. \u00d5pingute ajal v\u00e4ikeettev\u00f5tluse ja jaem\u00fc\u00fcgi juhtimises alustas ta Magnetarit oma vanemate kuuris, unistades muuta oma kirg elukutseks. Pakkudes magnetp\u00fc\u00fcgi harrastajatele parimaid ja t\u00f5husamaid tooteid turul, on [&hellip;]","og_url":"https:\/\/magnetarmagnets.com\/et\/meist\/","og_site_name":"Magnet fishing with a Magnetar fishing magnet","article_publisher":"https:\/\/www.facebook.com\/fishingmagnets\/","article_modified_time":"2025-08-27T07:40:00+00:00","og_image":[{"width":1280,"height":720,"url":"https:\/\/magnetarmagnets.com\/wp-content\/uploads\/2023\/10\/magnetar-team.jpg","type":"image\/jpeg"}],"twitter_card":"summary_large_image","twitter_misc":{"Est. reading time":"2 minutit"},"schema":{"@context":"https:\/\/schema.org","@graph":[{"@type":"WebPage","@id":"https:\/\/magnetarmagnets.com\/et\/meist\/","url":"https:\/\/magnetarmagnets.com\/et\/meist\/","name":"Meist | Magnetari pere","isPartOf":{"@id":"https:\/\/magnetarmagnets.com\/et\/#website"},"primaryImageOfPage":{"@id":"https:\/\/magnetarmagnets.com\/et\/meist\/#primaryimage"},"image":{"@id":"https:\/\/magnetarmagnets.com\/et\/meist\/#primaryimage"},"thumbnailUrl":"https:\/\/magnetarmagnets.com\/wp-content\/uploads\/2023\/10\/magnetar-team-1024x576.jpg","datePublished":"2018-02-15T18:59:07+00:00","dateModified":"2025-08-27T07:40:00+00:00","breadcrumb":{"@id":"https:\/\/magnetarmagnets.com\/et\/meist\/#breadcrumb"},"inLanguage":"et","potentialAction":[{"@type":"ReadAction","target":["https:\/\/magnetarmagnets.com\/et\/meist\/"]}]},{"@type":"ImageObject","inLanguage":"et","@id":"https:\/\/magnetarmagnets.com\/et\/meist\/#primaryimage","url":"https:\/\/magnetarmagnets.com\/wp-content\/uploads\/2023\/10\/magnetar-team-1024x576.jpg","contentUrl":"https:\/\/magnetarmagnets.com\/wp-content\/uploads\/2023\/10\/magnetar-team-1024x576.jpg"},{"@type":"BreadcrumbList","@id":"https:\/\/magnetarmagnets.com\/et\/meist\/#breadcrumb","itemListElement":[{"@type":"ListItem","position":1,"name":"Home","item":"https:\/\/magnetarmagnets.com\/et\/"},{"@type":"ListItem","position":2,"name":"Meist"}]},{"@type":"WebSite","@id":"https:\/\/magnetarmagnets.com\/et\/#website","url":"https:\/\/magnetarmagnets.com\/et\/","name":"Magnet fishing with a Magnetar fishing magnet","description":"Tugevad magnetid magnetp\u00fc\u00fcgiks","publisher":{"@id":"https:\/\/magnetarmagnets.com\/et\/#organization"},"potentialAction":[{"@type":"SearchAction","target":{"@type":"EntryPoint","urlTemplate":"https:\/\/magnetarmagnets.com\/et\/?s={search_term_string}"},"query-input":{"@type":"PropertyValueSpecification","valueRequired":true,"valueName":"search_term_string"}}],"inLanguage":"et"},{"@type":"Organization","@id":"https:\/\/magnetarmagnets.com\/et\/#organization","name":"Magnetar","url":"https:\/\/magnetarmagnets.com\/et\/","logo":{"@type":"ImageObject","inLanguage":"et","@id":"https:\/\/magnetarmagnets.com\/et\/#\/schema\/logo\/image\/","url":"https:\/\/magnetarmagnets.com\/wp-content\/uploads\/2025\/05\/Logo-03_PNG-Black-scaled.png","contentUrl":"https:\/\/magnetarmagnets.com\/wp-content\/uploads\/2025\/05\/Logo-03_PNG-Black-scaled.png","width":2560,"height":1658,"caption":"Magnetar"},"image":{"@id":"https:\/\/magnetarmagnets.com\/et\/#\/schema\/logo\/image\/"},"sameAs":["https:\/\/www.facebook.com\/fishingmagnets\/","https:\/\/www.instagram.com\/magnetar_magnets\/","https:\/\/www.linkedin.com\/company\/magnetarbv\/?originalSubdomain=nl","https:\/\/www.youtube.com\/c\/MagnetarVismagneet"]}]}},"_links":{"self":[{"href":"https:\/\/magnetarmagnets.com\/et\/wp-json\/wp\/v2\/pages\/67915","targetHints":{"allow":["GET"]}}],"collection":[{"href":"https:\/\/magnetarmagnets.com\/et\/wp-json\/wp\/v2\/pages"}],"about":[{"href":"https:\/\/magnetarmagnets.com\/et\/wp-json\/wp\/v2\/types\/page"}],"author":[{"embeddable":true,"href":"https:\/\/magnetarmagnets.com\/et\/wp-json\/wp\/v2\/users\/1"}],"replies":[{"embeddable":true,"href":"https:\/\/magnetarmagnets.com\/et\/wp-json\/wp\/v2\/comments?post=67915"}],"version-history":[{"count":0,"href":"https:\/\/magnetarmagnets.com\/et\/wp-json\/wp\/v2\/pages\/67915\/revisions"}],"wp:attachment":[{"href":"https:\/\/magnetarmagnets.com\/et\/wp-json\/wp\/v2\/media?parent=67915"}],"curies":[{"name":"wp","href":"https:\/\/api.w.org\/{rel}","templated":true}]}}