{"id":67901,"date":"2014-04-08T08:07:37","date_gmt":"2014-04-08T06:07:37","guid":{"rendered":"https:\/\/magnetarmagnets.com\/tagastuspoliitika\/"},"modified":"2025-06-16T15:04:52","modified_gmt":"2025-06-16T13:04:52","slug":"tagastuspoliitika","status":"publish","type":"page","link":"https:\/\/magnetarmagnets.com\/et\/tagastuspoliitika\/","title":{"rendered":"Tagastuspoliitika"},"content":{"rendered":"\n<p>Kas tellisid toote, kuid see ei vastanud ootustele? Pakume v\u00f5imalust tooteid tagastada kuni 30 p\u00e4eva jooksul p\u00e4rast k\u00e4ttesaamist ilma p\u00f5hjuseta. \u00dcks oluline tingimus on, et toodet ei ole kunagi kasutatud.  <\/p>\n\n<p>Magnetar palub sul tagastatava toote juurde lisada (tellimuse) kinnitus (v\u00f5i selle koopia). Kui k\u00f5ik tingimused on t\u00e4idetud, tagastatakse kogu ostusumma sinu kontole 10 t\u00f6\u00f6p\u00e4eva jooksul. <\/p>\n\n<p><strong>USA-st tagastused saab saata aadressile:<\/strong><\/p>\n\n<p>Simple Global, Inc. (Magnetar Returns)<br\/>2051 Old Coochs Bridge Rd<br\/>Suite 500<br\/>Newark, DE 19702.<br\/>United States<\/p>\n\n<p><strong>Euroopast tagastused saab saata aadressile:<\/strong><\/p>\n\n<p>Active Ants<br\/>Magnetar Retouren,<br\/>Borchwerf 5,<br\/>4704 RG Roosendaal,<br\/>The Netherlands<\/p>\n\n<h2 class=\"wp-block-heading\"><strong>Lahkumis\u00f5igus<\/strong><\/h2>\n\n<p>Sul on \u00f5igus ostust taganeda 30 p\u00e4eva jooksul ilma p\u00f5hjendamata. Taganemist\u00e4htaeg l\u00f5peb 14 p\u00e4eva p\u00e4rast seda, kui said tooted k\u00e4tte. <\/p>\n\n<p>Sa saad oma taganemis\u00f5igust kasutada, teavitades Magnetarit oma ostu taganemisest. Seda saab teha e-kirja teel v\u00f5i meie veebisaidi kontaktvormi kaudu. V\u00f5id kasutada ka standardvormi.  <\/p>\n\n<h2 class=\"wp-block-heading\"><strong>Taganemise tagaj\u00e4rjed<\/strong><\/h2>\n\n<p>P\u00e4rast ostu taganemist tagastab Magnetar k\u00f5ik sinu maksed, sealhulgas ka tarnekulud. Lisakulud, mis tekivad alternatiivse tarneviisi valimisest, ei ole h\u00fcvitatavad. <\/p>\n\n<p>Tagasimakse tehakse hiljemalt 10 p\u00e4eva jooksul p\u00e4rast ostust taganemist. Tagasimakse tehakse samal makseviisil, mida kasutati ostu tegemisel. Tagasimakse eest ei v\u00f5eta tasu. Magnetar j\u00e4tab endale \u00f5iguse tagasimakset keelduda kuni kaup on tagasi saadetud v\u00f5i kuni oled t\u00f5estanud, et tooted on tagastamisel.   <\/p>\n\n<p>Taganemisel tuleb tooted meile esitada viivitamatult ja hiljemalt 30 p\u00e4eva jooksul p\u00e4rast ostu sooritamist. Sa t\u00e4idad selle tingimuse, kui saadad tooted 30 p\u00e4eva jooksul v\u00e4lja. <\/p>\n\n<p>Tagastamise kulud kannad ise. K\u00f5ik v\u00f5imalikud v\u00e4\u00e4rtuse langused tootel kannad sina, kui need on tingitud sinu k\u00e4itumisest, mis \u00fcletab toote omaduste ja funktsionaalsuse kontrollimiseks vajaliku tegevuse. <a id=\"_msocom_1\"><\/a><\/p>\n\n<h2 class=\"wp-block-heading\"><strong>Erip\u00e4rased tingimused<\/strong><\/h2>\n\n<p>Kui finantseerid oma ostu laenuga ja taganed sellest hiljem, ei ole sa enam lepinguga seotud. See kehtib juhul, kui Magnetar on sinu krediidipakkuja v\u00f5i kui sinu krediidipakkuja kasutab Magnetari koost\u00f6\u00f6d oma ostu finantseerimiseks. <\/p>\n\n<p>Kui ost on meile enne taganemist juba krediidina laekunud, siis taganed lepingust automaatselt.<\/p>\n\n<p>Kui sul on toodete tagastamise kohta veel k\u00fcsimusi, palun v\u00f5ta meiega \u00fchendust <strong><a href=\"https:\/\/magnetarmagnets.com\/contact\/\" target=\"_blank\" rel=\"noreferrer noopener nofollow\">kontaktvormi<\/a><\/strong> kaudu.<\/p>\n\n<hr class=\"wp-block-separator has-alpha-channel-opacity\"\/>\n","protected":false},"excerpt":{"rendered":"<p>Kas tellisid toote, kuid see ei vastanud ootustele? Pakume v\u00f5imalust tooteid tagastada kuni 30 p\u00e4eva jooksul p\u00e4rast k\u00e4ttesaamist ilma p\u00f5hjuseta. \u00dcks oluline tingimus on, et toodet ei ole kunagi kasutatud. Magnetar palub sul tagastatava toote juurde lisada (tellimuse) kinnitus (v\u00f5i selle koopia). Kui k\u00f5ik tingimused on t\u00e4idetud, tagastatakse kogu ostusumma sinu kontole 10 t\u00f6\u00f6p\u00e4eva jooksul. [&hellip;]<\/p>\n","protected":false},"author":1,"featured_media":0,"parent":0,"menu_order":0,"comment_status":"open","ping_status":"open","template":"","meta":{"_acf_changed":false,"inline_featured_image":false,"footnotes":""},"class_list":["post-67901","page","type-page","status-publish","hentry"],"acf":[],"yoast_head":"<!-- This site is optimized with the Yoast SEO plugin v27.4 - https:\/\/yoast.com\/product\/yoast-seo-wordpress\/ -->\n<title>Tagastuspoliitika - Magnet fishing with a Magnetar fishing magnet<\/title>\n<meta name=\"robots\" content=\"noindex, nofollow\" \/>\n<meta property=\"og:locale\" content=\"et_EE\" \/>\n<meta property=\"og:type\" content=\"article\" \/>\n<meta property=\"og:title\" content=\"Tagastuspoliitika - Magnet fishing with a Magnetar fishing magnet\" \/>\n<meta property=\"og:description\" content=\"Kas tellisid toote, kuid see ei vastanud ootustele? Pakume v\u00f5imalust tooteid tagastada kuni 30 p\u00e4eva jooksul p\u00e4rast k\u00e4ttesaamist ilma p\u00f5hjuseta. \u00dcks oluline tingimus on, et toodet ei ole kunagi kasutatud. Magnetar palub sul tagastatava toote juurde lisada (tellimuse) kinnitus (v\u00f5i selle koopia). Kui k\u00f5ik tingimused on t\u00e4idetud, tagastatakse kogu ostusumma sinu kontole 10 t\u00f6\u00f6p\u00e4eva jooksul. [&hellip;]\" \/>\n<meta property=\"og:url\" content=\"https:\/\/magnetarmagnets.com\/et\/tagastuspoliitika\/\" \/>\n<meta property=\"og:site_name\" content=\"Magnet fishing with a Magnetar fishing magnet\" \/>\n<meta property=\"article:publisher\" content=\"https:\/\/www.facebook.com\/fishingmagnets\/\" \/>\n<meta property=\"article:modified_time\" content=\"2025-06-16T13:04:52+00:00\" \/>\n<meta property=\"og:image\" content=\"https:\/\/magnetarmagnets.com\/wp-content\/uploads\/2025\/05\/Logo-03_PNG-Black-scaled.png\" \/>\n\t<meta property=\"og:image:width\" content=\"2560\" \/>\n\t<meta property=\"og:image:height\" content=\"1658\" \/>\n\t<meta property=\"og:image:type\" content=\"image\/png\" \/>\n<meta name=\"twitter:card\" content=\"summary_large_image\" \/>\n<meta name=\"twitter:label1\" content=\"Est. reading time\" \/>\n\t<meta name=\"twitter:data1\" content=\"2 minutit\" \/>\n<script type=\"application\/ld+json\" class=\"yoast-schema-graph\">{\"@context\":\"https:\\\/\\\/schema.org\",\"@graph\":[{\"@type\":\"WebPage\",\"@id\":\"https:\\\/\\\/magnetarmagnets.com\\\/et\\\/tagastuspoliitika\\\/\",\"url\":\"https:\\\/\\\/magnetarmagnets.com\\\/et\\\/tagastuspoliitika\\\/\",\"name\":\"Tagastuspoliitika - Magnet fishing with a Magnetar fishing magnet\",\"isPartOf\":{\"@id\":\"https:\\\/\\\/magnetarmagnets.com\\\/et\\\/#website\"},\"datePublished\":\"2014-04-08T06:07:37+00:00\",\"dateModified\":\"2025-06-16T13:04:52+00:00\",\"breadcrumb\":{\"@id\":\"https:\\\/\\\/magnetarmagnets.com\\\/et\\\/tagastuspoliitika\\\/#breadcrumb\"},\"inLanguage\":\"et\",\"potentialAction\":[{\"@type\":\"ReadAction\",\"target\":[\"https:\\\/\\\/magnetarmagnets.com\\\/et\\\/tagastuspoliitika\\\/\"]}]},{\"@type\":\"BreadcrumbList\",\"@id\":\"https:\\\/\\\/magnetarmagnets.com\\\/et\\\/tagastuspoliitika\\\/#breadcrumb\",\"itemListElement\":[{\"@type\":\"ListItem\",\"position\":1,\"name\":\"Home\",\"item\":\"https:\\\/\\\/magnetarmagnets.com\\\/et\\\/\"},{\"@type\":\"ListItem\",\"position\":2,\"name\":\"Tagastuspoliitika\"}]},{\"@type\":\"WebSite\",\"@id\":\"https:\\\/\\\/magnetarmagnets.com\\\/et\\\/#website\",\"url\":\"https:\\\/\\\/magnetarmagnets.com\\\/et\\\/\",\"name\":\"Magnet fishing with a Magnetar fishing magnet\",\"description\":\"Tugevad magnetid magnetp\u00fc\u00fcgiks\",\"publisher\":{\"@id\":\"https:\\\/\\\/magnetarmagnets.com\\\/et\\\/#organization\"},\"potentialAction\":[{\"@type\":\"SearchAction\",\"target\":{\"@type\":\"EntryPoint\",\"urlTemplate\":\"https:\\\/\\\/magnetarmagnets.com\\\/et\\\/?s={search_term_string}\"},\"query-input\":{\"@type\":\"PropertyValueSpecification\",\"valueRequired\":true,\"valueName\":\"search_term_string\"}}],\"inLanguage\":\"et\"},{\"@type\":\"Organization\",\"@id\":\"https:\\\/\\\/magnetarmagnets.com\\\/et\\\/#organization\",\"name\":\"Magnetar\",\"url\":\"https:\\\/\\\/magnetarmagnets.com\\\/et\\\/\",\"logo\":{\"@type\":\"ImageObject\",\"inLanguage\":\"et\",\"@id\":\"https:\\\/\\\/magnetarmagnets.com\\\/et\\\/#\\\/schema\\\/logo\\\/image\\\/\",\"url\":\"https:\\\/\\\/magnetarmagnets.com\\\/wp-content\\\/uploads\\\/2025\\\/05\\\/Logo-03_PNG-Black-scaled.png\",\"contentUrl\":\"https:\\\/\\\/magnetarmagnets.com\\\/wp-content\\\/uploads\\\/2025\\\/05\\\/Logo-03_PNG-Black-scaled.png\",\"width\":2560,\"height\":1658,\"caption\":\"Magnetar\"},\"image\":{\"@id\":\"https:\\\/\\\/magnetarmagnets.com\\\/et\\\/#\\\/schema\\\/logo\\\/image\\\/\"},\"sameAs\":[\"https:\\\/\\\/www.facebook.com\\\/fishingmagnets\\\/\",\"https:\\\/\\\/www.instagram.com\\\/magnetar_magnets\\\/\",\"https:\\\/\\\/www.linkedin.com\\\/company\\\/magnetarbv\\\/?originalSubdomain=nl\",\"https:\\\/\\\/www.youtube.com\\\/c\\\/MagnetarVismagneet\"]}]}<\/script>\n<!-- \/ Yoast SEO plugin. -->","yoast_head_json":{"title":"Tagastuspoliitika - Magnet fishing with a Magnetar fishing magnet","robots":{"index":"noindex","follow":"nofollow"},"og_locale":"et_EE","og_type":"article","og_title":"Tagastuspoliitika - Magnet fishing with a Magnetar fishing magnet","og_description":"Kas tellisid toote, kuid see ei vastanud ootustele? Pakume v\u00f5imalust tooteid tagastada kuni 30 p\u00e4eva jooksul p\u00e4rast k\u00e4ttesaamist ilma p\u00f5hjuseta. \u00dcks oluline tingimus on, et toodet ei ole kunagi kasutatud. Magnetar palub sul tagastatava toote juurde lisada (tellimuse) kinnitus (v\u00f5i selle koopia). Kui k\u00f5ik tingimused on t\u00e4idetud, tagastatakse kogu ostusumma sinu kontole 10 t\u00f6\u00f6p\u00e4eva jooksul. [&hellip;]","og_url":"https:\/\/magnetarmagnets.com\/et\/tagastuspoliitika\/","og_site_name":"Magnet fishing with a Magnetar fishing magnet","article_publisher":"https:\/\/www.facebook.com\/fishingmagnets\/","article_modified_time":"2025-06-16T13:04:52+00:00","og_image":[{"width":2560,"height":1658,"url":"https:\/\/magnetarmagnets.com\/wp-content\/uploads\/2025\/05\/Logo-03_PNG-Black-scaled.png","type":"image\/png"}],"twitter_card":"summary_large_image","twitter_misc":{"Est. reading time":"2 minutit"},"schema":{"@context":"https:\/\/schema.org","@graph":[{"@type":"WebPage","@id":"https:\/\/magnetarmagnets.com\/et\/tagastuspoliitika\/","url":"https:\/\/magnetarmagnets.com\/et\/tagastuspoliitika\/","name":"Tagastuspoliitika - Magnet fishing with a Magnetar fishing magnet","isPartOf":{"@id":"https:\/\/magnetarmagnets.com\/et\/#website"},"datePublished":"2014-04-08T06:07:37+00:00","dateModified":"2025-06-16T13:04:52+00:00","breadcrumb":{"@id":"https:\/\/magnetarmagnets.com\/et\/tagastuspoliitika\/#breadcrumb"},"inLanguage":"et","potentialAction":[{"@type":"ReadAction","target":["https:\/\/magnetarmagnets.com\/et\/tagastuspoliitika\/"]}]},{"@type":"BreadcrumbList","@id":"https:\/\/magnetarmagnets.com\/et\/tagastuspoliitika\/#breadcrumb","itemListElement":[{"@type":"ListItem","position":1,"name":"Home","item":"https:\/\/magnetarmagnets.com\/et\/"},{"@type":"ListItem","position":2,"name":"Tagastuspoliitika"}]},{"@type":"WebSite","@id":"https:\/\/magnetarmagnets.com\/et\/#website","url":"https:\/\/magnetarmagnets.com\/et\/","name":"Magnet fishing with a Magnetar fishing magnet","description":"Tugevad magnetid magnetp\u00fc\u00fcgiks","publisher":{"@id":"https:\/\/magnetarmagnets.com\/et\/#organization"},"potentialAction":[{"@type":"SearchAction","target":{"@type":"EntryPoint","urlTemplate":"https:\/\/magnetarmagnets.com\/et\/?s={search_term_string}"},"query-input":{"@type":"PropertyValueSpecification","valueRequired":true,"valueName":"search_term_string"}}],"inLanguage":"et"},{"@type":"Organization","@id":"https:\/\/magnetarmagnets.com\/et\/#organization","name":"Magnetar","url":"https:\/\/magnetarmagnets.com\/et\/","logo":{"@type":"ImageObject","inLanguage":"et","@id":"https:\/\/magnetarmagnets.com\/et\/#\/schema\/logo\/image\/","url":"https:\/\/magnetarmagnets.com\/wp-content\/uploads\/2025\/05\/Logo-03_PNG-Black-scaled.png","contentUrl":"https:\/\/magnetarmagnets.com\/wp-content\/uploads\/2025\/05\/Logo-03_PNG-Black-scaled.png","width":2560,"height":1658,"caption":"Magnetar"},"image":{"@id":"https:\/\/magnetarmagnets.com\/et\/#\/schema\/logo\/image\/"},"sameAs":["https:\/\/www.facebook.com\/fishingmagnets\/","https:\/\/www.instagram.com\/magnetar_magnets\/","https:\/\/www.linkedin.com\/company\/magnetarbv\/?originalSubdomain=nl","https:\/\/www.youtube.com\/c\/MagnetarVismagneet"]}]}},"_links":{"self":[{"href":"https:\/\/magnetarmagnets.com\/et\/wp-json\/wp\/v2\/pages\/67901","targetHints":{"allow":["GET"]}}],"collection":[{"href":"https:\/\/magnetarmagnets.com\/et\/wp-json\/wp\/v2\/pages"}],"about":[{"href":"https:\/\/magnetarmagnets.com\/et\/wp-json\/wp\/v2\/types\/page"}],"author":[{"embeddable":true,"href":"https:\/\/magnetarmagnets.com\/et\/wp-json\/wp\/v2\/users\/1"}],"replies":[{"embeddable":true,"href":"https:\/\/magnetarmagnets.com\/et\/wp-json\/wp\/v2\/comments?post=67901"}],"version-history":[{"count":0,"href":"https:\/\/magnetarmagnets.com\/et\/wp-json\/wp\/v2\/pages\/67901\/revisions"}],"wp:attachment":[{"href":"https:\/\/magnetarmagnets.com\/et\/wp-json\/wp\/v2\/media?parent=67901"}],"curies":[{"name":"wp","href":"https:\/\/api.w.org\/{rel}","templated":true}]}}