{"id":99875,"date":"2026-04-22T14:49:46","date_gmt":"2026-04-22T12:49:46","guid":{"rendered":"https:\/\/magnetarmagnets.com\/shop\/bezpecnostni-prepravni-taska-pro-fishing-magnety-magshield\/"},"modified":"2026-04-22T14:49:46","modified_gmt":"2026-04-22T12:49:46","slug":"bezpecnostni-prepravni-taska-pro-fishing-magnety-magshield","status":"publish","type":"product","link":"https:\/\/magnetarmagnets.com\/cs\/shop\/bezpecnostni-prepravni-taska-pro-fishing-magnety-magshield\/","title":{"rendered":"Bezpe\u010dnostn\u00ed p\u0159epravn\u00ed ta\u0161ka pro fishing magnety &#8211; MagShield\u2122"},"content":{"rendered":"<strong>Informace o produktu<\/strong>\n\n&#8211; P\u011bna MagShield\u2122 pom\u00e1h\u00e1 sni\u017eovat magnetick\u00e9 pole b\u011bhem p\u0159epravy.\n&#8211; Rozm\u011bry: Rozm\u011bry: 42 x 28 x 21,5 cm\n&#8211; Lano m\u016f\u017ee z\u016fstat p\u0159ipevn\u011bn\u00e9 k magnetu i p\u0159i ulo\u017een\u00ed v ta\u0161ce.\n&#8211; Nastaviteln\u00e9 vnit\u0159n\u00ed p\u0159ihr\u00e1dky pro flexibiln\u00ed organizaci\n&#8211; Dal\u0161\u00ed prostor pro n\u00e1lezy, p\u0159\u00edslu\u0161enstv\u00ed, j\u00eddlo a n\u00e1poje\n&#8211; Vnit\u0159n\u00ed kapsa na zip na drobnosti\n&#8211; Vn\u011bj\u0161\u00ed poutka na karabiny a p\u0159\u00edslu\u0161enstv\u00ed\n&#8211; Dv\u011b mo\u017enosti no\u0161en\u00ed: nastaviteln\u00fd ramenn\u00ed popruh a kr\u00e1tk\u00e9 rukojeti\n&#8211; Vhodn\u00e9 pro bezpe\u010dn\u00e9 skladov\u00e1n\u00ed a p\u0159epravu vybaven\u00ed pro Magnet fishing\n<strong>\nPro koho je ur\u010dena<\/strong>\n\n&#8211; Ka\u017ed\u00fd, kdo vlastn\u00ed siln\u00fd fishing magnet Magnetar.\n&#8211; Lovci magnet\u016f, kte\u0159\u00ed cht\u011bj\u00ed bezpe\u010dn\u011b p\u0159epravovat sv\u00e9 magnety.\n&#8211; Ka\u017ed\u00fd, kdo chce m\u00edt sv\u00e9 vybaven\u00ed uspo\u0159\u00e1dan\u00e9\n&#8211; Magnetov\u00ed ryb\u00e1\u0159i hledaj\u00ed bezpe\u010dn\u00e9 skladov\u00e1n\u00ed magnet\u016f\n&#8211; Vhodn\u00e9 pro za\u010d\u00e1te\u010dn\u00edky i zku\u0161en\u00e9 ryb\u00e1\u0159e s magnetem\n&#8211; Ka\u017ed\u00fd, kdo si cen\u00ed praktick\u00e9ho a funk\u010dn\u00edho vybaven\u00ed\n\n<strong>Pro\u010d si vybrat tuto ta\u0161ku<\/strong>\n\n&#8211; Bezpe\u010dn\u00e1 p\u0159eprava d\u00edky p\u011bn\u011b MagShield\u2122\n&#8211; Praktick\u00e9 proveden\u00ed pro pou\u017eit\u00ed u vody\n&#8211; Flexibiln\u00ed uspo\u0159\u00e1d\u00e1n\u00ed pro va\u0161e za\u0159\u00edzen\u00ed\n&#8211; Odoln\u00e9 materi\u00e1ly pro dlouhodob\u00e9 pou\u017e\u00edv\u00e1n\u00ed\n&#8211; Snadn\u00e9 p\u0159en\u00e1\u0161en\u00ed d\u00edky dv\u011bma dr\u017eadl\u016fm\n<img fetchpriority=\"high\" decoding=\"async\" src=\"https:\/\/magnetarmagnets.com\/wp-content\/uploads\/2026\/04\/JNF-Magnetar-B.V.-Bedrijfsfotografie-20-09-2023-Foto-2614-scaled-e1756284278508-300x300.jpg\" alt=\"\" width=\"300\" height=\"300\" class=\"alignnone size-medium wp-image-95093\" srcset=\"https:\/\/magnetarmagnets.com\/wp-content\/uploads\/2026\/04\/JNF-Magnetar-B.V.-Bedrijfsfotografie-20-09-2023-Foto-2614-scaled-e1756284278508-300x300.jpg 300w, https:\/\/magnetarmagnets.com\/wp-content\/uploads\/2026\/04\/JNF-Magnetar-B.V.-Bedrijfsfotografie-20-09-2023-Foto-2614-scaled-e1756284278508-1024x1024.jpg 1024w, https:\/\/magnetarmagnets.com\/wp-content\/uploads\/2026\/04\/JNF-Magnetar-B.V.-Bedrijfsfotografie-20-09-2023-Foto-2614-scaled-e1756284278508-150x150.jpg 150w, https:\/\/magnetarmagnets.com\/wp-content\/uploads\/2026\/04\/JNF-Magnetar-B.V.-Bedrijfsfotografie-20-09-2023-Foto-2614-scaled-e1756284278508-768x768.jpg 768w, https:\/\/magnetarmagnets.com\/wp-content\/uploads\/2026\/04\/JNF-Magnetar-B.V.-Bedrijfsfotografie-20-09-2023-Foto-2614-scaled-e1756284278508-400x400.jpg 400w, https:\/\/magnetarmagnets.com\/wp-content\/uploads\/2026\/04\/JNF-Magnetar-B.V.-Bedrijfsfotografie-20-09-2023-Foto-2614-scaled-e1756284278508-800x800.jpg 800w, https:\/\/magnetarmagnets.com\/wp-content\/uploads\/2026\/04\/JNF-Magnetar-B.V.-Bedrijfsfotografie-20-09-2023-Foto-2614-scaled-e1756284278508-100x100.jpg 100w, https:\/\/magnetarmagnets.com\/wp-content\/uploads\/2026\/04\/JNF-Magnetar-B.V.-Bedrijfsfotografie-20-09-2023-Foto-2614-scaled-e1756284278508.jpg 1440w\" sizes=\"(max-width: 300px) 100vw, 300px\" \/>\n<strong>Pro\u010d Magnetar\u00ae<\/strong>\n\n&#8211; V\u00fdvoj\u00e1\u0159 origin\u00e1ln\u00edch 360 magnet\u016f\n&#8211; V\u00edce ne\u017e 12 let zku\u0161enost\u00ed s Magnet fishing\n&#8211; Rodinn\u00e1 spole\u010dnost zam\u011b\u0159en\u00e1 na kvalitu\n&#8211; Dod\u00e1n\u00ed po cel\u00e9m sv\u011bt\u011b a rychl\u00e1 doprava\n&#8211; D\u016fv\u011bra zku\u0161en\u00fdch ryb\u00e1\u0159\u016f s magnety\n\n","protected":false},"excerpt":{"rendered":"<p>P\u0159i pou\u017eit\u00ed siln\u00fdch magnet\u016f je to nezbytn\u00e9. <strong>P\u0159epravn\u00ed ta\u0161ka Magnetar\u00ae<\/strong> je navr\u017eena pro <strong>bezpe\u010dnou p\u0159epravu,<\/strong> chytr\u00e9 <strong>skladov\u00e1n\u00ed a<\/strong> praktick\u00e9 <strong>ka\u017edodenn\u00ed pou\u017eit\u00ed.<\/strong><\/p>\n<p>Kompatibiln\u00ed se v\u0161emi fishing magnety Magnetar.<\/p>\n","protected":false},"featured_media":98701,"comment_status":"open","ping_status":"closed","template":"","meta":{"_acf_changed":false,"inline_featured_image":false},"product_brand":[],"product_cat":[565,1019,563,564],"product_tag":[],"class_list":{"0":"post-99875","1":"product","2":"type-product","3":"status-publish","4":"has-post-thumbnail","6":"product_cat-merch","7":"product_cat-nezarazene","8":"product_cat-vybaveni","9":"product_cat-vybaveni-pro-magnet-fishing","11":"first","12":"instock","13":"taxable","14":"shipping-taxable","15":"purchasable","16":"product-type-simple"},"acf":[],"yoast_head":"<!-- This site is optimized with the Yoast SEO plugin v27.6 - https:\/\/yoast.com\/product\/yoast-seo-wordpress\/ -->\n<title>Bezpe\u010dnostn\u00ed p\u0159epravn\u00ed ta\u0161ka pro fishing magnety - MagShield\u2122 - Magnet fishing with a Magnetar fishing magnet<\/title>\n<meta name=\"description\" content=\"P\u0159epravn\u00ed ta\u0161ka Magnetar\u00ae je navr\u017eena pro bezpe\u010dnou p\u0159epravu, chytr\u00e9 skladov\u00e1n\u00ed a praktick\u00e9 ka\u017edodenn\u00ed pou\u017eit\u00ed.\" \/>\n<meta name=\"robots\" content=\"index, follow, max-snippet:-1, max-image-preview:large, max-video-preview:-1\" \/>\n<link rel=\"canonical\" href=\"https:\/\/magnetarmagnets.com\/cs\/shop\/bezpecnostni-prepravni-taska-pro-fishing-magnety-magshield\/\" \/>\n<meta property=\"og:locale\" content=\"cs_CZ\" \/>\n<meta property=\"og:type\" content=\"article\" \/>\n<meta property=\"og:title\" content=\"Bezpe\u010dnostn\u00ed p\u0159epravn\u00ed ta\u0161ka pro fishing magnety - MagShield\u2122 - Magnet fishing with a Magnetar fishing magnet\" \/>\n<meta property=\"og:description\" content=\"P\u0159epravn\u00ed ta\u0161ka Magnetar\u00ae je navr\u017eena pro bezpe\u010dnou p\u0159epravu, chytr\u00e9 skladov\u00e1n\u00ed a praktick\u00e9 ka\u017edodenn\u00ed pou\u017eit\u00ed.\" \/>\n<meta property=\"og:url\" content=\"https:\/\/magnetarmagnets.com\/cs\/shop\/bezpecnostni-prepravni-taska-pro-fishing-magnety-magshield\/\" \/>\n<meta property=\"og:site_name\" content=\"Magnet fishing with a Magnetar fishing magnet\" \/>\n<meta property=\"article:publisher\" content=\"https:\/\/www.facebook.com\/fishingmagnets\/\" \/>\n<meta property=\"og:image\" content=\"https:\/\/magnetarmagnets.com\/wp-content\/uploads\/2026\/04\/BEAST-X-1024x1024.png\" \/>\n\t<meta property=\"og:image:width\" content=\"1024\" \/>\n\t<meta property=\"og:image:height\" content=\"1024\" \/>\n\t<meta property=\"og:image:type\" content=\"image\/png\" \/>\n<meta name=\"twitter:card\" content=\"summary_large_image\" \/>\n<meta name=\"twitter:label1\" content=\"Odhadovan\u00e1 doba \u010dten\u00ed\" \/>\n\t<meta name=\"twitter:data1\" content=\"1 minuta\" \/>\n<script type=\"application\/ld+json\" class=\"yoast-schema-graph\">{\"@context\":\"https:\\\/\\\/schema.org\",\"@graph\":[{\"@type\":[\"WebPage\",\"ItemPage\"],\"@id\":\"https:\\\/\\\/magnetarmagnets.com\\\/cs\\\/shop\\\/bezpecnostni-prepravni-taska-pro-fishing-magnety-magshield\\\/\",\"url\":\"https:\\\/\\\/magnetarmagnets.com\\\/cs\\\/shop\\\/bezpecnostni-prepravni-taska-pro-fishing-magnety-magshield\\\/\",\"name\":\"Bezpe\u010dnostn\u00ed p\u0159epravn\u00ed ta\u0161ka pro fishing magnety - MagShield\u2122 - Magnet fishing with a Magnetar fishing magnet\",\"isPartOf\":{\"@id\":\"https:\\\/\\\/magnetarmagnets.com\\\/cs\\\/#website\"},\"primaryImageOfPage\":{\"@id\":\"https:\\\/\\\/magnetarmagnets.com\\\/cs\\\/shop\\\/bezpecnostni-prepravni-taska-pro-fishing-magnety-magshield\\\/#primaryimage\"},\"image\":{\"@id\":\"https:\\\/\\\/magnetarmagnets.com\\\/cs\\\/shop\\\/bezpecnostni-prepravni-taska-pro-fishing-magnety-magshield\\\/#primaryimage\"},\"thumbnailUrl\":\"https:\\\/\\\/magnetarmagnets.com\\\/wp-content\\\/uploads\\\/2026\\\/04\\\/BEAST-X.png\",\"datePublished\":\"2026-04-22T12:49:46+00:00\",\"description\":\"P\u0159epravn\u00ed ta\u0161ka Magnetar\u00ae je navr\u017eena pro bezpe\u010dnou p\u0159epravu, chytr\u00e9 skladov\u00e1n\u00ed a praktick\u00e9 ka\u017edodenn\u00ed pou\u017eit\u00ed.\",\"breadcrumb\":{\"@id\":\"https:\\\/\\\/magnetarmagnets.com\\\/cs\\\/shop\\\/bezpecnostni-prepravni-taska-pro-fishing-magnety-magshield\\\/#breadcrumb\"},\"inLanguage\":\"cs\",\"potentialAction\":[{\"@type\":\"ReadAction\",\"target\":[\"https:\\\/\\\/magnetarmagnets.com\\\/cs\\\/shop\\\/bezpecnostni-prepravni-taska-pro-fishing-magnety-magshield\\\/\"]}]},{\"@type\":\"ImageObject\",\"inLanguage\":\"cs\",\"@id\":\"https:\\\/\\\/magnetarmagnets.com\\\/cs\\\/shop\\\/bezpecnostni-prepravni-taska-pro-fishing-magnety-magshield\\\/#primaryimage\",\"url\":\"https:\\\/\\\/magnetarmagnets.com\\\/wp-content\\\/uploads\\\/2026\\\/04\\\/BEAST-X.png\",\"contentUrl\":\"https:\\\/\\\/magnetarmagnets.com\\\/wp-content\\\/uploads\\\/2026\\\/04\\\/BEAST-X.png\",\"width\":2000,\"height\":2000},{\"@type\":\"BreadcrumbList\",\"@id\":\"https:\\\/\\\/magnetarmagnets.com\\\/cs\\\/shop\\\/bezpecnostni-prepravni-taska-pro-fishing-magnety-magshield\\\/#breadcrumb\",\"itemListElement\":[{\"@type\":\"ListItem\",\"position\":1,\"name\":\"Home\",\"item\":\"https:\\\/\\\/magnetarmagnets.com\\\/cs\\\/\"},{\"@type\":\"ListItem\",\"position\":2,\"name\":\"Obchod\",\"item\":\"https:\\\/\\\/magnetarmagnets.com\\\/cs\\\/obchod\\\/\"},{\"@type\":\"ListItem\",\"position\":3,\"name\":\"Bezpe\u010dnostn\u00ed p\u0159epravn\u00ed ta\u0161ka pro fishing magnety &#8211; MagShield\u2122\"}]},{\"@type\":\"WebSite\",\"@id\":\"https:\\\/\\\/magnetarmagnets.com\\\/cs\\\/#website\",\"url\":\"https:\\\/\\\/magnetarmagnets.com\\\/cs\\\/\",\"name\":\"Magnet fishing with a Magnetar fishing magnet\",\"description\":\"Siln\u00e9 magnety na magnet fishing\",\"publisher\":{\"@id\":\"https:\\\/\\\/magnetarmagnets.com\\\/cs\\\/#organization\"},\"potentialAction\":[{\"@type\":\"SearchAction\",\"target\":{\"@type\":\"EntryPoint\",\"urlTemplate\":\"https:\\\/\\\/magnetarmagnets.com\\\/cs\\\/?s={search_term_string}\"},\"query-input\":{\"@type\":\"PropertyValueSpecification\",\"valueRequired\":true,\"valueName\":\"search_term_string\"}}],\"inLanguage\":\"cs\"},{\"@type\":\"Organization\",\"@id\":\"https:\\\/\\\/magnetarmagnets.com\\\/cs\\\/#organization\",\"name\":\"Magnetar\",\"url\":\"https:\\\/\\\/magnetarmagnets.com\\\/cs\\\/\",\"logo\":{\"@type\":\"ImageObject\",\"inLanguage\":\"cs\",\"@id\":\"https:\\\/\\\/magnetarmagnets.com\\\/cs\\\/#\\\/schema\\\/logo\\\/image\\\/\",\"url\":\"https:\\\/\\\/magnetarmagnets.com\\\/wp-content\\\/uploads\\\/2025\\\/05\\\/Logo-03_PNG-Black-scaled.png\",\"contentUrl\":\"https:\\\/\\\/magnetarmagnets.com\\\/wp-content\\\/uploads\\\/2025\\\/05\\\/Logo-03_PNG-Black-scaled.png\",\"width\":2560,\"height\":1658,\"caption\":\"Magnetar\"},\"image\":{\"@id\":\"https:\\\/\\\/magnetarmagnets.com\\\/cs\\\/#\\\/schema\\\/logo\\\/image\\\/\"},\"sameAs\":[\"https:\\\/\\\/www.facebook.com\\\/fishingmagnets\\\/\",\"https:\\\/\\\/www.instagram.com\\\/magnetar_magnets\\\/\",\"https:\\\/\\\/www.linkedin.com\\\/company\\\/magnetarbv\\\/?originalSubdomain=nl\",\"https:\\\/\\\/www.youtube.com\\\/c\\\/MagnetarVismagneet\"]}]}<\/script>\n<!-- \/ Yoast SEO plugin. -->","yoast_head_json":{"title":"Bezpe\u010dnostn\u00ed p\u0159epravn\u00ed ta\u0161ka pro fishing magnety - MagShield\u2122 - Magnet fishing with a Magnetar fishing magnet","description":"P\u0159epravn\u00ed ta\u0161ka Magnetar\u00ae je navr\u017eena pro bezpe\u010dnou p\u0159epravu, chytr\u00e9 skladov\u00e1n\u00ed a praktick\u00e9 ka\u017edodenn\u00ed pou\u017eit\u00ed.","robots":{"index":"index","follow":"follow","max-snippet":"max-snippet:-1","max-image-preview":"max-image-preview:large","max-video-preview":"max-video-preview:-1"},"canonical":"https:\/\/magnetarmagnets.com\/cs\/shop\/bezpecnostni-prepravni-taska-pro-fishing-magnety-magshield\/","og_locale":"cs_CZ","og_type":"article","og_title":"Bezpe\u010dnostn\u00ed p\u0159epravn\u00ed ta\u0161ka pro fishing magnety - MagShield\u2122 - Magnet fishing with a Magnetar fishing magnet","og_description":"P\u0159epravn\u00ed ta\u0161ka Magnetar\u00ae je navr\u017eena pro bezpe\u010dnou p\u0159epravu, chytr\u00e9 skladov\u00e1n\u00ed a praktick\u00e9 ka\u017edodenn\u00ed pou\u017eit\u00ed.","og_url":"https:\/\/magnetarmagnets.com\/cs\/shop\/bezpecnostni-prepravni-taska-pro-fishing-magnety-magshield\/","og_site_name":"Magnet fishing with a Magnetar fishing magnet","article_publisher":"https:\/\/www.facebook.com\/fishingmagnets\/","og_image":[{"width":1024,"height":1024,"url":"https:\/\/magnetarmagnets.com\/wp-content\/uploads\/2026\/04\/BEAST-X-1024x1024.png","type":"image\/png"}],"twitter_card":"summary_large_image","twitter_misc":{"Odhadovan\u00e1 doba \u010dten\u00ed":"1 minuta"},"schema":{"@context":"https:\/\/schema.org","@graph":[{"@type":["WebPage","ItemPage"],"@id":"https:\/\/magnetarmagnets.com\/cs\/shop\/bezpecnostni-prepravni-taska-pro-fishing-magnety-magshield\/","url":"https:\/\/magnetarmagnets.com\/cs\/shop\/bezpecnostni-prepravni-taska-pro-fishing-magnety-magshield\/","name":"Bezpe\u010dnostn\u00ed p\u0159epravn\u00ed ta\u0161ka pro fishing magnety - MagShield\u2122 - Magnet fishing with a Magnetar fishing magnet","isPartOf":{"@id":"https:\/\/magnetarmagnets.com\/cs\/#website"},"primaryImageOfPage":{"@id":"https:\/\/magnetarmagnets.com\/cs\/shop\/bezpecnostni-prepravni-taska-pro-fishing-magnety-magshield\/#primaryimage"},"image":{"@id":"https:\/\/magnetarmagnets.com\/cs\/shop\/bezpecnostni-prepravni-taska-pro-fishing-magnety-magshield\/#primaryimage"},"thumbnailUrl":"https:\/\/magnetarmagnets.com\/wp-content\/uploads\/2026\/04\/BEAST-X.png","datePublished":"2026-04-22T12:49:46+00:00","description":"P\u0159epravn\u00ed ta\u0161ka Magnetar\u00ae je navr\u017eena pro bezpe\u010dnou p\u0159epravu, chytr\u00e9 skladov\u00e1n\u00ed a praktick\u00e9 ka\u017edodenn\u00ed pou\u017eit\u00ed.","breadcrumb":{"@id":"https:\/\/magnetarmagnets.com\/cs\/shop\/bezpecnostni-prepravni-taska-pro-fishing-magnety-magshield\/#breadcrumb"},"inLanguage":"cs","potentialAction":[{"@type":"ReadAction","target":["https:\/\/magnetarmagnets.com\/cs\/shop\/bezpecnostni-prepravni-taska-pro-fishing-magnety-magshield\/"]}]},{"@type":"ImageObject","inLanguage":"cs","@id":"https:\/\/magnetarmagnets.com\/cs\/shop\/bezpecnostni-prepravni-taska-pro-fishing-magnety-magshield\/#primaryimage","url":"https:\/\/magnetarmagnets.com\/wp-content\/uploads\/2026\/04\/BEAST-X.png","contentUrl":"https:\/\/magnetarmagnets.com\/wp-content\/uploads\/2026\/04\/BEAST-X.png","width":2000,"height":2000},{"@type":"BreadcrumbList","@id":"https:\/\/magnetarmagnets.com\/cs\/shop\/bezpecnostni-prepravni-taska-pro-fishing-magnety-magshield\/#breadcrumb","itemListElement":[{"@type":"ListItem","position":1,"name":"Home","item":"https:\/\/magnetarmagnets.com\/cs\/"},{"@type":"ListItem","position":2,"name":"Obchod","item":"https:\/\/magnetarmagnets.com\/cs\/obchod\/"},{"@type":"ListItem","position":3,"name":"Bezpe\u010dnostn\u00ed p\u0159epravn\u00ed ta\u0161ka pro fishing magnety &#8211; MagShield\u2122"}]},{"@type":"WebSite","@id":"https:\/\/magnetarmagnets.com\/cs\/#website","url":"https:\/\/magnetarmagnets.com\/cs\/","name":"Magnet fishing with a Magnetar fishing magnet","description":"Siln\u00e9 magnety na magnet fishing","publisher":{"@id":"https:\/\/magnetarmagnets.com\/cs\/#organization"},"potentialAction":[{"@type":"SearchAction","target":{"@type":"EntryPoint","urlTemplate":"https:\/\/magnetarmagnets.com\/cs\/?s={search_term_string}"},"query-input":{"@type":"PropertyValueSpecification","valueRequired":true,"valueName":"search_term_string"}}],"inLanguage":"cs"},{"@type":"Organization","@id":"https:\/\/magnetarmagnets.com\/cs\/#organization","name":"Magnetar","url":"https:\/\/magnetarmagnets.com\/cs\/","logo":{"@type":"ImageObject","inLanguage":"cs","@id":"https:\/\/magnetarmagnets.com\/cs\/#\/schema\/logo\/image\/","url":"https:\/\/magnetarmagnets.com\/wp-content\/uploads\/2025\/05\/Logo-03_PNG-Black-scaled.png","contentUrl":"https:\/\/magnetarmagnets.com\/wp-content\/uploads\/2025\/05\/Logo-03_PNG-Black-scaled.png","width":2560,"height":1658,"caption":"Magnetar"},"image":{"@id":"https:\/\/magnetarmagnets.com\/cs\/#\/schema\/logo\/image\/"},"sameAs":["https:\/\/www.facebook.com\/fishingmagnets\/","https:\/\/www.instagram.com\/magnetar_magnets\/","https:\/\/www.linkedin.com\/company\/magnetarbv\/?originalSubdomain=nl","https:\/\/www.youtube.com\/c\/MagnetarVismagneet"]}]}},"_links":{"self":[{"href":"https:\/\/magnetarmagnets.com\/cs\/wp-json\/wp\/v2\/product\/99875","targetHints":{"allow":["GET"]}}],"collection":[{"href":"https:\/\/magnetarmagnets.com\/cs\/wp-json\/wp\/v2\/product"}],"about":[{"href":"https:\/\/magnetarmagnets.com\/cs\/wp-json\/wp\/v2\/types\/product"}],"replies":[{"embeddable":true,"href":"https:\/\/magnetarmagnets.com\/cs\/wp-json\/wp\/v2\/comments?post=99875"}],"version-history":[{"count":0,"href":"https:\/\/magnetarmagnets.com\/cs\/wp-json\/wp\/v2\/product\/99875\/revisions"}],"wp:featuredmedia":[{"embeddable":true,"href":"https:\/\/magnetarmagnets.com\/cs\/wp-json\/wp\/v2\/media\/98701"}],"wp:attachment":[{"href":"https:\/\/magnetarmagnets.com\/cs\/wp-json\/wp\/v2\/media?parent=99875"}],"wp:term":[{"taxonomy":"product_brand","embeddable":true,"href":"https:\/\/magnetarmagnets.com\/cs\/wp-json\/wp\/v2\/product_brand?post=99875"},{"taxonomy":"product_cat","embeddable":true,"href":"https:\/\/magnetarmagnets.com\/cs\/wp-json\/wp\/v2\/product_cat?post=99875"},{"taxonomy":"product_tag","embeddable":true,"href":"https:\/\/magnetarmagnets.com\/cs\/wp-json\/wp\/v2\/product_tag?post=99875"}],"curies":[{"name":"wp","href":"https:\/\/api.w.org\/{rel}","templated":true}]}}