{"id":97363,"date":"2026-04-16T10:16:19","date_gmt":"2026-04-16T08:16:19","guid":{"rendered":"https:\/\/magnetarmagnets.com\/shop\/barbarian-x-kit-3500-lb-1600-kg-barbarian-x-allround-360\/"},"modified":"2026-04-16T13:52:16","modified_gmt":"2026-04-16T11:52:16","slug":"barbarian-x-kit-3500-lb-1600-kg-barbarian-x-allround-360","status":"publish","type":"product","link":"https:\/\/magnetarmagnets.com\/cs\/shop\/barbarian-x-kit-3500-lb-1600-kg-barbarian-x-allround-360\/","title":{"rendered":"Barbarian X kit \u2013 3500 lb \/ 1600 kg \u2013 Barbarian X \u2013 Allround 360\u00b0"},"content":{"rendered":"","protected":false},"excerpt":{"rendered":"<p><strong>Barbarian X<\/strong> je v\u00fdkonn\u00fd <strong>360\u00b0 magnet na magnet fishing<\/strong> z \u0159ady <strong>X Line<\/strong>. Ide\u00e1ln\u00ed pro profesion\u00e1ln\u00ed magnetick\u00e9 ryb\u00e1\u0159e, kte\u0159\u00ed hledaj\u00ed s\u00edlu, kvalitu a konkurenceschopnou cenu.<\/p>\n<p>Pln\u011b smontovan\u00fd, zabalen\u00fd v ta\u0161ce <strong>MagShield\u2122<\/strong> pro bezpe\u010dnou p\u0159epravu a snadn\u00e9 pou\u017eit\u00ed.<\/p>\n","protected":false},"featured_media":97007,"comment_status":"open","ping_status":"closed","template":"","meta":{"_acf_changed":false,"inline_featured_image":false},"product_brand":[],"product_cat":[561,553,558,1019,570,562,1020],"product_tag":[],"class_list":{"0":"post-97363","1":"product","2":"type-product","3":"status-publish","4":"has-post-thumbnail","6":"product_cat-allround-fishing-magnety-360","7":"product_cat-fishing-magnets-cs","8":"product_cat-nejsilnejsi-fishing-magnety","9":"product_cat-nezarazene","10":"product_cat-profesionalove","11":"product_cat-sada-na-magnet-fishing","12":"product_cat-x-line","14":"first","15":"instock","16":"taxable","17":"shipping-taxable","18":"purchasable","19":"product-type-simple"},"acf":[],"yoast_head":"<!-- This site is optimized with the Yoast SEO plugin v27.4 - https:\/\/yoast.com\/product\/yoast-seo-wordpress\/ -->\n<title>Barbarian X kit \u2013 3500 lb \/ 1600 kg \u2013 Barbarian X \u2013 Allround 360\u00b0 - Magnet fishing with a Magnetar fishing magnet<\/title>\n<meta name=\"description\" content=\"Barbarian X je v\u00fdkonn\u00fd 360\u00b0 magnet na magnet fishing s ta\u017enou silou 1600 kg. Obsahuje lano, rukavice a p\u0159epravn\u00ed ta\u0161ku. Pro zku\u0161en\u00e9 magnetick\u00e9 ryb\u00e1\u0159e.\" \/>\n<meta name=\"robots\" content=\"index, follow, max-snippet:-1, max-image-preview:large, max-video-preview:-1\" \/>\n<link rel=\"canonical\" href=\"https:\/\/magnetarmagnets.com\/cs\/shop\/barbarian-x-kit-3500-lb-1600-kg-barbarian-x-allround-360\/\" \/>\n<meta property=\"og:locale\" content=\"cs_CZ\" \/>\n<meta property=\"og:type\" content=\"article\" \/>\n<meta property=\"og:title\" content=\"Barbarian X kit \u2013 3500 lb \/ 1600 kg \u2013 Barbarian X \u2013 Allround 360\u00b0 - Magnet fishing with a Magnetar fishing magnet\" \/>\n<meta property=\"og:description\" content=\"Barbarian X je v\u00fdkonn\u00fd 360\u00b0 magnet na magnet fishing s ta\u017enou silou 1600 kg. Obsahuje lano, rukavice a p\u0159epravn\u00ed ta\u0161ku. Pro zku\u0161en\u00e9 magnetick\u00e9 ryb\u00e1\u0159e.\" \/>\n<meta property=\"og:url\" content=\"https:\/\/magnetarmagnets.com\/cs\/shop\/barbarian-x-kit-3500-lb-1600-kg-barbarian-x-allround-360\/\" \/>\n<meta property=\"og:site_name\" content=\"Magnet fishing with a Magnetar fishing magnet\" \/>\n<meta property=\"article:publisher\" content=\"https:\/\/www.facebook.com\/fishingmagnets\/\" \/>\n<meta property=\"article:modified_time\" content=\"2026-04-16T11:52:16+00:00\" \/>\n<meta property=\"og:image\" content=\"https:\/\/magnetarmagnets.com\/wp-content\/uploads\/2026\/04\/MagnetarMagnets_BARBARIAN_X_listing-1-1024x1024.png\" \/>\n\t<meta property=\"og:image:width\" content=\"1024\" \/>\n\t<meta property=\"og:image:height\" content=\"1024\" \/>\n\t<meta property=\"og:image:type\" content=\"image\/png\" \/>\n<meta name=\"twitter:card\" content=\"summary_large_image\" \/>\n<meta name=\"twitter:label1\" content=\"Odhadovan\u00e1 doba \u010dten\u00ed\" \/>\n\t<meta name=\"twitter:data1\" content=\"1 minuta\" \/>\n<script type=\"application\/ld+json\" class=\"yoast-schema-graph\">{\"@context\":\"https:\\\/\\\/schema.org\",\"@graph\":[{\"@type\":[\"WebPage\",\"ItemPage\"],\"@id\":\"https:\\\/\\\/magnetarmagnets.com\\\/cs\\\/shop\\\/barbarian-x-kit-3500-lb-1600-kg-barbarian-x-allround-360\\\/\",\"url\":\"https:\\\/\\\/magnetarmagnets.com\\\/cs\\\/shop\\\/barbarian-x-kit-3500-lb-1600-kg-barbarian-x-allround-360\\\/\",\"name\":\"Barbarian X kit \u2013 3500 lb \\\/ 1600 kg \u2013 Barbarian X \u2013 Allround 360\u00b0 - Magnet fishing with a Magnetar fishing magnet\",\"isPartOf\":{\"@id\":\"https:\\\/\\\/magnetarmagnets.com\\\/cs\\\/#website\"},\"primaryImageOfPage\":{\"@id\":\"https:\\\/\\\/magnetarmagnets.com\\\/cs\\\/shop\\\/barbarian-x-kit-3500-lb-1600-kg-barbarian-x-allround-360\\\/#primaryimage\"},\"image\":{\"@id\":\"https:\\\/\\\/magnetarmagnets.com\\\/cs\\\/shop\\\/barbarian-x-kit-3500-lb-1600-kg-barbarian-x-allround-360\\\/#primaryimage\"},\"thumbnailUrl\":\"https:\\\/\\\/magnetarmagnets.com\\\/wp-content\\\/uploads\\\/2026\\\/04\\\/MagnetarMagnets_BARBARIAN_X_listing-1.png\",\"datePublished\":\"2026-04-16T08:16:19+00:00\",\"dateModified\":\"2026-04-16T11:52:16+00:00\",\"description\":\"Barbarian X je v\u00fdkonn\u00fd 360\u00b0 magnet na magnet fishing s ta\u017enou silou 1600 kg. Obsahuje lano, rukavice a p\u0159epravn\u00ed ta\u0161ku. Pro zku\u0161en\u00e9 magnetick\u00e9 ryb\u00e1\u0159e.\",\"breadcrumb\":{\"@id\":\"https:\\\/\\\/magnetarmagnets.com\\\/cs\\\/shop\\\/barbarian-x-kit-3500-lb-1600-kg-barbarian-x-allround-360\\\/#breadcrumb\"},\"inLanguage\":\"cs\",\"potentialAction\":[{\"@type\":\"ReadAction\",\"target\":[\"https:\\\/\\\/magnetarmagnets.com\\\/cs\\\/shop\\\/barbarian-x-kit-3500-lb-1600-kg-barbarian-x-allround-360\\\/\"]}]},{\"@type\":\"ImageObject\",\"inLanguage\":\"cs\",\"@id\":\"https:\\\/\\\/magnetarmagnets.com\\\/cs\\\/shop\\\/barbarian-x-kit-3500-lb-1600-kg-barbarian-x-allround-360\\\/#primaryimage\",\"url\":\"https:\\\/\\\/magnetarmagnets.com\\\/wp-content\\\/uploads\\\/2026\\\/04\\\/MagnetarMagnets_BARBARIAN_X_listing-1.png\",\"contentUrl\":\"https:\\\/\\\/magnetarmagnets.com\\\/wp-content\\\/uploads\\\/2026\\\/04\\\/MagnetarMagnets_BARBARIAN_X_listing-1.png\",\"width\":2000,\"height\":2000},{\"@type\":\"BreadcrumbList\",\"@id\":\"https:\\\/\\\/magnetarmagnets.com\\\/cs\\\/shop\\\/barbarian-x-kit-3500-lb-1600-kg-barbarian-x-allround-360\\\/#breadcrumb\",\"itemListElement\":[{\"@type\":\"ListItem\",\"position\":1,\"name\":\"Home\",\"item\":\"https:\\\/\\\/magnetarmagnets.com\\\/cs\\\/\"},{\"@type\":\"ListItem\",\"position\":2,\"name\":\"Obchod\",\"item\":\"https:\\\/\\\/magnetarmagnets.com\\\/cs\\\/obchod\\\/\"},{\"@type\":\"ListItem\",\"position\":3,\"name\":\"Fishing magnety\",\"item\":\"https:\\\/\\\/magnetarmagnets.com\\\/cs\\\/collections\\\/fishing-magnets-cs\\\/\"},{\"@type\":\"ListItem\",\"position\":4,\"name\":\"Allround fishing magnety 360\u00b0\",\"item\":\"https:\\\/\\\/magnetarmagnets.com\\\/cs\\\/collections\\\/fishing-magnets-cs\\\/allround-fishing-magnety-360\\\/\"},{\"@type\":\"ListItem\",\"position\":5,\"name\":\"Barbarian X kit \u2013 3500 lb \\\/ 1600 kg \u2013 Barbarian X \u2013 Allround 360\u00b0\"}]},{\"@type\":\"WebSite\",\"@id\":\"https:\\\/\\\/magnetarmagnets.com\\\/cs\\\/#website\",\"url\":\"https:\\\/\\\/magnetarmagnets.com\\\/cs\\\/\",\"name\":\"Magnet fishing with a Magnetar fishing magnet\",\"description\":\"Siln\u00e9 magnety na magnet fishing\",\"publisher\":{\"@id\":\"https:\\\/\\\/magnetarmagnets.com\\\/cs\\\/#organization\"},\"potentialAction\":[{\"@type\":\"SearchAction\",\"target\":{\"@type\":\"EntryPoint\",\"urlTemplate\":\"https:\\\/\\\/magnetarmagnets.com\\\/cs\\\/?s={search_term_string}\"},\"query-input\":{\"@type\":\"PropertyValueSpecification\",\"valueRequired\":true,\"valueName\":\"search_term_string\"}}],\"inLanguage\":\"cs\"},{\"@type\":\"Organization\",\"@id\":\"https:\\\/\\\/magnetarmagnets.com\\\/cs\\\/#organization\",\"name\":\"Magnetar\",\"url\":\"https:\\\/\\\/magnetarmagnets.com\\\/cs\\\/\",\"logo\":{\"@type\":\"ImageObject\",\"inLanguage\":\"cs\",\"@id\":\"https:\\\/\\\/magnetarmagnets.com\\\/cs\\\/#\\\/schema\\\/logo\\\/image\\\/\",\"url\":\"https:\\\/\\\/magnetarmagnets.com\\\/wp-content\\\/uploads\\\/2025\\\/05\\\/Logo-03_PNG-Black-scaled.png\",\"contentUrl\":\"https:\\\/\\\/magnetarmagnets.com\\\/wp-content\\\/uploads\\\/2025\\\/05\\\/Logo-03_PNG-Black-scaled.png\",\"width\":2560,\"height\":1658,\"caption\":\"Magnetar\"},\"image\":{\"@id\":\"https:\\\/\\\/magnetarmagnets.com\\\/cs\\\/#\\\/schema\\\/logo\\\/image\\\/\"},\"sameAs\":[\"https:\\\/\\\/www.facebook.com\\\/fishingmagnets\\\/\",\"https:\\\/\\\/www.instagram.com\\\/magnetar_magnets\\\/\",\"https:\\\/\\\/www.linkedin.com\\\/company\\\/magnetarbv\\\/?originalSubdomain=nl\",\"https:\\\/\\\/www.youtube.com\\\/c\\\/MagnetarVismagneet\"]}]}<\/script>\n<!-- \/ Yoast SEO plugin. -->","yoast_head_json":{"title":"Barbarian X kit \u2013 3500 lb \/ 1600 kg \u2013 Barbarian X \u2013 Allround 360\u00b0 - Magnet fishing with a Magnetar fishing magnet","description":"Barbarian X je v\u00fdkonn\u00fd 360\u00b0 magnet na magnet fishing s ta\u017enou silou 1600 kg. Obsahuje lano, rukavice a p\u0159epravn\u00ed ta\u0161ku. Pro zku\u0161en\u00e9 magnetick\u00e9 ryb\u00e1\u0159e.","robots":{"index":"index","follow":"follow","max-snippet":"max-snippet:-1","max-image-preview":"max-image-preview:large","max-video-preview":"max-video-preview:-1"},"canonical":"https:\/\/magnetarmagnets.com\/cs\/shop\/barbarian-x-kit-3500-lb-1600-kg-barbarian-x-allround-360\/","og_locale":"cs_CZ","og_type":"article","og_title":"Barbarian X kit \u2013 3500 lb \/ 1600 kg \u2013 Barbarian X \u2013 Allround 360\u00b0 - Magnet fishing with a Magnetar fishing magnet","og_description":"Barbarian X je v\u00fdkonn\u00fd 360\u00b0 magnet na magnet fishing s ta\u017enou silou 1600 kg. Obsahuje lano, rukavice a p\u0159epravn\u00ed ta\u0161ku. Pro zku\u0161en\u00e9 magnetick\u00e9 ryb\u00e1\u0159e.","og_url":"https:\/\/magnetarmagnets.com\/cs\/shop\/barbarian-x-kit-3500-lb-1600-kg-barbarian-x-allround-360\/","og_site_name":"Magnet fishing with a Magnetar fishing magnet","article_publisher":"https:\/\/www.facebook.com\/fishingmagnets\/","article_modified_time":"2026-04-16T11:52:16+00:00","og_image":[{"width":1024,"height":1024,"url":"https:\/\/magnetarmagnets.com\/wp-content\/uploads\/2026\/04\/MagnetarMagnets_BARBARIAN_X_listing-1-1024x1024.png","type":"image\/png"}],"twitter_card":"summary_large_image","twitter_misc":{"Odhadovan\u00e1 doba \u010dten\u00ed":"1 minuta"},"schema":{"@context":"https:\/\/schema.org","@graph":[{"@type":["WebPage","ItemPage"],"@id":"https:\/\/magnetarmagnets.com\/cs\/shop\/barbarian-x-kit-3500-lb-1600-kg-barbarian-x-allround-360\/","url":"https:\/\/magnetarmagnets.com\/cs\/shop\/barbarian-x-kit-3500-lb-1600-kg-barbarian-x-allround-360\/","name":"Barbarian X kit \u2013 3500 lb \/ 1600 kg \u2013 Barbarian X \u2013 Allround 360\u00b0 - Magnet fishing with a Magnetar fishing magnet","isPartOf":{"@id":"https:\/\/magnetarmagnets.com\/cs\/#website"},"primaryImageOfPage":{"@id":"https:\/\/magnetarmagnets.com\/cs\/shop\/barbarian-x-kit-3500-lb-1600-kg-barbarian-x-allround-360\/#primaryimage"},"image":{"@id":"https:\/\/magnetarmagnets.com\/cs\/shop\/barbarian-x-kit-3500-lb-1600-kg-barbarian-x-allround-360\/#primaryimage"},"thumbnailUrl":"https:\/\/magnetarmagnets.com\/wp-content\/uploads\/2026\/04\/MagnetarMagnets_BARBARIAN_X_listing-1.png","datePublished":"2026-04-16T08:16:19+00:00","dateModified":"2026-04-16T11:52:16+00:00","description":"Barbarian X je v\u00fdkonn\u00fd 360\u00b0 magnet na magnet fishing s ta\u017enou silou 1600 kg. Obsahuje lano, rukavice a p\u0159epravn\u00ed ta\u0161ku. Pro zku\u0161en\u00e9 magnetick\u00e9 ryb\u00e1\u0159e.","breadcrumb":{"@id":"https:\/\/magnetarmagnets.com\/cs\/shop\/barbarian-x-kit-3500-lb-1600-kg-barbarian-x-allround-360\/#breadcrumb"},"inLanguage":"cs","potentialAction":[{"@type":"ReadAction","target":["https:\/\/magnetarmagnets.com\/cs\/shop\/barbarian-x-kit-3500-lb-1600-kg-barbarian-x-allround-360\/"]}]},{"@type":"ImageObject","inLanguage":"cs","@id":"https:\/\/magnetarmagnets.com\/cs\/shop\/barbarian-x-kit-3500-lb-1600-kg-barbarian-x-allround-360\/#primaryimage","url":"https:\/\/magnetarmagnets.com\/wp-content\/uploads\/2026\/04\/MagnetarMagnets_BARBARIAN_X_listing-1.png","contentUrl":"https:\/\/magnetarmagnets.com\/wp-content\/uploads\/2026\/04\/MagnetarMagnets_BARBARIAN_X_listing-1.png","width":2000,"height":2000},{"@type":"BreadcrumbList","@id":"https:\/\/magnetarmagnets.com\/cs\/shop\/barbarian-x-kit-3500-lb-1600-kg-barbarian-x-allround-360\/#breadcrumb","itemListElement":[{"@type":"ListItem","position":1,"name":"Home","item":"https:\/\/magnetarmagnets.com\/cs\/"},{"@type":"ListItem","position":2,"name":"Obchod","item":"https:\/\/magnetarmagnets.com\/cs\/obchod\/"},{"@type":"ListItem","position":3,"name":"Fishing magnety","item":"https:\/\/magnetarmagnets.com\/cs\/collections\/fishing-magnets-cs\/"},{"@type":"ListItem","position":4,"name":"Allround fishing magnety 360\u00b0","item":"https:\/\/magnetarmagnets.com\/cs\/collections\/fishing-magnets-cs\/allround-fishing-magnety-360\/"},{"@type":"ListItem","position":5,"name":"Barbarian X kit \u2013 3500 lb \/ 1600 kg \u2013 Barbarian X \u2013 Allround 360\u00b0"}]},{"@type":"WebSite","@id":"https:\/\/magnetarmagnets.com\/cs\/#website","url":"https:\/\/magnetarmagnets.com\/cs\/","name":"Magnet fishing with a Magnetar fishing magnet","description":"Siln\u00e9 magnety na magnet fishing","publisher":{"@id":"https:\/\/magnetarmagnets.com\/cs\/#organization"},"potentialAction":[{"@type":"SearchAction","target":{"@type":"EntryPoint","urlTemplate":"https:\/\/magnetarmagnets.com\/cs\/?s={search_term_string}"},"query-input":{"@type":"PropertyValueSpecification","valueRequired":true,"valueName":"search_term_string"}}],"inLanguage":"cs"},{"@type":"Organization","@id":"https:\/\/magnetarmagnets.com\/cs\/#organization","name":"Magnetar","url":"https:\/\/magnetarmagnets.com\/cs\/","logo":{"@type":"ImageObject","inLanguage":"cs","@id":"https:\/\/magnetarmagnets.com\/cs\/#\/schema\/logo\/image\/","url":"https:\/\/magnetarmagnets.com\/wp-content\/uploads\/2025\/05\/Logo-03_PNG-Black-scaled.png","contentUrl":"https:\/\/magnetarmagnets.com\/wp-content\/uploads\/2025\/05\/Logo-03_PNG-Black-scaled.png","width":2560,"height":1658,"caption":"Magnetar"},"image":{"@id":"https:\/\/magnetarmagnets.com\/cs\/#\/schema\/logo\/image\/"},"sameAs":["https:\/\/www.facebook.com\/fishingmagnets\/","https:\/\/www.instagram.com\/magnetar_magnets\/","https:\/\/www.linkedin.com\/company\/magnetarbv\/?originalSubdomain=nl","https:\/\/www.youtube.com\/c\/MagnetarVismagneet"]}]}},"_links":{"self":[{"href":"https:\/\/magnetarmagnets.com\/cs\/wp-json\/wp\/v2\/product\/97363","targetHints":{"allow":["GET"]}}],"collection":[{"href":"https:\/\/magnetarmagnets.com\/cs\/wp-json\/wp\/v2\/product"}],"about":[{"href":"https:\/\/magnetarmagnets.com\/cs\/wp-json\/wp\/v2\/types\/product"}],"replies":[{"embeddable":true,"href":"https:\/\/magnetarmagnets.com\/cs\/wp-json\/wp\/v2\/comments?post=97363"}],"version-history":[{"count":1,"href":"https:\/\/magnetarmagnets.com\/cs\/wp-json\/wp\/v2\/product\/97363\/revisions"}],"predecessor-version":[{"id":97364,"href":"https:\/\/magnetarmagnets.com\/cs\/wp-json\/wp\/v2\/product\/97363\/revisions\/97364"}],"wp:featuredmedia":[{"embeddable":true,"href":"https:\/\/magnetarmagnets.com\/cs\/wp-json\/wp\/v2\/media\/97007"}],"wp:attachment":[{"href":"https:\/\/magnetarmagnets.com\/cs\/wp-json\/wp\/v2\/media?parent=97363"}],"wp:term":[{"taxonomy":"product_brand","embeddable":true,"href":"https:\/\/magnetarmagnets.com\/cs\/wp-json\/wp\/v2\/product_brand?post=97363"},{"taxonomy":"product_cat","embeddable":true,"href":"https:\/\/magnetarmagnets.com\/cs\/wp-json\/wp\/v2\/product_cat?post=97363"},{"taxonomy":"product_tag","embeddable":true,"href":"https:\/\/magnetarmagnets.com\/cs\/wp-json\/wp\/v2\/product_tag?post=97363"}],"curies":[{"name":"wp","href":"https:\/\/api.w.org\/{rel}","templated":true}]}}