{"id":97345,"date":"2026-04-16T10:17:33","date_gmt":"2026-04-16T08:17:33","guid":{"rendered":"https:\/\/magnetarmagnets.com\/shop\/cube-x-sada-1000-lb-450-kg-cube-x-360-blokovy-magnet\/"},"modified":"2026-04-16T13:25:43","modified_gmt":"2026-04-16T11:25:43","slug":"cube-x-sada-1000-lb-450-kg-cube-x-360-blokovy-magnet","status":"publish","type":"product","link":"https:\/\/magnetarmagnets.com\/cs\/shop\/cube-x-sada-1000-lb-450-kg-cube-x-360-blokovy-magnet\/","title":{"rendered":"CUBE X\u2122 sada \u2013 1000 lb \/ 450 kg \u2013 CUBE X\u2122 &#8211; 360\u00b0 blokov\u00fd magnet"},"content":{"rendered":"","protected":false},"excerpt":{"rendered":"<p><strong>Cube X<\/strong> je kompaktn\u00ed <strong>360\u00b0 blokov\u00fd magnet<\/strong> z \u0159ady <strong>X Line<\/strong>. Ide\u00e1ln\u00ed pro za\u010d\u00e1te\u010dn\u00edky a d\u011bti, kter\u00e9 hledaj\u00ed velk\u00e1 dobrodru\u017estv\u00ed, kvalitu a lehk\u00fd z\u00e1\u017eitek p\u0159i h\u00e1zen\u00ed.<\/p>\n<p>Pln\u011b smontovan\u00fd, zabalen\u00fd v kuf\u0159\u00edku <strong>MagShield\u2122<\/strong> pro bezpe\u010dn\u00fd transport a snadn\u00e9 pou\u017eit\u00ed.<\/p>\n","protected":false},"featured_media":96906,"comment_status":"open","ping_status":"closed","template":"","meta":{"_acf_changed":false,"inline_featured_image":false},"product_brand":[],"product_cat":[554,553,1019,562,1020,568],"product_tag":[],"class_list":{"0":"post-97345","1":"product","2":"type-product","3":"status-publish","4":"has-post-thumbnail","6":"product_cat-blokove-fishing-magnety-360","7":"product_cat-fishing-magnets-cs","8":"product_cat-nezarazene","9":"product_cat-sada-na-magnet-fishing","10":"product_cat-x-line","11":"product_cat-zacatecnici-a-deti","13":"first","14":"instock","15":"taxable","16":"shipping-taxable","17":"purchasable","18":"product-type-simple"},"acf":[],"yoast_head":"<!-- This site is optimized with the Yoast SEO plugin v27.4 - https:\/\/yoast.com\/product\/yoast-seo-wordpress\/ -->\n<title>CUBE X\u2122 sada \u2013 1000 lb \/ 450 kg \u2013 CUBE X\u2122 - 360\u00b0 blokov\u00fd magnet - Magnet fishing with a Magnetar fishing magnet<\/title>\n<meta name=\"description\" content=\"Cube X je kompaktn\u00ed 360\u00b0 blokov\u00fd magnet s ta\u017enou silou 450 kg. Obsahuje lano, rukavice a \u00falo\u017en\u00fd kuf\u0159\u00edk. Ide\u00e1ln\u00ed pro za\u010d\u00e1te\u010dn\u00edky a mlad\u0161\u00ed u\u017eivatele.\" \/>\n<meta name=\"robots\" content=\"index, follow, max-snippet:-1, max-image-preview:large, max-video-preview:-1\" \/>\n<link rel=\"canonical\" href=\"https:\/\/magnetarmagnets.com\/cs\/shop\/cube-x-sada-1000-lb-450-kg-cube-x-360-blokovy-magnet\/\" \/>\n<meta property=\"og:locale\" content=\"cs_CZ\" \/>\n<meta property=\"og:type\" content=\"article\" \/>\n<meta property=\"og:title\" content=\"CUBE X\u2122 sada \u2013 1000 lb \/ 450 kg \u2013 CUBE X\u2122 - 360\u00b0 blokov\u00fd magnet - Magnet fishing with a Magnetar fishing magnet\" \/>\n<meta property=\"og:description\" content=\"Cube X je kompaktn\u00ed 360\u00b0 blokov\u00fd magnet s ta\u017enou silou 450 kg. Obsahuje lano, rukavice a \u00falo\u017en\u00fd kuf\u0159\u00edk. Ide\u00e1ln\u00ed pro za\u010d\u00e1te\u010dn\u00edky a mlad\u0161\u00ed u\u017eivatele.\" \/>\n<meta property=\"og:url\" content=\"https:\/\/magnetarmagnets.com\/cs\/shop\/cube-x-sada-1000-lb-450-kg-cube-x-360-blokovy-magnet\/\" \/>\n<meta property=\"og:site_name\" content=\"Magnet fishing with a Magnetar fishing magnet\" \/>\n<meta property=\"article:publisher\" content=\"https:\/\/www.facebook.com\/fishingmagnets\/\" \/>\n<meta property=\"article:modified_time\" content=\"2026-04-16T11:25:43+00:00\" \/>\n<meta property=\"og:image\" content=\"https:\/\/magnetarmagnets.com\/wp-content\/uploads\/2026\/04\/MagnetarMagnets_CUBE_X_listing-1-1024x1024.png\" \/>\n\t<meta property=\"og:image:width\" content=\"1024\" \/>\n\t<meta property=\"og:image:height\" content=\"1024\" \/>\n\t<meta property=\"og:image:type\" content=\"image\/png\" \/>\n<meta name=\"twitter:card\" content=\"summary_large_image\" \/>\n<meta name=\"twitter:label1\" content=\"Odhadovan\u00e1 doba \u010dten\u00ed\" \/>\n\t<meta name=\"twitter:data1\" content=\"1 minuta\" \/>\n<script type=\"application\/ld+json\" class=\"yoast-schema-graph\">{\"@context\":\"https:\\\/\\\/schema.org\",\"@graph\":[{\"@type\":[\"WebPage\",\"ItemPage\"],\"@id\":\"https:\\\/\\\/magnetarmagnets.com\\\/cs\\\/shop\\\/cube-x-sada-1000-lb-450-kg-cube-x-360-blokovy-magnet\\\/\",\"url\":\"https:\\\/\\\/magnetarmagnets.com\\\/cs\\\/shop\\\/cube-x-sada-1000-lb-450-kg-cube-x-360-blokovy-magnet\\\/\",\"name\":\"CUBE X\u2122 sada \u2013 1000 lb \\\/ 450 kg \u2013 CUBE X\u2122 - 360\u00b0 blokov\u00fd magnet - Magnet fishing with a Magnetar fishing magnet\",\"isPartOf\":{\"@id\":\"https:\\\/\\\/magnetarmagnets.com\\\/cs\\\/#website\"},\"primaryImageOfPage\":{\"@id\":\"https:\\\/\\\/magnetarmagnets.com\\\/cs\\\/shop\\\/cube-x-sada-1000-lb-450-kg-cube-x-360-blokovy-magnet\\\/#primaryimage\"},\"image\":{\"@id\":\"https:\\\/\\\/magnetarmagnets.com\\\/cs\\\/shop\\\/cube-x-sada-1000-lb-450-kg-cube-x-360-blokovy-magnet\\\/#primaryimage\"},\"thumbnailUrl\":\"https:\\\/\\\/magnetarmagnets.com\\\/wp-content\\\/uploads\\\/2026\\\/04\\\/MagnetarMagnets_CUBE_X_listing-1.png\",\"datePublished\":\"2026-04-16T08:17:33+00:00\",\"dateModified\":\"2026-04-16T11:25:43+00:00\",\"description\":\"Cube X je kompaktn\u00ed 360\u00b0 blokov\u00fd magnet s ta\u017enou silou 450 kg. Obsahuje lano, rukavice a \u00falo\u017en\u00fd kuf\u0159\u00edk. Ide\u00e1ln\u00ed pro za\u010d\u00e1te\u010dn\u00edky a mlad\u0161\u00ed u\u017eivatele.\",\"breadcrumb\":{\"@id\":\"https:\\\/\\\/magnetarmagnets.com\\\/cs\\\/shop\\\/cube-x-sada-1000-lb-450-kg-cube-x-360-blokovy-magnet\\\/#breadcrumb\"},\"inLanguage\":\"cs\",\"potentialAction\":[{\"@type\":\"ReadAction\",\"target\":[\"https:\\\/\\\/magnetarmagnets.com\\\/cs\\\/shop\\\/cube-x-sada-1000-lb-450-kg-cube-x-360-blokovy-magnet\\\/\"]}]},{\"@type\":\"ImageObject\",\"inLanguage\":\"cs\",\"@id\":\"https:\\\/\\\/magnetarmagnets.com\\\/cs\\\/shop\\\/cube-x-sada-1000-lb-450-kg-cube-x-360-blokovy-magnet\\\/#primaryimage\",\"url\":\"https:\\\/\\\/magnetarmagnets.com\\\/wp-content\\\/uploads\\\/2026\\\/04\\\/MagnetarMagnets_CUBE_X_listing-1.png\",\"contentUrl\":\"https:\\\/\\\/magnetarmagnets.com\\\/wp-content\\\/uploads\\\/2026\\\/04\\\/MagnetarMagnets_CUBE_X_listing-1.png\",\"width\":2000,\"height\":2000},{\"@type\":\"BreadcrumbList\",\"@id\":\"https:\\\/\\\/magnetarmagnets.com\\\/cs\\\/shop\\\/cube-x-sada-1000-lb-450-kg-cube-x-360-blokovy-magnet\\\/#breadcrumb\",\"itemListElement\":[{\"@type\":\"ListItem\",\"position\":1,\"name\":\"Home\",\"item\":\"https:\\\/\\\/magnetarmagnets.com\\\/cs\\\/\"},{\"@type\":\"ListItem\",\"position\":2,\"name\":\"Obchod\",\"item\":\"https:\\\/\\\/magnetarmagnets.com\\\/cs\\\/obchod\\\/\"},{\"@type\":\"ListItem\",\"position\":3,\"name\":\"Fishing magnety\",\"item\":\"https:\\\/\\\/magnetarmagnets.com\\\/cs\\\/collections\\\/fishing-magnets-cs\\\/\"},{\"@type\":\"ListItem\",\"position\":4,\"name\":\"Blokov\u00e9 fishing magnety 360\",\"item\":\"https:\\\/\\\/magnetarmagnets.com\\\/cs\\\/collections\\\/fishing-magnets-cs\\\/blokove-fishing-magnety-360\\\/\"},{\"@type\":\"ListItem\",\"position\":5,\"name\":\"CUBE X\u2122 sada \u2013 1000 lb \\\/ 450 kg \u2013 CUBE X\u2122 &#8211; 360\u00b0 blokov\u00fd magnet\"}]},{\"@type\":\"WebSite\",\"@id\":\"https:\\\/\\\/magnetarmagnets.com\\\/cs\\\/#website\",\"url\":\"https:\\\/\\\/magnetarmagnets.com\\\/cs\\\/\",\"name\":\"Magnet fishing with a Magnetar fishing magnet\",\"description\":\"Siln\u00e9 magnety na magnet fishing\",\"publisher\":{\"@id\":\"https:\\\/\\\/magnetarmagnets.com\\\/cs\\\/#organization\"},\"potentialAction\":[{\"@type\":\"SearchAction\",\"target\":{\"@type\":\"EntryPoint\",\"urlTemplate\":\"https:\\\/\\\/magnetarmagnets.com\\\/cs\\\/?s={search_term_string}\"},\"query-input\":{\"@type\":\"PropertyValueSpecification\",\"valueRequired\":true,\"valueName\":\"search_term_string\"}}],\"inLanguage\":\"cs\"},{\"@type\":\"Organization\",\"@id\":\"https:\\\/\\\/magnetarmagnets.com\\\/cs\\\/#organization\",\"name\":\"Magnetar\",\"url\":\"https:\\\/\\\/magnetarmagnets.com\\\/cs\\\/\",\"logo\":{\"@type\":\"ImageObject\",\"inLanguage\":\"cs\",\"@id\":\"https:\\\/\\\/magnetarmagnets.com\\\/cs\\\/#\\\/schema\\\/logo\\\/image\\\/\",\"url\":\"https:\\\/\\\/magnetarmagnets.com\\\/wp-content\\\/uploads\\\/2025\\\/05\\\/Logo-03_PNG-Black-scaled.png\",\"contentUrl\":\"https:\\\/\\\/magnetarmagnets.com\\\/wp-content\\\/uploads\\\/2025\\\/05\\\/Logo-03_PNG-Black-scaled.png\",\"width\":2560,\"height\":1658,\"caption\":\"Magnetar\"},\"image\":{\"@id\":\"https:\\\/\\\/magnetarmagnets.com\\\/cs\\\/#\\\/schema\\\/logo\\\/image\\\/\"},\"sameAs\":[\"https:\\\/\\\/www.facebook.com\\\/fishingmagnets\\\/\",\"https:\\\/\\\/www.instagram.com\\\/magnetar_magnets\\\/\",\"https:\\\/\\\/www.linkedin.com\\\/company\\\/magnetarbv\\\/?originalSubdomain=nl\",\"https:\\\/\\\/www.youtube.com\\\/c\\\/MagnetarVismagneet\"]}]}<\/script>\n<!-- \/ Yoast SEO plugin. -->","yoast_head_json":{"title":"CUBE X\u2122 sada \u2013 1000 lb \/ 450 kg \u2013 CUBE X\u2122 - 360\u00b0 blokov\u00fd magnet - Magnet fishing with a Magnetar fishing magnet","description":"Cube X je kompaktn\u00ed 360\u00b0 blokov\u00fd magnet s ta\u017enou silou 450 kg. Obsahuje lano, rukavice a \u00falo\u017en\u00fd kuf\u0159\u00edk. Ide\u00e1ln\u00ed pro za\u010d\u00e1te\u010dn\u00edky a mlad\u0161\u00ed u\u017eivatele.","robots":{"index":"index","follow":"follow","max-snippet":"max-snippet:-1","max-image-preview":"max-image-preview:large","max-video-preview":"max-video-preview:-1"},"canonical":"https:\/\/magnetarmagnets.com\/cs\/shop\/cube-x-sada-1000-lb-450-kg-cube-x-360-blokovy-magnet\/","og_locale":"cs_CZ","og_type":"article","og_title":"CUBE X\u2122 sada \u2013 1000 lb \/ 450 kg \u2013 CUBE X\u2122 - 360\u00b0 blokov\u00fd magnet - Magnet fishing with a Magnetar fishing magnet","og_description":"Cube X je kompaktn\u00ed 360\u00b0 blokov\u00fd magnet s ta\u017enou silou 450 kg. Obsahuje lano, rukavice a \u00falo\u017en\u00fd kuf\u0159\u00edk. Ide\u00e1ln\u00ed pro za\u010d\u00e1te\u010dn\u00edky a mlad\u0161\u00ed u\u017eivatele.","og_url":"https:\/\/magnetarmagnets.com\/cs\/shop\/cube-x-sada-1000-lb-450-kg-cube-x-360-blokovy-magnet\/","og_site_name":"Magnet fishing with a Magnetar fishing magnet","article_publisher":"https:\/\/www.facebook.com\/fishingmagnets\/","article_modified_time":"2026-04-16T11:25:43+00:00","og_image":[{"width":1024,"height":1024,"url":"https:\/\/magnetarmagnets.com\/wp-content\/uploads\/2026\/04\/MagnetarMagnets_CUBE_X_listing-1-1024x1024.png","type":"image\/png"}],"twitter_card":"summary_large_image","twitter_misc":{"Odhadovan\u00e1 doba \u010dten\u00ed":"1 minuta"},"schema":{"@context":"https:\/\/schema.org","@graph":[{"@type":["WebPage","ItemPage"],"@id":"https:\/\/magnetarmagnets.com\/cs\/shop\/cube-x-sada-1000-lb-450-kg-cube-x-360-blokovy-magnet\/","url":"https:\/\/magnetarmagnets.com\/cs\/shop\/cube-x-sada-1000-lb-450-kg-cube-x-360-blokovy-magnet\/","name":"CUBE X\u2122 sada \u2013 1000 lb \/ 450 kg \u2013 CUBE X\u2122 - 360\u00b0 blokov\u00fd magnet - Magnet fishing with a Magnetar fishing magnet","isPartOf":{"@id":"https:\/\/magnetarmagnets.com\/cs\/#website"},"primaryImageOfPage":{"@id":"https:\/\/magnetarmagnets.com\/cs\/shop\/cube-x-sada-1000-lb-450-kg-cube-x-360-blokovy-magnet\/#primaryimage"},"image":{"@id":"https:\/\/magnetarmagnets.com\/cs\/shop\/cube-x-sada-1000-lb-450-kg-cube-x-360-blokovy-magnet\/#primaryimage"},"thumbnailUrl":"https:\/\/magnetarmagnets.com\/wp-content\/uploads\/2026\/04\/MagnetarMagnets_CUBE_X_listing-1.png","datePublished":"2026-04-16T08:17:33+00:00","dateModified":"2026-04-16T11:25:43+00:00","description":"Cube X je kompaktn\u00ed 360\u00b0 blokov\u00fd magnet s ta\u017enou silou 450 kg. Obsahuje lano, rukavice a \u00falo\u017en\u00fd kuf\u0159\u00edk. Ide\u00e1ln\u00ed pro za\u010d\u00e1te\u010dn\u00edky a mlad\u0161\u00ed u\u017eivatele.","breadcrumb":{"@id":"https:\/\/magnetarmagnets.com\/cs\/shop\/cube-x-sada-1000-lb-450-kg-cube-x-360-blokovy-magnet\/#breadcrumb"},"inLanguage":"cs","potentialAction":[{"@type":"ReadAction","target":["https:\/\/magnetarmagnets.com\/cs\/shop\/cube-x-sada-1000-lb-450-kg-cube-x-360-blokovy-magnet\/"]}]},{"@type":"ImageObject","inLanguage":"cs","@id":"https:\/\/magnetarmagnets.com\/cs\/shop\/cube-x-sada-1000-lb-450-kg-cube-x-360-blokovy-magnet\/#primaryimage","url":"https:\/\/magnetarmagnets.com\/wp-content\/uploads\/2026\/04\/MagnetarMagnets_CUBE_X_listing-1.png","contentUrl":"https:\/\/magnetarmagnets.com\/wp-content\/uploads\/2026\/04\/MagnetarMagnets_CUBE_X_listing-1.png","width":2000,"height":2000},{"@type":"BreadcrumbList","@id":"https:\/\/magnetarmagnets.com\/cs\/shop\/cube-x-sada-1000-lb-450-kg-cube-x-360-blokovy-magnet\/#breadcrumb","itemListElement":[{"@type":"ListItem","position":1,"name":"Home","item":"https:\/\/magnetarmagnets.com\/cs\/"},{"@type":"ListItem","position":2,"name":"Obchod","item":"https:\/\/magnetarmagnets.com\/cs\/obchod\/"},{"@type":"ListItem","position":3,"name":"Fishing magnety","item":"https:\/\/magnetarmagnets.com\/cs\/collections\/fishing-magnets-cs\/"},{"@type":"ListItem","position":4,"name":"Blokov\u00e9 fishing magnety 360","item":"https:\/\/magnetarmagnets.com\/cs\/collections\/fishing-magnets-cs\/blokove-fishing-magnety-360\/"},{"@type":"ListItem","position":5,"name":"CUBE X\u2122 sada \u2013 1000 lb \/ 450 kg \u2013 CUBE X\u2122 &#8211; 360\u00b0 blokov\u00fd magnet"}]},{"@type":"WebSite","@id":"https:\/\/magnetarmagnets.com\/cs\/#website","url":"https:\/\/magnetarmagnets.com\/cs\/","name":"Magnet fishing with a Magnetar fishing magnet","description":"Siln\u00e9 magnety na magnet fishing","publisher":{"@id":"https:\/\/magnetarmagnets.com\/cs\/#organization"},"potentialAction":[{"@type":"SearchAction","target":{"@type":"EntryPoint","urlTemplate":"https:\/\/magnetarmagnets.com\/cs\/?s={search_term_string}"},"query-input":{"@type":"PropertyValueSpecification","valueRequired":true,"valueName":"search_term_string"}}],"inLanguage":"cs"},{"@type":"Organization","@id":"https:\/\/magnetarmagnets.com\/cs\/#organization","name":"Magnetar","url":"https:\/\/magnetarmagnets.com\/cs\/","logo":{"@type":"ImageObject","inLanguage":"cs","@id":"https:\/\/magnetarmagnets.com\/cs\/#\/schema\/logo\/image\/","url":"https:\/\/magnetarmagnets.com\/wp-content\/uploads\/2025\/05\/Logo-03_PNG-Black-scaled.png","contentUrl":"https:\/\/magnetarmagnets.com\/wp-content\/uploads\/2025\/05\/Logo-03_PNG-Black-scaled.png","width":2560,"height":1658,"caption":"Magnetar"},"image":{"@id":"https:\/\/magnetarmagnets.com\/cs\/#\/schema\/logo\/image\/"},"sameAs":["https:\/\/www.facebook.com\/fishingmagnets\/","https:\/\/www.instagram.com\/magnetar_magnets\/","https:\/\/www.linkedin.com\/company\/magnetarbv\/?originalSubdomain=nl","https:\/\/www.youtube.com\/c\/MagnetarVismagneet"]}]}},"_links":{"self":[{"href":"https:\/\/magnetarmagnets.com\/cs\/wp-json\/wp\/v2\/product\/97345","targetHints":{"allow":["GET"]}}],"collection":[{"href":"https:\/\/magnetarmagnets.com\/cs\/wp-json\/wp\/v2\/product"}],"about":[{"href":"https:\/\/magnetarmagnets.com\/cs\/wp-json\/wp\/v2\/types\/product"}],"replies":[{"embeddable":true,"href":"https:\/\/magnetarmagnets.com\/cs\/wp-json\/wp\/v2\/comments?post=97345"}],"version-history":[{"count":1,"href":"https:\/\/magnetarmagnets.com\/cs\/wp-json\/wp\/v2\/product\/97345\/revisions"}],"predecessor-version":[{"id":97346,"href":"https:\/\/magnetarmagnets.com\/cs\/wp-json\/wp\/v2\/product\/97345\/revisions\/97346"}],"wp:featuredmedia":[{"embeddable":true,"href":"https:\/\/magnetarmagnets.com\/cs\/wp-json\/wp\/v2\/media\/96906"}],"wp:attachment":[{"href":"https:\/\/magnetarmagnets.com\/cs\/wp-json\/wp\/v2\/media?parent=97345"}],"wp:term":[{"taxonomy":"product_brand","embeddable":true,"href":"https:\/\/magnetarmagnets.com\/cs\/wp-json\/wp\/v2\/product_brand?post=97345"},{"taxonomy":"product_cat","embeddable":true,"href":"https:\/\/magnetarmagnets.com\/cs\/wp-json\/wp\/v2\/product_cat?post=97345"},{"taxonomy":"product_tag","embeddable":true,"href":"https:\/\/magnetarmagnets.com\/cs\/wp-json\/wp\/v2\/product_tag?post=97345"}],"curies":[{"name":"wp","href":"https:\/\/api.w.org\/{rel}","templated":true}]}}