{"id":83326,"date":"2025-07-28T10:09:16","date_gmt":"2025-07-28T08:09:16","guid":{"rendered":"https:\/\/magnetarmagnets.com\/shop\/vyhrivana-vesta\/"},"modified":"2025-10-29T09:25:41","modified_gmt":"2025-10-29T08:25:41","slug":"vyhrivana-vesta","status":"publish","type":"product","link":"https:\/\/magnetarmagnets.com\/cs\/shop\/vyhrivana-vesta\/","title":{"rendered":"Vyh\u0159\u00edvan\u00e1 vesta"},"content":{"rendered":"B\u011bhem podzimu a zimy v\u00e1s \u010dek\u00e1 mnoho chladn\u00fdch a nep\u0159\u00edzniv\u00fdch dn\u016f. Chcete v tomto obdob\u00ed odol\u00e1vat chladu? S vyh\u0159\u00edvanou vestou Lava od Magnetar Heat to m\u016f\u017eete. Oble\u010den\u00ed Magnetar Heat udr\u017euje va\u0161e t\u011blo p\u0159\u00edjemn\u011b v teple. Bu\u010fte ohromeni t\u0159emi vyh\u0159\u00edvac\u00edmi z\u00f3nami, silnou bateri\u00ed a vynikaj\u00edc\u00ed kvalitou.\n\n<h2>T\u0159i vyh\u0159\u00edvac\u00ed z\u00f3ny a nastaven\u00ed teploty<\/h2>\n\nVyh\u0159\u00edvan\u00e1 vesta Lava je vybavena t\u0159emi vyh\u0159\u00edvac\u00edmi z\u00f3nami. Dv\u011b jsou vp\u0159edu a jedna vzadu, co\u017e zaji\u0161\u0165uje, \u017ee cel\u00fd v\u00e1\u0161 trup z\u016fstane p\u0159\u00edjemn\u011b tepl\u00fd. Z\u00f3ny lze nastavit na t\u0159i r\u016fzn\u00e9 teploty: 40 \u00b0C, 50 \u00b0C a 60 \u00b0C.\n\n\n\nNastaven\u00ed teploty je p\u0159ekvapiv\u011b jednoduch\u00e9. Prov\u00e1d\u00ed se pomoc\u00ed tla\u010d\u00edtka na p\u0159edn\u00ed stran\u011b vesty. Jedno stisknut\u00ed aktivuje vyh\u0159\u00edv\u00e1n\u00ed a ka\u017ed\u00e9 dal\u0161\u00ed stisknut\u00ed zv\u00fd\u0161\u00ed teplotu o jednu \u00farove\u0148. Pokud v\u00e1m bude p\u0159\u00edli\u0161 teplo, m\u016f\u017eete vestu snadno vypnout.\n\n<h2>Dlouhotrvaj\u00edc\u00ed teplo d\u00edky siln\u00e9 baterii<\/h2>\n\nU\u017eijte si vyh\u0159\u00edvan\u00e9 t\u011blo po cel\u00fd den s Magnetar Heat. V\u00fdkonn\u00e1 baterie poskytuje teplo a\u017e na impozantn\u00edch 10 hodin. P\u0159esn\u00e1 doba z\u00e1vis\u00ed na nastaven\u00ed teploty. Zde je p\u0159ehled v\u00fddr\u017ee baterie podle nastaven\u00ed teploty:\n\n<ul>\n\n \t<li>40 \u00b0C: 10 hodin<\/li>\n\n \t<li>50 \u00b0C: 8 hodin<\/li>\n\n \t<li>60 \u00b0C: 6 hodin<\/li>\n\n<\/ul>\n\nBaterie\/powerbank (6700 mAh) je dod\u00e1v\u00e1na s nab\u00edje\u010dkou a je snadno vym\u011bniteln\u00e1. To znamen\u00e1, \u017ee teoreticky m\u016f\u017eete pou\u017e\u00edt v\u00edce bateri\u00ed a u\u017e\u00edvat si vyh\u0159\u00edvanou vestu Lava je\u0161t\u011b d\u00e9le. Nav\u00edc baterie disponuje USB a 4.0 DC v\u00fdstupem a USB-C vstupem.\n\n<h2>Odoln\u00e1 proti v\u011btru a vod\u011b<\/h2>\n\nV\u011btru a vod\u011b neodol\u00e1 vyh\u0159\u00edvan\u00e1 vesta. K v\u00fdrob\u011b je pou\u017eit kvalitn\u00ed nylon jak na vnit\u0159n\u00ed, tak na vn\u011bj\u0161\u00ed stran\u011b. Pou\u017eit\u00ed nylonu tak\u00e9 zaji\u0161\u0165uje, \u017ee tento od\u011bv z\u016fst\u00e1v\u00e1 lehk\u00fd a p\u016fsob\u00ed jako b\u011b\u017en\u00e1 vysoce kvalitn\u00ed vesta.\n\n<h2>Vhodn\u00e1 do pra\u010dky<\/h2>\n\nPo dni str\u00e1ven\u00e9m venku, pokud pot\u0159ebujete vestu vy\u010distit, m\u016f\u017eete! Klidn\u011b ji vlo\u017ete do pra\u010dky. Upozor\u0148ujeme v\u0161ak, \u017ee baterii je t\u0159eba p\u0159edem vyjmout!","protected":false},"excerpt":{"rendered":"<p>Tato <strong>vyh\u0159\u00edvan\u00e1<\/strong> <strong>vesta<\/strong> udr\u017euje va\u0161e t\u011blo na spr\u00e1vn\u00e9 teplot\u011b d\u00edky <strong>t\u0159em vyh\u0159\u00edvac\u00edm z\u00f3n\u00e1m<\/strong>, <strong>v\u00fdkonn\u00e9 baterii<\/strong> a <strong>t\u0159em nastaven\u00edm teploty<\/strong>.<\/p>\n","protected":false},"featured_media":81019,"comment_status":"open","ping_status":"closed","template":"","meta":{"_acf_changed":false,"inline_featured_image":false},"product_brand":[],"product_cat":[563,566],"product_tag":[],"class_list":{"0":"post-83326","1":"product","2":"type-product","3":"status-publish","4":"has-post-thumbnail","6":"product_cat-vybaveni","7":"product_cat-vyhrivane-obleceni","9":"first","10":"instock","11":"sale","12":"taxable","13":"shipping-taxable","14":"purchasable","15":"product-type-variable"},"acf":[],"yoast_head":"<!-- This site is optimized with the Yoast SEO plugin v27.3 - https:\/\/yoast.com\/product\/yoast-seo-wordpress\/ -->\n<title>Vyh\u0159\u00edvan\u00e1 vesta - Magnet fishing with a Magnetar fishing magnet<\/title>\n<meta name=\"description\" content=\"Vyh\u0159\u00edvan\u00e1 vesta - z\u016fsta\u0148te v teple b\u011bhem magnet fishing\" \/>\n<meta name=\"robots\" content=\"index, follow, max-snippet:-1, max-image-preview:large, max-video-preview:-1\" \/>\n<link rel=\"canonical\" href=\"https:\/\/magnetarmagnets.com\/cs\/shop\/vyhrivana-vesta\/\" \/>\n<meta property=\"og:locale\" content=\"cs_CZ\" \/>\n<meta property=\"og:type\" content=\"article\" \/>\n<meta property=\"og:title\" content=\"Vyh\u0159\u00edvan\u00e1 vesta - Magnet fishing with a Magnetar fishing magnet\" \/>\n<meta property=\"og:description\" content=\"Vyh\u0159\u00edvan\u00e1 vesta - z\u016fsta\u0148te v teple b\u011bhem magnet fishing\" \/>\n<meta property=\"og:url\" content=\"https:\/\/magnetarmagnets.com\/cs\/shop\/vyhrivana-vesta\/\" \/>\n<meta property=\"og:site_name\" content=\"Magnet fishing with a Magnetar fishing magnet\" \/>\n<meta property=\"article:publisher\" content=\"https:\/\/www.facebook.com\/fishingmagnets\/\" \/>\n<meta property=\"article:modified_time\" content=\"2025-10-29T08:25:41+00:00\" \/>\n<meta property=\"og:image\" content=\"https:\/\/magnetarmagnets.com\/wp-content\/uploads\/2023\/09\/1-1.jpg\" \/>\n\t<meta property=\"og:image:width\" content=\"1500\" \/>\n\t<meta property=\"og:image:height\" content=\"1500\" \/>\n\t<meta property=\"og:image:type\" content=\"image\/jpeg\" \/>\n<meta name=\"twitter:card\" content=\"summary_large_image\" \/>\n<meta name=\"twitter:label1\" content=\"Odhadovan\u00e1 doba \u010dten\u00ed\" \/>\n\t<meta name=\"twitter:data1\" content=\"2 minuty\" \/>\n<script type=\"application\/ld+json\" class=\"yoast-schema-graph\">{\"@context\":\"https:\\\/\\\/schema.org\",\"@graph\":[{\"@type\":[\"WebPage\",\"ItemPage\"],\"@id\":\"https:\\\/\\\/magnetarmagnets.com\\\/cs\\\/shop\\\/vyhrivana-vesta\\\/\",\"url\":\"https:\\\/\\\/magnetarmagnets.com\\\/cs\\\/shop\\\/vyhrivana-vesta\\\/\",\"name\":\"Vyh\u0159\u00edvan\u00e1 vesta - Magnet fishing with a Magnetar fishing magnet\",\"isPartOf\":{\"@id\":\"https:\\\/\\\/magnetarmagnets.com\\\/cs\\\/#website\"},\"primaryImageOfPage\":{\"@id\":\"https:\\\/\\\/magnetarmagnets.com\\\/cs\\\/shop\\\/vyhrivana-vesta\\\/#primaryimage\"},\"image\":{\"@id\":\"https:\\\/\\\/magnetarmagnets.com\\\/cs\\\/shop\\\/vyhrivana-vesta\\\/#primaryimage\"},\"thumbnailUrl\":\"https:\\\/\\\/magnetarmagnets.com\\\/wp-content\\\/uploads\\\/2023\\\/09\\\/1-1.jpg\",\"datePublished\":\"2025-07-28T08:09:16+00:00\",\"dateModified\":\"2025-10-29T08:25:41+00:00\",\"description\":\"Vyh\u0159\u00edvan\u00e1 vesta - z\u016fsta\u0148te v teple b\u011bhem magnet fishing\",\"breadcrumb\":{\"@id\":\"https:\\\/\\\/magnetarmagnets.com\\\/cs\\\/shop\\\/vyhrivana-vesta\\\/#breadcrumb\"},\"inLanguage\":\"cs\",\"potentialAction\":[{\"@type\":\"ReadAction\",\"target\":[\"https:\\\/\\\/magnetarmagnets.com\\\/cs\\\/shop\\\/vyhrivana-vesta\\\/\"]}]},{\"@type\":\"ImageObject\",\"inLanguage\":\"cs\",\"@id\":\"https:\\\/\\\/magnetarmagnets.com\\\/cs\\\/shop\\\/vyhrivana-vesta\\\/#primaryimage\",\"url\":\"https:\\\/\\\/magnetarmagnets.com\\\/wp-content\\\/uploads\\\/2023\\\/09\\\/1-1.jpg\",\"contentUrl\":\"https:\\\/\\\/magnetarmagnets.com\\\/wp-content\\\/uploads\\\/2023\\\/09\\\/1-1.jpg\",\"width\":1500,\"height\":1500,\"caption\":\"LAVA Heated Bodywarmer Magnetar Heat Front\"},{\"@type\":\"BreadcrumbList\",\"@id\":\"https:\\\/\\\/magnetarmagnets.com\\\/cs\\\/shop\\\/vyhrivana-vesta\\\/#breadcrumb\",\"itemListElement\":[{\"@type\":\"ListItem\",\"position\":1,\"name\":\"Home\",\"item\":\"https:\\\/\\\/magnetarmagnets.com\\\/cs\\\/\"},{\"@type\":\"ListItem\",\"position\":2,\"name\":\"Obchod\",\"item\":\"https:\\\/\\\/magnetarmagnets.com\\\/obchod\\\/\"},{\"@type\":\"ListItem\",\"position\":3,\"name\":\"Vybaven\u00ed\",\"item\":\"https:\\\/\\\/magnetarmagnets.com\\\/cs\\\/collections\\\/vybaveni\\\/\"},{\"@type\":\"ListItem\",\"position\":4,\"name\":\"Vyh\u0159\u00edvan\u00e9 oble\u010den\u00ed\",\"item\":\"https:\\\/\\\/magnetarmagnets.com\\\/cs\\\/collections\\\/vybaveni\\\/vyhrivane-obleceni\\\/\"},{\"@type\":\"ListItem\",\"position\":5,\"name\":\"Vyh\u0159\u00edvan\u00e1 vesta\"}]},{\"@type\":\"WebSite\",\"@id\":\"https:\\\/\\\/magnetarmagnets.com\\\/cs\\\/#website\",\"url\":\"https:\\\/\\\/magnetarmagnets.com\\\/cs\\\/\",\"name\":\"Magnet fishing with a Magnetar fishing magnet\",\"description\":\"Siln\u00e9 magnety na magnet fishing\",\"publisher\":{\"@id\":\"https:\\\/\\\/magnetarmagnets.com\\\/cs\\\/#organization\"},\"potentialAction\":[{\"@type\":\"SearchAction\",\"target\":{\"@type\":\"EntryPoint\",\"urlTemplate\":\"https:\\\/\\\/magnetarmagnets.com\\\/cs\\\/?s={search_term_string}\"},\"query-input\":{\"@type\":\"PropertyValueSpecification\",\"valueRequired\":true,\"valueName\":\"search_term_string\"}}],\"inLanguage\":\"cs\"},{\"@type\":\"Organization\",\"@id\":\"https:\\\/\\\/magnetarmagnets.com\\\/cs\\\/#organization\",\"name\":\"Magnetar\",\"url\":\"https:\\\/\\\/magnetarmagnets.com\\\/cs\\\/\",\"logo\":{\"@type\":\"ImageObject\",\"inLanguage\":\"cs\",\"@id\":\"https:\\\/\\\/magnetarmagnets.com\\\/cs\\\/#\\\/schema\\\/logo\\\/image\\\/\",\"url\":\"https:\\\/\\\/magnetarmagnets.com\\\/wp-content\\\/uploads\\\/2025\\\/05\\\/Logo-03_PNG-Black-scaled.png\",\"contentUrl\":\"https:\\\/\\\/magnetarmagnets.com\\\/wp-content\\\/uploads\\\/2025\\\/05\\\/Logo-03_PNG-Black-scaled.png\",\"width\":2560,\"height\":1658,\"caption\":\"Magnetar\"},\"image\":{\"@id\":\"https:\\\/\\\/magnetarmagnets.com\\\/cs\\\/#\\\/schema\\\/logo\\\/image\\\/\"},\"sameAs\":[\"https:\\\/\\\/www.facebook.com\\\/fishingmagnets\\\/\",\"https:\\\/\\\/www.instagram.com\\\/magnetar_magnets\\\/\",\"https:\\\/\\\/www.linkedin.com\\\/company\\\/magnetarbv\\\/?originalSubdomain=nl\",\"https:\\\/\\\/www.youtube.com\\\/c\\\/MagnetarVismagneet\"]}]}<\/script>\n<!-- \/ Yoast SEO plugin. -->","yoast_head_json":{"title":"Vyh\u0159\u00edvan\u00e1 vesta - Magnet fishing with a Magnetar fishing magnet","description":"Vyh\u0159\u00edvan\u00e1 vesta - z\u016fsta\u0148te v teple b\u011bhem magnet fishing","robots":{"index":"index","follow":"follow","max-snippet":"max-snippet:-1","max-image-preview":"max-image-preview:large","max-video-preview":"max-video-preview:-1"},"canonical":"https:\/\/magnetarmagnets.com\/cs\/shop\/vyhrivana-vesta\/","og_locale":"cs_CZ","og_type":"article","og_title":"Vyh\u0159\u00edvan\u00e1 vesta - Magnet fishing with a Magnetar fishing magnet","og_description":"Vyh\u0159\u00edvan\u00e1 vesta - z\u016fsta\u0148te v teple b\u011bhem magnet fishing","og_url":"https:\/\/magnetarmagnets.com\/cs\/shop\/vyhrivana-vesta\/","og_site_name":"Magnet fishing with a Magnetar fishing magnet","article_publisher":"https:\/\/www.facebook.com\/fishingmagnets\/","article_modified_time":"2025-10-29T08:25:41+00:00","og_image":[{"width":1500,"height":1500,"url":"https:\/\/magnetarmagnets.com\/wp-content\/uploads\/2023\/09\/1-1.jpg","type":"image\/jpeg"}],"twitter_card":"summary_large_image","twitter_misc":{"Odhadovan\u00e1 doba \u010dten\u00ed":"2 minuty"},"schema":{"@context":"https:\/\/schema.org","@graph":[{"@type":["WebPage","ItemPage"],"@id":"https:\/\/magnetarmagnets.com\/cs\/shop\/vyhrivana-vesta\/","url":"https:\/\/magnetarmagnets.com\/cs\/shop\/vyhrivana-vesta\/","name":"Vyh\u0159\u00edvan\u00e1 vesta - Magnet fishing with a Magnetar fishing magnet","isPartOf":{"@id":"https:\/\/magnetarmagnets.com\/cs\/#website"},"primaryImageOfPage":{"@id":"https:\/\/magnetarmagnets.com\/cs\/shop\/vyhrivana-vesta\/#primaryimage"},"image":{"@id":"https:\/\/magnetarmagnets.com\/cs\/shop\/vyhrivana-vesta\/#primaryimage"},"thumbnailUrl":"https:\/\/magnetarmagnets.com\/wp-content\/uploads\/2023\/09\/1-1.jpg","datePublished":"2025-07-28T08:09:16+00:00","dateModified":"2025-10-29T08:25:41+00:00","description":"Vyh\u0159\u00edvan\u00e1 vesta - z\u016fsta\u0148te v teple b\u011bhem magnet fishing","breadcrumb":{"@id":"https:\/\/magnetarmagnets.com\/cs\/shop\/vyhrivana-vesta\/#breadcrumb"},"inLanguage":"cs","potentialAction":[{"@type":"ReadAction","target":["https:\/\/magnetarmagnets.com\/cs\/shop\/vyhrivana-vesta\/"]}]},{"@type":"ImageObject","inLanguage":"cs","@id":"https:\/\/magnetarmagnets.com\/cs\/shop\/vyhrivana-vesta\/#primaryimage","url":"https:\/\/magnetarmagnets.com\/wp-content\/uploads\/2023\/09\/1-1.jpg","contentUrl":"https:\/\/magnetarmagnets.com\/wp-content\/uploads\/2023\/09\/1-1.jpg","width":1500,"height":1500,"caption":"LAVA Heated Bodywarmer Magnetar Heat Front"},{"@type":"BreadcrumbList","@id":"https:\/\/magnetarmagnets.com\/cs\/shop\/vyhrivana-vesta\/#breadcrumb","itemListElement":[{"@type":"ListItem","position":1,"name":"Home","item":"https:\/\/magnetarmagnets.com\/cs\/"},{"@type":"ListItem","position":2,"name":"Obchod","item":"https:\/\/magnetarmagnets.com\/obchod\/"},{"@type":"ListItem","position":3,"name":"Vybaven\u00ed","item":"https:\/\/magnetarmagnets.com\/cs\/collections\/vybaveni\/"},{"@type":"ListItem","position":4,"name":"Vyh\u0159\u00edvan\u00e9 oble\u010den\u00ed","item":"https:\/\/magnetarmagnets.com\/cs\/collections\/vybaveni\/vyhrivane-obleceni\/"},{"@type":"ListItem","position":5,"name":"Vyh\u0159\u00edvan\u00e1 vesta"}]},{"@type":"WebSite","@id":"https:\/\/magnetarmagnets.com\/cs\/#website","url":"https:\/\/magnetarmagnets.com\/cs\/","name":"Magnet fishing with a Magnetar fishing magnet","description":"Siln\u00e9 magnety na magnet fishing","publisher":{"@id":"https:\/\/magnetarmagnets.com\/cs\/#organization"},"potentialAction":[{"@type":"SearchAction","target":{"@type":"EntryPoint","urlTemplate":"https:\/\/magnetarmagnets.com\/cs\/?s={search_term_string}"},"query-input":{"@type":"PropertyValueSpecification","valueRequired":true,"valueName":"search_term_string"}}],"inLanguage":"cs"},{"@type":"Organization","@id":"https:\/\/magnetarmagnets.com\/cs\/#organization","name":"Magnetar","url":"https:\/\/magnetarmagnets.com\/cs\/","logo":{"@type":"ImageObject","inLanguage":"cs","@id":"https:\/\/magnetarmagnets.com\/cs\/#\/schema\/logo\/image\/","url":"https:\/\/magnetarmagnets.com\/wp-content\/uploads\/2025\/05\/Logo-03_PNG-Black-scaled.png","contentUrl":"https:\/\/magnetarmagnets.com\/wp-content\/uploads\/2025\/05\/Logo-03_PNG-Black-scaled.png","width":2560,"height":1658,"caption":"Magnetar"},"image":{"@id":"https:\/\/magnetarmagnets.com\/cs\/#\/schema\/logo\/image\/"},"sameAs":["https:\/\/www.facebook.com\/fishingmagnets\/","https:\/\/www.instagram.com\/magnetar_magnets\/","https:\/\/www.linkedin.com\/company\/magnetarbv\/?originalSubdomain=nl","https:\/\/www.youtube.com\/c\/MagnetarVismagneet"]}]}},"_links":{"self":[{"href":"https:\/\/magnetarmagnets.com\/cs\/wp-json\/wp\/v2\/product\/83326","targetHints":{"allow":["GET"]}}],"collection":[{"href":"https:\/\/magnetarmagnets.com\/cs\/wp-json\/wp\/v2\/product"}],"about":[{"href":"https:\/\/magnetarmagnets.com\/cs\/wp-json\/wp\/v2\/types\/product"}],"replies":[{"embeddable":true,"href":"https:\/\/magnetarmagnets.com\/cs\/wp-json\/wp\/v2\/comments?post=83326"}],"version-history":[{"count":0,"href":"https:\/\/magnetarmagnets.com\/cs\/wp-json\/wp\/v2\/product\/83326\/revisions"}],"wp:featuredmedia":[{"embeddable":true,"href":"https:\/\/magnetarmagnets.com\/cs\/wp-json\/wp\/v2\/media\/81019"}],"wp:attachment":[{"href":"https:\/\/magnetarmagnets.com\/cs\/wp-json\/wp\/v2\/media?parent=83326"}],"wp:term":[{"taxonomy":"product_brand","embeddable":true,"href":"https:\/\/magnetarmagnets.com\/cs\/wp-json\/wp\/v2\/product_brand?post=83326"},{"taxonomy":"product_cat","embeddable":true,"href":"https:\/\/magnetarmagnets.com\/cs\/wp-json\/wp\/v2\/product_cat?post=83326"},{"taxonomy":"product_tag","embeddable":true,"href":"https:\/\/magnetarmagnets.com\/cs\/wp-json\/wp\/v2\/product_tag?post=83326"}],"curies":[{"name":"wp","href":"https:\/\/api.w.org\/{rel}","templated":true}]}}