{"id":83317,"date":"2025-06-05T09:53:03","date_gmt":"2025-06-05T07:53:03","guid":{"rendered":"https:\/\/magnetarmagnets.com\/?post_type=product&#038;p=83317"},"modified":"2026-04-04T07:24:44","modified_gmt":"2026-04-04T05:24:44","slug":"magneticky-rybarsky-prut-2-metry","status":"publish","type":"product","link":"https:\/\/magnetarmagnets.com\/cs\/shop\/magneticky-rybarsky-prut-2-metry\/","title":{"rendered":"Magnetick\u00fd ryb\u00e1\u0159sk\u00fd prut &#8211; 2 metry"},"content":{"rendered":"S magnetick\u00fdm ryb\u00e1\u0159sk\u00fdm hrotem \u201eLange Jan\u201c m\u016f\u017eete zvedat p\u0159edm\u011bty, kter\u00e9 va\u0161e \u0161\u0148\u016fra nezvl\u00e1dne. Magnetick\u00fd ryb\u00e1\u0159sk\u00fd hrot lze rozlo\u017eit, tak\u017ee jej m\u016f\u017eete snadno p\u0159epravovat (i ve vozidle).\n\n\n\n<strong>Magnetick\u00fd ryb\u00e1\u0159sk\u00fd hrot \u201eLange Jan\u201c<\/strong>\n\n\n\nMagnetick\u00fd ryb\u00e1\u0159sk\u00fd hrot \u201eLange Jan\u201c je ide\u00e1ln\u00ed n\u00e1stroj pro dosa\u017een\u00ed hloub\u011bji ulo\u017een\u00fdch p\u0159edm\u011bt\u016f. Star\u00e9 p\u0159edm\u011bty, jako jsou kan\u00f3nov\u00e9 koule a vybaven\u00ed z druh\u00e9 sv\u011btov\u00e9 v\u00e1lky, mohly b\u00fdt \u010dasem pono\u0159eny nebo zakryty list\u00edm a v\u011btvemi. S magnetick\u00fdm ryb\u00e1\u0159sk\u00fdm hrotem zvednete p\u0159edm\u011bty tam, kde by je \u0161\u0148\u016fra nechala.\n\n\n\n<strong>Pro koho je magnetick\u00fd hrot Lange Jan vhodn\u00fd?<\/strong>\n\n\n\nMagnetick\u00fd hrot Lange Jan je ur\u010den pro lidi, kte\u0159\u00ed cht\u011bj\u00ed j\u00edt do vody nebo cht\u011bj\u00ed bodat z b\u0159ehu. Bod\u00e1n\u00edm m\u016f\u017eete dos\u00e1hnout na hloub\u011bji ulo\u017een\u00e9 p\u0159edm\u011bty. Tyto p\u0159edm\u011bty jsou \u010dasto ve v\u00fdborn\u00e9m stavu, proto\u017ee m\u011bly men\u0161\u00ed kontakt s kysl\u00edkem. Pro tento magnetick\u00fd hrot nemus\u00edte b\u00fdt zku\u0161en\u00fd ryb\u00e1\u0159, je vhodn\u00fd pro ka\u017ed\u00e9ho.\n\n\n\nNezapome\u0148te se pod\u00edvat na <a href=\"https:\/\/magnetarmagnets.com\/\" target=\"_blank\" rel=\"noopener\">nejlep\u0161\u00ed magnety na ryba\u0159en\u00ed<\/a> nebo na <a href=\"https:\/\/magnetarmagnets.com\/collections\/fishing-magnets\/magnet-fishing-kit\/\" target=\"_blank\" rel=\"noopener\">nejlep\u0161\u00ed sady pro magnetick\u00e9 ryba\u0159en\u00ed<\/a>.","protected":false},"excerpt":{"rendered":"<p>S Magnetar\u00ae <strong>magnetick\u00fdm ryb\u00e1\u0159sk\u00fdm prutem<\/strong> zam\u00ed\u0159\u00edte sv\u016fj magnet s <strong>p\u0159esnost\u00ed<\/strong> na hluboko ulo\u017een\u00e9 poklady!<\/p>\n","protected":false},"featured_media":78679,"comment_status":"open","ping_status":"closed","template":"","meta":{"_acf_changed":false,"inline_featured_image":false},"product_brand":[],"product_cat":[610,609],"product_tag":[],"class_list":{"0":"post-83317","1":"product","2":"type-product","3":"status-publish","4":"has-post-thumbnail","6":"product_cat-magnetfiskeutstyr","7":"product_cat-utstyr","9":"first","10":"instock","11":"sale","12":"taxable","13":"shipping-taxable","14":"purchasable","15":"product-type-simple"},"acf":[],"yoast_head":"<!-- This site is optimized with the Yoast SEO plugin v27.3 - https:\/\/yoast.com\/product\/yoast-seo-wordpress\/ -->\n<title>Magnetick\u00fd ryb\u00e1\u0159sk\u00fd prut - 2 metry - Magnet fishing with a Magnetar fishing magnet<\/title>\n<meta name=\"description\" content=\"S magnetick\u00fdm ryb\u00e1\u0159sk\u00fdm prutem \u201eLange Jan\u201c m\u016f\u017eete zvedat p\u0159edm\u011bty, kter\u00e9 va\u0161e lano nezvl\u00e1dne. Ryb\u00e1\u0159sk\u00fd prut lze rozlo\u017eit.\" \/>\n<meta name=\"robots\" content=\"index, follow, max-snippet:-1, max-image-preview:large, max-video-preview:-1\" \/>\n<link rel=\"canonical\" href=\"https:\/\/magnetarmagnets.com\/cs\/shop\/magneticky-rybarsky-prut-2-metry\/\" \/>\n<meta property=\"og:locale\" content=\"cs_CZ\" \/>\n<meta property=\"og:type\" content=\"article\" \/>\n<meta property=\"og:title\" content=\"Magnetick\u00fd ryb\u00e1\u0159sk\u00fd prut - 2 metry - Magnet fishing with a Magnetar fishing magnet\" \/>\n<meta property=\"og:description\" content=\"S magnetick\u00fdm ryb\u00e1\u0159sk\u00fdm prutem \u201eLange Jan\u201c m\u016f\u017eete zvedat p\u0159edm\u011bty, kter\u00e9 va\u0161e lano nezvl\u00e1dne. Ryb\u00e1\u0159sk\u00fd prut lze rozlo\u017eit.\" \/>\n<meta property=\"og:url\" content=\"https:\/\/magnetarmagnets.com\/cs\/shop\/magneticky-rybarsky-prut-2-metry\/\" \/>\n<meta property=\"og:site_name\" content=\"Magnet fishing with a Magnetar fishing magnet\" \/>\n<meta property=\"article:publisher\" content=\"https:\/\/www.facebook.com\/fishingmagnets\/\" \/>\n<meta property=\"article:modified_time\" content=\"2026-04-04T05:24:44+00:00\" \/>\n<meta property=\"og:image\" content=\"https:\/\/magnetarmagnets.com\/wp-content\/uploads\/2020\/12\/P1001679.jpg\" \/>\n\t<meta property=\"og:image:width\" content=\"1000\" \/>\n\t<meta property=\"og:image:height\" content=\"1000\" \/>\n\t<meta property=\"og:image:type\" content=\"image\/jpeg\" \/>\n<meta name=\"twitter:card\" content=\"summary_large_image\" \/>\n<meta name=\"twitter:label1\" content=\"Odhadovan\u00e1 doba \u010dten\u00ed\" \/>\n\t<meta name=\"twitter:data1\" content=\"1 minuta\" \/>\n<script type=\"application\/ld+json\" class=\"yoast-schema-graph\">{\"@context\":\"https:\\\/\\\/schema.org\",\"@graph\":[{\"@type\":[\"WebPage\",\"ItemPage\"],\"@id\":\"https:\\\/\\\/magnetarmagnets.com\\\/cs\\\/shop\\\/magneticky-rybarsky-prut-2-metry\\\/\",\"url\":\"https:\\\/\\\/magnetarmagnets.com\\\/cs\\\/shop\\\/magneticky-rybarsky-prut-2-metry\\\/\",\"name\":\"Magnetick\u00fd ryb\u00e1\u0159sk\u00fd prut - 2 metry - Magnet fishing with a Magnetar fishing magnet\",\"isPartOf\":{\"@id\":\"https:\\\/\\\/magnetarmagnets.com\\\/cs\\\/#website\"},\"primaryImageOfPage\":{\"@id\":\"https:\\\/\\\/magnetarmagnets.com\\\/cs\\\/shop\\\/magneticky-rybarsky-prut-2-metry\\\/#primaryimage\"},\"image\":{\"@id\":\"https:\\\/\\\/magnetarmagnets.com\\\/cs\\\/shop\\\/magneticky-rybarsky-prut-2-metry\\\/#primaryimage\"},\"thumbnailUrl\":\"https:\\\/\\\/magnetarmagnets.com\\\/wp-content\\\/uploads\\\/2020\\\/12\\\/P1001679.jpg\",\"datePublished\":\"2025-06-05T07:53:03+00:00\",\"dateModified\":\"2026-04-04T05:24:44+00:00\",\"description\":\"S magnetick\u00fdm ryb\u00e1\u0159sk\u00fdm prutem \u201eLange Jan\u201c m\u016f\u017eete zvedat p\u0159edm\u011bty, kter\u00e9 va\u0161e lano nezvl\u00e1dne. Ryb\u00e1\u0159sk\u00fd prut lze rozlo\u017eit.\",\"breadcrumb\":{\"@id\":\"https:\\\/\\\/magnetarmagnets.com\\\/cs\\\/shop\\\/magneticky-rybarsky-prut-2-metry\\\/#breadcrumb\"},\"inLanguage\":\"cs\",\"potentialAction\":[{\"@type\":\"ReadAction\",\"target\":[\"https:\\\/\\\/magnetarmagnets.com\\\/cs\\\/shop\\\/magneticky-rybarsky-prut-2-metry\\\/\"]}]},{\"@type\":\"ImageObject\",\"inLanguage\":\"cs\",\"@id\":\"https:\\\/\\\/magnetarmagnets.com\\\/cs\\\/shop\\\/magneticky-rybarsky-prut-2-metry\\\/#primaryimage\",\"url\":\"https:\\\/\\\/magnetarmagnets.com\\\/wp-content\\\/uploads\\\/2020\\\/12\\\/P1001679.jpg\",\"contentUrl\":\"https:\\\/\\\/magnetarmagnets.com\\\/wp-content\\\/uploads\\\/2020\\\/12\\\/P1001679.jpg\",\"width\":1000,\"height\":1000,\"caption\":\"Magnetic Fishing Spike, The magnetic spike Lange Jan, magnetic prick stick,\"},{\"@type\":\"BreadcrumbList\",\"@id\":\"https:\\\/\\\/magnetarmagnets.com\\\/cs\\\/shop\\\/magneticky-rybarsky-prut-2-metry\\\/#breadcrumb\",\"itemListElement\":[{\"@type\":\"ListItem\",\"position\":1,\"name\":\"Home\",\"item\":\"https:\\\/\\\/magnetarmagnets.com\\\/cs\\\/\"},{\"@type\":\"ListItem\",\"position\":2,\"name\":\"Obchod\",\"item\":\"https:\\\/\\\/magnetarmagnets.com\\\/obchod\\\/\"},{\"@type\":\"ListItem\",\"position\":3,\"name\":\"Vybaven\u00ed\",\"item\":\"https:\\\/\\\/magnetarmagnets.com\\\/cs\\\/collections\\\/vybaveni\\\/\"},{\"@type\":\"ListItem\",\"position\":4,\"name\":\"Vybaven\u00ed pro magnet fishing\",\"item\":\"https:\\\/\\\/magnetarmagnets.com\\\/cs\\\/collections\\\/vybaveni\\\/vybaveni-pro-magnet-fishing\\\/\"},{\"@type\":\"ListItem\",\"position\":5,\"name\":\"Magnetick\u00fd ryb\u00e1\u0159sk\u00fd prut &#8211; 2 metry\"}]},{\"@type\":\"WebSite\",\"@id\":\"https:\\\/\\\/magnetarmagnets.com\\\/cs\\\/#website\",\"url\":\"https:\\\/\\\/magnetarmagnets.com\\\/cs\\\/\",\"name\":\"Magnet fishing with a Magnetar fishing magnet\",\"description\":\"Siln\u00e9 magnety na magnet fishing\",\"publisher\":{\"@id\":\"https:\\\/\\\/magnetarmagnets.com\\\/cs\\\/#organization\"},\"potentialAction\":[{\"@type\":\"SearchAction\",\"target\":{\"@type\":\"EntryPoint\",\"urlTemplate\":\"https:\\\/\\\/magnetarmagnets.com\\\/cs\\\/?s={search_term_string}\"},\"query-input\":{\"@type\":\"PropertyValueSpecification\",\"valueRequired\":true,\"valueName\":\"search_term_string\"}}],\"inLanguage\":\"cs\"},{\"@type\":\"Organization\",\"@id\":\"https:\\\/\\\/magnetarmagnets.com\\\/cs\\\/#organization\",\"name\":\"Magnetar\",\"url\":\"https:\\\/\\\/magnetarmagnets.com\\\/cs\\\/\",\"logo\":{\"@type\":\"ImageObject\",\"inLanguage\":\"cs\",\"@id\":\"https:\\\/\\\/magnetarmagnets.com\\\/cs\\\/#\\\/schema\\\/logo\\\/image\\\/\",\"url\":\"https:\\\/\\\/magnetarmagnets.com\\\/wp-content\\\/uploads\\\/2025\\\/05\\\/Logo-03_PNG-Black-scaled.png\",\"contentUrl\":\"https:\\\/\\\/magnetarmagnets.com\\\/wp-content\\\/uploads\\\/2025\\\/05\\\/Logo-03_PNG-Black-scaled.png\",\"width\":2560,\"height\":1658,\"caption\":\"Magnetar\"},\"image\":{\"@id\":\"https:\\\/\\\/magnetarmagnets.com\\\/cs\\\/#\\\/schema\\\/logo\\\/image\\\/\"},\"sameAs\":[\"https:\\\/\\\/www.facebook.com\\\/fishingmagnets\\\/\",\"https:\\\/\\\/www.instagram.com\\\/magnetar_magnets\\\/\",\"https:\\\/\\\/www.linkedin.com\\\/company\\\/magnetarbv\\\/?originalSubdomain=nl\",\"https:\\\/\\\/www.youtube.com\\\/c\\\/MagnetarVismagneet\"]}]}<\/script>\n<!-- \/ Yoast SEO plugin. -->","yoast_head_json":{"title":"Magnetick\u00fd ryb\u00e1\u0159sk\u00fd prut - 2 metry - Magnet fishing with a Magnetar fishing magnet","description":"S magnetick\u00fdm ryb\u00e1\u0159sk\u00fdm prutem \u201eLange Jan\u201c m\u016f\u017eete zvedat p\u0159edm\u011bty, kter\u00e9 va\u0161e lano nezvl\u00e1dne. Ryb\u00e1\u0159sk\u00fd prut lze rozlo\u017eit.","robots":{"index":"index","follow":"follow","max-snippet":"max-snippet:-1","max-image-preview":"max-image-preview:large","max-video-preview":"max-video-preview:-1"},"canonical":"https:\/\/magnetarmagnets.com\/cs\/shop\/magneticky-rybarsky-prut-2-metry\/","og_locale":"cs_CZ","og_type":"article","og_title":"Magnetick\u00fd ryb\u00e1\u0159sk\u00fd prut - 2 metry - Magnet fishing with a Magnetar fishing magnet","og_description":"S magnetick\u00fdm ryb\u00e1\u0159sk\u00fdm prutem \u201eLange Jan\u201c m\u016f\u017eete zvedat p\u0159edm\u011bty, kter\u00e9 va\u0161e lano nezvl\u00e1dne. Ryb\u00e1\u0159sk\u00fd prut lze rozlo\u017eit.","og_url":"https:\/\/magnetarmagnets.com\/cs\/shop\/magneticky-rybarsky-prut-2-metry\/","og_site_name":"Magnet fishing with a Magnetar fishing magnet","article_publisher":"https:\/\/www.facebook.com\/fishingmagnets\/","article_modified_time":"2026-04-04T05:24:44+00:00","og_image":[{"width":1000,"height":1000,"url":"https:\/\/magnetarmagnets.com\/wp-content\/uploads\/2020\/12\/P1001679.jpg","type":"image\/jpeg"}],"twitter_card":"summary_large_image","twitter_misc":{"Odhadovan\u00e1 doba \u010dten\u00ed":"1 minuta"},"schema":{"@context":"https:\/\/schema.org","@graph":[{"@type":["WebPage","ItemPage"],"@id":"https:\/\/magnetarmagnets.com\/cs\/shop\/magneticky-rybarsky-prut-2-metry\/","url":"https:\/\/magnetarmagnets.com\/cs\/shop\/magneticky-rybarsky-prut-2-metry\/","name":"Magnetick\u00fd ryb\u00e1\u0159sk\u00fd prut - 2 metry - Magnet fishing with a Magnetar fishing magnet","isPartOf":{"@id":"https:\/\/magnetarmagnets.com\/cs\/#website"},"primaryImageOfPage":{"@id":"https:\/\/magnetarmagnets.com\/cs\/shop\/magneticky-rybarsky-prut-2-metry\/#primaryimage"},"image":{"@id":"https:\/\/magnetarmagnets.com\/cs\/shop\/magneticky-rybarsky-prut-2-metry\/#primaryimage"},"thumbnailUrl":"https:\/\/magnetarmagnets.com\/wp-content\/uploads\/2020\/12\/P1001679.jpg","datePublished":"2025-06-05T07:53:03+00:00","dateModified":"2026-04-04T05:24:44+00:00","description":"S magnetick\u00fdm ryb\u00e1\u0159sk\u00fdm prutem \u201eLange Jan\u201c m\u016f\u017eete zvedat p\u0159edm\u011bty, kter\u00e9 va\u0161e lano nezvl\u00e1dne. Ryb\u00e1\u0159sk\u00fd prut lze rozlo\u017eit.","breadcrumb":{"@id":"https:\/\/magnetarmagnets.com\/cs\/shop\/magneticky-rybarsky-prut-2-metry\/#breadcrumb"},"inLanguage":"cs","potentialAction":[{"@type":"ReadAction","target":["https:\/\/magnetarmagnets.com\/cs\/shop\/magneticky-rybarsky-prut-2-metry\/"]}]},{"@type":"ImageObject","inLanguage":"cs","@id":"https:\/\/magnetarmagnets.com\/cs\/shop\/magneticky-rybarsky-prut-2-metry\/#primaryimage","url":"https:\/\/magnetarmagnets.com\/wp-content\/uploads\/2020\/12\/P1001679.jpg","contentUrl":"https:\/\/magnetarmagnets.com\/wp-content\/uploads\/2020\/12\/P1001679.jpg","width":1000,"height":1000,"caption":"Magnetic Fishing Spike, The magnetic spike Lange Jan, magnetic prick stick,"},{"@type":"BreadcrumbList","@id":"https:\/\/magnetarmagnets.com\/cs\/shop\/magneticky-rybarsky-prut-2-metry\/#breadcrumb","itemListElement":[{"@type":"ListItem","position":1,"name":"Home","item":"https:\/\/magnetarmagnets.com\/cs\/"},{"@type":"ListItem","position":2,"name":"Obchod","item":"https:\/\/magnetarmagnets.com\/obchod\/"},{"@type":"ListItem","position":3,"name":"Vybaven\u00ed","item":"https:\/\/magnetarmagnets.com\/cs\/collections\/vybaveni\/"},{"@type":"ListItem","position":4,"name":"Vybaven\u00ed pro magnet fishing","item":"https:\/\/magnetarmagnets.com\/cs\/collections\/vybaveni\/vybaveni-pro-magnet-fishing\/"},{"@type":"ListItem","position":5,"name":"Magnetick\u00fd ryb\u00e1\u0159sk\u00fd prut &#8211; 2 metry"}]},{"@type":"WebSite","@id":"https:\/\/magnetarmagnets.com\/cs\/#website","url":"https:\/\/magnetarmagnets.com\/cs\/","name":"Magnet fishing with a Magnetar fishing magnet","description":"Siln\u00e9 magnety na magnet fishing","publisher":{"@id":"https:\/\/magnetarmagnets.com\/cs\/#organization"},"potentialAction":[{"@type":"SearchAction","target":{"@type":"EntryPoint","urlTemplate":"https:\/\/magnetarmagnets.com\/cs\/?s={search_term_string}"},"query-input":{"@type":"PropertyValueSpecification","valueRequired":true,"valueName":"search_term_string"}}],"inLanguage":"cs"},{"@type":"Organization","@id":"https:\/\/magnetarmagnets.com\/cs\/#organization","name":"Magnetar","url":"https:\/\/magnetarmagnets.com\/cs\/","logo":{"@type":"ImageObject","inLanguage":"cs","@id":"https:\/\/magnetarmagnets.com\/cs\/#\/schema\/logo\/image\/","url":"https:\/\/magnetarmagnets.com\/wp-content\/uploads\/2025\/05\/Logo-03_PNG-Black-scaled.png","contentUrl":"https:\/\/magnetarmagnets.com\/wp-content\/uploads\/2025\/05\/Logo-03_PNG-Black-scaled.png","width":2560,"height":1658,"caption":"Magnetar"},"image":{"@id":"https:\/\/magnetarmagnets.com\/cs\/#\/schema\/logo\/image\/"},"sameAs":["https:\/\/www.facebook.com\/fishingmagnets\/","https:\/\/www.instagram.com\/magnetar_magnets\/","https:\/\/www.linkedin.com\/company\/magnetarbv\/?originalSubdomain=nl","https:\/\/www.youtube.com\/c\/MagnetarVismagneet"]}]}},"_links":{"self":[{"href":"https:\/\/magnetarmagnets.com\/cs\/wp-json\/wp\/v2\/product\/83317","targetHints":{"allow":["GET"]}}],"collection":[{"href":"https:\/\/magnetarmagnets.com\/cs\/wp-json\/wp\/v2\/product"}],"about":[{"href":"https:\/\/magnetarmagnets.com\/cs\/wp-json\/wp\/v2\/types\/product"}],"replies":[{"embeddable":true,"href":"https:\/\/magnetarmagnets.com\/cs\/wp-json\/wp\/v2\/comments?post=83317"}],"version-history":[{"count":0,"href":"https:\/\/magnetarmagnets.com\/cs\/wp-json\/wp\/v2\/product\/83317\/revisions"}],"wp:featuredmedia":[{"embeddable":true,"href":"https:\/\/magnetarmagnets.com\/cs\/wp-json\/wp\/v2\/media\/78679"}],"wp:attachment":[{"href":"https:\/\/magnetarmagnets.com\/cs\/wp-json\/wp\/v2\/media?parent=83317"}],"wp:term":[{"taxonomy":"product_brand","embeddable":true,"href":"https:\/\/magnetarmagnets.com\/cs\/wp-json\/wp\/v2\/product_brand?post=83317"},{"taxonomy":"product_cat","embeddable":true,"href":"https:\/\/magnetarmagnets.com\/cs\/wp-json\/wp\/v2\/product_cat?post=83317"},{"taxonomy":"product_tag","embeddable":true,"href":"https:\/\/magnetarmagnets.com\/cs\/wp-json\/wp\/v2\/product_tag?post=83317"}],"curies":[{"name":"wp","href":"https:\/\/api.w.org\/{rel}","templated":true}]}}