{"id":83313,"date":"2025-06-05T09:53:03","date_gmt":"2025-06-05T07:53:03","guid":{"rendered":"https:\/\/magnetarmagnets.com\/?post_type=product&#038;p=83313"},"modified":"2026-04-18T00:42:29","modified_gmt":"2026-04-17T22:42:29","slug":"megacube-sada-2700-kg-360-blokovy-magnet","status":"publish","type":"product","link":"https:\/\/magnetarmagnets.com\/cs\/shop\/megacube-sada-2700-kg-360-blokovy-magnet\/","title":{"rendered":"MEGACUBE \u2122 sada &#8211; 2700 kg &#8211; 360\u00b0 blokov\u00fd magnet"},"content":{"rendered":"MEGACUBE \u2122 je nejsiln\u011bj\u0161\u00ed <strong>magnet pro magnet fishing<\/strong> na sv\u011bt\u011b! S 6 x 1000 lb \/ 450 kg magnetick\u00fdch kontaktn\u00edch ploch m\u00e1te <strong>nejlep\u0161\u00ed \u0161ance na \u00falovek<\/strong>. N\u00e1\u0161 kubick\u00fd ryb\u00e1\u0159sk\u00fd magnet je nejlep\u0161\u00ed volbou pro profesion\u00e1ln\u00ed magnet fishing.\n\n<h2>Pro\u010d zvolit MEGACUBE \u2122?<\/h2>\n\nExistuje mnoho siln\u00fdch magnet fishing magnet\u016f. Pro\u010d tedy zvolit MEGACUBE \u2122 od Magnetar m\u00edsto <a href=\"https:\/\/magnetarmagnets.com\/collections\/fishing-magnets\/single-sided-classic\/\">jednostrann\u00e9ho<\/a>, <a href=\"https:\/\/magnetarmagnets.com\/double-sided-fishing-magnet\/\">oboustrann\u00e9ho<\/a> nebo <a href=\"https:\/\/magnetarmagnets.com\/collections\/fishing-magnets\/allround-magnets-360\/\">v\u0161estrann\u00e9ho<\/a> magnet fishing magnetu?\n\n<ul>\n\n  \t<li><strong>V\u011bt\u0161\u00ed \u0161ance na \u00falovek<\/strong>: MEGACUBE \u2122 je magnetick\u00fd na \u0161esti stran\u00e1ch. To je v\u00edce ne\u017e u v\u0161estrann\u00e9ho magnetu a vytv\u00e1\u0159\u00ed v\u00fdrazn\u011b v\u011bt\u0161\u00ed magnetick\u00e9 pole;<\/li>\n\n  \t<li><strong>Design<\/strong>: \u0161est rovn\u00fdch ploch poskytuje lep\u0161\u00ed \u00fachop ne\u017e kulat\u00e9 magnety. To zvy\u0161uje \u0161anci na vyta\u017een\u00ed p\u0159edm\u011bt\u016f jako jsou sejfy z vody;<\/li>\n\n  \t<li><strong>Nenahraditeln\u00fd<\/strong>: na rozd\u00edl od jin\u00fdch neodymov\u00fdch magnet fishing magnet\u016f je tento blokov\u00fd magnet 100% chr\u00e1n\u011bn\u00fd. Nav\u00edc si tento magnet fishing magnet zachov\u00e1v\u00e1 100% sv\u00e9 s\u00edly;<\/li>\n\n  \t<li><strong>V\u011bt\u0161\u00ed dosah p\u0159ita\u017elivosti<\/strong>: Dosah p\u0159ita\u017elivosti je impozantn\u00edch 22,5 cm, co\u017e je v\u00fdrazn\u011b v\u00edce ne\u017e u jin\u00fdch magnet fishing magnet\u016f;<\/li>\n\n  \t<li><strong>P\u0159ipraven k akci<\/strong>: pln\u011b sestaven\u00fd, slepen\u00fd a zabezpe\u010den\u00fd. MEGACUBE \u2122 je ihned p\u0159ipraven k pou\u017eit\u00ed;<\/li>\n\n  \t<li><strong>Kompletn\u00ed<\/strong>: MEGACUBE \u2122 p\u0159ich\u00e1z\u00ed s robustn\u00edm pouzdrem zdarma, <a href=\"https:\/\/magnetarmagnets.com\/shop\/magnet-fishing-rope\/\">10mm lanem<\/a> a <a href=\"https:\/\/magnetarmagnets.com\/shop\/magnet-fishing-glove\/\">rukavicemi<\/a>.<\/li>\n\n<\/ul>\n\n<h2>Revoluce ve sv\u011bt\u011b magnet fishing<\/h2>\n\nMEGACUBE \u2122 je bezkonkuren\u010dn\u00ed. \u017d\u00e1dn\u00fd jin\u00fd magnet fishing magnet se mu nevyrovn\u00e1. Jeho charakteristick\u00e9 vlastnosti jsou 360\u00b0 magnetick\u00e1 s\u00edla, \u0161est magnetick\u00fdch kontaktn\u00edch ploch, odolnost a obrovsk\u00fd dosah p\u0159ita\u017elivosti na\u0161eho kubu. Tento sil\u00e1k o rozm\u011brech 74x74x74 mm je magnet velk\u00fdch rozm\u011br\u016f. Dosah p\u0159ita\u017elivosti 22,5 cm a celkov\u00e1 s\u00edla tahu 2700 kg zaji\u0161\u0165uj\u00ed, \u017ee m\u016f\u017eete vyt\u00e1hnout ka\u017ed\u00fd poklad z mo\u0159sk\u00e9ho dna.\n\n<h2>Upozorn\u011bn\u00ed!<\/h2>\n\nNa\u0161e neodymov\u00e9 magnety jsou extr\u00e9mn\u011b siln\u00e9. V d\u016fsledku toho mohou b\u00fdt \u017eelezn\u00e9 p\u0159edm\u011bty v kr\u00e1tk\u00e9 vzd\u00e1lenosti rychle p\u0159itahov\u00e1ny k magnet fishing magnet\u016fm. V n\u011bkter\u00fdch p\u0159\u00edpadech m\u016f\u017ee prst b\u00fdt zachycen mezi magnetem a p\u0159edm\u011btem. Proto v\u017edy manipulujte s magnety opatrn\u011b a pou\u017e\u00edvejte je na vlastn\u00ed riziko. P\u0159ed pou\u017eit\u00edm si p\u0159e\u010dt\u011bte na\u0161e bezpe\u010dnostn\u00ed upozorn\u011bn\u00ed.\n\n\n\n*Produkt nen\u00ed vhodn\u00fd pro d\u011bti.\n\n\n\n&nbsp;\n\n<p class=\"x_elementToProof\" data-ogsb=\"rgb(255, 255, 255)\"><em>Chr\u00e1n\u011bno zaregistrovan\u00fdm komunit\u00e1rn\u00edm designem (015054920-0001 \/ -0004)<\/em><\/p>","protected":false},"excerpt":{"rendered":"<p>Magnet MEGACUBE \u2122 pro magnet fishing. <strong>Magnet fishing<\/strong> se 6x v\u011bt\u0161\u00ed silou. V\u00fdsledek. Z\u00e1bava!<\/p>\n<p>Nejsiln\u011bj\u0161\u00ed <strong>magnet na sv\u011bt\u011b<\/strong> je dod\u00e1v\u00e1n <strong>kompletn\u011b<\/strong> v profesion\u00e1ln\u00edm pouzd\u0159e s lanem a rukavicemi.<\/p>\n","protected":false},"featured_media":80601,"comment_status":"open","ping_status":"closed","template":"","meta":{"_acf_changed":false,"inline_featured_image":false},"product_brand":[],"product_cat":[554,553,558,570,562],"product_tag":[],"class_list":{"0":"post-83313","1":"product","2":"type-product","3":"status-publish","4":"has-post-thumbnail","6":"product_cat-blokove-fishing-magnety-360","7":"product_cat-fishing-magnets-cs","8":"product_cat-nejsilnejsi-fishing-magnety","9":"product_cat-profesionalove","10":"product_cat-sada-na-magnet-fishing","12":"first","13":"instock","14":"taxable","15":"shipping-taxable","16":"purchasable","17":"product-type-simple"},"acf":[],"yoast_head":"<!-- This site is optimized with the Yoast SEO plugin v27.4 - https:\/\/yoast.com\/product\/yoast-seo-wordpress\/ -->\n<title>MEGACUBE \u2122 sada - 6000 lb \/ 2700 kg - 360\u00b0 blokov\u00fd magnet - Magnet fishing with a Magnetar fishing magnet<\/title>\n<meta name=\"description\" content=\"MEGACUBE \u2122 je nejsiln\u011bj\u0161\u00ed magnet fishing magnet na sv\u011bt\u011b. Tento kubus je dod\u00e1v\u00e1n p\u0159ipraven\u00fd v balen\u00ed. Nejlep\u0161\u00ed volba pro magnet fishing.\" \/>\n<meta name=\"robots\" content=\"index, follow, max-snippet:-1, max-image-preview:large, max-video-preview:-1\" \/>\n<link rel=\"canonical\" href=\"https:\/\/magnetarmagnets.com\/cs\/shop\/megacube-sada-2700-kg-360-blokovy-magnet\/\" \/>\n<meta property=\"og:locale\" content=\"cs_CZ\" \/>\n<meta property=\"og:type\" content=\"article\" \/>\n<meta property=\"og:title\" content=\"MEGACUBE \u2122 sada - 6000 lb \/ 2700 kg - 360\u00b0 blokov\u00fd magnet - Magnet fishing with a Magnetar fishing magnet\" \/>\n<meta property=\"og:description\" content=\"MEGACUBE \u2122 je nejsiln\u011bj\u0161\u00ed magnet fishing magnet na sv\u011bt\u011b. Tento kubus je dod\u00e1v\u00e1n p\u0159ipraven\u00fd v balen\u00ed. Nejlep\u0161\u00ed volba pro magnet fishing.\" \/>\n<meta property=\"og:url\" content=\"https:\/\/magnetarmagnets.com\/cs\/shop\/megacube-sada-2700-kg-360-blokovy-magnet\/\" \/>\n<meta property=\"og:site_name\" content=\"Magnet fishing with a Magnetar fishing magnet\" \/>\n<meta property=\"article:publisher\" content=\"https:\/\/www.facebook.com\/fishingmagnets\/\" \/>\n<meta property=\"article:modified_time\" content=\"2026-04-17T22:42:29+00:00\" \/>\n<meta property=\"og:image\" content=\"https:\/\/magnetarmagnets.com\/wp-content\/uploads\/2024\/04\/3.png\" \/>\n\t<meta property=\"og:image:width\" content=\"1500\" \/>\n\t<meta property=\"og:image:height\" content=\"1500\" \/>\n\t<meta property=\"og:image:type\" content=\"image\/png\" \/>\n<meta name=\"twitter:card\" content=\"summary_large_image\" \/>\n<meta name=\"twitter:label1\" content=\"Odhadovan\u00e1 doba \u010dten\u00ed\" \/>\n\t<meta name=\"twitter:data1\" content=\"2 minuty\" \/>\n<script type=\"application\/ld+json\" class=\"yoast-schema-graph\">{\"@context\":\"https:\\\/\\\/schema.org\",\"@graph\":[{\"@type\":[\"WebPage\",\"ItemPage\"],\"@id\":\"https:\\\/\\\/magnetarmagnets.com\\\/cs\\\/shop\\\/megacube-sada-2700-kg-360-blokovy-magnet\\\/\",\"url\":\"https:\\\/\\\/magnetarmagnets.com\\\/cs\\\/shop\\\/megacube-sada-2700-kg-360-blokovy-magnet\\\/\",\"name\":\"MEGACUBE \u2122 sada - 6000 lb \\\/ 2700 kg - 360\u00b0 blokov\u00fd magnet - Magnet fishing with a Magnetar fishing magnet\",\"isPartOf\":{\"@id\":\"https:\\\/\\\/magnetarmagnets.com\\\/cs\\\/#website\"},\"primaryImageOfPage\":{\"@id\":\"https:\\\/\\\/magnetarmagnets.com\\\/cs\\\/shop\\\/megacube-sada-2700-kg-360-blokovy-magnet\\\/#primaryimage\"},\"image\":{\"@id\":\"https:\\\/\\\/magnetarmagnets.com\\\/cs\\\/shop\\\/megacube-sada-2700-kg-360-blokovy-magnet\\\/#primaryimage\"},\"thumbnailUrl\":\"https:\\\/\\\/magnetarmagnets.com\\\/wp-content\\\/uploads\\\/2024\\\/04\\\/3.png\",\"datePublished\":\"2025-06-05T07:53:03+00:00\",\"dateModified\":\"2026-04-17T22:42:29+00:00\",\"description\":\"MEGACUBE \u2122 je nejsiln\u011bj\u0161\u00ed magnet fishing magnet na sv\u011bt\u011b. Tento kubus je dod\u00e1v\u00e1n p\u0159ipraven\u00fd v balen\u00ed. Nejlep\u0161\u00ed volba pro magnet fishing.\",\"breadcrumb\":{\"@id\":\"https:\\\/\\\/magnetarmagnets.com\\\/cs\\\/shop\\\/megacube-sada-2700-kg-360-blokovy-magnet\\\/#breadcrumb\"},\"inLanguage\":\"cs\",\"potentialAction\":[{\"@type\":\"ReadAction\",\"target\":[\"https:\\\/\\\/magnetarmagnets.com\\\/cs\\\/shop\\\/megacube-sada-2700-kg-360-blokovy-magnet\\\/\"]}]},{\"@type\":\"ImageObject\",\"inLanguage\":\"cs\",\"@id\":\"https:\\\/\\\/magnetarmagnets.com\\\/cs\\\/shop\\\/megacube-sada-2700-kg-360-blokovy-magnet\\\/#primaryimage\",\"url\":\"https:\\\/\\\/magnetarmagnets.com\\\/wp-content\\\/uploads\\\/2024\\\/04\\\/3.png\",\"contentUrl\":\"https:\\\/\\\/magnetarmagnets.com\\\/wp-content\\\/uploads\\\/2024\\\/04\\\/3.png\",\"width\":1500,\"height\":1500,\"caption\":\"MEGACUBE KIT\"},{\"@type\":\"BreadcrumbList\",\"@id\":\"https:\\\/\\\/magnetarmagnets.com\\\/cs\\\/shop\\\/megacube-sada-2700-kg-360-blokovy-magnet\\\/#breadcrumb\",\"itemListElement\":[{\"@type\":\"ListItem\",\"position\":1,\"name\":\"Home\",\"item\":\"https:\\\/\\\/magnetarmagnets.com\\\/cs\\\/\"},{\"@type\":\"ListItem\",\"position\":2,\"name\":\"Obchod\",\"item\":\"https:\\\/\\\/magnetarmagnets.com\\\/cs\\\/obchod\\\/\"},{\"@type\":\"ListItem\",\"position\":3,\"name\":\"Fishing magnety\",\"item\":\"https:\\\/\\\/magnetarmagnets.com\\\/cs\\\/collections\\\/fishing-magnets-cs\\\/\"},{\"@type\":\"ListItem\",\"position\":4,\"name\":\"Blokov\u00e9 fishing magnety 360\",\"item\":\"https:\\\/\\\/magnetarmagnets.com\\\/cs\\\/collections\\\/fishing-magnets-cs\\\/blokove-fishing-magnety-360\\\/\"},{\"@type\":\"ListItem\",\"position\":5,\"name\":\"MEGACUBE \u2122 sada &#8211; 2700 kg &#8211; 360\u00b0 blokov\u00fd magnet\"}]},{\"@type\":\"WebSite\",\"@id\":\"https:\\\/\\\/magnetarmagnets.com\\\/cs\\\/#website\",\"url\":\"https:\\\/\\\/magnetarmagnets.com\\\/cs\\\/\",\"name\":\"Magnet fishing with a Magnetar fishing magnet\",\"description\":\"Siln\u00e9 magnety na magnet fishing\",\"publisher\":{\"@id\":\"https:\\\/\\\/magnetarmagnets.com\\\/cs\\\/#organization\"},\"potentialAction\":[{\"@type\":\"SearchAction\",\"target\":{\"@type\":\"EntryPoint\",\"urlTemplate\":\"https:\\\/\\\/magnetarmagnets.com\\\/cs\\\/?s={search_term_string}\"},\"query-input\":{\"@type\":\"PropertyValueSpecification\",\"valueRequired\":true,\"valueName\":\"search_term_string\"}}],\"inLanguage\":\"cs\"},{\"@type\":\"Organization\",\"@id\":\"https:\\\/\\\/magnetarmagnets.com\\\/cs\\\/#organization\",\"name\":\"Magnetar\",\"url\":\"https:\\\/\\\/magnetarmagnets.com\\\/cs\\\/\",\"logo\":{\"@type\":\"ImageObject\",\"inLanguage\":\"cs\",\"@id\":\"https:\\\/\\\/magnetarmagnets.com\\\/cs\\\/#\\\/schema\\\/logo\\\/image\\\/\",\"url\":\"https:\\\/\\\/magnetarmagnets.com\\\/wp-content\\\/uploads\\\/2025\\\/05\\\/Logo-03_PNG-Black-scaled.png\",\"contentUrl\":\"https:\\\/\\\/magnetarmagnets.com\\\/wp-content\\\/uploads\\\/2025\\\/05\\\/Logo-03_PNG-Black-scaled.png\",\"width\":2560,\"height\":1658,\"caption\":\"Magnetar\"},\"image\":{\"@id\":\"https:\\\/\\\/magnetarmagnets.com\\\/cs\\\/#\\\/schema\\\/logo\\\/image\\\/\"},\"sameAs\":[\"https:\\\/\\\/www.facebook.com\\\/fishingmagnets\\\/\",\"https:\\\/\\\/www.instagram.com\\\/magnetar_magnets\\\/\",\"https:\\\/\\\/www.linkedin.com\\\/company\\\/magnetarbv\\\/?originalSubdomain=nl\",\"https:\\\/\\\/www.youtube.com\\\/c\\\/MagnetarVismagneet\"]}]}<\/script>\n<!-- \/ Yoast SEO plugin. -->","yoast_head_json":{"title":"MEGACUBE \u2122 sada - 6000 lb \/ 2700 kg - 360\u00b0 blokov\u00fd magnet - Magnet fishing with a Magnetar fishing magnet","description":"MEGACUBE \u2122 je nejsiln\u011bj\u0161\u00ed magnet fishing magnet na sv\u011bt\u011b. Tento kubus je dod\u00e1v\u00e1n p\u0159ipraven\u00fd v balen\u00ed. Nejlep\u0161\u00ed volba pro magnet fishing.","robots":{"index":"index","follow":"follow","max-snippet":"max-snippet:-1","max-image-preview":"max-image-preview:large","max-video-preview":"max-video-preview:-1"},"canonical":"https:\/\/magnetarmagnets.com\/cs\/shop\/megacube-sada-2700-kg-360-blokovy-magnet\/","og_locale":"cs_CZ","og_type":"article","og_title":"MEGACUBE \u2122 sada - 6000 lb \/ 2700 kg - 360\u00b0 blokov\u00fd magnet - Magnet fishing with a Magnetar fishing magnet","og_description":"MEGACUBE \u2122 je nejsiln\u011bj\u0161\u00ed magnet fishing magnet na sv\u011bt\u011b. Tento kubus je dod\u00e1v\u00e1n p\u0159ipraven\u00fd v balen\u00ed. Nejlep\u0161\u00ed volba pro magnet fishing.","og_url":"https:\/\/magnetarmagnets.com\/cs\/shop\/megacube-sada-2700-kg-360-blokovy-magnet\/","og_site_name":"Magnet fishing with a Magnetar fishing magnet","article_publisher":"https:\/\/www.facebook.com\/fishingmagnets\/","article_modified_time":"2026-04-17T22:42:29+00:00","og_image":[{"width":1500,"height":1500,"url":"https:\/\/magnetarmagnets.com\/wp-content\/uploads\/2024\/04\/3.png","type":"image\/png"}],"twitter_card":"summary_large_image","twitter_misc":{"Odhadovan\u00e1 doba \u010dten\u00ed":"2 minuty"},"schema":{"@context":"https:\/\/schema.org","@graph":[{"@type":["WebPage","ItemPage"],"@id":"https:\/\/magnetarmagnets.com\/cs\/shop\/megacube-sada-2700-kg-360-blokovy-magnet\/","url":"https:\/\/magnetarmagnets.com\/cs\/shop\/megacube-sada-2700-kg-360-blokovy-magnet\/","name":"MEGACUBE \u2122 sada - 6000 lb \/ 2700 kg - 360\u00b0 blokov\u00fd magnet - Magnet fishing with a Magnetar fishing magnet","isPartOf":{"@id":"https:\/\/magnetarmagnets.com\/cs\/#website"},"primaryImageOfPage":{"@id":"https:\/\/magnetarmagnets.com\/cs\/shop\/megacube-sada-2700-kg-360-blokovy-magnet\/#primaryimage"},"image":{"@id":"https:\/\/magnetarmagnets.com\/cs\/shop\/megacube-sada-2700-kg-360-blokovy-magnet\/#primaryimage"},"thumbnailUrl":"https:\/\/magnetarmagnets.com\/wp-content\/uploads\/2024\/04\/3.png","datePublished":"2025-06-05T07:53:03+00:00","dateModified":"2026-04-17T22:42:29+00:00","description":"MEGACUBE \u2122 je nejsiln\u011bj\u0161\u00ed magnet fishing magnet na sv\u011bt\u011b. Tento kubus je dod\u00e1v\u00e1n p\u0159ipraven\u00fd v balen\u00ed. Nejlep\u0161\u00ed volba pro magnet fishing.","breadcrumb":{"@id":"https:\/\/magnetarmagnets.com\/cs\/shop\/megacube-sada-2700-kg-360-blokovy-magnet\/#breadcrumb"},"inLanguage":"cs","potentialAction":[{"@type":"ReadAction","target":["https:\/\/magnetarmagnets.com\/cs\/shop\/megacube-sada-2700-kg-360-blokovy-magnet\/"]}]},{"@type":"ImageObject","inLanguage":"cs","@id":"https:\/\/magnetarmagnets.com\/cs\/shop\/megacube-sada-2700-kg-360-blokovy-magnet\/#primaryimage","url":"https:\/\/magnetarmagnets.com\/wp-content\/uploads\/2024\/04\/3.png","contentUrl":"https:\/\/magnetarmagnets.com\/wp-content\/uploads\/2024\/04\/3.png","width":1500,"height":1500,"caption":"MEGACUBE KIT"},{"@type":"BreadcrumbList","@id":"https:\/\/magnetarmagnets.com\/cs\/shop\/megacube-sada-2700-kg-360-blokovy-magnet\/#breadcrumb","itemListElement":[{"@type":"ListItem","position":1,"name":"Home","item":"https:\/\/magnetarmagnets.com\/cs\/"},{"@type":"ListItem","position":2,"name":"Obchod","item":"https:\/\/magnetarmagnets.com\/cs\/obchod\/"},{"@type":"ListItem","position":3,"name":"Fishing magnety","item":"https:\/\/magnetarmagnets.com\/cs\/collections\/fishing-magnets-cs\/"},{"@type":"ListItem","position":4,"name":"Blokov\u00e9 fishing magnety 360","item":"https:\/\/magnetarmagnets.com\/cs\/collections\/fishing-magnets-cs\/blokove-fishing-magnety-360\/"},{"@type":"ListItem","position":5,"name":"MEGACUBE \u2122 sada &#8211; 2700 kg &#8211; 360\u00b0 blokov\u00fd magnet"}]},{"@type":"WebSite","@id":"https:\/\/magnetarmagnets.com\/cs\/#website","url":"https:\/\/magnetarmagnets.com\/cs\/","name":"Magnet fishing with a Magnetar fishing magnet","description":"Siln\u00e9 magnety na magnet fishing","publisher":{"@id":"https:\/\/magnetarmagnets.com\/cs\/#organization"},"potentialAction":[{"@type":"SearchAction","target":{"@type":"EntryPoint","urlTemplate":"https:\/\/magnetarmagnets.com\/cs\/?s={search_term_string}"},"query-input":{"@type":"PropertyValueSpecification","valueRequired":true,"valueName":"search_term_string"}}],"inLanguage":"cs"},{"@type":"Organization","@id":"https:\/\/magnetarmagnets.com\/cs\/#organization","name":"Magnetar","url":"https:\/\/magnetarmagnets.com\/cs\/","logo":{"@type":"ImageObject","inLanguage":"cs","@id":"https:\/\/magnetarmagnets.com\/cs\/#\/schema\/logo\/image\/","url":"https:\/\/magnetarmagnets.com\/wp-content\/uploads\/2025\/05\/Logo-03_PNG-Black-scaled.png","contentUrl":"https:\/\/magnetarmagnets.com\/wp-content\/uploads\/2025\/05\/Logo-03_PNG-Black-scaled.png","width":2560,"height":1658,"caption":"Magnetar"},"image":{"@id":"https:\/\/magnetarmagnets.com\/cs\/#\/schema\/logo\/image\/"},"sameAs":["https:\/\/www.facebook.com\/fishingmagnets\/","https:\/\/www.instagram.com\/magnetar_magnets\/","https:\/\/www.linkedin.com\/company\/magnetarbv\/?originalSubdomain=nl","https:\/\/www.youtube.com\/c\/MagnetarVismagneet"]}]}},"_links":{"self":[{"href":"https:\/\/magnetarmagnets.com\/cs\/wp-json\/wp\/v2\/product\/83313","targetHints":{"allow":["GET"]}}],"collection":[{"href":"https:\/\/magnetarmagnets.com\/cs\/wp-json\/wp\/v2\/product"}],"about":[{"href":"https:\/\/magnetarmagnets.com\/cs\/wp-json\/wp\/v2\/types\/product"}],"replies":[{"embeddable":true,"href":"https:\/\/magnetarmagnets.com\/cs\/wp-json\/wp\/v2\/comments?post=83313"}],"version-history":[{"count":1,"href":"https:\/\/magnetarmagnets.com\/cs\/wp-json\/wp\/v2\/product\/83313\/revisions"}],"predecessor-version":[{"id":95168,"href":"https:\/\/magnetarmagnets.com\/cs\/wp-json\/wp\/v2\/product\/83313\/revisions\/95168"}],"wp:featuredmedia":[{"embeddable":true,"href":"https:\/\/magnetarmagnets.com\/cs\/wp-json\/wp\/v2\/media\/80601"}],"wp:attachment":[{"href":"https:\/\/magnetarmagnets.com\/cs\/wp-json\/wp\/v2\/media?parent=83313"}],"wp:term":[{"taxonomy":"product_brand","embeddable":true,"href":"https:\/\/magnetarmagnets.com\/cs\/wp-json\/wp\/v2\/product_brand?post=83313"},{"taxonomy":"product_cat","embeddable":true,"href":"https:\/\/magnetarmagnets.com\/cs\/wp-json\/wp\/v2\/product_cat?post=83313"},{"taxonomy":"product_tag","embeddable":true,"href":"https:\/\/magnetarmagnets.com\/cs\/wp-json\/wp\/v2\/product_tag?post=83313"}],"curies":[{"name":"wp","href":"https:\/\/api.w.org\/{rel}","templated":true}]}}