{"id":83312,"date":"2025-06-05T09:53:03","date_gmt":"2025-06-05T07:53:03","guid":{"rendered":"https:\/\/magnetarmagnets.com\/?post_type=product&#038;p=83312"},"modified":"2026-04-03T17:12:37","modified_gmt":"2026-04-03T15:12:37","slug":"sada-cube-1350-kg-360-blokovy-magnet","status":"publish","type":"product","link":"https:\/\/magnetarmagnets.com\/cs\/shop\/sada-cube-1350-kg-360-blokovy-magnet\/","title":{"rendered":"Sada CUBE \u2122 &#8211; 1350 kg &#8211; 360\u00b0 blokov\u00fd magnet"},"content":{"rendered":"CUBE \u2122 je jeden z <strong>nejsiln\u011bj\u0161\u00edch<\/strong> magnet\u016f pro magnet fishing na sv\u011bt\u011b. D\u00edky \u0161esti siln\u00fdm magnetick\u00fdm kontaktn\u00edm ploch\u00e1m m\u00e1te <strong>nejv\u011bt\u0161\u00ed \u0161anci na \u00falovek<\/strong>. N\u00e1\u0161 blokov\u00fd magnet je vynikaj\u00edc\u00ed volbou pro profesion\u00e1ln\u00ed magnet fishing. Chcete je\u0161t\u011b v\u00edce s\u00edly? Pak se pod\u00edvejte na <a href=\"https:\/\/magnetarmagnets.com\/shop\/megacube\/\">MEGACUBE \u2122<\/a>.\n\n<h2>Pro\u010d zvolit CUBE \u2122?<\/h2>\n\nNa trhu je mnoho siln\u00fdch magnet\u016f pro magnet fishing. Pro\u010d tedy zvolit CUBE \u2122 m\u00edsto <a href=\"https:\/\/magnetarmagnets.com\/collections\/fishing-magnets\/single-sided-classic\/\">jednostrann\u00e9ho<\/a>, <a href=\"https:\/\/magnetarmagnets.com\/double-sided-fishing-magnet\/\">dvojstrann\u00e9ho<\/a> nebo <a href=\"https:\/\/magnetarmagnets.com\/collections\/fishing-magnets\/allround-magnets-360\/\">v\u0161estrann\u00e9ho<\/a> magnetu?\n\n<ul>\n\n  \t<li><strong>V\u011bt\u0161\u00ed \u0161ance na \u00falovek<\/strong>: CUBE \u2122 je magnetick\u00fd na v\u0161ech \u0161esti stran\u00e1ch. To je v\u00edce ne\u017e u v\u0161estrann\u00e9ho magnetu a znamen\u00e1 v\u00fdrazn\u011b v\u011bt\u0161\u00ed magnetick\u00e9 pole;<\/li>\n\n  \t<li><strong>Design<\/strong>: \u0161est rovn\u00fdch ploch poskytuje lep\u0161\u00ed \u00fachop ne\u017e kulat\u00e9 magnety. To zvy\u0161uje pravd\u011bpodobnost vyta\u017een\u00ed p\u0159edm\u011bt\u016f jako jsou trezory z vody;<\/li>\n\n  \t<li><strong>Nen\u00e1ro\u010dn\u00fd na po\u0161kozen\u00ed<\/strong>: na rozd\u00edl od jin\u00fdch neodymov\u00fdch magnet\u016f pro magnet fishing je tento blokov\u00fd magnet 100% chr\u00e1n\u011bn\u00fd. Nav\u00edc si zachov\u00e1v\u00e1 100% sv\u00e9 s\u00edly;<\/li>\n\n  \t<li><strong>V\u011bt\u0161\u00ed dosah p\u0159ita\u017elivosti<\/strong>: Dosah p\u0159ita\u017elivosti je impozantn\u00edch 17 cm, co\u017e je v\u00fdrazn\u011b v\u00edce ne\u017e u jin\u00fdch magnet\u016f;<\/li>\n\n  \t<li><strong>Okam\u017eit\u011b p\u0159ipraven k pou\u017eit\u00ed<\/strong>: pln\u011b sestaven\u00fd, slepen\u00fd a zabezpe\u010den\u00fd. CUBE \u2122 je p\u0159ipraven k okam\u017eit\u00e9mu pou\u017eit\u00ed;<\/li>\n\n  \t<li><strong>Kompletn\u00ed<\/strong>: CUBE \u2122 je dod\u00e1v\u00e1n s robustn\u00edm pouzdrem, <a href=\"https:\/\/magnetarmagnets.com\/shop\/magnet-fishing-rope\/\">lano o pr\u016fm\u011bru 8 mm<\/a> a <a href=\"https:\/\/magnetarmagnets.com\/shop\/magnet-fishing-glove\/\">rukavicemi<\/a>.<\/li>\n\n<\/ul>\n\n<h2>Revoluce ve sv\u011bt\u011b magnet fishing<\/h2>\n\nCUBE \u2122 je bezkonkuren\u010dn\u00ed. V\u011bt\u0161ina magnet\u016f pro magnet fishing se mu nevyrovn\u00e1. Jeho charakteristick\u00fdmi znaky jsou 360\u00b0 magnetick\u00e1 s\u00edla, \u0161est magnetick\u00fdch kontaktn\u00edch ploch, odolnost a obrovsk\u00fd dosah p\u0159ita\u017elivosti. Tento sil\u00e1k o rozm\u011brech 74x74x37 mm je magnet zna\u010dn\u00e9 velikosti. Dosah p\u0159ita\u017elivosti 17 cm a celkov\u00e1 tahov\u00e1 s\u00edla 1350 kg zaji\u0161\u0165uj\u00ed, \u017ee m\u016f\u017eete vyt\u00e1hnout ka\u017ed\u00fd poklad ze dna.\n\n<h2>Upozorn\u011bn\u00ed!<\/h2>\n\nNa\u0161e neodymov\u00e9 magnety jsou extr\u00e9mn\u011b siln\u00e9. \u017delezn\u00e9 p\u0159edm\u011bty v bl\u00edzkosti mohou b\u00fdt k magnet\u016fm p\u0159itahov\u00e1ny vysokou rychlost\u00ed. V n\u011bkter\u00fdch p\u0159\u00edpadech m\u016f\u017ee prst uv\u00edznout mezi magnetem a p\u0159edm\u011btem. Proto s magnety v\u017edy zach\u00e1zejte opatrn\u011b a pou\u017e\u00edvejte je na vlastn\u00ed riziko. P\u0159ed pou\u017eit\u00edm si p\u0159e\u010dt\u011bte na\u0161e bezpe\u010dnostn\u00ed pokyny.\n\n\n\n*Produkt nen\u00ed vhodn\u00fd pro d\u011bti.\n\n\n\n&nbsp;\n\n<p class=\"x_elementToProof\" data-ogsb=\"rgb(255, 255, 255)\"><em>Chr\u00e1n\u011bno registrovan\u00fdm komunit\u00e1rn\u00edm designem (015054920-0001 \/ -0004)<\/em><\/p>","protected":false},"excerpt":{"rendered":"<p>Objevte revolu\u010dn\u00ed CUBE \u2122. Tento <strong>blokov\u00fd magnet<\/strong> je jedn\u00edm z <strong>nejsiln\u011bj\u0161\u00edch magnet\u016f pro magnet fishing<\/strong> na sv\u011bt\u011b a je dod\u00e1v\u00e1n v <strong>kompletn\u00edm balen\u00ed<\/strong> s profesion\u00e1ln\u00edm pouzdrem, lanem a rukavicemi.<\/p>\n","protected":false},"featured_media":80608,"comment_status":"open","ping_status":"closed","template":"","meta":{"_acf_changed":false,"inline_featured_image":false},"product_brand":[],"product_cat":[554,554,553,558,558,570,562,569,562],"product_tag":[],"class_list":{"0":"post-83312","1":"product","2":"type-product","3":"status-publish","4":"has-post-thumbnail","6":"product_cat-blokove-fishing-magnety-360","8":"product_cat-fishing-magnets-cs","9":"product_cat-nejsilnejsi-fishing-magnety","11":"product_cat-profesionalove","12":"product_cat-sada-na-magnet-fishing","13":"product_cat-pokrocili-dobrodruzi","16":"first","17":"instock","18":"taxable","19":"shipping-taxable","20":"purchasable","21":"product-type-simple"},"acf":[],"yoast_head":"<!-- This site is optimized with the Yoast SEO plugin v27.3 - https:\/\/yoast.com\/product\/yoast-seo-wordpress\/ -->\n<title>Sada CUBE \u2122 - 1350 kg - 360\u00b0 blokov\u00fd magnet - Magnet fishing with a Magnetar fishing magnet<\/title>\n<meta name=\"description\" content=\"CUBE \u2122 je jeden z nejsiln\u011bj\u0161\u00edch magnet\u016f pro magnet fishing na sv\u011bt\u011b. Tento blokov\u00fd magnet je dod\u00e1v\u00e1n v kompletn\u00edm balen\u00ed. Nejlep\u0161\u00ed volba pro magnet fishing.\" \/>\n<meta name=\"robots\" content=\"index, follow, max-snippet:-1, max-image-preview:large, max-video-preview:-1\" \/>\n<link rel=\"canonical\" href=\"https:\/\/magnetarmagnets.com\/cs\/shop\/sada-cube-1350-kg-360-blokovy-magnet\/\" \/>\n<meta property=\"og:locale\" content=\"cs_CZ\" \/>\n<meta property=\"og:type\" content=\"article\" \/>\n<meta property=\"og:title\" content=\"Sada CUBE \u2122 - 1350 kg - 360\u00b0 blokov\u00fd magnet - Magnet fishing with a Magnetar fishing magnet\" \/>\n<meta property=\"og:description\" content=\"CUBE \u2122 je jeden z nejsiln\u011bj\u0161\u00edch magnet\u016f pro magnet fishing na sv\u011bt\u011b. Tento blokov\u00fd magnet je dod\u00e1v\u00e1n v kompletn\u00edm balen\u00ed. Nejlep\u0161\u00ed volba pro magnet fishing.\" \/>\n<meta property=\"og:url\" content=\"https:\/\/magnetarmagnets.com\/cs\/shop\/sada-cube-1350-kg-360-blokovy-magnet\/\" \/>\n<meta property=\"og:site_name\" content=\"Magnet fishing with a Magnetar fishing magnet\" \/>\n<meta property=\"article:publisher\" content=\"https:\/\/www.facebook.com\/fishingmagnets\/\" \/>\n<meta property=\"article:modified_time\" content=\"2026-04-03T15:12:37+00:00\" \/>\n<meta property=\"og:image\" content=\"https:\/\/magnetarmagnets.com\/wp-content\/uploads\/2024\/04\/4.png\" \/>\n\t<meta property=\"og:image:width\" content=\"1500\" \/>\n\t<meta property=\"og:image:height\" content=\"1500\" \/>\n\t<meta property=\"og:image:type\" content=\"image\/png\" \/>\n<meta name=\"twitter:card\" content=\"summary_large_image\" \/>\n<meta name=\"twitter:label1\" content=\"Odhadovan\u00e1 doba \u010dten\u00ed\" \/>\n\t<meta name=\"twitter:data1\" content=\"2 minuty\" \/>\n<script type=\"application\/ld+json\" class=\"yoast-schema-graph\">{\"@context\":\"https:\\\/\\\/schema.org\",\"@graph\":[{\"@type\":[\"WebPage\",\"ItemPage\"],\"@id\":\"https:\\\/\\\/magnetarmagnets.com\\\/cs\\\/shop\\\/sada-cube-1350-kg-360-blokovy-magnet\\\/\",\"url\":\"https:\\\/\\\/magnetarmagnets.com\\\/cs\\\/shop\\\/sada-cube-1350-kg-360-blokovy-magnet\\\/\",\"name\":\"Sada CUBE \u2122 - 1350 kg - 360\u00b0 blokov\u00fd magnet - Magnet fishing with a Magnetar fishing magnet\",\"isPartOf\":{\"@id\":\"https:\\\/\\\/magnetarmagnets.com\\\/cs\\\/#website\"},\"primaryImageOfPage\":{\"@id\":\"https:\\\/\\\/magnetarmagnets.com\\\/cs\\\/shop\\\/sada-cube-1350-kg-360-blokovy-magnet\\\/#primaryimage\"},\"image\":{\"@id\":\"https:\\\/\\\/magnetarmagnets.com\\\/cs\\\/shop\\\/sada-cube-1350-kg-360-blokovy-magnet\\\/#primaryimage\"},\"thumbnailUrl\":\"https:\\\/\\\/magnetarmagnets.com\\\/wp-content\\\/uploads\\\/2024\\\/04\\\/4.png\",\"datePublished\":\"2025-06-05T07:53:03+00:00\",\"dateModified\":\"2026-04-03T15:12:37+00:00\",\"description\":\"CUBE \u2122 je jeden z nejsiln\u011bj\u0161\u00edch magnet\u016f pro magnet fishing na sv\u011bt\u011b. Tento blokov\u00fd magnet je dod\u00e1v\u00e1n v kompletn\u00edm balen\u00ed. Nejlep\u0161\u00ed volba pro magnet fishing.\",\"breadcrumb\":{\"@id\":\"https:\\\/\\\/magnetarmagnets.com\\\/cs\\\/shop\\\/sada-cube-1350-kg-360-blokovy-magnet\\\/#breadcrumb\"},\"inLanguage\":\"cs\",\"potentialAction\":[{\"@type\":\"ReadAction\",\"target\":[\"https:\\\/\\\/magnetarmagnets.com\\\/cs\\\/shop\\\/sada-cube-1350-kg-360-blokovy-magnet\\\/\"]}]},{\"@type\":\"ImageObject\",\"inLanguage\":\"cs\",\"@id\":\"https:\\\/\\\/magnetarmagnets.com\\\/cs\\\/shop\\\/sada-cube-1350-kg-360-blokovy-magnet\\\/#primaryimage\",\"url\":\"https:\\\/\\\/magnetarmagnets.com\\\/wp-content\\\/uploads\\\/2024\\\/04\\\/4.png\",\"contentUrl\":\"https:\\\/\\\/magnetarmagnets.com\\\/wp-content\\\/uploads\\\/2024\\\/04\\\/4.png\",\"width\":1500,\"height\":1500,\"caption\":\"CUBE KIT\"},{\"@type\":\"BreadcrumbList\",\"@id\":\"https:\\\/\\\/magnetarmagnets.com\\\/cs\\\/shop\\\/sada-cube-1350-kg-360-blokovy-magnet\\\/#breadcrumb\",\"itemListElement\":[{\"@type\":\"ListItem\",\"position\":1,\"name\":\"Home\",\"item\":\"https:\\\/\\\/magnetarmagnets.com\\\/cs\\\/\"},{\"@type\":\"ListItem\",\"position\":2,\"name\":\"Obchod\",\"item\":\"https:\\\/\\\/magnetarmagnets.com\\\/obchod\\\/\"},{\"@type\":\"ListItem\",\"position\":3,\"name\":\"Fishing magnety\",\"item\":\"https:\\\/\\\/magnetarmagnets.com\\\/cs\\\/collections\\\/fishing-magnets-cs\\\/\"},{\"@type\":\"ListItem\",\"position\":4,\"name\":\"Blokov\u00e9 fishing magnety 360\",\"item\":\"https:\\\/\\\/magnetarmagnets.com\\\/cs\\\/collections\\\/fishing-magnets-cs\\\/blokove-fishing-magnety-360\\\/\"},{\"@type\":\"ListItem\",\"position\":5,\"name\":\"Sada CUBE \u2122 &#8211; 1350 kg &#8211; 360\u00b0 blokov\u00fd magnet\"}]},{\"@type\":\"WebSite\",\"@id\":\"https:\\\/\\\/magnetarmagnets.com\\\/cs\\\/#website\",\"url\":\"https:\\\/\\\/magnetarmagnets.com\\\/cs\\\/\",\"name\":\"Magnet fishing with a Magnetar fishing magnet\",\"description\":\"Siln\u00e9 magnety na magnet fishing\",\"publisher\":{\"@id\":\"https:\\\/\\\/magnetarmagnets.com\\\/cs\\\/#organization\"},\"potentialAction\":[{\"@type\":\"SearchAction\",\"target\":{\"@type\":\"EntryPoint\",\"urlTemplate\":\"https:\\\/\\\/magnetarmagnets.com\\\/cs\\\/?s={search_term_string}\"},\"query-input\":{\"@type\":\"PropertyValueSpecification\",\"valueRequired\":true,\"valueName\":\"search_term_string\"}}],\"inLanguage\":\"cs\"},{\"@type\":\"Organization\",\"@id\":\"https:\\\/\\\/magnetarmagnets.com\\\/cs\\\/#organization\",\"name\":\"Magnetar\",\"url\":\"https:\\\/\\\/magnetarmagnets.com\\\/cs\\\/\",\"logo\":{\"@type\":\"ImageObject\",\"inLanguage\":\"cs\",\"@id\":\"https:\\\/\\\/magnetarmagnets.com\\\/cs\\\/#\\\/schema\\\/logo\\\/image\\\/\",\"url\":\"https:\\\/\\\/magnetarmagnets.com\\\/wp-content\\\/uploads\\\/2025\\\/05\\\/Logo-03_PNG-Black-scaled.png\",\"contentUrl\":\"https:\\\/\\\/magnetarmagnets.com\\\/wp-content\\\/uploads\\\/2025\\\/05\\\/Logo-03_PNG-Black-scaled.png\",\"width\":2560,\"height\":1658,\"caption\":\"Magnetar\"},\"image\":{\"@id\":\"https:\\\/\\\/magnetarmagnets.com\\\/cs\\\/#\\\/schema\\\/logo\\\/image\\\/\"},\"sameAs\":[\"https:\\\/\\\/www.facebook.com\\\/fishingmagnets\\\/\",\"https:\\\/\\\/www.instagram.com\\\/magnetar_magnets\\\/\",\"https:\\\/\\\/www.linkedin.com\\\/company\\\/magnetarbv\\\/?originalSubdomain=nl\",\"https:\\\/\\\/www.youtube.com\\\/c\\\/MagnetarVismagneet\"]}]}<\/script>\n<!-- \/ Yoast SEO plugin. -->","yoast_head_json":{"title":"Sada CUBE \u2122 - 1350 kg - 360\u00b0 blokov\u00fd magnet - Magnet fishing with a Magnetar fishing magnet","description":"CUBE \u2122 je jeden z nejsiln\u011bj\u0161\u00edch magnet\u016f pro magnet fishing na sv\u011bt\u011b. Tento blokov\u00fd magnet je dod\u00e1v\u00e1n v kompletn\u00edm balen\u00ed. Nejlep\u0161\u00ed volba pro magnet fishing.","robots":{"index":"index","follow":"follow","max-snippet":"max-snippet:-1","max-image-preview":"max-image-preview:large","max-video-preview":"max-video-preview:-1"},"canonical":"https:\/\/magnetarmagnets.com\/cs\/shop\/sada-cube-1350-kg-360-blokovy-magnet\/","og_locale":"cs_CZ","og_type":"article","og_title":"Sada CUBE \u2122 - 1350 kg - 360\u00b0 blokov\u00fd magnet - Magnet fishing with a Magnetar fishing magnet","og_description":"CUBE \u2122 je jeden z nejsiln\u011bj\u0161\u00edch magnet\u016f pro magnet fishing na sv\u011bt\u011b. Tento blokov\u00fd magnet je dod\u00e1v\u00e1n v kompletn\u00edm balen\u00ed. Nejlep\u0161\u00ed volba pro magnet fishing.","og_url":"https:\/\/magnetarmagnets.com\/cs\/shop\/sada-cube-1350-kg-360-blokovy-magnet\/","og_site_name":"Magnet fishing with a Magnetar fishing magnet","article_publisher":"https:\/\/www.facebook.com\/fishingmagnets\/","article_modified_time":"2026-04-03T15:12:37+00:00","og_image":[{"width":1500,"height":1500,"url":"https:\/\/magnetarmagnets.com\/wp-content\/uploads\/2024\/04\/4.png","type":"image\/png"}],"twitter_card":"summary_large_image","twitter_misc":{"Odhadovan\u00e1 doba \u010dten\u00ed":"2 minuty"},"schema":{"@context":"https:\/\/schema.org","@graph":[{"@type":["WebPage","ItemPage"],"@id":"https:\/\/magnetarmagnets.com\/cs\/shop\/sada-cube-1350-kg-360-blokovy-magnet\/","url":"https:\/\/magnetarmagnets.com\/cs\/shop\/sada-cube-1350-kg-360-blokovy-magnet\/","name":"Sada CUBE \u2122 - 1350 kg - 360\u00b0 blokov\u00fd magnet - Magnet fishing with a Magnetar fishing magnet","isPartOf":{"@id":"https:\/\/magnetarmagnets.com\/cs\/#website"},"primaryImageOfPage":{"@id":"https:\/\/magnetarmagnets.com\/cs\/shop\/sada-cube-1350-kg-360-blokovy-magnet\/#primaryimage"},"image":{"@id":"https:\/\/magnetarmagnets.com\/cs\/shop\/sada-cube-1350-kg-360-blokovy-magnet\/#primaryimage"},"thumbnailUrl":"https:\/\/magnetarmagnets.com\/wp-content\/uploads\/2024\/04\/4.png","datePublished":"2025-06-05T07:53:03+00:00","dateModified":"2026-04-03T15:12:37+00:00","description":"CUBE \u2122 je jeden z nejsiln\u011bj\u0161\u00edch magnet\u016f pro magnet fishing na sv\u011bt\u011b. Tento blokov\u00fd magnet je dod\u00e1v\u00e1n v kompletn\u00edm balen\u00ed. Nejlep\u0161\u00ed volba pro magnet fishing.","breadcrumb":{"@id":"https:\/\/magnetarmagnets.com\/cs\/shop\/sada-cube-1350-kg-360-blokovy-magnet\/#breadcrumb"},"inLanguage":"cs","potentialAction":[{"@type":"ReadAction","target":["https:\/\/magnetarmagnets.com\/cs\/shop\/sada-cube-1350-kg-360-blokovy-magnet\/"]}]},{"@type":"ImageObject","inLanguage":"cs","@id":"https:\/\/magnetarmagnets.com\/cs\/shop\/sada-cube-1350-kg-360-blokovy-magnet\/#primaryimage","url":"https:\/\/magnetarmagnets.com\/wp-content\/uploads\/2024\/04\/4.png","contentUrl":"https:\/\/magnetarmagnets.com\/wp-content\/uploads\/2024\/04\/4.png","width":1500,"height":1500,"caption":"CUBE KIT"},{"@type":"BreadcrumbList","@id":"https:\/\/magnetarmagnets.com\/cs\/shop\/sada-cube-1350-kg-360-blokovy-magnet\/#breadcrumb","itemListElement":[{"@type":"ListItem","position":1,"name":"Home","item":"https:\/\/magnetarmagnets.com\/cs\/"},{"@type":"ListItem","position":2,"name":"Obchod","item":"https:\/\/magnetarmagnets.com\/obchod\/"},{"@type":"ListItem","position":3,"name":"Fishing magnety","item":"https:\/\/magnetarmagnets.com\/cs\/collections\/fishing-magnets-cs\/"},{"@type":"ListItem","position":4,"name":"Blokov\u00e9 fishing magnety 360","item":"https:\/\/magnetarmagnets.com\/cs\/collections\/fishing-magnets-cs\/blokove-fishing-magnety-360\/"},{"@type":"ListItem","position":5,"name":"Sada CUBE \u2122 &#8211; 1350 kg &#8211; 360\u00b0 blokov\u00fd magnet"}]},{"@type":"WebSite","@id":"https:\/\/magnetarmagnets.com\/cs\/#website","url":"https:\/\/magnetarmagnets.com\/cs\/","name":"Magnet fishing with a Magnetar fishing magnet","description":"Siln\u00e9 magnety na magnet fishing","publisher":{"@id":"https:\/\/magnetarmagnets.com\/cs\/#organization"},"potentialAction":[{"@type":"SearchAction","target":{"@type":"EntryPoint","urlTemplate":"https:\/\/magnetarmagnets.com\/cs\/?s={search_term_string}"},"query-input":{"@type":"PropertyValueSpecification","valueRequired":true,"valueName":"search_term_string"}}],"inLanguage":"cs"},{"@type":"Organization","@id":"https:\/\/magnetarmagnets.com\/cs\/#organization","name":"Magnetar","url":"https:\/\/magnetarmagnets.com\/cs\/","logo":{"@type":"ImageObject","inLanguage":"cs","@id":"https:\/\/magnetarmagnets.com\/cs\/#\/schema\/logo\/image\/","url":"https:\/\/magnetarmagnets.com\/wp-content\/uploads\/2025\/05\/Logo-03_PNG-Black-scaled.png","contentUrl":"https:\/\/magnetarmagnets.com\/wp-content\/uploads\/2025\/05\/Logo-03_PNG-Black-scaled.png","width":2560,"height":1658,"caption":"Magnetar"},"image":{"@id":"https:\/\/magnetarmagnets.com\/cs\/#\/schema\/logo\/image\/"},"sameAs":["https:\/\/www.facebook.com\/fishingmagnets\/","https:\/\/www.instagram.com\/magnetar_magnets\/","https:\/\/www.linkedin.com\/company\/magnetarbv\/?originalSubdomain=nl","https:\/\/www.youtube.com\/c\/MagnetarVismagneet"]}]}},"_links":{"self":[{"href":"https:\/\/magnetarmagnets.com\/cs\/wp-json\/wp\/v2\/product\/83312","targetHints":{"allow":["GET"]}}],"collection":[{"href":"https:\/\/magnetarmagnets.com\/cs\/wp-json\/wp\/v2\/product"}],"about":[{"href":"https:\/\/magnetarmagnets.com\/cs\/wp-json\/wp\/v2\/types\/product"}],"replies":[{"embeddable":true,"href":"https:\/\/magnetarmagnets.com\/cs\/wp-json\/wp\/v2\/comments?post=83312"}],"version-history":[{"count":0,"href":"https:\/\/magnetarmagnets.com\/cs\/wp-json\/wp\/v2\/product\/83312\/revisions"}],"wp:featuredmedia":[{"embeddable":true,"href":"https:\/\/magnetarmagnets.com\/cs\/wp-json\/wp\/v2\/media\/80608"}],"wp:attachment":[{"href":"https:\/\/magnetarmagnets.com\/cs\/wp-json\/wp\/v2\/media?parent=83312"}],"wp:term":[{"taxonomy":"product_brand","embeddable":true,"href":"https:\/\/magnetarmagnets.com\/cs\/wp-json\/wp\/v2\/product_brand?post=83312"},{"taxonomy":"product_cat","embeddable":true,"href":"https:\/\/magnetarmagnets.com\/cs\/wp-json\/wp\/v2\/product_cat?post=83312"},{"taxonomy":"product_tag","embeddable":true,"href":"https:\/\/magnetarmagnets.com\/cs\/wp-json\/wp\/v2\/product_tag?post=83312"}],"curies":[{"name":"wp","href":"https:\/\/api.w.org\/{rel}","templated":true}]}}