{"id":83311,"date":"2025-07-28T10:08:38","date_gmt":"2025-07-28T08:08:38","guid":{"rendered":"https:\/\/magnetarmagnets.com\/shop\/rukavice-na-magnet-fishing\/"},"modified":"2025-10-29T09:25:38","modified_gmt":"2025-10-29T08:25:38","slug":"rukavice-na-magnet-fishing","status":"publish","type":"product","link":"https:\/\/magnetarmagnets.com\/cs\/shop\/rukavice-na-magnet-fishing\/","title":{"rendered":"Rukavice na magnet fishing"},"content":{"rendered":"<h2><b>Rukavice Triton Magnetar<\/b><\/h2>\n\n<span style=\"font-weight: 400;\">Magnetar vyvinul vlastn\u00ed rukavice speci\u00e1ln\u011b pro <a href=\"https:\/\/magnetarmagnets.com\/\" target=\"_blank\" rel=\"noopener\">magnet fishing<\/a>! Rukavice s vynikaj\u00edc\u00edm \u00fachopem, kter\u00e9 jsou vod\u011bodoln\u00e9, p\u0159il\u00e9hav\u00e9 a vynikaj\u00edc\u00ed kvality. To v\u0161e za dostupnou cenu!<\/span>\n\n<h2><b>Rukavice na magnet fishing<\/b><\/h2>\n\n<span style=\"font-weight: 400;\">Hled\u00e1te kvalitn\u00ed rukavice na magnet fishing? Pak jsou tyto rukavice Triton, speci\u00e1ln\u011b vyvinut\u00e9 pro magnet fishing, p\u0159esn\u011b to, co hled\u00e1te! Tyto rukavice jsou nepostradateln\u00e9 b\u011bhem dne str\u00e1ven\u00e9ho magnet fishingem. Pot\u0159ebujete je p\u0159i ka\u017ed\u00e9m \u00falovku, kdy\u017e p\u0159in\u00e1\u0161\u00edte p\u0159edm\u011bty na povrch, kter\u00e9 mus\u00edte bezpe\u010dn\u011b odstranit z va\u0161eho fishing magnetu. To zahrnuje i ostr\u00e9 a rezav\u00e9 p\u0159edm\u011bty, kter\u00e9 rad\u011bji dr\u017e\u00edte v rukavic\u00edch Triton od Magnetar! Nav\u00edc budete spokojeni s rukavicemi, kdy\u017e se va\u0161e ruka dostane mezi siln\u00fd magnet a kovov\u00fd p\u0159edm\u011bt. B\u011bhem magnet fishingu, ale i po n\u011bm, ocen\u00edte tyto rukavice na fishing magnet!<\/span>\n\n\n\n<span style=\"font-weight: 400;\">Rukavice Triton jsou k dispozici ve velikostech L, XL a XXL. Pozor: nekupujte rukavice p\u0159\u00edli\u0161 mal\u00e9, proto\u017ee se jedn\u00e1 o p\u0159il\u00e9hav\u00fd model. Rukavice jsou baleny po p\u00e1rech.<\/span>\n\n<h2><b>V\u00fdhody rukavic Triton na magnet fishing<\/b><\/h2>\n\n<ul>\n\n \t<li style=\"font-weight: 400;\" aria-level=\"1\"><span style=\"font-weight: 400;\">Vynikaj\u00edc\u00ed \u00fachop d\u00edky protiskluzov\u00e9mu povrchu;<\/span><\/li>\n\n \t<li style=\"font-weight: 400;\" aria-level=\"1\"><span style=\"font-weight: 400;\">Extra siln\u00e1 vrstva: poskytuje dobrou ochranu va\u0161im ruk\u00e1m;<\/span><\/li>\n\n \t<li style=\"font-weight: 400;\" aria-level=\"1\"><span style=\"font-weight: 400;\">P\u0159il\u00e9hav\u00e9, tak\u017ee se do rukavic nedostane \u017e\u00e1dn\u00fd nepo\u0159\u00e1dek;<\/span><\/li>\n\n \t<li style=\"font-weight: 400;\" aria-level=\"1\"><span style=\"font-weight: 400;\">Rukavice nedr\u00e1\u017ed\u00ed d\u00edky beze\u0161v\u00e9mu designu;<\/span><\/li>\n\n \t<li style=\"font-weight: 400;\" aria-level=\"1\"><span style=\"font-weight: 400;\">Vod\u011bodoln\u00e9: perfektn\u00ed rukavice pro magnet fishing!<\/span><\/li>\n\n<\/ul>\n\n<h2><b>Materi\u00e1l rukavic<\/b><\/h2>\n\n<span style=\"font-weight: 400;\">Rukavice jsou vyrobeny z latexu a nylonu. D\u00edky tomu jsou rukavice Triton na magnet fishing pevn\u00e9, vod\u011bodoln\u00e9 a kvalitn\u00ed.<\/span>\n\n\n\nKupte si sv\u00e9 rukavice na magnet fishing v kombinaci s na\u0161\u00edm <a href=\"https:\/\/magnetarmagnets.com\/collections\/fishing-magnets\/magnet-fishing-kit\/\" target=\"_blank\" rel=\"noopener\">Magnet Fishing setem<\/a> a jste p\u0159ipraveni vyrazit!","protected":false},"excerpt":{"rendered":"<p><span style=\"font-weight: 400;\"><strong>Skv\u011bl\u00fd \u00fachop, vod\u011bodoln\u00e9, p\u0159il\u00e9hav\u00e9 a vynikaj\u00edc\u00ed kvalita<\/strong>. A to v\u0161e za <strong>dostupnou<\/strong> cenu!<\/span><\/p>\n","protected":false},"featured_media":77959,"comment_status":"open","ping_status":"closed","template":"","meta":{"_acf_changed":false,"inline_featured_image":false},"product_brand":[],"product_cat":[563,564],"product_tag":[],"class_list":{"0":"post-83311","1":"product","2":"type-product","3":"status-publish","4":"has-post-thumbnail","6":"product_cat-vybaveni","7":"product_cat-vybaveni-pro-magnet-fishing","9":"first","10":"instock","11":"taxable","12":"shipping-taxable","13":"purchasable","14":"product-type-variable"},"acf":[],"yoast_head":"<!-- This site is optimized with the Yoast SEO plugin v27.3 - https:\/\/yoast.com\/product\/yoast-seo-wordpress\/ -->\n<title>Rukavice na magnet fishing - Magnet fishing with a Magnetar fishing magnet<\/title>\n<meta name=\"description\" content=\"Rukavice na magnet fishing - Nezbytn\u00e9 vybaven\u00ed od Magnetar\" \/>\n<meta name=\"robots\" content=\"index, follow, max-snippet:-1, max-image-preview:large, max-video-preview:-1\" \/>\n<link rel=\"canonical\" href=\"https:\/\/magnetarmagnets.com\/cs\/shop\/rukavice-na-magnet-fishing\/\" \/>\n<meta property=\"og:locale\" content=\"cs_CZ\" \/>\n<meta property=\"og:type\" content=\"article\" \/>\n<meta property=\"og:title\" content=\"Rukavice na magnet fishing - Magnet fishing with a Magnetar fishing magnet\" \/>\n<meta property=\"og:description\" content=\"Rukavice na magnet fishing - Nezbytn\u00e9 vybaven\u00ed od Magnetar\" \/>\n<meta property=\"og:url\" content=\"https:\/\/magnetarmagnets.com\/cs\/shop\/rukavice-na-magnet-fishing\/\" \/>\n<meta property=\"og:site_name\" content=\"Magnet fishing with a Magnetar fishing magnet\" \/>\n<meta property=\"article:publisher\" content=\"https:\/\/www.facebook.com\/fishingmagnets\/\" \/>\n<meta property=\"article:modified_time\" content=\"2025-10-29T08:25:38+00:00\" \/>\n<meta property=\"og:image\" content=\"https:\/\/magnetarmagnets.com\/wp-content\/uploads\/2021\/06\/Vismagneet-handschoen-scaled.jpg\" \/>\n\t<meta property=\"og:image:width\" content=\"2560\" \/>\n\t<meta property=\"og:image:height\" content=\"2560\" \/>\n\t<meta property=\"og:image:type\" content=\"image\/jpeg\" \/>\n<meta name=\"twitter:card\" content=\"summary_large_image\" \/>\n<meta name=\"twitter:label1\" content=\"Odhadovan\u00e1 doba \u010dten\u00ed\" \/>\n\t<meta name=\"twitter:data1\" content=\"2 minuty\" \/>\n<script type=\"application\/ld+json\" class=\"yoast-schema-graph\">{\"@context\":\"https:\\\/\\\/schema.org\",\"@graph\":[{\"@type\":[\"WebPage\",\"ItemPage\"],\"@id\":\"https:\\\/\\\/magnetarmagnets.com\\\/cs\\\/shop\\\/rukavice-na-magnet-fishing\\\/\",\"url\":\"https:\\\/\\\/magnetarmagnets.com\\\/cs\\\/shop\\\/rukavice-na-magnet-fishing\\\/\",\"name\":\"Rukavice na magnet fishing - Magnet fishing with a Magnetar fishing magnet\",\"isPartOf\":{\"@id\":\"https:\\\/\\\/magnetarmagnets.com\\\/cs\\\/#website\"},\"primaryImageOfPage\":{\"@id\":\"https:\\\/\\\/magnetarmagnets.com\\\/cs\\\/shop\\\/rukavice-na-magnet-fishing\\\/#primaryimage\"},\"image\":{\"@id\":\"https:\\\/\\\/magnetarmagnets.com\\\/cs\\\/shop\\\/rukavice-na-magnet-fishing\\\/#primaryimage\"},\"thumbnailUrl\":\"https:\\\/\\\/magnetarmagnets.com\\\/wp-content\\\/uploads\\\/2021\\\/06\\\/Vismagneet-handschoen-scaled.jpg\",\"datePublished\":\"2025-07-28T08:08:38+00:00\",\"dateModified\":\"2025-10-29T08:25:38+00:00\",\"description\":\"Rukavice na magnet fishing - Nezbytn\u00e9 vybaven\u00ed od Magnetar\",\"breadcrumb\":{\"@id\":\"https:\\\/\\\/magnetarmagnets.com\\\/cs\\\/shop\\\/rukavice-na-magnet-fishing\\\/#breadcrumb\"},\"inLanguage\":\"cs\",\"potentialAction\":[{\"@type\":\"ReadAction\",\"target\":[\"https:\\\/\\\/magnetarmagnets.com\\\/cs\\\/shop\\\/rukavice-na-magnet-fishing\\\/\"]}]},{\"@type\":\"ImageObject\",\"inLanguage\":\"cs\",\"@id\":\"https:\\\/\\\/magnetarmagnets.com\\\/cs\\\/shop\\\/rukavice-na-magnet-fishing\\\/#primaryimage\",\"url\":\"https:\\\/\\\/magnetarmagnets.com\\\/wp-content\\\/uploads\\\/2021\\\/06\\\/Vismagneet-handschoen-scaled.jpg\",\"contentUrl\":\"https:\\\/\\\/magnetarmagnets.com\\\/wp-content\\\/uploads\\\/2021\\\/06\\\/Vismagneet-handschoen-scaled.jpg\",\"width\":2560,\"height\":2560,\"caption\":\"magnet-fishing-gloves\"},{\"@type\":\"BreadcrumbList\",\"@id\":\"https:\\\/\\\/magnetarmagnets.com\\\/cs\\\/shop\\\/rukavice-na-magnet-fishing\\\/#breadcrumb\",\"itemListElement\":[{\"@type\":\"ListItem\",\"position\":1,\"name\":\"Home\",\"item\":\"https:\\\/\\\/magnetarmagnets.com\\\/cs\\\/\"},{\"@type\":\"ListItem\",\"position\":2,\"name\":\"Obchod\",\"item\":\"https:\\\/\\\/magnetarmagnets.com\\\/obchod\\\/\"},{\"@type\":\"ListItem\",\"position\":3,\"name\":\"Vybaven\u00ed\",\"item\":\"https:\\\/\\\/magnetarmagnets.com\\\/cs\\\/collections\\\/vybaveni\\\/\"},{\"@type\":\"ListItem\",\"position\":4,\"name\":\"Vybaven\u00ed pro magnet fishing\",\"item\":\"https:\\\/\\\/magnetarmagnets.com\\\/cs\\\/collections\\\/vybaveni\\\/vybaveni-pro-magnet-fishing\\\/\"},{\"@type\":\"ListItem\",\"position\":5,\"name\":\"Rukavice na magnet fishing\"}]},{\"@type\":\"WebSite\",\"@id\":\"https:\\\/\\\/magnetarmagnets.com\\\/cs\\\/#website\",\"url\":\"https:\\\/\\\/magnetarmagnets.com\\\/cs\\\/\",\"name\":\"Magnet fishing with a Magnetar fishing magnet\",\"description\":\"Siln\u00e9 magnety na magnet fishing\",\"publisher\":{\"@id\":\"https:\\\/\\\/magnetarmagnets.com\\\/cs\\\/#organization\"},\"potentialAction\":[{\"@type\":\"SearchAction\",\"target\":{\"@type\":\"EntryPoint\",\"urlTemplate\":\"https:\\\/\\\/magnetarmagnets.com\\\/cs\\\/?s={search_term_string}\"},\"query-input\":{\"@type\":\"PropertyValueSpecification\",\"valueRequired\":true,\"valueName\":\"search_term_string\"}}],\"inLanguage\":\"cs\"},{\"@type\":\"Organization\",\"@id\":\"https:\\\/\\\/magnetarmagnets.com\\\/cs\\\/#organization\",\"name\":\"Magnetar\",\"url\":\"https:\\\/\\\/magnetarmagnets.com\\\/cs\\\/\",\"logo\":{\"@type\":\"ImageObject\",\"inLanguage\":\"cs\",\"@id\":\"https:\\\/\\\/magnetarmagnets.com\\\/cs\\\/#\\\/schema\\\/logo\\\/image\\\/\",\"url\":\"https:\\\/\\\/magnetarmagnets.com\\\/wp-content\\\/uploads\\\/2025\\\/05\\\/Logo-03_PNG-Black-scaled.png\",\"contentUrl\":\"https:\\\/\\\/magnetarmagnets.com\\\/wp-content\\\/uploads\\\/2025\\\/05\\\/Logo-03_PNG-Black-scaled.png\",\"width\":2560,\"height\":1658,\"caption\":\"Magnetar\"},\"image\":{\"@id\":\"https:\\\/\\\/magnetarmagnets.com\\\/cs\\\/#\\\/schema\\\/logo\\\/image\\\/\"},\"sameAs\":[\"https:\\\/\\\/www.facebook.com\\\/fishingmagnets\\\/\",\"https:\\\/\\\/www.instagram.com\\\/magnetar_magnets\\\/\",\"https:\\\/\\\/www.linkedin.com\\\/company\\\/magnetarbv\\\/?originalSubdomain=nl\",\"https:\\\/\\\/www.youtube.com\\\/c\\\/MagnetarVismagneet\"]}]}<\/script>\n<!-- \/ Yoast SEO plugin. -->","yoast_head_json":{"title":"Rukavice na magnet fishing - Magnet fishing with a Magnetar fishing magnet","description":"Rukavice na magnet fishing - Nezbytn\u00e9 vybaven\u00ed od Magnetar","robots":{"index":"index","follow":"follow","max-snippet":"max-snippet:-1","max-image-preview":"max-image-preview:large","max-video-preview":"max-video-preview:-1"},"canonical":"https:\/\/magnetarmagnets.com\/cs\/shop\/rukavice-na-magnet-fishing\/","og_locale":"cs_CZ","og_type":"article","og_title":"Rukavice na magnet fishing - Magnet fishing with a Magnetar fishing magnet","og_description":"Rukavice na magnet fishing - Nezbytn\u00e9 vybaven\u00ed od Magnetar","og_url":"https:\/\/magnetarmagnets.com\/cs\/shop\/rukavice-na-magnet-fishing\/","og_site_name":"Magnet fishing with a Magnetar fishing magnet","article_publisher":"https:\/\/www.facebook.com\/fishingmagnets\/","article_modified_time":"2025-10-29T08:25:38+00:00","og_image":[{"width":2560,"height":2560,"url":"https:\/\/magnetarmagnets.com\/wp-content\/uploads\/2021\/06\/Vismagneet-handschoen-scaled.jpg","type":"image\/jpeg"}],"twitter_card":"summary_large_image","twitter_misc":{"Odhadovan\u00e1 doba \u010dten\u00ed":"2 minuty"},"schema":{"@context":"https:\/\/schema.org","@graph":[{"@type":["WebPage","ItemPage"],"@id":"https:\/\/magnetarmagnets.com\/cs\/shop\/rukavice-na-magnet-fishing\/","url":"https:\/\/magnetarmagnets.com\/cs\/shop\/rukavice-na-magnet-fishing\/","name":"Rukavice na magnet fishing - Magnet fishing with a Magnetar fishing magnet","isPartOf":{"@id":"https:\/\/magnetarmagnets.com\/cs\/#website"},"primaryImageOfPage":{"@id":"https:\/\/magnetarmagnets.com\/cs\/shop\/rukavice-na-magnet-fishing\/#primaryimage"},"image":{"@id":"https:\/\/magnetarmagnets.com\/cs\/shop\/rukavice-na-magnet-fishing\/#primaryimage"},"thumbnailUrl":"https:\/\/magnetarmagnets.com\/wp-content\/uploads\/2021\/06\/Vismagneet-handschoen-scaled.jpg","datePublished":"2025-07-28T08:08:38+00:00","dateModified":"2025-10-29T08:25:38+00:00","description":"Rukavice na magnet fishing - Nezbytn\u00e9 vybaven\u00ed od Magnetar","breadcrumb":{"@id":"https:\/\/magnetarmagnets.com\/cs\/shop\/rukavice-na-magnet-fishing\/#breadcrumb"},"inLanguage":"cs","potentialAction":[{"@type":"ReadAction","target":["https:\/\/magnetarmagnets.com\/cs\/shop\/rukavice-na-magnet-fishing\/"]}]},{"@type":"ImageObject","inLanguage":"cs","@id":"https:\/\/magnetarmagnets.com\/cs\/shop\/rukavice-na-magnet-fishing\/#primaryimage","url":"https:\/\/magnetarmagnets.com\/wp-content\/uploads\/2021\/06\/Vismagneet-handschoen-scaled.jpg","contentUrl":"https:\/\/magnetarmagnets.com\/wp-content\/uploads\/2021\/06\/Vismagneet-handschoen-scaled.jpg","width":2560,"height":2560,"caption":"magnet-fishing-gloves"},{"@type":"BreadcrumbList","@id":"https:\/\/magnetarmagnets.com\/cs\/shop\/rukavice-na-magnet-fishing\/#breadcrumb","itemListElement":[{"@type":"ListItem","position":1,"name":"Home","item":"https:\/\/magnetarmagnets.com\/cs\/"},{"@type":"ListItem","position":2,"name":"Obchod","item":"https:\/\/magnetarmagnets.com\/obchod\/"},{"@type":"ListItem","position":3,"name":"Vybaven\u00ed","item":"https:\/\/magnetarmagnets.com\/cs\/collections\/vybaveni\/"},{"@type":"ListItem","position":4,"name":"Vybaven\u00ed pro magnet fishing","item":"https:\/\/magnetarmagnets.com\/cs\/collections\/vybaveni\/vybaveni-pro-magnet-fishing\/"},{"@type":"ListItem","position":5,"name":"Rukavice na magnet fishing"}]},{"@type":"WebSite","@id":"https:\/\/magnetarmagnets.com\/cs\/#website","url":"https:\/\/magnetarmagnets.com\/cs\/","name":"Magnet fishing with a Magnetar fishing magnet","description":"Siln\u00e9 magnety na magnet fishing","publisher":{"@id":"https:\/\/magnetarmagnets.com\/cs\/#organization"},"potentialAction":[{"@type":"SearchAction","target":{"@type":"EntryPoint","urlTemplate":"https:\/\/magnetarmagnets.com\/cs\/?s={search_term_string}"},"query-input":{"@type":"PropertyValueSpecification","valueRequired":true,"valueName":"search_term_string"}}],"inLanguage":"cs"},{"@type":"Organization","@id":"https:\/\/magnetarmagnets.com\/cs\/#organization","name":"Magnetar","url":"https:\/\/magnetarmagnets.com\/cs\/","logo":{"@type":"ImageObject","inLanguage":"cs","@id":"https:\/\/magnetarmagnets.com\/cs\/#\/schema\/logo\/image\/","url":"https:\/\/magnetarmagnets.com\/wp-content\/uploads\/2025\/05\/Logo-03_PNG-Black-scaled.png","contentUrl":"https:\/\/magnetarmagnets.com\/wp-content\/uploads\/2025\/05\/Logo-03_PNG-Black-scaled.png","width":2560,"height":1658,"caption":"Magnetar"},"image":{"@id":"https:\/\/magnetarmagnets.com\/cs\/#\/schema\/logo\/image\/"},"sameAs":["https:\/\/www.facebook.com\/fishingmagnets\/","https:\/\/www.instagram.com\/magnetar_magnets\/","https:\/\/www.linkedin.com\/company\/magnetarbv\/?originalSubdomain=nl","https:\/\/www.youtube.com\/c\/MagnetarVismagneet"]}]}},"_links":{"self":[{"href":"https:\/\/magnetarmagnets.com\/cs\/wp-json\/wp\/v2\/product\/83311","targetHints":{"allow":["GET"]}}],"collection":[{"href":"https:\/\/magnetarmagnets.com\/cs\/wp-json\/wp\/v2\/product"}],"about":[{"href":"https:\/\/magnetarmagnets.com\/cs\/wp-json\/wp\/v2\/types\/product"}],"replies":[{"embeddable":true,"href":"https:\/\/magnetarmagnets.com\/cs\/wp-json\/wp\/v2\/comments?post=83311"}],"version-history":[{"count":0,"href":"https:\/\/magnetarmagnets.com\/cs\/wp-json\/wp\/v2\/product\/83311\/revisions"}],"wp:featuredmedia":[{"embeddable":true,"href":"https:\/\/magnetarmagnets.com\/cs\/wp-json\/wp\/v2\/media\/77959"}],"wp:attachment":[{"href":"https:\/\/magnetarmagnets.com\/cs\/wp-json\/wp\/v2\/media?parent=83311"}],"wp:term":[{"taxonomy":"product_brand","embeddable":true,"href":"https:\/\/magnetarmagnets.com\/cs\/wp-json\/wp\/v2\/product_brand?post=83311"},{"taxonomy":"product_cat","embeddable":true,"href":"https:\/\/magnetarmagnets.com\/cs\/wp-json\/wp\/v2\/product_cat?post=83311"},{"taxonomy":"product_tag","embeddable":true,"href":"https:\/\/magnetarmagnets.com\/cs\/wp-json\/wp\/v2\/product_tag?post=83311"}],"curies":[{"name":"wp","href":"https:\/\/api.w.org\/{rel}","templated":true}]}}