{"id":83305,"date":"2025-06-05T09:53:04","date_gmt":"2025-06-05T07:53:04","guid":{"rendered":"https:\/\/magnetarmagnets.com\/?post_type=product&#038;p=83305"},"modified":"2026-04-03T06:00:36","modified_gmt":"2026-04-03T04:00:36","slug":"sada-magnetu-pro-svarovani","status":"publish","type":"product","link":"https:\/\/magnetarmagnets.com\/cs\/shop\/sada-magnetu-pro-svarovani\/","title":{"rendered":"Sada magnet\u016f pro sva\u0159ov\u00e1n\u00ed"},"content":{"rendered":"Jste sv\u00e1\u0159e\u010d hledaj\u00edc\u00ed n\u00e1stroje pro svou pr\u00e1ci? Pak jste na spr\u00e1vn\u00e9m m\u00edst\u011b u Magnetar. Sada magnet\u016f pro sva\u0159ov\u00e1n\u00ed obsahuje \u0161est kus\u016f vybaven\u00ed, kter\u00e9 v\u00e1m pomohou udr\u017eet kovov\u00e9 p\u0159edm\u011bty na m\u00edst\u011b. To v\u00fdrazn\u011b usnadn\u00ed va\u0161i pr\u00e1ci, tak\u017ee se m\u016f\u017eete soust\u0159edit na to, co opravdu um\u00edte: sva\u0159ov\u00e1n\u00ed!\n\n<h2>Kompletn\u00ed sada magnet\u016f pro sva\u0159ovac\u00ed \u00fakoly<\/h2>\n\nP\u0159i sva\u0159ov\u00e1n\u00ed m\u016f\u017ee b\u00fdt v\u00fdzvou udr\u017eet kovov\u00e9 p\u0159edm\u011bty na m\u00edst\u011b. Na\u0161t\u011bst\u00ed existuje \u0159e\u0161en\u00ed. Sada magnet\u016f pro sva\u0159ov\u00e1n\u00ed od Magnetar obsahuje \u0161est magnet\u016f, v\u0161echny v r\u016fzn\u00fdch tvarech, aby bylo mo\u017en\u00e9 efektivn\u011b prov\u00e1d\u011bt r\u016fzn\u00e9 \u00fakoly. Praktick\u00e9, \u017ee?\n\n\n\nMagnety ve sva\u0159ovac\u00ed sad\u011b dr\u017e\u00ed kovov\u00e9 p\u0159edm\u011bty pod r\u016fzn\u00fdmi \u00fahly. Umo\u017e\u0148uj\u00ed v\u00e1m tak sva\u0159ovat kov pod \u00fahly 30\u00b0, 45\u00b0, 60\u00b0, 75\u00b0, 90\u00b0 a 135\u00b0 bez probl\u00e9m\u016f.","protected":false},"excerpt":{"rendered":"<p>Tato sada magnet\u016f pro sva\u0159ov\u00e1n\u00ed v\u00fdrazn\u011b usnad\u0148uje pr\u00e1ci sv\u00e1\u0159e\u010de. Obdr\u017e\u00edte \u0161est magnet\u016f, kter\u00e9 v\u00e1m umo\u017en\u00ed sva\u0159ovat pod r\u016fzn\u00fdmi \u00fahly.<\/p>\n","protected":false},"featured_media":79804,"comment_status":"open","ping_status":"closed","template":"","meta":{"_acf_changed":false,"inline_featured_image":false},"product_brand":[],"product_cat":[592,596,588],"product_tag":[],"class_list":{"0":"post-83305","1":"product","2":"type-product","3":"status-publish","4":"has-post-thumbnail","6":"product_cat-akcesoria-magnetyczne","7":"product_cat-inne","8":"product_cat-sprzet","10":"first","11":"instock","12":"taxable","13":"shipping-taxable","14":"purchasable","15":"product-type-simple"},"acf":[],"yoast_head":"<!-- This site is optimized with the Yoast SEO plugin v27.3 - https:\/\/yoast.com\/product\/yoast-seo-wordpress\/ -->\n<title>Sada magnet\u016f pro sva\u0159ov\u00e1n\u00ed - Magnet fishing with a Magnetar fishing magnet<\/title>\n<meta name=\"description\" content=\"Sada magnet\u016f pro sva\u0159ov\u00e1n\u00ed - Praktick\u00e9 n\u00e1stroje od Magnetar\" \/>\n<meta name=\"robots\" content=\"index, follow, max-snippet:-1, max-image-preview:large, max-video-preview:-1\" \/>\n<link rel=\"canonical\" href=\"https:\/\/magnetarmagnets.com\/cs\/shop\/sada-magnetu-pro-svarovani\/\" \/>\n<meta property=\"og:locale\" content=\"cs_CZ\" \/>\n<meta property=\"og:type\" content=\"article\" \/>\n<meta property=\"og:title\" content=\"Sada magnet\u016f pro sva\u0159ov\u00e1n\u00ed - Magnet fishing with a Magnetar fishing magnet\" \/>\n<meta property=\"og:description\" content=\"Sada magnet\u016f pro sva\u0159ov\u00e1n\u00ed - Praktick\u00e9 n\u00e1stroje od Magnetar\" \/>\n<meta property=\"og:url\" content=\"https:\/\/magnetarmagnets.com\/cs\/shop\/sada-magnetu-pro-svarovani\/\" \/>\n<meta property=\"og:site_name\" content=\"Magnet fishing with a Magnetar fishing magnet\" \/>\n<meta property=\"article:publisher\" content=\"https:\/\/www.facebook.com\/fishingmagnets\/\" \/>\n<meta property=\"article:modified_time\" content=\"2026-04-03T04:00:36+00:00\" \/>\n<meta property=\"og:image\" content=\"https:\/\/magnetarmagnets.com\/wp-content\/uploads\/2023\/09\/JNF-Magnetar-Bedrijfsfotografie-01-09-2023-Foto-0279.jpg\" \/>\n\t<meta property=\"og:image:width\" content=\"1000\" \/>\n\t<meta property=\"og:image:height\" content=\"1000\" \/>\n\t<meta property=\"og:image:type\" content=\"image\/jpeg\" \/>\n<meta name=\"twitter:card\" content=\"summary_large_image\" \/>\n<meta name=\"twitter:label1\" content=\"Odhadovan\u00e1 doba \u010dten\u00ed\" \/>\n\t<meta name=\"twitter:data1\" content=\"1 minuta\" \/>\n<script type=\"application\/ld+json\" class=\"yoast-schema-graph\">{\"@context\":\"https:\\\/\\\/schema.org\",\"@graph\":[{\"@type\":[\"WebPage\",\"ItemPage\"],\"@id\":\"https:\\\/\\\/magnetarmagnets.com\\\/cs\\\/shop\\\/sada-magnetu-pro-svarovani\\\/\",\"url\":\"https:\\\/\\\/magnetarmagnets.com\\\/cs\\\/shop\\\/sada-magnetu-pro-svarovani\\\/\",\"name\":\"Sada magnet\u016f pro sva\u0159ov\u00e1n\u00ed - Magnet fishing with a Magnetar fishing magnet\",\"isPartOf\":{\"@id\":\"https:\\\/\\\/magnetarmagnets.com\\\/cs\\\/#website\"},\"primaryImageOfPage\":{\"@id\":\"https:\\\/\\\/magnetarmagnets.com\\\/cs\\\/shop\\\/sada-magnetu-pro-svarovani\\\/#primaryimage\"},\"image\":{\"@id\":\"https:\\\/\\\/magnetarmagnets.com\\\/cs\\\/shop\\\/sada-magnetu-pro-svarovani\\\/#primaryimage\"},\"thumbnailUrl\":\"https:\\\/\\\/magnetarmagnets.com\\\/wp-content\\\/uploads\\\/2023\\\/09\\\/JNF-Magnetar-Bedrijfsfotografie-01-09-2023-Foto-0279.jpg\",\"datePublished\":\"2025-06-05T07:53:04+00:00\",\"dateModified\":\"2026-04-03T04:00:36+00:00\",\"description\":\"Sada magnet\u016f pro sva\u0159ov\u00e1n\u00ed - Praktick\u00e9 n\u00e1stroje od Magnetar\",\"breadcrumb\":{\"@id\":\"https:\\\/\\\/magnetarmagnets.com\\\/cs\\\/shop\\\/sada-magnetu-pro-svarovani\\\/#breadcrumb\"},\"inLanguage\":\"cs\",\"potentialAction\":[{\"@type\":\"ReadAction\",\"target\":[\"https:\\\/\\\/magnetarmagnets.com\\\/cs\\\/shop\\\/sada-magnetu-pro-svarovani\\\/\"]}]},{\"@type\":\"ImageObject\",\"inLanguage\":\"cs\",\"@id\":\"https:\\\/\\\/magnetarmagnets.com\\\/cs\\\/shop\\\/sada-magnetu-pro-svarovani\\\/#primaryimage\",\"url\":\"https:\\\/\\\/magnetarmagnets.com\\\/wp-content\\\/uploads\\\/2023\\\/09\\\/JNF-Magnetar-Bedrijfsfotografie-01-09-2023-Foto-0279.jpg\",\"contentUrl\":\"https:\\\/\\\/magnetarmagnets.com\\\/wp-content\\\/uploads\\\/2023\\\/09\\\/JNF-Magnetar-Bedrijfsfotografie-01-09-2023-Foto-0279.jpg\",\"width\":1000,\"height\":1000,\"caption\":\"This welding angle set from Magnetar helps you with welding.\"},{\"@type\":\"BreadcrumbList\",\"@id\":\"https:\\\/\\\/magnetarmagnets.com\\\/cs\\\/shop\\\/sada-magnetu-pro-svarovani\\\/#breadcrumb\",\"itemListElement\":[{\"@type\":\"ListItem\",\"position\":1,\"name\":\"Home\",\"item\":\"https:\\\/\\\/magnetarmagnets.com\\\/cs\\\/\"},{\"@type\":\"ListItem\",\"position\":2,\"name\":\"Obchod\",\"item\":\"https:\\\/\\\/magnetarmagnets.com\\\/obchod\\\/\"},{\"@type\":\"ListItem\",\"position\":3,\"name\":\"Vybaven\u00ed\",\"item\":\"https:\\\/\\\/magnetarmagnets.com\\\/cs\\\/collections\\\/vybaveni\\\/\"},{\"@type\":\"ListItem\",\"position\":4,\"name\":\"Magnetick\u00e9 dopl\u0148ky\",\"item\":\"https:\\\/\\\/magnetarmagnets.com\\\/cs\\\/collections\\\/vybaveni\\\/magneticke-doplnky\\\/\"},{\"@type\":\"ListItem\",\"position\":5,\"name\":\"Sada magnet\u016f pro sva\u0159ov\u00e1n\u00ed\"}]},{\"@type\":\"WebSite\",\"@id\":\"https:\\\/\\\/magnetarmagnets.com\\\/cs\\\/#website\",\"url\":\"https:\\\/\\\/magnetarmagnets.com\\\/cs\\\/\",\"name\":\"Magnet fishing with a Magnetar fishing magnet\",\"description\":\"Siln\u00e9 magnety na magnet fishing\",\"publisher\":{\"@id\":\"https:\\\/\\\/magnetarmagnets.com\\\/cs\\\/#organization\"},\"potentialAction\":[{\"@type\":\"SearchAction\",\"target\":{\"@type\":\"EntryPoint\",\"urlTemplate\":\"https:\\\/\\\/magnetarmagnets.com\\\/cs\\\/?s={search_term_string}\"},\"query-input\":{\"@type\":\"PropertyValueSpecification\",\"valueRequired\":true,\"valueName\":\"search_term_string\"}}],\"inLanguage\":\"cs\"},{\"@type\":\"Organization\",\"@id\":\"https:\\\/\\\/magnetarmagnets.com\\\/cs\\\/#organization\",\"name\":\"Magnetar\",\"url\":\"https:\\\/\\\/magnetarmagnets.com\\\/cs\\\/\",\"logo\":{\"@type\":\"ImageObject\",\"inLanguage\":\"cs\",\"@id\":\"https:\\\/\\\/magnetarmagnets.com\\\/cs\\\/#\\\/schema\\\/logo\\\/image\\\/\",\"url\":\"https:\\\/\\\/magnetarmagnets.com\\\/wp-content\\\/uploads\\\/2025\\\/05\\\/Logo-03_PNG-Black-scaled.png\",\"contentUrl\":\"https:\\\/\\\/magnetarmagnets.com\\\/wp-content\\\/uploads\\\/2025\\\/05\\\/Logo-03_PNG-Black-scaled.png\",\"width\":2560,\"height\":1658,\"caption\":\"Magnetar\"},\"image\":{\"@id\":\"https:\\\/\\\/magnetarmagnets.com\\\/cs\\\/#\\\/schema\\\/logo\\\/image\\\/\"},\"sameAs\":[\"https:\\\/\\\/www.facebook.com\\\/fishingmagnets\\\/\",\"https:\\\/\\\/www.instagram.com\\\/magnetar_magnets\\\/\",\"https:\\\/\\\/www.linkedin.com\\\/company\\\/magnetarbv\\\/?originalSubdomain=nl\",\"https:\\\/\\\/www.youtube.com\\\/c\\\/MagnetarVismagneet\"]}]}<\/script>\n<!-- \/ Yoast SEO plugin. -->","yoast_head_json":{"title":"Sada magnet\u016f pro sva\u0159ov\u00e1n\u00ed - Magnet fishing with a Magnetar fishing magnet","description":"Sada magnet\u016f pro sva\u0159ov\u00e1n\u00ed - Praktick\u00e9 n\u00e1stroje od Magnetar","robots":{"index":"index","follow":"follow","max-snippet":"max-snippet:-1","max-image-preview":"max-image-preview:large","max-video-preview":"max-video-preview:-1"},"canonical":"https:\/\/magnetarmagnets.com\/cs\/shop\/sada-magnetu-pro-svarovani\/","og_locale":"cs_CZ","og_type":"article","og_title":"Sada magnet\u016f pro sva\u0159ov\u00e1n\u00ed - Magnet fishing with a Magnetar fishing magnet","og_description":"Sada magnet\u016f pro sva\u0159ov\u00e1n\u00ed - Praktick\u00e9 n\u00e1stroje od Magnetar","og_url":"https:\/\/magnetarmagnets.com\/cs\/shop\/sada-magnetu-pro-svarovani\/","og_site_name":"Magnet fishing with a Magnetar fishing magnet","article_publisher":"https:\/\/www.facebook.com\/fishingmagnets\/","article_modified_time":"2026-04-03T04:00:36+00:00","og_image":[{"width":1000,"height":1000,"url":"https:\/\/magnetarmagnets.com\/wp-content\/uploads\/2023\/09\/JNF-Magnetar-Bedrijfsfotografie-01-09-2023-Foto-0279.jpg","type":"image\/jpeg"}],"twitter_card":"summary_large_image","twitter_misc":{"Odhadovan\u00e1 doba \u010dten\u00ed":"1 minuta"},"schema":{"@context":"https:\/\/schema.org","@graph":[{"@type":["WebPage","ItemPage"],"@id":"https:\/\/magnetarmagnets.com\/cs\/shop\/sada-magnetu-pro-svarovani\/","url":"https:\/\/magnetarmagnets.com\/cs\/shop\/sada-magnetu-pro-svarovani\/","name":"Sada magnet\u016f pro sva\u0159ov\u00e1n\u00ed - Magnet fishing with a Magnetar fishing magnet","isPartOf":{"@id":"https:\/\/magnetarmagnets.com\/cs\/#website"},"primaryImageOfPage":{"@id":"https:\/\/magnetarmagnets.com\/cs\/shop\/sada-magnetu-pro-svarovani\/#primaryimage"},"image":{"@id":"https:\/\/magnetarmagnets.com\/cs\/shop\/sada-magnetu-pro-svarovani\/#primaryimage"},"thumbnailUrl":"https:\/\/magnetarmagnets.com\/wp-content\/uploads\/2023\/09\/JNF-Magnetar-Bedrijfsfotografie-01-09-2023-Foto-0279.jpg","datePublished":"2025-06-05T07:53:04+00:00","dateModified":"2026-04-03T04:00:36+00:00","description":"Sada magnet\u016f pro sva\u0159ov\u00e1n\u00ed - Praktick\u00e9 n\u00e1stroje od Magnetar","breadcrumb":{"@id":"https:\/\/magnetarmagnets.com\/cs\/shop\/sada-magnetu-pro-svarovani\/#breadcrumb"},"inLanguage":"cs","potentialAction":[{"@type":"ReadAction","target":["https:\/\/magnetarmagnets.com\/cs\/shop\/sada-magnetu-pro-svarovani\/"]}]},{"@type":"ImageObject","inLanguage":"cs","@id":"https:\/\/magnetarmagnets.com\/cs\/shop\/sada-magnetu-pro-svarovani\/#primaryimage","url":"https:\/\/magnetarmagnets.com\/wp-content\/uploads\/2023\/09\/JNF-Magnetar-Bedrijfsfotografie-01-09-2023-Foto-0279.jpg","contentUrl":"https:\/\/magnetarmagnets.com\/wp-content\/uploads\/2023\/09\/JNF-Magnetar-Bedrijfsfotografie-01-09-2023-Foto-0279.jpg","width":1000,"height":1000,"caption":"This welding angle set from Magnetar helps you with welding."},{"@type":"BreadcrumbList","@id":"https:\/\/magnetarmagnets.com\/cs\/shop\/sada-magnetu-pro-svarovani\/#breadcrumb","itemListElement":[{"@type":"ListItem","position":1,"name":"Home","item":"https:\/\/magnetarmagnets.com\/cs\/"},{"@type":"ListItem","position":2,"name":"Obchod","item":"https:\/\/magnetarmagnets.com\/obchod\/"},{"@type":"ListItem","position":3,"name":"Vybaven\u00ed","item":"https:\/\/magnetarmagnets.com\/cs\/collections\/vybaveni\/"},{"@type":"ListItem","position":4,"name":"Magnetick\u00e9 dopl\u0148ky","item":"https:\/\/magnetarmagnets.com\/cs\/collections\/vybaveni\/magneticke-doplnky\/"},{"@type":"ListItem","position":5,"name":"Sada magnet\u016f pro sva\u0159ov\u00e1n\u00ed"}]},{"@type":"WebSite","@id":"https:\/\/magnetarmagnets.com\/cs\/#website","url":"https:\/\/magnetarmagnets.com\/cs\/","name":"Magnet fishing with a Magnetar fishing magnet","description":"Siln\u00e9 magnety na magnet fishing","publisher":{"@id":"https:\/\/magnetarmagnets.com\/cs\/#organization"},"potentialAction":[{"@type":"SearchAction","target":{"@type":"EntryPoint","urlTemplate":"https:\/\/magnetarmagnets.com\/cs\/?s={search_term_string}"},"query-input":{"@type":"PropertyValueSpecification","valueRequired":true,"valueName":"search_term_string"}}],"inLanguage":"cs"},{"@type":"Organization","@id":"https:\/\/magnetarmagnets.com\/cs\/#organization","name":"Magnetar","url":"https:\/\/magnetarmagnets.com\/cs\/","logo":{"@type":"ImageObject","inLanguage":"cs","@id":"https:\/\/magnetarmagnets.com\/cs\/#\/schema\/logo\/image\/","url":"https:\/\/magnetarmagnets.com\/wp-content\/uploads\/2025\/05\/Logo-03_PNG-Black-scaled.png","contentUrl":"https:\/\/magnetarmagnets.com\/wp-content\/uploads\/2025\/05\/Logo-03_PNG-Black-scaled.png","width":2560,"height":1658,"caption":"Magnetar"},"image":{"@id":"https:\/\/magnetarmagnets.com\/cs\/#\/schema\/logo\/image\/"},"sameAs":["https:\/\/www.facebook.com\/fishingmagnets\/","https:\/\/www.instagram.com\/magnetar_magnets\/","https:\/\/www.linkedin.com\/company\/magnetarbv\/?originalSubdomain=nl","https:\/\/www.youtube.com\/c\/MagnetarVismagneet"]}]}},"_links":{"self":[{"href":"https:\/\/magnetarmagnets.com\/cs\/wp-json\/wp\/v2\/product\/83305","targetHints":{"allow":["GET"]}}],"collection":[{"href":"https:\/\/magnetarmagnets.com\/cs\/wp-json\/wp\/v2\/product"}],"about":[{"href":"https:\/\/magnetarmagnets.com\/cs\/wp-json\/wp\/v2\/types\/product"}],"replies":[{"embeddable":true,"href":"https:\/\/magnetarmagnets.com\/cs\/wp-json\/wp\/v2\/comments?post=83305"}],"version-history":[{"count":0,"href":"https:\/\/magnetarmagnets.com\/cs\/wp-json\/wp\/v2\/product\/83305\/revisions"}],"wp:featuredmedia":[{"embeddable":true,"href":"https:\/\/magnetarmagnets.com\/cs\/wp-json\/wp\/v2\/media\/79804"}],"wp:attachment":[{"href":"https:\/\/magnetarmagnets.com\/cs\/wp-json\/wp\/v2\/media?parent=83305"}],"wp:term":[{"taxonomy":"product_brand","embeddable":true,"href":"https:\/\/magnetarmagnets.com\/cs\/wp-json\/wp\/v2\/product_brand?post=83305"},{"taxonomy":"product_cat","embeddable":true,"href":"https:\/\/magnetarmagnets.com\/cs\/wp-json\/wp\/v2\/product_cat?post=83305"},{"taxonomy":"product_tag","embeddable":true,"href":"https:\/\/magnetarmagnets.com\/cs\/wp-json\/wp\/v2\/product_tag?post=83305"}],"curies":[{"name":"wp","href":"https:\/\/api.w.org\/{rel}","templated":true}]}}