{"id":83304,"date":"2025-06-05T09:53:05","date_gmt":"2025-06-05T07:53:05","guid":{"rendered":"https:\/\/magnetarmagnets.com\/?post_type=product&#038;p=83304"},"modified":"2026-04-04T07:14:43","modified_gmt":"2026-04-04T05:14:43","slug":"hacek-xxl","status":"publish","type":"product","link":"https:\/\/magnetarmagnets.com\/cs\/shop\/hacek-xxl\/","title":{"rendered":"H\u00e1\u010dek XXL"},"content":{"rendered":"<h2><strong>Opravdu pot\u0159ebuji h\u00e1\u010dek XXL pro magnet fishing?<\/strong><\/h2>\n\nJe ur\u010dit\u011b mo\u017en\u00e9 lovit magnetem pouze s ryb\u00e1\u0159sk\u00fdm magnetem a spolehliv\u00fdm lanem. Pou\u017eit\u00ed h\u00e1\u010dku XXL nen\u00ed povinnost\u00ed. P\u0159esto v\u0161ak fanatici magnet fishingu doporu\u010dujeme tento dopln\u011bk pou\u017e\u00edvat. Aby bylo mo\u017en\u00e9 vyt\u00e1hnout ty nejzaj\u00edmav\u011bj\u0161\u00ed n\u00e1lezy, \u010dasto nesta\u010d\u00ed jen ryb\u00e1\u0159sk\u00fd magnet. Kameny a jin\u00e9 nemagnetick\u00e9 p\u0159edm\u011bty mohou zp\u016fsobit, \u017ee va\u0161e vytou\u017een\u00e9 n\u00e1lezy z\u016fstanou zasekl\u00e9. V t\u011bchto p\u0159\u00edpadech m\u016f\u017ee h\u00e1\u010dek situaci vy\u0159e\u0161it.\n\n<h2><strong>Velk\u00fd h\u00e1\u010dek<\/strong><\/h2>\n\nMagnetar usiluje o vynikaj\u00edc\u00ed kvalitu. Nejen na\u0161e ryb\u00e1\u0159sk\u00e9 magnety jsou nejvy\u0161\u0161\u00ed kvality, ale tak\u00e9 v\u0161echny na\u0161e dopl\u0148ky, v\u010detn\u011b h\u00e1\u010dk\u016f. H\u00e1\u010dek XXL je extra velk\u00fd a t\u011b\u017ek\u00fd, aby zaru\u010dil optim\u00e1ln\u00ed \u00fa\u010dinnost. Tento produkt je vysok\u00fd 24 cm a \u0161irok\u00fd necel\u00fdch 20 cm. T\u011b\u017ek\u00e1 v\u00e1ha h\u00e1\u010dku p\u0159es 600 g zp\u016fsobuje, \u017ee h\u00e1\u010dek snadno kles\u00e1 ke dnu. T\u00edm z\u00edsk\u00e1te nejlep\u0161\u00ed \u00fachop na p\u0159edm\u011bty skryt\u00e9 pod vodou.\n\n\n\nH\u00e1\u010dek XXL je cel\u00fd vyroben z nerezov\u00e9 oceli. To samoz\u0159ejm\u011b pozitivn\u011b ovliv\u0148uje odolnost. Nav\u00edc pou\u017eit\u00ed nerezov\u00e9 oceli zaji\u0161\u0165uje, \u017ee h\u00e1\u010dek nen\u00ed magnetick\u00fd a perfektn\u011b funguje vedle ryb\u00e1\u0159sk\u00e9ho magnetu. Zpevn\u011bn\u00e9 hroty zv\u011bt\u0161uj\u00ed \u0161ance na zachycen\u00ed p\u0159edm\u011btu, kter\u00fd se sna\u017e\u00edte vyt\u00e1hnout z vody.\n\n<h2><strong>Jak pou\u017e\u00edvat h\u00e1\u010dek XXL?<\/strong><\/h2>\n\nH\u00e1\u010dek XXL se pou\u017e\u00edv\u00e1 spole\u010dn\u011b s lanem. Jak\u00fdkoli druh lana bude fungovat, ale doporu\u010dujeme pou\u017e\u00edt na\u0161e speci\u00e1ln\u011b navr\u017een\u00e9 lano pro magnet fishing. Toto lano m\u00e1 smy\u010dku, kter\u00e1 usnad\u0148uje uv\u00e1z\u00e1n\u00ed. H\u00e1\u010dek m\u00e1 na vrchu oko, ke kter\u00e9mu lze lano p\u0159ipevnit.\n\n\n\nKdy\u017e h\u00e1\u010dek pou\u017eijete k uvoln\u011bn\u00ed ryb\u00e1\u0159sk\u00e9ho magnetu, ho\u010fte dopln\u011bk stejn\u00fdm sm\u011brem jako magnet. Zachytil jste p\u0159edm\u011bt? Nyn\u00ed sou\u010dasn\u011b t\u00e1hn\u011bte ob\u011b lana, magnetu i h\u00e1\u010dku. T\u00e1hn\u011bte opatrn\u011b, aby h\u00e1\u010dek neztratil \u00fachop.\n\n\n\nH\u00e1\u010dek lze tak\u00e9 pou\u017e\u00edt k vytahov\u00e1n\u00ed nemagnetick\u00fdch p\u0159edm\u011bt\u016f. Po\u010dkejte, a\u017e h\u00e1\u010dek \u00fapln\u011b klesne ke dnu. Pot\u00e9 opatrn\u011b vytahujte lano. Samoz\u0159ejm\u011b pou\u017e\u00edvejte rukavice, abyste ochr\u00e1nili ruce p\u0159ed t\u0159en\u00edm lana.\n\n<h2><strong>Jak\u00e9 materi\u00e1ly nejsou magnetick\u00e9?<\/strong><\/h2>\n\n<a href=\"https:\/\/magnetarmagnets.com\/collections\/fishing-magnets\">Ryb\u00e1\u0159sk\u00e9 magnety<\/a> jsou ur\u010deny k vytahov\u00e1n\u00ed magnetick\u00fdch p\u0159edm\u011bt\u016f z vody. Myslete na kovov\u00e9 p\u0159edm\u011bty, jako jsou hrnce, p\u00e1nve, kl\u00ed\u010de a mnoho dal\u0161\u00edch n\u00e1stroj\u016f. Tak\u00e9 p\u0159edm\u011bty z niklu jsou magnetick\u00e9. A vlastn\u011b mnoho historick\u00fdch minc\u00ed z tohoto materi\u00e1lu. Nav\u00edc v\u00e1\u0161 ryb\u00e1\u0159sk\u00fd magnet dok\u00e1\u017ee vyt\u00e1hnout p\u0159edm\u011bty z kobaltu a oceli.\n\n\n\nTento extra velk\u00fd h\u00e1\u010dek lze pou\u017e\u00edt pro nemagnetick\u00e9 p\u0159edm\u011bty. Nap\u0159\u00edklad p\u0159edm\u011bty z hlin\u00edku, jako jsou plechovky a jin\u00e9 u\u017eitkov\u00e9 p\u0159edm\u011bty. D\u00e1le v\u011bci z materi\u00e1l\u016f jako m\u011b\u010f, olovo a zlato nejsou magnetick\u00e9 a lze je pohodln\u011b vyt\u00e1hnout pomoc\u00ed h\u00e1\u010dku.\n\n<h2><strong>Kompletn\u00ed bal\u00ed\u010dek pro magnet fishing<\/strong><\/h2>\n\nHled\u00e1te bal\u00ed\u010dek pro magnet fishing, kter\u00fd obsahuje i h\u00e1\u010dek? Magnetar nab\u00edz\u00ed n\u011bkolik kompletn\u00edch sad s ryb\u00e1\u0159sk\u00fdm magnetem, ochrann\u00fdm krytem, h\u00e1\u010dkem, rukavicemi, lanem pro magnet fishing a kovov\u00fdm lepidlem. Doslova v\u0161e, co pot\u0159ebujete u vody k vytahov\u00e1n\u00ed nej\u00fa\u017easn\u011bj\u0161\u00edch p\u0159edm\u011bt\u016f. Zaj\u00edm\u00e1 v\u00e1s to? Pod\u00edvejte se na n\u00e1\u0161 <a href=\"https:\/\/magnetarmagnets.com\/shop\/fishmagnet-package-pro\">Pro Package<\/a> nebo <a href=\"https:\/\/magnetarmagnets.com\/shop\/savage-package-3500-lb-1600-kg-allround-360\">Savage Package<\/a>.\n\n<h2><strong>Upozorn\u011bn\u00ed!<\/strong><\/h2>\n\nH\u00e1\u010dek XXL je t\u0159eba p\u0159i magnet fishingu pou\u017e\u00edvat opatrn\u011b. Doporu\u010duje se produkt po ka\u017ed\u00e9m pou\u017eit\u00ed o\u010distit. To prodlu\u017euje \u017eivotnost n\u00e1stroje. Nav\u00edc bu\u010fte opatrn\u00ed s ostr\u00fdmi hroty h\u00e1\u010dku. Produkt spr\u00e1vn\u011b skladujte, aby ostr\u00e9 hroty nikomu neubl\u00ed\u017eily.","protected":false},"excerpt":{"rendered":"<p>N\u011bkdy naraz\u00edte na p\u0159edm\u011bty, kter\u00e9 nelze vyt\u00e1hnout pouze pomoc\u00ed va\u0161eho magnetick\u00e9ho ryb\u00e1\u0159sk\u00e9ho magnetu? <strong>H\u00e1\u010dek XXL<\/strong> je <strong>nezbytn\u00fdm<\/strong> dopl\u0148kem pro magnet fishing. Tento n\u00e1stroj v\u00e1m umo\u017en\u00ed <strong>vyt\u00e1hnout nemagnetick\u00e9 p\u0159edm\u011bty<\/strong>, kter\u00e9 jsou ukryty pod vodou. H\u00e1\u010dek je cel\u00fd vyroben z <strong>nerezov\u00e9 oceli<\/strong>, co\u017e zaji\u0161\u0165uje <strong>snadn\u00e9 pou\u017eit\u00ed<\/strong> v kombinaci s magnetick\u00fdm ryb\u00e1\u0159sk\u00fdm magnetem Magnetar.<\/p>\n","protected":false},"featured_media":75924,"comment_status":"open","ping_status":"closed","template":"","meta":{"_acf_changed":false,"inline_featured_image":false},"product_brand":[],"product_cat":[588,589],"product_tag":[],"class_list":{"0":"post-83304","1":"product","2":"type-product","3":"status-publish","4":"has-post-thumbnail","6":"product_cat-sprzet","7":"product_cat-sprzet-do-lowienia-magnesem","9":"first","10":"instock","11":"sale","12":"taxable","13":"shipping-taxable","14":"purchasable","15":"product-type-simple"},"acf":[],"yoast_head":"<!-- This site is optimized with the Yoast SEO plugin v27.3 - https:\/\/yoast.com\/product\/yoast-seo-wordpress\/ -->\n<title>H\u00e1\u010dek XXL - Magnet fishing with a Magnetar fishing magnet<\/title>\n<meta name=\"description\" content=\"H\u00e1\u010dek XXL - Velkoplo\u0161n\u00fd lov s Magnetar\" \/>\n<meta name=\"robots\" content=\"index, follow, max-snippet:-1, max-image-preview:large, max-video-preview:-1\" \/>\n<link rel=\"canonical\" href=\"https:\/\/magnetarmagnets.com\/cs\/shop\/hacek-xxl\/\" \/>\n<meta property=\"og:locale\" content=\"cs_CZ\" \/>\n<meta property=\"og:type\" content=\"article\" \/>\n<meta property=\"og:title\" content=\"H\u00e1\u010dek XXL - Magnet fishing with a Magnetar fishing magnet\" \/>\n<meta property=\"og:description\" content=\"H\u00e1\u010dek XXL - Velkoplo\u0161n\u00fd lov s Magnetar\" \/>\n<meta property=\"og:url\" content=\"https:\/\/magnetarmagnets.com\/cs\/shop\/hacek-xxl\/\" \/>\n<meta property=\"og:site_name\" content=\"Magnet fishing with a Magnetar fishing magnet\" \/>\n<meta property=\"article:publisher\" content=\"https:\/\/www.facebook.com\/fishingmagnets\/\" \/>\n<meta property=\"article:modified_time\" content=\"2026-04-04T05:14:43+00:00\" \/>\n<meta property=\"og:image\" content=\"https:\/\/magnetarmagnets.com\/wp-content\/uploads\/2015\/09\/werphaak-3.jpg\" \/>\n\t<meta property=\"og:image:width\" content=\"800\" \/>\n\t<meta property=\"og:image:height\" content=\"800\" \/>\n\t<meta property=\"og:image:type\" content=\"image\/jpeg\" \/>\n<meta name=\"twitter:card\" content=\"summary_large_image\" \/>\n<meta name=\"twitter:label1\" content=\"Odhadovan\u00e1 doba \u010dten\u00ed\" \/>\n\t<meta name=\"twitter:data1\" content=\"3 minuty\" \/>\n<script type=\"application\/ld+json\" class=\"yoast-schema-graph\">{\"@context\":\"https:\\\/\\\/schema.org\",\"@graph\":[{\"@type\":[\"WebPage\",\"ItemPage\"],\"@id\":\"https:\\\/\\\/magnetarmagnets.com\\\/cs\\\/shop\\\/hacek-xxl\\\/\",\"url\":\"https:\\\/\\\/magnetarmagnets.com\\\/cs\\\/shop\\\/hacek-xxl\\\/\",\"name\":\"H\u00e1\u010dek XXL - Magnet fishing with a Magnetar fishing magnet\",\"isPartOf\":{\"@id\":\"https:\\\/\\\/magnetarmagnets.com\\\/cs\\\/#website\"},\"primaryImageOfPage\":{\"@id\":\"https:\\\/\\\/magnetarmagnets.com\\\/cs\\\/shop\\\/hacek-xxl\\\/#primaryimage\"},\"image\":{\"@id\":\"https:\\\/\\\/magnetarmagnets.com\\\/cs\\\/shop\\\/hacek-xxl\\\/#primaryimage\"},\"thumbnailUrl\":\"https:\\\/\\\/magnetarmagnets.com\\\/wp-content\\\/uploads\\\/2015\\\/09\\\/werphaak-3.jpg\",\"datePublished\":\"2025-06-05T07:53:05+00:00\",\"dateModified\":\"2026-04-04T05:14:43+00:00\",\"description\":\"H\u00e1\u010dek XXL - Velkoplo\u0161n\u00fd lov s Magnetar\",\"breadcrumb\":{\"@id\":\"https:\\\/\\\/magnetarmagnets.com\\\/cs\\\/shop\\\/hacek-xxl\\\/#breadcrumb\"},\"inLanguage\":\"cs\",\"potentialAction\":[{\"@type\":\"ReadAction\",\"target\":[\"https:\\\/\\\/magnetarmagnets.com\\\/cs\\\/shop\\\/hacek-xxl\\\/\"]}]},{\"@type\":\"ImageObject\",\"inLanguage\":\"cs\",\"@id\":\"https:\\\/\\\/magnetarmagnets.com\\\/cs\\\/shop\\\/hacek-xxl\\\/#primaryimage\",\"url\":\"https:\\\/\\\/magnetarmagnets.com\\\/wp-content\\\/uploads\\\/2015\\\/09\\\/werphaak-3.jpg\",\"contentUrl\":\"https:\\\/\\\/magnetarmagnets.com\\\/wp-content\\\/uploads\\\/2015\\\/09\\\/werphaak-3.jpg\",\"width\":800,\"height\":800,\"caption\":\"Dreghaak\"},{\"@type\":\"BreadcrumbList\",\"@id\":\"https:\\\/\\\/magnetarmagnets.com\\\/cs\\\/shop\\\/hacek-xxl\\\/#breadcrumb\",\"itemListElement\":[{\"@type\":\"ListItem\",\"position\":1,\"name\":\"Home\",\"item\":\"https:\\\/\\\/magnetarmagnets.com\\\/cs\\\/\"},{\"@type\":\"ListItem\",\"position\":2,\"name\":\"Obchod\",\"item\":\"https:\\\/\\\/magnetarmagnets.com\\\/obchod\\\/\"},{\"@type\":\"ListItem\",\"position\":3,\"name\":\"Vybaven\u00ed\",\"item\":\"https:\\\/\\\/magnetarmagnets.com\\\/cs\\\/collections\\\/vybaveni\\\/\"},{\"@type\":\"ListItem\",\"position\":4,\"name\":\"Vybaven\u00ed pro magnet fishing\",\"item\":\"https:\\\/\\\/magnetarmagnets.com\\\/cs\\\/collections\\\/vybaveni\\\/vybaveni-pro-magnet-fishing\\\/\"},{\"@type\":\"ListItem\",\"position\":5,\"name\":\"H\u00e1\u010dek XXL\"}]},{\"@type\":\"WebSite\",\"@id\":\"https:\\\/\\\/magnetarmagnets.com\\\/cs\\\/#website\",\"url\":\"https:\\\/\\\/magnetarmagnets.com\\\/cs\\\/\",\"name\":\"Magnet fishing with a Magnetar fishing magnet\",\"description\":\"Siln\u00e9 magnety na magnet fishing\",\"publisher\":{\"@id\":\"https:\\\/\\\/magnetarmagnets.com\\\/cs\\\/#organization\"},\"potentialAction\":[{\"@type\":\"SearchAction\",\"target\":{\"@type\":\"EntryPoint\",\"urlTemplate\":\"https:\\\/\\\/magnetarmagnets.com\\\/cs\\\/?s={search_term_string}\"},\"query-input\":{\"@type\":\"PropertyValueSpecification\",\"valueRequired\":true,\"valueName\":\"search_term_string\"}}],\"inLanguage\":\"cs\"},{\"@type\":\"Organization\",\"@id\":\"https:\\\/\\\/magnetarmagnets.com\\\/cs\\\/#organization\",\"name\":\"Magnetar\",\"url\":\"https:\\\/\\\/magnetarmagnets.com\\\/cs\\\/\",\"logo\":{\"@type\":\"ImageObject\",\"inLanguage\":\"cs\",\"@id\":\"https:\\\/\\\/magnetarmagnets.com\\\/cs\\\/#\\\/schema\\\/logo\\\/image\\\/\",\"url\":\"https:\\\/\\\/magnetarmagnets.com\\\/wp-content\\\/uploads\\\/2025\\\/05\\\/Logo-03_PNG-Black-scaled.png\",\"contentUrl\":\"https:\\\/\\\/magnetarmagnets.com\\\/wp-content\\\/uploads\\\/2025\\\/05\\\/Logo-03_PNG-Black-scaled.png\",\"width\":2560,\"height\":1658,\"caption\":\"Magnetar\"},\"image\":{\"@id\":\"https:\\\/\\\/magnetarmagnets.com\\\/cs\\\/#\\\/schema\\\/logo\\\/image\\\/\"},\"sameAs\":[\"https:\\\/\\\/www.facebook.com\\\/fishingmagnets\\\/\",\"https:\\\/\\\/www.instagram.com\\\/magnetar_magnets\\\/\",\"https:\\\/\\\/www.linkedin.com\\\/company\\\/magnetarbv\\\/?originalSubdomain=nl\",\"https:\\\/\\\/www.youtube.com\\\/c\\\/MagnetarVismagneet\"]}]}<\/script>\n<!-- \/ Yoast SEO plugin. -->","yoast_head_json":{"title":"H\u00e1\u010dek XXL - Magnet fishing with a Magnetar fishing magnet","description":"H\u00e1\u010dek XXL - Velkoplo\u0161n\u00fd lov s Magnetar","robots":{"index":"index","follow":"follow","max-snippet":"max-snippet:-1","max-image-preview":"max-image-preview:large","max-video-preview":"max-video-preview:-1"},"canonical":"https:\/\/magnetarmagnets.com\/cs\/shop\/hacek-xxl\/","og_locale":"cs_CZ","og_type":"article","og_title":"H\u00e1\u010dek XXL - Magnet fishing with a Magnetar fishing magnet","og_description":"H\u00e1\u010dek XXL - Velkoplo\u0161n\u00fd lov s Magnetar","og_url":"https:\/\/magnetarmagnets.com\/cs\/shop\/hacek-xxl\/","og_site_name":"Magnet fishing with a Magnetar fishing magnet","article_publisher":"https:\/\/www.facebook.com\/fishingmagnets\/","article_modified_time":"2026-04-04T05:14:43+00:00","og_image":[{"width":800,"height":800,"url":"https:\/\/magnetarmagnets.com\/wp-content\/uploads\/2015\/09\/werphaak-3.jpg","type":"image\/jpeg"}],"twitter_card":"summary_large_image","twitter_misc":{"Odhadovan\u00e1 doba \u010dten\u00ed":"3 minuty"},"schema":{"@context":"https:\/\/schema.org","@graph":[{"@type":["WebPage","ItemPage"],"@id":"https:\/\/magnetarmagnets.com\/cs\/shop\/hacek-xxl\/","url":"https:\/\/magnetarmagnets.com\/cs\/shop\/hacek-xxl\/","name":"H\u00e1\u010dek XXL - Magnet fishing with a Magnetar fishing magnet","isPartOf":{"@id":"https:\/\/magnetarmagnets.com\/cs\/#website"},"primaryImageOfPage":{"@id":"https:\/\/magnetarmagnets.com\/cs\/shop\/hacek-xxl\/#primaryimage"},"image":{"@id":"https:\/\/magnetarmagnets.com\/cs\/shop\/hacek-xxl\/#primaryimage"},"thumbnailUrl":"https:\/\/magnetarmagnets.com\/wp-content\/uploads\/2015\/09\/werphaak-3.jpg","datePublished":"2025-06-05T07:53:05+00:00","dateModified":"2026-04-04T05:14:43+00:00","description":"H\u00e1\u010dek XXL - Velkoplo\u0161n\u00fd lov s Magnetar","breadcrumb":{"@id":"https:\/\/magnetarmagnets.com\/cs\/shop\/hacek-xxl\/#breadcrumb"},"inLanguage":"cs","potentialAction":[{"@type":"ReadAction","target":["https:\/\/magnetarmagnets.com\/cs\/shop\/hacek-xxl\/"]}]},{"@type":"ImageObject","inLanguage":"cs","@id":"https:\/\/magnetarmagnets.com\/cs\/shop\/hacek-xxl\/#primaryimage","url":"https:\/\/magnetarmagnets.com\/wp-content\/uploads\/2015\/09\/werphaak-3.jpg","contentUrl":"https:\/\/magnetarmagnets.com\/wp-content\/uploads\/2015\/09\/werphaak-3.jpg","width":800,"height":800,"caption":"Dreghaak"},{"@type":"BreadcrumbList","@id":"https:\/\/magnetarmagnets.com\/cs\/shop\/hacek-xxl\/#breadcrumb","itemListElement":[{"@type":"ListItem","position":1,"name":"Home","item":"https:\/\/magnetarmagnets.com\/cs\/"},{"@type":"ListItem","position":2,"name":"Obchod","item":"https:\/\/magnetarmagnets.com\/obchod\/"},{"@type":"ListItem","position":3,"name":"Vybaven\u00ed","item":"https:\/\/magnetarmagnets.com\/cs\/collections\/vybaveni\/"},{"@type":"ListItem","position":4,"name":"Vybaven\u00ed pro magnet fishing","item":"https:\/\/magnetarmagnets.com\/cs\/collections\/vybaveni\/vybaveni-pro-magnet-fishing\/"},{"@type":"ListItem","position":5,"name":"H\u00e1\u010dek XXL"}]},{"@type":"WebSite","@id":"https:\/\/magnetarmagnets.com\/cs\/#website","url":"https:\/\/magnetarmagnets.com\/cs\/","name":"Magnet fishing with a Magnetar fishing magnet","description":"Siln\u00e9 magnety na magnet fishing","publisher":{"@id":"https:\/\/magnetarmagnets.com\/cs\/#organization"},"potentialAction":[{"@type":"SearchAction","target":{"@type":"EntryPoint","urlTemplate":"https:\/\/magnetarmagnets.com\/cs\/?s={search_term_string}"},"query-input":{"@type":"PropertyValueSpecification","valueRequired":true,"valueName":"search_term_string"}}],"inLanguage":"cs"},{"@type":"Organization","@id":"https:\/\/magnetarmagnets.com\/cs\/#organization","name":"Magnetar","url":"https:\/\/magnetarmagnets.com\/cs\/","logo":{"@type":"ImageObject","inLanguage":"cs","@id":"https:\/\/magnetarmagnets.com\/cs\/#\/schema\/logo\/image\/","url":"https:\/\/magnetarmagnets.com\/wp-content\/uploads\/2025\/05\/Logo-03_PNG-Black-scaled.png","contentUrl":"https:\/\/magnetarmagnets.com\/wp-content\/uploads\/2025\/05\/Logo-03_PNG-Black-scaled.png","width":2560,"height":1658,"caption":"Magnetar"},"image":{"@id":"https:\/\/magnetarmagnets.com\/cs\/#\/schema\/logo\/image\/"},"sameAs":["https:\/\/www.facebook.com\/fishingmagnets\/","https:\/\/www.instagram.com\/magnetar_magnets\/","https:\/\/www.linkedin.com\/company\/magnetarbv\/?originalSubdomain=nl","https:\/\/www.youtube.com\/c\/MagnetarVismagneet"]}]}},"_links":{"self":[{"href":"https:\/\/magnetarmagnets.com\/cs\/wp-json\/wp\/v2\/product\/83304","targetHints":{"allow":["GET"]}}],"collection":[{"href":"https:\/\/magnetarmagnets.com\/cs\/wp-json\/wp\/v2\/product"}],"about":[{"href":"https:\/\/magnetarmagnets.com\/cs\/wp-json\/wp\/v2\/types\/product"}],"replies":[{"embeddable":true,"href":"https:\/\/magnetarmagnets.com\/cs\/wp-json\/wp\/v2\/comments?post=83304"}],"version-history":[{"count":0,"href":"https:\/\/magnetarmagnets.com\/cs\/wp-json\/wp\/v2\/product\/83304\/revisions"}],"wp:featuredmedia":[{"embeddable":true,"href":"https:\/\/magnetarmagnets.com\/cs\/wp-json\/wp\/v2\/media\/75924"}],"wp:attachment":[{"href":"https:\/\/magnetarmagnets.com\/cs\/wp-json\/wp\/v2\/media?parent=83304"}],"wp:term":[{"taxonomy":"product_brand","embeddable":true,"href":"https:\/\/magnetarmagnets.com\/cs\/wp-json\/wp\/v2\/product_brand?post=83304"},{"taxonomy":"product_cat","embeddable":true,"href":"https:\/\/magnetarmagnets.com\/cs\/wp-json\/wp\/v2\/product_cat?post=83304"},{"taxonomy":"product_tag","embeddable":true,"href":"https:\/\/magnetarmagnets.com\/cs\/wp-json\/wp\/v2\/product_tag?post=83304"}],"curies":[{"name":"wp","href":"https:\/\/api.w.org\/{rel}","templated":true}]}}