{"id":83303,"date":"2025-06-05T09:53:05","date_gmt":"2025-06-05T07:53:05","guid":{"rendered":"https:\/\/magnetarmagnets.com\/?post_type=product&#038;p=83303"},"modified":"2026-04-04T07:20:13","modified_gmt":"2026-04-04T05:20:13","slug":"magneticky-smetak-2-0-pro-intenzivni-pouziti","status":"publish","type":"product","link":"https:\/\/magnetarmagnets.com\/cs\/shop\/magneticky-smetak-2-0-pro-intenzivni-pouziti\/","title":{"rendered":"Magnetick\u00fd smet\u00e1k 2.0 &#8211; Pro intenzivn\u00ed pou\u017eit\u00ed"},"content":{"rendered":"Ztr\u00e1c\u00edte p\u0159\u00edli\u0161 mnoho \u010dasu \u00faklidem? Investujte do Magnetick\u00e9ho smet\u00e1ku 2.0 od Magnetar! Tento n\u00e1stroj v\u00e1m pom\u016f\u017ee efektivn\u011b odstranit kovov\u00e9 p\u0159edm\u011bty ze zem\u011b. Vad\u00ed v\u00e1m nepo\u0159\u00e1dek ve va\u0161\u00ed d\u00edln\u011b? Je ve va\u0161em skladu p\u0159\u00edli\u0161 mnoho haramp\u00e1d\u00ed? Aktualizovan\u00fd magnetick\u00fd smet\u00e1k je p\u0159esn\u011b to, co hled\u00e1te!\n\n\n\nNespo\u010det profesion\u00e1l\u016f ji\u017e denn\u011b spol\u00e9h\u00e1 na Magnetick\u00fd smet\u00e1k 2.0. Kovov\u00ed obr\u00e1b\u011b\u010di ho pou\u017e\u00edvaj\u00ed k \u010di\u0161t\u011bn\u00ed t\u0159\u00edsek a kovov\u00e9ho odpadu a truhl\u00e1\u0159i sb\u00edraj\u00ed h\u0159eb\u00edky, \u0161rouby a sponky z podlahy d\u00edlny. Tento produkt se dokonce vyu\u017e\u00edv\u00e1 i k \u00faklidu parkovi\u0161\u0165 a m\u00edst kon\u00e1n\u00ed akc\u00ed.\n\n<h2>V\u00fdhody Magnetick\u00e9ho smet\u00e1ku 2.0<\/h2>\n\nPr\u00e1v\u011b jednoduchost Magnetick\u00e9ho smet\u00e1ku 2.0 ho odli\u0161uje. Kovov\u00e9 p\u0159edm\u011bty lze snadno vy\u010distit pomoc\u00ed siln\u00e9ho magnetu od Magnetar. Naplnil se v\u00e1m magnetick\u00fd smet\u00e1k? Vypnut\u00ed magnetismu je nyn\u00ed bezprobl\u00e9mov\u00e9 d\u00edky mechanismu zabudovan\u00e9mu v rukojeti. To \u0161et\u0159\u00ed \u010das a zabra\u0148uje nam\u00e1h\u00e1n\u00ed zad.\n\n\n\nNav\u00edc je Magnetick\u00fd smet\u00e1k 2.0 velmi mobiln\u00ed n\u00e1stroj. Kola na obou stran\u00e1ch magnetick\u00e9 ty\u010de v\u00e1m umo\u017en\u00ed pokr\u00fdt podlahu co nejefektivn\u011bji. Siln\u00fd magnet funguje stejn\u011b dob\u0159e na nerovn\u00e9m ter\u00e9nu jako na betonov\u00e9 podlaze.\n\n<h2>Aktualizovan\u00fd model<\/h2>\n\nMagnetick\u00fd smet\u00e1k 2.0 m\u00e1 vylep\u0161en\u00fd model. Magnetar vyvinul je\u0161t\u011b siln\u011bj\u0161\u00ed magnet, kter\u00fd zvy\u0161uje \u00fa\u010dinnost smet\u00e1ku. Magnetick\u00e1 s\u00edla je dostate\u010dn\u011b siln\u00e1, aby p\u0159itahovala kovov\u00e9 p\u0159edm\u011bty i n\u011bkolik centimetr\u016f vzd\u00e1len\u00e9, co\u017e z n\u011bj \u010din\u00ed skv\u011bl\u00fd n\u00e1stroj i pro sb\u011br t\u011b\u017e\u0161\u00edch p\u0159edm\u011bt\u016f.\n\n\n\nNav\u00edc je vyp\u00edna\u010d nyn\u00ed prakticky um\u00edst\u011bn na rukojeti, tak\u017ee nen\u00ed nutn\u00e9 se oh\u00fdbat k uvoln\u011bn\u00ed nasb\u00edran\u00e9ho kovov\u00e9ho odpadu.\n\n<h2>Kvalitn\u00ed standard Magnetar<\/h2>\n\nMagnetar usiluje o vynikaj\u00edc\u00ed kvalitu. To dokazuje ov\u011b\u0159en\u00e1 odolnost na\u0161ich <a href=\"https:\/\/magnetarmagnets.com\/collections\/fishing-magnets\/\">produkt\u016f pro magnet fishing<\/a>. Prod\u00e1v\u00e1me nejsiln\u011bj\u0161\u00ed a nejodoln\u011bj\u0161\u00ed produkty pro tuto venkovn\u00ed aktivitu.\n\n\n\nNa\u0161e z\u00e1ruka kvality v\u0161ak nen\u00ed omezena pouze na magnet fishing. V\u0161echny p\u0159\u00edstroje a n\u00e1stroje, kter\u00e9 prod\u00e1v\u00e1me, jsou jedine\u010dn\u011b navr\u017eeny tak, aby na\u0161im klient\u016fm nab\u00edzely ta nejlep\u0161\u00ed mo\u017en\u00e1 \u0159e\u0161en\u00ed. Ka\u017ed\u00fd n\u00e1kup u Magnetar je z\u00e1rukou kvalitn\u00edho produktu.","protected":false},"excerpt":{"rendered":"<p>Magnetick\u00fd smet\u00e1k 2.0 je ide\u00e1ln\u00ed n\u00e1stroj pro <strong>\u010di\u0161t\u011bn\u00ed d\u00edlen, sportovi\u0161\u0165, skladovac\u00edch prostor nebo parkovi\u0161\u0165<\/strong> od ne\u017e\u00e1douc\u00edch magnetick\u00fdch materi\u00e1l\u016f.<\/p>\n<p>&nbsp;<\/p>\n","protected":false},"featured_media":80744,"comment_status":"open","ping_status":"closed","template":"","meta":{"_acf_changed":false,"inline_featured_image":false},"product_brand":[],"product_cat":[592,596,588],"product_tag":[],"class_list":{"0":"post-83303","1":"product","2":"type-product","3":"status-publish","4":"has-post-thumbnail","6":"product_cat-akcesoria-magnetyczne","7":"product_cat-inne","8":"product_cat-sprzet","10":"first","11":"instock","12":"sale","13":"taxable","14":"shipping-taxable","15":"purchasable","16":"product-type-simple"},"acf":[],"yoast_head":"<!-- This site is optimized with the Yoast SEO plugin v27.3 - https:\/\/yoast.com\/product\/yoast-seo-wordpress\/ -->\n<title>Magnetick\u00fd smet\u00e1k 2.0 - Pro intenzivn\u00ed pou\u017eit\u00ed - Magnet fishing with a Magnetar fishing magnet<\/title>\n<meta name=\"description\" content=\"Magnetick\u00fd smet\u00e1k 2.0 je ide\u00e1ln\u00ed n\u00e1stroj pro \u010di\u0161t\u011bn\u00ed d\u00edlen, sportovi\u0161\u0165, skladovac\u00edch prostor nebo parkovi\u0161\u0165 od ne\u017e\u00e1douc\u00edch magnetick\u00fdch materi\u00e1l\u016f.\" \/>\n<meta name=\"robots\" content=\"index, follow, max-snippet:-1, max-image-preview:large, max-video-preview:-1\" \/>\n<link rel=\"canonical\" href=\"https:\/\/magnetarmagnets.com\/cs\/shop\/magneticky-smetak-2-0-pro-intenzivni-pouziti\/\" \/>\n<meta property=\"og:locale\" content=\"cs_CZ\" \/>\n<meta property=\"og:type\" content=\"article\" \/>\n<meta property=\"og:title\" content=\"Magnetick\u00fd smet\u00e1k 2.0 - Pro intenzivn\u00ed pou\u017eit\u00ed - Magnet fishing with a Magnetar fishing magnet\" \/>\n<meta property=\"og:description\" content=\"Magnetick\u00fd smet\u00e1k 2.0 je ide\u00e1ln\u00ed n\u00e1stroj pro \u010di\u0161t\u011bn\u00ed d\u00edlen, sportovi\u0161\u0165, skladovac\u00edch prostor nebo parkovi\u0161\u0165 od ne\u017e\u00e1douc\u00edch magnetick\u00fdch materi\u00e1l\u016f.\" \/>\n<meta property=\"og:url\" content=\"https:\/\/magnetarmagnets.com\/cs\/shop\/magneticky-smetak-2-0-pro-intenzivni-pouziti\/\" \/>\n<meta property=\"og:site_name\" content=\"Magnet fishing with a Magnetar fishing magnet\" \/>\n<meta property=\"article:publisher\" content=\"https:\/\/www.facebook.com\/fishingmagnets\/\" \/>\n<meta property=\"article:modified_time\" content=\"2026-04-04T05:20:13+00:00\" \/>\n<meta property=\"og:image\" content=\"https:\/\/magnetarmagnets.com\/wp-content\/uploads\/2023\/08\/B0CMDF9D4B.MAIN_.jpg\" \/>\n\t<meta property=\"og:image:width\" content=\"1500\" \/>\n\t<meta property=\"og:image:height\" content=\"1500\" \/>\n\t<meta property=\"og:image:type\" content=\"image\/jpeg\" \/>\n<meta name=\"twitter:card\" content=\"summary_large_image\" \/>\n<meta name=\"twitter:label1\" content=\"Odhadovan\u00e1 doba \u010dten\u00ed\" \/>\n\t<meta name=\"twitter:data1\" content=\"2 minuty\" \/>\n<script type=\"application\/ld+json\" class=\"yoast-schema-graph\">{\"@context\":\"https:\\\/\\\/schema.org\",\"@graph\":[{\"@type\":[\"WebPage\",\"ItemPage\"],\"@id\":\"https:\\\/\\\/magnetarmagnets.com\\\/cs\\\/shop\\\/magneticky-smetak-2-0-pro-intenzivni-pouziti\\\/\",\"url\":\"https:\\\/\\\/magnetarmagnets.com\\\/cs\\\/shop\\\/magneticky-smetak-2-0-pro-intenzivni-pouziti\\\/\",\"name\":\"Magnetick\u00fd smet\u00e1k 2.0 - Pro intenzivn\u00ed pou\u017eit\u00ed - Magnet fishing with a Magnetar fishing magnet\",\"isPartOf\":{\"@id\":\"https:\\\/\\\/magnetarmagnets.com\\\/cs\\\/#website\"},\"primaryImageOfPage\":{\"@id\":\"https:\\\/\\\/magnetarmagnets.com\\\/cs\\\/shop\\\/magneticky-smetak-2-0-pro-intenzivni-pouziti\\\/#primaryimage\"},\"image\":{\"@id\":\"https:\\\/\\\/magnetarmagnets.com\\\/cs\\\/shop\\\/magneticky-smetak-2-0-pro-intenzivni-pouziti\\\/#primaryimage\"},\"thumbnailUrl\":\"https:\\\/\\\/magnetarmagnets.com\\\/wp-content\\\/uploads\\\/2023\\\/08\\\/B0CMDF9D4B.MAIN_.jpg\",\"datePublished\":\"2025-06-05T07:53:05+00:00\",\"dateModified\":\"2026-04-04T05:20:13+00:00\",\"description\":\"Magnetick\u00fd smet\u00e1k 2.0 je ide\u00e1ln\u00ed n\u00e1stroj pro \u010di\u0161t\u011bn\u00ed d\u00edlen, sportovi\u0161\u0165, skladovac\u00edch prostor nebo parkovi\u0161\u0165 od ne\u017e\u00e1douc\u00edch magnetick\u00fdch materi\u00e1l\u016f.\",\"breadcrumb\":{\"@id\":\"https:\\\/\\\/magnetarmagnets.com\\\/cs\\\/shop\\\/magneticky-smetak-2-0-pro-intenzivni-pouziti\\\/#breadcrumb\"},\"inLanguage\":\"cs\",\"potentialAction\":[{\"@type\":\"ReadAction\",\"target\":[\"https:\\\/\\\/magnetarmagnets.com\\\/cs\\\/shop\\\/magneticky-smetak-2-0-pro-intenzivni-pouziti\\\/\"]}]},{\"@type\":\"ImageObject\",\"inLanguage\":\"cs\",\"@id\":\"https:\\\/\\\/magnetarmagnets.com\\\/cs\\\/shop\\\/magneticky-smetak-2-0-pro-intenzivni-pouziti\\\/#primaryimage\",\"url\":\"https:\\\/\\\/magnetarmagnets.com\\\/wp-content\\\/uploads\\\/2023\\\/08\\\/B0CMDF9D4B.MAIN_.jpg\",\"contentUrl\":\"https:\\\/\\\/magnetarmagnets.com\\\/wp-content\\\/uploads\\\/2023\\\/08\\\/B0CMDF9D4B.MAIN_.jpg\",\"width\":1500,\"height\":1500,\"caption\":\"Magnet Broom 2.0\"},{\"@type\":\"BreadcrumbList\",\"@id\":\"https:\\\/\\\/magnetarmagnets.com\\\/cs\\\/shop\\\/magneticky-smetak-2-0-pro-intenzivni-pouziti\\\/#breadcrumb\",\"itemListElement\":[{\"@type\":\"ListItem\",\"position\":1,\"name\":\"Home\",\"item\":\"https:\\\/\\\/magnetarmagnets.com\\\/cs\\\/\"},{\"@type\":\"ListItem\",\"position\":2,\"name\":\"Obchod\",\"item\":\"https:\\\/\\\/magnetarmagnets.com\\\/obchod\\\/\"},{\"@type\":\"ListItem\",\"position\":3,\"name\":\"Vybaven\u00ed\",\"item\":\"https:\\\/\\\/magnetarmagnets.com\\\/cs\\\/collections\\\/vybaveni\\\/\"},{\"@type\":\"ListItem\",\"position\":4,\"name\":\"Magnetick\u00e9 dopl\u0148ky\",\"item\":\"https:\\\/\\\/magnetarmagnets.com\\\/cs\\\/collections\\\/vybaveni\\\/magneticke-doplnky\\\/\"},{\"@type\":\"ListItem\",\"position\":5,\"name\":\"Magnetick\u00fd smet\u00e1k 2.0 &#8211; Pro intenzivn\u00ed pou\u017eit\u00ed\"}]},{\"@type\":\"WebSite\",\"@id\":\"https:\\\/\\\/magnetarmagnets.com\\\/cs\\\/#website\",\"url\":\"https:\\\/\\\/magnetarmagnets.com\\\/cs\\\/\",\"name\":\"Magnet fishing with a Magnetar fishing magnet\",\"description\":\"Siln\u00e9 magnety na magnet fishing\",\"publisher\":{\"@id\":\"https:\\\/\\\/magnetarmagnets.com\\\/cs\\\/#organization\"},\"potentialAction\":[{\"@type\":\"SearchAction\",\"target\":{\"@type\":\"EntryPoint\",\"urlTemplate\":\"https:\\\/\\\/magnetarmagnets.com\\\/cs\\\/?s={search_term_string}\"},\"query-input\":{\"@type\":\"PropertyValueSpecification\",\"valueRequired\":true,\"valueName\":\"search_term_string\"}}],\"inLanguage\":\"cs\"},{\"@type\":\"Organization\",\"@id\":\"https:\\\/\\\/magnetarmagnets.com\\\/cs\\\/#organization\",\"name\":\"Magnetar\",\"url\":\"https:\\\/\\\/magnetarmagnets.com\\\/cs\\\/\",\"logo\":{\"@type\":\"ImageObject\",\"inLanguage\":\"cs\",\"@id\":\"https:\\\/\\\/magnetarmagnets.com\\\/cs\\\/#\\\/schema\\\/logo\\\/image\\\/\",\"url\":\"https:\\\/\\\/magnetarmagnets.com\\\/wp-content\\\/uploads\\\/2025\\\/05\\\/Logo-03_PNG-Black-scaled.png\",\"contentUrl\":\"https:\\\/\\\/magnetarmagnets.com\\\/wp-content\\\/uploads\\\/2025\\\/05\\\/Logo-03_PNG-Black-scaled.png\",\"width\":2560,\"height\":1658,\"caption\":\"Magnetar\"},\"image\":{\"@id\":\"https:\\\/\\\/magnetarmagnets.com\\\/cs\\\/#\\\/schema\\\/logo\\\/image\\\/\"},\"sameAs\":[\"https:\\\/\\\/www.facebook.com\\\/fishingmagnets\\\/\",\"https:\\\/\\\/www.instagram.com\\\/magnetar_magnets\\\/\",\"https:\\\/\\\/www.linkedin.com\\\/company\\\/magnetarbv\\\/?originalSubdomain=nl\",\"https:\\\/\\\/www.youtube.com\\\/c\\\/MagnetarVismagneet\"]}]}<\/script>\n<!-- \/ Yoast SEO plugin. -->","yoast_head_json":{"title":"Magnetick\u00fd smet\u00e1k 2.0 - Pro intenzivn\u00ed pou\u017eit\u00ed - Magnet fishing with a Magnetar fishing magnet","description":"Magnetick\u00fd smet\u00e1k 2.0 je ide\u00e1ln\u00ed n\u00e1stroj pro \u010di\u0161t\u011bn\u00ed d\u00edlen, sportovi\u0161\u0165, skladovac\u00edch prostor nebo parkovi\u0161\u0165 od ne\u017e\u00e1douc\u00edch magnetick\u00fdch materi\u00e1l\u016f.","robots":{"index":"index","follow":"follow","max-snippet":"max-snippet:-1","max-image-preview":"max-image-preview:large","max-video-preview":"max-video-preview:-1"},"canonical":"https:\/\/magnetarmagnets.com\/cs\/shop\/magneticky-smetak-2-0-pro-intenzivni-pouziti\/","og_locale":"cs_CZ","og_type":"article","og_title":"Magnetick\u00fd smet\u00e1k 2.0 - Pro intenzivn\u00ed pou\u017eit\u00ed - Magnet fishing with a Magnetar fishing magnet","og_description":"Magnetick\u00fd smet\u00e1k 2.0 je ide\u00e1ln\u00ed n\u00e1stroj pro \u010di\u0161t\u011bn\u00ed d\u00edlen, sportovi\u0161\u0165, skladovac\u00edch prostor nebo parkovi\u0161\u0165 od ne\u017e\u00e1douc\u00edch magnetick\u00fdch materi\u00e1l\u016f.","og_url":"https:\/\/magnetarmagnets.com\/cs\/shop\/magneticky-smetak-2-0-pro-intenzivni-pouziti\/","og_site_name":"Magnet fishing with a Magnetar fishing magnet","article_publisher":"https:\/\/www.facebook.com\/fishingmagnets\/","article_modified_time":"2026-04-04T05:20:13+00:00","og_image":[{"width":1500,"height":1500,"url":"https:\/\/magnetarmagnets.com\/wp-content\/uploads\/2023\/08\/B0CMDF9D4B.MAIN_.jpg","type":"image\/jpeg"}],"twitter_card":"summary_large_image","twitter_misc":{"Odhadovan\u00e1 doba \u010dten\u00ed":"2 minuty"},"schema":{"@context":"https:\/\/schema.org","@graph":[{"@type":["WebPage","ItemPage"],"@id":"https:\/\/magnetarmagnets.com\/cs\/shop\/magneticky-smetak-2-0-pro-intenzivni-pouziti\/","url":"https:\/\/magnetarmagnets.com\/cs\/shop\/magneticky-smetak-2-0-pro-intenzivni-pouziti\/","name":"Magnetick\u00fd smet\u00e1k 2.0 - Pro intenzivn\u00ed pou\u017eit\u00ed - Magnet fishing with a Magnetar fishing magnet","isPartOf":{"@id":"https:\/\/magnetarmagnets.com\/cs\/#website"},"primaryImageOfPage":{"@id":"https:\/\/magnetarmagnets.com\/cs\/shop\/magneticky-smetak-2-0-pro-intenzivni-pouziti\/#primaryimage"},"image":{"@id":"https:\/\/magnetarmagnets.com\/cs\/shop\/magneticky-smetak-2-0-pro-intenzivni-pouziti\/#primaryimage"},"thumbnailUrl":"https:\/\/magnetarmagnets.com\/wp-content\/uploads\/2023\/08\/B0CMDF9D4B.MAIN_.jpg","datePublished":"2025-06-05T07:53:05+00:00","dateModified":"2026-04-04T05:20:13+00:00","description":"Magnetick\u00fd smet\u00e1k 2.0 je ide\u00e1ln\u00ed n\u00e1stroj pro \u010di\u0161t\u011bn\u00ed d\u00edlen, sportovi\u0161\u0165, skladovac\u00edch prostor nebo parkovi\u0161\u0165 od ne\u017e\u00e1douc\u00edch magnetick\u00fdch materi\u00e1l\u016f.","breadcrumb":{"@id":"https:\/\/magnetarmagnets.com\/cs\/shop\/magneticky-smetak-2-0-pro-intenzivni-pouziti\/#breadcrumb"},"inLanguage":"cs","potentialAction":[{"@type":"ReadAction","target":["https:\/\/magnetarmagnets.com\/cs\/shop\/magneticky-smetak-2-0-pro-intenzivni-pouziti\/"]}]},{"@type":"ImageObject","inLanguage":"cs","@id":"https:\/\/magnetarmagnets.com\/cs\/shop\/magneticky-smetak-2-0-pro-intenzivni-pouziti\/#primaryimage","url":"https:\/\/magnetarmagnets.com\/wp-content\/uploads\/2023\/08\/B0CMDF9D4B.MAIN_.jpg","contentUrl":"https:\/\/magnetarmagnets.com\/wp-content\/uploads\/2023\/08\/B0CMDF9D4B.MAIN_.jpg","width":1500,"height":1500,"caption":"Magnet Broom 2.0"},{"@type":"BreadcrumbList","@id":"https:\/\/magnetarmagnets.com\/cs\/shop\/magneticky-smetak-2-0-pro-intenzivni-pouziti\/#breadcrumb","itemListElement":[{"@type":"ListItem","position":1,"name":"Home","item":"https:\/\/magnetarmagnets.com\/cs\/"},{"@type":"ListItem","position":2,"name":"Obchod","item":"https:\/\/magnetarmagnets.com\/obchod\/"},{"@type":"ListItem","position":3,"name":"Vybaven\u00ed","item":"https:\/\/magnetarmagnets.com\/cs\/collections\/vybaveni\/"},{"@type":"ListItem","position":4,"name":"Magnetick\u00e9 dopl\u0148ky","item":"https:\/\/magnetarmagnets.com\/cs\/collections\/vybaveni\/magneticke-doplnky\/"},{"@type":"ListItem","position":5,"name":"Magnetick\u00fd smet\u00e1k 2.0 &#8211; Pro intenzivn\u00ed pou\u017eit\u00ed"}]},{"@type":"WebSite","@id":"https:\/\/magnetarmagnets.com\/cs\/#website","url":"https:\/\/magnetarmagnets.com\/cs\/","name":"Magnet fishing with a Magnetar fishing magnet","description":"Siln\u00e9 magnety na magnet fishing","publisher":{"@id":"https:\/\/magnetarmagnets.com\/cs\/#organization"},"potentialAction":[{"@type":"SearchAction","target":{"@type":"EntryPoint","urlTemplate":"https:\/\/magnetarmagnets.com\/cs\/?s={search_term_string}"},"query-input":{"@type":"PropertyValueSpecification","valueRequired":true,"valueName":"search_term_string"}}],"inLanguage":"cs"},{"@type":"Organization","@id":"https:\/\/magnetarmagnets.com\/cs\/#organization","name":"Magnetar","url":"https:\/\/magnetarmagnets.com\/cs\/","logo":{"@type":"ImageObject","inLanguage":"cs","@id":"https:\/\/magnetarmagnets.com\/cs\/#\/schema\/logo\/image\/","url":"https:\/\/magnetarmagnets.com\/wp-content\/uploads\/2025\/05\/Logo-03_PNG-Black-scaled.png","contentUrl":"https:\/\/magnetarmagnets.com\/wp-content\/uploads\/2025\/05\/Logo-03_PNG-Black-scaled.png","width":2560,"height":1658,"caption":"Magnetar"},"image":{"@id":"https:\/\/magnetarmagnets.com\/cs\/#\/schema\/logo\/image\/"},"sameAs":["https:\/\/www.facebook.com\/fishingmagnets\/","https:\/\/www.instagram.com\/magnetar_magnets\/","https:\/\/www.linkedin.com\/company\/magnetarbv\/?originalSubdomain=nl","https:\/\/www.youtube.com\/c\/MagnetarVismagneet"]}]}},"_links":{"self":[{"href":"https:\/\/magnetarmagnets.com\/cs\/wp-json\/wp\/v2\/product\/83303","targetHints":{"allow":["GET"]}}],"collection":[{"href":"https:\/\/magnetarmagnets.com\/cs\/wp-json\/wp\/v2\/product"}],"about":[{"href":"https:\/\/magnetarmagnets.com\/cs\/wp-json\/wp\/v2\/types\/product"}],"replies":[{"embeddable":true,"href":"https:\/\/magnetarmagnets.com\/cs\/wp-json\/wp\/v2\/comments?post=83303"}],"version-history":[{"count":0,"href":"https:\/\/magnetarmagnets.com\/cs\/wp-json\/wp\/v2\/product\/83303\/revisions"}],"wp:featuredmedia":[{"embeddable":true,"href":"https:\/\/magnetarmagnets.com\/cs\/wp-json\/wp\/v2\/media\/80744"}],"wp:attachment":[{"href":"https:\/\/magnetarmagnets.com\/cs\/wp-json\/wp\/v2\/media?parent=83303"}],"wp:term":[{"taxonomy":"product_brand","embeddable":true,"href":"https:\/\/magnetarmagnets.com\/cs\/wp-json\/wp\/v2\/product_brand?post=83303"},{"taxonomy":"product_cat","embeddable":true,"href":"https:\/\/magnetarmagnets.com\/cs\/wp-json\/wp\/v2\/product_cat?post=83303"},{"taxonomy":"product_tag","embeddable":true,"href":"https:\/\/magnetarmagnets.com\/cs\/wp-json\/wp\/v2\/product_tag?post=83303"}],"curies":[{"name":"wp","href":"https:\/\/api.w.org\/{rel}","templated":true}]}}