{"id":83300,"date":"2025-06-05T09:53:06","date_gmt":"2025-06-05T07:53:06","guid":{"rendered":"https:\/\/magnetarmagnets.com\/?post_type=product&#038;p=83300"},"modified":"2026-04-03T16:46:58","modified_gmt":"2026-04-03T14:46:58","slug":"magnetarovy-kbelik","status":"publish","type":"product","link":"https:\/\/magnetarmagnets.com\/cs\/shop\/magnetarovy-kbelik\/","title":{"rendered":"Magnetarov\u00fd kbel\u00edk"},"content":{"rendered":"<p>Ve spole\u010dnosti Magnetar v\u011b\u0159\u00edme, \u017ee udr\u017eov\u00e1n\u00ed na\u0161eho prost\u0159ed\u00ed v \u010distot\u011b je stejn\u011b d\u016fle\u017eit\u00e9 jako nalezen\u00ed unik\u00e1tn\u00edch p\u0159edm\u011bt\u016f. Ka\u017ed\u00fd magnetick\u00fd ryb\u00e1\u0159 je proto podle n\u00e1s za to odpov\u011bdn\u00fd. Proto nab\u00edz\u00edme kbel\u00edky pro magnet fishing. T\u00edmto zp\u016fsobem p\u0159isp\u00edv\u00e1te k \u010dist\u0161\u00edm vod\u00e1m a z\u00e1rove\u0148 podporujete Magnetar!<\/p>\n\n<h2>Magnetarov\u00fd kbel\u00edk pro magnet fishing<\/h2>\n\n<p>P\u0159edm\u011bty, kter\u00e9 byly dlouho ve vod\u011b, \u010dasto p\u0159in\u00e1\u0161ej\u00ed s sebou nepo\u0159\u00e1dek. <a href=\"https:\/\/magnetarmagnets.com\/\">Fishing magnety<\/a> samy o sob\u011b tak\u00e9 p\u0159itahuj\u00ed spoustu drobn\u00e9ho odpadu. P\u0159irozen\u011b chcete zabr\u00e1nit tomu, aby v\u0161echen tento odpad z\u016fstal na b\u0159ehu. Kam ho tedy ulo\u017eit? Podle n\u00e1s do jednoho z Magnetarov\u00fdch kbel\u00edk\u016f.<\/p>\n\n<p>Magnetarov\u00fd kbel\u00edk m\u00e1 kapacitu ne m\u00e9n\u011b ne\u017e dvan\u00e1ct litr\u016f. D\u00edky tomu m\u016f\u017eete nasb\u00edrat hodn\u011b haramp\u00e1d\u00ed, ne\u017e budete muset kbel\u00edk vypr\u00e1zdnit. Kbel\u00edk je vybaven nosn\u00fdm madlem a je vyroben z plastu. D\u00edky tomu je tento produkt odoln\u00fd.<\/p>\n\n<p>Magnetar kbel\u00edk opat\u0159il atraktivn\u00edmi n\u00e1lepkami. Na p\u0159edn\u00ed stran\u011b najdete zn\u00e1m\u00e9 logo Magnetar a na zadn\u00ed stran\u011b je silueta magnetick\u00e9ho ryb\u00e1\u0159e, kter\u00fd se chyst\u00e1 hodit sv\u016fj fishing magnet do vody.<\/p>\n\n<h2>Nezbytn\u00fd dopln\u011bk<\/h2>\n\n<p>Magnetarov\u00fd kbel\u00edk je nezbytn\u00fdm dopl\u0148kem. \u00daklidem nepo\u0159\u00e1dku jako magnetick\u00fd ryb\u00e1\u0159 nejen pom\u00e1h\u00e1te vytv\u00e1\u0159et \u010dist\u0161\u00ed sv\u011bt, ale tak\u00e9 p\u0159isp\u00edv\u00e1te k pozitivn\u00edmu obrazu tohoto \u00fa\u017easn\u00e9ho kon\u00ed\u010dku. Atraktivn\u00ed cena z n\u011bj nav\u00edc \u010din\u00ed skv\u011bl\u00fd d\u00e1rek.<\/p>","protected":false},"excerpt":{"rendered":"<p>Udr\u017eujete b\u0159ehy \u010dist\u00e9 b\u011bhem i po magnet fishingu? S Magnetarov\u00fdm kbel\u00edkem snadno uklid\u00edte ve\u0161ker\u00fd odpad!<\/p>\n","protected":false},"featured_media":79793,"comment_status":"open","ping_status":"closed","template":"","meta":{"_acf_changed":false,"inline_featured_image":false},"product_brand":[],"product_cat":[565,563,564],"product_tag":[],"class_list":{"0":"post-83300","1":"product","2":"type-product","3":"status-publish","4":"has-post-thumbnail","6":"product_cat-merch","7":"product_cat-vybaveni","8":"product_cat-vybaveni-pro-magnet-fishing","10":"first","11":"instock","12":"sale","13":"taxable","14":"shipping-taxable","15":"purchasable","16":"product-type-simple"},"acf":[],"yoast_head":"<!-- This site is optimized with the Yoast SEO plugin v27.3 - https:\/\/yoast.com\/product\/yoast-seo-wordpress\/ -->\n<title>Magnetarov\u00fd kbel\u00edk - Magnet fishing with a Magnetar fishing magnet<\/title>\n<meta name=\"description\" content=\"Magnetarov\u00fd kbel\u00edk - praktick\u00fd ryb\u00e1\u0159sk\u00fd dopln\u011bk\" \/>\n<meta name=\"robots\" content=\"index, follow, max-snippet:-1, max-image-preview:large, max-video-preview:-1\" \/>\n<link rel=\"canonical\" href=\"https:\/\/magnetarmagnets.com\/cs\/shop\/magnetarovy-kbelik\/\" \/>\n<meta property=\"og:locale\" content=\"cs_CZ\" \/>\n<meta property=\"og:type\" content=\"article\" \/>\n<meta property=\"og:title\" content=\"Magnetarov\u00fd kbel\u00edk - Magnet fishing with a Magnetar fishing magnet\" \/>\n<meta property=\"og:description\" content=\"Magnetarov\u00fd kbel\u00edk - praktick\u00fd ryb\u00e1\u0159sk\u00fd dopln\u011bk\" \/>\n<meta property=\"og:url\" content=\"https:\/\/magnetarmagnets.com\/cs\/shop\/magnetarovy-kbelik\/\" \/>\n<meta property=\"og:site_name\" content=\"Magnet fishing with a Magnetar fishing magnet\" \/>\n<meta property=\"article:publisher\" content=\"https:\/\/www.facebook.com\/fishingmagnets\/\" \/>\n<meta property=\"article:modified_time\" content=\"2026-04-03T14:46:58+00:00\" \/>\n<meta property=\"og:image\" content=\"https:\/\/magnetarmagnets.com\/wp-content\/uploads\/2023\/09\/JNF-Magnetar-Bedrijfsfotografie-01-09-2023-Foto-0271.jpg\" \/>\n\t<meta property=\"og:image:width\" content=\"1000\" \/>\n\t<meta property=\"og:image:height\" content=\"1000\" \/>\n\t<meta property=\"og:image:type\" content=\"image\/jpeg\" \/>\n<meta name=\"twitter:card\" content=\"summary_large_image\" \/>\n<meta name=\"twitter:label1\" content=\"Odhadovan\u00e1 doba \u010dten\u00ed\" \/>\n\t<meta name=\"twitter:data1\" content=\"2 minuty\" \/>\n<script type=\"application\/ld+json\" class=\"yoast-schema-graph\">{\"@context\":\"https:\\\/\\\/schema.org\",\"@graph\":[{\"@type\":[\"WebPage\",\"ItemPage\"],\"@id\":\"https:\\\/\\\/magnetarmagnets.com\\\/cs\\\/shop\\\/magnetarovy-kbelik\\\/\",\"url\":\"https:\\\/\\\/magnetarmagnets.com\\\/cs\\\/shop\\\/magnetarovy-kbelik\\\/\",\"name\":\"Magnetarov\u00fd kbel\u00edk - Magnet fishing with a Magnetar fishing magnet\",\"isPartOf\":{\"@id\":\"https:\\\/\\\/magnetarmagnets.com\\\/cs\\\/#website\"},\"primaryImageOfPage\":{\"@id\":\"https:\\\/\\\/magnetarmagnets.com\\\/cs\\\/shop\\\/magnetarovy-kbelik\\\/#primaryimage\"},\"image\":{\"@id\":\"https:\\\/\\\/magnetarmagnets.com\\\/cs\\\/shop\\\/magnetarovy-kbelik\\\/#primaryimage\"},\"thumbnailUrl\":\"https:\\\/\\\/magnetarmagnets.com\\\/wp-content\\\/uploads\\\/2023\\\/09\\\/JNF-Magnetar-Bedrijfsfotografie-01-09-2023-Foto-0271.jpg\",\"datePublished\":\"2025-06-05T07:53:06+00:00\",\"dateModified\":\"2026-04-03T14:46:58+00:00\",\"description\":\"Magnetarov\u00fd kbel\u00edk - praktick\u00fd ryb\u00e1\u0159sk\u00fd dopln\u011bk\",\"breadcrumb\":{\"@id\":\"https:\\\/\\\/magnetarmagnets.com\\\/cs\\\/shop\\\/magnetarovy-kbelik\\\/#breadcrumb\"},\"inLanguage\":\"cs\",\"potentialAction\":[{\"@type\":\"ReadAction\",\"target\":[\"https:\\\/\\\/magnetarmagnets.com\\\/cs\\\/shop\\\/magnetarovy-kbelik\\\/\"]}]},{\"@type\":\"ImageObject\",\"inLanguage\":\"cs\",\"@id\":\"https:\\\/\\\/magnetarmagnets.com\\\/cs\\\/shop\\\/magnetarovy-kbelik\\\/#primaryimage\",\"url\":\"https:\\\/\\\/magnetarmagnets.com\\\/wp-content\\\/uploads\\\/2023\\\/09\\\/JNF-Magnetar-Bedrijfsfotografie-01-09-2023-Foto-0271.jpg\",\"contentUrl\":\"https:\\\/\\\/magnetarmagnets.com\\\/wp-content\\\/uploads\\\/2023\\\/09\\\/JNF-Magnetar-Bedrijfsfotografie-01-09-2023-Foto-0271.jpg\",\"width\":1000,\"height\":1000,\"caption\":\"The Magnetar bucket is ideal for magnet fishing\"},{\"@type\":\"BreadcrumbList\",\"@id\":\"https:\\\/\\\/magnetarmagnets.com\\\/cs\\\/shop\\\/magnetarovy-kbelik\\\/#breadcrumb\",\"itemListElement\":[{\"@type\":\"ListItem\",\"position\":1,\"name\":\"Home\",\"item\":\"https:\\\/\\\/magnetarmagnets.com\\\/cs\\\/\"},{\"@type\":\"ListItem\",\"position\":2,\"name\":\"Obchod\",\"item\":\"https:\\\/\\\/magnetarmagnets.com\\\/obchod\\\/\"},{\"@type\":\"ListItem\",\"position\":3,\"name\":\"Vybaven\u00ed\",\"item\":\"https:\\\/\\\/magnetarmagnets.com\\\/cs\\\/collections\\\/vybaveni\\\/\"},{\"@type\":\"ListItem\",\"position\":4,\"name\":\"Merch\",\"item\":\"https:\\\/\\\/magnetarmagnets.com\\\/cs\\\/collections\\\/vybaveni\\\/merch\\\/\"},{\"@type\":\"ListItem\",\"position\":5,\"name\":\"Magnetarov\u00fd kbel\u00edk\"}]},{\"@type\":\"WebSite\",\"@id\":\"https:\\\/\\\/magnetarmagnets.com\\\/cs\\\/#website\",\"url\":\"https:\\\/\\\/magnetarmagnets.com\\\/cs\\\/\",\"name\":\"Magnet fishing with a Magnetar fishing magnet\",\"description\":\"Siln\u00e9 magnety na magnet fishing\",\"publisher\":{\"@id\":\"https:\\\/\\\/magnetarmagnets.com\\\/cs\\\/#organization\"},\"potentialAction\":[{\"@type\":\"SearchAction\",\"target\":{\"@type\":\"EntryPoint\",\"urlTemplate\":\"https:\\\/\\\/magnetarmagnets.com\\\/cs\\\/?s={search_term_string}\"},\"query-input\":{\"@type\":\"PropertyValueSpecification\",\"valueRequired\":true,\"valueName\":\"search_term_string\"}}],\"inLanguage\":\"cs\"},{\"@type\":\"Organization\",\"@id\":\"https:\\\/\\\/magnetarmagnets.com\\\/cs\\\/#organization\",\"name\":\"Magnetar\",\"url\":\"https:\\\/\\\/magnetarmagnets.com\\\/cs\\\/\",\"logo\":{\"@type\":\"ImageObject\",\"inLanguage\":\"cs\",\"@id\":\"https:\\\/\\\/magnetarmagnets.com\\\/cs\\\/#\\\/schema\\\/logo\\\/image\\\/\",\"url\":\"https:\\\/\\\/magnetarmagnets.com\\\/wp-content\\\/uploads\\\/2025\\\/05\\\/Logo-03_PNG-Black-scaled.png\",\"contentUrl\":\"https:\\\/\\\/magnetarmagnets.com\\\/wp-content\\\/uploads\\\/2025\\\/05\\\/Logo-03_PNG-Black-scaled.png\",\"width\":2560,\"height\":1658,\"caption\":\"Magnetar\"},\"image\":{\"@id\":\"https:\\\/\\\/magnetarmagnets.com\\\/cs\\\/#\\\/schema\\\/logo\\\/image\\\/\"},\"sameAs\":[\"https:\\\/\\\/www.facebook.com\\\/fishingmagnets\\\/\",\"https:\\\/\\\/www.instagram.com\\\/magnetar_magnets\\\/\",\"https:\\\/\\\/www.linkedin.com\\\/company\\\/magnetarbv\\\/?originalSubdomain=nl\",\"https:\\\/\\\/www.youtube.com\\\/c\\\/MagnetarVismagneet\"]}]}<\/script>\n<!-- \/ Yoast SEO plugin. -->","yoast_head_json":{"title":"Magnetarov\u00fd kbel\u00edk - Magnet fishing with a Magnetar fishing magnet","description":"Magnetarov\u00fd kbel\u00edk - praktick\u00fd ryb\u00e1\u0159sk\u00fd dopln\u011bk","robots":{"index":"index","follow":"follow","max-snippet":"max-snippet:-1","max-image-preview":"max-image-preview:large","max-video-preview":"max-video-preview:-1"},"canonical":"https:\/\/magnetarmagnets.com\/cs\/shop\/magnetarovy-kbelik\/","og_locale":"cs_CZ","og_type":"article","og_title":"Magnetarov\u00fd kbel\u00edk - Magnet fishing with a Magnetar fishing magnet","og_description":"Magnetarov\u00fd kbel\u00edk - praktick\u00fd ryb\u00e1\u0159sk\u00fd dopln\u011bk","og_url":"https:\/\/magnetarmagnets.com\/cs\/shop\/magnetarovy-kbelik\/","og_site_name":"Magnet fishing with a Magnetar fishing magnet","article_publisher":"https:\/\/www.facebook.com\/fishingmagnets\/","article_modified_time":"2026-04-03T14:46:58+00:00","og_image":[{"width":1000,"height":1000,"url":"https:\/\/magnetarmagnets.com\/wp-content\/uploads\/2023\/09\/JNF-Magnetar-Bedrijfsfotografie-01-09-2023-Foto-0271.jpg","type":"image\/jpeg"}],"twitter_card":"summary_large_image","twitter_misc":{"Odhadovan\u00e1 doba \u010dten\u00ed":"2 minuty"},"schema":{"@context":"https:\/\/schema.org","@graph":[{"@type":["WebPage","ItemPage"],"@id":"https:\/\/magnetarmagnets.com\/cs\/shop\/magnetarovy-kbelik\/","url":"https:\/\/magnetarmagnets.com\/cs\/shop\/magnetarovy-kbelik\/","name":"Magnetarov\u00fd kbel\u00edk - Magnet fishing with a Magnetar fishing magnet","isPartOf":{"@id":"https:\/\/magnetarmagnets.com\/cs\/#website"},"primaryImageOfPage":{"@id":"https:\/\/magnetarmagnets.com\/cs\/shop\/magnetarovy-kbelik\/#primaryimage"},"image":{"@id":"https:\/\/magnetarmagnets.com\/cs\/shop\/magnetarovy-kbelik\/#primaryimage"},"thumbnailUrl":"https:\/\/magnetarmagnets.com\/wp-content\/uploads\/2023\/09\/JNF-Magnetar-Bedrijfsfotografie-01-09-2023-Foto-0271.jpg","datePublished":"2025-06-05T07:53:06+00:00","dateModified":"2026-04-03T14:46:58+00:00","description":"Magnetarov\u00fd kbel\u00edk - praktick\u00fd ryb\u00e1\u0159sk\u00fd dopln\u011bk","breadcrumb":{"@id":"https:\/\/magnetarmagnets.com\/cs\/shop\/magnetarovy-kbelik\/#breadcrumb"},"inLanguage":"cs","potentialAction":[{"@type":"ReadAction","target":["https:\/\/magnetarmagnets.com\/cs\/shop\/magnetarovy-kbelik\/"]}]},{"@type":"ImageObject","inLanguage":"cs","@id":"https:\/\/magnetarmagnets.com\/cs\/shop\/magnetarovy-kbelik\/#primaryimage","url":"https:\/\/magnetarmagnets.com\/wp-content\/uploads\/2023\/09\/JNF-Magnetar-Bedrijfsfotografie-01-09-2023-Foto-0271.jpg","contentUrl":"https:\/\/magnetarmagnets.com\/wp-content\/uploads\/2023\/09\/JNF-Magnetar-Bedrijfsfotografie-01-09-2023-Foto-0271.jpg","width":1000,"height":1000,"caption":"The Magnetar bucket is ideal for magnet fishing"},{"@type":"BreadcrumbList","@id":"https:\/\/magnetarmagnets.com\/cs\/shop\/magnetarovy-kbelik\/#breadcrumb","itemListElement":[{"@type":"ListItem","position":1,"name":"Home","item":"https:\/\/magnetarmagnets.com\/cs\/"},{"@type":"ListItem","position":2,"name":"Obchod","item":"https:\/\/magnetarmagnets.com\/obchod\/"},{"@type":"ListItem","position":3,"name":"Vybaven\u00ed","item":"https:\/\/magnetarmagnets.com\/cs\/collections\/vybaveni\/"},{"@type":"ListItem","position":4,"name":"Merch","item":"https:\/\/magnetarmagnets.com\/cs\/collections\/vybaveni\/merch\/"},{"@type":"ListItem","position":5,"name":"Magnetarov\u00fd kbel\u00edk"}]},{"@type":"WebSite","@id":"https:\/\/magnetarmagnets.com\/cs\/#website","url":"https:\/\/magnetarmagnets.com\/cs\/","name":"Magnet fishing with a Magnetar fishing magnet","description":"Siln\u00e9 magnety na magnet fishing","publisher":{"@id":"https:\/\/magnetarmagnets.com\/cs\/#organization"},"potentialAction":[{"@type":"SearchAction","target":{"@type":"EntryPoint","urlTemplate":"https:\/\/magnetarmagnets.com\/cs\/?s={search_term_string}"},"query-input":{"@type":"PropertyValueSpecification","valueRequired":true,"valueName":"search_term_string"}}],"inLanguage":"cs"},{"@type":"Organization","@id":"https:\/\/magnetarmagnets.com\/cs\/#organization","name":"Magnetar","url":"https:\/\/magnetarmagnets.com\/cs\/","logo":{"@type":"ImageObject","inLanguage":"cs","@id":"https:\/\/magnetarmagnets.com\/cs\/#\/schema\/logo\/image\/","url":"https:\/\/magnetarmagnets.com\/wp-content\/uploads\/2025\/05\/Logo-03_PNG-Black-scaled.png","contentUrl":"https:\/\/magnetarmagnets.com\/wp-content\/uploads\/2025\/05\/Logo-03_PNG-Black-scaled.png","width":2560,"height":1658,"caption":"Magnetar"},"image":{"@id":"https:\/\/magnetarmagnets.com\/cs\/#\/schema\/logo\/image\/"},"sameAs":["https:\/\/www.facebook.com\/fishingmagnets\/","https:\/\/www.instagram.com\/magnetar_magnets\/","https:\/\/www.linkedin.com\/company\/magnetarbv\/?originalSubdomain=nl","https:\/\/www.youtube.com\/c\/MagnetarVismagneet"]}]}},"_links":{"self":[{"href":"https:\/\/magnetarmagnets.com\/cs\/wp-json\/wp\/v2\/product\/83300","targetHints":{"allow":["GET"]}}],"collection":[{"href":"https:\/\/magnetarmagnets.com\/cs\/wp-json\/wp\/v2\/product"}],"about":[{"href":"https:\/\/magnetarmagnets.com\/cs\/wp-json\/wp\/v2\/types\/product"}],"replies":[{"embeddable":true,"href":"https:\/\/magnetarmagnets.com\/cs\/wp-json\/wp\/v2\/comments?post=83300"}],"version-history":[{"count":1,"href":"https:\/\/magnetarmagnets.com\/cs\/wp-json\/wp\/v2\/product\/83300\/revisions"}],"predecessor-version":[{"id":95166,"href":"https:\/\/magnetarmagnets.com\/cs\/wp-json\/wp\/v2\/product\/83300\/revisions\/95166"}],"wp:featuredmedia":[{"embeddable":true,"href":"https:\/\/magnetarmagnets.com\/cs\/wp-json\/wp\/v2\/media\/79793"}],"wp:attachment":[{"href":"https:\/\/magnetarmagnets.com\/cs\/wp-json\/wp\/v2\/media?parent=83300"}],"wp:term":[{"taxonomy":"product_brand","embeddable":true,"href":"https:\/\/magnetarmagnets.com\/cs\/wp-json\/wp\/v2\/product_brand?post=83300"},{"taxonomy":"product_cat","embeddable":true,"href":"https:\/\/magnetarmagnets.com\/cs\/wp-json\/wp\/v2\/product_cat?post=83300"},{"taxonomy":"product_tag","embeddable":true,"href":"https:\/\/magnetarmagnets.com\/cs\/wp-json\/wp\/v2\/product_tag?post=83300"}],"curies":[{"name":"wp","href":"https:\/\/api.w.org\/{rel}","templated":true}]}}