{"id":83299,"date":"2025-06-05T09:53:05","date_gmt":"2025-06-05T07:53:05","guid":{"rendered":"https:\/\/magnetarmagnets.com\/?post_type=product&#038;p=83299"},"modified":"2026-04-03T20:43:52","modified_gmt":"2026-04-03T18:43:52","slug":"double-impact","status":"publish","type":"product","link":"https:\/\/magnetarmagnets.com\/cs\/shop\/double-impact\/","title":{"rendered":"Double Impact"},"content":{"rendered":"Pou\u017e\u00edv\u00e1te p\u0159i magnetick\u00e9m ryba\u0159en\u00ed nejen jeden, ale dva magnety? Mo\u017en\u00e1 to zn\u00ed trochu zvl\u00e1\u0161tn\u011b, ale po pou\u017eit\u00ed Double Impact zm\u011bn\u00edte n\u00e1zor! Tento produkt v\u00e1m umo\u017en\u00ed pou\u017e\u00edt dva ryb\u00e1\u0159sk\u00e9 magnety od Magnetar k hled\u00e1n\u00ed kr\u00e1sn\u00fdch podvodn\u00edch poklad\u016f.\n\n\n\nHled\u00e1te v\u0161e najednou? Pod\u00edvejte se na na\u0161e <a href=\"https:\/\/magnetarmagnets.com\/shop\/double-impact-package\">bal\u00ed\u010dky Double Impact<\/a>. Ty obsahuj\u00ed ryb\u00e1\u0159sk\u00e9 magnety, ochrann\u00e9 kryty, lano a dal\u0161\u00ed p\u0159\u00edslu\u0161enstv\u00ed.\n\n<h2>Zv\u00fd\u0161en\u00fd potenci\u00e1l \u00falovku s Double Impact<\/h2>\n\nPokud pou\u017e\u00edv\u00e1te ryb\u00e1\u0159sk\u00fd magnet od Magnetar, v\u00edte, \u017ee v\u011bt\u0161inu p\u0159edm\u011bt\u016f z vody snadno vyt\u00e1hnete. P\u0159esto st\u00e1le hled\u00e1me zp\u016fsoby, jak zv\u00fd\u0161it potenci\u00e1l \u00falovku pro magnetick\u00e9 ryb\u00e1\u0159e. A pr\u00e1v\u011b zde p\u0159ich\u00e1z\u00ed Double Impact.\n\n\n\nDouble Impact je nov\u00fd n\u00e1stroj pro magnetick\u00e9 ryba\u0159en\u00ed. Jedn\u00e1 se o krou\u017eek, kter\u00fd spojuje dv\u011b kovov\u00e9 ty\u010de. Na tyto ty\u010de lze p\u0159ipevnit ryb\u00e1\u0159sk\u00e9 magnety od Magnetar. M\u016f\u017eete pou\u017e\u00edt nov\u00fd magnet nebo ten, kter\u00fd ji\u017e vlastn\u00edte.\n\n\n\nS Double Impact m\u00e1te dvojn\u00e1sobnou \u0161anci n\u011bco ulovit. Magnetick\u00e1 pole ryb\u00e1\u0159sk\u00fdch magnet\u016f se navz\u00e1jem odpuzuj\u00ed, co\u017e v\u00fdrazn\u011b zvy\u0161uje celkov\u00e9 magnetick\u00e9 pole a pozitivn\u011b ovliv\u0148uje v\u00e1\u0161 potenci\u00e1l \u00falovku. Krom\u011b v\u011bt\u0161\u00edho magnetick\u00e9ho pole v\u00e1m tento produkt tak\u00e9 umo\u017e\u0148uje pou\u017e\u00edt dva magnety, kter\u00e9 spole\u010dn\u011b vyt\u00e1hnou i v\u011bt\u0161\u00ed p\u0159edm\u011bty z vody, pokud p\u0159ipevn\u00edte dva ryb\u00e1\u0159sk\u00e9 magnety.\n\n<h2>Jak pou\u017e\u00edvat Double Impact?<\/h2>\n\nMagnetick\u00e9 ryba\u0159en\u00ed lze prov\u00e1d\u011bt r\u016fzn\u00fdmi zp\u016fsoby a Double Impact lze tak\u00e9 pou\u017e\u00edt r\u016fzn\u00fdmi zp\u016fsoby. Nejefektivn\u011bj\u0161\u00ed je v\u0161ak pou\u017eit\u00ed ta\u017een\u00edm. T\u00edmto zp\u016fsobem m\u016f\u017eete snadno pokr\u00fdt v\u011bt\u0161\u00ed oblast ve vod\u011b.\n\n<h2>Co mohu k Double Impact p\u0159ipevnit?<\/h2>\n\nDouble Impact lze pou\u017e\u00edt v kombinaci s r\u016fzn\u00fdmi produkty Magnetar. V z\u00e1sad\u011b lze pou\u017e\u00edt univerz\u00e1ln\u00ed 360\u00b0 ryb\u00e1\u0159sk\u00e9 magnety. Doporu\u010dujeme v\u0161ak pou\u017e\u00edvat magnety <a href=\"https:\/\/magnetarmagnets.com\/shop\/easy-magnet\/?v=796834e7a283\">Easy<\/a> nebo <a href=\"https:\/\/magnetarmagnets.com\/shop\/hardcore-magnet-2\/?v=796834e7a283\">Hardcore<\/a>. Magnety Classic 110, 200 a 300 lze tak\u00e9 pou\u017e\u00edt s t\u00edmto produktem.\n\n\n\nK Double Impact lze tak\u00e9 snadno p\u0159ipevnit speci\u00e1ln\u00ed h\u00e1k. To v\u00e1m umo\u017en\u00ed pou\u017e\u00edt nap\u0159\u00edklad ryb\u00e1\u0159sk\u00fd magnet i h\u00e1k sou\u010dasn\u011b. Je d\u016fle\u017eit\u00e9 si uv\u011bdomit, \u017ee tento produkt neobsahuje ryb\u00e1\u0159sk\u00e9 magnety ani jin\u00e9 p\u0159\u00edslu\u0161enstv\u00ed.\n\n<h2>Bezpe\u010dnostn\u00ed upozorn\u011bn\u00ed<\/h2>\n\nV Magnetar je bezpe\u010dnost na\u0161\u00ed nejvy\u0161\u0161\u00ed prioritou. Proto v\u00e1s chceme p\u0159ed pou\u017eit\u00edm Double Impact varovat. Spojov\u00e1n\u00ed siln\u00fdch magnet\u016f m\u016f\u017ee v\u00e9st k nebezpe\u010dn\u00fdm situac\u00edm. Bu\u010fte si v\u011bdomi rizik p\u0159i sestavov\u00e1n\u00ed produktu. Magnetar nenese odpov\u011bdnost za zran\u011bn\u00ed zp\u016fsoben\u00e1 neopatrn\u00fdm pou\u017eit\u00edm.\n\n\n\nTeoreticky je mo\u017en\u00e9 pou\u017e\u00edt Double Impact v kombinaci s <a href=\"https:\/\/magnetarmagnets.com\/shop\/exclusive-terror-magnet\">Terror<\/a>, <a href=\"https:\/\/magnetarmagnets.com\/shop\/beast-magnet\">Beast<\/a> a <a href=\"https:\/\/magnetarmagnets.com\/shop\/barbarian-magnet\">Barbarian<\/a>. V tomto p\u0159\u00edpad\u011b v\u0161ak Magnetar nenese odpov\u011bdnost za p\u0159\u00edpadn\u00e9 nehody.","protected":false},"excerpt":{"rendered":"<p><strong>Zv\u00fd\u0161te sv\u00e9 \u0161ance<\/strong> na \u00falovek p\u0159i magnetick\u00e9m ryba\u0159en\u00ed s Double Impact od Magnetar! S t\u00edmto p\u0159\u00edslu\u0161enstv\u00edm m\u016f\u017eete <strong>kombinovat dva ryb\u00e1\u0159sk\u00e9 magnety<\/strong> nebo ryb\u00e1\u0159sk\u00fd magnet s h\u00e1kem. Magnety nejsou sou\u010d\u00e1st\u00ed balen\u00ed.<\/p>\n","protected":false},"featured_media":79724,"comment_status":"open","ping_status":"closed","template":"","meta":{"_acf_changed":false,"inline_featured_image":false},"product_brand":[],"product_cat":[595,588,589],"product_tag":[],"class_list":{"0":"post-83299","1":"product","2":"type-product","3":"status-publish","4":"has-post-thumbnail","6":"product_cat-profesjonalisci","7":"product_cat-sprzet","8":"product_cat-sprzet-do-lowienia-magnesem","10":"first","11":"instock","12":"sale","13":"taxable","14":"shipping-taxable","15":"purchasable","16":"product-type-simple"},"acf":[],"yoast_head":"<!-- This site is optimized with the Yoast SEO plugin v27.3 - https:\/\/yoast.com\/product\/yoast-seo-wordpress\/ -->\n<title>Double Impact - Magnet fishing with a Magnetar fishing magnet<\/title>\n<meta name=\"description\" content=\"Double Impact - z\u00e1kladn\u00ed vybaven\u00ed Magnetar pro magnetick\u00e9 ryba\u0159en\u00ed\" \/>\n<meta name=\"robots\" content=\"index, follow, max-snippet:-1, max-image-preview:large, max-video-preview:-1\" \/>\n<link rel=\"canonical\" href=\"https:\/\/magnetarmagnets.com\/cs\/shop\/double-impact\/\" \/>\n<meta property=\"og:locale\" content=\"cs_CZ\" \/>\n<meta property=\"og:type\" content=\"article\" \/>\n<meta property=\"og:title\" content=\"Double Impact - Magnet fishing with a Magnetar fishing magnet\" \/>\n<meta property=\"og:description\" content=\"Double Impact - z\u00e1kladn\u00ed vybaven\u00ed Magnetar pro magnetick\u00e9 ryba\u0159en\u00ed\" \/>\n<meta property=\"og:url\" content=\"https:\/\/magnetarmagnets.com\/cs\/shop\/double-impact\/\" \/>\n<meta property=\"og:site_name\" content=\"Magnet fishing with a Magnetar fishing magnet\" \/>\n<meta property=\"article:publisher\" content=\"https:\/\/www.facebook.com\/fishingmagnets\/\" \/>\n<meta property=\"article:modified_time\" content=\"2026-04-03T18:43:52+00:00\" \/>\n<meta property=\"og:image\" content=\"https:\/\/magnetarmagnets.com\/wp-content\/uploads\/2023\/09\/JNF-Magnetar-Bedrijfsfotografie-01-09-2023-Foto-0158.jpg\" \/>\n\t<meta property=\"og:image:width\" content=\"1000\" \/>\n\t<meta property=\"og:image:height\" content=\"1000\" \/>\n\t<meta property=\"og:image:type\" content=\"image\/jpeg\" \/>\n<meta name=\"twitter:card\" content=\"summary_large_image\" \/>\n<meta name=\"twitter:label1\" content=\"Odhadovan\u00e1 doba \u010dten\u00ed\" \/>\n\t<meta name=\"twitter:data1\" content=\"3 minuty\" \/>\n<script type=\"application\/ld+json\" class=\"yoast-schema-graph\">{\"@context\":\"https:\\\/\\\/schema.org\",\"@graph\":[{\"@type\":[\"WebPage\",\"ItemPage\"],\"@id\":\"https:\\\/\\\/magnetarmagnets.com\\\/cs\\\/shop\\\/double-impact\\\/\",\"url\":\"https:\\\/\\\/magnetarmagnets.com\\\/cs\\\/shop\\\/double-impact\\\/\",\"name\":\"Double Impact - Magnet fishing with a Magnetar fishing magnet\",\"isPartOf\":{\"@id\":\"https:\\\/\\\/magnetarmagnets.com\\\/cs\\\/#website\"},\"primaryImageOfPage\":{\"@id\":\"https:\\\/\\\/magnetarmagnets.com\\\/cs\\\/shop\\\/double-impact\\\/#primaryimage\"},\"image\":{\"@id\":\"https:\\\/\\\/magnetarmagnets.com\\\/cs\\\/shop\\\/double-impact\\\/#primaryimage\"},\"thumbnailUrl\":\"https:\\\/\\\/magnetarmagnets.com\\\/wp-content\\\/uploads\\\/2023\\\/09\\\/JNF-Magnetar-Bedrijfsfotografie-01-09-2023-Foto-0158.jpg\",\"datePublished\":\"2025-06-05T07:53:05+00:00\",\"dateModified\":\"2026-04-03T18:43:52+00:00\",\"description\":\"Double Impact - z\u00e1kladn\u00ed vybaven\u00ed Magnetar pro magnetick\u00e9 ryba\u0159en\u00ed\",\"breadcrumb\":{\"@id\":\"https:\\\/\\\/magnetarmagnets.com\\\/cs\\\/shop\\\/double-impact\\\/#breadcrumb\"},\"inLanguage\":\"cs\",\"potentialAction\":[{\"@type\":\"ReadAction\",\"target\":[\"https:\\\/\\\/magnetarmagnets.com\\\/cs\\\/shop\\\/double-impact\\\/\"]}]},{\"@type\":\"ImageObject\",\"inLanguage\":\"cs\",\"@id\":\"https:\\\/\\\/magnetarmagnets.com\\\/cs\\\/shop\\\/double-impact\\\/#primaryimage\",\"url\":\"https:\\\/\\\/magnetarmagnets.com\\\/wp-content\\\/uploads\\\/2023\\\/09\\\/JNF-Magnetar-Bedrijfsfotografie-01-09-2023-Foto-0158.jpg\",\"contentUrl\":\"https:\\\/\\\/magnetarmagnets.com\\\/wp-content\\\/uploads\\\/2023\\\/09\\\/JNF-Magnetar-Bedrijfsfotografie-01-09-2023-Foto-0158.jpg\",\"width\":1000,\"height\":1000,\"caption\":\"Magnetar's Double Impact allows you to combine two magnets while magnet fishing.\"},{\"@type\":\"BreadcrumbList\",\"@id\":\"https:\\\/\\\/magnetarmagnets.com\\\/cs\\\/shop\\\/double-impact\\\/#breadcrumb\",\"itemListElement\":[{\"@type\":\"ListItem\",\"position\":1,\"name\":\"Home\",\"item\":\"https:\\\/\\\/magnetarmagnets.com\\\/cs\\\/\"},{\"@type\":\"ListItem\",\"position\":2,\"name\":\"Obchod\",\"item\":\"https:\\\/\\\/magnetarmagnets.com\\\/obchod\\\/\"},{\"@type\":\"ListItem\",\"position\":3,\"name\":\"Vybaven\u00ed\",\"item\":\"https:\\\/\\\/magnetarmagnets.com\\\/cs\\\/collections\\\/vybaveni\\\/\"},{\"@type\":\"ListItem\",\"position\":4,\"name\":\"Vybaven\u00ed pro magnet fishing\",\"item\":\"https:\\\/\\\/magnetarmagnets.com\\\/cs\\\/collections\\\/vybaveni\\\/vybaveni-pro-magnet-fishing\\\/\"},{\"@type\":\"ListItem\",\"position\":5,\"name\":\"Double Impact\"}]},{\"@type\":\"WebSite\",\"@id\":\"https:\\\/\\\/magnetarmagnets.com\\\/cs\\\/#website\",\"url\":\"https:\\\/\\\/magnetarmagnets.com\\\/cs\\\/\",\"name\":\"Magnet fishing with a Magnetar fishing magnet\",\"description\":\"Siln\u00e9 magnety na magnet fishing\",\"publisher\":{\"@id\":\"https:\\\/\\\/magnetarmagnets.com\\\/cs\\\/#organization\"},\"potentialAction\":[{\"@type\":\"SearchAction\",\"target\":{\"@type\":\"EntryPoint\",\"urlTemplate\":\"https:\\\/\\\/magnetarmagnets.com\\\/cs\\\/?s={search_term_string}\"},\"query-input\":{\"@type\":\"PropertyValueSpecification\",\"valueRequired\":true,\"valueName\":\"search_term_string\"}}],\"inLanguage\":\"cs\"},{\"@type\":\"Organization\",\"@id\":\"https:\\\/\\\/magnetarmagnets.com\\\/cs\\\/#organization\",\"name\":\"Magnetar\",\"url\":\"https:\\\/\\\/magnetarmagnets.com\\\/cs\\\/\",\"logo\":{\"@type\":\"ImageObject\",\"inLanguage\":\"cs\",\"@id\":\"https:\\\/\\\/magnetarmagnets.com\\\/cs\\\/#\\\/schema\\\/logo\\\/image\\\/\",\"url\":\"https:\\\/\\\/magnetarmagnets.com\\\/wp-content\\\/uploads\\\/2025\\\/05\\\/Logo-03_PNG-Black-scaled.png\",\"contentUrl\":\"https:\\\/\\\/magnetarmagnets.com\\\/wp-content\\\/uploads\\\/2025\\\/05\\\/Logo-03_PNG-Black-scaled.png\",\"width\":2560,\"height\":1658,\"caption\":\"Magnetar\"},\"image\":{\"@id\":\"https:\\\/\\\/magnetarmagnets.com\\\/cs\\\/#\\\/schema\\\/logo\\\/image\\\/\"},\"sameAs\":[\"https:\\\/\\\/www.facebook.com\\\/fishingmagnets\\\/\",\"https:\\\/\\\/www.instagram.com\\\/magnetar_magnets\\\/\",\"https:\\\/\\\/www.linkedin.com\\\/company\\\/magnetarbv\\\/?originalSubdomain=nl\",\"https:\\\/\\\/www.youtube.com\\\/c\\\/MagnetarVismagneet\"]}]}<\/script>\n<!-- \/ Yoast SEO plugin. -->","yoast_head_json":{"title":"Double Impact - Magnet fishing with a Magnetar fishing magnet","description":"Double Impact - z\u00e1kladn\u00ed vybaven\u00ed Magnetar pro magnetick\u00e9 ryba\u0159en\u00ed","robots":{"index":"index","follow":"follow","max-snippet":"max-snippet:-1","max-image-preview":"max-image-preview:large","max-video-preview":"max-video-preview:-1"},"canonical":"https:\/\/magnetarmagnets.com\/cs\/shop\/double-impact\/","og_locale":"cs_CZ","og_type":"article","og_title":"Double Impact - Magnet fishing with a Magnetar fishing magnet","og_description":"Double Impact - z\u00e1kladn\u00ed vybaven\u00ed Magnetar pro magnetick\u00e9 ryba\u0159en\u00ed","og_url":"https:\/\/magnetarmagnets.com\/cs\/shop\/double-impact\/","og_site_name":"Magnet fishing with a Magnetar fishing magnet","article_publisher":"https:\/\/www.facebook.com\/fishingmagnets\/","article_modified_time":"2026-04-03T18:43:52+00:00","og_image":[{"width":1000,"height":1000,"url":"https:\/\/magnetarmagnets.com\/wp-content\/uploads\/2023\/09\/JNF-Magnetar-Bedrijfsfotografie-01-09-2023-Foto-0158.jpg","type":"image\/jpeg"}],"twitter_card":"summary_large_image","twitter_misc":{"Odhadovan\u00e1 doba \u010dten\u00ed":"3 minuty"},"schema":{"@context":"https:\/\/schema.org","@graph":[{"@type":["WebPage","ItemPage"],"@id":"https:\/\/magnetarmagnets.com\/cs\/shop\/double-impact\/","url":"https:\/\/magnetarmagnets.com\/cs\/shop\/double-impact\/","name":"Double Impact - Magnet fishing with a Magnetar fishing magnet","isPartOf":{"@id":"https:\/\/magnetarmagnets.com\/cs\/#website"},"primaryImageOfPage":{"@id":"https:\/\/magnetarmagnets.com\/cs\/shop\/double-impact\/#primaryimage"},"image":{"@id":"https:\/\/magnetarmagnets.com\/cs\/shop\/double-impact\/#primaryimage"},"thumbnailUrl":"https:\/\/magnetarmagnets.com\/wp-content\/uploads\/2023\/09\/JNF-Magnetar-Bedrijfsfotografie-01-09-2023-Foto-0158.jpg","datePublished":"2025-06-05T07:53:05+00:00","dateModified":"2026-04-03T18:43:52+00:00","description":"Double Impact - z\u00e1kladn\u00ed vybaven\u00ed Magnetar pro magnetick\u00e9 ryba\u0159en\u00ed","breadcrumb":{"@id":"https:\/\/magnetarmagnets.com\/cs\/shop\/double-impact\/#breadcrumb"},"inLanguage":"cs","potentialAction":[{"@type":"ReadAction","target":["https:\/\/magnetarmagnets.com\/cs\/shop\/double-impact\/"]}]},{"@type":"ImageObject","inLanguage":"cs","@id":"https:\/\/magnetarmagnets.com\/cs\/shop\/double-impact\/#primaryimage","url":"https:\/\/magnetarmagnets.com\/wp-content\/uploads\/2023\/09\/JNF-Magnetar-Bedrijfsfotografie-01-09-2023-Foto-0158.jpg","contentUrl":"https:\/\/magnetarmagnets.com\/wp-content\/uploads\/2023\/09\/JNF-Magnetar-Bedrijfsfotografie-01-09-2023-Foto-0158.jpg","width":1000,"height":1000,"caption":"Magnetar's Double Impact allows you to combine two magnets while magnet fishing."},{"@type":"BreadcrumbList","@id":"https:\/\/magnetarmagnets.com\/cs\/shop\/double-impact\/#breadcrumb","itemListElement":[{"@type":"ListItem","position":1,"name":"Home","item":"https:\/\/magnetarmagnets.com\/cs\/"},{"@type":"ListItem","position":2,"name":"Obchod","item":"https:\/\/magnetarmagnets.com\/obchod\/"},{"@type":"ListItem","position":3,"name":"Vybaven\u00ed","item":"https:\/\/magnetarmagnets.com\/cs\/collections\/vybaveni\/"},{"@type":"ListItem","position":4,"name":"Vybaven\u00ed pro magnet fishing","item":"https:\/\/magnetarmagnets.com\/cs\/collections\/vybaveni\/vybaveni-pro-magnet-fishing\/"},{"@type":"ListItem","position":5,"name":"Double Impact"}]},{"@type":"WebSite","@id":"https:\/\/magnetarmagnets.com\/cs\/#website","url":"https:\/\/magnetarmagnets.com\/cs\/","name":"Magnet fishing with a Magnetar fishing magnet","description":"Siln\u00e9 magnety na magnet fishing","publisher":{"@id":"https:\/\/magnetarmagnets.com\/cs\/#organization"},"potentialAction":[{"@type":"SearchAction","target":{"@type":"EntryPoint","urlTemplate":"https:\/\/magnetarmagnets.com\/cs\/?s={search_term_string}"},"query-input":{"@type":"PropertyValueSpecification","valueRequired":true,"valueName":"search_term_string"}}],"inLanguage":"cs"},{"@type":"Organization","@id":"https:\/\/magnetarmagnets.com\/cs\/#organization","name":"Magnetar","url":"https:\/\/magnetarmagnets.com\/cs\/","logo":{"@type":"ImageObject","inLanguage":"cs","@id":"https:\/\/magnetarmagnets.com\/cs\/#\/schema\/logo\/image\/","url":"https:\/\/magnetarmagnets.com\/wp-content\/uploads\/2025\/05\/Logo-03_PNG-Black-scaled.png","contentUrl":"https:\/\/magnetarmagnets.com\/wp-content\/uploads\/2025\/05\/Logo-03_PNG-Black-scaled.png","width":2560,"height":1658,"caption":"Magnetar"},"image":{"@id":"https:\/\/magnetarmagnets.com\/cs\/#\/schema\/logo\/image\/"},"sameAs":["https:\/\/www.facebook.com\/fishingmagnets\/","https:\/\/www.instagram.com\/magnetar_magnets\/","https:\/\/www.linkedin.com\/company\/magnetarbv\/?originalSubdomain=nl","https:\/\/www.youtube.com\/c\/MagnetarVismagneet"]}]}},"_links":{"self":[{"href":"https:\/\/magnetarmagnets.com\/cs\/wp-json\/wp\/v2\/product\/83299","targetHints":{"allow":["GET"]}}],"collection":[{"href":"https:\/\/magnetarmagnets.com\/cs\/wp-json\/wp\/v2\/product"}],"about":[{"href":"https:\/\/magnetarmagnets.com\/cs\/wp-json\/wp\/v2\/types\/product"}],"replies":[{"embeddable":true,"href":"https:\/\/magnetarmagnets.com\/cs\/wp-json\/wp\/v2\/comments?post=83299"}],"version-history":[{"count":0,"href":"https:\/\/magnetarmagnets.com\/cs\/wp-json\/wp\/v2\/product\/83299\/revisions"}],"wp:featuredmedia":[{"embeddable":true,"href":"https:\/\/magnetarmagnets.com\/cs\/wp-json\/wp\/v2\/media\/79724"}],"wp:attachment":[{"href":"https:\/\/magnetarmagnets.com\/cs\/wp-json\/wp\/v2\/media?parent=83299"}],"wp:term":[{"taxonomy":"product_brand","embeddable":true,"href":"https:\/\/magnetarmagnets.com\/cs\/wp-json\/wp\/v2\/product_brand?post=83299"},{"taxonomy":"product_cat","embeddable":true,"href":"https:\/\/magnetarmagnets.com\/cs\/wp-json\/wp\/v2\/product_cat?post=83299"},{"taxonomy":"product_tag","embeddable":true,"href":"https:\/\/magnetarmagnets.com\/cs\/wp-json\/wp\/v2\/product_tag?post=83299"}],"curies":[{"name":"wp","href":"https:\/\/api.w.org\/{rel}","templated":true}]}}