{"id":83298,"date":"2025-07-28T10:08:12","date_gmt":"2025-07-28T08:08:12","guid":{"rendered":"https:\/\/magnetarmagnets.com\/?post_type=product&#038;p=83298"},"modified":"2025-10-29T09:26:57","modified_gmt":"2025-10-29T08:26:57","slug":"magneticky-zvedak-poklopu-kanalizace-s-kladivem","status":"publish","type":"product","link":"https:\/\/magnetarmagnets.com\/cs\/shop\/magneticky-zvedak-poklopu-kanalizace-s-kladivem\/","title":{"rendered":"Magnetick\u00fd zved\u00e1k poklopu kanalizace s kladivem"},"content":{"rendered":"Pravideln\u011b otev\u00edr\u00e1te kanaliza\u010dn\u00ed poklopy? Tento magnetick\u00fd zved\u00e1k poklopu v\u00e1m v\u00fdrazn\u011b usnadn\u00ed pr\u00e1ci. Otev\u00edr\u00e1n\u00ed poklop\u016f m\u016f\u017ee b\u00fdt nam\u00e1hav\u00e9. Proto jsme vyvinuli Magnetar THOR, kter\u00fd je navr\u017een tak, aby pomoc\u00ed sv\u00e9ho magnetick\u00e9ho tahu otev\u0159el r\u016fzn\u00e9 druhy poklop\u016f, vyp\u00e1\u010dil je nebo \u2013 pokud jsou zasekl\u00e9 \u2013 uvolnil \u00faderem.\r\n\r\nZat\u00edmco tradi\u010dn\u00ed zved\u00e1ky poklop\u016f v\u00e1s nut\u00ed se oh\u00fdbat, Magnetar THOR umo\u017e\u0148uje zvedat v\u0161echny druhy poklop\u016f ve vzp\u0159\u00edmen\u00e9 poloze. Pou\u017eit\u00ed tohoto zved\u00e1ku poklopu s magnetem a h\u00e1kem jist\u011b sn\u00ed\u017e\u00ed fyzickou n\u00e1mahu.\r\n<h2>Popis produktu<\/h2>\r\nMagnetar THOR je jedine\u010dn\u00fd. Tento magnetick\u00fd zved\u00e1k poklopu je vybaven siln\u00fdm neodymov\u00fdm magnetem. Krom\u011b toho obsahuje tradi\u010dn\u00ed h\u00e1k na zved\u00e1n\u00ed poklop\u016f a kladivo. V\u0161echny tyto n\u00e1stroje usnad\u0148uj\u00ed zved\u00e1n\u00ed, vyp\u00e1\u010den\u00ed nebo \u00fader na jak\u00fdkoli poklop. To v\u0161e z ergonomick\u00e9 pozice t\u011bla, aby tato opakuj\u00edc\u00ed se \u010dinnost vy\u017eadovala m\u00e9n\u011b s\u00edly a \u00fasil\u00ed. Jednoduch\u00e9, \u017ee?\r\n<h2>Magnetar THOR p\u0159ekon\u00e1v\u00e1 b\u011b\u017en\u00e9 zved\u00e1ky poklop\u016f<\/h2>\r\nKdo \u010dasto pracuje s mnoha poklopy, \u00fadr\u017ebov\u00fdmi otvory nebo jin\u00fdmi velk\u00fdmi otvory, pravd\u011bpodobn\u011b vlastn\u00ed tradi\u010dn\u00ed zved\u00e1k poklopu, h\u00e1k nebo podobn\u00fd n\u00e1stroj. Pou\u017eit\u00ed t\u011bchto produkt\u016f \u010dasto vy\u017eaduje velk\u00e9 \u00fasil\u00ed. Otev\u00edr\u00e1n\u00ed t\u011b\u017ek\u00fdch poklop\u016f m\u016f\u017ee b\u00fdt velmi nam\u00e1hav\u00e9 a v n\u011bkter\u00fdch p\u0159\u00edpadech m\u016f\u017ee v\u00e9st a\u017e ke zran\u011bn\u00edm, kter\u00fdm je t\u0159eba se vyhnout.\r\n\r\nMagnetar THOR p\u0159istupuje k probl\u00e9mu jinak. D\u00edky siln\u00e9mu neodymov\u00e9mu magnetu je mo\u017en\u00e9 v\u011bt\u0161inu poklop\u016f zvednout ve vzp\u0159\u00edmen\u00e9 poloze, \u010d\u00edm\u017e se v\u00fdrazn\u011b sni\u017euje nam\u00e1h\u00e1n\u00ed nohou a zad, co\u017e dlouhodob\u011b prosp\u00edv\u00e1 zdrav\u00ed.\r\n<h2>T\u0159i funkce Magnetar THOR<\/h2>\r\nS Magnetar THOR jsme spojili h\u00e1k na poklop, zved\u00e1k a kladivo v jednom produktu. T\u00edm jste p\u0159ipraveni na jakoukoli situaci, vyhnete se fyzick\u00e9 n\u00e1maze a u\u0161et\u0159\u00edte m\u00edsto. Produkt vynik\u00e1 t\u011bmito t\u0159emi charakteristick\u00fdmi funkcemi.\r\n<ul>\r\n \t<li>Zved\u00e1n\u00ed<\/li>\r\n \t<li>Vyp\u00e1\u010den\u00ed<\/li>\r\n \t<li>\u00dader<\/li>\r\n<\/ul>\r\nPot\u0159ebujete otev\u0159\u00edt poklop? Ve v\u011bt\u0161in\u011b p\u0159\u00edpad\u016f to umo\u017en\u00ed siln\u00fd neodymov\u00fd magnet, podobn\u00fd t\u011bm, kter\u00e9 pou\u017e\u00edv\u00e1me jako na\u0161e fishing magnety. Tyto magnety maj\u00ed tahovou s\u00edlu p\u0159ibli\u017en\u011b 300 kg. Oto\u010den\u00edm THORu, uchopen\u00edm h\u00e1ku a kladiva snadno zvednete poklop z jeho r\u00e1me\u010dku.\r\n\r\nPou\u017eit\u00ed samotn\u00e9ho magnetu nemus\u00ed b\u00fdt v\u017edy dosta\u010duj\u00edc\u00ed. V takov\u00fdch p\u0159\u00edpadech lze pou\u017e\u00edt h\u00e1k k vyp\u00e1\u010den\u00ed zaseknut\u00fdch poklop\u016f. Nav\u00edc lze dostate\u010dnou zvedac\u00ed s\u00edlu snadno vytvo\u0159it d\u00edky p\u00e1ce 67 cm dlouh\u00e9 ty\u010de. C\u00edt\u00edte pohyb poklopu? Nyn\u00ed je \u010das pou\u017e\u00edt magnet k jeho zvednut\u00ed.\r\n\r\nPokud se poklop v\u016fbec nepohybuje, lze ho uvolnit \u00faderem kladiva. To pom\u00e1h\u00e1 vytvo\u0159it v\u016fli v r\u00e1me\u010dku, kterou lze n\u00e1sledn\u011b vyu\u017e\u00edt k vyp\u00e1\u010den\u00ed a zvednut\u00ed poklopu magnetem.","protected":false},"excerpt":{"rendered":"<p>Pravideln\u011b pracujete s <strong>kanaliza\u010dn\u00edmi poklopy<\/strong>? Pak v\u00e1m n\u00e1\u0161 <strong>magnetick\u00fd h\u00e1k na poklop s kladivem<\/strong> v\u00fdrazn\u011b usnadn\u00ed pr\u00e1ci.<\/p>\n<p>Tradi\u010dn\u00ed zved\u00e1ky poklop\u016f v\u00e1s nut\u00ed se oh\u00fdbat, ale Magnetar THOR v\u00e1m umo\u017en\u00ed <strong>otev\u00edrat r\u016fzn\u00e9 poklopy ve stoje<\/strong>. Pou\u017eit\u00ed tohoto zved\u00e1ku poklopu s magnetem a h\u00e1kem v\u00fdrazn\u011b <strong>sn\u00ed\u017e\u00ed fyzickou n\u00e1mahu<\/strong> p\u0159i pr\u00e1ci.<\/p>\n","protected":false},"featured_media":80011,"comment_status":"open","ping_status":"closed","template":"","meta":{"_acf_changed":false,"inline_featured_image":false},"product_brand":[],"product_cat":[567,563],"product_tag":[],"class_list":{"0":"post-83298","1":"product","2":"type-product","3":"status-publish","4":"has-post-thumbnail","6":"product_cat-magneticke-doplnky","7":"product_cat-vybaveni","9":"first","10":"instock","11":"sale","12":"taxable","13":"shipping-taxable","14":"purchasable","15":"product-type-variable"},"acf":[],"yoast_head":"<!-- This site is optimized with the Yoast SEO plugin v27.3 - https:\/\/yoast.com\/product\/yoast-seo-wordpress\/ -->\n<title>Magnetick\u00fd zved\u00e1k poklopu kanalizace s kladivem - Magnetar THOR<\/title>\n<meta name=\"description\" content=\"Pravideln\u011b otev\u00edr\u00e1te kanaliza\u010dn\u00ed poklopy? Magnetick\u00fd zved\u00e1k poklopu Magnetar THOR v\u00e1m v\u00fdrazn\u011b usnadn\u00ed pr\u00e1ci.\" \/>\n<meta name=\"robots\" content=\"index, follow, max-snippet:-1, max-image-preview:large, max-video-preview:-1\" \/>\n<link rel=\"canonical\" href=\"https:\/\/magnetarmagnets.com\/cs\/shop\/magneticky-zvedak-poklopu-kanalizace-s-kladivem\/\" \/>\n<meta property=\"og:locale\" content=\"cs_CZ\" \/>\n<meta property=\"og:type\" content=\"article\" \/>\n<meta property=\"og:title\" content=\"Magnetick\u00fd zved\u00e1k poklopu kanalizace s kladivem - Magnetar THOR\" \/>\n<meta property=\"og:description\" content=\"Pravideln\u011b otev\u00edr\u00e1te kanaliza\u010dn\u00ed poklopy? Magnetick\u00fd zved\u00e1k poklopu Magnetar THOR v\u00e1m v\u00fdrazn\u011b usnadn\u00ed pr\u00e1ci.\" \/>\n<meta property=\"og:url\" content=\"https:\/\/magnetarmagnets.com\/cs\/shop\/magneticky-zvedak-poklopu-kanalizace-s-kladivem\/\" \/>\n<meta property=\"og:site_name\" content=\"Magnet fishing with a Magnetar fishing magnet\" \/>\n<meta property=\"article:publisher\" content=\"https:\/\/www.facebook.com\/fishingmagnets\/\" \/>\n<meta property=\"article:modified_time\" content=\"2025-10-29T08:26:57+00:00\" \/>\n<meta property=\"og:image\" content=\"https:\/\/magnetarmagnets.com\/wp-content\/uploads\/2023\/09\/JNF-Magnetar-Bedrijfsfotografie-01-09-2023-Foto-9955.jpg\" \/>\n\t<meta property=\"og:image:width\" content=\"1000\" \/>\n\t<meta property=\"og:image:height\" content=\"1000\" \/>\n\t<meta property=\"og:image:type\" content=\"image\/jpeg\" \/>\n<meta name=\"twitter:card\" content=\"summary_large_image\" \/>\n<meta name=\"twitter:label1\" content=\"Odhadovan\u00e1 doba \u010dten\u00ed\" \/>\n\t<meta name=\"twitter:data1\" content=\"2 minuty\" \/>\n<script type=\"application\/ld+json\" class=\"yoast-schema-graph\">{\"@context\":\"https:\\\/\\\/schema.org\",\"@graph\":[{\"@type\":[\"WebPage\",\"ItemPage\"],\"@id\":\"https:\\\/\\\/magnetarmagnets.com\\\/cs\\\/shop\\\/magneticky-zvedak-poklopu-kanalizace-s-kladivem\\\/\",\"url\":\"https:\\\/\\\/magnetarmagnets.com\\\/cs\\\/shop\\\/magneticky-zvedak-poklopu-kanalizace-s-kladivem\\\/\",\"name\":\"Magnetick\u00fd zved\u00e1k poklopu kanalizace s kladivem - Magnetar THOR\",\"isPartOf\":{\"@id\":\"https:\\\/\\\/magnetarmagnets.com\\\/cs\\\/#website\"},\"primaryImageOfPage\":{\"@id\":\"https:\\\/\\\/magnetarmagnets.com\\\/cs\\\/shop\\\/magneticky-zvedak-poklopu-kanalizace-s-kladivem\\\/#primaryimage\"},\"image\":{\"@id\":\"https:\\\/\\\/magnetarmagnets.com\\\/cs\\\/shop\\\/magneticky-zvedak-poklopu-kanalizace-s-kladivem\\\/#primaryimage\"},\"thumbnailUrl\":\"https:\\\/\\\/magnetarmagnets.com\\\/wp-content\\\/uploads\\\/2023\\\/09\\\/JNF-Magnetar-Bedrijfsfotografie-01-09-2023-Foto-9955.jpg\",\"datePublished\":\"2025-07-28T08:08:12+00:00\",\"dateModified\":\"2025-10-29T08:26:57+00:00\",\"description\":\"Pravideln\u011b otev\u00edr\u00e1te kanaliza\u010dn\u00ed poklopy? Magnetick\u00fd zved\u00e1k poklopu Magnetar THOR v\u00e1m v\u00fdrazn\u011b usnadn\u00ed pr\u00e1ci.\",\"breadcrumb\":{\"@id\":\"https:\\\/\\\/magnetarmagnets.com\\\/cs\\\/shop\\\/magneticky-zvedak-poklopu-kanalizace-s-kladivem\\\/#breadcrumb\"},\"inLanguage\":\"cs\",\"potentialAction\":[{\"@type\":\"ReadAction\",\"target\":[\"https:\\\/\\\/magnetarmagnets.com\\\/cs\\\/shop\\\/magneticky-zvedak-poklopu-kanalizace-s-kladivem\\\/\"]}]},{\"@type\":\"ImageObject\",\"inLanguage\":\"cs\",\"@id\":\"https:\\\/\\\/magnetarmagnets.com\\\/cs\\\/shop\\\/magneticky-zvedak-poklopu-kanalizace-s-kladivem\\\/#primaryimage\",\"url\":\"https:\\\/\\\/magnetarmagnets.com\\\/wp-content\\\/uploads\\\/2023\\\/09\\\/JNF-Magnetar-Bedrijfsfotografie-01-09-2023-Foto-9955.jpg\",\"contentUrl\":\"https:\\\/\\\/magnetarmagnets.com\\\/wp-content\\\/uploads\\\/2023\\\/09\\\/JNF-Magnetar-Bedrijfsfotografie-01-09-2023-Foto-9955.jpg\",\"width\":1000,\"height\":1000,\"caption\":\"The Magnetar THOR is the best magnetic manhole cover lifter.\"},{\"@type\":\"BreadcrumbList\",\"@id\":\"https:\\\/\\\/magnetarmagnets.com\\\/cs\\\/shop\\\/magneticky-zvedak-poklopu-kanalizace-s-kladivem\\\/#breadcrumb\",\"itemListElement\":[{\"@type\":\"ListItem\",\"position\":1,\"name\":\"Home\",\"item\":\"https:\\\/\\\/magnetarmagnets.com\\\/cs\\\/\"},{\"@type\":\"ListItem\",\"position\":2,\"name\":\"Obchod\",\"item\":\"https:\\\/\\\/magnetarmagnets.com\\\/obchod\\\/\"},{\"@type\":\"ListItem\",\"position\":3,\"name\":\"Vybaven\u00ed\",\"item\":\"https:\\\/\\\/magnetarmagnets.com\\\/cs\\\/collections\\\/vybaveni\\\/\"},{\"@type\":\"ListItem\",\"position\":4,\"name\":\"Magnetick\u00e9 dopl\u0148ky\",\"item\":\"https:\\\/\\\/magnetarmagnets.com\\\/cs\\\/collections\\\/vybaveni\\\/magneticke-doplnky\\\/\"},{\"@type\":\"ListItem\",\"position\":5,\"name\":\"Magnetick\u00fd zved\u00e1k poklopu kanalizace s kladivem\"}]},{\"@type\":\"WebSite\",\"@id\":\"https:\\\/\\\/magnetarmagnets.com\\\/cs\\\/#website\",\"url\":\"https:\\\/\\\/magnetarmagnets.com\\\/cs\\\/\",\"name\":\"Magnet fishing with a Magnetar fishing magnet\",\"description\":\"Siln\u00e9 magnety na magnet fishing\",\"publisher\":{\"@id\":\"https:\\\/\\\/magnetarmagnets.com\\\/cs\\\/#organization\"},\"potentialAction\":[{\"@type\":\"SearchAction\",\"target\":{\"@type\":\"EntryPoint\",\"urlTemplate\":\"https:\\\/\\\/magnetarmagnets.com\\\/cs\\\/?s={search_term_string}\"},\"query-input\":{\"@type\":\"PropertyValueSpecification\",\"valueRequired\":true,\"valueName\":\"search_term_string\"}}],\"inLanguage\":\"cs\"},{\"@type\":\"Organization\",\"@id\":\"https:\\\/\\\/magnetarmagnets.com\\\/cs\\\/#organization\",\"name\":\"Magnetar\",\"url\":\"https:\\\/\\\/magnetarmagnets.com\\\/cs\\\/\",\"logo\":{\"@type\":\"ImageObject\",\"inLanguage\":\"cs\",\"@id\":\"https:\\\/\\\/magnetarmagnets.com\\\/cs\\\/#\\\/schema\\\/logo\\\/image\\\/\",\"url\":\"https:\\\/\\\/magnetarmagnets.com\\\/wp-content\\\/uploads\\\/2025\\\/05\\\/Logo-03_PNG-Black-scaled.png\",\"contentUrl\":\"https:\\\/\\\/magnetarmagnets.com\\\/wp-content\\\/uploads\\\/2025\\\/05\\\/Logo-03_PNG-Black-scaled.png\",\"width\":2560,\"height\":1658,\"caption\":\"Magnetar\"},\"image\":{\"@id\":\"https:\\\/\\\/magnetarmagnets.com\\\/cs\\\/#\\\/schema\\\/logo\\\/image\\\/\"},\"sameAs\":[\"https:\\\/\\\/www.facebook.com\\\/fishingmagnets\\\/\",\"https:\\\/\\\/www.instagram.com\\\/magnetar_magnets\\\/\",\"https:\\\/\\\/www.linkedin.com\\\/company\\\/magnetarbv\\\/?originalSubdomain=nl\",\"https:\\\/\\\/www.youtube.com\\\/c\\\/MagnetarVismagneet\"]}]}<\/script>\n<!-- \/ Yoast SEO plugin. -->","yoast_head_json":{"title":"Magnetick\u00fd zved\u00e1k poklopu kanalizace s kladivem - Magnetar THOR","description":"Pravideln\u011b otev\u00edr\u00e1te kanaliza\u010dn\u00ed poklopy? Magnetick\u00fd zved\u00e1k poklopu Magnetar THOR v\u00e1m v\u00fdrazn\u011b usnadn\u00ed pr\u00e1ci.","robots":{"index":"index","follow":"follow","max-snippet":"max-snippet:-1","max-image-preview":"max-image-preview:large","max-video-preview":"max-video-preview:-1"},"canonical":"https:\/\/magnetarmagnets.com\/cs\/shop\/magneticky-zvedak-poklopu-kanalizace-s-kladivem\/","og_locale":"cs_CZ","og_type":"article","og_title":"Magnetick\u00fd zved\u00e1k poklopu kanalizace s kladivem - Magnetar THOR","og_description":"Pravideln\u011b otev\u00edr\u00e1te kanaliza\u010dn\u00ed poklopy? Magnetick\u00fd zved\u00e1k poklopu Magnetar THOR v\u00e1m v\u00fdrazn\u011b usnadn\u00ed pr\u00e1ci.","og_url":"https:\/\/magnetarmagnets.com\/cs\/shop\/magneticky-zvedak-poklopu-kanalizace-s-kladivem\/","og_site_name":"Magnet fishing with a Magnetar fishing magnet","article_publisher":"https:\/\/www.facebook.com\/fishingmagnets\/","article_modified_time":"2025-10-29T08:26:57+00:00","og_image":[{"width":1000,"height":1000,"url":"https:\/\/magnetarmagnets.com\/wp-content\/uploads\/2023\/09\/JNF-Magnetar-Bedrijfsfotografie-01-09-2023-Foto-9955.jpg","type":"image\/jpeg"}],"twitter_card":"summary_large_image","twitter_misc":{"Odhadovan\u00e1 doba \u010dten\u00ed":"2 minuty"},"schema":{"@context":"https:\/\/schema.org","@graph":[{"@type":["WebPage","ItemPage"],"@id":"https:\/\/magnetarmagnets.com\/cs\/shop\/magneticky-zvedak-poklopu-kanalizace-s-kladivem\/","url":"https:\/\/magnetarmagnets.com\/cs\/shop\/magneticky-zvedak-poklopu-kanalizace-s-kladivem\/","name":"Magnetick\u00fd zved\u00e1k poklopu kanalizace s kladivem - Magnetar THOR","isPartOf":{"@id":"https:\/\/magnetarmagnets.com\/cs\/#website"},"primaryImageOfPage":{"@id":"https:\/\/magnetarmagnets.com\/cs\/shop\/magneticky-zvedak-poklopu-kanalizace-s-kladivem\/#primaryimage"},"image":{"@id":"https:\/\/magnetarmagnets.com\/cs\/shop\/magneticky-zvedak-poklopu-kanalizace-s-kladivem\/#primaryimage"},"thumbnailUrl":"https:\/\/magnetarmagnets.com\/wp-content\/uploads\/2023\/09\/JNF-Magnetar-Bedrijfsfotografie-01-09-2023-Foto-9955.jpg","datePublished":"2025-07-28T08:08:12+00:00","dateModified":"2025-10-29T08:26:57+00:00","description":"Pravideln\u011b otev\u00edr\u00e1te kanaliza\u010dn\u00ed poklopy? Magnetick\u00fd zved\u00e1k poklopu Magnetar THOR v\u00e1m v\u00fdrazn\u011b usnadn\u00ed pr\u00e1ci.","breadcrumb":{"@id":"https:\/\/magnetarmagnets.com\/cs\/shop\/magneticky-zvedak-poklopu-kanalizace-s-kladivem\/#breadcrumb"},"inLanguage":"cs","potentialAction":[{"@type":"ReadAction","target":["https:\/\/magnetarmagnets.com\/cs\/shop\/magneticky-zvedak-poklopu-kanalizace-s-kladivem\/"]}]},{"@type":"ImageObject","inLanguage":"cs","@id":"https:\/\/magnetarmagnets.com\/cs\/shop\/magneticky-zvedak-poklopu-kanalizace-s-kladivem\/#primaryimage","url":"https:\/\/magnetarmagnets.com\/wp-content\/uploads\/2023\/09\/JNF-Magnetar-Bedrijfsfotografie-01-09-2023-Foto-9955.jpg","contentUrl":"https:\/\/magnetarmagnets.com\/wp-content\/uploads\/2023\/09\/JNF-Magnetar-Bedrijfsfotografie-01-09-2023-Foto-9955.jpg","width":1000,"height":1000,"caption":"The Magnetar THOR is the best magnetic manhole cover lifter."},{"@type":"BreadcrumbList","@id":"https:\/\/magnetarmagnets.com\/cs\/shop\/magneticky-zvedak-poklopu-kanalizace-s-kladivem\/#breadcrumb","itemListElement":[{"@type":"ListItem","position":1,"name":"Home","item":"https:\/\/magnetarmagnets.com\/cs\/"},{"@type":"ListItem","position":2,"name":"Obchod","item":"https:\/\/magnetarmagnets.com\/obchod\/"},{"@type":"ListItem","position":3,"name":"Vybaven\u00ed","item":"https:\/\/magnetarmagnets.com\/cs\/collections\/vybaveni\/"},{"@type":"ListItem","position":4,"name":"Magnetick\u00e9 dopl\u0148ky","item":"https:\/\/magnetarmagnets.com\/cs\/collections\/vybaveni\/magneticke-doplnky\/"},{"@type":"ListItem","position":5,"name":"Magnetick\u00fd zved\u00e1k poklopu kanalizace s kladivem"}]},{"@type":"WebSite","@id":"https:\/\/magnetarmagnets.com\/cs\/#website","url":"https:\/\/magnetarmagnets.com\/cs\/","name":"Magnet fishing with a Magnetar fishing magnet","description":"Siln\u00e9 magnety na magnet fishing","publisher":{"@id":"https:\/\/magnetarmagnets.com\/cs\/#organization"},"potentialAction":[{"@type":"SearchAction","target":{"@type":"EntryPoint","urlTemplate":"https:\/\/magnetarmagnets.com\/cs\/?s={search_term_string}"},"query-input":{"@type":"PropertyValueSpecification","valueRequired":true,"valueName":"search_term_string"}}],"inLanguage":"cs"},{"@type":"Organization","@id":"https:\/\/magnetarmagnets.com\/cs\/#organization","name":"Magnetar","url":"https:\/\/magnetarmagnets.com\/cs\/","logo":{"@type":"ImageObject","inLanguage":"cs","@id":"https:\/\/magnetarmagnets.com\/cs\/#\/schema\/logo\/image\/","url":"https:\/\/magnetarmagnets.com\/wp-content\/uploads\/2025\/05\/Logo-03_PNG-Black-scaled.png","contentUrl":"https:\/\/magnetarmagnets.com\/wp-content\/uploads\/2025\/05\/Logo-03_PNG-Black-scaled.png","width":2560,"height":1658,"caption":"Magnetar"},"image":{"@id":"https:\/\/magnetarmagnets.com\/cs\/#\/schema\/logo\/image\/"},"sameAs":["https:\/\/www.facebook.com\/fishingmagnets\/","https:\/\/www.instagram.com\/magnetar_magnets\/","https:\/\/www.linkedin.com\/company\/magnetarbv\/?originalSubdomain=nl","https:\/\/www.youtube.com\/c\/MagnetarVismagneet"]}]}},"_links":{"self":[{"href":"https:\/\/magnetarmagnets.com\/cs\/wp-json\/wp\/v2\/product\/83298","targetHints":{"allow":["GET"]}}],"collection":[{"href":"https:\/\/magnetarmagnets.com\/cs\/wp-json\/wp\/v2\/product"}],"about":[{"href":"https:\/\/magnetarmagnets.com\/cs\/wp-json\/wp\/v2\/types\/product"}],"replies":[{"embeddable":true,"href":"https:\/\/magnetarmagnets.com\/cs\/wp-json\/wp\/v2\/comments?post=83298"}],"version-history":[{"count":0,"href":"https:\/\/magnetarmagnets.com\/cs\/wp-json\/wp\/v2\/product\/83298\/revisions"}],"wp:featuredmedia":[{"embeddable":true,"href":"https:\/\/magnetarmagnets.com\/cs\/wp-json\/wp\/v2\/media\/80011"}],"wp:attachment":[{"href":"https:\/\/magnetarmagnets.com\/cs\/wp-json\/wp\/v2\/media?parent=83298"}],"wp:term":[{"taxonomy":"product_brand","embeddable":true,"href":"https:\/\/magnetarmagnets.com\/cs\/wp-json\/wp\/v2\/product_brand?post=83298"},{"taxonomy":"product_cat","embeddable":true,"href":"https:\/\/magnetarmagnets.com\/cs\/wp-json\/wp\/v2\/product_cat?post=83298"},{"taxonomy":"product_tag","embeddable":true,"href":"https:\/\/magnetarmagnets.com\/cs\/wp-json\/wp\/v2\/product_tag?post=83298"}],"curies":[{"name":"wp","href":"https:\/\/api.w.org\/{rel}","templated":true}]}}