{"id":83297,"date":"2025-06-05T09:53:05","date_gmt":"2025-06-05T07:53:05","guid":{"rendered":"https:\/\/magnetarmagnets.com\/?post_type=product&#038;p=83297"},"modified":"2026-04-07T19:01:16","modified_gmt":"2026-04-07T17:01:16","slug":"magnetar-collector-sberac-trisek-a-hrebiku","status":"publish","type":"product","link":"https:\/\/magnetarmagnets.com\/cs\/shop\/magnetar-collector-sberac-trisek-a-hrebiku\/","title":{"rendered":"Magnetar Collector \u2013 sb\u011bra\u010d t\u0159\u00edsek a h\u0159eb\u00edk\u016f"},"content":{"rendered":"Magnetar Collector je sb\u011bra\u010d t\u0159\u00edsek. N\u00e1stroj do d\u00edlny, kter\u00fd usnad\u0148uje sb\u011br kovov\u00e9ho a \u017eelezn\u00e9ho odpadu. Pou\u017e\u00edv\u00e1n\u00edm tohoto praktick\u00e9ho n\u00e1stroje se vyhnete nam\u00e1hav\u00e9 pr\u00e1ci s ko\u0161\u0165aty a kart\u00e1\u010di. Jak se v\u00e1m to l\u00edb\u00ed? Magnetar Collector je tak\u00e9 zn\u00e1m\u00fd jako sb\u011bra\u010d h\u0159eb\u00edk\u016f nebo magnetick\u00e1 ty\u010d, proto\u017ee tento n\u00e1stroj lze pou\u017e\u00edt i ke sb\u011bru h\u0159eb\u00edk\u016f a n\u00fdtk\u016f z d\u0159ev\u011bn\u00fdch kamen nebo krb\u016f. Stru\u010dn\u011b \u0159e\u010deno, tento mal\u00fd p\u0159\u00edstroj m\u00e1 v\u00edce vyu\u017eit\u00ed.\n\n\n\n<h2><strong>Jak funguje sb\u011bra\u010d t\u0159\u00edsek?<\/strong><\/h2>\n\nMagnetar Collector je velmi u\u017eivatelsky p\u0159\u00edv\u011btiv\u00fd. Tento sb\u011bra\u010d t\u0159\u00edsek obsahuje magnetickou ty\u010d v nerezov\u00e9m pl\u00e1\u0161ti. Ty\u010d je vyrobena z vysoce kvalitn\u00edho trval\u00e9ho neodymov\u00e9ho magnetu. Jeho magnetick\u00e1 s\u00edla tak nebude v p\u0159\u00ed\u0161t\u00edch desetilet\u00edch sl\u00e1bnout.\n\n\n\nPo dokon\u010den\u00ed pr\u00e1ce pohybujete sb\u011bra\u010dem h\u0159eb\u00edk\u016f pod\u00e9l kovov\u00fdch p\u0159edm\u011bt\u016f, kter\u00e9 chcete vy\u010distit, nebo kovov\u00e9ho odpadu, kter\u00fd chcete sebrat. Je ty\u010d pln\u00e1? Jednodu\u0161e vyt\u00e1hn\u011bte rukoje\u0165. T\u00edm se neodymov\u00fd magnet odd\u011bl\u00ed od nerezov\u00e9ho pl\u00e1\u0161t\u011b. Ve\u0161ker\u00fd odpad se uvoln\u00ed z magnetu. Tato jednoduch\u00e1 funkce demagnetizace usnad\u0148uje a urychluje \u00faklid.\n\n\n\n&nbsp;\n\n<h2><strong>Kdo m\u016f\u017ee pou\u017e\u00edvat Magnetar Collector?<\/strong><\/h2>\n\nMagnetar Collector je nej\u010dast\u011bji pou\u017e\u00edv\u00e1n obr\u00e1b\u011b\u010di kov\u016f, proto\u017ee soustru\u017een\u00ed, fr\u00e9zov\u00e1n\u00ed a vrt\u00e1n\u00ed vytv\u00e1\u0159\u00ed kovov\u00e9 t\u0159\u00edsky. Krom\u011b toho existuje nespo\u010det dal\u0161\u00edch prac\u00ed, kde se pracuje s mal\u00fdm kovov\u00fdm odpadem. Tento sb\u011bra\u010d t\u0159\u00edsek a h\u0159eb\u00edk\u016f lze pou\u017e\u00edt ve v\u0161ech podobn\u00fdch p\u0159\u00edpadech.\n\n\n\nDom\u00e1c\u00ed pou\u017eit\u00ed je s Magnetar Collectorem tak\u00e9 velmi dob\u0159e mo\u017en\u00e9. Zva\u017ete \u010di\u0161t\u011bn\u00ed h\u0159eb\u00edk\u016f a n\u00fdtk\u016f z popela v kamnech nebo krbech. Tato obvykle \u0161pinav\u00e1 a nep\u0159\u00edjemn\u00e1 pr\u00e1ce m\u016f\u017ee b\u00fdt nyn\u00ed provedena \u010dist\u011b a rychle.\n\n\n\n&nbsp;\n\n<h2><strong>Velk\u00fd sb\u011bra\u010d t\u0159\u00edsek a h\u0159eb\u00edk\u016f<\/strong><\/h2>\n\nM\u00e1te na starosti \u010di\u0161t\u011bn\u00ed kovov\u00e9ho nebo \u017eelezn\u00e9ho odpadu z v\u011bt\u0161\u00edch ploch? Zva\u017ete n\u00e1\u0161 magnetick\u00fd ko\u0161t\u011b. N\u00e1\u0161 neodymov\u00fd ko\u0161\u0165\u00e1tko nejl\u00e9pe funguje p\u0159i \u010di\u0161t\u011bn\u00ed podlah d\u00edlen, akc\u00ed a dal\u0161\u00edch m\u00edst. Toto magnetick\u00e9 ko\u0161t\u011b je k dispozici ve velikostech 18\u201d, 24\u201d a 36\u201d.\n\n\n\nPot\u0159ebujete p\u0159izp\u016fsoben\u00ed sb\u011bra\u010de t\u0159\u00edsek nebo h\u0159eb\u00edk\u016f pro konkr\u00e9tn\u00ed \u00fakol? Kontaktujte n\u00e1s a my se pokus\u00edme poskytnout v\u00e1m \u0159e\u0161en\u00ed na m\u00edru.","protected":false},"excerpt":{"rendered":"<p>Magnetar Collector usnad\u0148uje sb\u011br kovov\u00e9ho odpadu <strong>snadno<\/strong>. Tento magnetick\u00fd sb\u011bra\u010d t\u0159\u00edsek vyu\u017e\u00edv\u00e1 <strong>jednoduchou separa\u010dn\u00ed techniku<\/strong> k <strong>sb\u011bru a uvoln\u011bn\u00ed \u017eelezn\u00fdch p\u0159edm\u011bt\u016f<\/strong>. Sta\u010d\u00ed <strong>jedin\u00fd pohyb ruky<\/strong>.<\/p>\n<p>&nbsp;<\/p>\n","protected":false},"featured_media":79757,"comment_status":"open","ping_status":"closed","template":"","meta":{"_acf_changed":false,"inline_featured_image":false},"product_brand":[],"product_cat":[567,1001,563],"product_tag":[],"class_list":{"0":"post-83297","1":"product","2":"type-product","3":"status-publish","4":"has-post-thumbnail","6":"product_cat-magneticke-doplnky","7":"product_cat-vsechny-produkty","8":"product_cat-vybaveni","10":"first","11":"instock","12":"sale","13":"taxable","14":"shipping-taxable","15":"purchasable","16":"product-type-simple"},"acf":[],"yoast_head":"<!-- This site is optimized with the Yoast SEO plugin v27.4 - https:\/\/yoast.com\/product\/yoast-seo-wordpress\/ -->\n<title>Magnetar Collector \u2013 sb\u011bra\u010d t\u0159\u00edsek a h\u0159eb\u00edk\u016f - Magnet fishing with a Magnetar fishing magnet<\/title>\n<meta name=\"description\" content=\"Magnetar Collector \u2013 sb\u011bra\u010d t\u0159\u00edsek a h\u0159eb\u00edk\u016f\" \/>\n<meta name=\"robots\" content=\"index, follow, max-snippet:-1, max-image-preview:large, max-video-preview:-1\" \/>\n<link rel=\"canonical\" href=\"https:\/\/magnetarmagnets.com\/cs\/shop\/magnetar-collector-sberac-trisek-a-hrebiku\/\" \/>\n<meta property=\"og:locale\" content=\"cs_CZ\" \/>\n<meta property=\"og:type\" content=\"article\" \/>\n<meta property=\"og:title\" content=\"Magnetar Collector \u2013 sb\u011bra\u010d t\u0159\u00edsek a h\u0159eb\u00edk\u016f - Magnet fishing with a Magnetar fishing magnet\" \/>\n<meta property=\"og:description\" content=\"Magnetar Collector \u2013 sb\u011bra\u010d t\u0159\u00edsek a h\u0159eb\u00edk\u016f\" \/>\n<meta property=\"og:url\" content=\"https:\/\/magnetarmagnets.com\/cs\/shop\/magnetar-collector-sberac-trisek-a-hrebiku\/\" \/>\n<meta property=\"og:site_name\" content=\"Magnet fishing with a Magnetar fishing magnet\" \/>\n<meta property=\"article:publisher\" content=\"https:\/\/www.facebook.com\/fishingmagnets\/\" \/>\n<meta property=\"article:modified_time\" content=\"2026-04-07T17:01:16+00:00\" \/>\n<meta property=\"og:image\" content=\"https:\/\/magnetarmagnets.com\/wp-content\/uploads\/2023\/09\/JNF-Magnetar-Bedrijfsfotografie-01-09-2023-Foto-0222.jpg\" \/>\n\t<meta property=\"og:image:width\" content=\"1000\" \/>\n\t<meta property=\"og:image:height\" content=\"1000\" \/>\n\t<meta property=\"og:image:type\" content=\"image\/jpeg\" \/>\n<meta name=\"twitter:card\" content=\"summary_large_image\" \/>\n<meta name=\"twitter:label1\" content=\"Odhadovan\u00e1 doba \u010dten\u00ed\" \/>\n\t<meta name=\"twitter:data1\" content=\"2 minuty\" \/>\n<script type=\"application\/ld+json\" class=\"yoast-schema-graph\">{\"@context\":\"https:\\\/\\\/schema.org\",\"@graph\":[{\"@type\":[\"WebPage\",\"ItemPage\"],\"@id\":\"https:\\\/\\\/magnetarmagnets.com\\\/cs\\\/shop\\\/magnetar-collector-sberac-trisek-a-hrebiku\\\/\",\"url\":\"https:\\\/\\\/magnetarmagnets.com\\\/cs\\\/shop\\\/magnetar-collector-sberac-trisek-a-hrebiku\\\/\",\"name\":\"Magnetar Collector \u2013 sb\u011bra\u010d t\u0159\u00edsek a h\u0159eb\u00edk\u016f - Magnet fishing with a Magnetar fishing magnet\",\"isPartOf\":{\"@id\":\"https:\\\/\\\/magnetarmagnets.com\\\/cs\\\/#website\"},\"primaryImageOfPage\":{\"@id\":\"https:\\\/\\\/magnetarmagnets.com\\\/cs\\\/shop\\\/magnetar-collector-sberac-trisek-a-hrebiku\\\/#primaryimage\"},\"image\":{\"@id\":\"https:\\\/\\\/magnetarmagnets.com\\\/cs\\\/shop\\\/magnetar-collector-sberac-trisek-a-hrebiku\\\/#primaryimage\"},\"thumbnailUrl\":\"https:\\\/\\\/magnetarmagnets.com\\\/wp-content\\\/uploads\\\/2023\\\/09\\\/JNF-Magnetar-Bedrijfsfotografie-01-09-2023-Foto-0222.jpg\",\"datePublished\":\"2025-06-05T07:53:05+00:00\",\"dateModified\":\"2026-04-07T17:01:16+00:00\",\"description\":\"Magnetar Collector \u2013 sb\u011bra\u010d t\u0159\u00edsek a h\u0159eb\u00edk\u016f\",\"breadcrumb\":{\"@id\":\"https:\\\/\\\/magnetarmagnets.com\\\/cs\\\/shop\\\/magnetar-collector-sberac-trisek-a-hrebiku\\\/#breadcrumb\"},\"inLanguage\":\"cs\",\"potentialAction\":[{\"@type\":\"ReadAction\",\"target\":[\"https:\\\/\\\/magnetarmagnets.com\\\/cs\\\/shop\\\/magnetar-collector-sberac-trisek-a-hrebiku\\\/\"]}]},{\"@type\":\"ImageObject\",\"inLanguage\":\"cs\",\"@id\":\"https:\\\/\\\/magnetarmagnets.com\\\/cs\\\/shop\\\/magnetar-collector-sberac-trisek-a-hrebiku\\\/#primaryimage\",\"url\":\"https:\\\/\\\/magnetarmagnets.com\\\/wp-content\\\/uploads\\\/2023\\\/09\\\/JNF-Magnetar-Bedrijfsfotografie-01-09-2023-Foto-0222.jpg\",\"contentUrl\":\"https:\\\/\\\/magnetarmagnets.com\\\/wp-content\\\/uploads\\\/2023\\\/09\\\/JNF-Magnetar-Bedrijfsfotografie-01-09-2023-Foto-0222.jpg\",\"width\":1000,\"height\":1000,\"caption\":\"Magnetar Collector is the swarf collector for magnetic waste\"},{\"@type\":\"BreadcrumbList\",\"@id\":\"https:\\\/\\\/magnetarmagnets.com\\\/cs\\\/shop\\\/magnetar-collector-sberac-trisek-a-hrebiku\\\/#breadcrumb\",\"itemListElement\":[{\"@type\":\"ListItem\",\"position\":1,\"name\":\"Home\",\"item\":\"https:\\\/\\\/magnetarmagnets.com\\\/cs\\\/\"},{\"@type\":\"ListItem\",\"position\":2,\"name\":\"Obchod\",\"item\":\"https:\\\/\\\/magnetarmagnets.com\\\/cs\\\/obchod\\\/\"},{\"@type\":\"ListItem\",\"position\":3,\"name\":\"Vybaven\u00ed\",\"item\":\"https:\\\/\\\/magnetarmagnets.com\\\/cs\\\/collections\\\/vybaveni\\\/\"},{\"@type\":\"ListItem\",\"position\":4,\"name\":\"Magnetick\u00e9 dopl\u0148ky\",\"item\":\"https:\\\/\\\/magnetarmagnets.com\\\/cs\\\/collections\\\/vybaveni\\\/magneticke-doplnky\\\/\"},{\"@type\":\"ListItem\",\"position\":5,\"name\":\"Magnetar Collector \u2013 sb\u011bra\u010d t\u0159\u00edsek a h\u0159eb\u00edk\u016f\"}]},{\"@type\":\"WebSite\",\"@id\":\"https:\\\/\\\/magnetarmagnets.com\\\/cs\\\/#website\",\"url\":\"https:\\\/\\\/magnetarmagnets.com\\\/cs\\\/\",\"name\":\"Magnet fishing with a Magnetar fishing magnet\",\"description\":\"Siln\u00e9 magnety na magnet fishing\",\"publisher\":{\"@id\":\"https:\\\/\\\/magnetarmagnets.com\\\/cs\\\/#organization\"},\"potentialAction\":[{\"@type\":\"SearchAction\",\"target\":{\"@type\":\"EntryPoint\",\"urlTemplate\":\"https:\\\/\\\/magnetarmagnets.com\\\/cs\\\/?s={search_term_string}\"},\"query-input\":{\"@type\":\"PropertyValueSpecification\",\"valueRequired\":true,\"valueName\":\"search_term_string\"}}],\"inLanguage\":\"cs\"},{\"@type\":\"Organization\",\"@id\":\"https:\\\/\\\/magnetarmagnets.com\\\/cs\\\/#organization\",\"name\":\"Magnetar\",\"url\":\"https:\\\/\\\/magnetarmagnets.com\\\/cs\\\/\",\"logo\":{\"@type\":\"ImageObject\",\"inLanguage\":\"cs\",\"@id\":\"https:\\\/\\\/magnetarmagnets.com\\\/cs\\\/#\\\/schema\\\/logo\\\/image\\\/\",\"url\":\"https:\\\/\\\/magnetarmagnets.com\\\/wp-content\\\/uploads\\\/2025\\\/05\\\/Logo-03_PNG-Black-scaled.png\",\"contentUrl\":\"https:\\\/\\\/magnetarmagnets.com\\\/wp-content\\\/uploads\\\/2025\\\/05\\\/Logo-03_PNG-Black-scaled.png\",\"width\":2560,\"height\":1658,\"caption\":\"Magnetar\"},\"image\":{\"@id\":\"https:\\\/\\\/magnetarmagnets.com\\\/cs\\\/#\\\/schema\\\/logo\\\/image\\\/\"},\"sameAs\":[\"https:\\\/\\\/www.facebook.com\\\/fishingmagnets\\\/\",\"https:\\\/\\\/www.instagram.com\\\/magnetar_magnets\\\/\",\"https:\\\/\\\/www.linkedin.com\\\/company\\\/magnetarbv\\\/?originalSubdomain=nl\",\"https:\\\/\\\/www.youtube.com\\\/c\\\/MagnetarVismagneet\"]}]}<\/script>\n<!-- \/ Yoast SEO plugin. -->","yoast_head_json":{"title":"Magnetar Collector \u2013 sb\u011bra\u010d t\u0159\u00edsek a h\u0159eb\u00edk\u016f - Magnet fishing with a Magnetar fishing magnet","description":"Magnetar Collector \u2013 sb\u011bra\u010d t\u0159\u00edsek a h\u0159eb\u00edk\u016f","robots":{"index":"index","follow":"follow","max-snippet":"max-snippet:-1","max-image-preview":"max-image-preview:large","max-video-preview":"max-video-preview:-1"},"canonical":"https:\/\/magnetarmagnets.com\/cs\/shop\/magnetar-collector-sberac-trisek-a-hrebiku\/","og_locale":"cs_CZ","og_type":"article","og_title":"Magnetar Collector \u2013 sb\u011bra\u010d t\u0159\u00edsek a h\u0159eb\u00edk\u016f - Magnet fishing with a Magnetar fishing magnet","og_description":"Magnetar Collector \u2013 sb\u011bra\u010d t\u0159\u00edsek a h\u0159eb\u00edk\u016f","og_url":"https:\/\/magnetarmagnets.com\/cs\/shop\/magnetar-collector-sberac-trisek-a-hrebiku\/","og_site_name":"Magnet fishing with a Magnetar fishing magnet","article_publisher":"https:\/\/www.facebook.com\/fishingmagnets\/","article_modified_time":"2026-04-07T17:01:16+00:00","og_image":[{"width":1000,"height":1000,"url":"https:\/\/magnetarmagnets.com\/wp-content\/uploads\/2023\/09\/JNF-Magnetar-Bedrijfsfotografie-01-09-2023-Foto-0222.jpg","type":"image\/jpeg"}],"twitter_card":"summary_large_image","twitter_misc":{"Odhadovan\u00e1 doba \u010dten\u00ed":"2 minuty"},"schema":{"@context":"https:\/\/schema.org","@graph":[{"@type":["WebPage","ItemPage"],"@id":"https:\/\/magnetarmagnets.com\/cs\/shop\/magnetar-collector-sberac-trisek-a-hrebiku\/","url":"https:\/\/magnetarmagnets.com\/cs\/shop\/magnetar-collector-sberac-trisek-a-hrebiku\/","name":"Magnetar Collector \u2013 sb\u011bra\u010d t\u0159\u00edsek a h\u0159eb\u00edk\u016f - Magnet fishing with a Magnetar fishing magnet","isPartOf":{"@id":"https:\/\/magnetarmagnets.com\/cs\/#website"},"primaryImageOfPage":{"@id":"https:\/\/magnetarmagnets.com\/cs\/shop\/magnetar-collector-sberac-trisek-a-hrebiku\/#primaryimage"},"image":{"@id":"https:\/\/magnetarmagnets.com\/cs\/shop\/magnetar-collector-sberac-trisek-a-hrebiku\/#primaryimage"},"thumbnailUrl":"https:\/\/magnetarmagnets.com\/wp-content\/uploads\/2023\/09\/JNF-Magnetar-Bedrijfsfotografie-01-09-2023-Foto-0222.jpg","datePublished":"2025-06-05T07:53:05+00:00","dateModified":"2026-04-07T17:01:16+00:00","description":"Magnetar Collector \u2013 sb\u011bra\u010d t\u0159\u00edsek a h\u0159eb\u00edk\u016f","breadcrumb":{"@id":"https:\/\/magnetarmagnets.com\/cs\/shop\/magnetar-collector-sberac-trisek-a-hrebiku\/#breadcrumb"},"inLanguage":"cs","potentialAction":[{"@type":"ReadAction","target":["https:\/\/magnetarmagnets.com\/cs\/shop\/magnetar-collector-sberac-trisek-a-hrebiku\/"]}]},{"@type":"ImageObject","inLanguage":"cs","@id":"https:\/\/magnetarmagnets.com\/cs\/shop\/magnetar-collector-sberac-trisek-a-hrebiku\/#primaryimage","url":"https:\/\/magnetarmagnets.com\/wp-content\/uploads\/2023\/09\/JNF-Magnetar-Bedrijfsfotografie-01-09-2023-Foto-0222.jpg","contentUrl":"https:\/\/magnetarmagnets.com\/wp-content\/uploads\/2023\/09\/JNF-Magnetar-Bedrijfsfotografie-01-09-2023-Foto-0222.jpg","width":1000,"height":1000,"caption":"Magnetar Collector is the swarf collector for magnetic waste"},{"@type":"BreadcrumbList","@id":"https:\/\/magnetarmagnets.com\/cs\/shop\/magnetar-collector-sberac-trisek-a-hrebiku\/#breadcrumb","itemListElement":[{"@type":"ListItem","position":1,"name":"Home","item":"https:\/\/magnetarmagnets.com\/cs\/"},{"@type":"ListItem","position":2,"name":"Obchod","item":"https:\/\/magnetarmagnets.com\/cs\/obchod\/"},{"@type":"ListItem","position":3,"name":"Vybaven\u00ed","item":"https:\/\/magnetarmagnets.com\/cs\/collections\/vybaveni\/"},{"@type":"ListItem","position":4,"name":"Magnetick\u00e9 dopl\u0148ky","item":"https:\/\/magnetarmagnets.com\/cs\/collections\/vybaveni\/magneticke-doplnky\/"},{"@type":"ListItem","position":5,"name":"Magnetar Collector \u2013 sb\u011bra\u010d t\u0159\u00edsek a h\u0159eb\u00edk\u016f"}]},{"@type":"WebSite","@id":"https:\/\/magnetarmagnets.com\/cs\/#website","url":"https:\/\/magnetarmagnets.com\/cs\/","name":"Magnet fishing with a Magnetar fishing magnet","description":"Siln\u00e9 magnety na magnet fishing","publisher":{"@id":"https:\/\/magnetarmagnets.com\/cs\/#organization"},"potentialAction":[{"@type":"SearchAction","target":{"@type":"EntryPoint","urlTemplate":"https:\/\/magnetarmagnets.com\/cs\/?s={search_term_string}"},"query-input":{"@type":"PropertyValueSpecification","valueRequired":true,"valueName":"search_term_string"}}],"inLanguage":"cs"},{"@type":"Organization","@id":"https:\/\/magnetarmagnets.com\/cs\/#organization","name":"Magnetar","url":"https:\/\/magnetarmagnets.com\/cs\/","logo":{"@type":"ImageObject","inLanguage":"cs","@id":"https:\/\/magnetarmagnets.com\/cs\/#\/schema\/logo\/image\/","url":"https:\/\/magnetarmagnets.com\/wp-content\/uploads\/2025\/05\/Logo-03_PNG-Black-scaled.png","contentUrl":"https:\/\/magnetarmagnets.com\/wp-content\/uploads\/2025\/05\/Logo-03_PNG-Black-scaled.png","width":2560,"height":1658,"caption":"Magnetar"},"image":{"@id":"https:\/\/magnetarmagnets.com\/cs\/#\/schema\/logo\/image\/"},"sameAs":["https:\/\/www.facebook.com\/fishingmagnets\/","https:\/\/www.instagram.com\/magnetar_magnets\/","https:\/\/www.linkedin.com\/company\/magnetarbv\/?originalSubdomain=nl","https:\/\/www.youtube.com\/c\/MagnetarVismagneet"]}]}},"_links":{"self":[{"href":"https:\/\/magnetarmagnets.com\/cs\/wp-json\/wp\/v2\/product\/83297","targetHints":{"allow":["GET"]}}],"collection":[{"href":"https:\/\/magnetarmagnets.com\/cs\/wp-json\/wp\/v2\/product"}],"about":[{"href":"https:\/\/magnetarmagnets.com\/cs\/wp-json\/wp\/v2\/types\/product"}],"replies":[{"embeddable":true,"href":"https:\/\/magnetarmagnets.com\/cs\/wp-json\/wp\/v2\/comments?post=83297"}],"version-history":[{"count":1,"href":"https:\/\/magnetarmagnets.com\/cs\/wp-json\/wp\/v2\/product\/83297\/revisions"}],"predecessor-version":[{"id":95705,"href":"https:\/\/magnetarmagnets.com\/cs\/wp-json\/wp\/v2\/product\/83297\/revisions\/95705"}],"wp:featuredmedia":[{"embeddable":true,"href":"https:\/\/magnetarmagnets.com\/cs\/wp-json\/wp\/v2\/media\/79757"}],"wp:attachment":[{"href":"https:\/\/magnetarmagnets.com\/cs\/wp-json\/wp\/v2\/media?parent=83297"}],"wp:term":[{"taxonomy":"product_brand","embeddable":true,"href":"https:\/\/magnetarmagnets.com\/cs\/wp-json\/wp\/v2\/product_brand?post=83297"},{"taxonomy":"product_cat","embeddable":true,"href":"https:\/\/magnetarmagnets.com\/cs\/wp-json\/wp\/v2\/product_cat?post=83297"},{"taxonomy":"product_tag","embeddable":true,"href":"https:\/\/magnetarmagnets.com\/cs\/wp-json\/wp\/v2\/product_tag?post=83297"}],"curies":[{"name":"wp","href":"https:\/\/api.w.org\/{rel}","templated":true}]}}