{"id":83296,"date":"2025-06-05T09:53:06","date_gmt":"2025-06-05T07:53:06","guid":{"rendered":"https:\/\/magnetarmagnets.com\/?post_type=product&#038;p=83296"},"modified":"2026-04-18T00:43:17","modified_gmt":"2026-04-17T22:43:17","slug":"savage-balicek-1600-kg-allround-360","status":"publish","type":"product","link":"https:\/\/magnetarmagnets.com\/cs\/shop\/savage-balicek-1600-kg-allround-360\/","title":{"rendered":"Savage bal\u00ed\u010dek &#8211; 1600 kg &#8211; Allround 360\u00b0"},"content":{"rendered":"Jste zku\u0161en\u00fd magnetick\u00fd ryb\u00e1\u0159 hledaj\u00edc\u00ed ty nejlep\u0161\u00ed materi\u00e1ly? N\u00e1\u0161 Savage bal\u00ed\u010dek je navr\u017een pr\u00e1v\u011b pro v\u00e1s! Tento kompletn\u00ed set fishing magnet\u016f obsahuje v\u0161e, co kdy budete pot\u0159ebovat u vody. Bal\u00ed\u010dek je zalo\u017een na Barbarianu, nejsiln\u011bj\u0161\u00edm fishing magnetu v Evrop\u011b. Sou\u010d\u00e1st\u00ed je h\u00e1k, rukavice, 10mm lano, lepidlo na z\u00e1mek magnetu a ochrann\u00fd kryt pro v\u00e1\u0161 magnet.\n\nRad\u011bji byste m\u00edrn\u011b m\u00e9n\u011b siln\u00fd magnet? <a href=\"https:\/\/magnetarmagnets.com\/shop\/legend-package\">Legend bal\u00ed\u010dek<\/a> a <a href=\"https:\/\/magnetarmagnets.com\/shop\/expert-package\">Expert bal\u00ed\u010dek<\/a> budou p\u0159esn\u011b pro v\u00e1s.\n\n<h2>Barbarian neodymov\u00fd fishing magnet<\/h2>\n\nBarbarian je allround 360\u00b0 fishing magnet. S magnetickou ta\u017enou silou 400 kg na ka\u017ed\u00e9 stran\u011b dosahuje celkov\u00e1 s\u00edla Barbariana 1600 kg. Jedn\u00e1 se o jeden z nejsiln\u011bj\u0161\u00edch fishing magnet\u016f pou\u017e\u00edvan\u00fdch p\u0159i magnet fishingu. Je samoz\u0159ejm\u00e9, \u017ee tento produkt je vyroben ze 100% neodymu, co\u017e zaru\u010duje vynikaj\u00edc\u00ed dlouhodobou kvalitu.\n\n<h2>Jste p\u0159ipraveni na Barbariana?<\/h2>\n\nBarbarian je n\u00e1\u0161 nejt\u011b\u017e\u0161\u00ed a nejsiln\u011bj\u0161\u00ed magnet. Masivn\u00ed magnet v\u00e1\u017e\u00ed 2400 g a d\u00edky tomu kles\u00e1 hluboko do vody a dokonce i do bahna. D\u00e1v\u00e1 v\u00e1m \u0161anci vyt\u00e1hnout nejstar\u0161\u00ed a nejunik\u00e1tn\u011bj\u0161\u00ed p\u0159edm\u011bty, kter\u00e9 byly po l\u00e9ta zakop\u00e1ny pod vodou. Kv\u016fli extr\u00e9mn\u00ed v\u00e1ze v\u0161ak tento magnet nen\u00ed vhodn\u00fd pro ka\u017ed\u00e9ho.\n\n\n\nHled\u00e1te men\u0161\u00ed allround magnet? Pod\u00edvejte se na Easy, Hardcore, Terror nebo Beast. Tyto fishing magnety maj\u00ed vlastnosti srovnateln\u00e9 s Barbarianem, ale jsou o n\u011bco men\u0161\u00ed a bezpe\u010dn\u011bj\u0161\u00ed k pou\u017eit\u00ed.\n\n<h2>V\u00fdvoj magnetu<\/h2>\n\nMnoho magnet\u016f m\u00e1 p\u0159ita\u017elivou s\u00edlu pouze na jedn\u00e9 stran\u011b. Tento jednostrann\u00fd magnet je klasick\u00fd fishing magnet. Magnetar byl prvn\u00ed spole\u010dnost\u00ed, kter\u00e1 tento klasick\u00fd magnet p\u0159epracovala na oboustrann\u00fd magnet. V roce 2016 Magnetar vyvinul allround fishing magnet s 360\u00b0 magnetickou ta\u017enou silou. Magneti\u010dt\u00ed ryb\u00e1\u0159i po cel\u00e9 EU jsou od t\u00e9 doby p\u0159itahov\u00e1ni na\u0161imi 100% neodymov\u00fdmi magnety, co\u017e n\u00e1s \u010din\u00ed dodavatelem \u010d\u00edslo 1 v Evrop\u011b. Na\u0161e magnety jsou vyrobeny z nejvy\u0161\u0161\u00ed kvality, s designem a p\u00e9\u010d\u00ed mal\u00fdm t\u00fdmem nad\u0161enc\u016f magnet fishingu. Na\u0161i z\u00e1kazn\u00edci se st\u00e1le vracej\u00ed, proto\u017ee v\u011bd\u00ed, \u017ee s Magnetarem dostanou v\u00edc ne\u017e jen magnet, chyt\u00ed poklady.\n\n<h2><strong>Siln\u00e1 360\u00b0 ta\u017en\u00e1 s\u00edla<\/strong><\/h2>\n\nMagnet Beast je jedn\u00edm z nejsiln\u011bj\u0161\u00edch magnet\u016f, kter\u00e9 nab\u00edz\u00edme, s ta\u017enou silou a\u017e 1400 kg. Ta\u017en\u00e1 s\u00edla Beast je siln\u00e1 a dok\u00e1\u017ee p\u0159itahovat p\u0159edm\u011bty z cel\u00e9ho okol\u00ed, na rozd\u00edl od jednostrann\u00e9ho magnetu v ocelov\u00e9m krytu, kter\u00fd zam\u011b\u0159uje ta\u017enou s\u00edlu jedn\u00edm sm\u011brem. Zaj\u00edm\u00e1 v\u00e1s, jak m\u011b\u0159\u00edme ta\u017enou s\u00edlu?\u00a0<a href=\"https:\/\/www.youtube.com\/watch?v=2McW3RURDxs\" target=\"_blank\" rel=\"noopener\">Pod\u00edvejte se na na\u0161e video o m\u011b\u0159en\u00ed ta\u017en\u00e9 s\u00edly<\/a>.\n\n<h2>Vysok\u00e1 kvalita<\/h2>\n\nNa\u0161e fishing magnety jsou vyrobeny ze 100% neodymu. Magnetar magnety si udr\u017euj\u00ed svou magnetickou ta\u017enou s\u00edlu po desetilet\u00ed s pouh\u00fdm 1% \u00fabytkem za 100 let (p\u0159i spr\u00e1vn\u00e9m skladov\u00e1n\u00ed, p\u00e9\u010di a ochran\u011b).\n\n\n\nV\u011bt\u0161ina ostatn\u00edch dodavatel\u016f magnet\u016f ji\u017e po n\u011bkolika t\u00fddnech vykazuje pokles ta\u017en\u00e9 s\u00edly. V posledn\u00edch letech jsme zaznamenali st\u00e1le v\u00edce n\u00edzkokvalitn\u00edch magnet\u016f na trhu: v\u011bt\u0161\u00ed magnety s ni\u017e\u0161\u00ed ta\u017enou silou, nekvalitn\u00ed neodym, fale\u0161n\u00e1 reklama. Kdy\u017e si koup\u00edte jeden z t\u011bchto magnet\u016f za ni\u017e\u0161\u00ed cenu nebo od velk\u00e9 korporace, skon\u010d\u00edte zklaman\u00ed, i kdy\u017e jste u\u0161et\u0159ili n\u011bjak\u00e9 pen\u00edze.\n\n\n\nMagnetar je mal\u00e1 rodinn\u00e1 firma, kter\u00e1 klade kvalitu na prvn\u00ed m\u00edsto ve v\u0161em, co d\u011bl\u00e1me. Jsme nad\u0161enci magnet fishingu a v\u0161echny na\u0161e magnety jsou navr\u017eeny, designov\u00e1ny a vyrobeny na\u0161\u00edm t\u00fdmem, aby v\u00e1m poskytly co nejlep\u0161\u00ed hodnotu (nebo poklady z va\u0161eho magnetu!). Pokud chcete spolehliv\u00fd, efektivn\u00ed a siln\u00fd fishing magnet, jste na spr\u00e1vn\u00e9m m\u00edst\u011b. N\u00e1\u0161 t\u00fdm se r\u00e1d dozv\u00ed o va\u0161ich zku\u0161enostech, <a href=\"info@magnetarmagnets.com\">kontaktujte n\u00e1s zde<\/a>.\n\n<h2>Ochrann\u00fd kryt<\/h2>\n\nOchrann\u00fd kryt, kter\u00fd je sou\u010d\u00e1st\u00ed tohoto bal\u00ed\u010dku, je perfektn\u00edm dopl\u0148kem pro magnetick\u00e9 ryb\u00e1\u0159e, kte\u0159\u00ed cht\u011bj\u00ed chr\u00e1nit sv\u00e9 neodymov\u00e9 magnety b\u011bhem pou\u017e\u00edv\u00e1n\u00ed. Tyto odoln\u00e9 kryty jsou speci\u00e1ln\u011b navr\u017eeny tak, aby perfektn\u011b sed\u011bly na magnet a poskytovaly dal\u0161\u00ed vrstvu ochrany proti po\u0161kr\u00e1b\u00e1n\u00ed, prasknut\u00ed a jin\u00fdm typ\u016fm po\u0161kozen\u00ed. Na\u0161e ochrann\u00e9 kryty jsou vyrobeny tak, aby vydr\u017eely a zvl\u00e1dly i ty nejt\u011b\u017e\u0161\u00ed podm\u00ednky. Ochrann\u00fd kryt je vyroben z nerezov\u00e9 oceli. To zaji\u0161\u0165uje, \u017ee v\u00e1\u0161 magnet z\u016fstane magnetick\u00fd 360\u00b0. S na\u0161imi ochrann\u00fdmi kryty si m\u016f\u017eete u\u017e\u00edt magnet fishing bez obav z po\u0161kozen\u00ed va\u0161eho cenn\u00e9ho fishing magnetu.\n\n\n\n(Pros\u00edm, m\u011bjte na pam\u011bti, \u017ee spodn\u00ed \u010d\u00e1st magnetu nen\u00ed krytem chr\u00e1n\u011bna)\n\n<h2><b>Pou\u017e\u00edvejte opatrn\u011b<\/b><\/h2>\n\nNa\u0161e neodymov\u00e9 magnety jsou\u00a0<a href=\"https:\/\/magnetarmagnets.com\/strong-fishing-magnets\/?v=796834e7a283\" target=\"_blank\" rel=\"noopener\">nejsiln\u011bj\u0161\u00ed fishing magnety<\/a> a mohou b\u00fdt p\u0159i bl\u00edzk\u00e9m kontaktu rychle p\u0159itahov\u00e1ny k \u017eelezn\u00fdm p\u0159edm\u011bt\u016fm. U siln\u011bj\u0161\u00edch magnet\u016f, jako je 360\u00b0 allround, je mo\u017en\u00e9, \u017ee si prsty m\u016f\u017eete mezi magnetem a jin\u00fdmi p\u0159edm\u011bty zachytit. Manipulujte s magnety opatrn\u011b a pou\u017e\u00edvejte je na vlastn\u00ed riziko. V ka\u017ed\u00e9m p\u0159\u00edpad\u011b si p\u0159ed pou\u017eit\u00edm v\u017edy p\u0159e\u010dt\u011bte na\u0161e bezpe\u010dnostn\u00ed upozorn\u011bn\u00ed.\n\n\n\n* D\u011bti mus\u00ed magnet pou\u017e\u00edvat pod dohledem rodi\u010d\u016f.\n\n\n\nNezapome\u0148te se pod\u00edvat na na\u0161e <a href=\"https:\/\/magnetarmagnets.com\/collections\/fishing-magnets\/magnet-fishing-kit\/?v=796834e7a283\" target=\"_blank\" rel=\"noopener\">magnet fishing sety<\/a> nebo <a href=\"https:\/\/magnetarmagnets.com\/accessories\/?v=796834e7a283\" target=\"_blank\" rel=\"noopener\">p\u0159\u00edslu\u0161enstv\u00ed pro magnet fishing<\/a>.","protected":false},"excerpt":{"rendered":"<p>Kompletn\u00ed <strong>Savage bal\u00ed\u010dek<\/strong> obsahuje v\u0161e, co pot\u0159ebujete pro magnet fishing, v\u010detn\u011b na\u0161eho popul\u00e1rn\u00edho <strong>allround 360\u00b0 Barbarian fishing magnetu<\/strong>.<\/p>\n","protected":false},"featured_media":78905,"comment_status":"open","ping_status":"closed","template":"","meta":{"_acf_changed":false,"inline_featured_image":false},"product_brand":[],"product_cat":[561,553,558,570,562,1001],"product_tag":[],"class_list":{"0":"post-83296","1":"product","2":"type-product","3":"status-publish","4":"has-post-thumbnail","6":"product_cat-allround-fishing-magnety-360","7":"product_cat-fishing-magnets-cs","8":"product_cat-nejsilnejsi-fishing-magnety","9":"product_cat-profesionalove","10":"product_cat-sada-na-magnet-fishing","11":"product_cat-vsechny-produkty","13":"first","14":"instock","15":"sale","16":"taxable","17":"shipping-taxable","18":"purchasable","19":"product-type-simple"},"acf":[],"yoast_head":"<!-- This site is optimized with the Yoast SEO plugin v27.4 - https:\/\/yoast.com\/product\/yoast-seo-wordpress\/ -->\n<title>Savage bal\u00ed\u010dek - 1600 kg - Allround 360\u00b0 - Magnetar<\/title>\n<meta name=\"description\" content=\"Savage set - 1800 Kg - 360\u00b0 magnet Magnetar\" \/>\n<meta name=\"robots\" content=\"index, follow, max-snippet:-1, max-image-preview:large, max-video-preview:-1\" \/>\n<link rel=\"canonical\" href=\"https:\/\/magnetarmagnets.com\/cs\/shop\/savage-balicek-1600-kg-allround-360\/\" \/>\n<meta property=\"og:locale\" content=\"cs_CZ\" \/>\n<meta property=\"og:type\" content=\"article\" \/>\n<meta property=\"og:title\" content=\"Savage bal\u00ed\u010dek - 1600 kg - Allround 360\u00b0 - Magnetar\" \/>\n<meta property=\"og:description\" content=\"Savage set - 1800 Kg - 360\u00b0 magnet Magnetar\" \/>\n<meta property=\"og:url\" content=\"https:\/\/magnetarmagnets.com\/cs\/shop\/savage-balicek-1600-kg-allround-360\/\" \/>\n<meta property=\"og:site_name\" content=\"Magnet fishing with a Magnetar fishing magnet\" \/>\n<meta property=\"article:publisher\" content=\"https:\/\/www.facebook.com\/fishingmagnets\/\" \/>\n<meta property=\"article:modified_time\" content=\"2026-04-17T22:43:17+00:00\" \/>\n<meta property=\"og:image\" content=\"https:\/\/magnetarmagnets.com\/wp-content\/uploads\/2021\/10\/MAGNETAR-SAVAGE-KIT-GOOGLE.jpg\" \/>\n\t<meta property=\"og:image:width\" content=\"1500\" \/>\n\t<meta property=\"og:image:height\" content=\"1500\" \/>\n\t<meta property=\"og:image:type\" content=\"image\/jpeg\" \/>\n<meta name=\"twitter:card\" content=\"summary_large_image\" \/>\n<meta name=\"twitter:label1\" content=\"Odhadovan\u00e1 doba \u010dten\u00ed\" \/>\n\t<meta name=\"twitter:data1\" content=\"4 minuty\" \/>\n<script type=\"application\/ld+json\" class=\"yoast-schema-graph\">{\"@context\":\"https:\\\/\\\/schema.org\",\"@graph\":[{\"@type\":[\"WebPage\",\"ItemPage\"],\"@id\":\"https:\\\/\\\/magnetarmagnets.com\\\/cs\\\/shop\\\/savage-balicek-1600-kg-allround-360\\\/\",\"url\":\"https:\\\/\\\/magnetarmagnets.com\\\/cs\\\/shop\\\/savage-balicek-1600-kg-allround-360\\\/\",\"name\":\"Savage bal\u00ed\u010dek - 1600 kg - Allround 360\u00b0 - Magnetar\",\"isPartOf\":{\"@id\":\"https:\\\/\\\/magnetarmagnets.com\\\/cs\\\/#website\"},\"primaryImageOfPage\":{\"@id\":\"https:\\\/\\\/magnetarmagnets.com\\\/cs\\\/shop\\\/savage-balicek-1600-kg-allround-360\\\/#primaryimage\"},\"image\":{\"@id\":\"https:\\\/\\\/magnetarmagnets.com\\\/cs\\\/shop\\\/savage-balicek-1600-kg-allround-360\\\/#primaryimage\"},\"thumbnailUrl\":\"https:\\\/\\\/magnetarmagnets.com\\\/wp-content\\\/uploads\\\/2021\\\/10\\\/MAGNETAR-SAVAGE-KIT-GOOGLE.jpg\",\"datePublished\":\"2025-06-05T07:53:06+00:00\",\"dateModified\":\"2026-04-17T22:43:17+00:00\",\"description\":\"Savage set - 1800 Kg - 360\u00b0 magnet Magnetar\",\"breadcrumb\":{\"@id\":\"https:\\\/\\\/magnetarmagnets.com\\\/cs\\\/shop\\\/savage-balicek-1600-kg-allround-360\\\/#breadcrumb\"},\"inLanguage\":\"cs\",\"potentialAction\":[{\"@type\":\"ReadAction\",\"target\":[\"https:\\\/\\\/magnetarmagnets.com\\\/cs\\\/shop\\\/savage-balicek-1600-kg-allround-360\\\/\"]}]},{\"@type\":\"ImageObject\",\"inLanguage\":\"cs\",\"@id\":\"https:\\\/\\\/magnetarmagnets.com\\\/cs\\\/shop\\\/savage-balicek-1600-kg-allround-360\\\/#primaryimage\",\"url\":\"https:\\\/\\\/magnetarmagnets.com\\\/wp-content\\\/uploads\\\/2021\\\/10\\\/MAGNETAR-SAVAGE-KIT-GOOGLE.jpg\",\"contentUrl\":\"https:\\\/\\\/magnetarmagnets.com\\\/wp-content\\\/uploads\\\/2021\\\/10\\\/MAGNETAR-SAVAGE-KIT-GOOGLE.jpg\",\"width\":1500,\"height\":1500,\"caption\":\"magnetar-savage-kit-magneetvissen\"},{\"@type\":\"BreadcrumbList\",\"@id\":\"https:\\\/\\\/magnetarmagnets.com\\\/cs\\\/shop\\\/savage-balicek-1600-kg-allround-360\\\/#breadcrumb\",\"itemListElement\":[{\"@type\":\"ListItem\",\"position\":1,\"name\":\"Home\",\"item\":\"https:\\\/\\\/magnetarmagnets.com\\\/cs\\\/\"},{\"@type\":\"ListItem\",\"position\":2,\"name\":\"Obchod\",\"item\":\"https:\\\/\\\/magnetarmagnets.com\\\/cs\\\/obchod\\\/\"},{\"@type\":\"ListItem\",\"position\":3,\"name\":\"Fishing magnety\",\"item\":\"https:\\\/\\\/magnetarmagnets.com\\\/cs\\\/collections\\\/fishing-magnets-cs\\\/\"},{\"@type\":\"ListItem\",\"position\":4,\"name\":\"Allround fishing magnety 360\u00b0\",\"item\":\"https:\\\/\\\/magnetarmagnets.com\\\/cs\\\/collections\\\/fishing-magnets-cs\\\/allround-fishing-magnety-360\\\/\"},{\"@type\":\"ListItem\",\"position\":5,\"name\":\"Savage bal\u00ed\u010dek &#8211; 1600 kg &#8211; Allround 360\u00b0\"}]},{\"@type\":\"WebSite\",\"@id\":\"https:\\\/\\\/magnetarmagnets.com\\\/cs\\\/#website\",\"url\":\"https:\\\/\\\/magnetarmagnets.com\\\/cs\\\/\",\"name\":\"Magnet fishing with a Magnetar fishing magnet\",\"description\":\"Siln\u00e9 magnety na magnet fishing\",\"publisher\":{\"@id\":\"https:\\\/\\\/magnetarmagnets.com\\\/cs\\\/#organization\"},\"potentialAction\":[{\"@type\":\"SearchAction\",\"target\":{\"@type\":\"EntryPoint\",\"urlTemplate\":\"https:\\\/\\\/magnetarmagnets.com\\\/cs\\\/?s={search_term_string}\"},\"query-input\":{\"@type\":\"PropertyValueSpecification\",\"valueRequired\":true,\"valueName\":\"search_term_string\"}}],\"inLanguage\":\"cs\"},{\"@type\":\"Organization\",\"@id\":\"https:\\\/\\\/magnetarmagnets.com\\\/cs\\\/#organization\",\"name\":\"Magnetar\",\"url\":\"https:\\\/\\\/magnetarmagnets.com\\\/cs\\\/\",\"logo\":{\"@type\":\"ImageObject\",\"inLanguage\":\"cs\",\"@id\":\"https:\\\/\\\/magnetarmagnets.com\\\/cs\\\/#\\\/schema\\\/logo\\\/image\\\/\",\"url\":\"https:\\\/\\\/magnetarmagnets.com\\\/wp-content\\\/uploads\\\/2025\\\/05\\\/Logo-03_PNG-Black-scaled.png\",\"contentUrl\":\"https:\\\/\\\/magnetarmagnets.com\\\/wp-content\\\/uploads\\\/2025\\\/05\\\/Logo-03_PNG-Black-scaled.png\",\"width\":2560,\"height\":1658,\"caption\":\"Magnetar\"},\"image\":{\"@id\":\"https:\\\/\\\/magnetarmagnets.com\\\/cs\\\/#\\\/schema\\\/logo\\\/image\\\/\"},\"sameAs\":[\"https:\\\/\\\/www.facebook.com\\\/fishingmagnets\\\/\",\"https:\\\/\\\/www.instagram.com\\\/magnetar_magnets\\\/\",\"https:\\\/\\\/www.linkedin.com\\\/company\\\/magnetarbv\\\/?originalSubdomain=nl\",\"https:\\\/\\\/www.youtube.com\\\/c\\\/MagnetarVismagneet\"]}]}<\/script>\n<!-- \/ Yoast SEO plugin. -->","yoast_head_json":{"title":"Savage bal\u00ed\u010dek - 1600 kg - Allround 360\u00b0 - Magnetar","description":"Savage set - 1800 Kg - 360\u00b0 magnet Magnetar","robots":{"index":"index","follow":"follow","max-snippet":"max-snippet:-1","max-image-preview":"max-image-preview:large","max-video-preview":"max-video-preview:-1"},"canonical":"https:\/\/magnetarmagnets.com\/cs\/shop\/savage-balicek-1600-kg-allround-360\/","og_locale":"cs_CZ","og_type":"article","og_title":"Savage bal\u00ed\u010dek - 1600 kg - Allround 360\u00b0 - Magnetar","og_description":"Savage set - 1800 Kg - 360\u00b0 magnet Magnetar","og_url":"https:\/\/magnetarmagnets.com\/cs\/shop\/savage-balicek-1600-kg-allround-360\/","og_site_name":"Magnet fishing with a Magnetar fishing magnet","article_publisher":"https:\/\/www.facebook.com\/fishingmagnets\/","article_modified_time":"2026-04-17T22:43:17+00:00","og_image":[{"width":1500,"height":1500,"url":"https:\/\/magnetarmagnets.com\/wp-content\/uploads\/2021\/10\/MAGNETAR-SAVAGE-KIT-GOOGLE.jpg","type":"image\/jpeg"}],"twitter_card":"summary_large_image","twitter_misc":{"Odhadovan\u00e1 doba \u010dten\u00ed":"4 minuty"},"schema":{"@context":"https:\/\/schema.org","@graph":[{"@type":["WebPage","ItemPage"],"@id":"https:\/\/magnetarmagnets.com\/cs\/shop\/savage-balicek-1600-kg-allround-360\/","url":"https:\/\/magnetarmagnets.com\/cs\/shop\/savage-balicek-1600-kg-allround-360\/","name":"Savage bal\u00ed\u010dek - 1600 kg - Allround 360\u00b0 - Magnetar","isPartOf":{"@id":"https:\/\/magnetarmagnets.com\/cs\/#website"},"primaryImageOfPage":{"@id":"https:\/\/magnetarmagnets.com\/cs\/shop\/savage-balicek-1600-kg-allround-360\/#primaryimage"},"image":{"@id":"https:\/\/magnetarmagnets.com\/cs\/shop\/savage-balicek-1600-kg-allround-360\/#primaryimage"},"thumbnailUrl":"https:\/\/magnetarmagnets.com\/wp-content\/uploads\/2021\/10\/MAGNETAR-SAVAGE-KIT-GOOGLE.jpg","datePublished":"2025-06-05T07:53:06+00:00","dateModified":"2026-04-17T22:43:17+00:00","description":"Savage set - 1800 Kg - 360\u00b0 magnet Magnetar","breadcrumb":{"@id":"https:\/\/magnetarmagnets.com\/cs\/shop\/savage-balicek-1600-kg-allround-360\/#breadcrumb"},"inLanguage":"cs","potentialAction":[{"@type":"ReadAction","target":["https:\/\/magnetarmagnets.com\/cs\/shop\/savage-balicek-1600-kg-allround-360\/"]}]},{"@type":"ImageObject","inLanguage":"cs","@id":"https:\/\/magnetarmagnets.com\/cs\/shop\/savage-balicek-1600-kg-allround-360\/#primaryimage","url":"https:\/\/magnetarmagnets.com\/wp-content\/uploads\/2021\/10\/MAGNETAR-SAVAGE-KIT-GOOGLE.jpg","contentUrl":"https:\/\/magnetarmagnets.com\/wp-content\/uploads\/2021\/10\/MAGNETAR-SAVAGE-KIT-GOOGLE.jpg","width":1500,"height":1500,"caption":"magnetar-savage-kit-magneetvissen"},{"@type":"BreadcrumbList","@id":"https:\/\/magnetarmagnets.com\/cs\/shop\/savage-balicek-1600-kg-allround-360\/#breadcrumb","itemListElement":[{"@type":"ListItem","position":1,"name":"Home","item":"https:\/\/magnetarmagnets.com\/cs\/"},{"@type":"ListItem","position":2,"name":"Obchod","item":"https:\/\/magnetarmagnets.com\/cs\/obchod\/"},{"@type":"ListItem","position":3,"name":"Fishing magnety","item":"https:\/\/magnetarmagnets.com\/cs\/collections\/fishing-magnets-cs\/"},{"@type":"ListItem","position":4,"name":"Allround fishing magnety 360\u00b0","item":"https:\/\/magnetarmagnets.com\/cs\/collections\/fishing-magnets-cs\/allround-fishing-magnety-360\/"},{"@type":"ListItem","position":5,"name":"Savage bal\u00ed\u010dek &#8211; 1600 kg &#8211; Allround 360\u00b0"}]},{"@type":"WebSite","@id":"https:\/\/magnetarmagnets.com\/cs\/#website","url":"https:\/\/magnetarmagnets.com\/cs\/","name":"Magnet fishing with a Magnetar fishing magnet","description":"Siln\u00e9 magnety na magnet fishing","publisher":{"@id":"https:\/\/magnetarmagnets.com\/cs\/#organization"},"potentialAction":[{"@type":"SearchAction","target":{"@type":"EntryPoint","urlTemplate":"https:\/\/magnetarmagnets.com\/cs\/?s={search_term_string}"},"query-input":{"@type":"PropertyValueSpecification","valueRequired":true,"valueName":"search_term_string"}}],"inLanguage":"cs"},{"@type":"Organization","@id":"https:\/\/magnetarmagnets.com\/cs\/#organization","name":"Magnetar","url":"https:\/\/magnetarmagnets.com\/cs\/","logo":{"@type":"ImageObject","inLanguage":"cs","@id":"https:\/\/magnetarmagnets.com\/cs\/#\/schema\/logo\/image\/","url":"https:\/\/magnetarmagnets.com\/wp-content\/uploads\/2025\/05\/Logo-03_PNG-Black-scaled.png","contentUrl":"https:\/\/magnetarmagnets.com\/wp-content\/uploads\/2025\/05\/Logo-03_PNG-Black-scaled.png","width":2560,"height":1658,"caption":"Magnetar"},"image":{"@id":"https:\/\/magnetarmagnets.com\/cs\/#\/schema\/logo\/image\/"},"sameAs":["https:\/\/www.facebook.com\/fishingmagnets\/","https:\/\/www.instagram.com\/magnetar_magnets\/","https:\/\/www.linkedin.com\/company\/magnetarbv\/?originalSubdomain=nl","https:\/\/www.youtube.com\/c\/MagnetarVismagneet"]}]}},"_links":{"self":[{"href":"https:\/\/magnetarmagnets.com\/cs\/wp-json\/wp\/v2\/product\/83296","targetHints":{"allow":["GET"]}}],"collection":[{"href":"https:\/\/magnetarmagnets.com\/cs\/wp-json\/wp\/v2\/product"}],"about":[{"href":"https:\/\/magnetarmagnets.com\/cs\/wp-json\/wp\/v2\/types\/product"}],"replies":[{"embeddable":true,"href":"https:\/\/magnetarmagnets.com\/cs\/wp-json\/wp\/v2\/comments?post=83296"}],"version-history":[{"count":0,"href":"https:\/\/magnetarmagnets.com\/cs\/wp-json\/wp\/v2\/product\/83296\/revisions"}],"wp:featuredmedia":[{"embeddable":true,"href":"https:\/\/magnetarmagnets.com\/cs\/wp-json\/wp\/v2\/media\/78905"}],"wp:attachment":[{"href":"https:\/\/magnetarmagnets.com\/cs\/wp-json\/wp\/v2\/media?parent=83296"}],"wp:term":[{"taxonomy":"product_brand","embeddable":true,"href":"https:\/\/magnetarmagnets.com\/cs\/wp-json\/wp\/v2\/product_brand?post=83296"},{"taxonomy":"product_cat","embeddable":true,"href":"https:\/\/magnetarmagnets.com\/cs\/wp-json\/wp\/v2\/product_cat?post=83296"},{"taxonomy":"product_tag","embeddable":true,"href":"https:\/\/magnetarmagnets.com\/cs\/wp-json\/wp\/v2\/product_tag?post=83296"}],"curies":[{"name":"wp","href":"https:\/\/api.w.org\/{rel}","templated":true}]}}