{"id":83277,"date":"2025-06-05T09:53:46","date_gmt":"2025-06-05T07:53:46","guid":{"rendered":"https:\/\/magnetarmagnets.com\/?post_type=product&#038;p=83277"},"modified":"2026-04-08T21:06:51","modified_gmt":"2026-04-08T19:06:51","slug":"vyhrivana-bunda-vulcan-s","status":"publish","type":"product","link":"https:\/\/magnetarmagnets.com\/cs\/shop\/vyhrivana-bunda-vulcan-s\/","title":{"rendered":"Vyh\u0159\u00edvan\u00e1 bunda Vulcan S"},"content":{"rendered":"<img fetchpriority=\"high\" decoding=\"async\" class=\"aligncenter size-full wp-image-51844\" src=\"https:\/\/magnetarmagnets.com\/wp-content\/uploads\/2021\/02\/Softshell-engels.png\" alt=\"vyh\u0159\u00edvan\u00e1 bunda, tepl\u00e1 bunda, magnetar heat, softshell, teplo, pracovn\u00ed bunda\" width=\"764\" height=\"436\" srcset=\"https:\/\/magnetarmagnets.com\/wp-content\/uploads\/2021\/02\/Softshell-engels.png 764w, https:\/\/magnetarmagnets.com\/wp-content\/uploads\/2021\/02\/Softshell-engels-600x342.png 600w, https:\/\/magnetarmagnets.com\/wp-content\/uploads\/2021\/02\/Softshell-engels-300x171.png 300w\" sizes=\"(max-width: 764px) 100vw, 764px\" \/>\r\n\r\n<h2>Nejlep\u0161\u00ed vyh\u0159\u00edvan\u00e9 bundy<\/h2>\r\n\r\n<strong>Vyh\u0159\u00edvan\u00e1 bunda?<\/strong> Na\u0161e vyh\u0159\u00edvan\u00e9 bundy v\u00e1s udr\u017e\u00ed v teple i b\u011bhem chladn\u011bj\u0161\u00edch dn\u016f. Perfektn\u00ed nap\u0159\u00edklad p\u0159i dobrodru\u017estv\u00edch, jako je <a href=\"https:\/\/magnetarmagnets.com\/cs\/\" target=\"_blank\" rel=\"noopener\">magnet fishing<\/a>. Tato vyh\u0159\u00edvan\u00e1 bunda na baterie m\u00e1 t\u0159i nastaven\u00ed teploty, tak\u017ee si v\u017edy m\u016f\u017eete nastavit pohodlnou teplotu. Pracujete venku v chladn\u011bj\u0161\u00edm po\u010das\u00ed? Nebo na chladn\u00fd letn\u00ed ve\u010der? Tato pohodln\u00e1, v\u011btru a vod\u011bodoln\u00e1 vyh\u0159\u00edvan\u00e1 bunda v\u00e1s udr\u017e\u00ed v teple.\r\n\r\n<h2>Informace o produktu Vyh\u0159\u00edvan\u00e1 bunda<\/h2>\r\n\r\nP\u0159ilo\u017een\u00e1 baterie m\u00e1 velikost mobiln\u00edho telefonu a m\u016f\u017ee v\u00e1s udr\u017eet v teple a\u017e <strong>10 hodin<\/strong>, v z\u00e1vislosti na nastaven\u00ed teploty. Bunda je dod\u00e1v\u00e1na <strong>s bateri\u00ed a nab\u00edje\u010dkou<\/strong>. Bunda je vyrobena z v\u011btru a vod\u011b odoln\u00e9 l\u00e1tky a uvnit\u0159 m\u00e1 extra m\u011bkkou pod\u0161\u00edvku z polar fleecu, kter\u00e1 v\u00e1m poskytuje \u00faplnou volnost pohybu b\u011bhem va\u0161ich venkovn\u00edch aktivit. S touto bundou nemus\u00edte vrstvit n\u011bkolik vrstev oble\u010den\u00ed, nap\u0159\u00edklad kdy\u017e jdete na proch\u00e1zku, pracujete na zahrad\u011b, jdete na magnet fishing nebo na kolo.\r\n\r\n\r\n\r\nVyh\u0159\u00edvac\u00ed z\u00f3ny v\u00e1m poskytuj\u00ed p\u0159\u00edjemn\u00e9 teplo p\u0159esn\u011b v t\u011bch \u010d\u00e1stech horn\u00ed \u010d\u00e1sti t\u011bla, kde ho pot\u0159ebujete, na hrudi a z\u00e1dech. N\u00edzk\u00e9, st\u0159edn\u00ed a vysok\u00e9 nastaven\u00ed v\u00e1m umo\u017en\u00ed p\u0159izp\u016fsobit se prost\u0159ed\u00ed a z\u016fstat v teple po cel\u00fd den. Pot\u00e9 baterii jednodu\u0161e nabijete za 3-4 hodiny a jste p\u0159ipraveni vyrazit.\r\n\r\n\r\n\r\nNa\u0161e bundy jsou vyrobeny z odoln\u00e9ho a kvalitn\u00edho materi\u00e1lu, kter\u00fd v\u00e1s udr\u017e\u00ed v teple za v\u0161ech pov\u011btrnostn\u00edch podm\u00ednek.\r\n\r\n<h2>Vyh\u0159\u00edvan\u00e9 bundy schv\u00e1len\u00e9 CE<\/h2>\r\n\r\nVyh\u0159\u00edvan\u00e9 bundy jsou schv\u00e1leny CE. Pln\u011b podporujeme n\u00e1\u0161 produkt a proto v\u00e1m nab\u00edz\u00edme <strong>1letou z\u00e1ruku<\/strong>.","protected":false},"excerpt":{"rendered":"<p><span style=\"font-weight: 400;\">Toto je vyh\u0159\u00edvan\u00e1 bunda s topen\u00edm a 3 nastaven\u00edmi teploty. Udr\u017e\u00ed v\u00e1s v teple, kdy\u017e to pot\u0159ebujete.<\/span><\/p>\n","protected":false},"featured_media":77853,"comment_status":"open","ping_status":"closed","template":"","meta":{"_acf_changed":false,"inline_featured_image":false},"product_brand":[],"product_cat":[1001],"product_tag":[],"class_list":{"0":"post-83277","1":"product","2":"type-product","3":"status-publish","4":"has-post-thumbnail","6":"product_cat-vsechny-produkty","8":"first","9":"instock","10":"sale","11":"taxable","12":"shipping-taxable","13":"purchasable","14":"product-type-simple"},"acf":[],"yoast_head":"<!-- This site is optimized with the Yoast SEO plugin v27.4 - https:\/\/yoast.com\/product\/yoast-seo-wordpress\/ -->\n<title>Vyh\u0159\u00edvan\u00e1 bunda Vulcan S - Magnet fishing with a Magnetar fishing magnet<\/title>\n<meta name=\"description\" content=\"Pracujete venku v chladn\u011bj\u0161\u00edm po\u010das\u00ed? Nebo na chladn\u00fd letn\u00ed ve\u010der? Tato pohodln\u00e1, v\u011btru a vod\u011bodoln\u00e1 vyh\u0159\u00edvan\u00e1 bunda v\u00e1s udr\u017e\u00ed v teple.\" \/>\n<meta name=\"robots\" content=\"index, follow, max-snippet:-1, max-image-preview:large, max-video-preview:-1\" \/>\n<link rel=\"canonical\" href=\"https:\/\/magnetarmagnets.com\/cs\/shop\/vyhrivana-bunda-vulcan-s\/\" \/>\n<meta property=\"og:locale\" content=\"cs_CZ\" \/>\n<meta property=\"og:type\" content=\"article\" \/>\n<meta property=\"og:title\" content=\"Vyh\u0159\u00edvan\u00e1 bunda Vulcan S - Magnet fishing with a Magnetar fishing magnet\" \/>\n<meta property=\"og:description\" content=\"Pracujete venku v chladn\u011bj\u0161\u00edm po\u010das\u00ed? Nebo na chladn\u00fd letn\u00ed ve\u010der? Tato pohodln\u00e1, v\u011btru a vod\u011bodoln\u00e1 vyh\u0159\u00edvan\u00e1 bunda v\u00e1s udr\u017e\u00ed v teple.\" \/>\n<meta property=\"og:url\" content=\"https:\/\/magnetarmagnets.com\/cs\/shop\/vyhrivana-bunda-vulcan-s\/\" \/>\n<meta property=\"og:site_name\" content=\"Magnet fishing with a Magnetar fishing magnet\" \/>\n<meta property=\"article:publisher\" content=\"https:\/\/www.facebook.com\/fishingmagnets\/\" \/>\n<meta property=\"article:modified_time\" content=\"2026-04-08T19:06:51+00:00\" \/>\n<meta property=\"og:image\" content=\"https:\/\/magnetarmagnets.com\/wp-content\/uploads\/2021\/02\/heated-jacket-scaled.jpg\" \/>\n\t<meta property=\"og:image:width\" content=\"2560\" \/>\n\t<meta property=\"og:image:height\" content=\"2560\" \/>\n\t<meta property=\"og:image:type\" content=\"image\/jpeg\" \/>\n<meta name=\"twitter:card\" content=\"summary_large_image\" \/>\n<meta name=\"twitter:label1\" content=\"Odhadovan\u00e1 doba \u010dten\u00ed\" \/>\n\t<meta name=\"twitter:data1\" content=\"2 minuty\" \/>\n<script type=\"application\/ld+json\" class=\"yoast-schema-graph\">{\"@context\":\"https:\\\/\\\/schema.org\",\"@graph\":[{\"@type\":[\"WebPage\",\"ItemPage\"],\"@id\":\"https:\\\/\\\/magnetarmagnets.com\\\/cs\\\/shop\\\/vyhrivana-bunda-vulcan-s\\\/\",\"url\":\"https:\\\/\\\/magnetarmagnets.com\\\/cs\\\/shop\\\/vyhrivana-bunda-vulcan-s\\\/\",\"name\":\"Vyh\u0159\u00edvan\u00e1 bunda Vulcan S - Magnet fishing with a Magnetar fishing magnet\",\"isPartOf\":{\"@id\":\"https:\\\/\\\/magnetarmagnets.com\\\/cs\\\/#website\"},\"primaryImageOfPage\":{\"@id\":\"https:\\\/\\\/magnetarmagnets.com\\\/cs\\\/shop\\\/vyhrivana-bunda-vulcan-s\\\/#primaryimage\"},\"image\":{\"@id\":\"https:\\\/\\\/magnetarmagnets.com\\\/cs\\\/shop\\\/vyhrivana-bunda-vulcan-s\\\/#primaryimage\"},\"thumbnailUrl\":\"https:\\\/\\\/magnetarmagnets.com\\\/wp-content\\\/uploads\\\/2021\\\/02\\\/heated-jacket-scaled.jpg\",\"datePublished\":\"2025-06-05T07:53:46+00:00\",\"dateModified\":\"2026-04-08T19:06:51+00:00\",\"description\":\"Pracujete venku v chladn\u011bj\u0161\u00edm po\u010das\u00ed? Nebo na chladn\u00fd letn\u00ed ve\u010der? Tato pohodln\u00e1, v\u011btru a vod\u011bodoln\u00e1 vyh\u0159\u00edvan\u00e1 bunda v\u00e1s udr\u017e\u00ed v teple.\",\"breadcrumb\":{\"@id\":\"https:\\\/\\\/magnetarmagnets.com\\\/cs\\\/shop\\\/vyhrivana-bunda-vulcan-s\\\/#breadcrumb\"},\"inLanguage\":\"cs\",\"potentialAction\":[{\"@type\":\"ReadAction\",\"target\":[\"https:\\\/\\\/magnetarmagnets.com\\\/cs\\\/shop\\\/vyhrivana-bunda-vulcan-s\\\/\"]}]},{\"@type\":\"ImageObject\",\"inLanguage\":\"cs\",\"@id\":\"https:\\\/\\\/magnetarmagnets.com\\\/cs\\\/shop\\\/vyhrivana-bunda-vulcan-s\\\/#primaryimage\",\"url\":\"https:\\\/\\\/magnetarmagnets.com\\\/wp-content\\\/uploads\\\/2021\\\/02\\\/heated-jacket-scaled.jpg\",\"contentUrl\":\"https:\\\/\\\/magnetarmagnets.com\\\/wp-content\\\/uploads\\\/2021\\\/02\\\/heated-jacket-scaled.jpg\",\"width\":2560,\"height\":2560,\"caption\":\"heated jacket\"},{\"@type\":\"BreadcrumbList\",\"@id\":\"https:\\\/\\\/magnetarmagnets.com\\\/cs\\\/shop\\\/vyhrivana-bunda-vulcan-s\\\/#breadcrumb\",\"itemListElement\":[{\"@type\":\"ListItem\",\"position\":1,\"name\":\"Home\",\"item\":\"https:\\\/\\\/magnetarmagnets.com\\\/cs\\\/\"},{\"@type\":\"ListItem\",\"position\":2,\"name\":\"Obchod\",\"item\":\"https:\\\/\\\/magnetarmagnets.com\\\/cs\\\/obchod\\\/\"},{\"@type\":\"ListItem\",\"position\":3,\"name\":\"V\u0161echny produkty\",\"item\":\"https:\\\/\\\/magnetarmagnets.com\\\/cs\\\/collections\\\/vsechny-produkty\\\/\"},{\"@type\":\"ListItem\",\"position\":4,\"name\":\"Vyh\u0159\u00edvan\u00e1 bunda Vulcan S\"}]},{\"@type\":\"WebSite\",\"@id\":\"https:\\\/\\\/magnetarmagnets.com\\\/cs\\\/#website\",\"url\":\"https:\\\/\\\/magnetarmagnets.com\\\/cs\\\/\",\"name\":\"Magnet fishing with a Magnetar fishing magnet\",\"description\":\"Siln\u00e9 magnety na magnet fishing\",\"publisher\":{\"@id\":\"https:\\\/\\\/magnetarmagnets.com\\\/cs\\\/#organization\"},\"potentialAction\":[{\"@type\":\"SearchAction\",\"target\":{\"@type\":\"EntryPoint\",\"urlTemplate\":\"https:\\\/\\\/magnetarmagnets.com\\\/cs\\\/?s={search_term_string}\"},\"query-input\":{\"@type\":\"PropertyValueSpecification\",\"valueRequired\":true,\"valueName\":\"search_term_string\"}}],\"inLanguage\":\"cs\"},{\"@type\":\"Organization\",\"@id\":\"https:\\\/\\\/magnetarmagnets.com\\\/cs\\\/#organization\",\"name\":\"Magnetar\",\"url\":\"https:\\\/\\\/magnetarmagnets.com\\\/cs\\\/\",\"logo\":{\"@type\":\"ImageObject\",\"inLanguage\":\"cs\",\"@id\":\"https:\\\/\\\/magnetarmagnets.com\\\/cs\\\/#\\\/schema\\\/logo\\\/image\\\/\",\"url\":\"https:\\\/\\\/magnetarmagnets.com\\\/wp-content\\\/uploads\\\/2025\\\/05\\\/Logo-03_PNG-Black-scaled.png\",\"contentUrl\":\"https:\\\/\\\/magnetarmagnets.com\\\/wp-content\\\/uploads\\\/2025\\\/05\\\/Logo-03_PNG-Black-scaled.png\",\"width\":2560,\"height\":1658,\"caption\":\"Magnetar\"},\"image\":{\"@id\":\"https:\\\/\\\/magnetarmagnets.com\\\/cs\\\/#\\\/schema\\\/logo\\\/image\\\/\"},\"sameAs\":[\"https:\\\/\\\/www.facebook.com\\\/fishingmagnets\\\/\",\"https:\\\/\\\/www.instagram.com\\\/magnetar_magnets\\\/\",\"https:\\\/\\\/www.linkedin.com\\\/company\\\/magnetarbv\\\/?originalSubdomain=nl\",\"https:\\\/\\\/www.youtube.com\\\/c\\\/MagnetarVismagneet\"]}]}<\/script>\n<!-- \/ Yoast SEO plugin. -->","yoast_head_json":{"title":"Vyh\u0159\u00edvan\u00e1 bunda Vulcan S - Magnet fishing with a Magnetar fishing magnet","description":"Pracujete venku v chladn\u011bj\u0161\u00edm po\u010das\u00ed? Nebo na chladn\u00fd letn\u00ed ve\u010der? Tato pohodln\u00e1, v\u011btru a vod\u011bodoln\u00e1 vyh\u0159\u00edvan\u00e1 bunda v\u00e1s udr\u017e\u00ed v teple.","robots":{"index":"index","follow":"follow","max-snippet":"max-snippet:-1","max-image-preview":"max-image-preview:large","max-video-preview":"max-video-preview:-1"},"canonical":"https:\/\/magnetarmagnets.com\/cs\/shop\/vyhrivana-bunda-vulcan-s\/","og_locale":"cs_CZ","og_type":"article","og_title":"Vyh\u0159\u00edvan\u00e1 bunda Vulcan S - Magnet fishing with a Magnetar fishing magnet","og_description":"Pracujete venku v chladn\u011bj\u0161\u00edm po\u010das\u00ed? Nebo na chladn\u00fd letn\u00ed ve\u010der? Tato pohodln\u00e1, v\u011btru a vod\u011bodoln\u00e1 vyh\u0159\u00edvan\u00e1 bunda v\u00e1s udr\u017e\u00ed v teple.","og_url":"https:\/\/magnetarmagnets.com\/cs\/shop\/vyhrivana-bunda-vulcan-s\/","og_site_name":"Magnet fishing with a Magnetar fishing magnet","article_publisher":"https:\/\/www.facebook.com\/fishingmagnets\/","article_modified_time":"2026-04-08T19:06:51+00:00","og_image":[{"width":2560,"height":2560,"url":"https:\/\/magnetarmagnets.com\/wp-content\/uploads\/2021\/02\/heated-jacket-scaled.jpg","type":"image\/jpeg"}],"twitter_card":"summary_large_image","twitter_misc":{"Odhadovan\u00e1 doba \u010dten\u00ed":"2 minuty"},"schema":{"@context":"https:\/\/schema.org","@graph":[{"@type":["WebPage","ItemPage"],"@id":"https:\/\/magnetarmagnets.com\/cs\/shop\/vyhrivana-bunda-vulcan-s\/","url":"https:\/\/magnetarmagnets.com\/cs\/shop\/vyhrivana-bunda-vulcan-s\/","name":"Vyh\u0159\u00edvan\u00e1 bunda Vulcan S - Magnet fishing with a Magnetar fishing magnet","isPartOf":{"@id":"https:\/\/magnetarmagnets.com\/cs\/#website"},"primaryImageOfPage":{"@id":"https:\/\/magnetarmagnets.com\/cs\/shop\/vyhrivana-bunda-vulcan-s\/#primaryimage"},"image":{"@id":"https:\/\/magnetarmagnets.com\/cs\/shop\/vyhrivana-bunda-vulcan-s\/#primaryimage"},"thumbnailUrl":"https:\/\/magnetarmagnets.com\/wp-content\/uploads\/2021\/02\/heated-jacket-scaled.jpg","datePublished":"2025-06-05T07:53:46+00:00","dateModified":"2026-04-08T19:06:51+00:00","description":"Pracujete venku v chladn\u011bj\u0161\u00edm po\u010das\u00ed? Nebo na chladn\u00fd letn\u00ed ve\u010der? Tato pohodln\u00e1, v\u011btru a vod\u011bodoln\u00e1 vyh\u0159\u00edvan\u00e1 bunda v\u00e1s udr\u017e\u00ed v teple.","breadcrumb":{"@id":"https:\/\/magnetarmagnets.com\/cs\/shop\/vyhrivana-bunda-vulcan-s\/#breadcrumb"},"inLanguage":"cs","potentialAction":[{"@type":"ReadAction","target":["https:\/\/magnetarmagnets.com\/cs\/shop\/vyhrivana-bunda-vulcan-s\/"]}]},{"@type":"ImageObject","inLanguage":"cs","@id":"https:\/\/magnetarmagnets.com\/cs\/shop\/vyhrivana-bunda-vulcan-s\/#primaryimage","url":"https:\/\/magnetarmagnets.com\/wp-content\/uploads\/2021\/02\/heated-jacket-scaled.jpg","contentUrl":"https:\/\/magnetarmagnets.com\/wp-content\/uploads\/2021\/02\/heated-jacket-scaled.jpg","width":2560,"height":2560,"caption":"heated jacket"},{"@type":"BreadcrumbList","@id":"https:\/\/magnetarmagnets.com\/cs\/shop\/vyhrivana-bunda-vulcan-s\/#breadcrumb","itemListElement":[{"@type":"ListItem","position":1,"name":"Home","item":"https:\/\/magnetarmagnets.com\/cs\/"},{"@type":"ListItem","position":2,"name":"Obchod","item":"https:\/\/magnetarmagnets.com\/cs\/obchod\/"},{"@type":"ListItem","position":3,"name":"V\u0161echny produkty","item":"https:\/\/magnetarmagnets.com\/cs\/collections\/vsechny-produkty\/"},{"@type":"ListItem","position":4,"name":"Vyh\u0159\u00edvan\u00e1 bunda Vulcan S"}]},{"@type":"WebSite","@id":"https:\/\/magnetarmagnets.com\/cs\/#website","url":"https:\/\/magnetarmagnets.com\/cs\/","name":"Magnet fishing with a Magnetar fishing magnet","description":"Siln\u00e9 magnety na magnet fishing","publisher":{"@id":"https:\/\/magnetarmagnets.com\/cs\/#organization"},"potentialAction":[{"@type":"SearchAction","target":{"@type":"EntryPoint","urlTemplate":"https:\/\/magnetarmagnets.com\/cs\/?s={search_term_string}"},"query-input":{"@type":"PropertyValueSpecification","valueRequired":true,"valueName":"search_term_string"}}],"inLanguage":"cs"},{"@type":"Organization","@id":"https:\/\/magnetarmagnets.com\/cs\/#organization","name":"Magnetar","url":"https:\/\/magnetarmagnets.com\/cs\/","logo":{"@type":"ImageObject","inLanguage":"cs","@id":"https:\/\/magnetarmagnets.com\/cs\/#\/schema\/logo\/image\/","url":"https:\/\/magnetarmagnets.com\/wp-content\/uploads\/2025\/05\/Logo-03_PNG-Black-scaled.png","contentUrl":"https:\/\/magnetarmagnets.com\/wp-content\/uploads\/2025\/05\/Logo-03_PNG-Black-scaled.png","width":2560,"height":1658,"caption":"Magnetar"},"image":{"@id":"https:\/\/magnetarmagnets.com\/cs\/#\/schema\/logo\/image\/"},"sameAs":["https:\/\/www.facebook.com\/fishingmagnets\/","https:\/\/www.instagram.com\/magnetar_magnets\/","https:\/\/www.linkedin.com\/company\/magnetarbv\/?originalSubdomain=nl","https:\/\/www.youtube.com\/c\/MagnetarVismagneet"]}]}},"_links":{"self":[{"href":"https:\/\/magnetarmagnets.com\/cs\/wp-json\/wp\/v2\/product\/83277","targetHints":{"allow":["GET"]}}],"collection":[{"href":"https:\/\/magnetarmagnets.com\/cs\/wp-json\/wp\/v2\/product"}],"about":[{"href":"https:\/\/magnetarmagnets.com\/cs\/wp-json\/wp\/v2\/types\/product"}],"replies":[{"embeddable":true,"href":"https:\/\/magnetarmagnets.com\/cs\/wp-json\/wp\/v2\/comments?post=83277"}],"version-history":[{"count":2,"href":"https:\/\/magnetarmagnets.com\/cs\/wp-json\/wp\/v2\/product\/83277\/revisions"}],"predecessor-version":[{"id":96166,"href":"https:\/\/magnetarmagnets.com\/cs\/wp-json\/wp\/v2\/product\/83277\/revisions\/96166"}],"wp:featuredmedia":[{"embeddable":true,"href":"https:\/\/magnetarmagnets.com\/cs\/wp-json\/wp\/v2\/media\/77853"}],"wp:attachment":[{"href":"https:\/\/magnetarmagnets.com\/cs\/wp-json\/wp\/v2\/media?parent=83277"}],"wp:term":[{"taxonomy":"product_brand","embeddable":true,"href":"https:\/\/magnetarmagnets.com\/cs\/wp-json\/wp\/v2\/product_brand?post=83277"},{"taxonomy":"product_cat","embeddable":true,"href":"https:\/\/magnetarmagnets.com\/cs\/wp-json\/wp\/v2\/product_cat?post=83277"},{"taxonomy":"product_tag","embeddable":true,"href":"https:\/\/magnetarmagnets.com\/cs\/wp-json\/wp\/v2\/product_tag?post=83277"}],"curies":[{"name":"wp","href":"https:\/\/api.w.org\/{rel}","templated":true}]}}