{"id":83274,"date":"2025-06-05T09:53:46","date_gmt":"2025-06-05T07:53:46","guid":{"rendered":"https:\/\/magnetarmagnets.com\/?post_type=product&#038;p=83274"},"modified":"2026-04-03T16:19:10","modified_gmt":"2026-04-03T14:19:10","slug":"baterie-pro-vyhrivane-obleceni","status":"publish","type":"product","link":"https:\/\/magnetarmagnets.com\/cs\/shop\/baterie-pro-vyhrivane-obleceni\/","title":{"rendered":"Baterie pro vyh\u0159\u00edvan\u00e9 oble\u010den\u00ed"},"content":{"rendered":"V\u0161echny produkty Magnetar Heat jsou standardn\u011b dod\u00e1v\u00e1ny s powerbankou. S touto bateri\u00ed pro vyh\u0159\u00edvan\u00e9 oble\u010den\u00ed m\u016f\u017eete zah\u0159\u00e1t bundy, vesty a zateplova\u010de. Na z\u00e1klad\u011b velk\u00e9 popt\u00e1vky je nyn\u00ed tento produkt k dispozici i samostatn\u011b. To zvy\u0161uje \u017eivotnost na\u0161eho sortimentu a umo\u017e\u0148uje v\u00e1m u\u017e\u00edvat si p\u0159\u00edjemn\u00e9 teplo je\u0161t\u011b d\u00e9le.\n\n<h2>Powerbanka Magnetar Heat<\/h2>\n\nBaterie pro vyh\u0159\u00edvan\u00e9 oble\u010den\u00ed od Magnetar Heat je powerbanka. Tato powerbanka m\u00e1 kapacitu 6700 mAh. D\u00edky tomu mohou produkty z \u0159ady poskytovat teplo a\u017e po dobu dev\u00edti hodin. P\u0159esn\u00e1 doba z\u00e1vis\u00ed na zvolen\u00e9m nastaven\u00ed teploty. \u010c\u00edm vy\u0161\u0161\u00ed nastaven\u00ed, t\u00edm rychleji se kapacita spot\u0159ebov\u00e1v\u00e1.\n\n\n\nTento produkt je vybaven v\u00fdkonnou 7,4V Li-Ion bateri\u00ed. D\u00edky t\u00e9to baterii lze oble\u010den\u00ed od Magnetar Heat vyh\u0159\u00edvat rychleji a efektivn\u011bji ne\u017e s b\u011b\u017enou 5V Li-Ion bateri\u00ed.\n\n<h2>Univerz\u00e1ln\u00ed baterie pro vyh\u0159\u00edvan\u00e9 oble\u010den\u00ed<\/h2>\n\nPowerbanka Magnetar Heat je univerz\u00e1ln\u00ed. Z\u00e1kazn\u00edci tento produkt vyu\u017e\u00edvaj\u00ed nejen k vyh\u0159\u00edv\u00e1n\u00ed oble\u010den\u00ed, ale tak\u00e9 k nab\u00edjen\u00ed smartphon\u016f, tablet\u016f nebo jin\u00fdch elektronick\u00fdch za\u0159\u00edzen\u00ed. To umo\u017e\u0148uj\u00ed r\u016fzn\u00e9 v\u00fdstupy. Powerbanka m\u00e1 USB, DC 4.0 a USB-C v\u00fdstupy. D\u00edky tomu ji lze pou\u017e\u00edt s nejmodern\u011bj\u0161\u00edmi za\u0159\u00edzen\u00edmi.\n\n<h2>Oble\u010den\u00ed Magnetar Heat<\/h2>\n\nOble\u010den\u00ed Magnetar Heat v\u00e1s zah\u0159eje v chladn\u00fdch dnech. Bunda Vulcan, vesta Etna a zateplova\u010de Magma a Lava maj\u00ed r\u016fzn\u00e9 vyh\u0159\u00edvac\u00ed z\u00f3ny. V\u0161echny na\u0161e produkty spl\u0148uj\u00ed normy CE (Conformit\u00e9 Europ\u00e9enne). To znamen\u00e1 bezpe\u010dn\u00fd produkt, kter\u00fd vyhovuje po\u017eadavk\u016fm evropsk\u00fdch sm\u011brnic. Proto\u017ee si zakl\u00e1d\u00e1me na kvalit\u011b, nab\u00edz\u00edme z\u00e1kazn\u00edk\u016fm na ve\u0161ker\u00e9 vyh\u0159\u00edvan\u00e9 oble\u010den\u00ed z\u00e1ruku jeden rok. Jste p\u0159ipraveni za\u017e\u00edt teplo Magnetar Heat?","protected":false},"excerpt":{"rendered":"<p>V\u00fdkonn\u00fd powerbank s kapacitou 13000 mAh a 7,4V Li-Ion bateri\u00ed, kter\u00fd slou\u017e\u00ed jako baterie pro oble\u010den\u00ed Magnetar Heat.<\/p>\n","protected":false},"featured_media":81165,"comment_status":"open","ping_status":"closed","template":"","meta":{"_acf_changed":false,"inline_featured_image":false},"product_brand":[],"product_cat":[563,566],"product_tag":[],"class_list":{"0":"post-83274","1":"product","2":"type-product","3":"status-publish","4":"has-post-thumbnail","6":"product_cat-vybaveni","7":"product_cat-vyhrivane-obleceni","9":"first","10":"instock","11":"taxable","12":"shipping-taxable","13":"purchasable","14":"product-type-simple"},"acf":[],"yoast_head":"<!-- This site is optimized with the Yoast SEO plugin v27.3 - https:\/\/yoast.com\/product\/yoast-seo-wordpress\/ -->\n<title>Baterie pro vyh\u0159\u00edvan\u00e9 oble\u010den\u00ed - Magnet fishing with a Magnetar fishing magnet<\/title>\n<meta name=\"description\" content=\"Baterie pro vyh\u0159\u00edvan\u00e9 oble\u010den\u00ed - Nap\u00e1jejte sv\u00e9 vybaven\u00ed Magnetar\" \/>\n<meta name=\"robots\" content=\"index, follow, max-snippet:-1, max-image-preview:large, max-video-preview:-1\" \/>\n<link rel=\"canonical\" href=\"https:\/\/magnetarmagnets.com\/cs\/shop\/baterie-pro-vyhrivane-obleceni\/\" \/>\n<meta property=\"og:locale\" content=\"cs_CZ\" \/>\n<meta property=\"og:type\" content=\"article\" \/>\n<meta property=\"og:title\" content=\"Baterie pro vyh\u0159\u00edvan\u00e9 oble\u010den\u00ed - Magnet fishing with a Magnetar fishing magnet\" \/>\n<meta property=\"og:description\" content=\"Baterie pro vyh\u0159\u00edvan\u00e9 oble\u010den\u00ed - Nap\u00e1jejte sv\u00e9 vybaven\u00ed Magnetar\" \/>\n<meta property=\"og:url\" content=\"https:\/\/magnetarmagnets.com\/cs\/shop\/baterie-pro-vyhrivane-obleceni\/\" \/>\n<meta property=\"og:site_name\" content=\"Magnet fishing with a Magnetar fishing magnet\" \/>\n<meta property=\"article:publisher\" content=\"https:\/\/www.facebook.com\/fishingmagnets\/\" \/>\n<meta property=\"article:modified_time\" content=\"2026-04-03T14:19:10+00:00\" \/>\n<meta property=\"og:image\" content=\"https:\/\/magnetarmagnets.com\/wp-content\/uploads\/2023\/10\/H-AT.jpg\" \/>\n\t<meta property=\"og:image:width\" content=\"1000\" \/>\n\t<meta property=\"og:image:height\" content=\"1000\" \/>\n\t<meta property=\"og:image:type\" content=\"image\/jpeg\" \/>\n<meta name=\"twitter:card\" content=\"summary_large_image\" \/>\n<meta name=\"twitter:label1\" content=\"Odhadovan\u00e1 doba \u010dten\u00ed\" \/>\n\t<meta name=\"twitter:data1\" content=\"2 minuty\" \/>\n<script type=\"application\/ld+json\" class=\"yoast-schema-graph\">{\"@context\":\"https:\\\/\\\/schema.org\",\"@graph\":[{\"@type\":[\"WebPage\",\"ItemPage\"],\"@id\":\"https:\\\/\\\/magnetarmagnets.com\\\/cs\\\/shop\\\/baterie-pro-vyhrivane-obleceni\\\/\",\"url\":\"https:\\\/\\\/magnetarmagnets.com\\\/cs\\\/shop\\\/baterie-pro-vyhrivane-obleceni\\\/\",\"name\":\"Baterie pro vyh\u0159\u00edvan\u00e9 oble\u010den\u00ed - Magnet fishing with a Magnetar fishing magnet\",\"isPartOf\":{\"@id\":\"https:\\\/\\\/magnetarmagnets.com\\\/cs\\\/#website\"},\"primaryImageOfPage\":{\"@id\":\"https:\\\/\\\/magnetarmagnets.com\\\/cs\\\/shop\\\/baterie-pro-vyhrivane-obleceni\\\/#primaryimage\"},\"image\":{\"@id\":\"https:\\\/\\\/magnetarmagnets.com\\\/cs\\\/shop\\\/baterie-pro-vyhrivane-obleceni\\\/#primaryimage\"},\"thumbnailUrl\":\"https:\\\/\\\/magnetarmagnets.com\\\/wp-content\\\/uploads\\\/2023\\\/10\\\/H-AT.jpg\",\"datePublished\":\"2025-06-05T07:53:46+00:00\",\"dateModified\":\"2026-04-03T14:19:10+00:00\",\"description\":\"Baterie pro vyh\u0159\u00edvan\u00e9 oble\u010den\u00ed - Nap\u00e1jejte sv\u00e9 vybaven\u00ed Magnetar\",\"breadcrumb\":{\"@id\":\"https:\\\/\\\/magnetarmagnets.com\\\/cs\\\/shop\\\/baterie-pro-vyhrivane-obleceni\\\/#breadcrumb\"},\"inLanguage\":\"cs\",\"potentialAction\":[{\"@type\":\"ReadAction\",\"target\":[\"https:\\\/\\\/magnetarmagnets.com\\\/cs\\\/shop\\\/baterie-pro-vyhrivane-obleceni\\\/\"]}]},{\"@type\":\"ImageObject\",\"inLanguage\":\"cs\",\"@id\":\"https:\\\/\\\/magnetarmagnets.com\\\/cs\\\/shop\\\/baterie-pro-vyhrivane-obleceni\\\/#primaryimage\",\"url\":\"https:\\\/\\\/magnetarmagnets.com\\\/wp-content\\\/uploads\\\/2023\\\/10\\\/H-AT.jpg\",\"contentUrl\":\"https:\\\/\\\/magnetarmagnets.com\\\/wp-content\\\/uploads\\\/2023\\\/10\\\/H-AT.jpg\",\"width\":1000,\"height\":1000,\"caption\":\"Powerbank Heated Clothing\"},{\"@type\":\"BreadcrumbList\",\"@id\":\"https:\\\/\\\/magnetarmagnets.com\\\/cs\\\/shop\\\/baterie-pro-vyhrivane-obleceni\\\/#breadcrumb\",\"itemListElement\":[{\"@type\":\"ListItem\",\"position\":1,\"name\":\"Home\",\"item\":\"https:\\\/\\\/magnetarmagnets.com\\\/cs\\\/\"},{\"@type\":\"ListItem\",\"position\":2,\"name\":\"Obchod\",\"item\":\"https:\\\/\\\/magnetarmagnets.com\\\/obchod\\\/\"},{\"@type\":\"ListItem\",\"position\":3,\"name\":\"Vybaven\u00ed\",\"item\":\"https:\\\/\\\/magnetarmagnets.com\\\/cs\\\/collections\\\/vybaveni\\\/\"},{\"@type\":\"ListItem\",\"position\":4,\"name\":\"Vyh\u0159\u00edvan\u00e9 oble\u010den\u00ed\",\"item\":\"https:\\\/\\\/magnetarmagnets.com\\\/cs\\\/collections\\\/vybaveni\\\/vyhrivane-obleceni\\\/\"},{\"@type\":\"ListItem\",\"position\":5,\"name\":\"Baterie pro vyh\u0159\u00edvan\u00e9 oble\u010den\u00ed\"}]},{\"@type\":\"WebSite\",\"@id\":\"https:\\\/\\\/magnetarmagnets.com\\\/cs\\\/#website\",\"url\":\"https:\\\/\\\/magnetarmagnets.com\\\/cs\\\/\",\"name\":\"Magnet fishing with a Magnetar fishing magnet\",\"description\":\"Siln\u00e9 magnety na magnet fishing\",\"publisher\":{\"@id\":\"https:\\\/\\\/magnetarmagnets.com\\\/cs\\\/#organization\"},\"potentialAction\":[{\"@type\":\"SearchAction\",\"target\":{\"@type\":\"EntryPoint\",\"urlTemplate\":\"https:\\\/\\\/magnetarmagnets.com\\\/cs\\\/?s={search_term_string}\"},\"query-input\":{\"@type\":\"PropertyValueSpecification\",\"valueRequired\":true,\"valueName\":\"search_term_string\"}}],\"inLanguage\":\"cs\"},{\"@type\":\"Organization\",\"@id\":\"https:\\\/\\\/magnetarmagnets.com\\\/cs\\\/#organization\",\"name\":\"Magnetar\",\"url\":\"https:\\\/\\\/magnetarmagnets.com\\\/cs\\\/\",\"logo\":{\"@type\":\"ImageObject\",\"inLanguage\":\"cs\",\"@id\":\"https:\\\/\\\/magnetarmagnets.com\\\/cs\\\/#\\\/schema\\\/logo\\\/image\\\/\",\"url\":\"https:\\\/\\\/magnetarmagnets.com\\\/wp-content\\\/uploads\\\/2025\\\/05\\\/Logo-03_PNG-Black-scaled.png\",\"contentUrl\":\"https:\\\/\\\/magnetarmagnets.com\\\/wp-content\\\/uploads\\\/2025\\\/05\\\/Logo-03_PNG-Black-scaled.png\",\"width\":2560,\"height\":1658,\"caption\":\"Magnetar\"},\"image\":{\"@id\":\"https:\\\/\\\/magnetarmagnets.com\\\/cs\\\/#\\\/schema\\\/logo\\\/image\\\/\"},\"sameAs\":[\"https:\\\/\\\/www.facebook.com\\\/fishingmagnets\\\/\",\"https:\\\/\\\/www.instagram.com\\\/magnetar_magnets\\\/\",\"https:\\\/\\\/www.linkedin.com\\\/company\\\/magnetarbv\\\/?originalSubdomain=nl\",\"https:\\\/\\\/www.youtube.com\\\/c\\\/MagnetarVismagneet\"]}]}<\/script>\n<!-- \/ Yoast SEO plugin. -->","yoast_head_json":{"title":"Baterie pro vyh\u0159\u00edvan\u00e9 oble\u010den\u00ed - Magnet fishing with a Magnetar fishing magnet","description":"Baterie pro vyh\u0159\u00edvan\u00e9 oble\u010den\u00ed - Nap\u00e1jejte sv\u00e9 vybaven\u00ed Magnetar","robots":{"index":"index","follow":"follow","max-snippet":"max-snippet:-1","max-image-preview":"max-image-preview:large","max-video-preview":"max-video-preview:-1"},"canonical":"https:\/\/magnetarmagnets.com\/cs\/shop\/baterie-pro-vyhrivane-obleceni\/","og_locale":"cs_CZ","og_type":"article","og_title":"Baterie pro vyh\u0159\u00edvan\u00e9 oble\u010den\u00ed - Magnet fishing with a Magnetar fishing magnet","og_description":"Baterie pro vyh\u0159\u00edvan\u00e9 oble\u010den\u00ed - Nap\u00e1jejte sv\u00e9 vybaven\u00ed Magnetar","og_url":"https:\/\/magnetarmagnets.com\/cs\/shop\/baterie-pro-vyhrivane-obleceni\/","og_site_name":"Magnet fishing with a Magnetar fishing magnet","article_publisher":"https:\/\/www.facebook.com\/fishingmagnets\/","article_modified_time":"2026-04-03T14:19:10+00:00","og_image":[{"width":1000,"height":1000,"url":"https:\/\/magnetarmagnets.com\/wp-content\/uploads\/2023\/10\/H-AT.jpg","type":"image\/jpeg"}],"twitter_card":"summary_large_image","twitter_misc":{"Odhadovan\u00e1 doba \u010dten\u00ed":"2 minuty"},"schema":{"@context":"https:\/\/schema.org","@graph":[{"@type":["WebPage","ItemPage"],"@id":"https:\/\/magnetarmagnets.com\/cs\/shop\/baterie-pro-vyhrivane-obleceni\/","url":"https:\/\/magnetarmagnets.com\/cs\/shop\/baterie-pro-vyhrivane-obleceni\/","name":"Baterie pro vyh\u0159\u00edvan\u00e9 oble\u010den\u00ed - Magnet fishing with a Magnetar fishing magnet","isPartOf":{"@id":"https:\/\/magnetarmagnets.com\/cs\/#website"},"primaryImageOfPage":{"@id":"https:\/\/magnetarmagnets.com\/cs\/shop\/baterie-pro-vyhrivane-obleceni\/#primaryimage"},"image":{"@id":"https:\/\/magnetarmagnets.com\/cs\/shop\/baterie-pro-vyhrivane-obleceni\/#primaryimage"},"thumbnailUrl":"https:\/\/magnetarmagnets.com\/wp-content\/uploads\/2023\/10\/H-AT.jpg","datePublished":"2025-06-05T07:53:46+00:00","dateModified":"2026-04-03T14:19:10+00:00","description":"Baterie pro vyh\u0159\u00edvan\u00e9 oble\u010den\u00ed - Nap\u00e1jejte sv\u00e9 vybaven\u00ed Magnetar","breadcrumb":{"@id":"https:\/\/magnetarmagnets.com\/cs\/shop\/baterie-pro-vyhrivane-obleceni\/#breadcrumb"},"inLanguage":"cs","potentialAction":[{"@type":"ReadAction","target":["https:\/\/magnetarmagnets.com\/cs\/shop\/baterie-pro-vyhrivane-obleceni\/"]}]},{"@type":"ImageObject","inLanguage":"cs","@id":"https:\/\/magnetarmagnets.com\/cs\/shop\/baterie-pro-vyhrivane-obleceni\/#primaryimage","url":"https:\/\/magnetarmagnets.com\/wp-content\/uploads\/2023\/10\/H-AT.jpg","contentUrl":"https:\/\/magnetarmagnets.com\/wp-content\/uploads\/2023\/10\/H-AT.jpg","width":1000,"height":1000,"caption":"Powerbank Heated Clothing"},{"@type":"BreadcrumbList","@id":"https:\/\/magnetarmagnets.com\/cs\/shop\/baterie-pro-vyhrivane-obleceni\/#breadcrumb","itemListElement":[{"@type":"ListItem","position":1,"name":"Home","item":"https:\/\/magnetarmagnets.com\/cs\/"},{"@type":"ListItem","position":2,"name":"Obchod","item":"https:\/\/magnetarmagnets.com\/obchod\/"},{"@type":"ListItem","position":3,"name":"Vybaven\u00ed","item":"https:\/\/magnetarmagnets.com\/cs\/collections\/vybaveni\/"},{"@type":"ListItem","position":4,"name":"Vyh\u0159\u00edvan\u00e9 oble\u010den\u00ed","item":"https:\/\/magnetarmagnets.com\/cs\/collections\/vybaveni\/vyhrivane-obleceni\/"},{"@type":"ListItem","position":5,"name":"Baterie pro vyh\u0159\u00edvan\u00e9 oble\u010den\u00ed"}]},{"@type":"WebSite","@id":"https:\/\/magnetarmagnets.com\/cs\/#website","url":"https:\/\/magnetarmagnets.com\/cs\/","name":"Magnet fishing with a Magnetar fishing magnet","description":"Siln\u00e9 magnety na magnet fishing","publisher":{"@id":"https:\/\/magnetarmagnets.com\/cs\/#organization"},"potentialAction":[{"@type":"SearchAction","target":{"@type":"EntryPoint","urlTemplate":"https:\/\/magnetarmagnets.com\/cs\/?s={search_term_string}"},"query-input":{"@type":"PropertyValueSpecification","valueRequired":true,"valueName":"search_term_string"}}],"inLanguage":"cs"},{"@type":"Organization","@id":"https:\/\/magnetarmagnets.com\/cs\/#organization","name":"Magnetar","url":"https:\/\/magnetarmagnets.com\/cs\/","logo":{"@type":"ImageObject","inLanguage":"cs","@id":"https:\/\/magnetarmagnets.com\/cs\/#\/schema\/logo\/image\/","url":"https:\/\/magnetarmagnets.com\/wp-content\/uploads\/2025\/05\/Logo-03_PNG-Black-scaled.png","contentUrl":"https:\/\/magnetarmagnets.com\/wp-content\/uploads\/2025\/05\/Logo-03_PNG-Black-scaled.png","width":2560,"height":1658,"caption":"Magnetar"},"image":{"@id":"https:\/\/magnetarmagnets.com\/cs\/#\/schema\/logo\/image\/"},"sameAs":["https:\/\/www.facebook.com\/fishingmagnets\/","https:\/\/www.instagram.com\/magnetar_magnets\/","https:\/\/www.linkedin.com\/company\/magnetarbv\/?originalSubdomain=nl","https:\/\/www.youtube.com\/c\/MagnetarVismagneet"]}]}},"_links":{"self":[{"href":"https:\/\/magnetarmagnets.com\/cs\/wp-json\/wp\/v2\/product\/83274","targetHints":{"allow":["GET"]}}],"collection":[{"href":"https:\/\/magnetarmagnets.com\/cs\/wp-json\/wp\/v2\/product"}],"about":[{"href":"https:\/\/magnetarmagnets.com\/cs\/wp-json\/wp\/v2\/types\/product"}],"replies":[{"embeddable":true,"href":"https:\/\/magnetarmagnets.com\/cs\/wp-json\/wp\/v2\/comments?post=83274"}],"version-history":[{"count":0,"href":"https:\/\/magnetarmagnets.com\/cs\/wp-json\/wp\/v2\/product\/83274\/revisions"}],"wp:featuredmedia":[{"embeddable":true,"href":"https:\/\/magnetarmagnets.com\/cs\/wp-json\/wp\/v2\/media\/81165"}],"wp:attachment":[{"href":"https:\/\/magnetarmagnets.com\/cs\/wp-json\/wp\/v2\/media?parent=83274"}],"wp:term":[{"taxonomy":"product_brand","embeddable":true,"href":"https:\/\/magnetarmagnets.com\/cs\/wp-json\/wp\/v2\/product_brand?post=83274"},{"taxonomy":"product_cat","embeddable":true,"href":"https:\/\/magnetarmagnets.com\/cs\/wp-json\/wp\/v2\/product_cat?post=83274"},{"taxonomy":"product_tag","embeddable":true,"href":"https:\/\/magnetarmagnets.com\/cs\/wp-json\/wp\/v2\/product_tag?post=83274"}],"curies":[{"name":"wp","href":"https:\/\/api.w.org\/{rel}","templated":true}]}}