{"id":83268,"date":"2025-06-05T09:53:47","date_gmt":"2025-06-05T07:53:47","guid":{"rendered":"https:\/\/magnetarmagnets.com\/?post_type=product&#038;p=83268"},"modified":"2026-04-04T08:33:56","modified_gmt":"2026-04-04T06:33:56","slug":"detsky-balicek-110-kg-jednostranny","status":"publish","type":"product","link":"https:\/\/magnetarmagnets.com\/cs\/shop\/detsky-balicek-110-kg-jednostranny\/","title":{"rendered":"D\u011btsk\u00fd bal\u00ed\u010dek &#8211; 110 kg &#8211; jednostrann\u00fd"},"content":{"rendered":"Pros\u00ed v\u00e1s va\u0161e d\u00edt\u011b, abyste za\u010dali s magnet fishing? Tento d\u011btsk\u00fd bal\u00ed\u010dek je pro n\u011b ide\u00e1ln\u00ed. N\u00e1\u0161 d\u011btsk\u00fd bal\u00ed\u010dek obsahuje magnet vhodn\u00fd pro d\u011bti do 10 let. Z\u00e1bava je nekone\u010dn\u00e1 s na\u0161\u00edm <a href=\"https:\/\/magnetarmagnets.com\/shop\/classic-fishing-magnet-240lb-110kg\/\"><strong>Classic Fishing Magnet 240 lb \/ 110 kg<\/strong><\/a>. Tento magnet je standardn\u011b vybaven ochrann\u00fdm ocelov\u00fdm pouzdrem, co\u017e z n\u011bj \u010din\u00ed praktick\u00fd magnet pro mlad\u0161\u00ed d\u011bti. Ide\u00e1ln\u00ed v\u00e1ha umo\u017e\u0148uje v\u011bt\u0161in\u011b d\u011bt\u00ed od 6 let magnet pohodln\u011b h\u00e1zet. D\u00edky slev\u011b za bal\u00ed\u010dek jsou p\u0159ilo\u017een\u00e9 lano a kovov\u00e9 lepidlo nav\u00edc cenov\u011b velmi dostupn\u00e9.\n\n<h2>Obsah d\u011btsk\u00e9ho bal\u00ed\u010dku 240 lb \/ 110 kg &#8211; jednostrann\u00fd<\/h2>\n\nClassic fishing magnet 240 lb \/ 110 kg je relativn\u011b levn\u00e1 mo\u017enost, jak za\u010d\u00edt s magnet fishing. Jednostrann\u00fd magnet m\u00e1 magnetickou s\u00edlu pouze ze spodn\u00ed strany. Vzhledem k tomu, \u017ee ve\u0161ker\u00e1 magnetick\u00e1 s\u00edla je soust\u0159ed\u011bna jedn\u00edm sm\u011brem, m\u016f\u017ee b\u00fdt tento magnet za spr\u00e1vn\u00fdch okolnost\u00ed velmi siln\u00fd.\n\nMagnetick\u00e1 s\u00edla 240 lb \/ 110 kg je dosa\u017eiteln\u00e1 pouze za ide\u00e1ln\u00edch podm\u00ednek, nap\u0159\u00edklad kdy\u017e magnet dosedne na 2 cm silnou neoxidovanou kovovou desku. \u0160ance, \u017ee se to p\u0159i magnet fishing stane, obvykle nen\u00ed vysok\u00e1. Chcete v\u011bd\u011bt, jak se ur\u010duje tahov\u00e1 s\u00edla ryb\u00e1\u0159sk\u00e9ho magnetu? Pod\u00edvejte se na na\u0161e video o <a href=\"https:\/\/www.youtube.com\/watch?v=2McW3RURDxs&amp;t=14s\"><strong>testu magnetick\u00e9 s\u00edly<\/strong><\/a>, kter\u00fd pou\u017e\u00edv\u00e1me.\n\nV\u011bt\u0161inou nen\u00ed Classic fishing magnet 240 lb \/ 110 kg tak siln\u00fd jako v\u011bt\u0161ina na\u0161ich ostatn\u00edch model\u016f. Proto je tento magnet ide\u00e1ln\u00ed pro d\u011bti, kter\u00e9 lov\u00ed men\u0161\u00ed p\u0159edm\u011bty jako ztracen\u00e9 kl\u00ed\u010de a mince. M\u00e1te teenagery a hled\u00e1te pro d\u011bti o n\u011bco siln\u011bj\u0161\u00ed magnet? Zva\u017ete n\u00e1\u0161 <a href=\"https:\/\/magnetarmagnets.com\/shop\/starterpackage\/\"><strong>Starter Package<\/strong><\/a>!\n\n<h2>Vysok\u00e1 kvalita<\/h2>\n\nV\u0161echny ryb\u00e1\u0159sk\u00e9 magnety Magnetar jsou vyrobeny z neodymu. Tento materi\u00e1l zaji\u0161\u0165uje dlouhotrvaj\u00edc\u00ed magnetickou s\u00edlu. P\u0159i spr\u00e1vn\u00e9m pou\u017e\u00edv\u00e1n\u00ed a skladov\u00e1n\u00ed tyto magnety ztr\u00e1cej\u00ed pouze jedno procento sv\u00e9 s\u00edly za 100 let. Proto jsme si jisti, \u017ee nab\u00edz\u00edme nejkvalitn\u011bj\u0161\u00ed <a href=\"https:\/\/magnetarmagnets.com\/collections\/fishing-magnets\/\"><strong>magnet fishing magnety<\/strong><\/a> na trhu.\n\nV posledn\u00edch letech je trh zaplaven nekvalitn\u00edmi produkty. Mnoho ryb\u00e1\u0159sk\u00fdch magnet\u016f od jin\u00fdch prodejc\u016f \u010dasto ztr\u00e1c\u00ed svou s\u00edlu b\u011bhem n\u011bkolika t\u00fddn\u016f. Obvykle vid\u00edme v\u011bt\u0161\u00ed magnety, ale vyroben\u00e9 z m\u00e9n\u011b kvalitn\u00edho neodymu a propagovan\u00e9 zav\u00e1d\u011bj\u00edc\u00ed reklamou. Tyto produkty mohou vypadat levn\u011b, ale dlouhodob\u011b v\u00e1s zklamou.\n\nMagnetar je mal\u00e1 rodinn\u00e1 firma skute\u010dn\u00fdch fanou\u0161k\u016f magnet fishing. Kvalita je u n\u00e1s na prvn\u00edm m\u00edst\u011b, co\u017e se odr\u00e1\u017e\u00ed v na\u0161ich produktech. V\u0161echny na\u0161e ryb\u00e1\u0159sk\u00e9 magnety jsou navr\u017eeny intern\u011b, aby zajistily \u0161pi\u010dkov\u00e9 produkty. Hled\u00e1te spolehliv\u00fd, efektivn\u00ed a kvalitn\u00ed magnet fishing magnet? Hledejte Magnetar!\n\n<h2>Varov\u00e1n\u00ed:<\/h2>\n\nNa\u0161e neodymov\u00e9 ryb\u00e1\u0159sk\u00e9 magnety jsou velmi siln\u00e9. Mohou zp\u016fsobit, \u017ee se k magnetu rychle p\u0159it\u00e1hnou jin\u00e9 p\u0159edm\u011bty. To m\u016f\u017ee v\u00e9st k nebezpe\u010dn\u00fdm situac\u00edm, kdy si m\u016f\u017eete prsty zachytit mezi magnet a p\u0159edm\u011bt. Doporu\u010dujeme v\u017edy s t\u011bmito magnety zach\u00e1zet opatrn\u011b a upozor\u0148ujeme, \u017ee tak \u010din\u00edte na vlastn\u00ed riziko. P\u0159e\u010dt\u011bte si na\u0161e bezpe\u010dnostn\u00ed pokyny p\u0159ed pou\u017eit\u00edm.\n\nNezapome\u0148te tak\u00e9 prohl\u00e9dnout na\u0161i nab\u00eddku <a href=\"https:\/\/magnetarmagnets.com\/\" target=\"_blank\" rel=\"noopener\">magnet fishing magnet\u016f na prodej<\/a> a na\u0161e <a href=\"https:\/\/magnetarmagnets.com\/collections\/fishing-magnets\/magnet-fishing-kit\/\" target=\"_blank\" rel=\"noopener\">magnet fishing sety<\/a>.","protected":false},"excerpt":{"rendered":"<p>Magnet fishing pro <strong>d\u011bti<\/strong>? Je to mo\u017en\u00e9 s <strong>d\u011btsk\u00fdm setem 110 kg<\/strong>. S <strong>jednostrann\u00fdm ryb\u00e1\u0159sk\u00fdm magnetem, lanem a z\u00e1mkov\u00fdm lepidlem<\/strong> mohou d\u011bti od \u0161esti let za\u010d\u00edt pod dohledem sv\u00fdch rodi\u010d\u016f.<\/p>\n","protected":false},"featured_media":78896,"comment_status":"open","ping_status":"closed","template":"","meta":{"_acf_changed":false,"inline_featured_image":false},"product_brand":[],"product_cat":[581,584,593,587],"product_tag":[],"class_list":{"0":"post-83268","1":"product","2":"type-product","3":"status-publish","4":"has-post-thumbnail","6":"product_cat-magnesy-do-lowienia","7":"product_cat-magnesy-do-lowienia-jednostronne","8":"product_cat-poczatkujacy-i-dzieci","9":"product_cat-zestaw-do-lowienia-magnesem","11":"first","12":"instock","13":"sale","14":"taxable","15":"shipping-taxable","16":"purchasable","17":"product-type-simple"},"acf":[],"yoast_head":"<!-- This site is optimized with the Yoast SEO plugin v27.3 - https:\/\/yoast.com\/product\/yoast-seo-wordpress\/ -->\n<title>D\u011btsk\u00fd bal\u00ed\u010dek - 110 kg - jednostrann\u00fd - Magnet fishing with a Magnetar fishing magnet<\/title>\n<meta name=\"description\" content=\"D\u011btsk\u00fd bal\u00ed\u010dek - 110 kg jednostrann\u00fd - Magnetar\" \/>\n<meta name=\"robots\" content=\"index, follow, max-snippet:-1, max-image-preview:large, max-video-preview:-1\" \/>\n<link rel=\"canonical\" href=\"https:\/\/magnetarmagnets.com\/cs\/shop\/detsky-balicek-110-kg-jednostranny\/\" \/>\n<meta property=\"og:locale\" content=\"cs_CZ\" \/>\n<meta property=\"og:type\" content=\"article\" \/>\n<meta property=\"og:title\" content=\"D\u011btsk\u00fd bal\u00ed\u010dek - 110 kg - jednostrann\u00fd - Magnet fishing with a Magnetar fishing magnet\" \/>\n<meta property=\"og:description\" content=\"D\u011btsk\u00fd bal\u00ed\u010dek - 110 kg jednostrann\u00fd - Magnetar\" \/>\n<meta property=\"og:url\" content=\"https:\/\/magnetarmagnets.com\/cs\/shop\/detsky-balicek-110-kg-jednostranny\/\" \/>\n<meta property=\"og:site_name\" content=\"Magnet fishing with a Magnetar fishing magnet\" \/>\n<meta property=\"article:publisher\" content=\"https:\/\/www.facebook.com\/fishingmagnets\/\" \/>\n<meta property=\"article:modified_time\" content=\"2026-04-04T06:33:56+00:00\" \/>\n<meta property=\"og:image\" content=\"https:\/\/magnetarmagnets.com\/wp-content\/uploads\/2021\/10\/MAGNETAR-KINDER-SET-GOOGLE.jpg\" \/>\n\t<meta property=\"og:image:width\" content=\"1500\" \/>\n\t<meta property=\"og:image:height\" content=\"1500\" \/>\n\t<meta property=\"og:image:type\" content=\"image\/jpeg\" \/>\n<meta name=\"twitter:card\" content=\"summary_large_image\" \/>\n<meta name=\"twitter:label1\" content=\"Odhadovan\u00e1 doba \u010dten\u00ed\" \/>\n\t<meta name=\"twitter:data1\" content=\"3 minuty\" \/>\n<script type=\"application\/ld+json\" class=\"yoast-schema-graph\">{\"@context\":\"https:\\\/\\\/schema.org\",\"@graph\":[{\"@type\":[\"WebPage\",\"ItemPage\"],\"@id\":\"https:\\\/\\\/magnetarmagnets.com\\\/cs\\\/shop\\\/detsky-balicek-110-kg-jednostranny\\\/\",\"url\":\"https:\\\/\\\/magnetarmagnets.com\\\/cs\\\/shop\\\/detsky-balicek-110-kg-jednostranny\\\/\",\"name\":\"D\u011btsk\u00fd bal\u00ed\u010dek - 110 kg - jednostrann\u00fd - Magnet fishing with a Magnetar fishing magnet\",\"isPartOf\":{\"@id\":\"https:\\\/\\\/magnetarmagnets.com\\\/cs\\\/#website\"},\"primaryImageOfPage\":{\"@id\":\"https:\\\/\\\/magnetarmagnets.com\\\/cs\\\/shop\\\/detsky-balicek-110-kg-jednostranny\\\/#primaryimage\"},\"image\":{\"@id\":\"https:\\\/\\\/magnetarmagnets.com\\\/cs\\\/shop\\\/detsky-balicek-110-kg-jednostranny\\\/#primaryimage\"},\"thumbnailUrl\":\"https:\\\/\\\/magnetarmagnets.com\\\/wp-content\\\/uploads\\\/2021\\\/10\\\/MAGNETAR-KINDER-SET-GOOGLE.jpg\",\"datePublished\":\"2025-06-05T07:53:47+00:00\",\"dateModified\":\"2026-04-04T06:33:56+00:00\",\"description\":\"D\u011btsk\u00fd bal\u00ed\u010dek - 110 kg jednostrann\u00fd - Magnetar\",\"breadcrumb\":{\"@id\":\"https:\\\/\\\/magnetarmagnets.com\\\/cs\\\/shop\\\/detsky-balicek-110-kg-jednostranny\\\/#breadcrumb\"},\"inLanguage\":\"cs\",\"potentialAction\":[{\"@type\":\"ReadAction\",\"target\":[\"https:\\\/\\\/magnetarmagnets.com\\\/cs\\\/shop\\\/detsky-balicek-110-kg-jednostranny\\\/\"]}]},{\"@type\":\"ImageObject\",\"inLanguage\":\"cs\",\"@id\":\"https:\\\/\\\/magnetarmagnets.com\\\/cs\\\/shop\\\/detsky-balicek-110-kg-jednostranny\\\/#primaryimage\",\"url\":\"https:\\\/\\\/magnetarmagnets.com\\\/wp-content\\\/uploads\\\/2021\\\/10\\\/MAGNETAR-KINDER-SET-GOOGLE.jpg\",\"contentUrl\":\"https:\\\/\\\/magnetarmagnets.com\\\/wp-content\\\/uploads\\\/2021\\\/10\\\/MAGNETAR-KINDER-SET-GOOGLE.jpg\",\"width\":1500,\"height\":1500,\"caption\":\"MAGNETAR-KINDER-SET\"},{\"@type\":\"BreadcrumbList\",\"@id\":\"https:\\\/\\\/magnetarmagnets.com\\\/cs\\\/shop\\\/detsky-balicek-110-kg-jednostranny\\\/#breadcrumb\",\"itemListElement\":[{\"@type\":\"ListItem\",\"position\":1,\"name\":\"Home\",\"item\":\"https:\\\/\\\/magnetarmagnets.com\\\/cs\\\/\"},{\"@type\":\"ListItem\",\"position\":2,\"name\":\"Obchod\",\"item\":\"https:\\\/\\\/magnetarmagnets.com\\\/obchod\\\/\"},{\"@type\":\"ListItem\",\"position\":3,\"name\":\"Fishing magnety\",\"item\":\"https:\\\/\\\/magnetarmagnets.com\\\/cs\\\/collections\\\/fishing-magnets-cs\\\/\"},{\"@type\":\"ListItem\",\"position\":4,\"name\":\"Jednostrann\u00e9 fishing magnety\",\"item\":\"https:\\\/\\\/magnetarmagnets.com\\\/cs\\\/collections\\\/fishing-magnets-cs\\\/jednostranne-fishing-magnety\\\/\"},{\"@type\":\"ListItem\",\"position\":5,\"name\":\"D\u011btsk\u00fd bal\u00ed\u010dek &#8211; 110 kg &#8211; jednostrann\u00fd\"}]},{\"@type\":\"WebSite\",\"@id\":\"https:\\\/\\\/magnetarmagnets.com\\\/cs\\\/#website\",\"url\":\"https:\\\/\\\/magnetarmagnets.com\\\/cs\\\/\",\"name\":\"Magnet fishing with a Magnetar fishing magnet\",\"description\":\"Siln\u00e9 magnety na magnet fishing\",\"publisher\":{\"@id\":\"https:\\\/\\\/magnetarmagnets.com\\\/cs\\\/#organization\"},\"potentialAction\":[{\"@type\":\"SearchAction\",\"target\":{\"@type\":\"EntryPoint\",\"urlTemplate\":\"https:\\\/\\\/magnetarmagnets.com\\\/cs\\\/?s={search_term_string}\"},\"query-input\":{\"@type\":\"PropertyValueSpecification\",\"valueRequired\":true,\"valueName\":\"search_term_string\"}}],\"inLanguage\":\"cs\"},{\"@type\":\"Organization\",\"@id\":\"https:\\\/\\\/magnetarmagnets.com\\\/cs\\\/#organization\",\"name\":\"Magnetar\",\"url\":\"https:\\\/\\\/magnetarmagnets.com\\\/cs\\\/\",\"logo\":{\"@type\":\"ImageObject\",\"inLanguage\":\"cs\",\"@id\":\"https:\\\/\\\/magnetarmagnets.com\\\/cs\\\/#\\\/schema\\\/logo\\\/image\\\/\",\"url\":\"https:\\\/\\\/magnetarmagnets.com\\\/wp-content\\\/uploads\\\/2025\\\/05\\\/Logo-03_PNG-Black-scaled.png\",\"contentUrl\":\"https:\\\/\\\/magnetarmagnets.com\\\/wp-content\\\/uploads\\\/2025\\\/05\\\/Logo-03_PNG-Black-scaled.png\",\"width\":2560,\"height\":1658,\"caption\":\"Magnetar\"},\"image\":{\"@id\":\"https:\\\/\\\/magnetarmagnets.com\\\/cs\\\/#\\\/schema\\\/logo\\\/image\\\/\"},\"sameAs\":[\"https:\\\/\\\/www.facebook.com\\\/fishingmagnets\\\/\",\"https:\\\/\\\/www.instagram.com\\\/magnetar_magnets\\\/\",\"https:\\\/\\\/www.linkedin.com\\\/company\\\/magnetarbv\\\/?originalSubdomain=nl\",\"https:\\\/\\\/www.youtube.com\\\/c\\\/MagnetarVismagneet\"]}]}<\/script>\n<!-- \/ Yoast SEO plugin. -->","yoast_head_json":{"title":"D\u011btsk\u00fd bal\u00ed\u010dek - 110 kg - jednostrann\u00fd - Magnet fishing with a Magnetar fishing magnet","description":"D\u011btsk\u00fd bal\u00ed\u010dek - 110 kg jednostrann\u00fd - Magnetar","robots":{"index":"index","follow":"follow","max-snippet":"max-snippet:-1","max-image-preview":"max-image-preview:large","max-video-preview":"max-video-preview:-1"},"canonical":"https:\/\/magnetarmagnets.com\/cs\/shop\/detsky-balicek-110-kg-jednostranny\/","og_locale":"cs_CZ","og_type":"article","og_title":"D\u011btsk\u00fd bal\u00ed\u010dek - 110 kg - jednostrann\u00fd - Magnet fishing with a Magnetar fishing magnet","og_description":"D\u011btsk\u00fd bal\u00ed\u010dek - 110 kg jednostrann\u00fd - Magnetar","og_url":"https:\/\/magnetarmagnets.com\/cs\/shop\/detsky-balicek-110-kg-jednostranny\/","og_site_name":"Magnet fishing with a Magnetar fishing magnet","article_publisher":"https:\/\/www.facebook.com\/fishingmagnets\/","article_modified_time":"2026-04-04T06:33:56+00:00","og_image":[{"width":1500,"height":1500,"url":"https:\/\/magnetarmagnets.com\/wp-content\/uploads\/2021\/10\/MAGNETAR-KINDER-SET-GOOGLE.jpg","type":"image\/jpeg"}],"twitter_card":"summary_large_image","twitter_misc":{"Odhadovan\u00e1 doba \u010dten\u00ed":"3 minuty"},"schema":{"@context":"https:\/\/schema.org","@graph":[{"@type":["WebPage","ItemPage"],"@id":"https:\/\/magnetarmagnets.com\/cs\/shop\/detsky-balicek-110-kg-jednostranny\/","url":"https:\/\/magnetarmagnets.com\/cs\/shop\/detsky-balicek-110-kg-jednostranny\/","name":"D\u011btsk\u00fd bal\u00ed\u010dek - 110 kg - jednostrann\u00fd - Magnet fishing with a Magnetar fishing magnet","isPartOf":{"@id":"https:\/\/magnetarmagnets.com\/cs\/#website"},"primaryImageOfPage":{"@id":"https:\/\/magnetarmagnets.com\/cs\/shop\/detsky-balicek-110-kg-jednostranny\/#primaryimage"},"image":{"@id":"https:\/\/magnetarmagnets.com\/cs\/shop\/detsky-balicek-110-kg-jednostranny\/#primaryimage"},"thumbnailUrl":"https:\/\/magnetarmagnets.com\/wp-content\/uploads\/2021\/10\/MAGNETAR-KINDER-SET-GOOGLE.jpg","datePublished":"2025-06-05T07:53:47+00:00","dateModified":"2026-04-04T06:33:56+00:00","description":"D\u011btsk\u00fd bal\u00ed\u010dek - 110 kg jednostrann\u00fd - Magnetar","breadcrumb":{"@id":"https:\/\/magnetarmagnets.com\/cs\/shop\/detsky-balicek-110-kg-jednostranny\/#breadcrumb"},"inLanguage":"cs","potentialAction":[{"@type":"ReadAction","target":["https:\/\/magnetarmagnets.com\/cs\/shop\/detsky-balicek-110-kg-jednostranny\/"]}]},{"@type":"ImageObject","inLanguage":"cs","@id":"https:\/\/magnetarmagnets.com\/cs\/shop\/detsky-balicek-110-kg-jednostranny\/#primaryimage","url":"https:\/\/magnetarmagnets.com\/wp-content\/uploads\/2021\/10\/MAGNETAR-KINDER-SET-GOOGLE.jpg","contentUrl":"https:\/\/magnetarmagnets.com\/wp-content\/uploads\/2021\/10\/MAGNETAR-KINDER-SET-GOOGLE.jpg","width":1500,"height":1500,"caption":"MAGNETAR-KINDER-SET"},{"@type":"BreadcrumbList","@id":"https:\/\/magnetarmagnets.com\/cs\/shop\/detsky-balicek-110-kg-jednostranny\/#breadcrumb","itemListElement":[{"@type":"ListItem","position":1,"name":"Home","item":"https:\/\/magnetarmagnets.com\/cs\/"},{"@type":"ListItem","position":2,"name":"Obchod","item":"https:\/\/magnetarmagnets.com\/obchod\/"},{"@type":"ListItem","position":3,"name":"Fishing magnety","item":"https:\/\/magnetarmagnets.com\/cs\/collections\/fishing-magnets-cs\/"},{"@type":"ListItem","position":4,"name":"Jednostrann\u00e9 fishing magnety","item":"https:\/\/magnetarmagnets.com\/cs\/collections\/fishing-magnets-cs\/jednostranne-fishing-magnety\/"},{"@type":"ListItem","position":5,"name":"D\u011btsk\u00fd bal\u00ed\u010dek &#8211; 110 kg &#8211; jednostrann\u00fd"}]},{"@type":"WebSite","@id":"https:\/\/magnetarmagnets.com\/cs\/#website","url":"https:\/\/magnetarmagnets.com\/cs\/","name":"Magnet fishing with a Magnetar fishing magnet","description":"Siln\u00e9 magnety na magnet fishing","publisher":{"@id":"https:\/\/magnetarmagnets.com\/cs\/#organization"},"potentialAction":[{"@type":"SearchAction","target":{"@type":"EntryPoint","urlTemplate":"https:\/\/magnetarmagnets.com\/cs\/?s={search_term_string}"},"query-input":{"@type":"PropertyValueSpecification","valueRequired":true,"valueName":"search_term_string"}}],"inLanguage":"cs"},{"@type":"Organization","@id":"https:\/\/magnetarmagnets.com\/cs\/#organization","name":"Magnetar","url":"https:\/\/magnetarmagnets.com\/cs\/","logo":{"@type":"ImageObject","inLanguage":"cs","@id":"https:\/\/magnetarmagnets.com\/cs\/#\/schema\/logo\/image\/","url":"https:\/\/magnetarmagnets.com\/wp-content\/uploads\/2025\/05\/Logo-03_PNG-Black-scaled.png","contentUrl":"https:\/\/magnetarmagnets.com\/wp-content\/uploads\/2025\/05\/Logo-03_PNG-Black-scaled.png","width":2560,"height":1658,"caption":"Magnetar"},"image":{"@id":"https:\/\/magnetarmagnets.com\/cs\/#\/schema\/logo\/image\/"},"sameAs":["https:\/\/www.facebook.com\/fishingmagnets\/","https:\/\/www.instagram.com\/magnetar_magnets\/","https:\/\/www.linkedin.com\/company\/magnetarbv\/?originalSubdomain=nl","https:\/\/www.youtube.com\/c\/MagnetarVismagneet"]}]}},"_links":{"self":[{"href":"https:\/\/magnetarmagnets.com\/cs\/wp-json\/wp\/v2\/product\/83268","targetHints":{"allow":["GET"]}}],"collection":[{"href":"https:\/\/magnetarmagnets.com\/cs\/wp-json\/wp\/v2\/product"}],"about":[{"href":"https:\/\/magnetarmagnets.com\/cs\/wp-json\/wp\/v2\/types\/product"}],"replies":[{"embeddable":true,"href":"https:\/\/magnetarmagnets.com\/cs\/wp-json\/wp\/v2\/comments?post=83268"}],"version-history":[{"count":0,"href":"https:\/\/magnetarmagnets.com\/cs\/wp-json\/wp\/v2\/product\/83268\/revisions"}],"wp:featuredmedia":[{"embeddable":true,"href":"https:\/\/magnetarmagnets.com\/cs\/wp-json\/wp\/v2\/media\/78896"}],"wp:attachment":[{"href":"https:\/\/magnetarmagnets.com\/cs\/wp-json\/wp\/v2\/media?parent=83268"}],"wp:term":[{"taxonomy":"product_brand","embeddable":true,"href":"https:\/\/magnetarmagnets.com\/cs\/wp-json\/wp\/v2\/product_brand?post=83268"},{"taxonomy":"product_cat","embeddable":true,"href":"https:\/\/magnetarmagnets.com\/cs\/wp-json\/wp\/v2\/product_cat?post=83268"},{"taxonomy":"product_tag","embeddable":true,"href":"https:\/\/magnetarmagnets.com\/cs\/wp-json\/wp\/v2\/product_tag?post=83268"}],"curies":[{"name":"wp","href":"https:\/\/api.w.org\/{rel}","templated":true}]}}