{"id":83267,"date":"2025-06-05T09:53:47","date_gmt":"2025-06-05T07:53:47","guid":{"rendered":"https:\/\/magnetarmagnets.com\/?post_type=product&#038;p=83267"},"modified":"2026-04-12T01:43:37","modified_gmt":"2026-04-11T23:43:37","slug":"detsky-balicek-360-280-kg-easy-allround-360","status":"publish","type":"product","link":"https:\/\/magnetarmagnets.com\/cs\/shop\/detsky-balicek-360-280-kg-easy-allround-360\/","title":{"rendered":"D\u011btsk\u00fd bal\u00ed\u010dek 360\u00b0 &#8211; 280 kg &#8211; Easy &#8211; Allround 360\u00b0"},"content":{"rendered":"Magnet fishing pro d\u011bti? Tento sen se st\u00e1v\u00e1 skute\u010dnost\u00ed s Magnetar Easy bal\u00ed\u010dkem. Tento kompletn\u00ed magnet fishing set obsahuje v\u0161e, co pot\u0159ebujete k vyta\u017een\u00ed nejlep\u0161\u00edch n\u00e1lez\u016f. N\u00e1\u0161 Easy magnet m\u00e1 celkovou magnetickou s\u00edlu 280 kg s pln\u00fdm \u00fahlem 360\u00b0. Krom\u011b magnetu na ryba\u0159en\u00ed z\u00edsk\u00e1te tak\u00e9 ochrann\u00fd kryt na magnet, p\u00e1r rukavic a lano speci\u00e1ln\u011b navr\u017een\u00e9 pro magnet fishing.\n<h2>Easy neodymov\u00fd magnet na ryba\u0159en\u00ed<\/h2>\n<a href=\"https:\/\/magnetarmagnets.com\/shop\/easy-magnet\">Easy neodymov\u00fd magnet na ryba\u0159en\u00ed<\/a> je zn\u00e1m\u00fd svou n\u00edzkou hmotnost\u00ed pro h\u00e1zen\u00ed. P\u0159itom v\u0161ak vykazuje silnou p\u0159\u00edtahovou s\u00edlu, co\u017e z Easy magnetu \u010din\u00ed ide\u00e1ln\u00ed volbu pro za\u010d\u00e1te\u010dn\u00edky a d\u011bti, kter\u00e9 to s t\u00edmto kon\u00ed\u010dkem mysl\u00ed v\u00e1\u017en\u011b. Ka\u017ed\u00e1 strana tohoto magnetu je magnetick\u00e1, co\u017e zvy\u0161uje \u0161ance na vytahov\u00e1n\u00ed \u00fa\u017easn\u00fdch p\u0159edm\u011bt\u016f z vody.\n<h2>Jste p\u0159ipraveni na Easy?<\/h2>\nTento magnet na ryba\u0159en\u00ed je n\u00e1\u0161 startovac\u00ed model v s\u00e9rii v\u0161estrann\u00fdch 360\u00b0 magnet\u016f. Ka\u017ed\u00e1 strana m\u00e1 samostatnou s\u00edlu 70 kg, co\u017e d\u00e1v\u00e1 celkov\u00fdch 280 kg pro cel\u00fd magnet. Men\u0161\u00ed p\u0159edm\u011bty se k magnetu p\u0159itahuj\u00ed z vzd\u00e1lenosti 10 cm, co\u017e optimalizuje va\u0161e \u0161ance na n\u00e1lezy.\n\nS Easy mohou d\u011bti od \u0161esti let za\u010d\u00edt magnet fishing pod dohledem. Chcete rad\u011bji magnet s vy\u0161\u0161\u00ed p\u0159\u00edtahovou silou? Pod\u00edvejte se na modely Hardcore nebo Terror. Oba jsou sou\u010d\u00e1st\u00ed na\u0161\u00ed \u0159ady v\u0161estrann\u00fdch 360\u00b0 magnet\u016f a jsou velmi obl\u00edben\u00e9 mezi magnet fishing nad\u0161enci po cel\u00e9 Evrop\u011b.\n<h2>Evoluce magnetu<\/h2>\nMnoho <a href=\"https:\/\/magnetarmagnets.com\/?v=796834e7a283\" target=\"_blank\" rel=\"noopener\">magnet\u016f na ryba\u0159en\u00ed<\/a> m\u00e1 p\u0159ita\u017elivou s\u00edlu pouze na jedn\u00e9 stran\u011b. Tento jednostrann\u00fd magnet je klasick\u00fd magnet na ryba\u0159en\u00ed. Magnetar byl prvn\u00ed spole\u010dnost\u00ed, kter\u00e1 tento klasick\u00fd magnet p\u0159etvo\u0159ila na <a href=\"https:\/\/magnetarmagnets.com\/double-sided-fishing-magnet\/?v=796834e7a283\" target=\"_blank\" rel=\"noopener\">oboustrann\u00fd magnet na ryba\u0159en\u00ed<\/a>. V roce 2016 Magnetar vyvinul v\u0161estrann\u00fd magnet s 360\u00b0 magnetick\u00fdm tahem. Magnet fishing nad\u0161enci po cel\u00e9 EU jsou od t\u00e9 doby p\u0159itahov\u00e1ni na\u0161imi 100% neodymov\u00fdmi magnety, d\u00edky \u010demu\u017e jsme nejv\u011bt\u0161\u00edm dodavatelem v Evrop\u011b. Na\u0161e magnety jsou vyrobeny s nejvy\u0161\u0161\u00ed kvalitou, designem a p\u00e9\u010d\u00ed mal\u00fdm t\u00fdmem nad\u0161enc\u016f magnet fishingu. Na\u0161i z\u00e1kazn\u00edci se k n\u00e1m vracej\u00ed, proto\u017ee v\u011bd\u00ed, \u017ee s Magnetarem z\u00edskaj\u00ed v\u00edc ne\u017e jen magnet, z\u00edskaj\u00ed poklad.\n<h2><strong>Siln\u00e1 360\u00b0 p\u0159\u00edtahov\u00e1 s\u00edla<\/strong><\/h2>\nMagnet Hardcore je jeden z nejsiln\u011bj\u0161\u00edch magnet\u016f, kter\u00e9 nab\u00edz\u00edme. P\u0159\u00edtahov\u00e1 s\u00edla jednostrann\u00e9ho magnetu se ned\u00e1 srovnat s \u010dist\u00fdm neodymov\u00fdm 360\u00b0 magnetem jako je Hardcore. To proto, \u017ee ocelov\u00e9 pouzdro jednostrann\u00e9ho magnetu ovliv\u0148uje p\u0159\u00edtahovou s\u00edlu a ta je zam\u011b\u0159ena jen jedn\u00edm sm\u011brem. To umo\u017e\u0148uje jednostrann\u00fdm magnet\u016fm dosahovat vysok\u00fdch sil na ploch\u00fdch kovov\u00fdch desk\u00e1ch na jedn\u00e9 stran\u011b, ale n\u00e1\u0161 exkluzivn\u00ed Allround 360\u00b0 magnet p\u0159itahuje p\u0159edm\u011bty ze v\u0161ech stran, proto\u017ee magnety maj\u00ed magnetickou s\u00edlu po cel\u00e9m okol\u00ed. Zaj\u00edm\u00e1 v\u00e1s na\u0161e m\u011b\u0159en\u00ed p\u0159\u00edtahov\u00e9 s\u00edly? <a href=\"https:\/\/www.youtube.com\/watch?v=2McW3RURDxs\" target=\"_blank\" rel=\"noopener\">Pod\u00edvejte se na video m\u011b\u0159en\u00ed p\u0159\u00edtahov\u00e9 s\u00edly<\/a>.","protected":false},"excerpt":{"rendered":"<p>Za\u010dn\u011bte s t\u00edmto <strong>dostupn\u00fdm<\/strong> d\u011btsk\u00fdm bal\u00ed\u010dkem pro magnet fishing 360\u00b0, kter\u00fd obsahuje <strong>Easy magnet<\/strong>, ochrann\u00fd kryt Easy, lano, lepidlo a rukavice.<\/p>\n","protected":false},"featured_media":81305,"comment_status":"open","ping_status":"closed","template":"","meta":{"_acf_changed":false,"inline_featured_image":false},"product_brand":[],"product_cat":[561,553,562,1001,568],"product_tag":[],"class_list":{"0":"post-83267","1":"product","2":"type-product","3":"status-publish","4":"has-post-thumbnail","6":"product_cat-allround-fishing-magnety-360","7":"product_cat-fishing-magnets-cs","8":"product_cat-sada-na-magnet-fishing","9":"product_cat-vsechny-produkty","10":"product_cat-zacatecnici-a-deti","12":"first","13":"instock","14":"sale","15":"taxable","16":"shipping-taxable","17":"purchasable","18":"product-type-simple"},"acf":[],"yoast_head":"<!-- This site is optimized with the Yoast SEO plugin v27.4 - https:\/\/yoast.com\/product\/yoast-seo-wordpress\/ -->\n<title>D\u011btsk\u00fd bal\u00ed\u010dek 360\u00b0 - 280 kg - Easy - Allround 360\u00b0 -<\/title>\n<meta name=\"description\" content=\"Magnet fishing pro d\u011bti? Tento sen se st\u00e1v\u00e1 skute\u010dnost\u00ed s Magnetar Easy bal\u00ed\u010dkem. Tento kompletn\u00ed set obsahuje v\u0161e, co pot\u0159ebujete.\" \/>\n<meta name=\"robots\" content=\"index, follow, max-snippet:-1, max-image-preview:large, max-video-preview:-1\" \/>\n<link rel=\"canonical\" href=\"https:\/\/magnetarmagnets.com\/cs\/shop\/detsky-balicek-360-280-kg-easy-allround-360\/\" \/>\n<meta property=\"og:locale\" content=\"cs_CZ\" \/>\n<meta property=\"og:type\" content=\"article\" \/>\n<meta property=\"og:title\" content=\"D\u011btsk\u00fd bal\u00ed\u010dek 360\u00b0 - 280 kg - Easy - Allround 360\u00b0 -\" \/>\n<meta property=\"og:description\" content=\"Magnet fishing pro d\u011bti? Tento sen se st\u00e1v\u00e1 skute\u010dnost\u00ed s Magnetar Easy bal\u00ed\u010dkem. Tento kompletn\u00ed set obsahuje v\u0161e, co pot\u0159ebujete.\" \/>\n<meta property=\"og:url\" content=\"https:\/\/magnetarmagnets.com\/cs\/shop\/detsky-balicek-360-280-kg-easy-allround-360\/\" \/>\n<meta property=\"og:site_name\" content=\"Magnet fishing with a Magnetar fishing magnet\" \/>\n<meta property=\"article:publisher\" content=\"https:\/\/www.facebook.com\/fishingmagnets\/\" \/>\n<meta property=\"article:modified_time\" content=\"2026-04-11T23:43:37+00:00\" \/>\n<meta property=\"og:image\" content=\"https:\/\/magnetarmagnets.com\/wp-content\/uploads\/2025\/06\/easy-360-magnetar-pakket.png\" \/>\n\t<meta property=\"og:image:width\" content=\"1000\" \/>\n\t<meta property=\"og:image:height\" content=\"1000\" \/>\n\t<meta property=\"og:image:type\" content=\"image\/png\" \/>\n<meta name=\"twitter:card\" content=\"summary_large_image\" \/>\n<meta name=\"twitter:label1\" content=\"Odhadovan\u00e1 doba \u010dten\u00ed\" \/>\n\t<meta name=\"twitter:data1\" content=\"5 minut\" \/>\n<script type=\"application\/ld+json\" class=\"yoast-schema-graph\">{\"@context\":\"https:\\\/\\\/schema.org\",\"@graph\":[{\"@type\":[\"WebPage\",\"ItemPage\"],\"@id\":\"https:\\\/\\\/magnetarmagnets.com\\\/cs\\\/shop\\\/detsky-balicek-360-280-kg-easy-allround-360\\\/\",\"url\":\"https:\\\/\\\/magnetarmagnets.com\\\/cs\\\/shop\\\/detsky-balicek-360-280-kg-easy-allround-360\\\/\",\"name\":\"D\u011btsk\u00fd bal\u00ed\u010dek 360\u00b0 - 280 kg - Easy - Allround 360\u00b0 -\",\"isPartOf\":{\"@id\":\"https:\\\/\\\/magnetarmagnets.com\\\/cs\\\/#website\"},\"primaryImageOfPage\":{\"@id\":\"https:\\\/\\\/magnetarmagnets.com\\\/cs\\\/shop\\\/detsky-balicek-360-280-kg-easy-allround-360\\\/#primaryimage\"},\"image\":{\"@id\":\"https:\\\/\\\/magnetarmagnets.com\\\/cs\\\/shop\\\/detsky-balicek-360-280-kg-easy-allround-360\\\/#primaryimage\"},\"thumbnailUrl\":\"https:\\\/\\\/magnetarmagnets.com\\\/wp-content\\\/uploads\\\/2025\\\/06\\\/easy-360-magnetar-pakket.png\",\"datePublished\":\"2025-06-05T07:53:47+00:00\",\"dateModified\":\"2026-04-11T23:43:37+00:00\",\"description\":\"Magnet fishing pro d\u011bti? Tento sen se st\u00e1v\u00e1 skute\u010dnost\u00ed s Magnetar Easy bal\u00ed\u010dkem. Tento kompletn\u00ed set obsahuje v\u0161e, co pot\u0159ebujete.\",\"breadcrumb\":{\"@id\":\"https:\\\/\\\/magnetarmagnets.com\\\/cs\\\/shop\\\/detsky-balicek-360-280-kg-easy-allround-360\\\/#breadcrumb\"},\"inLanguage\":\"cs\",\"potentialAction\":[{\"@type\":\"ReadAction\",\"target\":[\"https:\\\/\\\/magnetarmagnets.com\\\/cs\\\/shop\\\/detsky-balicek-360-280-kg-easy-allround-360\\\/\"]}]},{\"@type\":\"ImageObject\",\"inLanguage\":\"cs\",\"@id\":\"https:\\\/\\\/magnetarmagnets.com\\\/cs\\\/shop\\\/detsky-balicek-360-280-kg-easy-allround-360\\\/#primaryimage\",\"url\":\"https:\\\/\\\/magnetarmagnets.com\\\/wp-content\\\/uploads\\\/2025\\\/06\\\/easy-360-magnetar-pakket.png\",\"contentUrl\":\"https:\\\/\\\/magnetarmagnets.com\\\/wp-content\\\/uploads\\\/2025\\\/06\\\/easy-360-magnetar-pakket.png\",\"width\":1000,\"height\":1000},{\"@type\":\"BreadcrumbList\",\"@id\":\"https:\\\/\\\/magnetarmagnets.com\\\/cs\\\/shop\\\/detsky-balicek-360-280-kg-easy-allround-360\\\/#breadcrumb\",\"itemListElement\":[{\"@type\":\"ListItem\",\"position\":1,\"name\":\"Home\",\"item\":\"https:\\\/\\\/magnetarmagnets.com\\\/cs\\\/\"},{\"@type\":\"ListItem\",\"position\":2,\"name\":\"Obchod\",\"item\":\"https:\\\/\\\/magnetarmagnets.com\\\/cs\\\/obchod\\\/\"},{\"@type\":\"ListItem\",\"position\":3,\"name\":\"V\u0161echny produkty\",\"item\":\"https:\\\/\\\/magnetarmagnets.com\\\/cs\\\/collections\\\/vsechny-produkty\\\/\"},{\"@type\":\"ListItem\",\"position\":4,\"name\":\"D\u011btsk\u00fd bal\u00ed\u010dek 360\u00b0 &#8211; 280 kg &#8211; Easy &#8211; Allround 360\u00b0\"}]},{\"@type\":\"WebSite\",\"@id\":\"https:\\\/\\\/magnetarmagnets.com\\\/cs\\\/#website\",\"url\":\"https:\\\/\\\/magnetarmagnets.com\\\/cs\\\/\",\"name\":\"Magnet fishing with a Magnetar fishing magnet\",\"description\":\"Siln\u00e9 magnety na magnet fishing\",\"publisher\":{\"@id\":\"https:\\\/\\\/magnetarmagnets.com\\\/cs\\\/#organization\"},\"potentialAction\":[{\"@type\":\"SearchAction\",\"target\":{\"@type\":\"EntryPoint\",\"urlTemplate\":\"https:\\\/\\\/magnetarmagnets.com\\\/cs\\\/?s={search_term_string}\"},\"query-input\":{\"@type\":\"PropertyValueSpecification\",\"valueRequired\":true,\"valueName\":\"search_term_string\"}}],\"inLanguage\":\"cs\"},{\"@type\":\"Organization\",\"@id\":\"https:\\\/\\\/magnetarmagnets.com\\\/cs\\\/#organization\",\"name\":\"Magnetar\",\"url\":\"https:\\\/\\\/magnetarmagnets.com\\\/cs\\\/\",\"logo\":{\"@type\":\"ImageObject\",\"inLanguage\":\"cs\",\"@id\":\"https:\\\/\\\/magnetarmagnets.com\\\/cs\\\/#\\\/schema\\\/logo\\\/image\\\/\",\"url\":\"https:\\\/\\\/magnetarmagnets.com\\\/wp-content\\\/uploads\\\/2025\\\/05\\\/Logo-03_PNG-Black-scaled.png\",\"contentUrl\":\"https:\\\/\\\/magnetarmagnets.com\\\/wp-content\\\/uploads\\\/2025\\\/05\\\/Logo-03_PNG-Black-scaled.png\",\"width\":2560,\"height\":1658,\"caption\":\"Magnetar\"},\"image\":{\"@id\":\"https:\\\/\\\/magnetarmagnets.com\\\/cs\\\/#\\\/schema\\\/logo\\\/image\\\/\"},\"sameAs\":[\"https:\\\/\\\/www.facebook.com\\\/fishingmagnets\\\/\",\"https:\\\/\\\/www.instagram.com\\\/magnetar_magnets\\\/\",\"https:\\\/\\\/www.linkedin.com\\\/company\\\/magnetarbv\\\/?originalSubdomain=nl\",\"https:\\\/\\\/www.youtube.com\\\/c\\\/MagnetarVismagneet\"]}]}<\/script>\n<!-- \/ Yoast SEO plugin. -->","yoast_head_json":{"title":"D\u011btsk\u00fd bal\u00ed\u010dek 360\u00b0 - 280 kg - Easy - Allround 360\u00b0 -","description":"Magnet fishing pro d\u011bti? Tento sen se st\u00e1v\u00e1 skute\u010dnost\u00ed s Magnetar Easy bal\u00ed\u010dkem. Tento kompletn\u00ed set obsahuje v\u0161e, co pot\u0159ebujete.","robots":{"index":"index","follow":"follow","max-snippet":"max-snippet:-1","max-image-preview":"max-image-preview:large","max-video-preview":"max-video-preview:-1"},"canonical":"https:\/\/magnetarmagnets.com\/cs\/shop\/detsky-balicek-360-280-kg-easy-allround-360\/","og_locale":"cs_CZ","og_type":"article","og_title":"D\u011btsk\u00fd bal\u00ed\u010dek 360\u00b0 - 280 kg - Easy - Allround 360\u00b0 -","og_description":"Magnet fishing pro d\u011bti? Tento sen se st\u00e1v\u00e1 skute\u010dnost\u00ed s Magnetar Easy bal\u00ed\u010dkem. Tento kompletn\u00ed set obsahuje v\u0161e, co pot\u0159ebujete.","og_url":"https:\/\/magnetarmagnets.com\/cs\/shop\/detsky-balicek-360-280-kg-easy-allround-360\/","og_site_name":"Magnet fishing with a Magnetar fishing magnet","article_publisher":"https:\/\/www.facebook.com\/fishingmagnets\/","article_modified_time":"2026-04-11T23:43:37+00:00","og_image":[{"width":1000,"height":1000,"url":"https:\/\/magnetarmagnets.com\/wp-content\/uploads\/2025\/06\/easy-360-magnetar-pakket.png","type":"image\/png"}],"twitter_card":"summary_large_image","twitter_misc":{"Odhadovan\u00e1 doba \u010dten\u00ed":"5 minut"},"schema":{"@context":"https:\/\/schema.org","@graph":[{"@type":["WebPage","ItemPage"],"@id":"https:\/\/magnetarmagnets.com\/cs\/shop\/detsky-balicek-360-280-kg-easy-allround-360\/","url":"https:\/\/magnetarmagnets.com\/cs\/shop\/detsky-balicek-360-280-kg-easy-allround-360\/","name":"D\u011btsk\u00fd bal\u00ed\u010dek 360\u00b0 - 280 kg - Easy - Allround 360\u00b0 -","isPartOf":{"@id":"https:\/\/magnetarmagnets.com\/cs\/#website"},"primaryImageOfPage":{"@id":"https:\/\/magnetarmagnets.com\/cs\/shop\/detsky-balicek-360-280-kg-easy-allround-360\/#primaryimage"},"image":{"@id":"https:\/\/magnetarmagnets.com\/cs\/shop\/detsky-balicek-360-280-kg-easy-allround-360\/#primaryimage"},"thumbnailUrl":"https:\/\/magnetarmagnets.com\/wp-content\/uploads\/2025\/06\/easy-360-magnetar-pakket.png","datePublished":"2025-06-05T07:53:47+00:00","dateModified":"2026-04-11T23:43:37+00:00","description":"Magnet fishing pro d\u011bti? Tento sen se st\u00e1v\u00e1 skute\u010dnost\u00ed s Magnetar Easy bal\u00ed\u010dkem. Tento kompletn\u00ed set obsahuje v\u0161e, co pot\u0159ebujete.","breadcrumb":{"@id":"https:\/\/magnetarmagnets.com\/cs\/shop\/detsky-balicek-360-280-kg-easy-allround-360\/#breadcrumb"},"inLanguage":"cs","potentialAction":[{"@type":"ReadAction","target":["https:\/\/magnetarmagnets.com\/cs\/shop\/detsky-balicek-360-280-kg-easy-allround-360\/"]}]},{"@type":"ImageObject","inLanguage":"cs","@id":"https:\/\/magnetarmagnets.com\/cs\/shop\/detsky-balicek-360-280-kg-easy-allround-360\/#primaryimage","url":"https:\/\/magnetarmagnets.com\/wp-content\/uploads\/2025\/06\/easy-360-magnetar-pakket.png","contentUrl":"https:\/\/magnetarmagnets.com\/wp-content\/uploads\/2025\/06\/easy-360-magnetar-pakket.png","width":1000,"height":1000},{"@type":"BreadcrumbList","@id":"https:\/\/magnetarmagnets.com\/cs\/shop\/detsky-balicek-360-280-kg-easy-allround-360\/#breadcrumb","itemListElement":[{"@type":"ListItem","position":1,"name":"Home","item":"https:\/\/magnetarmagnets.com\/cs\/"},{"@type":"ListItem","position":2,"name":"Obchod","item":"https:\/\/magnetarmagnets.com\/cs\/obchod\/"},{"@type":"ListItem","position":3,"name":"V\u0161echny produkty","item":"https:\/\/magnetarmagnets.com\/cs\/collections\/vsechny-produkty\/"},{"@type":"ListItem","position":4,"name":"D\u011btsk\u00fd bal\u00ed\u010dek 360\u00b0 &#8211; 280 kg &#8211; Easy &#8211; Allround 360\u00b0"}]},{"@type":"WebSite","@id":"https:\/\/magnetarmagnets.com\/cs\/#website","url":"https:\/\/magnetarmagnets.com\/cs\/","name":"Magnet fishing with a Magnetar fishing magnet","description":"Siln\u00e9 magnety na magnet fishing","publisher":{"@id":"https:\/\/magnetarmagnets.com\/cs\/#organization"},"potentialAction":[{"@type":"SearchAction","target":{"@type":"EntryPoint","urlTemplate":"https:\/\/magnetarmagnets.com\/cs\/?s={search_term_string}"},"query-input":{"@type":"PropertyValueSpecification","valueRequired":true,"valueName":"search_term_string"}}],"inLanguage":"cs"},{"@type":"Organization","@id":"https:\/\/magnetarmagnets.com\/cs\/#organization","name":"Magnetar","url":"https:\/\/magnetarmagnets.com\/cs\/","logo":{"@type":"ImageObject","inLanguage":"cs","@id":"https:\/\/magnetarmagnets.com\/cs\/#\/schema\/logo\/image\/","url":"https:\/\/magnetarmagnets.com\/wp-content\/uploads\/2025\/05\/Logo-03_PNG-Black-scaled.png","contentUrl":"https:\/\/magnetarmagnets.com\/wp-content\/uploads\/2025\/05\/Logo-03_PNG-Black-scaled.png","width":2560,"height":1658,"caption":"Magnetar"},"image":{"@id":"https:\/\/magnetarmagnets.com\/cs\/#\/schema\/logo\/image\/"},"sameAs":["https:\/\/www.facebook.com\/fishingmagnets\/","https:\/\/www.instagram.com\/magnetar_magnets\/","https:\/\/www.linkedin.com\/company\/magnetarbv\/?originalSubdomain=nl","https:\/\/www.youtube.com\/c\/MagnetarVismagneet"]}]}},"_links":{"self":[{"href":"https:\/\/magnetarmagnets.com\/cs\/wp-json\/wp\/v2\/product\/83267","targetHints":{"allow":["GET"]}}],"collection":[{"href":"https:\/\/magnetarmagnets.com\/cs\/wp-json\/wp\/v2\/product"}],"about":[{"href":"https:\/\/magnetarmagnets.com\/cs\/wp-json\/wp\/v2\/types\/product"}],"replies":[{"embeddable":true,"href":"https:\/\/magnetarmagnets.com\/cs\/wp-json\/wp\/v2\/comments?post=83267"}],"version-history":[{"count":0,"href":"https:\/\/magnetarmagnets.com\/cs\/wp-json\/wp\/v2\/product\/83267\/revisions"}],"wp:featuredmedia":[{"embeddable":true,"href":"https:\/\/magnetarmagnets.com\/cs\/wp-json\/wp\/v2\/media\/81305"}],"wp:attachment":[{"href":"https:\/\/magnetarmagnets.com\/cs\/wp-json\/wp\/v2\/media?parent=83267"}],"wp:term":[{"taxonomy":"product_brand","embeddable":true,"href":"https:\/\/magnetarmagnets.com\/cs\/wp-json\/wp\/v2\/product_brand?post=83267"},{"taxonomy":"product_cat","embeddable":true,"href":"https:\/\/magnetarmagnets.com\/cs\/wp-json\/wp\/v2\/product_cat?post=83267"},{"taxonomy":"product_tag","embeddable":true,"href":"https:\/\/magnetarmagnets.com\/cs\/wp-json\/wp\/v2\/product_tag?post=83267"}],"curies":[{"name":"wp","href":"https:\/\/api.w.org\/{rel}","templated":true}]}}