{"id":83266,"date":"2025-06-05T09:53:48","date_gmt":"2025-06-05T07:53:48","guid":{"rendered":"https:\/\/magnetarmagnets.com\/?post_type=product&#038;p=83266"},"modified":"2026-04-03T06:22:58","modified_gmt":"2026-04-03T04:22:58","slug":"magneticka-smetackova-metla","status":"publish","type":"product","link":"https:\/\/magnetarmagnets.com\/cs\/shop\/magneticka-smetackova-metla\/","title":{"rendered":"Magnetick\u00e1 smet\u00e1\u010dkov\u00e1 metla"},"content":{"rendered":"<h2>Magnet na kole\u010dk\u00e1ch<\/h2>\r\nTento magnet na kole\u010dk\u00e1ch je nepostradateln\u00fd v ka\u017ed\u00e9 d\u00edln\u011b! Snadno seberete \u0161rouby, matice a h\u0159eb\u00edky, ani\u017e byste zat\u011b\u017eovali z\u00e1da. Rychle odstran\u00edte \u017eelezo a jin\u00e9 kovy z pracovn\u00edho prostoru, chodn\u00edku, tr\u00e1vn\u00edku i parkovi\u0161t\u011b.\r\n\r\nPraktick\u00e1 magnetick\u00e1 smet\u00e1\u010dkov\u00e1 metla na kole\u010dk\u00e1ch je vybavena trval\u00fdm magnetem, d\u00edky kter\u00e9mu m\u016f\u017eete ihned za\u010d\u00edt sb\u00edrat magnetick\u00e9 p\u0159edm\u011bty. Magnetick\u00e1 metla m\u00e1 kole\u010dka a teleskopickou rukoje\u0165, co\u017e zaji\u0161\u0165uje co nejplynulej\u0161\u00ed zamet\u00e1n\u00ed.\r\n<h2>Magnetick\u00e1 smet\u00e1\u010dkov\u00e1 metla pro ka\u017edou d\u00edlnu<\/h2>\r\nMagnetick\u00e1 metla snadno sb\u00edr\u00e1 odpadky ze zem\u011b, jako jsou \u0161rouby, h\u0159eb\u00edky, piliny, t\u0159\u00edsky, pivn\u00ed uz\u00e1v\u011bry a dr\u017e\u00ed je v nerezov\u00e9m ko\u0161i. Po dokon\u010den\u00ed m\u016f\u017eete magnet zvednout pomoc\u00ed rukojeti, \u010d\u00edm\u017e magnetick\u00e1 metla v\u0161e vysype na po\u017eadovan\u00e9 m\u00edsto.\r\n<h2>Magnet pro kutila<\/h2>\r\nMagnetick\u00e1 smet\u00e1\u010dkov\u00e1 metla je ide\u00e1ln\u00edm n\u00e1strojem pro \u00faklid va\u0161\u00ed d\u00edlny, sportovn\u00edho h\u0159i\u0161t\u011b, skladovac\u00edch prostor a parkovi\u0161\u0165 od ne\u017e\u00e1douc\u00edch magnetick\u00fdch materi\u00e1l\u016f. Siln\u00fd magnet, kter\u00fd ka\u017ed\u00fd kutil pot\u0159ebuje!\r\n\r\n<strong>\u0160\u00ed\u0159ka magnetu na kole\u010dk\u00e1ch:<\/strong>\r\n\r\n<a href=\"https:\/\/magnetarmagnets.com\/?post_type=product&amp;p=52751&amp;preview=true\">45 cm \/ 18 palc\u016f<\/a>,\u00a0 <a href=\"https:\/\/magnetarmagnets.com\/shop\/magnet-on-wheels-short\/\">60 cm \/ 24 palc\u016f<\/a> nebo <a href=\"https:\/\/magnetarmagnets.com\/shop\/magnet-on-wheels-long\/\">90 cm \/ 36 palc\u016f<\/a>\r\n<h2>Dal\u0161\u00ed magnety pro kutily<\/h2>\r\nPod\u00edvejte se na n\u00e1\u0161 <a href=\"https:\/\/magnetarmagnets.com\/shop\/magnetic-tool-holder\/\">Magnetick\u00fd dr\u017e\u00e1k n\u00e1stroj\u016f<\/a>! Tyto multifunk\u010dn\u00ed z\u00e1v\u011bsn\u00e9 h\u00e1\u010dky jsou praktick\u00e9 a v\u0161estrann\u00e9. M\u016f\u017eete na n\u011b zav\u011bsit t\u00e9m\u011b\u0159 cokoli z \u017eeleza. Nap\u0159\u00edklad n\u00e1stroje, zahradn\u00ed n\u00e1\u0159ad\u00ed, p\u00e1nve, h\u0159eb\u00edky&#8230; Magnety s h\u00e1\u010dkem maj\u00ed ta\u017enou s\u00edlu 25 kg! Tyto neodymov\u00e9 magnety maj\u00ed magnetiza\u010dn\u00ed stupe\u0148 N50, co\u017e je \u010din\u00ed je\u0161t\u011b siln\u011bj\u0161\u00edmi ne\u017e d\u0159\u00edve.","protected":false},"excerpt":{"rendered":"<p><span style=\"font-weight: 400;\">Magnetick\u00e1 smet\u00e1\u010dkov\u00e1 metla je <strong>ide\u00e1ln\u00edm n\u00e1strojem<\/strong> pro <strong>\u00faklid va\u0161\u00ed d\u00edlny, sportovn\u00edho h\u0159i\u0161t\u011b, skladovac\u00edch prostor a parkovi\u0161\u0165<\/strong> od ne\u017e\u00e1douc\u00edch magnetick\u00fdch materi\u00e1l\u016f.<\/span><\/p>\n","protected":false},"featured_media":77683,"comment_status":"open","ping_status":"closed","template":"","meta":{"_acf_changed":false,"inline_featured_image":false},"product_brand":[],"product_cat":[617,567,613,571,609,563],"product_tag":[],"class_list":{"0":"post-83266","1":"product","2":"type-product","3":"status-publish","4":"has-post-thumbnail","6":"product_cat-annet","7":"product_cat-magneticke-doplnky","8":"product_cat-magnetiske-tilbehor","9":"product_cat-ostatni","10":"product_cat-utstyr","11":"product_cat-vybaveni","13":"first","14":"instock","15":"taxable","16":"shipping-taxable","17":"purchasable","18":"product-type-variable"},"acf":[],"yoast_head":"<!-- This site is optimized with the Yoast SEO plugin v27.3 - https:\/\/yoast.com\/product\/yoast-seo-wordpress\/ -->\n<title>Magnetick\u00e1 smet\u00e1\u010dkov\u00e1 metla - Magnet fishing with a Magnetar fishing magnet<\/title>\n<meta name=\"description\" content=\"Magnetick\u00e1 smet\u00e1\u010dkov\u00e1 metla - Nezbytn\u00fd \u010distic\u00ed n\u00e1stroj od Magnetar\" \/>\n<meta name=\"robots\" content=\"index, follow, max-snippet:-1, max-image-preview:large, max-video-preview:-1\" \/>\n<link rel=\"canonical\" href=\"https:\/\/magnetarmagnets.com\/cs\/shop\/magneticka-smetackova-metla\/\" \/>\n<meta property=\"og:locale\" content=\"cs_CZ\" \/>\n<meta property=\"og:type\" content=\"article\" \/>\n<meta property=\"og:title\" content=\"Magnetick\u00e1 smet\u00e1\u010dkov\u00e1 metla - Magnet fishing with a Magnetar fishing magnet\" \/>\n<meta property=\"og:description\" content=\"Magnetick\u00e1 smet\u00e1\u010dkov\u00e1 metla - Nezbytn\u00fd \u010distic\u00ed n\u00e1stroj od Magnetar\" \/>\n<meta property=\"og:url\" content=\"https:\/\/magnetarmagnets.com\/cs\/shop\/magneticka-smetackova-metla\/\" \/>\n<meta property=\"og:site_name\" content=\"Magnet fishing with a Magnetar fishing magnet\" \/>\n<meta property=\"article:publisher\" content=\"https:\/\/www.facebook.com\/fishingmagnets\/\" \/>\n<meta property=\"article:modified_time\" content=\"2026-04-03T04:22:58+00:00\" \/>\n<meta property=\"og:image\" content=\"https:\/\/magnetarmagnets.com\/wp-content\/uploads\/2020\/10\/FOTO3200.jpg\" \/>\n\t<meta property=\"og:image:width\" content=\"1000\" \/>\n\t<meta property=\"og:image:height\" content=\"1000\" \/>\n\t<meta property=\"og:image:type\" content=\"image\/jpeg\" \/>\n<meta name=\"twitter:card\" content=\"summary_large_image\" \/>\n<meta name=\"twitter:label1\" content=\"Odhadovan\u00e1 doba \u010dten\u00ed\" \/>\n\t<meta name=\"twitter:data1\" content=\"2 minuty\" \/>\n<script type=\"application\/ld+json\" class=\"yoast-schema-graph\">{\"@context\":\"https:\\\/\\\/schema.org\",\"@graph\":[{\"@type\":[\"WebPage\",\"ItemPage\"],\"@id\":\"https:\\\/\\\/magnetarmagnets.com\\\/cs\\\/shop\\\/magneticka-smetackova-metla\\\/\",\"url\":\"https:\\\/\\\/magnetarmagnets.com\\\/cs\\\/shop\\\/magneticka-smetackova-metla\\\/\",\"name\":\"Magnetick\u00e1 smet\u00e1\u010dkov\u00e1 metla - Magnet fishing with a Magnetar fishing magnet\",\"isPartOf\":{\"@id\":\"https:\\\/\\\/magnetarmagnets.com\\\/cs\\\/#website\"},\"primaryImageOfPage\":{\"@id\":\"https:\\\/\\\/magnetarmagnets.com\\\/cs\\\/shop\\\/magneticka-smetackova-metla\\\/#primaryimage\"},\"image\":{\"@id\":\"https:\\\/\\\/magnetarmagnets.com\\\/cs\\\/shop\\\/magneticka-smetackova-metla\\\/#primaryimage\"},\"thumbnailUrl\":\"https:\\\/\\\/magnetarmagnets.com\\\/wp-content\\\/uploads\\\/2020\\\/10\\\/FOTO3200.jpg\",\"datePublished\":\"2025-06-05T07:53:48+00:00\",\"dateModified\":\"2026-04-03T04:22:58+00:00\",\"description\":\"Magnetick\u00e1 smet\u00e1\u010dkov\u00e1 metla - Nezbytn\u00fd \u010distic\u00ed n\u00e1stroj od Magnetar\",\"breadcrumb\":{\"@id\":\"https:\\\/\\\/magnetarmagnets.com\\\/cs\\\/shop\\\/magneticka-smetackova-metla\\\/#breadcrumb\"},\"inLanguage\":\"cs\",\"potentialAction\":[{\"@type\":\"ReadAction\",\"target\":[\"https:\\\/\\\/magnetarmagnets.com\\\/cs\\\/shop\\\/magneticka-smetackova-metla\\\/\"]}]},{\"@type\":\"ImageObject\",\"inLanguage\":\"cs\",\"@id\":\"https:\\\/\\\/magnetarmagnets.com\\\/cs\\\/shop\\\/magneticka-smetackova-metla\\\/#primaryimage\",\"url\":\"https:\\\/\\\/magnetarmagnets.com\\\/wp-content\\\/uploads\\\/2020\\\/10\\\/FOTO3200.jpg\",\"contentUrl\":\"https:\\\/\\\/magnetarmagnets.com\\\/wp-content\\\/uploads\\\/2020\\\/10\\\/FOTO3200.jpg\",\"width\":1000,\"height\":1000,\"caption\":\"Magnet on wheels\"},{\"@type\":\"BreadcrumbList\",\"@id\":\"https:\\\/\\\/magnetarmagnets.com\\\/cs\\\/shop\\\/magneticka-smetackova-metla\\\/#breadcrumb\",\"itemListElement\":[{\"@type\":\"ListItem\",\"position\":1,\"name\":\"Home\",\"item\":\"https:\\\/\\\/magnetarmagnets.com\\\/cs\\\/\"},{\"@type\":\"ListItem\",\"position\":2,\"name\":\"Obchod\",\"item\":\"https:\\\/\\\/magnetarmagnets.com\\\/obchod\\\/\"},{\"@type\":\"ListItem\",\"position\":3,\"name\":\"Ostatn\u00ed\",\"item\":\"https:\\\/\\\/magnetarmagnets.com\\\/cs\\\/collections\\\/ostatni\\\/\"},{\"@type\":\"ListItem\",\"position\":4,\"name\":\"Magnetick\u00e1 smet\u00e1\u010dkov\u00e1 metla\"}]},{\"@type\":\"WebSite\",\"@id\":\"https:\\\/\\\/magnetarmagnets.com\\\/cs\\\/#website\",\"url\":\"https:\\\/\\\/magnetarmagnets.com\\\/cs\\\/\",\"name\":\"Magnet fishing with a Magnetar fishing magnet\",\"description\":\"Siln\u00e9 magnety na magnet fishing\",\"publisher\":{\"@id\":\"https:\\\/\\\/magnetarmagnets.com\\\/cs\\\/#organization\"},\"potentialAction\":[{\"@type\":\"SearchAction\",\"target\":{\"@type\":\"EntryPoint\",\"urlTemplate\":\"https:\\\/\\\/magnetarmagnets.com\\\/cs\\\/?s={search_term_string}\"},\"query-input\":{\"@type\":\"PropertyValueSpecification\",\"valueRequired\":true,\"valueName\":\"search_term_string\"}}],\"inLanguage\":\"cs\"},{\"@type\":\"Organization\",\"@id\":\"https:\\\/\\\/magnetarmagnets.com\\\/cs\\\/#organization\",\"name\":\"Magnetar\",\"url\":\"https:\\\/\\\/magnetarmagnets.com\\\/cs\\\/\",\"logo\":{\"@type\":\"ImageObject\",\"inLanguage\":\"cs\",\"@id\":\"https:\\\/\\\/magnetarmagnets.com\\\/cs\\\/#\\\/schema\\\/logo\\\/image\\\/\",\"url\":\"https:\\\/\\\/magnetarmagnets.com\\\/wp-content\\\/uploads\\\/2025\\\/05\\\/Logo-03_PNG-Black-scaled.png\",\"contentUrl\":\"https:\\\/\\\/magnetarmagnets.com\\\/wp-content\\\/uploads\\\/2025\\\/05\\\/Logo-03_PNG-Black-scaled.png\",\"width\":2560,\"height\":1658,\"caption\":\"Magnetar\"},\"image\":{\"@id\":\"https:\\\/\\\/magnetarmagnets.com\\\/cs\\\/#\\\/schema\\\/logo\\\/image\\\/\"},\"sameAs\":[\"https:\\\/\\\/www.facebook.com\\\/fishingmagnets\\\/\",\"https:\\\/\\\/www.instagram.com\\\/magnetar_magnets\\\/\",\"https:\\\/\\\/www.linkedin.com\\\/company\\\/magnetarbv\\\/?originalSubdomain=nl\",\"https:\\\/\\\/www.youtube.com\\\/c\\\/MagnetarVismagneet\"]}]}<\/script>\n<!-- \/ Yoast SEO plugin. -->","yoast_head_json":{"title":"Magnetick\u00e1 smet\u00e1\u010dkov\u00e1 metla - Magnet fishing with a Magnetar fishing magnet","description":"Magnetick\u00e1 smet\u00e1\u010dkov\u00e1 metla - Nezbytn\u00fd \u010distic\u00ed n\u00e1stroj od Magnetar","robots":{"index":"index","follow":"follow","max-snippet":"max-snippet:-1","max-image-preview":"max-image-preview:large","max-video-preview":"max-video-preview:-1"},"canonical":"https:\/\/magnetarmagnets.com\/cs\/shop\/magneticka-smetackova-metla\/","og_locale":"cs_CZ","og_type":"article","og_title":"Magnetick\u00e1 smet\u00e1\u010dkov\u00e1 metla - Magnet fishing with a Magnetar fishing magnet","og_description":"Magnetick\u00e1 smet\u00e1\u010dkov\u00e1 metla - Nezbytn\u00fd \u010distic\u00ed n\u00e1stroj od Magnetar","og_url":"https:\/\/magnetarmagnets.com\/cs\/shop\/magneticka-smetackova-metla\/","og_site_name":"Magnet fishing with a Magnetar fishing magnet","article_publisher":"https:\/\/www.facebook.com\/fishingmagnets\/","article_modified_time":"2026-04-03T04:22:58+00:00","og_image":[{"width":1000,"height":1000,"url":"https:\/\/magnetarmagnets.com\/wp-content\/uploads\/2020\/10\/FOTO3200.jpg","type":"image\/jpeg"}],"twitter_card":"summary_large_image","twitter_misc":{"Odhadovan\u00e1 doba \u010dten\u00ed":"2 minuty"},"schema":{"@context":"https:\/\/schema.org","@graph":[{"@type":["WebPage","ItemPage"],"@id":"https:\/\/magnetarmagnets.com\/cs\/shop\/magneticka-smetackova-metla\/","url":"https:\/\/magnetarmagnets.com\/cs\/shop\/magneticka-smetackova-metla\/","name":"Magnetick\u00e1 smet\u00e1\u010dkov\u00e1 metla - Magnet fishing with a Magnetar fishing magnet","isPartOf":{"@id":"https:\/\/magnetarmagnets.com\/cs\/#website"},"primaryImageOfPage":{"@id":"https:\/\/magnetarmagnets.com\/cs\/shop\/magneticka-smetackova-metla\/#primaryimage"},"image":{"@id":"https:\/\/magnetarmagnets.com\/cs\/shop\/magneticka-smetackova-metla\/#primaryimage"},"thumbnailUrl":"https:\/\/magnetarmagnets.com\/wp-content\/uploads\/2020\/10\/FOTO3200.jpg","datePublished":"2025-06-05T07:53:48+00:00","dateModified":"2026-04-03T04:22:58+00:00","description":"Magnetick\u00e1 smet\u00e1\u010dkov\u00e1 metla - Nezbytn\u00fd \u010distic\u00ed n\u00e1stroj od Magnetar","breadcrumb":{"@id":"https:\/\/magnetarmagnets.com\/cs\/shop\/magneticka-smetackova-metla\/#breadcrumb"},"inLanguage":"cs","potentialAction":[{"@type":"ReadAction","target":["https:\/\/magnetarmagnets.com\/cs\/shop\/magneticka-smetackova-metla\/"]}]},{"@type":"ImageObject","inLanguage":"cs","@id":"https:\/\/magnetarmagnets.com\/cs\/shop\/magneticka-smetackova-metla\/#primaryimage","url":"https:\/\/magnetarmagnets.com\/wp-content\/uploads\/2020\/10\/FOTO3200.jpg","contentUrl":"https:\/\/magnetarmagnets.com\/wp-content\/uploads\/2020\/10\/FOTO3200.jpg","width":1000,"height":1000,"caption":"Magnet on wheels"},{"@type":"BreadcrumbList","@id":"https:\/\/magnetarmagnets.com\/cs\/shop\/magneticka-smetackova-metla\/#breadcrumb","itemListElement":[{"@type":"ListItem","position":1,"name":"Home","item":"https:\/\/magnetarmagnets.com\/cs\/"},{"@type":"ListItem","position":2,"name":"Obchod","item":"https:\/\/magnetarmagnets.com\/obchod\/"},{"@type":"ListItem","position":3,"name":"Ostatn\u00ed","item":"https:\/\/magnetarmagnets.com\/cs\/collections\/ostatni\/"},{"@type":"ListItem","position":4,"name":"Magnetick\u00e1 smet\u00e1\u010dkov\u00e1 metla"}]},{"@type":"WebSite","@id":"https:\/\/magnetarmagnets.com\/cs\/#website","url":"https:\/\/magnetarmagnets.com\/cs\/","name":"Magnet fishing with a Magnetar fishing magnet","description":"Siln\u00e9 magnety na magnet fishing","publisher":{"@id":"https:\/\/magnetarmagnets.com\/cs\/#organization"},"potentialAction":[{"@type":"SearchAction","target":{"@type":"EntryPoint","urlTemplate":"https:\/\/magnetarmagnets.com\/cs\/?s={search_term_string}"},"query-input":{"@type":"PropertyValueSpecification","valueRequired":true,"valueName":"search_term_string"}}],"inLanguage":"cs"},{"@type":"Organization","@id":"https:\/\/magnetarmagnets.com\/cs\/#organization","name":"Magnetar","url":"https:\/\/magnetarmagnets.com\/cs\/","logo":{"@type":"ImageObject","inLanguage":"cs","@id":"https:\/\/magnetarmagnets.com\/cs\/#\/schema\/logo\/image\/","url":"https:\/\/magnetarmagnets.com\/wp-content\/uploads\/2025\/05\/Logo-03_PNG-Black-scaled.png","contentUrl":"https:\/\/magnetarmagnets.com\/wp-content\/uploads\/2025\/05\/Logo-03_PNG-Black-scaled.png","width":2560,"height":1658,"caption":"Magnetar"},"image":{"@id":"https:\/\/magnetarmagnets.com\/cs\/#\/schema\/logo\/image\/"},"sameAs":["https:\/\/www.facebook.com\/fishingmagnets\/","https:\/\/www.instagram.com\/magnetar_magnets\/","https:\/\/www.linkedin.com\/company\/magnetarbv\/?originalSubdomain=nl","https:\/\/www.youtube.com\/c\/MagnetarVismagneet"]}]}},"_links":{"self":[{"href":"https:\/\/magnetarmagnets.com\/cs\/wp-json\/wp\/v2\/product\/83266","targetHints":{"allow":["GET"]}}],"collection":[{"href":"https:\/\/magnetarmagnets.com\/cs\/wp-json\/wp\/v2\/product"}],"about":[{"href":"https:\/\/magnetarmagnets.com\/cs\/wp-json\/wp\/v2\/types\/product"}],"replies":[{"embeddable":true,"href":"https:\/\/magnetarmagnets.com\/cs\/wp-json\/wp\/v2\/comments?post=83266"}],"version-history":[{"count":0,"href":"https:\/\/magnetarmagnets.com\/cs\/wp-json\/wp\/v2\/product\/83266\/revisions"}],"wp:featuredmedia":[{"embeddable":true,"href":"https:\/\/magnetarmagnets.com\/cs\/wp-json\/wp\/v2\/media\/77683"}],"wp:attachment":[{"href":"https:\/\/magnetarmagnets.com\/cs\/wp-json\/wp\/v2\/media?parent=83266"}],"wp:term":[{"taxonomy":"product_brand","embeddable":true,"href":"https:\/\/magnetarmagnets.com\/cs\/wp-json\/wp\/v2\/product_brand?post=83266"},{"taxonomy":"product_cat","embeddable":true,"href":"https:\/\/magnetarmagnets.com\/cs\/wp-json\/wp\/v2\/product_cat?post=83266"},{"taxonomy":"product_tag","embeddable":true,"href":"https:\/\/magnetarmagnets.com\/cs\/wp-json\/wp\/v2\/product_tag?post=83266"}],"curies":[{"name":"wp","href":"https:\/\/api.w.org\/{rel}","templated":true}]}}